{"id":3552,"date":"2019-07-16T22:40:27","date_gmt":"2019-07-16T20:40:27","guid":{"rendered":"https:\/\/greenspells.com\/?post_type=product&#038;p=3552"},"modified":"2019-08-01T21:21:08","modified_gmt":"2019-08-01T19:21:08","slug":"dr-bronner-pure-castile-liquid-soap-baby-mild-unscented-240-ml","status":"publish","type":"product","link":"https:\/\/greenspells.com\/lt\/produktas\/dr-bronner-pure-castile-liquid-soap-baby-mild-unscented-240-ml\/","title":{"rendered":"DR. BRONNER <br> Skystas muilas\/du\u0161o \u017eel\u0117, BABY-MILD (bekvapis), 240 ml"},"content":{"rendered":"<p>Idealiai tinka prausti veid\u0105, rankas ir k\u016bn\u0105, puikiai nuplauna makia\u017e\u0105, \u0161velniai dr\u0117kina ir maitina od\u0105. Pagamintas tik i\u0161 ekologi\u0161k\u0173 sertifikuot\u0173 aliej\u0173. Draugi\u0161kas aplinkai!<\/p>\n<p>Be kvap\u0173, su dvigubu alyvuogi\u0173 aliejaus kiekiu, tinka tiek jautriai odai, tiek k\u016bdikiams. M\u016bs\u0173 Baby-Maild (bekvapis) skystas muilas yra koncentruotas, suyrantis gamtoje, universalus ir efektyvus, pagamintas i\u0161 ekologi\u0161k\u0173 sertifikuot\u0173 s\u0105\u017einingos prekybos ingredient\u0173. Perdirbto plastiko pakuot\u0117je.<\/p>\n<div class=\"block-title\"><em><strong>Kaip naudoti?<\/strong><\/em><\/div>\n<div><\/div>\n<div class=\"block-content\">Suteikite did\u017eiausi\u0105 palaim\u0105 jautriai, sausai, \u0161iurk\u0161\u010diai, odai \u2013 rankoms, veidui, k\u016bnui \u2013 viskam!\n\nEkologi\u0161kas simondsij\u0173 aliejus gydo ir stangrina, ekologi\u0161kas kokos\u0173 aliejus dr\u0117kina, ekologi\u0161kas kanapi\u0173 aliejus suteikia odai glotnumo ir elastingumo, eteriniai aliejai d\u017eiugina dvasi\u0105. U\u017eteks nedidelio kiekio! Naudokite kaip k\u016bno prausikl\u012f, skiesdami plaukite plaukus, valykite dantis, naudokite vietoj skutimosi put\u0173, po darbo dienos mirkykite kojas, nedidel\u012f kiek\u012f pasiimkite su savimi \u012f kelion\u0119 tobulai k\u016bno prie\u017ei\u016brai.\n\nD\u017eiaukit\u0117s ekologi\u0161kais namais!\n \nStebuklingu Dr.Bronners muilu plaukite indus, valykite pavir\u0161ius, langus, naudokite indaplov\u0117je ir skalbkite, plaukite grindis, prauskite naminius gyv\u016bn\u0117lius, pur\u0161kite augalus nuo kenk\u0117j\u0173, dezinfekuokite dar\u017eoves ir vaisius \u2013 viskas spind\u0117s \u0161vara ir gaiva.<\/div>\n<div><\/div>\n<hr \/>\n<h4><strong>KAS VIDUJE?<\/strong><\/h4>\n<div><em><strong>Sud\u0117tis:<\/strong><\/em><\/div>\n<div>Water, Organic Coconut Oil*, Potassium Hydroxide**, Organic Palm Kernel Oil*, Organic Olive Oil*, Organic Hemp Oil, Organic Jojoba Oil, Citric Acid, Tocopherol<br \/>\n*CERTIFIED FAIR TRADE INGREDIENTS<br \/>\n**None remains after saponifying oils into soap &amp; glycerin.<\/div>","protected":false},"excerpt":{"rendered":"<p>Great for face, body, hair wash\u2014 even for food, dishes, mopping, pets wash\u2014the best for human, home and Earth! With no added fragrance and double the olive oil, our Baby Unscented Pure-Castile Liquid Soap is good for sensitive skin &amp; babies too (though not tear-free!). Dr. Bronner&#8217;s soap is concentrated, biodegradable, versatile and effective. Made [&hellip;]<\/p>","protected":false},"featured_media":3545,"comment_status":"open","ping_status":"closed","template":"","meta":{"content-type":"","_monsterinsights_skip_tracking":false,"_monsterinsights_sitenote_active":false,"_monsterinsights_sitenote_note":"","_monsterinsights_sitenote_category":0,"_uf_show_specific_survey":0,"_uf_disable_surveys":false},"product_brand":[],"product_cat":[137,140,136,15],"product_tag":[125,79,84,166,168,167,21,169],"class_list":{"0":"post-3552","1":"product","2":"type-product","3":"status-publish","4":"has-post-thumbnail","6":"product_cat-bath-and-body","7":"product_cat-shower-and-bath","8":"product_cat-kids","9":"product_cat-all-products","10":"product_tag-baby","11":"product_tag-body-wash","12":"product_tag-face-wash","13":"product_tag-liquid-soap","14":"product_tag-mild","15":"product_tag-multiuse","16":"product_tag-organic","17":"product_tag-unscented","19":"first","20":"instock","21":"taxable","22":"shipping-taxable","23":"purchasable","24":"product-type-simple"},"bundled_by":[],"bundle_stock_status":"instock","bundle_stock_quantity":null,"bundle_virtual":false,"bundle_layout":"","bundle_add_to_cart_form_location":"","bundle_editable_in_cart":false,"bundle_sold_individually_context":"","bundle_item_grouping":"","bundle_min_size":"","bundle_max_size":"","bundle_price":[],"bundled_items":[],"bundle_sell_ids":[],"group_of_quantity":0,"min_quantity":0,"max_quantity":"","exclude_order_quantity_value_rules":"no","exclude_category_quantity_rules":"no","combine_variations":"no","exclude_global_add_ons":[],"addons":[],"yoast_head":"<!-- This site is optimized with the Yoast SEO plugin v27.3 - https:\/\/yoast.com\/product\/yoast-seo-wordpress\/ -->\n<title>DR. BRONNER  Pure-Castile LIQUID SOAP, Baby-mild (unscented), 240 ml - Greenspells<\/title>\n<meta name=\"description\" content=\"DR. BRONNER&#039;S Pure-Castile liquid soap is great for face, body, hair\u2014food, dishes, mopping, pets\u2014the best for human, home and Earth!\" \/>\n<meta name=\"robots\" content=\"index, follow, max-snippet:-1, max-image-preview:large, max-video-preview:-1\" \/>\n<link rel=\"canonical\" href=\"https:\/\/greenspells.com\/lt\/produktas\/dr-bronner-pure-castile-liquid-soap-baby-mild-unscented-240-ml\/\" \/>\n<meta property=\"og:locale\" content=\"lt_LT\" \/>\n<meta property=\"og:type\" content=\"article\" \/>\n<meta property=\"og:title\" content=\"DR. BRONNER  Pure-Castile LIQUID SOAP, Baby-mild (unscented), 240 ml - Greenspells\" \/>\n<meta property=\"og:description\" content=\"DR. BRONNER&#039;S Pure-Castile liquid soap is great for face, body, hair\u2014food, dishes, mopping, pets\u2014the best for human, home and Earth!\" \/>\n<meta property=\"og:url\" content=\"https:\/\/greenspells.com\/lt\/produktas\/dr-bronner-pure-castile-liquid-soap-baby-mild-unscented-240-ml\/\" \/>\n<meta property=\"og:site_name\" content=\"Greenspells\" \/>\n<meta property=\"article:publisher\" content=\"https:\/\/www.facebook.com\/Greenspells\" \/>\n<meta property=\"article:modified_time\" content=\"2019-08-01T19:21:08+00:00\" \/>\n<meta property=\"og:image\" content=\"https:\/\/i0.wp.com\/greenspells.com\/wp-content\/uploads\/2019\/07\/Skystas-muilas-Baby-Mild-Dr.Bronner-510x510.png?fit=510%2C510&ssl=1\" \/>\n\t<meta property=\"og:image:width\" content=\"510\" \/>\n\t<meta property=\"og:image:height\" content=\"510\" \/>\n\t<meta property=\"og:image:type\" content=\"image\/png\" \/>\n<meta name=\"twitter:card\" content=\"summary_large_image\" \/>\n<meta name=\"twitter:label1\" content=\"Est. reading time\" \/>\n\t<meta name=\"twitter:data1\" content=\"1 minut\u0117\" \/>\n<script type=\"application\/ld+json\" class=\"yoast-schema-graph\">{\"@context\":\"https:\\\/\\\/schema.org\",\"@graph\":[{\"@type\":\"WebPage\",\"@id\":\"https:\\\/\\\/greenspells.com\\\/product\\\/dr-bronner-pure-castile-liquid-soap-baby-mild-unscented-240-ml\\\/\",\"url\":\"https:\\\/\\\/greenspells.com\\\/product\\\/dr-bronner-pure-castile-liquid-soap-baby-mild-unscented-240-ml\\\/\",\"name\":\"DR. BRONNER Pure-Castile LIQUID SOAP, Baby-mild (unscented), 240 ml - Greenspells\",\"isPartOf\":{\"@id\":\"https:\\\/\\\/greenspells.com\\\/#website\"},\"primaryImageOfPage\":{\"@id\":\"https:\\\/\\\/greenspells.com\\\/product\\\/dr-bronner-pure-castile-liquid-soap-baby-mild-unscented-240-ml\\\/#primaryimage\"},\"image\":{\"@id\":\"https:\\\/\\\/greenspells.com\\\/product\\\/dr-bronner-pure-castile-liquid-soap-baby-mild-unscented-240-ml\\\/#primaryimage\"},\"thumbnailUrl\":\"https:\\\/\\\/i0.wp.com\\\/greenspells.com\\\/wp-content\\\/uploads\\\/2019\\\/07\\\/Skystas-muilas-Baby-Mild-Dr.Bronner-510x510.png?fit=510%2C510&ssl=1\",\"datePublished\":\"2019-07-16T20:40:27+00:00\",\"dateModified\":\"2019-08-01T19:21:08+00:00\",\"description\":\"DR. BRONNER'S Pure-Castile liquid soap is great for face, body, hair\u2014food, dishes, mopping, pets\u2014the best for human, home and Earth!\",\"breadcrumb\":{\"@id\":\"https:\\\/\\\/greenspells.com\\\/product\\\/dr-bronner-pure-castile-liquid-soap-baby-mild-unscented-240-ml\\\/#breadcrumb\"},\"inLanguage\":\"lt-LT\",\"potentialAction\":[{\"@type\":\"ReadAction\",\"target\":[\"https:\\\/\\\/greenspells.com\\\/product\\\/dr-bronner-pure-castile-liquid-soap-baby-mild-unscented-240-ml\\\/\"]}]},{\"@type\":\"ImageObject\",\"inLanguage\":\"lt-LT\",\"@id\":\"https:\\\/\\\/greenspells.com\\\/product\\\/dr-bronner-pure-castile-liquid-soap-baby-mild-unscented-240-ml\\\/#primaryimage\",\"url\":\"https:\\\/\\\/i0.wp.com\\\/greenspells.com\\\/wp-content\\\/uploads\\\/2019\\\/07\\\/Skystas-muilas-Baby-Mild-Dr.Bronner-510x510.png?fit=510%2C510&ssl=1\",\"contentUrl\":\"https:\\\/\\\/i0.wp.com\\\/greenspells.com\\\/wp-content\\\/uploads\\\/2019\\\/07\\\/Skystas-muilas-Baby-Mild-Dr.Bronner-510x510.png?fit=510%2C510&ssl=1\",\"width\":510,\"height\":510},{\"@type\":\"BreadcrumbList\",\"@id\":\"https:\\\/\\\/greenspells.com\\\/product\\\/dr-bronner-pure-castile-liquid-soap-baby-mild-unscented-240-ml\\\/#breadcrumb\",\"itemListElement\":[{\"@type\":\"ListItem\",\"position\":1,\"name\":\"Home\",\"item\":\"https:\\\/\\\/greenspells.com\\\/\"},{\"@type\":\"ListItem\",\"position\":2,\"name\":\"Shop\",\"item\":\"https:\\\/\\\/greenspells.com\\\/shop\\\/\"},{\"@type\":\"ListItem\",\"position\":3,\"name\":\"DR. BRONNER Pure-Castile LIQUID SOAP, Baby-mild (unscented), 240 ml\"}]},{\"@type\":\"WebSite\",\"@id\":\"https:\\\/\\\/greenspells.com\\\/#website\",\"url\":\"https:\\\/\\\/greenspells.com\\\/\",\"name\":\"Greenspells\",\"description\":\"Nat\u016brali ir ekologi\u0161ka kosmetika\",\"publisher\":{\"@id\":\"https:\\\/\\\/greenspells.com\\\/#organization\"},\"potentialAction\":[{\"@type\":\"SearchAction\",\"target\":{\"@type\":\"EntryPoint\",\"urlTemplate\":\"https:\\\/\\\/greenspells.com\\\/?s={search_term_string}\"},\"query-input\":{\"@type\":\"PropertyValueSpecification\",\"valueRequired\":true,\"valueName\":\"search_term_string\"}}],\"inLanguage\":\"lt-LT\"},{\"@type\":\"Organization\",\"@id\":\"https:\\\/\\\/greenspells.com\\\/#organization\",\"name\":\"Greenspells\",\"url\":\"https:\\\/\\\/greenspells.com\\\/\",\"logo\":{\"@type\":\"ImageObject\",\"inLanguage\":\"lt-LT\",\"@id\":\"https:\\\/\\\/greenspells.com\\\/#\\\/schema\\\/logo\\\/image\\\/\",\"url\":\"https:\\\/\\\/i0.wp.com\\\/greenspells.com\\\/wp-content\\\/uploads\\\/2020\\\/09\\\/20200722_153424_0000.png?fit=1500%2C1500&ssl=1\",\"contentUrl\":\"https:\\\/\\\/i0.wp.com\\\/greenspells.com\\\/wp-content\\\/uploads\\\/2020\\\/09\\\/20200722_153424_0000.png?fit=1500%2C1500&ssl=1\",\"width\":1500,\"height\":1500,\"caption\":\"Greenspells\"},\"image\":{\"@id\":\"https:\\\/\\\/greenspells.com\\\/#\\\/schema\\\/logo\\\/image\\\/\"},\"sameAs\":[\"https:\\\/\\\/www.facebook.com\\\/Greenspells\",\"https:\\\/\\\/www.instagram.com\\\/greenspells_store\\\/\"]}]}<\/script>\n<!-- \/ Yoast SEO plugin. -->","yoast_head_json":{"title":"DR. BRONNER  Pure-Castile LIQUID SOAP, Baby-mild (unscented), 240 ml - Greenspells","description":"DR. BRONNER'S Pure-Castile liquid soap is great for face, body, hair\u2014food, dishes, mopping, pets\u2014the best for human, home and Earth!","robots":{"index":"index","follow":"follow","max-snippet":"max-snippet:-1","max-image-preview":"max-image-preview:large","max-video-preview":"max-video-preview:-1"},"canonical":"https:\/\/greenspells.com\/lt\/produktas\/dr-bronner-pure-castile-liquid-soap-baby-mild-unscented-240-ml\/","og_locale":"lt_LT","og_type":"article","og_title":"DR. BRONNER  Pure-Castile LIQUID SOAP, Baby-mild (unscented), 240 ml - Greenspells","og_description":"DR. BRONNER'S Pure-Castile liquid soap is great for face, body, hair\u2014food, dishes, mopping, pets\u2014the best for human, home and Earth!","og_url":"https:\/\/greenspells.com\/lt\/produktas\/dr-bronner-pure-castile-liquid-soap-baby-mild-unscented-240-ml\/","og_site_name":"Greenspells","article_publisher":"https:\/\/www.facebook.com\/Greenspells","article_modified_time":"2019-08-01T19:21:08+00:00","og_image":[{"width":510,"height":510,"url":"https:\/\/i0.wp.com\/greenspells.com\/wp-content\/uploads\/2019\/07\/Skystas-muilas-Baby-Mild-Dr.Bronner-510x510.png?fit=510%2C510&ssl=1","type":"image\/png"}],"twitter_card":"summary_large_image","twitter_misc":{"Est. reading time":"1 minut\u0117"},"schema":{"@context":"https:\/\/schema.org","@graph":[{"@type":"WebPage","@id":"https:\/\/greenspells.com\/product\/dr-bronner-pure-castile-liquid-soap-baby-mild-unscented-240-ml\/","url":"https:\/\/greenspells.com\/product\/dr-bronner-pure-castile-liquid-soap-baby-mild-unscented-240-ml\/","name":"DR. BRONNER Pure-Castile LIQUID SOAP, Baby-mild (unscented), 240 ml - Greenspells","isPartOf":{"@id":"https:\/\/greenspells.com\/#website"},"primaryImageOfPage":{"@id":"https:\/\/greenspells.com\/product\/dr-bronner-pure-castile-liquid-soap-baby-mild-unscented-240-ml\/#primaryimage"},"image":{"@id":"https:\/\/greenspells.com\/product\/dr-bronner-pure-castile-liquid-soap-baby-mild-unscented-240-ml\/#primaryimage"},"thumbnailUrl":"https:\/\/i0.wp.com\/greenspells.com\/wp-content\/uploads\/2019\/07\/Skystas-muilas-Baby-Mild-Dr.Bronner-510x510.png?fit=510%2C510&ssl=1","datePublished":"2019-07-16T20:40:27+00:00","dateModified":"2019-08-01T19:21:08+00:00","description":"DR. BRONNER'S Pure-Castile liquid soap is great for face, body, hair\u2014food, dishes, mopping, pets\u2014the best for human, home and Earth!","breadcrumb":{"@id":"https:\/\/greenspells.com\/product\/dr-bronner-pure-castile-liquid-soap-baby-mild-unscented-240-ml\/#breadcrumb"},"inLanguage":"lt-LT","potentialAction":[{"@type":"ReadAction","target":["https:\/\/greenspells.com\/product\/dr-bronner-pure-castile-liquid-soap-baby-mild-unscented-240-ml\/"]}]},{"@type":"ImageObject","inLanguage":"lt-LT","@id":"https:\/\/greenspells.com\/product\/dr-bronner-pure-castile-liquid-soap-baby-mild-unscented-240-ml\/#primaryimage","url":"https:\/\/i0.wp.com\/greenspells.com\/wp-content\/uploads\/2019\/07\/Skystas-muilas-Baby-Mild-Dr.Bronner-510x510.png?fit=510%2C510&ssl=1","contentUrl":"https:\/\/i0.wp.com\/greenspells.com\/wp-content\/uploads\/2019\/07\/Skystas-muilas-Baby-Mild-Dr.Bronner-510x510.png?fit=510%2C510&ssl=1","width":510,"height":510},{"@type":"BreadcrumbList","@id":"https:\/\/greenspells.com\/product\/dr-bronner-pure-castile-liquid-soap-baby-mild-unscented-240-ml\/#breadcrumb","itemListElement":[{"@type":"ListItem","position":1,"name":"Home","item":"https:\/\/greenspells.com\/"},{"@type":"ListItem","position":2,"name":"Shop","item":"https:\/\/greenspells.com\/shop\/"},{"@type":"ListItem","position":3,"name":"DR. BRONNER Pure-Castile LIQUID SOAP, Baby-mild (unscented), 240 ml"}]},{"@type":"WebSite","@id":"https:\/\/greenspells.com\/#website","url":"https:\/\/greenspells.com\/","name":"Greenspells","description":"Nat\u016brali ir ekologi\u0161ka kosmetika","publisher":{"@id":"https:\/\/greenspells.com\/#organization"},"potentialAction":[{"@type":"SearchAction","target":{"@type":"EntryPoint","urlTemplate":"https:\/\/greenspells.com\/?s={search_term_string}"},"query-input":{"@type":"PropertyValueSpecification","valueRequired":true,"valueName":"search_term_string"}}],"inLanguage":"lt-LT"},{"@type":"Organization","@id":"https:\/\/greenspells.com\/#organization","name":"Greenspells","url":"https:\/\/greenspells.com\/","logo":{"@type":"ImageObject","inLanguage":"lt-LT","@id":"https:\/\/greenspells.com\/#\/schema\/logo\/image\/","url":"https:\/\/i0.wp.com\/greenspells.com\/wp-content\/uploads\/2020\/09\/20200722_153424_0000.png?fit=1500%2C1500&ssl=1","contentUrl":"https:\/\/i0.wp.com\/greenspells.com\/wp-content\/uploads\/2020\/09\/20200722_153424_0000.png?fit=1500%2C1500&ssl=1","width":1500,"height":1500,"caption":"Greenspells"},"image":{"@id":"https:\/\/greenspells.com\/#\/schema\/logo\/image\/"},"sameAs":["https:\/\/www.facebook.com\/Greenspells","https:\/\/www.instagram.com\/greenspells_store\/"]}]}},"jetpack_likes_enabled":true,"jetpack_sharing_enabled":true,"_links":{"self":[{"href":"https:\/\/greenspells.com\/lt\/wp-json\/wp\/v2\/product\/3552","targetHints":{"allow":["GET"]}}],"collection":[{"href":"https:\/\/greenspells.com\/lt\/wp-json\/wp\/v2\/product"}],"about":[{"href":"https:\/\/greenspells.com\/lt\/wp-json\/wp\/v2\/types\/product"}],"replies":[{"embeddable":true,"href":"https:\/\/greenspells.com\/lt\/wp-json\/wp\/v2\/comments?post=3552"}],"wp:featuredmedia":[{"embeddable":true,"href":"https:\/\/greenspells.com\/lt\/wp-json\/wp\/v2\/media\/3545"}],"wp:attachment":[{"href":"https:\/\/greenspells.com\/lt\/wp-json\/wp\/v2\/media?parent=3552"}],"wp:term":[{"taxonomy":"product_brand","embeddable":true,"href":"https:\/\/greenspells.com\/lt\/wp-json\/wp\/v2\/product_brand?post=3552"},{"taxonomy":"product_cat","embeddable":true,"href":"https:\/\/greenspells.com\/lt\/wp-json\/wp\/v2\/product_cat?post=3552"},{"taxonomy":"product_tag","embeddable":true,"href":"https:\/\/greenspells.com\/lt\/wp-json\/wp\/v2\/product_tag?post=3552"}],"curies":[{"name":"wp","href":"https:\/\/api.w.org\/{rel}","templated":true}]}}