{"id":1677617,"date":"2026-04-08T15:10:48","date_gmt":"2026-04-08T13:10:48","guid":{"rendered":"https:\/\/greenspells.com\/?post_type=product&#038;p=1677617"},"modified":"2026-05-05T08:11:22","modified_gmt":"2026-05-05T06:11:22","slug":"suntribe-organic-mineral-uv-shield-spf-50","status":"publish","type":"product","link":"https:\/\/greenspells.com\/lt\/produktas\/suntribe-organic-mineral-uv-shield-spf-50\/","title":{"rendered":"SUNTRIBE <br> Ekologi\u0161kas mineralinis apsauginis kremas veidui UV Shield <br> SPF 50"},"content":{"rendered":"<p data-start=\"234\" data-end=\"414\">\u0160is <strong data-start=\"239\" data-end=\"284\">mineralinis kremas nuo saul\u0117s SPF 50 veidui<\/strong> suteikia nematom\u0105, auk\u0161to lygio apsaug\u0105 nuo UVA ir UVB spinduli\u0173, i\u0161likdamas lengvas ir malonus ant odos.<\/p>\n<p>Susipa\u017einkite su savo nauju kasdieniu favoritu \u2013 mineraliniu kremu nuo saul\u0117s, kur\u012f i\u0161 ties\u0173 nor\u0117site naudoti kiekvien\u0105 dien\u0105. \u0160is 100% nat\u016bralus UV Shield lengvai pasiskirsto, suteikia \u0161veln\u0173 matin\u012f efekt\u0105 ir nepalieka baltumo (ypa\u010d \u0161viesesn\u0117s odos tipams).<\/p>\n<p>Sukurtas su saugiais, ne nano UV filtrais ir supakuotas \u012f aplinkai draugi\u0161k\u0105 cukranendri\u0173 pakuot\u0119. Praturtintas dr\u0117kinan\u010dia hialurono r\u016bg\u0161timi ir raminan\u010diais augaliniais ingredientais \u2013 ekologi\u0161ku avi\u017e\u0173 ekstraktu bei kanapi\u0173 s\u0117kl\u0173 aliejumi \u2013 \u0161is vegani\u0161kas veido kremas ramina ir dr\u0117kina net jautriausi\u0105 od\u0105.<\/p>\n<p>Nekem\u0161a por\u0173 ir nepalieka riebumo poj\u016b\u010dio \u2013 puikiai tinka naudoti po makia\u017eu arba vienas.<\/p>\n<p data-start=\"1338\" data-end=\"1361\"><strong data-start=\"1338\" data-end=\"1361\">Pamilsi, nes:<\/strong><\/p>\n<ul data-start=\"1362\" data-end=\"1674\">\n<li data-section-id=\"mjoqyh\" data-start=\"1362\" data-end=\"1407\">Ekologi\u0161ka mineralin\u0117 apsauga SPG 50 veidui<\/li>\n<li data-section-id=\"tn46il\" data-start=\"1408\" data-end=\"1443\">Nematomas efektas, nepalieka baltumo<\/li>\n<li data-section-id=\"1lzkleq\" data-start=\"1444\" data-end=\"1483\">Efektyvi, plataus spektro apsauga nuo UVA ir UVB spinduli\u0173<\/li>\n<li data-section-id=\"ikttaf\" data-start=\"1484\" data-end=\"1523\">Lengva, greitai \u012fsigerianti tekst\u016bra<\/li>\n<li data-section-id=\"qkgw4z\" data-start=\"1524\" data-end=\"1548\">\u0160velnus matinis efektas<\/li>\n<li data-section-id=\"17ds8wm\" data-start=\"1549\" data-end=\"1597\">Nekem\u0161a por\u0173, tinka jautriai odai<\/li>\n<li data-section-id=\"cg4421\" data-start=\"1598\" data-end=\"1640\">Dr\u0117kina su hialurono r\u016bg\u0161timi<\/li>\n<li data-section-id=\"10rp39n\" data-start=\"1641\" data-end=\"1674\">Nat\u016bralus, vegani\u0161kas ir draugi\u0161kas aplinkai<\/li>\n<\/ul>\n<p data-start=\"1676\" data-end=\"1792\"><strong data-start=\"1676\" data-end=\"1691\">Kaip naudoti:<\/strong><br data-start=\"1691\" data-end=\"1694\" \/>Tepkite tolygiai ant veido prie\u0161 buvim\u0105 saul\u0117je. Pakartokite kas 2 val. ir po prakaitavimo ar prausimosi.<\/p>","protected":false},"excerpt":{"rendered":"<p>This organic mineral sunscreen SPF 50 for face provides invisible, high-performance protection against harmful UVA and UVB rays while feeling light and comfortable on the skin. Meet your new favourite daytime essential: a mineral sunscreen that you\u2019ll actually want to wear every day. This 100% natural UV Shield glides on effortlessly, leaving a smooth, matte [&hellip;]<\/p>\n","protected":false},"featured_media":1677620,"comment_status":"open","ping_status":"closed","template":"","meta":{"content-type":"","_monsterinsights_skip_tracking":false,"_monsterinsights_sitenote_active":false,"_monsterinsights_sitenote_note":"","_monsterinsights_sitenote_category":0,"_uf_show_specific_survey":0,"_uf_disable_surveys":false},"product_brand":[2228],"product_cat":[2157,1433,34,669,15],"product_tag":[2284,2233,2277,657,2264,2281,866,461,2283,2268,714,2282],"class_list":{"0":"post-1677617","1":"product","2":"type-product","3":"status-publish","4":"has-post-thumbnail","6":"product_brand-suntribe","7":"product_cat-bestsellers","8":"product_cat-naujienos","9":"product_cat-skincare","10":"product_cat-sun-protection","11":"product_cat-all-products","12":"product_tag-be-baltumo-efekto","13":"product_tag-cinko-oksidas","14":"product_tag-ekologiskas-kremas-nuo-saules","15":"product_tag-jautriai-odai","16":"product_tag-kremas-nuo-saules-spf-50","17":"product_tag-mineralinis-kremas-nuo-saules-veidui","18":"product_tag-naturali-apsauga-nuo-saules","19":"product_tag-naturali-kosmetika","20":"product_tag-nematomas-spf","21":"product_tag-vasaros-kosmetika","22":"product_tag-veido-prieziura","23":"product_tag-veido-spf","25":"first","26":"instock","27":"taxable","28":"shipping-taxable","29":"purchasable","30":"product-type-simple"},"bundled_by":[],"bundle_stock_status":"instock","bundle_stock_quantity":null,"bundle_virtual":false,"bundle_layout":"","bundle_add_to_cart_form_location":"","bundle_editable_in_cart":false,"bundle_sold_individually_context":"","bundle_item_grouping":"","bundle_min_size":"","bundle_max_size":"","bundle_price":[],"bundled_items":[],"bundle_sell_ids":[],"group_of_quantity":0,"min_quantity":0,"max_quantity":"","exclude_order_quantity_value_rules":"no","exclude_category_quantity_rules":"no","combine_variations":"no","exclude_global_add_ons":[],"addons":[],"yoast_head":"<!-- This site is optimized with the Yoast SEO plugin v27.6 - https:\/\/yoast.com\/product\/yoast-seo-wordpress\/ -->\n<title>SUNTRIBE  Organic Mineral UV Shield  SPF 50 - Greenspells<\/title>\n<meta name=\"description\" content=\"Mineralinis kremas nuo saul\u0117s SPF 50 veidui. Nematoma apsauga nuo UVA ir UVB, lengva tekst\u016bra, nepalieka baltumo, tinka kasdienai.\" \/>\n<meta name=\"robots\" content=\"index, follow, max-snippet:-1, max-image-preview:large, max-video-preview:-1\" \/>\n<link rel=\"canonical\" href=\"https:\/\/greenspells.com\/lt\/produktas\/suntribe-organic-mineral-uv-shield-spf-50\/\" \/>\n<meta property=\"og:locale\" content=\"lt_LT\" \/>\n<meta property=\"og:type\" content=\"article\" \/>\n<meta property=\"og:title\" content=\"SUNTRIBE  Organic Mineral UV Shield  SPF 50 - Greenspells\" \/>\n<meta property=\"og:description\" content=\"Mineralinis kremas nuo saul\u0117s SPF 50 veidui. Nematoma apsauga nuo UVA ir UVB, lengva tekst\u016bra, nepalieka baltumo, tinka kasdienai.\" \/>\n<meta property=\"og:url\" content=\"https:\/\/greenspells.com\/lt\/produktas\/suntribe-organic-mineral-uv-shield-spf-50\/\" \/>\n<meta property=\"og:site_name\" content=\"Greenspells\" \/>\n<meta property=\"article:publisher\" content=\"https:\/\/www.facebook.com\/Greenspells\" \/>\n<meta property=\"article:modified_time\" content=\"2026-05-05T06:11:22+00:00\" \/>\n<meta property=\"og:image\" content=\"https:\/\/greenspells.com\/wp-content\/uploads\/2026\/04\/UV-Shield-SPF-50-Suntribe-1-1.jpg\" \/>\n\t<meta property=\"og:image:width\" content=\"1500\" \/>\n\t<meta property=\"og:image:height\" content=\"1500\" \/>\n\t<meta property=\"og:image:type\" content=\"image\/jpeg\" \/>\n<meta name=\"twitter:card\" content=\"summary_large_image\" \/>\n<meta name=\"twitter:label1\" content=\"Est. reading time\" \/>\n\t<meta name=\"twitter:data1\" content=\"2 minut\u0117s\" \/>\n<script type=\"application\/ld+json\" class=\"yoast-schema-graph\">{\"@context\":\"https:\\\/\\\/schema.org\",\"@graph\":[{\"@type\":\"WebPage\",\"@id\":\"https:\\\/\\\/greenspells.com\\\/product\\\/suntribe-organic-mineral-uv-shield-spf-50\\\/\",\"url\":\"https:\\\/\\\/greenspells.com\\\/product\\\/suntribe-organic-mineral-uv-shield-spf-50\\\/\",\"name\":\"SUNTRIBE Organic Mineral UV Shield SPF 50 - Greenspells\",\"isPartOf\":{\"@id\":\"https:\\\/\\\/greenspells.com\\\/#website\"},\"primaryImageOfPage\":{\"@id\":\"https:\\\/\\\/greenspells.com\\\/product\\\/suntribe-organic-mineral-uv-shield-spf-50\\\/#primaryimage\"},\"image\":{\"@id\":\"https:\\\/\\\/greenspells.com\\\/product\\\/suntribe-organic-mineral-uv-shield-spf-50\\\/#primaryimage\"},\"thumbnailUrl\":\"https:\\\/\\\/i0.wp.com\\\/greenspells.com\\\/wp-content\\\/uploads\\\/2026\\\/04\\\/UV-Shield-SPF-50-Suntribe-1-1.jpg?fit=1500%2C1500&ssl=1\",\"datePublished\":\"2026-04-08T13:10:48+00:00\",\"dateModified\":\"2026-05-05T06:11:22+00:00\",\"description\":\"Mineralinis kremas nuo saul\u0117s SPF 50 veidui. Nematoma apsauga nuo UVA ir UVB, lengva tekst\u016bra, nepalieka baltumo, tinka kasdienai.\",\"breadcrumb\":{\"@id\":\"https:\\\/\\\/greenspells.com\\\/product\\\/suntribe-organic-mineral-uv-shield-spf-50\\\/#breadcrumb\"},\"inLanguage\":\"lt-LT\",\"potentialAction\":[{\"@type\":\"ReadAction\",\"target\":[\"https:\\\/\\\/greenspells.com\\\/product\\\/suntribe-organic-mineral-uv-shield-spf-50\\\/\"]}]},{\"@type\":\"ImageObject\",\"inLanguage\":\"lt-LT\",\"@id\":\"https:\\\/\\\/greenspells.com\\\/product\\\/suntribe-organic-mineral-uv-shield-spf-50\\\/#primaryimage\",\"url\":\"https:\\\/\\\/i0.wp.com\\\/greenspells.com\\\/wp-content\\\/uploads\\\/2026\\\/04\\\/UV-Shield-SPF-50-Suntribe-1-1.jpg?fit=1500%2C1500&ssl=1\",\"contentUrl\":\"https:\\\/\\\/i0.wp.com\\\/greenspells.com\\\/wp-content\\\/uploads\\\/2026\\\/04\\\/UV-Shield-SPF-50-Suntribe-1-1.jpg?fit=1500%2C1500&ssl=1\",\"width\":1500,\"height\":1500,\"caption\":\"suntribe uv shield spf 50\"},{\"@type\":\"BreadcrumbList\",\"@id\":\"https:\\\/\\\/greenspells.com\\\/product\\\/suntribe-organic-mineral-uv-shield-spf-50\\\/#breadcrumb\",\"itemListElement\":[{\"@type\":\"ListItem\",\"position\":1,\"name\":\"Home\",\"item\":\"https:\\\/\\\/greenspells.com\\\/\"},{\"@type\":\"ListItem\",\"position\":2,\"name\":\"Shop\",\"item\":\"https:\\\/\\\/greenspells.com\\\/shop\\\/\"},{\"@type\":\"ListItem\",\"position\":3,\"name\":\"SUNTRIBE Organic Mineral UV Shield SPF 50\"}]},{\"@type\":\"WebSite\",\"@id\":\"https:\\\/\\\/greenspells.com\\\/#website\",\"url\":\"https:\\\/\\\/greenspells.com\\\/\",\"name\":\"Greenspells\",\"description\":\"Nat\u016brali ir ekologi\u0161ka kosmetika\",\"publisher\":{\"@id\":\"https:\\\/\\\/greenspells.com\\\/#organization\"},\"potentialAction\":[{\"@type\":\"SearchAction\",\"target\":{\"@type\":\"EntryPoint\",\"urlTemplate\":\"https:\\\/\\\/greenspells.com\\\/?s={search_term_string}\"},\"query-input\":{\"@type\":\"PropertyValueSpecification\",\"valueRequired\":true,\"valueName\":\"search_term_string\"}}],\"inLanguage\":\"lt-LT\"},{\"@type\":\"Organization\",\"@id\":\"https:\\\/\\\/greenspells.com\\\/#organization\",\"name\":\"Greenspells\",\"url\":\"https:\\\/\\\/greenspells.com\\\/\",\"logo\":{\"@type\":\"ImageObject\",\"inLanguage\":\"lt-LT\",\"@id\":\"https:\\\/\\\/greenspells.com\\\/#\\\/schema\\\/logo\\\/image\\\/\",\"url\":\"https:\\\/\\\/i0.wp.com\\\/greenspells.com\\\/wp-content\\\/uploads\\\/2020\\\/09\\\/20200722_153424_0000.png?fit=1500%2C1500&ssl=1\",\"contentUrl\":\"https:\\\/\\\/i0.wp.com\\\/greenspells.com\\\/wp-content\\\/uploads\\\/2020\\\/09\\\/20200722_153424_0000.png?fit=1500%2C1500&ssl=1\",\"width\":1500,\"height\":1500,\"caption\":\"Greenspells\"},\"image\":{\"@id\":\"https:\\\/\\\/greenspells.com\\\/#\\\/schema\\\/logo\\\/image\\\/\"},\"sameAs\":[\"https:\\\/\\\/www.facebook.com\\\/Greenspells\",\"https:\\\/\\\/www.instagram.com\\\/greenspells_store\\\/\"]}]}<\/script>\n<!-- \/ Yoast SEO plugin. -->","yoast_head_json":{"title":"SUNTRIBE  Organic Mineral UV Shield  SPF 50 - Greenspells","description":"Mineralinis kremas nuo saul\u0117s SPF 50 veidui. Nematoma apsauga nuo UVA ir UVB, lengva tekst\u016bra, nepalieka baltumo, tinka kasdienai.","robots":{"index":"index","follow":"follow","max-snippet":"max-snippet:-1","max-image-preview":"max-image-preview:large","max-video-preview":"max-video-preview:-1"},"canonical":"https:\/\/greenspells.com\/lt\/produktas\/suntribe-organic-mineral-uv-shield-spf-50\/","og_locale":"lt_LT","og_type":"article","og_title":"SUNTRIBE  Organic Mineral UV Shield  SPF 50 - Greenspells","og_description":"Mineralinis kremas nuo saul\u0117s SPF 50 veidui. Nematoma apsauga nuo UVA ir UVB, lengva tekst\u016bra, nepalieka baltumo, tinka kasdienai.","og_url":"https:\/\/greenspells.com\/lt\/produktas\/suntribe-organic-mineral-uv-shield-spf-50\/","og_site_name":"Greenspells","article_publisher":"https:\/\/www.facebook.com\/Greenspells","article_modified_time":"2026-05-05T06:11:22+00:00","og_image":[{"width":1500,"height":1500,"url":"https:\/\/greenspells.com\/wp-content\/uploads\/2026\/04\/UV-Shield-SPF-50-Suntribe-1-1.jpg","type":"image\/jpeg"}],"twitter_card":"summary_large_image","twitter_misc":{"Est. reading time":"2 minut\u0117s"},"schema":{"@context":"https:\/\/schema.org","@graph":[{"@type":"WebPage","@id":"https:\/\/greenspells.com\/product\/suntribe-organic-mineral-uv-shield-spf-50\/","url":"https:\/\/greenspells.com\/product\/suntribe-organic-mineral-uv-shield-spf-50\/","name":"SUNTRIBE Organic Mineral UV Shield SPF 50 - Greenspells","isPartOf":{"@id":"https:\/\/greenspells.com\/#website"},"primaryImageOfPage":{"@id":"https:\/\/greenspells.com\/product\/suntribe-organic-mineral-uv-shield-spf-50\/#primaryimage"},"image":{"@id":"https:\/\/greenspells.com\/product\/suntribe-organic-mineral-uv-shield-spf-50\/#primaryimage"},"thumbnailUrl":"https:\/\/i0.wp.com\/greenspells.com\/wp-content\/uploads\/2026\/04\/UV-Shield-SPF-50-Suntribe-1-1.jpg?fit=1500%2C1500&ssl=1","datePublished":"2026-04-08T13:10:48+00:00","dateModified":"2026-05-05T06:11:22+00:00","description":"Mineralinis kremas nuo saul\u0117s SPF 50 veidui. Nematoma apsauga nuo UVA ir UVB, lengva tekst\u016bra, nepalieka baltumo, tinka kasdienai.","breadcrumb":{"@id":"https:\/\/greenspells.com\/product\/suntribe-organic-mineral-uv-shield-spf-50\/#breadcrumb"},"inLanguage":"lt-LT","potentialAction":[{"@type":"ReadAction","target":["https:\/\/greenspells.com\/product\/suntribe-organic-mineral-uv-shield-spf-50\/"]}]},{"@type":"ImageObject","inLanguage":"lt-LT","@id":"https:\/\/greenspells.com\/product\/suntribe-organic-mineral-uv-shield-spf-50\/#primaryimage","url":"https:\/\/i0.wp.com\/greenspells.com\/wp-content\/uploads\/2026\/04\/UV-Shield-SPF-50-Suntribe-1-1.jpg?fit=1500%2C1500&ssl=1","contentUrl":"https:\/\/i0.wp.com\/greenspells.com\/wp-content\/uploads\/2026\/04\/UV-Shield-SPF-50-Suntribe-1-1.jpg?fit=1500%2C1500&ssl=1","width":1500,"height":1500,"caption":"suntribe uv shield spf 50"},{"@type":"BreadcrumbList","@id":"https:\/\/greenspells.com\/product\/suntribe-organic-mineral-uv-shield-spf-50\/#breadcrumb","itemListElement":[{"@type":"ListItem","position":1,"name":"Home","item":"https:\/\/greenspells.com\/"},{"@type":"ListItem","position":2,"name":"Shop","item":"https:\/\/greenspells.com\/shop\/"},{"@type":"ListItem","position":3,"name":"SUNTRIBE Organic Mineral UV Shield SPF 50"}]},{"@type":"WebSite","@id":"https:\/\/greenspells.com\/#website","url":"https:\/\/greenspells.com\/","name":"Greenspells","description":"Nat\u016brali ir ekologi\u0161ka kosmetika","publisher":{"@id":"https:\/\/greenspells.com\/#organization"},"potentialAction":[{"@type":"SearchAction","target":{"@type":"EntryPoint","urlTemplate":"https:\/\/greenspells.com\/?s={search_term_string}"},"query-input":{"@type":"PropertyValueSpecification","valueRequired":true,"valueName":"search_term_string"}}],"inLanguage":"lt-LT"},{"@type":"Organization","@id":"https:\/\/greenspells.com\/#organization","name":"Greenspells","url":"https:\/\/greenspells.com\/","logo":{"@type":"ImageObject","inLanguage":"lt-LT","@id":"https:\/\/greenspells.com\/#\/schema\/logo\/image\/","url":"https:\/\/i0.wp.com\/greenspells.com\/wp-content\/uploads\/2020\/09\/20200722_153424_0000.png?fit=1500%2C1500&ssl=1","contentUrl":"https:\/\/i0.wp.com\/greenspells.com\/wp-content\/uploads\/2020\/09\/20200722_153424_0000.png?fit=1500%2C1500&ssl=1","width":1500,"height":1500,"caption":"Greenspells"},"image":{"@id":"https:\/\/greenspells.com\/#\/schema\/logo\/image\/"},"sameAs":["https:\/\/www.facebook.com\/Greenspells","https:\/\/www.instagram.com\/greenspells_store\/"]}]}},"jetpack_likes_enabled":true,"jetpack_sharing_enabled":true,"_links":{"self":[{"href":"https:\/\/greenspells.com\/lt\/wp-json\/wp\/v2\/product\/1677617","targetHints":{"allow":["GET"]}}],"collection":[{"href":"https:\/\/greenspells.com\/lt\/wp-json\/wp\/v2\/product"}],"about":[{"href":"https:\/\/greenspells.com\/lt\/wp-json\/wp\/v2\/types\/product"}],"replies":[{"embeddable":true,"href":"https:\/\/greenspells.com\/lt\/wp-json\/wp\/v2\/comments?post=1677617"}],"wp:featuredmedia":[{"embeddable":true,"href":"https:\/\/greenspells.com\/lt\/wp-json\/wp\/v2\/media\/1677620"}],"wp:attachment":[{"href":"https:\/\/greenspells.com\/lt\/wp-json\/wp\/v2\/media?parent=1677617"}],"wp:term":[{"taxonomy":"product_brand","embeddable":true,"href":"https:\/\/greenspells.com\/lt\/wp-json\/wp\/v2\/product_brand?post=1677617"},{"taxonomy":"product_cat","embeddable":true,"href":"https:\/\/greenspells.com\/lt\/wp-json\/wp\/v2\/product_cat?post=1677617"},{"taxonomy":"product_tag","embeddable":true,"href":"https:\/\/greenspells.com\/lt\/wp-json\/wp\/v2\/product_tag?post=1677617"}],"curies":[{"name":"wp","href":"https:\/\/api.w.org\/{rel}","templated":true}]}}