{"id":1677611,"date":"2026-04-08T14:55:30","date_gmt":"2026-04-08T12:55:30","guid":{"rendered":"https:\/\/greenspells.com\/?post_type=product&#038;p=1677611"},"modified":"2026-04-08T14:55:30","modified_gmt":"2026-04-08T12:55:30","slug":"suntribe-organic-mineral-sunscreen-spf-30","status":"publish","type":"product","link":"https:\/\/greenspells.com\/lt\/produktas\/suntribe-organic-mineral-sunscreen-spf-30\/","title":{"rendered":"SUNTRIBE <br> Ekologi\u0161kas mineralinis kremas nuo saul\u0117s su atspalviu <br> SPF 30"},"content":{"rendered":"<p data-start=\"321\" data-end=\"465\">\u0160is lengvas <strong data-start=\"326\" data-end=\"369\">mineralinis kremas nuo saul\u0117s SPF 30 su atspalviu<\/strong> suteikia patikim\u0105 apsaug\u0105 nuo saul\u0117s ir tuo pa\u010diu padeda sukurti nat\u016braliai tolygesn\u012f, sveikai atrodant\u012f odos ton\u0105.<\/p>\n<p data-start=\"467\" data-end=\"757\">Formul\u0117je esantis ne nano cinko oksidas sukuria fizin\u012f apsaugin\u012f sluoksn\u012f, kuris atspindi kenksmingus UVA ir UVB spindulius ir pradeda veikti i\u0161 karto po naudojimo. Subtilus nat\u016bralus atspalvis leid\u017eia kremui lengvai \u012fsilieti \u012f od\u0105, suma\u017eina baltumo efekt\u0105 ir pary\u0161kina nat\u016bral\u0173 odos gro\u017e\u012f.<\/p>\n<p data-start=\"759\" data-end=\"988\">Skalsi formul\u0117 be vandens, su ekologi\u0161kais ingredientais \u2013 tokiais kaip kokos\u0173 aliejus ir bi\u010di\u0173 va\u0161kas \u2013 maitina, saugo ir padeda i\u0161laikyti odos dr\u0117gm\u0119 b\u016bnant saul\u0117je. Oda jau\u010diasi komforti\u0161kai ir subalansuota visos dienos metu.<\/p>\n<p data-start=\"990\" data-end=\"1172\">Puikiai tinka kasdieniam naudojimui veidui \u2013 ypa\u010d tiems, kurie nori suderinti efektyvi\u0105 apsaug\u0105 nuo saul\u0117s ir lengv\u0105 odos tono sulyginim\u0105 viename \u017eingsnyje.<\/p>\n<p data-start=\"1223\" data-end=\"1246\"><strong data-start=\"1223\" data-end=\"1246\">Pamilsi, nes:<\/strong><\/p>\n<ul data-start=\"1247\" data-end=\"1511\">\n<li data-section-id=\"96wh6t\" data-start=\"1247\" data-end=\"1283\">Mineralinis kremas nuo saul\u0117s SPF 30 su atspalviu<\/li>\n<li data-section-id=\"1lzkleq\" data-start=\"1284\" data-end=\"1323\">Efektyvi, plataus spektro apsauga nuo UVA ir UVB spinduli\u0173<\/li>\n<li data-section-id=\"e65lad\" data-start=\"1324\" data-end=\"1354\">Mineralinis UV filtras su ne nano cinko oksidu<\/li>\n<li data-section-id=\"15lweb5\" data-start=\"1355\" data-end=\"1386\">Tinka ir jautriai odai<\/li>\n<li data-section-id=\"o9l1vl\" data-start=\"1387\" data-end=\"1406\">Atsparus vandeniui<\/li>\n<li data-section-id=\"6480x1\" data-start=\"1407\" data-end=\"1442\">Minimalios, maitinan\u010dios sud\u0117ties formul\u0117<\/li>\n<li data-section-id=\"b6il8a\" data-start=\"1443\" data-end=\"1483\">Be sintetini\u0173 chemikal\u0173 ir kvapikli\u0173<\/li>\n<li data-section-id=\"8z6vwh\" data-start=\"1484\" data-end=\"1511\">Aplinkai draugi\u0161ka pakuot\u0117<\/li>\n<\/ul>\n<p data-start=\"1513\" data-end=\"1622\"><em><strong data-start=\"1513\" data-end=\"1528\">Kaip naudoti?<\/strong><\/em><\/p>\n<p data-start=\"1513\" data-end=\"1622\">Tepkite gausiai prie\u0161 buvim\u0105 saul\u0117je. Pakartokite kas 2 val. ir po maudyni\u0173 ar prakaitavimo.<\/p>\n<p data-start=\"1513\" data-end=\"1622\"><em><strong>Sud\u0117tis:<\/strong><\/em><\/p>\n<p data-start=\"1513\" data-end=\"1622\">Helianthus Annuus (Sunflower) Seed Oil\u00b0, Non-Nano Zinc Oxide, Cocos Nucifera (Coconut) Oil\u00b0, Theobroma Cacao Seed Butter\u00b0, Cera Alba (Beeswax), Tocopherol (Vitamin E), Trihydroxystearin (from Castor Oil), CI 77491, CI 77492, CI 77499 (Iron Oxides), Vanilla Planifolia Fruit Extract\u00b0. \u00b0Certified organic<\/p>","protected":false},"excerpt":{"rendered":"<p>This lightly tinted organic mineral sunscreen SPF 30 provides reliable sun protection while giving your skin a naturally even, healthy-looking tone. Formulated with non-nano zinc oxide, it creates a physical barrier that reflects harmful UVA and UVB rays and starts working immediately after application. The subtle natural tint helps the sunscreen blend seamlessly into the [&hellip;]<\/p>\n","protected":false},"featured_media":1677614,"comment_status":"open","ping_status":"closed","template":"","meta":{"content-type":"","_monsterinsights_skip_tracking":false,"_monsterinsights_sitenote_active":false,"_monsterinsights_sitenote_note":"","_monsterinsights_sitenote_category":0,"_uf_show_specific_survey":0,"_uf_disable_surveys":false},"product_brand":[2228],"product_cat":[1433,34,669,15],"product_tag":[2280,2233,2277,460,657,2279,2278,2272,2263,866,461,2238,2268],"class_list":{"0":"post-1677611","1":"product","2":"type-product","3":"status-publish","4":"has-post-thumbnail","6":"product_brand-suntribe","7":"product_cat-naujienos","8":"product_cat-skincare","9":"product_cat-sun-protection","10":"product_cat-all-products","11":"product_tag-apsauga-nuo-uva-uvb","12":"product_tag-cinko-oksidas","13":"product_tag-ekologiskas-kremas-nuo-saules","14":"product_tag-ekologiska-kosmetika","15":"product_tag-jautriai-odai","16":"product_tag-kremas-nuo-saules-kunui","17":"product_tag-kremas-nuo-saules-veidui","18":"product_tag-mineralinis-kremas-spf-30","19":"product_tag-naturali-kuno-prieziura","20":"product_tag-naturali-apsauga-nuo-saules","21":"product_tag-naturali-kosmetika","22":"product_tag-suntribe","23":"product_tag-vasaros-kosmetika","25":"first","26":"instock","27":"taxable","28":"shipping-taxable","29":"purchasable","30":"product-type-simple"},"bundled_by":[],"bundle_stock_status":"instock","bundle_stock_quantity":null,"bundle_virtual":false,"bundle_layout":"","bundle_add_to_cart_form_location":"","bundle_editable_in_cart":false,"bundle_sold_individually_context":"","bundle_item_grouping":"","bundle_min_size":"","bundle_max_size":"","bundle_price":[],"bundled_items":[],"bundle_sell_ids":[],"group_of_quantity":0,"min_quantity":0,"max_quantity":"","exclude_order_quantity_value_rules":"no","exclude_category_quantity_rules":"no","combine_variations":"no","exclude_global_add_ons":[],"addons":[],"yoast_head":"<!-- This site is optimized with the Yoast SEO plugin v27.5 - https:\/\/yoast.com\/product\/yoast-seo-wordpress\/ -->\n<title>SUNTRIBE  Organic Mineral Sunscreen  SPF 30 - Greenspells<\/title>\n<meta name=\"description\" content=\"SUNTRIBE ekologi\u0161kas mineralinis kremas nuo saul\u0117s SPF 30 su cinko oksidu. Nat\u016brali apsauga nuo UVA ir UVB, tinka jautriai odai.\" \/>\n<meta name=\"robots\" content=\"index, follow, max-snippet:-1, max-image-preview:large, max-video-preview:-1\" \/>\n<link rel=\"canonical\" href=\"https:\/\/greenspells.com\/lt\/produktas\/suntribe-organic-mineral-sunscreen-spf-30\/\" \/>\n<meta property=\"og:locale\" content=\"lt_LT\" \/>\n<meta property=\"og:type\" content=\"article\" \/>\n<meta property=\"og:title\" content=\"SUNTRIBE  Organic Mineral Sunscreen  SPF 30 - Greenspells\" \/>\n<meta property=\"og:description\" content=\"SUNTRIBE ekologi\u0161kas mineralinis kremas nuo saul\u0117s SPF 30 su cinko oksidu. Nat\u016brali apsauga nuo UVA ir UVB, tinka jautriai odai.\" \/>\n<meta property=\"og:url\" content=\"https:\/\/greenspells.com\/lt\/produktas\/suntribe-organic-mineral-sunscreen-spf-30\/\" \/>\n<meta property=\"og:site_name\" content=\"Greenspells\" \/>\n<meta property=\"article:publisher\" content=\"https:\/\/www.facebook.com\/Greenspells\" \/>\n<meta property=\"og:image\" content=\"https:\/\/greenspells.com\/wp-content\/uploads\/2026\/04\/Mineral-Sunscreen-SPF-30-Suntribe-1-1.jpg\" \/>\n\t<meta property=\"og:image:width\" content=\"1500\" \/>\n\t<meta property=\"og:image:height\" content=\"1500\" \/>\n\t<meta property=\"og:image:type\" content=\"image\/jpeg\" \/>\n<meta name=\"twitter:card\" content=\"summary_large_image\" \/>\n<meta name=\"twitter:label1\" content=\"Est. reading time\" \/>\n\t<meta name=\"twitter:data1\" content=\"2 minut\u0117s\" \/>\n<script type=\"application\/ld+json\" class=\"yoast-schema-graph\">{\"@context\":\"https:\\\/\\\/schema.org\",\"@graph\":[{\"@type\":\"WebPage\",\"@id\":\"https:\\\/\\\/greenspells.com\\\/product\\\/suntribe-organic-mineral-sunscreen-spf-30\\\/\",\"url\":\"https:\\\/\\\/greenspells.com\\\/product\\\/suntribe-organic-mineral-sunscreen-spf-30\\\/\",\"name\":\"SUNTRIBE Organic Mineral Sunscreen SPF 30 - Greenspells\",\"isPartOf\":{\"@id\":\"https:\\\/\\\/greenspells.com\\\/#website\"},\"primaryImageOfPage\":{\"@id\":\"https:\\\/\\\/greenspells.com\\\/product\\\/suntribe-organic-mineral-sunscreen-spf-30\\\/#primaryimage\"},\"image\":{\"@id\":\"https:\\\/\\\/greenspells.com\\\/product\\\/suntribe-organic-mineral-sunscreen-spf-30\\\/#primaryimage\"},\"thumbnailUrl\":\"https:\\\/\\\/i0.wp.com\\\/greenspells.com\\\/wp-content\\\/uploads\\\/2026\\\/04\\\/Mineral-Sunscreen-SPF-30-Suntribe-1-1.jpg?fit=1500%2C1500&ssl=1\",\"datePublished\":\"2026-04-08T12:55:30+00:00\",\"description\":\"SUNTRIBE ekologi\u0161kas mineralinis kremas nuo saul\u0117s SPF 30 su cinko oksidu. Nat\u016brali apsauga nuo UVA ir UVB, tinka jautriai odai.\",\"breadcrumb\":{\"@id\":\"https:\\\/\\\/greenspells.com\\\/product\\\/suntribe-organic-mineral-sunscreen-spf-30\\\/#breadcrumb\"},\"inLanguage\":\"lt-LT\",\"potentialAction\":[{\"@type\":\"ReadAction\",\"target\":[\"https:\\\/\\\/greenspells.com\\\/product\\\/suntribe-organic-mineral-sunscreen-spf-30\\\/\"]}]},{\"@type\":\"ImageObject\",\"inLanguage\":\"lt-LT\",\"@id\":\"https:\\\/\\\/greenspells.com\\\/product\\\/suntribe-organic-mineral-sunscreen-spf-30\\\/#primaryimage\",\"url\":\"https:\\\/\\\/i0.wp.com\\\/greenspells.com\\\/wp-content\\\/uploads\\\/2026\\\/04\\\/Mineral-Sunscreen-SPF-30-Suntribe-1-1.jpg?fit=1500%2C1500&ssl=1\",\"contentUrl\":\"https:\\\/\\\/i0.wp.com\\\/greenspells.com\\\/wp-content\\\/uploads\\\/2026\\\/04\\\/Mineral-Sunscreen-SPF-30-Suntribe-1-1.jpg?fit=1500%2C1500&ssl=1\",\"width\":1500,\"height\":1500,\"caption\":\"Mineral-Sunscreen-SPF-30-Suntribe-\"},{\"@type\":\"BreadcrumbList\",\"@id\":\"https:\\\/\\\/greenspells.com\\\/product\\\/suntribe-organic-mineral-sunscreen-spf-30\\\/#breadcrumb\",\"itemListElement\":[{\"@type\":\"ListItem\",\"position\":1,\"name\":\"Home\",\"item\":\"https:\\\/\\\/greenspells.com\\\/\"},{\"@type\":\"ListItem\",\"position\":2,\"name\":\"Shop\",\"item\":\"https:\\\/\\\/greenspells.com\\\/shop\\\/\"},{\"@type\":\"ListItem\",\"position\":3,\"name\":\"SUNTRIBE Organic Mineral Sunscreen SPF 30\"}]},{\"@type\":\"WebSite\",\"@id\":\"https:\\\/\\\/greenspells.com\\\/#website\",\"url\":\"https:\\\/\\\/greenspells.com\\\/\",\"name\":\"Greenspells\",\"description\":\"Nat\u016brali ir ekologi\u0161ka kosmetika\",\"publisher\":{\"@id\":\"https:\\\/\\\/greenspells.com\\\/#organization\"},\"potentialAction\":[{\"@type\":\"SearchAction\",\"target\":{\"@type\":\"EntryPoint\",\"urlTemplate\":\"https:\\\/\\\/greenspells.com\\\/?s={search_term_string}\"},\"query-input\":{\"@type\":\"PropertyValueSpecification\",\"valueRequired\":true,\"valueName\":\"search_term_string\"}}],\"inLanguage\":\"lt-LT\"},{\"@type\":\"Organization\",\"@id\":\"https:\\\/\\\/greenspells.com\\\/#organization\",\"name\":\"Greenspells\",\"url\":\"https:\\\/\\\/greenspells.com\\\/\",\"logo\":{\"@type\":\"ImageObject\",\"inLanguage\":\"lt-LT\",\"@id\":\"https:\\\/\\\/greenspells.com\\\/#\\\/schema\\\/logo\\\/image\\\/\",\"url\":\"https:\\\/\\\/i0.wp.com\\\/greenspells.com\\\/wp-content\\\/uploads\\\/2020\\\/09\\\/20200722_153424_0000.png?fit=1500%2C1500&ssl=1\",\"contentUrl\":\"https:\\\/\\\/i0.wp.com\\\/greenspells.com\\\/wp-content\\\/uploads\\\/2020\\\/09\\\/20200722_153424_0000.png?fit=1500%2C1500&ssl=1\",\"width\":1500,\"height\":1500,\"caption\":\"Greenspells\"},\"image\":{\"@id\":\"https:\\\/\\\/greenspells.com\\\/#\\\/schema\\\/logo\\\/image\\\/\"},\"sameAs\":[\"https:\\\/\\\/www.facebook.com\\\/Greenspells\",\"https:\\\/\\\/www.instagram.com\\\/greenspells_store\\\/\"]}]}<\/script>\n<!-- \/ Yoast SEO plugin. -->","yoast_head_json":{"title":"SUNTRIBE  Organic Mineral Sunscreen  SPF 30 - Greenspells","description":"SUNTRIBE ekologi\u0161kas mineralinis kremas nuo saul\u0117s SPF 30 su cinko oksidu. Nat\u016brali apsauga nuo UVA ir UVB, tinka jautriai odai.","robots":{"index":"index","follow":"follow","max-snippet":"max-snippet:-1","max-image-preview":"max-image-preview:large","max-video-preview":"max-video-preview:-1"},"canonical":"https:\/\/greenspells.com\/lt\/produktas\/suntribe-organic-mineral-sunscreen-spf-30\/","og_locale":"lt_LT","og_type":"article","og_title":"SUNTRIBE  Organic Mineral Sunscreen  SPF 30 - Greenspells","og_description":"SUNTRIBE ekologi\u0161kas mineralinis kremas nuo saul\u0117s SPF 30 su cinko oksidu. Nat\u016brali apsauga nuo UVA ir UVB, tinka jautriai odai.","og_url":"https:\/\/greenspells.com\/lt\/produktas\/suntribe-organic-mineral-sunscreen-spf-30\/","og_site_name":"Greenspells","article_publisher":"https:\/\/www.facebook.com\/Greenspells","og_image":[{"width":1500,"height":1500,"url":"https:\/\/greenspells.com\/wp-content\/uploads\/2026\/04\/Mineral-Sunscreen-SPF-30-Suntribe-1-1.jpg","type":"image\/jpeg"}],"twitter_card":"summary_large_image","twitter_misc":{"Est. reading time":"2 minut\u0117s"},"schema":{"@context":"https:\/\/schema.org","@graph":[{"@type":"WebPage","@id":"https:\/\/greenspells.com\/product\/suntribe-organic-mineral-sunscreen-spf-30\/","url":"https:\/\/greenspells.com\/product\/suntribe-organic-mineral-sunscreen-spf-30\/","name":"SUNTRIBE Organic Mineral Sunscreen SPF 30 - Greenspells","isPartOf":{"@id":"https:\/\/greenspells.com\/#website"},"primaryImageOfPage":{"@id":"https:\/\/greenspells.com\/product\/suntribe-organic-mineral-sunscreen-spf-30\/#primaryimage"},"image":{"@id":"https:\/\/greenspells.com\/product\/suntribe-organic-mineral-sunscreen-spf-30\/#primaryimage"},"thumbnailUrl":"https:\/\/i0.wp.com\/greenspells.com\/wp-content\/uploads\/2026\/04\/Mineral-Sunscreen-SPF-30-Suntribe-1-1.jpg?fit=1500%2C1500&ssl=1","datePublished":"2026-04-08T12:55:30+00:00","description":"SUNTRIBE ekologi\u0161kas mineralinis kremas nuo saul\u0117s SPF 30 su cinko oksidu. Nat\u016brali apsauga nuo UVA ir UVB, tinka jautriai odai.","breadcrumb":{"@id":"https:\/\/greenspells.com\/product\/suntribe-organic-mineral-sunscreen-spf-30\/#breadcrumb"},"inLanguage":"lt-LT","potentialAction":[{"@type":"ReadAction","target":["https:\/\/greenspells.com\/product\/suntribe-organic-mineral-sunscreen-spf-30\/"]}]},{"@type":"ImageObject","inLanguage":"lt-LT","@id":"https:\/\/greenspells.com\/product\/suntribe-organic-mineral-sunscreen-spf-30\/#primaryimage","url":"https:\/\/i0.wp.com\/greenspells.com\/wp-content\/uploads\/2026\/04\/Mineral-Sunscreen-SPF-30-Suntribe-1-1.jpg?fit=1500%2C1500&ssl=1","contentUrl":"https:\/\/i0.wp.com\/greenspells.com\/wp-content\/uploads\/2026\/04\/Mineral-Sunscreen-SPF-30-Suntribe-1-1.jpg?fit=1500%2C1500&ssl=1","width":1500,"height":1500,"caption":"Mineral-Sunscreen-SPF-30-Suntribe-"},{"@type":"BreadcrumbList","@id":"https:\/\/greenspells.com\/product\/suntribe-organic-mineral-sunscreen-spf-30\/#breadcrumb","itemListElement":[{"@type":"ListItem","position":1,"name":"Home","item":"https:\/\/greenspells.com\/"},{"@type":"ListItem","position":2,"name":"Shop","item":"https:\/\/greenspells.com\/shop\/"},{"@type":"ListItem","position":3,"name":"SUNTRIBE Organic Mineral Sunscreen SPF 30"}]},{"@type":"WebSite","@id":"https:\/\/greenspells.com\/#website","url":"https:\/\/greenspells.com\/","name":"Greenspells","description":"Nat\u016brali ir ekologi\u0161ka kosmetika","publisher":{"@id":"https:\/\/greenspells.com\/#organization"},"potentialAction":[{"@type":"SearchAction","target":{"@type":"EntryPoint","urlTemplate":"https:\/\/greenspells.com\/?s={search_term_string}"},"query-input":{"@type":"PropertyValueSpecification","valueRequired":true,"valueName":"search_term_string"}}],"inLanguage":"lt-LT"},{"@type":"Organization","@id":"https:\/\/greenspells.com\/#organization","name":"Greenspells","url":"https:\/\/greenspells.com\/","logo":{"@type":"ImageObject","inLanguage":"lt-LT","@id":"https:\/\/greenspells.com\/#\/schema\/logo\/image\/","url":"https:\/\/i0.wp.com\/greenspells.com\/wp-content\/uploads\/2020\/09\/20200722_153424_0000.png?fit=1500%2C1500&ssl=1","contentUrl":"https:\/\/i0.wp.com\/greenspells.com\/wp-content\/uploads\/2020\/09\/20200722_153424_0000.png?fit=1500%2C1500&ssl=1","width":1500,"height":1500,"caption":"Greenspells"},"image":{"@id":"https:\/\/greenspells.com\/#\/schema\/logo\/image\/"},"sameAs":["https:\/\/www.facebook.com\/Greenspells","https:\/\/www.instagram.com\/greenspells_store\/"]}]}},"jetpack_likes_enabled":true,"jetpack_sharing_enabled":true,"_links":{"self":[{"href":"https:\/\/greenspells.com\/lt\/wp-json\/wp\/v2\/product\/1677611","targetHints":{"allow":["GET"]}}],"collection":[{"href":"https:\/\/greenspells.com\/lt\/wp-json\/wp\/v2\/product"}],"about":[{"href":"https:\/\/greenspells.com\/lt\/wp-json\/wp\/v2\/types\/product"}],"replies":[{"embeddable":true,"href":"https:\/\/greenspells.com\/lt\/wp-json\/wp\/v2\/comments?post=1677611"}],"wp:featuredmedia":[{"embeddable":true,"href":"https:\/\/greenspells.com\/lt\/wp-json\/wp\/v2\/media\/1677614"}],"wp:attachment":[{"href":"https:\/\/greenspells.com\/lt\/wp-json\/wp\/v2\/media?parent=1677611"}],"wp:term":[{"taxonomy":"product_brand","embeddable":true,"href":"https:\/\/greenspells.com\/lt\/wp-json\/wp\/v2\/product_brand?post=1677611"},{"taxonomy":"product_cat","embeddable":true,"href":"https:\/\/greenspells.com\/lt\/wp-json\/wp\/v2\/product_cat?post=1677611"},{"taxonomy":"product_tag","embeddable":true,"href":"https:\/\/greenspells.com\/lt\/wp-json\/wp\/v2\/product_tag?post=1677611"}],"curies":[{"name":"wp","href":"https:\/\/api.w.org\/{rel}","templated":true}]}}