{"id":1677586,"date":"2026-04-08T13:14:43","date_gmt":"2026-04-08T11:14:43","guid":{"rendered":"https:\/\/greenspells.com\/?post_type=product&#038;p=1677586"},"modified":"2026-04-08T15:21:22","modified_gmt":"2026-04-08T13:21:22","slug":"suntribe-organic-after-sun-gel-double-aloe-vera","status":"publish","type":"product","link":"https:\/\/greenspells.com\/lt\/produktas\/suntribe-organic-after-sun-gel-double-aloe-vera\/","title":{"rendered":"SUNTRIBE <br> Ekologi\u0161kas gelis po saul\u0117s After Sun <br> Double Aloe Vera"},"content":{"rendered":"<p data-start=\"169\" data-end=\"231\"><strong>Ekologi\u0161kas gelis po saul\u0117s<\/strong> - lengvas, greitai \u012fsigeriantis ir i\u0161kart raminantis sprendimas odai po saul\u0117s.<\/p>\n<p data-start=\"233\" data-end=\"512\">\u0160is gaivinantis gelis su dviguba alavijo doze akimirksniu v\u0117sina, ramina ir ma\u017eina paraudim\u0105 po buvimo saul\u0117je. Lengva, skysta tekst\u016bra greitai susigeria ir nepalieka lipnumo ar riebumo poj\u016b\u010dio.<\/p>\n<p data-start=\"514\" data-end=\"705\">Simondsij\u0173 aliejus ir hialurono r\u016bg\u0161tis intensyviai atkuria dr\u0117gm\u0119, padeda odai i\u0161likti mink\u0161tai, elastingai ir subalansuotai.<\/p>\n<p data-start=\"707\" data-end=\"961\">Granat\u0173 ekstraktas ir vitaminas E, turtingi antioksidant\u0173, padeda odai atsistatyti po saul\u0117s poveikio, o nat\u016bralus citrin\u017eol\u0117s aromatas suteikia gaivumo \u2013 be sintetini\u0173 kvapikli\u0173.<\/p>\n<p data-start=\"963\" data-end=\"1117\">Tinka vis\u0173 tip\u0173 odai, net ir jautriai bei vaikams.<\/p>\n<p data-start=\"1119\" data-end=\"1142\"><strong data-start=\"1119\" data-end=\"1142\">Pamilsi, nes:<\/strong><\/p>\n<ul data-start=\"1143\" data-end=\"1452\">\n<li data-section-id=\"fo944v\" data-start=\"1143\" data-end=\"1182\">Greitas v\u0117sinantis ir raminantis efektas<\/li>\n<li data-section-id=\"k083mx\" data-start=\"1183\" data-end=\"1226\">Lengva, nelipni tekst\u016bra<\/li>\n<li data-section-id=\"vq6j9x\" data-start=\"1227\" data-end=\"1281\">Intensyvus, gilus dr\u0117kinimas su alaviju, simondsija ir hialuronu<\/li>\n<li data-section-id=\"1h5qtih\" data-start=\"1282\" data-end=\"1325\">Padeda atkurti od\u0105 po saul\u0117s<\/li>\n<li data-section-id=\"1saotp3\" data-start=\"1326\" data-end=\"1367\">100% nat\u016bralus ir vegani\u0161kas<\/li>\n<li data-section-id=\"oldi5r\" data-start=\"1368\" data-end=\"1408\">Tinka jautriai odai ir vaikams<\/li>\n<li data-section-id=\"609csn\" data-start=\"1409\" data-end=\"1452\">Be sintetini\u0173 kvapikli\u0173, be mikroplastiko<\/li>\n<\/ul>\n<p data-start=\"1454\" data-end=\"1575\"><em><strong data-start=\"1454\" data-end=\"1469\">Kaip naudoti?<\/strong><\/em><\/p>\n<p data-start=\"1454\" data-end=\"1575\">Tepkite ant veido ir k\u016bno po buvimo saul\u0117je arba kai oda reikalauja dr\u0117kinimo ir nuraminimo.<\/p>\n<p data-start=\"1454\" data-end=\"1575\"><em><strong>Sud\u0117tis:<\/strong><\/em><\/p>\n<p data-start=\"1454\" data-end=\"1575\">Aqua (Water), Aloe (Vera) Barbadensis Leaf Water\u00b0, Glycerin, Xanthan Gum, Simmondsia Chinensis (Jojoba) Seed Oil\u00b0, Aloe (Vera) Barbadensis Leaf Powder, Sodium Hyaluronate (Hyaluronic Acid), Punica Granatum (Pomegranate) Fruit Extract\u00b0, Glycine Soja (Soybean) Oil, Tocopherol (Vitamin E), Levulinic Acid, Sodium Levulinate, Cymbopogon Flexuosus (Lemongrass) Leaf Oil, Citral\u00b0\u00b0, Geraniol\u00b0\u00b0, Limonene\u00b0\u00b0. \u00b0Certified organic \u00b0\u00b0Naturally occurring in essential oils<\/p>","protected":false},"excerpt":{"rendered":"<p>Organic After Sun gel &#8211; lightweight hydration and instant relief for sun-exposed skin. This refreshing after sun gel delivers a powerful double dose of aloe vera to cool, soothe, and reduce redness after sun exposure. Its light, fluid texture absorbs instantly, leaving no sticky or greasy residue\u2014perfect for hot summer days. Enriched with organic jojoba [&hellip;]<\/p>\n","protected":false},"featured_media":1677591,"comment_status":"open","ping_status":"closed","template":"","meta":{"content-type":"","_monsterinsights_skip_tracking":false,"_monsterinsights_sitenote_active":false,"_monsterinsights_sitenote_note":"","_monsterinsights_sitenote_category":0,"_uf_show_specific_survey":0,"_uf_disable_surveys":false},"product_brand":[2228],"product_cat":[137,141,40,1433,34,669,15],"product_tag":[2256,2257,460,657,2261,2263,461,884,2258,1611,2259,2262,2260],"class_list":{"0":"post-1677586","1":"product","2":"type-product","3":"status-publish","4":"has-post-thumbnail","6":"product_brand-suntribe","7":"product_cat-bath-and-body","8":"product_cat-hand-body-lotions","9":"product_cat-moisturizers","10":"product_cat-naujienos","11":"product_cat-skincare","12":"product_cat-sun-protection","13":"product_cat-all-products","14":"product_tag-after-sun-gelis","15":"product_tag-alavijo-gelis","16":"product_tag-ekologiska-kosmetika","17":"product_tag-jautriai-odai","18":"product_tag-lengvas-gelis","19":"product_tag-naturali-kuno-prieziura","20":"product_tag-naturali-kosmetika","21":"product_tag-odos-drekinimas","22":"product_tag-po-saules-prieziura","23":"product_tag-raminantis-gelis","24":"product_tag-saules-nudegimu-ramini-mas","25":"product_tag-vasaros-odos-prieziura","26":"product_tag-veganiska-kosmetika","28":"first","29":"instock","30":"taxable","31":"shipping-taxable","32":"purchasable","33":"product-type-simple"},"bundled_by":[],"bundle_stock_status":"instock","bundle_stock_quantity":null,"bundle_virtual":false,"bundle_layout":"","bundle_add_to_cart_form_location":"","bundle_editable_in_cart":false,"bundle_sold_individually_context":"","bundle_item_grouping":"","bundle_min_size":"","bundle_max_size":"","bundle_price":[],"bundled_items":[],"bundle_sell_ids":[],"group_of_quantity":0,"min_quantity":0,"max_quantity":"","exclude_order_quantity_value_rules":"no","exclude_category_quantity_rules":"no","combine_variations":"no","exclude_global_add_ons":[],"addons":[],"yoast_head":"<!-- This site is optimized with the Yoast SEO plugin v27.4 - https:\/\/yoast.com\/product\/yoast-seo-wordpress\/ -->\n<title>SUNTRIBE  Organic After Sun Gel  Double Aloe Vera - Greenspells<\/title>\n<meta name=\"description\" content=\"Ekologi\u0161kas after sun gelis su dvigubu alaviju. Ramina, v\u0117sina ir dr\u0117kina od\u0105 po saul\u0117s. Nat\u016bralus, vegani\u0161kas, lengvos tekst\u016bros.\" \/>\n<meta name=\"robots\" content=\"index, follow, max-snippet:-1, max-image-preview:large, max-video-preview:-1\" \/>\n<link rel=\"canonical\" href=\"https:\/\/greenspells.com\/lt\/produktas\/suntribe-organic-after-sun-gel-double-aloe-vera\/\" \/>\n<meta property=\"og:locale\" content=\"lt_LT\" \/>\n<meta property=\"og:type\" content=\"article\" \/>\n<meta property=\"og:title\" content=\"SUNTRIBE  Organic After Sun Gel  Double Aloe Vera - Greenspells\" \/>\n<meta property=\"og:description\" content=\"Ekologi\u0161kas after sun gelis su dvigubu alaviju. Ramina, v\u0117sina ir dr\u0117kina od\u0105 po saul\u0117s. Nat\u016bralus, vegani\u0161kas, lengvos tekst\u016bros.\" \/>\n<meta property=\"og:url\" content=\"https:\/\/greenspells.com\/lt\/produktas\/suntribe-organic-after-sun-gel-double-aloe-vera\/\" \/>\n<meta property=\"og:site_name\" content=\"Greenspells\" \/>\n<meta property=\"article:publisher\" content=\"https:\/\/www.facebook.com\/Greenspells\" \/>\n<meta property=\"article:modified_time\" content=\"2026-04-08T13:21:22+00:00\" \/>\n<meta property=\"og:image\" content=\"https:\/\/greenspells.com\/wp-content\/uploads\/2026\/04\/After-Sun-Gel-Double-Aloe-Vera-Suntribe-1-1.jpg\" \/>\n\t<meta property=\"og:image:width\" content=\"1500\" \/>\n\t<meta property=\"og:image:height\" content=\"1500\" \/>\n\t<meta property=\"og:image:type\" content=\"image\/jpeg\" \/>\n<meta name=\"twitter:card\" content=\"summary_large_image\" \/>\n<meta name=\"twitter:label1\" content=\"Est. reading time\" \/>\n\t<meta name=\"twitter:data1\" content=\"2 minut\u0117s\" \/>\n<script type=\"application\/ld+json\" class=\"yoast-schema-graph\">{\"@context\":\"https:\\\/\\\/schema.org\",\"@graph\":[{\"@type\":\"WebPage\",\"@id\":\"https:\\\/\\\/greenspells.com\\\/product\\\/suntribe-organic-after-sun-gel-double-aloe-vera\\\/\",\"url\":\"https:\\\/\\\/greenspells.com\\\/product\\\/suntribe-organic-after-sun-gel-double-aloe-vera\\\/\",\"name\":\"SUNTRIBE Organic After Sun Gel Double Aloe Vera - Greenspells\",\"isPartOf\":{\"@id\":\"https:\\\/\\\/greenspells.com\\\/#website\"},\"primaryImageOfPage\":{\"@id\":\"https:\\\/\\\/greenspells.com\\\/product\\\/suntribe-organic-after-sun-gel-double-aloe-vera\\\/#primaryimage\"},\"image\":{\"@id\":\"https:\\\/\\\/greenspells.com\\\/product\\\/suntribe-organic-after-sun-gel-double-aloe-vera\\\/#primaryimage\"},\"thumbnailUrl\":\"https:\\\/\\\/i0.wp.com\\\/greenspells.com\\\/wp-content\\\/uploads\\\/2026\\\/04\\\/After-Sun-Gel-Double-Aloe-Vera-Suntribe-1-1.jpg?fit=1500%2C1500&ssl=1\",\"datePublished\":\"2026-04-08T11:14:43+00:00\",\"dateModified\":\"2026-04-08T13:21:22+00:00\",\"description\":\"Ekologi\u0161kas after sun gelis su dvigubu alaviju. Ramina, v\u0117sina ir dr\u0117kina od\u0105 po saul\u0117s. Nat\u016bralus, vegani\u0161kas, lengvos tekst\u016bros.\",\"breadcrumb\":{\"@id\":\"https:\\\/\\\/greenspells.com\\\/product\\\/suntribe-organic-after-sun-gel-double-aloe-vera\\\/#breadcrumb\"},\"inLanguage\":\"lt-LT\",\"potentialAction\":[{\"@type\":\"ReadAction\",\"target\":[\"https:\\\/\\\/greenspells.com\\\/product\\\/suntribe-organic-after-sun-gel-double-aloe-vera\\\/\"]}]},{\"@type\":\"ImageObject\",\"inLanguage\":\"lt-LT\",\"@id\":\"https:\\\/\\\/greenspells.com\\\/product\\\/suntribe-organic-after-sun-gel-double-aloe-vera\\\/#primaryimage\",\"url\":\"https:\\\/\\\/i0.wp.com\\\/greenspells.com\\\/wp-content\\\/uploads\\\/2026\\\/04\\\/After-Sun-Gel-Double-Aloe-Vera-Suntribe-1-1.jpg?fit=1500%2C1500&ssl=1\",\"contentUrl\":\"https:\\\/\\\/i0.wp.com\\\/greenspells.com\\\/wp-content\\\/uploads\\\/2026\\\/04\\\/After-Sun-Gel-Double-Aloe-Vera-Suntribe-1-1.jpg?fit=1500%2C1500&ssl=1\",\"width\":1500,\"height\":1500,\"caption\":\"SuntribeAfter-Sun-Gel-\"},{\"@type\":\"BreadcrumbList\",\"@id\":\"https:\\\/\\\/greenspells.com\\\/product\\\/suntribe-organic-after-sun-gel-double-aloe-vera\\\/#breadcrumb\",\"itemListElement\":[{\"@type\":\"ListItem\",\"position\":1,\"name\":\"Home\",\"item\":\"https:\\\/\\\/greenspells.com\\\/\"},{\"@type\":\"ListItem\",\"position\":2,\"name\":\"Shop\",\"item\":\"https:\\\/\\\/greenspells.com\\\/shop\\\/\"},{\"@type\":\"ListItem\",\"position\":3,\"name\":\"SUNTRIBE Organic After Sun Gel Double Aloe Vera\"}]},{\"@type\":\"WebSite\",\"@id\":\"https:\\\/\\\/greenspells.com\\\/#website\",\"url\":\"https:\\\/\\\/greenspells.com\\\/\",\"name\":\"Greenspells\",\"description\":\"Nat\u016brali ir ekologi\u0161ka kosmetika\",\"publisher\":{\"@id\":\"https:\\\/\\\/greenspells.com\\\/#organization\"},\"potentialAction\":[{\"@type\":\"SearchAction\",\"target\":{\"@type\":\"EntryPoint\",\"urlTemplate\":\"https:\\\/\\\/greenspells.com\\\/?s={search_term_string}\"},\"query-input\":{\"@type\":\"PropertyValueSpecification\",\"valueRequired\":true,\"valueName\":\"search_term_string\"}}],\"inLanguage\":\"lt-LT\"},{\"@type\":\"Organization\",\"@id\":\"https:\\\/\\\/greenspells.com\\\/#organization\",\"name\":\"Greenspells\",\"url\":\"https:\\\/\\\/greenspells.com\\\/\",\"logo\":{\"@type\":\"ImageObject\",\"inLanguage\":\"lt-LT\",\"@id\":\"https:\\\/\\\/greenspells.com\\\/#\\\/schema\\\/logo\\\/image\\\/\",\"url\":\"https:\\\/\\\/i0.wp.com\\\/greenspells.com\\\/wp-content\\\/uploads\\\/2020\\\/09\\\/20200722_153424_0000.png?fit=1500%2C1500&ssl=1\",\"contentUrl\":\"https:\\\/\\\/i0.wp.com\\\/greenspells.com\\\/wp-content\\\/uploads\\\/2020\\\/09\\\/20200722_153424_0000.png?fit=1500%2C1500&ssl=1\",\"width\":1500,\"height\":1500,\"caption\":\"Greenspells\"},\"image\":{\"@id\":\"https:\\\/\\\/greenspells.com\\\/#\\\/schema\\\/logo\\\/image\\\/\"},\"sameAs\":[\"https:\\\/\\\/www.facebook.com\\\/Greenspells\",\"https:\\\/\\\/www.instagram.com\\\/greenspells_store\\\/\"]}]}<\/script>\n<!-- \/ Yoast SEO plugin. -->","yoast_head_json":{"title":"SUNTRIBE  Organic After Sun Gel  Double Aloe Vera - Greenspells","description":"Ekologi\u0161kas after sun gelis su dvigubu alaviju. Ramina, v\u0117sina ir dr\u0117kina od\u0105 po saul\u0117s. Nat\u016bralus, vegani\u0161kas, lengvos tekst\u016bros.","robots":{"index":"index","follow":"follow","max-snippet":"max-snippet:-1","max-image-preview":"max-image-preview:large","max-video-preview":"max-video-preview:-1"},"canonical":"https:\/\/greenspells.com\/lt\/produktas\/suntribe-organic-after-sun-gel-double-aloe-vera\/","og_locale":"lt_LT","og_type":"article","og_title":"SUNTRIBE  Organic After Sun Gel  Double Aloe Vera - Greenspells","og_description":"Ekologi\u0161kas after sun gelis su dvigubu alaviju. Ramina, v\u0117sina ir dr\u0117kina od\u0105 po saul\u0117s. Nat\u016bralus, vegani\u0161kas, lengvos tekst\u016bros.","og_url":"https:\/\/greenspells.com\/lt\/produktas\/suntribe-organic-after-sun-gel-double-aloe-vera\/","og_site_name":"Greenspells","article_publisher":"https:\/\/www.facebook.com\/Greenspells","article_modified_time":"2026-04-08T13:21:22+00:00","og_image":[{"width":1500,"height":1500,"url":"https:\/\/greenspells.com\/wp-content\/uploads\/2026\/04\/After-Sun-Gel-Double-Aloe-Vera-Suntribe-1-1.jpg","type":"image\/jpeg"}],"twitter_card":"summary_large_image","twitter_misc":{"Est. reading time":"2 minut\u0117s"},"schema":{"@context":"https:\/\/schema.org","@graph":[{"@type":"WebPage","@id":"https:\/\/greenspells.com\/product\/suntribe-organic-after-sun-gel-double-aloe-vera\/","url":"https:\/\/greenspells.com\/product\/suntribe-organic-after-sun-gel-double-aloe-vera\/","name":"SUNTRIBE Organic After Sun Gel Double Aloe Vera - Greenspells","isPartOf":{"@id":"https:\/\/greenspells.com\/#website"},"primaryImageOfPage":{"@id":"https:\/\/greenspells.com\/product\/suntribe-organic-after-sun-gel-double-aloe-vera\/#primaryimage"},"image":{"@id":"https:\/\/greenspells.com\/product\/suntribe-organic-after-sun-gel-double-aloe-vera\/#primaryimage"},"thumbnailUrl":"https:\/\/i0.wp.com\/greenspells.com\/wp-content\/uploads\/2026\/04\/After-Sun-Gel-Double-Aloe-Vera-Suntribe-1-1.jpg?fit=1500%2C1500&ssl=1","datePublished":"2026-04-08T11:14:43+00:00","dateModified":"2026-04-08T13:21:22+00:00","description":"Ekologi\u0161kas after sun gelis su dvigubu alaviju. Ramina, v\u0117sina ir dr\u0117kina od\u0105 po saul\u0117s. Nat\u016bralus, vegani\u0161kas, lengvos tekst\u016bros.","breadcrumb":{"@id":"https:\/\/greenspells.com\/product\/suntribe-organic-after-sun-gel-double-aloe-vera\/#breadcrumb"},"inLanguage":"lt-LT","potentialAction":[{"@type":"ReadAction","target":["https:\/\/greenspells.com\/product\/suntribe-organic-after-sun-gel-double-aloe-vera\/"]}]},{"@type":"ImageObject","inLanguage":"lt-LT","@id":"https:\/\/greenspells.com\/product\/suntribe-organic-after-sun-gel-double-aloe-vera\/#primaryimage","url":"https:\/\/i0.wp.com\/greenspells.com\/wp-content\/uploads\/2026\/04\/After-Sun-Gel-Double-Aloe-Vera-Suntribe-1-1.jpg?fit=1500%2C1500&ssl=1","contentUrl":"https:\/\/i0.wp.com\/greenspells.com\/wp-content\/uploads\/2026\/04\/After-Sun-Gel-Double-Aloe-Vera-Suntribe-1-1.jpg?fit=1500%2C1500&ssl=1","width":1500,"height":1500,"caption":"SuntribeAfter-Sun-Gel-"},{"@type":"BreadcrumbList","@id":"https:\/\/greenspells.com\/product\/suntribe-organic-after-sun-gel-double-aloe-vera\/#breadcrumb","itemListElement":[{"@type":"ListItem","position":1,"name":"Home","item":"https:\/\/greenspells.com\/"},{"@type":"ListItem","position":2,"name":"Shop","item":"https:\/\/greenspells.com\/shop\/"},{"@type":"ListItem","position":3,"name":"SUNTRIBE Organic After Sun Gel Double Aloe Vera"}]},{"@type":"WebSite","@id":"https:\/\/greenspells.com\/#website","url":"https:\/\/greenspells.com\/","name":"Greenspells","description":"Nat\u016brali ir ekologi\u0161ka kosmetika","publisher":{"@id":"https:\/\/greenspells.com\/#organization"},"potentialAction":[{"@type":"SearchAction","target":{"@type":"EntryPoint","urlTemplate":"https:\/\/greenspells.com\/?s={search_term_string}"},"query-input":{"@type":"PropertyValueSpecification","valueRequired":true,"valueName":"search_term_string"}}],"inLanguage":"lt-LT"},{"@type":"Organization","@id":"https:\/\/greenspells.com\/#organization","name":"Greenspells","url":"https:\/\/greenspells.com\/","logo":{"@type":"ImageObject","inLanguage":"lt-LT","@id":"https:\/\/greenspells.com\/#\/schema\/logo\/image\/","url":"https:\/\/i0.wp.com\/greenspells.com\/wp-content\/uploads\/2020\/09\/20200722_153424_0000.png?fit=1500%2C1500&ssl=1","contentUrl":"https:\/\/i0.wp.com\/greenspells.com\/wp-content\/uploads\/2020\/09\/20200722_153424_0000.png?fit=1500%2C1500&ssl=1","width":1500,"height":1500,"caption":"Greenspells"},"image":{"@id":"https:\/\/greenspells.com\/#\/schema\/logo\/image\/"},"sameAs":["https:\/\/www.facebook.com\/Greenspells","https:\/\/www.instagram.com\/greenspells_store\/"]}]}},"jetpack_likes_enabled":true,"jetpack_sharing_enabled":true,"_links":{"self":[{"href":"https:\/\/greenspells.com\/lt\/wp-json\/wp\/v2\/product\/1677586","targetHints":{"allow":["GET"]}}],"collection":[{"href":"https:\/\/greenspells.com\/lt\/wp-json\/wp\/v2\/product"}],"about":[{"href":"https:\/\/greenspells.com\/lt\/wp-json\/wp\/v2\/types\/product"}],"replies":[{"embeddable":true,"href":"https:\/\/greenspells.com\/lt\/wp-json\/wp\/v2\/comments?post=1677586"}],"wp:featuredmedia":[{"embeddable":true,"href":"https:\/\/greenspells.com\/lt\/wp-json\/wp\/v2\/media\/1677591"}],"wp:attachment":[{"href":"https:\/\/greenspells.com\/lt\/wp-json\/wp\/v2\/media?parent=1677586"}],"wp:term":[{"taxonomy":"product_brand","embeddable":true,"href":"https:\/\/greenspells.com\/lt\/wp-json\/wp\/v2\/product_brand?post=1677586"},{"taxonomy":"product_cat","embeddable":true,"href":"https:\/\/greenspells.com\/lt\/wp-json\/wp\/v2\/product_cat?post=1677586"},{"taxonomy":"product_tag","embeddable":true,"href":"https:\/\/greenspells.com\/lt\/wp-json\/wp\/v2\/product_tag?post=1677586"}],"curies":[{"name":"wp","href":"https:\/\/api.w.org\/{rel}","templated":true}]}}