{"id":1677578,"date":"2026-04-08T12:55:01","date_gmt":"2026-04-08T10:55:01","guid":{"rendered":"https:\/\/greenspells.com\/?post_type=product&#038;p=1677578"},"modified":"2026-04-08T12:55:02","modified_gmt":"2026-04-08T10:55:02","slug":"suntribe-organic-after-sun-balm-eucalyptus-jojoba","status":"publish","type":"product","link":"https:\/\/greenspells.com\/lt\/produktas\/suntribe-organic-after-sun-balm-eucalyptus-jojoba\/","title":{"rendered":"SUNTRIBE <br> Ekologi\u0161kas After Sun balzamas <br> Eucalyptus &#038; Jojoba"},"content":{"rendered":"<p data-start=\"181\" data-end=\"240\">Po saul\u0117s \u2013 tai, ko j\u016bs\u0173 odai tikrai reikia: <strong>Ekologi\u0161kas After Sun balzamas<\/strong> i\u0161 SUNTRIBE.<\/p>\n<p data-start=\"242\" data-end=\"605\">\u0160is turtingos sud\u0117ties, be vandens balzamas sukurtas i\u0161 vos 5 ekologi\u0161k\u0173, vegani\u0161k\u0173 ingredient\u0173, kurie intensyviai maitina, ramina ir padeda atkurti saul\u0117s paveikt\u0105 od\u0105. Taukmed\u017eio sviestas, simondsij\u0173 ir tamanu aliejai padeda atkurti dr\u0117gm\u0119, skatinti odos regeneracij\u0105 bei ma\u017einti paraudim\u0105 ir diskomfort\u0105.<\/p>\n<p data-start=\"607\" data-end=\"789\">Eukalipto ir pipirm\u0117t\u0117s aliejai suteikia malon\u0173 v\u0117sinant\u012f efekt\u0105 ir momentin\u012f palengv\u0117jim\u0105.<\/p>\n<p data-start=\"791\" data-end=\"961\">Tinka vis\u0173 tip\u0173 odai, net ir jautriai. Nekem\u0161a por\u0173 ir lengvai \u012fsigeria.<\/p>\n<p data-start=\"963\" data-end=\"1061\">Supakuotas aliuminio d\u0117\u017eut\u0117je, be plastiko \u2013 draugi\u0161kas tiek odai, tiek aplinkai.<\/p>\n<p data-start=\"1063\" data-end=\"1086\"><strong data-start=\"1063\" data-end=\"1086\">Pamilsi, nes:<\/strong><\/p>\n<ul data-start=\"1087\" data-end=\"1318\">\n<li data-section-id=\"9lnnld\" data-start=\"1087\" data-end=\"1137\">Intensyviai maitina ir atkuria od\u0105 po saul\u0117s voni\u0173<\/li>\n<li data-section-id=\"u7z9u\" data-start=\"1138\" data-end=\"1172\">Ramina sudirgim\u0105 ir paraudim\u0105<\/li>\n<li data-section-id=\"1hppddt\" data-start=\"1173\" data-end=\"1203\">Maloniai v\u0117sina<\/li>\n<li data-section-id=\"4iwj4z\" data-start=\"1204\" data-end=\"1237\">100% nat\u016bralus ir ekologi\u0161kas<\/li>\n<li data-section-id=\"13mtx3\" data-start=\"1238\" data-end=\"1291\">Be kvapikli\u0173, konservant\u0173 ir sintetini\u0173 med\u017eiag\u0173<\/li>\n<li data-section-id=\"v93vxa\" data-start=\"1292\" data-end=\"1318\">Pakuot\u0117 be plastiko<\/li>\n<\/ul>\n<p data-start=\"1320\" data-end=\"1460\"><em><strong data-start=\"1320\" data-end=\"1335\">Kaip naudoti?<\/strong><\/em><\/p>\n<p data-start=\"1320\" data-end=\"1460\">Tepkite nedidel\u012f kiek\u012f ant odos po buvimo saul\u0117je arba kai jau\u010diate poreik\u012f papildomai pamaitinti od\u0105.<\/p>\n<p data-start=\"1320\" data-end=\"1460\"><em><strong>Sud\u0117tis:<\/strong><\/em><\/p>\n<p data-start=\"1320\" data-end=\"1460\">Butyrospermum Parkii (Shea) Butter\u00b0, Simmondsia Chinensis (Jojoba) Seed Oil\u00b0, Calophyllum Inophyllum (Tamanu) Seed Oil\u00b0, Eucalyptus Globulus (Eucalyptus) Leaf Oil\u00b0, Mentha Piperita (Peppermint) Oil\u00b0, Limonene\u00b0\u00b0, Linalool\u00b0\u00b0.<\/p>\n<p data-start=\"1320\" data-end=\"1460\">\u00b0Certified organic \u00b0\u00b0Naturally occurring in essential oils.<\/p>","protected":false},"excerpt":{"rendered":"<p>Give your skin the care it deserves after a day in the sun with Organic After Sun Balm from Suntribe. This rich, water-free after sun balm is crafted with only five 100% organic, vegan ingredients to deeply nourish, calm, and restore sun-exposed skin. The powerful combination of shea butter, jojoba oil, and tamanu oil works [&hellip;]<\/p>\n","protected":false},"featured_media":1677581,"comment_status":"open","ping_status":"closed","template":"","meta":{"content-type":"","_monsterinsights_skip_tracking":false,"_monsterinsights_sitenote_active":false,"_monsterinsights_sitenote_note":"","_monsterinsights_sitenote_category":0,"_uf_show_specific_survey":0,"_uf_disable_surveys":false},"product_brand":[2228],"product_cat":[137,141,40,1433,34,669,15],"product_tag":[2244,2253,2246,2247,2245,2252,985,2255,2254,2249,2248,2250,2251],"class_list":{"0":"post-1677578","1":"product","2":"type-product","3":"status-publish","4":"has-post-thumbnail","6":"product_brand-suntribe","7":"product_cat-bath-and-body","8":"product_cat-hand-body-lotions","9":"product_cat-moisturizers","10":"product_cat-naujienos","11":"product_cat-skincare","12":"product_cat-sun-protection","13":"product_cat-all-products","14":"product_tag-after-sun-balm","15":"product_tag-cooling-balm","16":"product_tag-eucalyptus-balm","17":"product_tag-jojoba-skincare","18":"product_tag-natural-after-sun","19":"product_tag-natural-body-care","20":"product_tag-organic-skincare","21":"product_tag-plastic-free-cosmetics","22":"product_tag-sensitive-skin-care","23":"product_tag-soothing-balm","24":"product_tag-sunburn-relief","25":"product_tag-vegan-skincare","26":"product_tag-zero-waste-beauty","28":"first","29":"instock","30":"taxable","31":"shipping-taxable","32":"purchasable","33":"product-type-simple"},"bundled_by":[],"bundle_stock_status":"instock","bundle_stock_quantity":null,"bundle_virtual":false,"bundle_layout":"","bundle_add_to_cart_form_location":"","bundle_editable_in_cart":false,"bundle_sold_individually_context":"","bundle_item_grouping":"","bundle_min_size":"","bundle_max_size":"","bundle_price":[],"bundled_items":[],"bundle_sell_ids":[],"group_of_quantity":0,"min_quantity":0,"max_quantity":"","exclude_order_quantity_value_rules":"no","exclude_category_quantity_rules":"no","combine_variations":"no","exclude_global_add_ons":[],"addons":[],"yoast_head":"<!-- This site is optimized with the Yoast SEO plugin v27.6 - https:\/\/yoast.com\/product\/yoast-seo-wordpress\/ -->\n<title>SUNTRIBE  Organic After Sun Balm  Eucalyptus &amp; Jojoba - Greenspells<\/title>\n<meta name=\"description\" content=\"Natural organic after sun balm with eucalyptus &amp; jojoba. Soothes, cools and restores sun-exposed skin. 100% vegan, plastic-free skincare.\" \/>\n<meta name=\"robots\" content=\"index, follow, max-snippet:-1, max-image-preview:large, max-video-preview:-1\" \/>\n<link rel=\"canonical\" href=\"https:\/\/greenspells.com\/lt\/produktas\/suntribe-organic-after-sun-balm-eucalyptus-jojoba\/\" \/>\n<meta property=\"og:locale\" content=\"lt_LT\" \/>\n<meta property=\"og:type\" content=\"article\" \/>\n<meta property=\"og:title\" content=\"SUNTRIBE  Organic After Sun Balm  Eucalyptus &amp; Jojoba - Greenspells\" \/>\n<meta property=\"og:description\" content=\"Natural organic after sun balm with eucalyptus &amp; jojoba. Soothes, cools and restores sun-exposed skin. 100% vegan, plastic-free skincare.\" \/>\n<meta property=\"og:url\" content=\"https:\/\/greenspells.com\/lt\/produktas\/suntribe-organic-after-sun-balm-eucalyptus-jojoba\/\" \/>\n<meta property=\"og:site_name\" content=\"Greenspells\" \/>\n<meta property=\"article:publisher\" content=\"https:\/\/www.facebook.com\/Greenspells\" \/>\n<meta property=\"article:modified_time\" content=\"2026-04-08T10:55:02+00:00\" \/>\n<meta property=\"og:image\" content=\"https:\/\/greenspells.com\/wp-content\/uploads\/2026\/04\/After-Sun-Balm-Suntribe-1-1-Copy.jpg\" \/>\n\t<meta property=\"og:image:width\" content=\"2048\" \/>\n\t<meta property=\"og:image:height\" content=\"2048\" \/>\n\t<meta property=\"og:image:type\" content=\"image\/jpeg\" \/>\n<meta name=\"twitter:card\" content=\"summary_large_image\" \/>\n<meta name=\"twitter:label1\" content=\"Est. reading time\" \/>\n\t<meta name=\"twitter:data1\" content=\"2 minut\u0117s\" \/>\n<script type=\"application\/ld+json\" class=\"yoast-schema-graph\">{\"@context\":\"https:\\\/\\\/schema.org\",\"@graph\":[{\"@type\":\"WebPage\",\"@id\":\"https:\\\/\\\/greenspells.com\\\/product\\\/suntribe-organic-after-sun-balm-eucalyptus-jojoba\\\/\",\"url\":\"https:\\\/\\\/greenspells.com\\\/product\\\/suntribe-organic-after-sun-balm-eucalyptus-jojoba\\\/\",\"name\":\"SUNTRIBE Organic After Sun Balm Eucalyptus & Jojoba - Greenspells\",\"isPartOf\":{\"@id\":\"https:\\\/\\\/greenspells.com\\\/#website\"},\"primaryImageOfPage\":{\"@id\":\"https:\\\/\\\/greenspells.com\\\/product\\\/suntribe-organic-after-sun-balm-eucalyptus-jojoba\\\/#primaryimage\"},\"image\":{\"@id\":\"https:\\\/\\\/greenspells.com\\\/product\\\/suntribe-organic-after-sun-balm-eucalyptus-jojoba\\\/#primaryimage\"},\"thumbnailUrl\":\"https:\\\/\\\/i0.wp.com\\\/greenspells.com\\\/wp-content\\\/uploads\\\/2026\\\/04\\\/After-Sun-Balm-Suntribe-1-1-Copy.jpg?fit=2048%2C2048&ssl=1\",\"datePublished\":\"2026-04-08T10:55:01+00:00\",\"dateModified\":\"2026-04-08T10:55:02+00:00\",\"description\":\"Natural organic after sun balm with eucalyptus & jojoba. Soothes, cools and restores sun-exposed skin. 100% vegan, plastic-free skincare.\",\"breadcrumb\":{\"@id\":\"https:\\\/\\\/greenspells.com\\\/product\\\/suntribe-organic-after-sun-balm-eucalyptus-jojoba\\\/#breadcrumb\"},\"inLanguage\":\"lt-LT\",\"potentialAction\":[{\"@type\":\"ReadAction\",\"target\":[\"https:\\\/\\\/greenspells.com\\\/product\\\/suntribe-organic-after-sun-balm-eucalyptus-jojoba\\\/\"]}]},{\"@type\":\"ImageObject\",\"inLanguage\":\"lt-LT\",\"@id\":\"https:\\\/\\\/greenspells.com\\\/product\\\/suntribe-organic-after-sun-balm-eucalyptus-jojoba\\\/#primaryimage\",\"url\":\"https:\\\/\\\/i0.wp.com\\\/greenspells.com\\\/wp-content\\\/uploads\\\/2026\\\/04\\\/After-Sun-Balm-Suntribe-1-1-Copy.jpg?fit=2048%2C2048&ssl=1\",\"contentUrl\":\"https:\\\/\\\/i0.wp.com\\\/greenspells.com\\\/wp-content\\\/uploads\\\/2026\\\/04\\\/After-Sun-Balm-Suntribe-1-1-Copy.jpg?fit=2048%2C2048&ssl=1\",\"width\":2048,\"height\":2048,\"caption\":\"Suntribe after sun balm\"},{\"@type\":\"BreadcrumbList\",\"@id\":\"https:\\\/\\\/greenspells.com\\\/product\\\/suntribe-organic-after-sun-balm-eucalyptus-jojoba\\\/#breadcrumb\",\"itemListElement\":[{\"@type\":\"ListItem\",\"position\":1,\"name\":\"Home\",\"item\":\"https:\\\/\\\/greenspells.com\\\/\"},{\"@type\":\"ListItem\",\"position\":2,\"name\":\"Shop\",\"item\":\"https:\\\/\\\/greenspells.com\\\/shop\\\/\"},{\"@type\":\"ListItem\",\"position\":3,\"name\":\"SUNTRIBE Organic After Sun Balm Eucalyptus &#038; Jojoba\"}]},{\"@type\":\"WebSite\",\"@id\":\"https:\\\/\\\/greenspells.com\\\/#website\",\"url\":\"https:\\\/\\\/greenspells.com\\\/\",\"name\":\"Greenspells\",\"description\":\"Nat\u016brali ir ekologi\u0161ka kosmetika\",\"publisher\":{\"@id\":\"https:\\\/\\\/greenspells.com\\\/#organization\"},\"potentialAction\":[{\"@type\":\"SearchAction\",\"target\":{\"@type\":\"EntryPoint\",\"urlTemplate\":\"https:\\\/\\\/greenspells.com\\\/?s={search_term_string}\"},\"query-input\":{\"@type\":\"PropertyValueSpecification\",\"valueRequired\":true,\"valueName\":\"search_term_string\"}}],\"inLanguage\":\"lt-LT\"},{\"@type\":\"Organization\",\"@id\":\"https:\\\/\\\/greenspells.com\\\/#organization\",\"name\":\"Greenspells\",\"url\":\"https:\\\/\\\/greenspells.com\\\/\",\"logo\":{\"@type\":\"ImageObject\",\"inLanguage\":\"lt-LT\",\"@id\":\"https:\\\/\\\/greenspells.com\\\/#\\\/schema\\\/logo\\\/image\\\/\",\"url\":\"https:\\\/\\\/i0.wp.com\\\/greenspells.com\\\/wp-content\\\/uploads\\\/2020\\\/09\\\/20200722_153424_0000.png?fit=1500%2C1500&ssl=1\",\"contentUrl\":\"https:\\\/\\\/i0.wp.com\\\/greenspells.com\\\/wp-content\\\/uploads\\\/2020\\\/09\\\/20200722_153424_0000.png?fit=1500%2C1500&ssl=1\",\"width\":1500,\"height\":1500,\"caption\":\"Greenspells\"},\"image\":{\"@id\":\"https:\\\/\\\/greenspells.com\\\/#\\\/schema\\\/logo\\\/image\\\/\"},\"sameAs\":[\"https:\\\/\\\/www.facebook.com\\\/Greenspells\",\"https:\\\/\\\/www.instagram.com\\\/greenspells_store\\\/\"]}]}<\/script>\n<!-- \/ Yoast SEO plugin. -->","yoast_head_json":{"title":"SUNTRIBE  Organic After Sun Balm  Eucalyptus & Jojoba - Greenspells","description":"Natural organic after sun balm with eucalyptus & jojoba. Soothes, cools and restores sun-exposed skin. 100% vegan, plastic-free skincare.","robots":{"index":"index","follow":"follow","max-snippet":"max-snippet:-1","max-image-preview":"max-image-preview:large","max-video-preview":"max-video-preview:-1"},"canonical":"https:\/\/greenspells.com\/lt\/produktas\/suntribe-organic-after-sun-balm-eucalyptus-jojoba\/","og_locale":"lt_LT","og_type":"article","og_title":"SUNTRIBE  Organic After Sun Balm  Eucalyptus & Jojoba - Greenspells","og_description":"Natural organic after sun balm with eucalyptus & jojoba. Soothes, cools and restores sun-exposed skin. 100% vegan, plastic-free skincare.","og_url":"https:\/\/greenspells.com\/lt\/produktas\/suntribe-organic-after-sun-balm-eucalyptus-jojoba\/","og_site_name":"Greenspells","article_publisher":"https:\/\/www.facebook.com\/Greenspells","article_modified_time":"2026-04-08T10:55:02+00:00","og_image":[{"width":2048,"height":2048,"url":"https:\/\/greenspells.com\/wp-content\/uploads\/2026\/04\/After-Sun-Balm-Suntribe-1-1-Copy.jpg","type":"image\/jpeg"}],"twitter_card":"summary_large_image","twitter_misc":{"Est. reading time":"2 minut\u0117s"},"schema":{"@context":"https:\/\/schema.org","@graph":[{"@type":"WebPage","@id":"https:\/\/greenspells.com\/product\/suntribe-organic-after-sun-balm-eucalyptus-jojoba\/","url":"https:\/\/greenspells.com\/product\/suntribe-organic-after-sun-balm-eucalyptus-jojoba\/","name":"SUNTRIBE Organic After Sun Balm Eucalyptus & Jojoba - Greenspells","isPartOf":{"@id":"https:\/\/greenspells.com\/#website"},"primaryImageOfPage":{"@id":"https:\/\/greenspells.com\/product\/suntribe-organic-after-sun-balm-eucalyptus-jojoba\/#primaryimage"},"image":{"@id":"https:\/\/greenspells.com\/product\/suntribe-organic-after-sun-balm-eucalyptus-jojoba\/#primaryimage"},"thumbnailUrl":"https:\/\/i0.wp.com\/greenspells.com\/wp-content\/uploads\/2026\/04\/After-Sun-Balm-Suntribe-1-1-Copy.jpg?fit=2048%2C2048&ssl=1","datePublished":"2026-04-08T10:55:01+00:00","dateModified":"2026-04-08T10:55:02+00:00","description":"Natural organic after sun balm with eucalyptus & jojoba. Soothes, cools and restores sun-exposed skin. 100% vegan, plastic-free skincare.","breadcrumb":{"@id":"https:\/\/greenspells.com\/product\/suntribe-organic-after-sun-balm-eucalyptus-jojoba\/#breadcrumb"},"inLanguage":"lt-LT","potentialAction":[{"@type":"ReadAction","target":["https:\/\/greenspells.com\/product\/suntribe-organic-after-sun-balm-eucalyptus-jojoba\/"]}]},{"@type":"ImageObject","inLanguage":"lt-LT","@id":"https:\/\/greenspells.com\/product\/suntribe-organic-after-sun-balm-eucalyptus-jojoba\/#primaryimage","url":"https:\/\/i0.wp.com\/greenspells.com\/wp-content\/uploads\/2026\/04\/After-Sun-Balm-Suntribe-1-1-Copy.jpg?fit=2048%2C2048&ssl=1","contentUrl":"https:\/\/i0.wp.com\/greenspells.com\/wp-content\/uploads\/2026\/04\/After-Sun-Balm-Suntribe-1-1-Copy.jpg?fit=2048%2C2048&ssl=1","width":2048,"height":2048,"caption":"Suntribe after sun balm"},{"@type":"BreadcrumbList","@id":"https:\/\/greenspells.com\/product\/suntribe-organic-after-sun-balm-eucalyptus-jojoba\/#breadcrumb","itemListElement":[{"@type":"ListItem","position":1,"name":"Home","item":"https:\/\/greenspells.com\/"},{"@type":"ListItem","position":2,"name":"Shop","item":"https:\/\/greenspells.com\/shop\/"},{"@type":"ListItem","position":3,"name":"SUNTRIBE Organic After Sun Balm Eucalyptus &#038; Jojoba"}]},{"@type":"WebSite","@id":"https:\/\/greenspells.com\/#website","url":"https:\/\/greenspells.com\/","name":"Greenspells","description":"Nat\u016brali ir ekologi\u0161ka kosmetika","publisher":{"@id":"https:\/\/greenspells.com\/#organization"},"potentialAction":[{"@type":"SearchAction","target":{"@type":"EntryPoint","urlTemplate":"https:\/\/greenspells.com\/?s={search_term_string}"},"query-input":{"@type":"PropertyValueSpecification","valueRequired":true,"valueName":"search_term_string"}}],"inLanguage":"lt-LT"},{"@type":"Organization","@id":"https:\/\/greenspells.com\/#organization","name":"Greenspells","url":"https:\/\/greenspells.com\/","logo":{"@type":"ImageObject","inLanguage":"lt-LT","@id":"https:\/\/greenspells.com\/#\/schema\/logo\/image\/","url":"https:\/\/i0.wp.com\/greenspells.com\/wp-content\/uploads\/2020\/09\/20200722_153424_0000.png?fit=1500%2C1500&ssl=1","contentUrl":"https:\/\/i0.wp.com\/greenspells.com\/wp-content\/uploads\/2020\/09\/20200722_153424_0000.png?fit=1500%2C1500&ssl=1","width":1500,"height":1500,"caption":"Greenspells"},"image":{"@id":"https:\/\/greenspells.com\/#\/schema\/logo\/image\/"},"sameAs":["https:\/\/www.facebook.com\/Greenspells","https:\/\/www.instagram.com\/greenspells_store\/"]}]}},"jetpack_likes_enabled":true,"jetpack_sharing_enabled":true,"_links":{"self":[{"href":"https:\/\/greenspells.com\/lt\/wp-json\/wp\/v2\/product\/1677578","targetHints":{"allow":["GET"]}}],"collection":[{"href":"https:\/\/greenspells.com\/lt\/wp-json\/wp\/v2\/product"}],"about":[{"href":"https:\/\/greenspells.com\/lt\/wp-json\/wp\/v2\/types\/product"}],"replies":[{"embeddable":true,"href":"https:\/\/greenspells.com\/lt\/wp-json\/wp\/v2\/comments?post=1677578"}],"wp:featuredmedia":[{"embeddable":true,"href":"https:\/\/greenspells.com\/lt\/wp-json\/wp\/v2\/media\/1677581"}],"wp:attachment":[{"href":"https:\/\/greenspells.com\/lt\/wp-json\/wp\/v2\/media?parent=1677578"}],"wp:term":[{"taxonomy":"product_brand","embeddable":true,"href":"https:\/\/greenspells.com\/lt\/wp-json\/wp\/v2\/product_brand?post=1677578"},{"taxonomy":"product_cat","embeddable":true,"href":"https:\/\/greenspells.com\/lt\/wp-json\/wp\/v2\/product_cat?post=1677578"},{"taxonomy":"product_tag","embeddable":true,"href":"https:\/\/greenspells.com\/lt\/wp-json\/wp\/v2\/product_tag?post=1677578"}],"curies":[{"name":"wp","href":"https:\/\/api.w.org\/{rel}","templated":true}]}}