{"id":1677545,"date":"2026-04-07T14:49:25","date_gmt":"2026-04-07T12:49:25","guid":{"rendered":"https:\/\/greenspells.com\/?post_type=product&#038;p=1677545"},"modified":"2026-04-07T14:49:26","modified_gmt":"2026-04-07T12:49:26","slug":"suntribe-organic-mineral-day-cream-untinted-spf-20","status":"publish","type":"product","link":"https:\/\/greenspells.com\/lt\/produktas\/suntribe-organic-mineral-day-cream-untinted-spf-20\/","title":{"rendered":"SUNTRIBE <br> Ekologi\u0161kas mineralinis dieninis kremas <br> Be atspalvio, SPF20"},"content":{"rendered":"<p data-start=\"220\" data-end=\"335\">Lengvos tekst\u016bros, neriebus mineralinis dieninis kremas, skirtas dr\u0117kinti, apsaugoti ir palaikyti odos balans\u0105 visos dienos metu.<\/p>\n<p data-start=\"337\" data-end=\"655\">Sud\u0117tyje esantis <strong data-start=\"353\" data-end=\"376\">ne nano cinko oksidas<\/strong>, u\u017etikrina plataus spektro apsaug\u0105 nuo UVA ir UVB spinduli\u0173, veikdamas kaip fizinis barjeras ir i\u0161likdamas \u0161velnus net jautriai odai.<\/p>\n<p data-start=\"657\" data-end=\"971\">Praturtintas <strong data-start=\"671\" data-end=\"691\">er\u0161k\u0117tuogi\u0173 s\u0117kl\u0173 aliejumi,<\/strong>, <strong data-start=\"693\" data-end=\"707\">migdol\u0173 aliejumi<\/strong>ir <strong data-start=\"713\" data-end=\"727\">simondsij\u0173 (jojoba) aliejumi,<\/strong>kurie maitina od\u0105, padeda palaikyti jos elastingum\u0105 ir nat\u016bral\u0173 atsinaujinim\u0105. Ry\u017ei\u0173 krakmolas suteikia lengv\u0105, \u0161iek tiek matin\u012f efekt\u0105, neapsunkindamas odos.<\/p>\n<p data-start=\"973\" data-end=\"1166\">Vegani\u0161ka, nekomedogeni\u0161ka formul\u0117 be kvapikli\u0173, konservant\u0173 ir sintetini\u0173 pried\u0173 \u2013 \u0161varus pasirinkimas kasdienei odos prie\u017ei\u016brai.<\/p>\n<p data-start=\"1168\" data-end=\"1286\">Puikiai tinka naudoti kaip dienin\u012f krem\u0105 \u2013 vien\u0105 arba prie\u0161 makia\u017e\u0105.<\/p>\n<p data-start=\"1288\" data-end=\"1380\"><strong data-start=\"1288\" data-end=\"1299\">Rezultatas:<\/strong> sudr\u0117kinta, apsaugota ir nat\u016braliai subalansuota oda.<\/p>\n<p data-start=\"1288\" data-end=\"1380\"><span role=\"text\"><strong data-start=\"1390\" data-end=\"1406\">Pagrindiniai privalumai:<\/strong><\/span><\/p>\n<ul data-start=\"1408\" data-end=\"1803\">\n<li data-section-id=\"1n5barc\" data-start=\"1408\" data-end=\"1449\">Mineralin\u0117 SPF 20 apsauga (UVA ir UVB)<\/li>\n<li data-section-id=\"1btnydg\" data-start=\"1450\" data-end=\"1499\">Ne nano cinko oksidas \u0161velniai apsaugai<\/li>\n<li data-section-id=\"qdeyn0\" data-start=\"1500\" data-end=\"1535\">Lengva, neriebi tekst\u016bra<\/li>\n<li data-section-id=\"93nver\" data-start=\"1536\" data-end=\"1571\">Dr\u0117kina ir maitina od\u0105<\/li>\n<li data-section-id=\"1bv9ac\" data-start=\"1572\" data-end=\"1613\">Padeda palaikyti odos elastingum\u0105<\/li>\n<li data-section-id=\"1oqdbrq\" data-start=\"1614\" data-end=\"1655\">Nekem\u0161a por\u0173 (nekomedogeni\u0161kas)<\/li>\n<li data-section-id=\"175wuee\" data-start=\"1656\" data-end=\"1704\">Tinka jautriai, normaliai ir sausai odai<\/li>\n<li data-section-id=\"13ysvsn\" data-start=\"1705\" data-end=\"1768\">Be sintetini\u0173 pried\u0173, kvapikli\u0173 ir konservant\u0173<\/li>\n<li data-section-id=\"1ei1eoj\" data-start=\"1769\" data-end=\"1803\">Vegani\u0161ka ir 100 % nat\u016brali formul\u0117<\/li>\n<\/ul>\n<p><em><strong>Kaip naudoti?<\/strong><\/em><\/p>\n<p>Tepkite nedidel\u012f kiek\u012f ant \u0161varios odos ryte, paskirstykite plonu sluoksniu ant veido.<br data-start=\"1933\" data-end=\"1936\" \/>Naudokite vien\u0105, arba prie\u0161 makia\u017e\u0105.<\/p>\n<p><em><strong>Sud\u0117tis:<\/strong><\/em><\/p>\n<p>Simmondsia Chinensis (Jojoba) Seed Oil\u00b0, Prunus Amygdalus Dulcis (Almond) Oil\u00b0, Oryza Sativa (Rice) Starch, Non-Nano Zinc Oxide, Butyrospermum Parkii (Shea) Butter\u00b0, Euphorbia Cerifera Cera (Candelilla Wax), Copernicia Cerifera Cera (Carnauba Wax), Tocopherol (Vitamin E), Rosa Moschata (Rosehip) Seed Oil\u00b0, Helianthus Annuus (Sunflower) Seed Oil, Amyris Balsamifera Bark Oil. \u00b0Certified organic<\/p>","protected":false},"excerpt":{"rendered":"<p>A lightweight, non-greasy mineral day cream from SUNTRIBE, designed to hydrate, protect, and support your skin throughout the day. Formulated with non-nano zinc oxide, this cream provides reliable broad-spectrum protection against UVA and UVB rays while remaining gentle on the skin. Its mineral-based formula works as a physical barrier, making it especially suitable for sensitive [&hellip;]<\/p>\n","protected":false},"featured_media":1677549,"comment_status":"open","ping_status":"closed","template":"","meta":{"content-type":"","_monsterinsights_skip_tracking":false,"_monsterinsights_sitenote_active":false,"_monsterinsights_sitenote_note":"","_monsterinsights_sitenote_category":0,"_uf_show_specific_survey":0,"_uf_disable_surveys":false},"product_brand":[2228],"product_cat":[1433,34,669,15],"product_tag":[2233,27,991,1500,460,657,2239,2241,461,638,2243,2240,1079,2242],"class_list":{"0":"post-1677545","1":"product","2":"type-product","3":"status-publish","4":"has-post-thumbnail","6":"product_brand-suntribe","7":"product_cat-naujienos","8":"product_cat-skincare","9":"product_cat-sun-protection","10":"product_cat-all-products","11":"product_tag-cinko-oksidas","12":"product_tag-clean-beauty","13":"product_tag-dieninis-kremas","14":"product_tag-drekinantis-kremas","15":"product_tag-ekologiska-kosmetika","16":"product_tag-jautriai-odai","17":"product_tag-kremas-su-spf","18":"product_tag-mineralinis-kremas","19":"product_tag-naturali-kosmetika","20":"product_tag-naturalus-kremas","21":"product_tag-nekomedogeniskas","22":"product_tag-spf-20-veidui","23":"product_tag-vegan-kosmetika","24":"product_tag-veido-kremas-su-spf","26":"first","27":"instock","28":"taxable","29":"shipping-taxable","30":"purchasable","31":"product-type-simple"},"bundled_by":[],"bundle_stock_status":"instock","bundle_stock_quantity":null,"bundle_virtual":false,"bundle_layout":"","bundle_add_to_cart_form_location":"","bundle_editable_in_cart":false,"bundle_sold_individually_context":"","bundle_item_grouping":"","bundle_min_size":"","bundle_max_size":"","bundle_price":[],"bundled_items":[],"bundle_sell_ids":[],"group_of_quantity":0,"min_quantity":0,"max_quantity":"","exclude_order_quantity_value_rules":"no","exclude_category_quantity_rules":"no","combine_variations":"no","exclude_global_add_ons":[],"addons":[],"yoast_head":"<!-- This site is optimized with the Yoast SEO plugin v27.4 - https:\/\/yoast.com\/product\/yoast-seo-wordpress\/ -->\n<title>SUNTRIBE  Organic Mineral Day Cream  Untinted SPF 20 - Greenspells<\/title>\n<meta name=\"description\" content=\"Nat\u016bralus mineralinis dieninis kremas su SPF 20. Dr\u0117kina, saugo nuo saul\u0117s ir tinka jautriai odai. \u0160vari sud\u0117tis, be sintetini\u0173 pried\u0173.\" \/>\n<meta name=\"robots\" content=\"index, follow, max-snippet:-1, max-image-preview:large, max-video-preview:-1\" \/>\n<link rel=\"canonical\" href=\"https:\/\/greenspells.com\/lt\/produktas\/suntribe-organic-mineral-day-cream-untinted-spf-20\/\" \/>\n<meta property=\"og:locale\" content=\"lt_LT\" \/>\n<meta property=\"og:type\" content=\"article\" \/>\n<meta property=\"og:title\" content=\"SUNTRIBE  Organic Mineral Day Cream  Untinted SPF 20 - Greenspells\" \/>\n<meta property=\"og:description\" content=\"Nat\u016bralus mineralinis dieninis kremas su SPF 20. Dr\u0117kina, saugo nuo saul\u0117s ir tinka jautriai odai. \u0160vari sud\u0117tis, be sintetini\u0173 pried\u0173.\" \/>\n<meta property=\"og:url\" content=\"https:\/\/greenspells.com\/lt\/produktas\/suntribe-organic-mineral-day-cream-untinted-spf-20\/\" \/>\n<meta property=\"og:site_name\" content=\"Greenspells\" \/>\n<meta property=\"article:publisher\" content=\"https:\/\/www.facebook.com\/Greenspells\" \/>\n<meta property=\"article:modified_time\" content=\"2026-04-07T12:49:26+00:00\" \/>\n<meta property=\"og:image\" content=\"https:\/\/greenspells.com\/wp-content\/uploads\/2026\/04\/Untinted-Day-Cream-SPF-20-Suntribe-1-1.jpg\" \/>\n\t<meta property=\"og:image:width\" content=\"2000\" \/>\n\t<meta property=\"og:image:height\" content=\"2000\" \/>\n\t<meta property=\"og:image:type\" content=\"image\/jpeg\" \/>\n<meta name=\"twitter:card\" content=\"summary_large_image\" \/>\n<meta name=\"twitter:label1\" content=\"Est. reading time\" \/>\n\t<meta name=\"twitter:data1\" content=\"2 minut\u0117s\" \/>\n<script type=\"application\/ld+json\" class=\"yoast-schema-graph\">{\"@context\":\"https:\\\/\\\/schema.org\",\"@graph\":[{\"@type\":\"WebPage\",\"@id\":\"https:\\\/\\\/greenspells.com\\\/product\\\/suntribe-organic-mineral-day-cream-untinted-spf-20\\\/\",\"url\":\"https:\\\/\\\/greenspells.com\\\/product\\\/suntribe-organic-mineral-day-cream-untinted-spf-20\\\/\",\"name\":\"SUNTRIBE Organic Mineral Day Cream Untinted SPF 20 - Greenspells\",\"isPartOf\":{\"@id\":\"https:\\\/\\\/greenspells.com\\\/#website\"},\"primaryImageOfPage\":{\"@id\":\"https:\\\/\\\/greenspells.com\\\/product\\\/suntribe-organic-mineral-day-cream-untinted-spf-20\\\/#primaryimage\"},\"image\":{\"@id\":\"https:\\\/\\\/greenspells.com\\\/product\\\/suntribe-organic-mineral-day-cream-untinted-spf-20\\\/#primaryimage\"},\"thumbnailUrl\":\"https:\\\/\\\/i0.wp.com\\\/greenspells.com\\\/wp-content\\\/uploads\\\/2026\\\/04\\\/Untinted-Day-Cream-SPF-20-Suntribe-1-1.jpg?fit=2000%2C2000&ssl=1\",\"datePublished\":\"2026-04-07T12:49:25+00:00\",\"dateModified\":\"2026-04-07T12:49:26+00:00\",\"description\":\"Nat\u016bralus mineralinis dieninis kremas su SPF 20. Dr\u0117kina, saugo nuo saul\u0117s ir tinka jautriai odai. \u0160vari sud\u0117tis, be sintetini\u0173 pried\u0173.\",\"breadcrumb\":{\"@id\":\"https:\\\/\\\/greenspells.com\\\/product\\\/suntribe-organic-mineral-day-cream-untinted-spf-20\\\/#breadcrumb\"},\"inLanguage\":\"lt-LT\",\"potentialAction\":[{\"@type\":\"ReadAction\",\"target\":[\"https:\\\/\\\/greenspells.com\\\/product\\\/suntribe-organic-mineral-day-cream-untinted-spf-20\\\/\"]}]},{\"@type\":\"ImageObject\",\"inLanguage\":\"lt-LT\",\"@id\":\"https:\\\/\\\/greenspells.com\\\/product\\\/suntribe-organic-mineral-day-cream-untinted-spf-20\\\/#primaryimage\",\"url\":\"https:\\\/\\\/i0.wp.com\\\/greenspells.com\\\/wp-content\\\/uploads\\\/2026\\\/04\\\/Untinted-Day-Cream-SPF-20-Suntribe-1-1.jpg?fit=2000%2C2000&ssl=1\",\"contentUrl\":\"https:\\\/\\\/i0.wp.com\\\/greenspells.com\\\/wp-content\\\/uploads\\\/2026\\\/04\\\/Untinted-Day-Cream-SPF-20-Suntribe-1-1.jpg?fit=2000%2C2000&ssl=1\",\"width\":2000,\"height\":2000,\"caption\":\"Suntribe spf20 untinted\"},{\"@type\":\"BreadcrumbList\",\"@id\":\"https:\\\/\\\/greenspells.com\\\/product\\\/suntribe-organic-mineral-day-cream-untinted-spf-20\\\/#breadcrumb\",\"itemListElement\":[{\"@type\":\"ListItem\",\"position\":1,\"name\":\"Home\",\"item\":\"https:\\\/\\\/greenspells.com\\\/\"},{\"@type\":\"ListItem\",\"position\":2,\"name\":\"Shop\",\"item\":\"https:\\\/\\\/greenspells.com\\\/shop\\\/\"},{\"@type\":\"ListItem\",\"position\":3,\"name\":\"SUNTRIBE Organic Mineral Day Cream Untinted SPF 20\"}]},{\"@type\":\"WebSite\",\"@id\":\"https:\\\/\\\/greenspells.com\\\/#website\",\"url\":\"https:\\\/\\\/greenspells.com\\\/\",\"name\":\"Greenspells\",\"description\":\"Nat\u016brali ir ekologi\u0161ka kosmetika\",\"publisher\":{\"@id\":\"https:\\\/\\\/greenspells.com\\\/#organization\"},\"potentialAction\":[{\"@type\":\"SearchAction\",\"target\":{\"@type\":\"EntryPoint\",\"urlTemplate\":\"https:\\\/\\\/greenspells.com\\\/?s={search_term_string}\"},\"query-input\":{\"@type\":\"PropertyValueSpecification\",\"valueRequired\":true,\"valueName\":\"search_term_string\"}}],\"inLanguage\":\"lt-LT\"},{\"@type\":\"Organization\",\"@id\":\"https:\\\/\\\/greenspells.com\\\/#organization\",\"name\":\"Greenspells\",\"url\":\"https:\\\/\\\/greenspells.com\\\/\",\"logo\":{\"@type\":\"ImageObject\",\"inLanguage\":\"lt-LT\",\"@id\":\"https:\\\/\\\/greenspells.com\\\/#\\\/schema\\\/logo\\\/image\\\/\",\"url\":\"https:\\\/\\\/i0.wp.com\\\/greenspells.com\\\/wp-content\\\/uploads\\\/2020\\\/09\\\/20200722_153424_0000.png?fit=1500%2C1500&ssl=1\",\"contentUrl\":\"https:\\\/\\\/i0.wp.com\\\/greenspells.com\\\/wp-content\\\/uploads\\\/2020\\\/09\\\/20200722_153424_0000.png?fit=1500%2C1500&ssl=1\",\"width\":1500,\"height\":1500,\"caption\":\"Greenspells\"},\"image\":{\"@id\":\"https:\\\/\\\/greenspells.com\\\/#\\\/schema\\\/logo\\\/image\\\/\"},\"sameAs\":[\"https:\\\/\\\/www.facebook.com\\\/Greenspells\",\"https:\\\/\\\/www.instagram.com\\\/greenspells_store\\\/\"]}]}<\/script>\n<!-- \/ Yoast SEO plugin. -->","yoast_head_json":{"title":"SUNTRIBE  Organic Mineral Day Cream  Untinted SPF 20 - Greenspells","description":"Nat\u016bralus mineralinis dieninis kremas su SPF 20. Dr\u0117kina, saugo nuo saul\u0117s ir tinka jautriai odai. \u0160vari sud\u0117tis, be sintetini\u0173 pried\u0173.","robots":{"index":"index","follow":"follow","max-snippet":"max-snippet:-1","max-image-preview":"max-image-preview:large","max-video-preview":"max-video-preview:-1"},"canonical":"https:\/\/greenspells.com\/lt\/produktas\/suntribe-organic-mineral-day-cream-untinted-spf-20\/","og_locale":"lt_LT","og_type":"article","og_title":"SUNTRIBE  Organic Mineral Day Cream  Untinted SPF 20 - Greenspells","og_description":"Nat\u016bralus mineralinis dieninis kremas su SPF 20. Dr\u0117kina, saugo nuo saul\u0117s ir tinka jautriai odai. \u0160vari sud\u0117tis, be sintetini\u0173 pried\u0173.","og_url":"https:\/\/greenspells.com\/lt\/produktas\/suntribe-organic-mineral-day-cream-untinted-spf-20\/","og_site_name":"Greenspells","article_publisher":"https:\/\/www.facebook.com\/Greenspells","article_modified_time":"2026-04-07T12:49:26+00:00","og_image":[{"width":2000,"height":2000,"url":"https:\/\/greenspells.com\/wp-content\/uploads\/2026\/04\/Untinted-Day-Cream-SPF-20-Suntribe-1-1.jpg","type":"image\/jpeg"}],"twitter_card":"summary_large_image","twitter_misc":{"Est. reading time":"2 minut\u0117s"},"schema":{"@context":"https:\/\/schema.org","@graph":[{"@type":"WebPage","@id":"https:\/\/greenspells.com\/product\/suntribe-organic-mineral-day-cream-untinted-spf-20\/","url":"https:\/\/greenspells.com\/product\/suntribe-organic-mineral-day-cream-untinted-spf-20\/","name":"SUNTRIBE Organic Mineral Day Cream Untinted SPF 20 - Greenspells","isPartOf":{"@id":"https:\/\/greenspells.com\/#website"},"primaryImageOfPage":{"@id":"https:\/\/greenspells.com\/product\/suntribe-organic-mineral-day-cream-untinted-spf-20\/#primaryimage"},"image":{"@id":"https:\/\/greenspells.com\/product\/suntribe-organic-mineral-day-cream-untinted-spf-20\/#primaryimage"},"thumbnailUrl":"https:\/\/i0.wp.com\/greenspells.com\/wp-content\/uploads\/2026\/04\/Untinted-Day-Cream-SPF-20-Suntribe-1-1.jpg?fit=2000%2C2000&ssl=1","datePublished":"2026-04-07T12:49:25+00:00","dateModified":"2026-04-07T12:49:26+00:00","description":"Nat\u016bralus mineralinis dieninis kremas su SPF 20. Dr\u0117kina, saugo nuo saul\u0117s ir tinka jautriai odai. \u0160vari sud\u0117tis, be sintetini\u0173 pried\u0173.","breadcrumb":{"@id":"https:\/\/greenspells.com\/product\/suntribe-organic-mineral-day-cream-untinted-spf-20\/#breadcrumb"},"inLanguage":"lt-LT","potentialAction":[{"@type":"ReadAction","target":["https:\/\/greenspells.com\/product\/suntribe-organic-mineral-day-cream-untinted-spf-20\/"]}]},{"@type":"ImageObject","inLanguage":"lt-LT","@id":"https:\/\/greenspells.com\/product\/suntribe-organic-mineral-day-cream-untinted-spf-20\/#primaryimage","url":"https:\/\/i0.wp.com\/greenspells.com\/wp-content\/uploads\/2026\/04\/Untinted-Day-Cream-SPF-20-Suntribe-1-1.jpg?fit=2000%2C2000&ssl=1","contentUrl":"https:\/\/i0.wp.com\/greenspells.com\/wp-content\/uploads\/2026\/04\/Untinted-Day-Cream-SPF-20-Suntribe-1-1.jpg?fit=2000%2C2000&ssl=1","width":2000,"height":2000,"caption":"Suntribe spf20 untinted"},{"@type":"BreadcrumbList","@id":"https:\/\/greenspells.com\/product\/suntribe-organic-mineral-day-cream-untinted-spf-20\/#breadcrumb","itemListElement":[{"@type":"ListItem","position":1,"name":"Home","item":"https:\/\/greenspells.com\/"},{"@type":"ListItem","position":2,"name":"Shop","item":"https:\/\/greenspells.com\/shop\/"},{"@type":"ListItem","position":3,"name":"SUNTRIBE Organic Mineral Day Cream Untinted SPF 20"}]},{"@type":"WebSite","@id":"https:\/\/greenspells.com\/#website","url":"https:\/\/greenspells.com\/","name":"Greenspells","description":"Nat\u016brali ir ekologi\u0161ka kosmetika","publisher":{"@id":"https:\/\/greenspells.com\/#organization"},"potentialAction":[{"@type":"SearchAction","target":{"@type":"EntryPoint","urlTemplate":"https:\/\/greenspells.com\/?s={search_term_string}"},"query-input":{"@type":"PropertyValueSpecification","valueRequired":true,"valueName":"search_term_string"}}],"inLanguage":"lt-LT"},{"@type":"Organization","@id":"https:\/\/greenspells.com\/#organization","name":"Greenspells","url":"https:\/\/greenspells.com\/","logo":{"@type":"ImageObject","inLanguage":"lt-LT","@id":"https:\/\/greenspells.com\/#\/schema\/logo\/image\/","url":"https:\/\/i0.wp.com\/greenspells.com\/wp-content\/uploads\/2020\/09\/20200722_153424_0000.png?fit=1500%2C1500&ssl=1","contentUrl":"https:\/\/i0.wp.com\/greenspells.com\/wp-content\/uploads\/2020\/09\/20200722_153424_0000.png?fit=1500%2C1500&ssl=1","width":1500,"height":1500,"caption":"Greenspells"},"image":{"@id":"https:\/\/greenspells.com\/#\/schema\/logo\/image\/"},"sameAs":["https:\/\/www.facebook.com\/Greenspells","https:\/\/www.instagram.com\/greenspells_store\/"]}]}},"jetpack_likes_enabled":true,"jetpack_sharing_enabled":true,"_links":{"self":[{"href":"https:\/\/greenspells.com\/lt\/wp-json\/wp\/v2\/product\/1677545","targetHints":{"allow":["GET"]}}],"collection":[{"href":"https:\/\/greenspells.com\/lt\/wp-json\/wp\/v2\/product"}],"about":[{"href":"https:\/\/greenspells.com\/lt\/wp-json\/wp\/v2\/types\/product"}],"replies":[{"embeddable":true,"href":"https:\/\/greenspells.com\/lt\/wp-json\/wp\/v2\/comments?post=1677545"}],"wp:featuredmedia":[{"embeddable":true,"href":"https:\/\/greenspells.com\/lt\/wp-json\/wp\/v2\/media\/1677549"}],"wp:attachment":[{"href":"https:\/\/greenspells.com\/lt\/wp-json\/wp\/v2\/media?parent=1677545"}],"wp:term":[{"taxonomy":"product_brand","embeddable":true,"href":"https:\/\/greenspells.com\/lt\/wp-json\/wp\/v2\/product_brand?post=1677545"},{"taxonomy":"product_cat","embeddable":true,"href":"https:\/\/greenspells.com\/lt\/wp-json\/wp\/v2\/product_cat?post=1677545"},{"taxonomy":"product_tag","embeddable":true,"href":"https:\/\/greenspells.com\/lt\/wp-json\/wp\/v2\/product_tag?post=1677545"}],"curies":[{"name":"wp","href":"https:\/\/api.w.org\/{rel}","templated":true}]}}