{"id":1677465,"date":"2026-04-03T14:38:27","date_gmt":"2026-04-03T12:38:27","guid":{"rendered":"https:\/\/greenspells.com\/?post_type=product&#038;p=1677465"},"modified":"2026-04-03T14:38:28","modified_gmt":"2026-04-03T12:38:28","slug":"luuv-super-glow-day-cream-vitamin-c-d-50ml","status":"publish","type":"product","link":"https:\/\/greenspells.com\/lt\/produktas\/luuv-super-glow-day-cream-vitamin-c-d-50ml\/","title":{"rendered":"LUUV <br> SUPER GLOW Vitamino C + D veido kremas <br> 50ml"},"content":{"rendered":"<p>Inovatyvus kremas, sukurtas pavargusiai, papilk\u0117jusiai odai atgaivinti ir nat\u016braliam jos \u0161vyt\u0117jimui sugr\u0105\u017einti.<\/p>\n<p>Kremas gerina odos elastingum\u0105, intensyviai dr\u0117kina ir imituoja teigiam\u0105 saul\u0117s poveik\u012f \u2013 padeda pagerinti nuotaik\u0105 ir energijos lyg\u012f. Jis aktyvina vitamino D gamyb\u0105 odoje, taip prisid\u0117damas prie bendros savijautos gerinimo ir sezoninio nuotaikos sutrikimo (SAD) simptom\u0173 ma\u017einimo.<\/p>\n<p>Vitaminas C skatina kolageno gamyb\u0105, tod\u0117l padeda ma\u017einti smulkias rauk\u0161les ir odos sen\u0117jimo po\u017eymius. Stabilizuota vitamino C forma \u2013 Ascorbyl Glucoside \u2013 pasi\u017eymi giliu \u012fsiskverbimu, ilgalaikiu poveikiu ir \u0161velnumu, tod\u0117l tinka net jautriai odai.<\/p>\n<p>Papildytas hialurono r\u016bg\u0161timi ir augalin\u0117s kilm\u0117s skvalanu, kremas palieka od\u0105 mink\u0161t\u0105 ir elasting\u0105. \u0160i dvigubo poveikio formul\u0117 pasi\u017eymi holistiniu po\u017ei\u016briu \u2013 saugo od\u0105, skatina melanino gamyb\u0105 ir gerina bendr\u0105 savijaut\u0105.<\/p>\n<p>Tai, kas daro m\u016bs\u0173 Vitamin C + D krem\u0105 i\u0161skirtin\u012f, yra jo ideali sud\u0117tis \u2013 jis n\u0117ra nei per sunkus, nei per lengvas, o suteikia b\u016btent tiek dr\u0117kinimo, kiek reikia. Naudokite j\u012f ryte, kad suteiktum\u0117te odai energijos ir apsaug\u0105 visai dienai.<\/p>\n<p>Be to, \u0161is serumas yra sertifikuotas pagal COSMOS ECOCERT Organic standart\u0105, o tai rei\u0161kia, kad kiekvienas ingredientas yra kruop\u0161\u010diai atrinktas ir tvariai i\u0161gautas, u\u017etikrinant auk\u0161\u010diausius ekologi\u0161kos odos prie\u017ei\u016bros standartus.<\/p>\n<ul>\n<li aria-level=\"1\">Tinka papilk\u0117jusiai, pavargusiai odai<\/li>\n<li aria-level=\"1\">Stabilizuota vitamino C forma u\u017etikrina ilgalaik\u012f poveik\u012f<\/li>\n<li aria-level=\"1\">Aktyvina vitamino D gamyb\u0105 odoje<\/li>\n<li aria-level=\"1\">Gerina odos elastingum\u0105<\/li>\n<li aria-level=\"1\">Suteikia maksimal\u0173 dr\u0117kinim\u0105<\/li>\n<li aria-level=\"1\">Su hialurono r\u016bg\u0161timi ir skvalanu<\/li>\n<li aria-level=\"1\">Gerina bendr\u0105 nuotaik\u0105 ir energijos lyg\u012f<\/li>\n<li aria-level=\"1\">Puikiai tinka naudoti ryte<\/li>\n<li aria-level=\"1\">Sertifikuota pagal COSMOS ECOCERT Organic standart\u0105<\/li>\n<\/ul>\n<p><em><strong>Kaip naudoti?<\/strong><\/em><\/p>\n<p>Tepkite 1\u20132 paspaudimus ant \u0161varios odos, \u0161velniai \u012fmasa\u017euokite. Naudokite ryte, kad suteiktum\u0117te odai energijos ir apsaug\u0105 visai dienai.<\/p>\n<p><em><strong>Sud\u0117tis:<\/strong><\/em><\/p>\n<p>Aqua, Citrus Aurantium Dulcis (Orange) Flower Water*, Caprylic\/Capric Triglyceride, Hydrogenated Rapeseed Oil, Ascorbyl Glucoside (C-Vitamin), Squalane, Octyldodecanol, Glyceryl Stearate, Glycerin, Polyglyceryl-3 Distearate, Glyceryl Stearate Citrate, Sodium Hydroxide, Triethyl Citrate, Glyceryl Caprylate, Benzoic Acid, Moringa Oleifera Seed Oil, Rosmarinus Officinalis (Rosemary) Leaf Extract , Polygonum Tinctorium Leaf\/Stem Extract, Sodium Hyaluronate, Hippophae Rhamnoides (Sea Buckthorn) Fruit Oil, Xanthan Gum, Cetyl Alcohol, Oryza Sativa (Rice) Starch, Tocopherol (E-Vitamin)<\/p>\n<p>*ingredients from organic farming 99.87% natural origin of total 25% of the total ingredients are from organic farming. COSMOS ORGANIC certified by Ecocert Greenlife according to COSMOS Standard.<\/p>","protected":false},"excerpt":{"rendered":"<p>LUUV\u2019s innovative Vitamin C + D cream is created to revive tired and dull skin and to bring out the natural radiance of your skin. It improves skin elasticity, deeply hydrates, and mimics the beneficial effects of sunlight, boosting mood and energy levels. This innovative cream activates vitamin D production, promoting overall well-being and reducing [&hellip;]<\/p>\n","protected":false},"featured_media":1677470,"comment_status":"open","ping_status":"closed","template":"","meta":{"content-type":"","_monsterinsights_skip_tracking":false,"_monsterinsights_sitenote_active":false,"_monsterinsights_sitenote_note":"","_monsterinsights_sitenote_category":0,"_uf_show_specific_survey":0,"_uf_disable_surveys":false},"product_brand":[2069],"product_cat":[40,1433,34,15],"product_tag":[2222,27,2213,991,460,2226,733,2204,2224,461,2191,877,1127,2187,1634,2225,2227],"class_list":{"0":"post-1677465","1":"product","2":"type-product","3":"status-publish","4":"has-post-thumbnail","6":"product_brand-luuv","7":"product_cat-moisturizers","8":"product_cat-naujienos","9":"product_cat-skincare","10":"product_cat-all-products","11":"product_tag-ascorbyl-glucoside","12":"product_tag-clean-beauty","13":"product_tag-cosmos-sertifikuota","14":"product_tag-dieninis-kremas","15":"product_tag-ekologiska-kosmetika","16":"product_tag-energizuojantis-kremas","17":"product_tag-hialurono-rugstis","18":"product_tag-kolageno-skatinimas","19":"product_tag-kremas-su-vitaminu-c","20":"product_tag-naturali-kosmetika","21":"product_tag-odos-elastingumas","22":"product_tag-pavargusiai-odai","23":"product_tag-skaistinantis-kremas","24":"product_tag-skvalanas","25":"product_tag-veido-kremas","26":"product_tag-vitamin-c-kremas","27":"product_tag-vitaminas-d","29":"first","30":"instock","31":"taxable","32":"shipping-taxable","33":"purchasable","34":"product-type-simple"},"bundled_by":[],"bundle_stock_status":"instock","bundle_stock_quantity":null,"bundle_virtual":false,"bundle_layout":"","bundle_add_to_cart_form_location":"","bundle_editable_in_cart":false,"bundle_sold_individually_context":"","bundle_item_grouping":"","bundle_min_size":"","bundle_max_size":"","bundle_price":[],"bundled_items":[],"bundle_sell_ids":[],"group_of_quantity":0,"min_quantity":0,"max_quantity":"","exclude_order_quantity_value_rules":"no","exclude_category_quantity_rules":"no","combine_variations":"no","exclude_global_add_ons":[],"addons":[],"yoast_head":"<!-- This site is optimized with the Yoast SEO plugin v27.6 - https:\/\/yoast.com\/product\/yoast-seo-wordpress\/ -->\n<title>LUUV  Super Glow Day cream Vitamin C + D  50ml - Greenspells<\/title>\n<meta name=\"description\" content=\"Veido kremas su vitaminu C ir D, hialuronu bei skvalanu. Skaistina, dr\u0117kina ir gerina odos elastingum\u0105. COSMOS sertifikuotas.\" \/>\n<meta name=\"robots\" content=\"index, follow, max-snippet:-1, max-image-preview:large, max-video-preview:-1\" \/>\n<link rel=\"canonical\" href=\"https:\/\/greenspells.com\/lt\/produktas\/luuv-super-glow-day-cream-vitamin-c-d-50ml\/\" \/>\n<meta property=\"og:locale\" content=\"lt_LT\" \/>\n<meta property=\"og:type\" content=\"article\" \/>\n<meta property=\"og:title\" content=\"LUUV  Super Glow Day cream Vitamin C + D  50ml - Greenspells\" \/>\n<meta property=\"og:description\" content=\"Veido kremas su vitaminu C ir D, hialuronu bei skvalanu. Skaistina, dr\u0117kina ir gerina odos elastingum\u0105. COSMOS sertifikuotas.\" \/>\n<meta property=\"og:url\" content=\"https:\/\/greenspells.com\/lt\/produktas\/luuv-super-glow-day-cream-vitamin-c-d-50ml\/\" \/>\n<meta property=\"og:site_name\" content=\"Greenspells\" \/>\n<meta property=\"article:publisher\" content=\"https:\/\/www.facebook.com\/Greenspells\" \/>\n<meta property=\"article:modified_time\" content=\"2026-04-03T12:38:28+00:00\" \/>\n<meta property=\"og:image\" content=\"https:\/\/greenspells.com\/wp-content\/uploads\/2026\/04\/luuv_cd_cream_jpg.jpg\" \/>\n\t<meta property=\"og:image:width\" content=\"2048\" \/>\n\t<meta property=\"og:image:height\" content=\"2560\" \/>\n\t<meta property=\"og:image:type\" content=\"image\/jpeg\" \/>\n<meta name=\"twitter:card\" content=\"summary_large_image\" \/>\n<meta name=\"twitter:label1\" content=\"Est. reading time\" \/>\n\t<meta name=\"twitter:data1\" content=\"2 minut\u0117s\" \/>\n<script type=\"application\/ld+json\" class=\"yoast-schema-graph\">{\"@context\":\"https:\\\/\\\/schema.org\",\"@graph\":[{\"@type\":\"WebPage\",\"@id\":\"https:\\\/\\\/greenspells.com\\\/product\\\/luuv-super-glow-day-cream-vitamin-c-d-50ml\\\/\",\"url\":\"https:\\\/\\\/greenspells.com\\\/product\\\/luuv-super-glow-day-cream-vitamin-c-d-50ml\\\/\",\"name\":\"LUUV Super Glow Day cream Vitamin C + D 50ml - Greenspells\",\"isPartOf\":{\"@id\":\"https:\\\/\\\/greenspells.com\\\/#website\"},\"primaryImageOfPage\":{\"@id\":\"https:\\\/\\\/greenspells.com\\\/product\\\/luuv-super-glow-day-cream-vitamin-c-d-50ml\\\/#primaryimage\"},\"image\":{\"@id\":\"https:\\\/\\\/greenspells.com\\\/product\\\/luuv-super-glow-day-cream-vitamin-c-d-50ml\\\/#primaryimage\"},\"thumbnailUrl\":\"https:\\\/\\\/i0.wp.com\\\/greenspells.com\\\/wp-content\\\/uploads\\\/2026\\\/04\\\/luuv_cd_cream_jpg.jpg?fit=2048%2C2560&ssl=1\",\"datePublished\":\"2026-04-03T12:38:27+00:00\",\"dateModified\":\"2026-04-03T12:38:28+00:00\",\"description\":\"Veido kremas su vitaminu C ir D, hialuronu bei skvalanu. Skaistina, dr\u0117kina ir gerina odos elastingum\u0105. COSMOS sertifikuotas.\",\"breadcrumb\":{\"@id\":\"https:\\\/\\\/greenspells.com\\\/product\\\/luuv-super-glow-day-cream-vitamin-c-d-50ml\\\/#breadcrumb\"},\"inLanguage\":\"lt-LT\",\"potentialAction\":[{\"@type\":\"ReadAction\",\"target\":[\"https:\\\/\\\/greenspells.com\\\/product\\\/luuv-super-glow-day-cream-vitamin-c-d-50ml\\\/\"]}]},{\"@type\":\"ImageObject\",\"inLanguage\":\"lt-LT\",\"@id\":\"https:\\\/\\\/greenspells.com\\\/product\\\/luuv-super-glow-day-cream-vitamin-c-d-50ml\\\/#primaryimage\",\"url\":\"https:\\\/\\\/i0.wp.com\\\/greenspells.com\\\/wp-content\\\/uploads\\\/2026\\\/04\\\/luuv_cd_cream_jpg.jpg?fit=2048%2C2560&ssl=1\",\"contentUrl\":\"https:\\\/\\\/i0.wp.com\\\/greenspells.com\\\/wp-content\\\/uploads\\\/2026\\\/04\\\/luuv_cd_cream_jpg.jpg?fit=2048%2C2560&ssl=1\",\"width\":2048,\"height\":2560,\"caption\":\"luuv vitamin c + d cream\"},{\"@type\":\"BreadcrumbList\",\"@id\":\"https:\\\/\\\/greenspells.com\\\/product\\\/luuv-super-glow-day-cream-vitamin-c-d-50ml\\\/#breadcrumb\",\"itemListElement\":[{\"@type\":\"ListItem\",\"position\":1,\"name\":\"Home\",\"item\":\"https:\\\/\\\/greenspells.com\\\/\"},{\"@type\":\"ListItem\",\"position\":2,\"name\":\"Shop\",\"item\":\"https:\\\/\\\/greenspells.com\\\/shop\\\/\"},{\"@type\":\"ListItem\",\"position\":3,\"name\":\"LUUV Super Glow Day cream Vitamin C + D 50ml\"}]},{\"@type\":\"WebSite\",\"@id\":\"https:\\\/\\\/greenspells.com\\\/#website\",\"url\":\"https:\\\/\\\/greenspells.com\\\/\",\"name\":\"Greenspells\",\"description\":\"Nat\u016brali ir ekologi\u0161ka kosmetika\",\"publisher\":{\"@id\":\"https:\\\/\\\/greenspells.com\\\/#organization\"},\"potentialAction\":[{\"@type\":\"SearchAction\",\"target\":{\"@type\":\"EntryPoint\",\"urlTemplate\":\"https:\\\/\\\/greenspells.com\\\/?s={search_term_string}\"},\"query-input\":{\"@type\":\"PropertyValueSpecification\",\"valueRequired\":true,\"valueName\":\"search_term_string\"}}],\"inLanguage\":\"lt-LT\"},{\"@type\":\"Organization\",\"@id\":\"https:\\\/\\\/greenspells.com\\\/#organization\",\"name\":\"Greenspells\",\"url\":\"https:\\\/\\\/greenspells.com\\\/\",\"logo\":{\"@type\":\"ImageObject\",\"inLanguage\":\"lt-LT\",\"@id\":\"https:\\\/\\\/greenspells.com\\\/#\\\/schema\\\/logo\\\/image\\\/\",\"url\":\"https:\\\/\\\/i0.wp.com\\\/greenspells.com\\\/wp-content\\\/uploads\\\/2020\\\/09\\\/20200722_153424_0000.png?fit=1500%2C1500&ssl=1\",\"contentUrl\":\"https:\\\/\\\/i0.wp.com\\\/greenspells.com\\\/wp-content\\\/uploads\\\/2020\\\/09\\\/20200722_153424_0000.png?fit=1500%2C1500&ssl=1\",\"width\":1500,\"height\":1500,\"caption\":\"Greenspells\"},\"image\":{\"@id\":\"https:\\\/\\\/greenspells.com\\\/#\\\/schema\\\/logo\\\/image\\\/\"},\"sameAs\":[\"https:\\\/\\\/www.facebook.com\\\/Greenspells\",\"https:\\\/\\\/www.instagram.com\\\/greenspells_store\\\/\"]}]}<\/script>\n<!-- \/ Yoast SEO plugin. -->","yoast_head_json":{"title":"LUUV  Super Glow Day cream Vitamin C + D  50ml - Greenspells","description":"Veido kremas su vitaminu C ir D, hialuronu bei skvalanu. Skaistina, dr\u0117kina ir gerina odos elastingum\u0105. COSMOS sertifikuotas.","robots":{"index":"index","follow":"follow","max-snippet":"max-snippet:-1","max-image-preview":"max-image-preview:large","max-video-preview":"max-video-preview:-1"},"canonical":"https:\/\/greenspells.com\/lt\/produktas\/luuv-super-glow-day-cream-vitamin-c-d-50ml\/","og_locale":"lt_LT","og_type":"article","og_title":"LUUV  Super Glow Day cream Vitamin C + D  50ml - Greenspells","og_description":"Veido kremas su vitaminu C ir D, hialuronu bei skvalanu. Skaistina, dr\u0117kina ir gerina odos elastingum\u0105. COSMOS sertifikuotas.","og_url":"https:\/\/greenspells.com\/lt\/produktas\/luuv-super-glow-day-cream-vitamin-c-d-50ml\/","og_site_name":"Greenspells","article_publisher":"https:\/\/www.facebook.com\/Greenspells","article_modified_time":"2026-04-03T12:38:28+00:00","og_image":[{"width":2048,"height":2560,"url":"https:\/\/greenspells.com\/wp-content\/uploads\/2026\/04\/luuv_cd_cream_jpg.jpg","type":"image\/jpeg"}],"twitter_card":"summary_large_image","twitter_misc":{"Est. reading time":"2 minut\u0117s"},"schema":{"@context":"https:\/\/schema.org","@graph":[{"@type":"WebPage","@id":"https:\/\/greenspells.com\/product\/luuv-super-glow-day-cream-vitamin-c-d-50ml\/","url":"https:\/\/greenspells.com\/product\/luuv-super-glow-day-cream-vitamin-c-d-50ml\/","name":"LUUV Super Glow Day cream Vitamin C + D 50ml - Greenspells","isPartOf":{"@id":"https:\/\/greenspells.com\/#website"},"primaryImageOfPage":{"@id":"https:\/\/greenspells.com\/product\/luuv-super-glow-day-cream-vitamin-c-d-50ml\/#primaryimage"},"image":{"@id":"https:\/\/greenspells.com\/product\/luuv-super-glow-day-cream-vitamin-c-d-50ml\/#primaryimage"},"thumbnailUrl":"https:\/\/i0.wp.com\/greenspells.com\/wp-content\/uploads\/2026\/04\/luuv_cd_cream_jpg.jpg?fit=2048%2C2560&ssl=1","datePublished":"2026-04-03T12:38:27+00:00","dateModified":"2026-04-03T12:38:28+00:00","description":"Veido kremas su vitaminu C ir D, hialuronu bei skvalanu. Skaistina, dr\u0117kina ir gerina odos elastingum\u0105. COSMOS sertifikuotas.","breadcrumb":{"@id":"https:\/\/greenspells.com\/product\/luuv-super-glow-day-cream-vitamin-c-d-50ml\/#breadcrumb"},"inLanguage":"lt-LT","potentialAction":[{"@type":"ReadAction","target":["https:\/\/greenspells.com\/product\/luuv-super-glow-day-cream-vitamin-c-d-50ml\/"]}]},{"@type":"ImageObject","inLanguage":"lt-LT","@id":"https:\/\/greenspells.com\/product\/luuv-super-glow-day-cream-vitamin-c-d-50ml\/#primaryimage","url":"https:\/\/i0.wp.com\/greenspells.com\/wp-content\/uploads\/2026\/04\/luuv_cd_cream_jpg.jpg?fit=2048%2C2560&ssl=1","contentUrl":"https:\/\/i0.wp.com\/greenspells.com\/wp-content\/uploads\/2026\/04\/luuv_cd_cream_jpg.jpg?fit=2048%2C2560&ssl=1","width":2048,"height":2560,"caption":"luuv vitamin c + d cream"},{"@type":"BreadcrumbList","@id":"https:\/\/greenspells.com\/product\/luuv-super-glow-day-cream-vitamin-c-d-50ml\/#breadcrumb","itemListElement":[{"@type":"ListItem","position":1,"name":"Home","item":"https:\/\/greenspells.com\/"},{"@type":"ListItem","position":2,"name":"Shop","item":"https:\/\/greenspells.com\/shop\/"},{"@type":"ListItem","position":3,"name":"LUUV Super Glow Day cream Vitamin C + D 50ml"}]},{"@type":"WebSite","@id":"https:\/\/greenspells.com\/#website","url":"https:\/\/greenspells.com\/","name":"Greenspells","description":"Nat\u016brali ir ekologi\u0161ka kosmetika","publisher":{"@id":"https:\/\/greenspells.com\/#organization"},"potentialAction":[{"@type":"SearchAction","target":{"@type":"EntryPoint","urlTemplate":"https:\/\/greenspells.com\/?s={search_term_string}"},"query-input":{"@type":"PropertyValueSpecification","valueRequired":true,"valueName":"search_term_string"}}],"inLanguage":"lt-LT"},{"@type":"Organization","@id":"https:\/\/greenspells.com\/#organization","name":"Greenspells","url":"https:\/\/greenspells.com\/","logo":{"@type":"ImageObject","inLanguage":"lt-LT","@id":"https:\/\/greenspells.com\/#\/schema\/logo\/image\/","url":"https:\/\/i0.wp.com\/greenspells.com\/wp-content\/uploads\/2020\/09\/20200722_153424_0000.png?fit=1500%2C1500&ssl=1","contentUrl":"https:\/\/i0.wp.com\/greenspells.com\/wp-content\/uploads\/2020\/09\/20200722_153424_0000.png?fit=1500%2C1500&ssl=1","width":1500,"height":1500,"caption":"Greenspells"},"image":{"@id":"https:\/\/greenspells.com\/#\/schema\/logo\/image\/"},"sameAs":["https:\/\/www.facebook.com\/Greenspells","https:\/\/www.instagram.com\/greenspells_store\/"]}]}},"jetpack_likes_enabled":true,"jetpack_sharing_enabled":true,"_links":{"self":[{"href":"https:\/\/greenspells.com\/lt\/wp-json\/wp\/v2\/product\/1677465","targetHints":{"allow":["GET"]}}],"collection":[{"href":"https:\/\/greenspells.com\/lt\/wp-json\/wp\/v2\/product"}],"about":[{"href":"https:\/\/greenspells.com\/lt\/wp-json\/wp\/v2\/types\/product"}],"replies":[{"embeddable":true,"href":"https:\/\/greenspells.com\/lt\/wp-json\/wp\/v2\/comments?post=1677465"}],"wp:featuredmedia":[{"embeddable":true,"href":"https:\/\/greenspells.com\/lt\/wp-json\/wp\/v2\/media\/1677470"}],"wp:attachment":[{"href":"https:\/\/greenspells.com\/lt\/wp-json\/wp\/v2\/media?parent=1677465"}],"wp:term":[{"taxonomy":"product_brand","embeddable":true,"href":"https:\/\/greenspells.com\/lt\/wp-json\/wp\/v2\/product_brand?post=1677465"},{"taxonomy":"product_cat","embeddable":true,"href":"https:\/\/greenspells.com\/lt\/wp-json\/wp\/v2\/product_cat?post=1677465"},{"taxonomy":"product_tag","embeddable":true,"href":"https:\/\/greenspells.com\/lt\/wp-json\/wp\/v2\/product_tag?post=1677465"}],"curies":[{"name":"wp","href":"https:\/\/api.w.org\/{rel}","templated":true}]}}