{"id":1677451,"date":"2026-04-03T13:54:59","date_gmt":"2026-04-03T11:54:59","guid":{"rendered":"https:\/\/greenspells.com\/?post_type=product&#038;p=1677451"},"modified":"2026-04-03T13:55:00","modified_gmt":"2026-04-03T11:55:00","slug":"luuv-biolift-exosome-hyaluronic-cream-50ml","status":"publish","type":"product","link":"https:\/\/greenspells.com\/lt\/produktas\/luuv-biolift-exosome-hyaluronic-cream-50ml\/","title":{"rendered":"LUUV <br> Biolift  kremas su egsosomomis ir hialuronu <br> 50ml"},"content":{"rendered":"<p>Pa\u017eangus kremas, veikiantis l\u0105steliniame lygyje \u2013 skirtas odos atstatymui, dr\u0117kinimui ir jaunatvi\u0161kos i\u0161vaizdos palaikymui.<\/p>\n<p>Formul\u0117je naudojamos augalin\u0117s kilm\u0117s egsosom\u0173 kamienin\u0117s l\u0105stel\u0117s su peptidais, kurios padeda perduoti veikli\u0105sias med\u017eiagas tiesiai \u012f tikslines odos l\u0105steles. Didel\u0117 egsosomini\u0173 peptid\u0173 koncentracija skatina kolageno gamyb\u0105, gerina odos tekst\u016br\u0105 ir elastingum\u0105. Hialurono r\u016bg\u0161tis u\u017etikrina maksimal\u0173 dr\u0117kinim\u0105, padeda i\u0161laikyti odos dr\u0117gm\u0119 ir putlum\u0105. \u0160is kremas i\u0161siskiria tuo, kad sud\u0117tyje yra tiek auk\u0161tos, tiek \u017eemos molekulin\u0117s mas\u0117s hialuronas \u2013 tai leid\u017eia pasiekti dar efektyvesn\u012f dr\u0117kinim\u0105 ir geresn\u0119 odos b\u016bkl\u0119.<\/p>\n<p>Papildytas skvalanu, kuris mink\u0161tina od\u0105 ir padeda i\u0161laikyti dr\u0117gm\u0119, suteikdamas ilgalaik\u012f komfort\u0105.\n\nKremas padeda ma\u017einti matomus sen\u0117jimo po\u017eymius \u2013 oda atrodo lygesn\u0117, skaistesn\u0117 ir gyvybingesn\u0117.<\/p>\n<p>Be kvapikli\u0173. Tinka visiems odos tipams, net jautriai odai. Sertifikuotas pagal COSMOS ECOCERT Organic standart\u0105.<\/p>\n<p>Rezultatas: lygesn\u0117, putlesn\u0117, elastingesn\u0117 ir \u0161vytinti oda.<\/p>\n<ul>\n<li>Intensyvus \u201ereverse-aging\u201c kremas<\/li>\n<li>Kolageno skatinimas l\u0105steliniame lygyje<\/li>\n<li>Tikslinis veikli\u0173j\u0173 med\u017eiag\u0173 pristatymas \u012f l\u0105steles<\/li>\n<li>Egsosom\u0173 technologija su augalin\u0117mis kamienin\u0117mis l\u0105stel\u0117mis<\/li>\n<li>Ypa\u010d auk\u0161ta peptid\u0173 koncentracija<\/li>\n<li>Maksimalus dr\u0117kinimas su hialurono r\u016bg\u0161timi<\/li>\n<li>Odos tekst\u016bros gerinimas<\/li>\n<li>COSMOS ECOCERT Organic sertifikatas<\/li>\n<\/ul>\n<p><em><strong>Kaip naudoti?<\/strong><\/em><\/p>\n<p>Tepkite ant \u0161varios odos 1\u20132 paspaudimus, \u0161velniai \u012fmasa\u017euokite.<\/p>\n<p><em><strong>Sud\u0117tis:<\/strong><\/em><\/p>\n<p>Aqua, Melissa Officinalis Leaf Water*, Aloe Barbadensis Leaf Juice*, Squalane, Prunus Amygdalus Dulcis Oil*, Caprylic\/Capric Triglyceride, Hydrogenated Rapeseed Oil, Glyceryl Stearate, Centella Asiatica Conditioned Media (Exosomes), Glycerin, Polyglyceryl-3 Distearate, Glyceryl Stearate Citrate, Mangifera Indica Seed Butter*, Triethyl Citrate, Glyceryl Caprylate, Benzoic Acid, Oryza Sativa (Rice) Starch, Cetyl Alcohol, Citric Acid, Sodium Hyaluronate, Tocopherol, Xanthan Gum *<\/p>\n<p>99,75% natural origin of total. COSMOS Organic certified by Ecocert Greenlife according to COSMOS Standard<br \/>\n21,85% of the total ingredients are from organic farming<\/p>","protected":false},"excerpt":{"rendered":"<p>The Exosome-Hyaluronic Cream repairs and rejuvenates your skin at a cellular level. This advanced cream features plant-derived exosome stem cells carrying peptides. With a high concentration of Exosomic Peptides, it boosts collagen production to enhance skin texture and elasticity, delivering a youthful and vibrant appearance. Hyaluronic acid ensures maximum hydration, maintaining moisture and plumpness for [&hellip;]<\/p>\n","protected":false},"featured_media":1677455,"comment_status":"open","ping_status":"closed","template":"","meta":{"content-type":"","_monsterinsights_skip_tracking":false,"_monsterinsights_sitenote_active":false,"_monsterinsights_sitenote_note":"","_monsterinsights_sitenote_category":0,"_uf_show_specific_survey":0,"_uf_disable_surveys":false},"product_brand":[2069],"product_cat":[40,1433,34,15],"product_tag":[2201,27,2213,654,2215,2214,460,2217,732,733,657,2204,461,2203,2216,1131,2187,1634,2202],"class_list":{"0":"post-1677451","1":"product","2":"type-product","3":"status-publish","4":"has-post-thumbnail","6":"product_brand-luuv","7":"product_cat-moisturizers","8":"product_cat-naujienos","9":"product_cat-skincare","10":"product_cat-all-products","11":"product_tag-anti-age","12":"product_tag-clean-beauty","13":"product_tag-cosmos-sertifikuota","14":"product_tag-drekinamasis-kremas","15":"product_tag-egzosomu-technologija","16":"product_tag-egzosomos","17":"product_tag-ekologiska-kosmetika","18":"product_tag-elastingumas","19":"product_tag-hialuronas","20":"product_tag-hialurono-rugstis","21":"product_tag-jautriai-odai","22":"product_tag-kolageno-skatinimas","23":"product_tag-naturali-kosmetika","24":"product_tag-odos-atstatymas","25":"product_tag-odos-tekstura","26":"product_tag-peptidai","27":"product_tag-skvalanas","28":"product_tag-veido-kremas","29":"product_tag-well-aging","31":"first","32":"instock","33":"taxable","34":"shipping-taxable","35":"purchasable","36":"product-type-simple"},"bundled_by":[],"bundle_stock_status":"instock","bundle_stock_quantity":null,"bundle_virtual":false,"bundle_layout":"","bundle_add_to_cart_form_location":"","bundle_editable_in_cart":false,"bundle_sold_individually_context":"","bundle_item_grouping":"","bundle_min_size":"","bundle_max_size":"","bundle_price":[],"bundled_items":[],"bundle_sell_ids":[],"group_of_quantity":0,"min_quantity":0,"max_quantity":"","exclude_order_quantity_value_rules":"no","exclude_category_quantity_rules":"no","combine_variations":"no","exclude_global_add_ons":[],"addons":[],"yoast_head":"<!-- This site is optimized with the Yoast SEO plugin v27.5 - https:\/\/yoast.com\/product\/yoast-seo-wordpress\/ -->\n<title>LUUV  BioLift Exosome-Hyaluronic cream  50ml - Greenspells<\/title>\n<meta name=\"description\" content=\"Pa\u017eangus kremas su eksosomomis, peptidais ir hialurono r\u016bg\u0161timi. Skatina kolagen\u0105, dr\u0117kina ir gerina odos tekst\u016br\u0105. COSMOS sertifikuotas.\" \/>\n<meta name=\"robots\" content=\"index, follow, max-snippet:-1, max-image-preview:large, max-video-preview:-1\" \/>\n<link rel=\"canonical\" href=\"https:\/\/greenspells.com\/lt\/produktas\/luuv-biolift-exosome-hyaluronic-cream-50ml\/\" \/>\n<meta property=\"og:locale\" content=\"lt_LT\" \/>\n<meta property=\"og:type\" content=\"article\" \/>\n<meta property=\"og:title\" content=\"LUUV  BioLift Exosome-Hyaluronic cream  50ml - Greenspells\" \/>\n<meta property=\"og:description\" content=\"Pa\u017eangus kremas su eksosomomis, peptidais ir hialurono r\u016bg\u0161timi. Skatina kolagen\u0105, dr\u0117kina ir gerina odos tekst\u016br\u0105. COSMOS sertifikuotas.\" \/>\n<meta property=\"og:url\" content=\"https:\/\/greenspells.com\/lt\/produktas\/luuv-biolift-exosome-hyaluronic-cream-50ml\/\" \/>\n<meta property=\"og:site_name\" content=\"Greenspells\" \/>\n<meta property=\"article:publisher\" content=\"https:\/\/www.facebook.com\/Greenspells\" \/>\n<meta property=\"article:modified_time\" content=\"2026-04-03T11:55:00+00:00\" \/>\n<meta property=\"og:image\" content=\"https:\/\/greenspells.com\/wp-content\/uploads\/2026\/04\/luuv_biolift.jpg\" \/>\n\t<meta property=\"og:image:width\" content=\"2048\" \/>\n\t<meta property=\"og:image:height\" content=\"2565\" \/>\n\t<meta property=\"og:image:type\" content=\"image\/jpeg\" \/>\n<meta name=\"twitter:card\" content=\"summary_large_image\" \/>\n<meta name=\"twitter:label1\" content=\"Est. reading time\" \/>\n\t<meta name=\"twitter:data1\" content=\"2 minut\u0117s\" \/>\n<script type=\"application\/ld+json\" class=\"yoast-schema-graph\">{\"@context\":\"https:\\\/\\\/schema.org\",\"@graph\":[{\"@type\":\"WebPage\",\"@id\":\"https:\\\/\\\/greenspells.com\\\/product\\\/luuv-biolift-exosome-hyaluronic-cream-50ml\\\/\",\"url\":\"https:\\\/\\\/greenspells.com\\\/product\\\/luuv-biolift-exosome-hyaluronic-cream-50ml\\\/\",\"name\":\"LUUV BioLift Exosome-Hyaluronic cream 50ml - Greenspells\",\"isPartOf\":{\"@id\":\"https:\\\/\\\/greenspells.com\\\/#website\"},\"primaryImageOfPage\":{\"@id\":\"https:\\\/\\\/greenspells.com\\\/product\\\/luuv-biolift-exosome-hyaluronic-cream-50ml\\\/#primaryimage\"},\"image\":{\"@id\":\"https:\\\/\\\/greenspells.com\\\/product\\\/luuv-biolift-exosome-hyaluronic-cream-50ml\\\/#primaryimage\"},\"thumbnailUrl\":\"https:\\\/\\\/i0.wp.com\\\/greenspells.com\\\/wp-content\\\/uploads\\\/2026\\\/04\\\/luuv_biolift.jpg?fit=2048%2C2565&ssl=1\",\"datePublished\":\"2026-04-03T11:54:59+00:00\",\"dateModified\":\"2026-04-03T11:55:00+00:00\",\"description\":\"Pa\u017eangus kremas su eksosomomis, peptidais ir hialurono r\u016bg\u0161timi. Skatina kolagen\u0105, dr\u0117kina ir gerina odos tekst\u016br\u0105. COSMOS sertifikuotas.\",\"breadcrumb\":{\"@id\":\"https:\\\/\\\/greenspells.com\\\/product\\\/luuv-biolift-exosome-hyaluronic-cream-50ml\\\/#breadcrumb\"},\"inLanguage\":\"lt-LT\",\"potentialAction\":[{\"@type\":\"ReadAction\",\"target\":[\"https:\\\/\\\/greenspells.com\\\/product\\\/luuv-biolift-exosome-hyaluronic-cream-50ml\\\/\"]}]},{\"@type\":\"ImageObject\",\"inLanguage\":\"lt-LT\",\"@id\":\"https:\\\/\\\/greenspells.com\\\/product\\\/luuv-biolift-exosome-hyaluronic-cream-50ml\\\/#primaryimage\",\"url\":\"https:\\\/\\\/i0.wp.com\\\/greenspells.com\\\/wp-content\\\/uploads\\\/2026\\\/04\\\/luuv_biolift.jpg?fit=2048%2C2565&ssl=1\",\"contentUrl\":\"https:\\\/\\\/i0.wp.com\\\/greenspells.com\\\/wp-content\\\/uploads\\\/2026\\\/04\\\/luuv_biolift.jpg?fit=2048%2C2565&ssl=1\",\"width\":2048,\"height\":2565,\"caption\":\"luuv biolift exosome\"},{\"@type\":\"BreadcrumbList\",\"@id\":\"https:\\\/\\\/greenspells.com\\\/product\\\/luuv-biolift-exosome-hyaluronic-cream-50ml\\\/#breadcrumb\",\"itemListElement\":[{\"@type\":\"ListItem\",\"position\":1,\"name\":\"Home\",\"item\":\"https:\\\/\\\/greenspells.com\\\/\"},{\"@type\":\"ListItem\",\"position\":2,\"name\":\"Shop\",\"item\":\"https:\\\/\\\/greenspells.com\\\/shop\\\/\"},{\"@type\":\"ListItem\",\"position\":3,\"name\":\"LUUV BioLift Exosome-Hyaluronic cream 50ml\"}]},{\"@type\":\"WebSite\",\"@id\":\"https:\\\/\\\/greenspells.com\\\/#website\",\"url\":\"https:\\\/\\\/greenspells.com\\\/\",\"name\":\"Greenspells\",\"description\":\"Nat\u016brali ir ekologi\u0161ka kosmetika\",\"publisher\":{\"@id\":\"https:\\\/\\\/greenspells.com\\\/#organization\"},\"potentialAction\":[{\"@type\":\"SearchAction\",\"target\":{\"@type\":\"EntryPoint\",\"urlTemplate\":\"https:\\\/\\\/greenspells.com\\\/?s={search_term_string}\"},\"query-input\":{\"@type\":\"PropertyValueSpecification\",\"valueRequired\":true,\"valueName\":\"search_term_string\"}}],\"inLanguage\":\"lt-LT\"},{\"@type\":\"Organization\",\"@id\":\"https:\\\/\\\/greenspells.com\\\/#organization\",\"name\":\"Greenspells\",\"url\":\"https:\\\/\\\/greenspells.com\\\/\",\"logo\":{\"@type\":\"ImageObject\",\"inLanguage\":\"lt-LT\",\"@id\":\"https:\\\/\\\/greenspells.com\\\/#\\\/schema\\\/logo\\\/image\\\/\",\"url\":\"https:\\\/\\\/i0.wp.com\\\/greenspells.com\\\/wp-content\\\/uploads\\\/2020\\\/09\\\/20200722_153424_0000.png?fit=1500%2C1500&ssl=1\",\"contentUrl\":\"https:\\\/\\\/i0.wp.com\\\/greenspells.com\\\/wp-content\\\/uploads\\\/2020\\\/09\\\/20200722_153424_0000.png?fit=1500%2C1500&ssl=1\",\"width\":1500,\"height\":1500,\"caption\":\"Greenspells\"},\"image\":{\"@id\":\"https:\\\/\\\/greenspells.com\\\/#\\\/schema\\\/logo\\\/image\\\/\"},\"sameAs\":[\"https:\\\/\\\/www.facebook.com\\\/Greenspells\",\"https:\\\/\\\/www.instagram.com\\\/greenspells_store\\\/\"]}]}<\/script>\n<!-- \/ Yoast SEO plugin. -->","yoast_head_json":{"title":"LUUV  BioLift Exosome-Hyaluronic cream  50ml - Greenspells","description":"Pa\u017eangus kremas su eksosomomis, peptidais ir hialurono r\u016bg\u0161timi. Skatina kolagen\u0105, dr\u0117kina ir gerina odos tekst\u016br\u0105. COSMOS sertifikuotas.","robots":{"index":"index","follow":"follow","max-snippet":"max-snippet:-1","max-image-preview":"max-image-preview:large","max-video-preview":"max-video-preview:-1"},"canonical":"https:\/\/greenspells.com\/lt\/produktas\/luuv-biolift-exosome-hyaluronic-cream-50ml\/","og_locale":"lt_LT","og_type":"article","og_title":"LUUV  BioLift Exosome-Hyaluronic cream  50ml - Greenspells","og_description":"Pa\u017eangus kremas su eksosomomis, peptidais ir hialurono r\u016bg\u0161timi. Skatina kolagen\u0105, dr\u0117kina ir gerina odos tekst\u016br\u0105. COSMOS sertifikuotas.","og_url":"https:\/\/greenspells.com\/lt\/produktas\/luuv-biolift-exosome-hyaluronic-cream-50ml\/","og_site_name":"Greenspells","article_publisher":"https:\/\/www.facebook.com\/Greenspells","article_modified_time":"2026-04-03T11:55:00+00:00","og_image":[{"width":2048,"height":2565,"url":"https:\/\/greenspells.com\/wp-content\/uploads\/2026\/04\/luuv_biolift.jpg","type":"image\/jpeg"}],"twitter_card":"summary_large_image","twitter_misc":{"Est. reading time":"2 minut\u0117s"},"schema":{"@context":"https:\/\/schema.org","@graph":[{"@type":"WebPage","@id":"https:\/\/greenspells.com\/product\/luuv-biolift-exosome-hyaluronic-cream-50ml\/","url":"https:\/\/greenspells.com\/product\/luuv-biolift-exosome-hyaluronic-cream-50ml\/","name":"LUUV BioLift Exosome-Hyaluronic cream 50ml - Greenspells","isPartOf":{"@id":"https:\/\/greenspells.com\/#website"},"primaryImageOfPage":{"@id":"https:\/\/greenspells.com\/product\/luuv-biolift-exosome-hyaluronic-cream-50ml\/#primaryimage"},"image":{"@id":"https:\/\/greenspells.com\/product\/luuv-biolift-exosome-hyaluronic-cream-50ml\/#primaryimage"},"thumbnailUrl":"https:\/\/i0.wp.com\/greenspells.com\/wp-content\/uploads\/2026\/04\/luuv_biolift.jpg?fit=2048%2C2565&ssl=1","datePublished":"2026-04-03T11:54:59+00:00","dateModified":"2026-04-03T11:55:00+00:00","description":"Pa\u017eangus kremas su eksosomomis, peptidais ir hialurono r\u016bg\u0161timi. Skatina kolagen\u0105, dr\u0117kina ir gerina odos tekst\u016br\u0105. COSMOS sertifikuotas.","breadcrumb":{"@id":"https:\/\/greenspells.com\/product\/luuv-biolift-exosome-hyaluronic-cream-50ml\/#breadcrumb"},"inLanguage":"lt-LT","potentialAction":[{"@type":"ReadAction","target":["https:\/\/greenspells.com\/product\/luuv-biolift-exosome-hyaluronic-cream-50ml\/"]}]},{"@type":"ImageObject","inLanguage":"lt-LT","@id":"https:\/\/greenspells.com\/product\/luuv-biolift-exosome-hyaluronic-cream-50ml\/#primaryimage","url":"https:\/\/i0.wp.com\/greenspells.com\/wp-content\/uploads\/2026\/04\/luuv_biolift.jpg?fit=2048%2C2565&ssl=1","contentUrl":"https:\/\/i0.wp.com\/greenspells.com\/wp-content\/uploads\/2026\/04\/luuv_biolift.jpg?fit=2048%2C2565&ssl=1","width":2048,"height":2565,"caption":"luuv biolift exosome"},{"@type":"BreadcrumbList","@id":"https:\/\/greenspells.com\/product\/luuv-biolift-exosome-hyaluronic-cream-50ml\/#breadcrumb","itemListElement":[{"@type":"ListItem","position":1,"name":"Home","item":"https:\/\/greenspells.com\/"},{"@type":"ListItem","position":2,"name":"Shop","item":"https:\/\/greenspells.com\/shop\/"},{"@type":"ListItem","position":3,"name":"LUUV BioLift Exosome-Hyaluronic cream 50ml"}]},{"@type":"WebSite","@id":"https:\/\/greenspells.com\/#website","url":"https:\/\/greenspells.com\/","name":"Greenspells","description":"Nat\u016brali ir ekologi\u0161ka kosmetika","publisher":{"@id":"https:\/\/greenspells.com\/#organization"},"potentialAction":[{"@type":"SearchAction","target":{"@type":"EntryPoint","urlTemplate":"https:\/\/greenspells.com\/?s={search_term_string}"},"query-input":{"@type":"PropertyValueSpecification","valueRequired":true,"valueName":"search_term_string"}}],"inLanguage":"lt-LT"},{"@type":"Organization","@id":"https:\/\/greenspells.com\/#organization","name":"Greenspells","url":"https:\/\/greenspells.com\/","logo":{"@type":"ImageObject","inLanguage":"lt-LT","@id":"https:\/\/greenspells.com\/#\/schema\/logo\/image\/","url":"https:\/\/i0.wp.com\/greenspells.com\/wp-content\/uploads\/2020\/09\/20200722_153424_0000.png?fit=1500%2C1500&ssl=1","contentUrl":"https:\/\/i0.wp.com\/greenspells.com\/wp-content\/uploads\/2020\/09\/20200722_153424_0000.png?fit=1500%2C1500&ssl=1","width":1500,"height":1500,"caption":"Greenspells"},"image":{"@id":"https:\/\/greenspells.com\/#\/schema\/logo\/image\/"},"sameAs":["https:\/\/www.facebook.com\/Greenspells","https:\/\/www.instagram.com\/greenspells_store\/"]}]}},"jetpack_likes_enabled":true,"jetpack_sharing_enabled":true,"_links":{"self":[{"href":"https:\/\/greenspells.com\/lt\/wp-json\/wp\/v2\/product\/1677451","targetHints":{"allow":["GET"]}}],"collection":[{"href":"https:\/\/greenspells.com\/lt\/wp-json\/wp\/v2\/product"}],"about":[{"href":"https:\/\/greenspells.com\/lt\/wp-json\/wp\/v2\/types\/product"}],"replies":[{"embeddable":true,"href":"https:\/\/greenspells.com\/lt\/wp-json\/wp\/v2\/comments?post=1677451"}],"wp:featuredmedia":[{"embeddable":true,"href":"https:\/\/greenspells.com\/lt\/wp-json\/wp\/v2\/media\/1677455"}],"wp:attachment":[{"href":"https:\/\/greenspells.com\/lt\/wp-json\/wp\/v2\/media?parent=1677451"}],"wp:term":[{"taxonomy":"product_brand","embeddable":true,"href":"https:\/\/greenspells.com\/lt\/wp-json\/wp\/v2\/product_brand?post=1677451"},{"taxonomy":"product_cat","embeddable":true,"href":"https:\/\/greenspells.com\/lt\/wp-json\/wp\/v2\/product_cat?post=1677451"},{"taxonomy":"product_tag","embeddable":true,"href":"https:\/\/greenspells.com\/lt\/wp-json\/wp\/v2\/product_tag?post=1677451"}],"curies":[{"name":"wp","href":"https:\/\/api.w.org\/{rel}","templated":true}]}}