{"id":1677370,"date":"2026-03-25T09:09:47","date_gmt":"2026-03-25T07:09:47","guid":{"rendered":"https:\/\/greenspells.com\/?post_type=product&#038;p=1677370"},"modified":"2026-03-25T09:09:48","modified_gmt":"2026-03-25T07:09:48","slug":"luuv-hyaluronic-toner-120ml","status":"publish","type":"product","link":"https:\/\/greenspells.com\/lt\/produktas\/luuv-hyaluronic-toner-120ml\/","title":{"rendered":"LUUV <br> Dr\u0117kinamasis veido tonikas su hialuronu <br> 120ml"},"content":{"rendered":"<p>Super dr\u0117kinantis veido tonikas su hialurono r\u016bg\u0161timi pasi\u017eymi malonia, serumo tipo konsistencija, kuri palieka od\u0105 itin \u0161velni\u0105 ir \u0161ilkin\u0119.\n\nHialurono r\u016bg\u0161tis padeda pritraukti ir i\u0161laikyti dr\u0117gm\u0119 odoje, tod\u0117l ji i\u0161lieka sudr\u0117kinta, skaisti ir gyvybinga vis\u0105 dien\u0105. Reguliarus naudojimas padeda pagerinti odos elastingum\u0105, suteikia jai stangrumo ir jaunatvi\u0161kesn\u0119 i\u0161vaizd\u0105. \u0160is tonikas ypa\u010d tinka sausai ir pavargusiai (papilk\u0117jusiai) odai, kuriai tr\u016bksta dr\u0117gm\u0117s ir gyvybingumo.<\/p>\n<p><strong>Apdovanojimai:<\/strong><br \/>\nGlobal Green Beauty Awards 2023 \u2013 bronza<\/p>\n<ul>\n<li>Intensyviai dr\u0117kina<\/li>\n<li>Gerina odos elastingum\u0105<\/li>\n<li>Serumo tipo konsistencija<\/li>\n<li>Tinka sausai ir pavargusiai odai<\/li>\n<li>ECOCERT\/COSMOS sertifikuotas<\/li>\n<\/ul>\n<p><em><strong>Kaip naudoti?<\/strong><\/em><\/p>\n<p>\u0160velniai paskirstykite tonik\u0105 ant veido naudodami vatos diskel\u012f ryte ir vakare.<\/p>\n<p><em><strong>Sud\u0117tis:<\/strong><\/em><\/p>\n<p>Aqua, Propanediol, Betaine, Triethyl Citrate, Sodium Hyaluronate, Glyceryl Caprylate, Benzoic Acid<\/p>\n<p>Natural origin: 99,85%<br \/>\n100% vegan<\/p>","protected":false},"excerpt":{"rendered":"<p>The super-moisturizing facial toner with hyaluronic acid has a pleasant serum-like consistency, leaving the skin extremely soft and silky. The hyaluronic acid it contains binds and retains moisture in the skin, ensuring that the skin remains radiant and vibrant throughout the day. Additionally, the toner helps improve skin elasticity, making it look more youthful and [&hellip;]<\/p>","protected":false},"featured_media":1677373,"comment_status":"open","ping_status":"closed","template":"","meta":{"content-type":"","_monsterinsights_skip_tracking":false,"_monsterinsights_sitenote_active":false,"_monsterinsights_sitenote_note":"","_monsterinsights_sitenote_category":0,"_uf_show_specific_survey":0,"_uf_disable_surveys":false},"product_brand":[2069],"product_cat":[1433,34,173,15],"product_tag":[2193,2188,2172,460,733,2070,461,884,2191,2192,2190,2189,714,1429],"class_list":{"0":"post-1677370","1":"product","2":"type-product","3":"status-publish","4":"has-post-thumbnail","6":"product_brand-luuv","7":"product_cat-naujienos","8":"product_cat-skincare","9":"product_cat-toners","10":"product_cat-all-products","11":"product_tag-svelni-oda","12":"product_tag-drekinantis-tonikas","13":"product_tag-ecocert-kosmetika","14":"product_tag-ekologiska-kosmetika","15":"product_tag-hialurono-rugstis","16":"product_tag-luuv","17":"product_tag-naturali-kosmetika","18":"product_tag-odos-drekinimas","19":"product_tag-odos-elastingumas","20":"product_tag-serumo-konsistencija","21":"product_tag-tonikas-pavargusiai-odai","22":"product_tag-tonikas-sausai-odai","23":"product_tag-veido-prieziura","24":"product_tag-veido-tonikas","26":"first","27":"instock","28":"taxable","29":"shipping-taxable","30":"purchasable","31":"product-type-simple"},"bundled_by":[],"bundle_stock_status":"instock","bundle_stock_quantity":null,"bundle_virtual":false,"bundle_layout":"","bundle_add_to_cart_form_location":"","bundle_editable_in_cart":false,"bundle_sold_individually_context":"","bundle_item_grouping":"","bundle_min_size":"","bundle_max_size":"","bundle_price":[],"bundled_items":[],"bundle_sell_ids":[],"group_of_quantity":0,"min_quantity":0,"max_quantity":"","exclude_order_quantity_value_rules":"no","exclude_category_quantity_rules":"no","combine_variations":"no","exclude_global_add_ons":[],"addons":[],"yoast_head":"<!-- This site is optimized with the Yoast SEO plugin v27.4 - https:\/\/yoast.com\/product\/yoast-seo-wordpress\/ -->\n<title>LUUV  Hyaluronic toner  120ml - Greenspells<\/title>\n<meta name=\"description\" content=\"Veido tonikas su hialurono r\u016bg\u0161timi intensyviai dr\u0117kina, gerina odos elastingum\u0105 ir suteikia \u0161velnumo. Puikiai tinka sausai ir pavargusiai odai.\" \/>\n<meta name=\"robots\" content=\"index, follow, max-snippet:-1, max-image-preview:large, max-video-preview:-1\" \/>\n<link rel=\"canonical\" href=\"https:\/\/greenspells.com\/lt\/produktas\/luuv-hyaluronic-toner-120ml\/\" \/>\n<meta property=\"og:locale\" content=\"lt_LT\" \/>\n<meta property=\"og:type\" content=\"article\" \/>\n<meta property=\"og:title\" content=\"LUUV  Hyaluronic toner  120ml - Greenspells\" \/>\n<meta property=\"og:description\" content=\"Veido tonikas su hialurono r\u016bg\u0161timi intensyviai dr\u0117kina, gerina odos elastingum\u0105 ir suteikia \u0161velnumo. Puikiai tinka sausai ir pavargusiai odai.\" \/>\n<meta property=\"og:url\" content=\"https:\/\/greenspells.com\/lt\/produktas\/luuv-hyaluronic-toner-120ml\/\" \/>\n<meta property=\"og:site_name\" content=\"Greenspells\" \/>\n<meta property=\"article:publisher\" content=\"https:\/\/www.facebook.com\/Greenspells\" \/>\n<meta property=\"article:modified_time\" content=\"2026-03-25T07:09:48+00:00\" \/>\n<meta property=\"og:image\" content=\"https:\/\/greenspells.com\/wp-content\/uploads\/2026\/03\/luuv_toner_hyd.jpg\" \/>\n\t<meta property=\"og:image:width\" content=\"2048\" \/>\n\t<meta property=\"og:image:height\" content=\"2560\" \/>\n\t<meta property=\"og:image:type\" content=\"image\/jpeg\" \/>\n<meta name=\"twitter:card\" content=\"summary_large_image\" \/>\n<meta name=\"twitter:label1\" content=\"Est. reading time\" \/>\n\t<meta name=\"twitter:data1\" content=\"1 minut\u0117\" \/>\n<script type=\"application\/ld+json\" class=\"yoast-schema-graph\">{\"@context\":\"https:\\\/\\\/schema.org\",\"@graph\":[{\"@type\":\"WebPage\",\"@id\":\"https:\\\/\\\/greenspells.com\\\/product\\\/luuv-hyaluronic-toner-120ml\\\/\",\"url\":\"https:\\\/\\\/greenspells.com\\\/product\\\/luuv-hyaluronic-toner-120ml\\\/\",\"name\":\"LUUV Hyaluronic toner 120ml - Greenspells\",\"isPartOf\":{\"@id\":\"https:\\\/\\\/greenspells.com\\\/#website\"},\"primaryImageOfPage\":{\"@id\":\"https:\\\/\\\/greenspells.com\\\/product\\\/luuv-hyaluronic-toner-120ml\\\/#primaryimage\"},\"image\":{\"@id\":\"https:\\\/\\\/greenspells.com\\\/product\\\/luuv-hyaluronic-toner-120ml\\\/#primaryimage\"},\"thumbnailUrl\":\"https:\\\/\\\/i0.wp.com\\\/greenspells.com\\\/wp-content\\\/uploads\\\/2026\\\/03\\\/luuv_toner_hyd.jpg?fit=2048%2C2560&ssl=1\",\"datePublished\":\"2026-03-25T07:09:47+00:00\",\"dateModified\":\"2026-03-25T07:09:48+00:00\",\"description\":\"Veido tonikas su hialurono r\u016bg\u0161timi intensyviai dr\u0117kina, gerina odos elastingum\u0105 ir suteikia \u0161velnumo. Puikiai tinka sausai ir pavargusiai odai.\",\"breadcrumb\":{\"@id\":\"https:\\\/\\\/greenspells.com\\\/product\\\/luuv-hyaluronic-toner-120ml\\\/#breadcrumb\"},\"inLanguage\":\"lt-LT\",\"potentialAction\":[{\"@type\":\"ReadAction\",\"target\":[\"https:\\\/\\\/greenspells.com\\\/product\\\/luuv-hyaluronic-toner-120ml\\\/\"]}]},{\"@type\":\"ImageObject\",\"inLanguage\":\"lt-LT\",\"@id\":\"https:\\\/\\\/greenspells.com\\\/product\\\/luuv-hyaluronic-toner-120ml\\\/#primaryimage\",\"url\":\"https:\\\/\\\/i0.wp.com\\\/greenspells.com\\\/wp-content\\\/uploads\\\/2026\\\/03\\\/luuv_toner_hyd.jpg?fit=2048%2C2560&ssl=1\",\"contentUrl\":\"https:\\\/\\\/i0.wp.com\\\/greenspells.com\\\/wp-content\\\/uploads\\\/2026\\\/03\\\/luuv_toner_hyd.jpg?fit=2048%2C2560&ssl=1\",\"width\":2048,\"height\":2560,\"caption\":\"LUUV hialuronic toner\"},{\"@type\":\"BreadcrumbList\",\"@id\":\"https:\\\/\\\/greenspells.com\\\/product\\\/luuv-hyaluronic-toner-120ml\\\/#breadcrumb\",\"itemListElement\":[{\"@type\":\"ListItem\",\"position\":1,\"name\":\"Home\",\"item\":\"https:\\\/\\\/greenspells.com\\\/\"},{\"@type\":\"ListItem\",\"position\":2,\"name\":\"Shop\",\"item\":\"https:\\\/\\\/greenspells.com\\\/shop\\\/\"},{\"@type\":\"ListItem\",\"position\":3,\"name\":\"LUUV Hyaluronic toner 120ml\"}]},{\"@type\":\"WebSite\",\"@id\":\"https:\\\/\\\/greenspells.com\\\/#website\",\"url\":\"https:\\\/\\\/greenspells.com\\\/\",\"name\":\"Greenspells\",\"description\":\"Nat\u016brali ir ekologi\u0161ka kosmetika\",\"publisher\":{\"@id\":\"https:\\\/\\\/greenspells.com\\\/#organization\"},\"potentialAction\":[{\"@type\":\"SearchAction\",\"target\":{\"@type\":\"EntryPoint\",\"urlTemplate\":\"https:\\\/\\\/greenspells.com\\\/?s={search_term_string}\"},\"query-input\":{\"@type\":\"PropertyValueSpecification\",\"valueRequired\":true,\"valueName\":\"search_term_string\"}}],\"inLanguage\":\"lt-LT\"},{\"@type\":\"Organization\",\"@id\":\"https:\\\/\\\/greenspells.com\\\/#organization\",\"name\":\"Greenspells\",\"url\":\"https:\\\/\\\/greenspells.com\\\/\",\"logo\":{\"@type\":\"ImageObject\",\"inLanguage\":\"lt-LT\",\"@id\":\"https:\\\/\\\/greenspells.com\\\/#\\\/schema\\\/logo\\\/image\\\/\",\"url\":\"https:\\\/\\\/i0.wp.com\\\/greenspells.com\\\/wp-content\\\/uploads\\\/2020\\\/09\\\/20200722_153424_0000.png?fit=1500%2C1500&ssl=1\",\"contentUrl\":\"https:\\\/\\\/i0.wp.com\\\/greenspells.com\\\/wp-content\\\/uploads\\\/2020\\\/09\\\/20200722_153424_0000.png?fit=1500%2C1500&ssl=1\",\"width\":1500,\"height\":1500,\"caption\":\"Greenspells\"},\"image\":{\"@id\":\"https:\\\/\\\/greenspells.com\\\/#\\\/schema\\\/logo\\\/image\\\/\"},\"sameAs\":[\"https:\\\/\\\/www.facebook.com\\\/Greenspells\",\"https:\\\/\\\/www.instagram.com\\\/greenspells_store\\\/\"]}]}<\/script>\n<!-- \/ Yoast SEO plugin. -->","yoast_head_json":{"title":"LUUV  Hyaluronic toner  120ml - Greenspells","description":"Veido tonikas su hialurono r\u016bg\u0161timi intensyviai dr\u0117kina, gerina odos elastingum\u0105 ir suteikia \u0161velnumo. Puikiai tinka sausai ir pavargusiai odai.","robots":{"index":"index","follow":"follow","max-snippet":"max-snippet:-1","max-image-preview":"max-image-preview:large","max-video-preview":"max-video-preview:-1"},"canonical":"https:\/\/greenspells.com\/lt\/produktas\/luuv-hyaluronic-toner-120ml\/","og_locale":"lt_LT","og_type":"article","og_title":"LUUV  Hyaluronic toner  120ml - Greenspells","og_description":"Veido tonikas su hialurono r\u016bg\u0161timi intensyviai dr\u0117kina, gerina odos elastingum\u0105 ir suteikia \u0161velnumo. Puikiai tinka sausai ir pavargusiai odai.","og_url":"https:\/\/greenspells.com\/lt\/produktas\/luuv-hyaluronic-toner-120ml\/","og_site_name":"Greenspells","article_publisher":"https:\/\/www.facebook.com\/Greenspells","article_modified_time":"2026-03-25T07:09:48+00:00","og_image":[{"width":2048,"height":2560,"url":"https:\/\/greenspells.com\/wp-content\/uploads\/2026\/03\/luuv_toner_hyd.jpg","type":"image\/jpeg"}],"twitter_card":"summary_large_image","twitter_misc":{"Est. reading time":"1 minut\u0117"},"schema":{"@context":"https:\/\/schema.org","@graph":[{"@type":"WebPage","@id":"https:\/\/greenspells.com\/product\/luuv-hyaluronic-toner-120ml\/","url":"https:\/\/greenspells.com\/product\/luuv-hyaluronic-toner-120ml\/","name":"LUUV Hyaluronic toner 120ml - Greenspells","isPartOf":{"@id":"https:\/\/greenspells.com\/#website"},"primaryImageOfPage":{"@id":"https:\/\/greenspells.com\/product\/luuv-hyaluronic-toner-120ml\/#primaryimage"},"image":{"@id":"https:\/\/greenspells.com\/product\/luuv-hyaluronic-toner-120ml\/#primaryimage"},"thumbnailUrl":"https:\/\/i0.wp.com\/greenspells.com\/wp-content\/uploads\/2026\/03\/luuv_toner_hyd.jpg?fit=2048%2C2560&ssl=1","datePublished":"2026-03-25T07:09:47+00:00","dateModified":"2026-03-25T07:09:48+00:00","description":"Veido tonikas su hialurono r\u016bg\u0161timi intensyviai dr\u0117kina, gerina odos elastingum\u0105 ir suteikia \u0161velnumo. Puikiai tinka sausai ir pavargusiai odai.","breadcrumb":{"@id":"https:\/\/greenspells.com\/product\/luuv-hyaluronic-toner-120ml\/#breadcrumb"},"inLanguage":"lt-LT","potentialAction":[{"@type":"ReadAction","target":["https:\/\/greenspells.com\/product\/luuv-hyaluronic-toner-120ml\/"]}]},{"@type":"ImageObject","inLanguage":"lt-LT","@id":"https:\/\/greenspells.com\/product\/luuv-hyaluronic-toner-120ml\/#primaryimage","url":"https:\/\/i0.wp.com\/greenspells.com\/wp-content\/uploads\/2026\/03\/luuv_toner_hyd.jpg?fit=2048%2C2560&ssl=1","contentUrl":"https:\/\/i0.wp.com\/greenspells.com\/wp-content\/uploads\/2026\/03\/luuv_toner_hyd.jpg?fit=2048%2C2560&ssl=1","width":2048,"height":2560,"caption":"LUUV hialuronic toner"},{"@type":"BreadcrumbList","@id":"https:\/\/greenspells.com\/product\/luuv-hyaluronic-toner-120ml\/#breadcrumb","itemListElement":[{"@type":"ListItem","position":1,"name":"Home","item":"https:\/\/greenspells.com\/"},{"@type":"ListItem","position":2,"name":"Shop","item":"https:\/\/greenspells.com\/shop\/"},{"@type":"ListItem","position":3,"name":"LUUV Hyaluronic toner 120ml"}]},{"@type":"WebSite","@id":"https:\/\/greenspells.com\/#website","url":"https:\/\/greenspells.com\/","name":"Greenspells","description":"Nat\u016brali ir ekologi\u0161ka kosmetika","publisher":{"@id":"https:\/\/greenspells.com\/#organization"},"potentialAction":[{"@type":"SearchAction","target":{"@type":"EntryPoint","urlTemplate":"https:\/\/greenspells.com\/?s={search_term_string}"},"query-input":{"@type":"PropertyValueSpecification","valueRequired":true,"valueName":"search_term_string"}}],"inLanguage":"lt-LT"},{"@type":"Organization","@id":"https:\/\/greenspells.com\/#organization","name":"Greenspells","url":"https:\/\/greenspells.com\/","logo":{"@type":"ImageObject","inLanguage":"lt-LT","@id":"https:\/\/greenspells.com\/#\/schema\/logo\/image\/","url":"https:\/\/i0.wp.com\/greenspells.com\/wp-content\/uploads\/2020\/09\/20200722_153424_0000.png?fit=1500%2C1500&ssl=1","contentUrl":"https:\/\/i0.wp.com\/greenspells.com\/wp-content\/uploads\/2020\/09\/20200722_153424_0000.png?fit=1500%2C1500&ssl=1","width":1500,"height":1500,"caption":"Greenspells"},"image":{"@id":"https:\/\/greenspells.com\/#\/schema\/logo\/image\/"},"sameAs":["https:\/\/www.facebook.com\/Greenspells","https:\/\/www.instagram.com\/greenspells_store\/"]}]}},"jetpack_likes_enabled":true,"jetpack_sharing_enabled":true,"_links":{"self":[{"href":"https:\/\/greenspells.com\/lt\/wp-json\/wp\/v2\/product\/1677370","targetHints":{"allow":["GET"]}}],"collection":[{"href":"https:\/\/greenspells.com\/lt\/wp-json\/wp\/v2\/product"}],"about":[{"href":"https:\/\/greenspells.com\/lt\/wp-json\/wp\/v2\/types\/product"}],"replies":[{"embeddable":true,"href":"https:\/\/greenspells.com\/lt\/wp-json\/wp\/v2\/comments?post=1677370"}],"wp:featuredmedia":[{"embeddable":true,"href":"https:\/\/greenspells.com\/lt\/wp-json\/wp\/v2\/media\/1677373"}],"wp:attachment":[{"href":"https:\/\/greenspells.com\/lt\/wp-json\/wp\/v2\/media?parent=1677370"}],"wp:term":[{"taxonomy":"product_brand","embeddable":true,"href":"https:\/\/greenspells.com\/lt\/wp-json\/wp\/v2\/product_brand?post=1677370"},{"taxonomy":"product_cat","embeddable":true,"href":"https:\/\/greenspells.com\/lt\/wp-json\/wp\/v2\/product_cat?post=1677370"},{"taxonomy":"product_tag","embeddable":true,"href":"https:\/\/greenspells.com\/lt\/wp-json\/wp\/v2\/product_tag?post=1677370"}],"curies":[{"name":"wp","href":"https:\/\/api.w.org\/{rel}","templated":true}]}}