{"id":1677362,"date":"2026-03-25T08:42:08","date_gmt":"2026-03-25T06:42:08","guid":{"rendered":"https:\/\/greenspells.com\/?post_type=product&#038;p=1677362"},"modified":"2026-03-25T08:53:37","modified_gmt":"2026-03-25T06:53:37","slug":"luuv-bakuchiol-serum-30ml","status":"publish","type":"product","link":"https:\/\/greenspells.com\/lt\/produktas\/luuv-bakuchiol-serum-30ml\/","title":{"rendered":"LUUV <br> Bakuchiol serumas veidui | Nat\u016bralus anti-age eliksyras <br> 30ml"},"content":{"rendered":"<p>Atraskite jaunatvi\u0161kos odos paslapt\u012f su LUUV Bakuchiol serumu \u2013 nat\u016braliu gro\u017eio eliksyru, kuris padeda atskleisti odos spindes\u012f be kompromis\u0173.<\/p>\n<p>Serumas sukurtas su 100% nat\u016braliu veikliuoju ingredientu \u2013 bakuchioliu, kuris yra \u0161velni, ta\u010diau itin veiksminga alternatyva retinoliui. Jis pasi\u017eymi stipriomis anti-age savyb\u0117mis ir padeda skatinti odos l\u0105steli\u0173 atsinaujinim\u0105, gerina odos tekst\u016br\u0105 bei bendr\u0105 jos b\u016bkl\u0119. Bakuchiolis stimuliuoja kolageno gamyb\u0105, tod\u0117l oda tampa stangresn\u0117, elastingesn\u0117 ir vizualiai lygesn\u0117.<\/p>\n<p>Formul\u0117 papildyta skvalanu, kuris padeda veikliosioms med\u017eiagoms prasiskverbti \u012f gilesnius odos sluoksnius. Skvalanas ne tik pagerina \u012fsisavinim\u0105, bet ir suteikia odai ypatingo \u0161velnumo bei komforto.<\/p>\n<p>Serumas nesukelia odos jautrumo saulei, tod\u0117l j\u012f galima saugiai naudoti kasdien. Jis nedirgina odos, nesukelia paraudimo ar nepageidaujam\u0173 reakcij\u0173. D\u0117l bekvap\u0117s formul\u0117s puikiai tinka net jautriai odai. LUUV Bakuchiol serumas padeda atkurti sveik\u0105, skais\u010di\u0105 ir jaunatvi\u0161k\u0105 odos i\u0161vaizd\u0105.<\/p>\n<ul>\n<li>Nat\u016brali retinolio alternatyva (bakuchiolis)<\/li>\n<li>Ma\u017eina rauk\u0161li\u0173 atsiradim\u0105<\/li>\n<li>Skatina kolageno gamyb\u0105<\/li>\n<li>Gerina odos tekst\u016br\u0105 ir elastingum\u0105<\/li>\n<li>Intensyviai dr\u0117kina ir mink\u0161tina (skvalanas)<\/li>\n<li>Tinka ir jautriai odai<\/li>\n<li>Nesukelia jautrumo saulei<\/li>\n<li>Be kvapikli\u0173<\/li>\n<li>100% nat\u016bralus ir vegani\u0161kas<\/li>\n<\/ul>\n<p><strong>Apdovanojimai:<\/strong><br \/>\nGlobal Green Beauty Awards 2023 \u2013 aukso medalis<\/p>\n<p><em><strong>Kaip naudoti?<\/strong><\/em><\/p>\n<p>U\u017ela\u0161inkite kelis la\u0161us serumo ant \u0161varios odos ir \u0161velniai \u012fmasa\u017euokite \u012f veid\u0105 bei kakl\u0105.\nTinka naudoti kasdien bei veido masa\u017eui ar veido jogai.<\/p>\n<p><em><strong>Sud\u0117tis:<\/strong><\/em><\/p>\n<p>Squalane, Bakuchiol<\/p>\n<p>Percentage of natural ingredients: 100%<br \/>\n100% vegan<\/p>","protected":false},"excerpt":{"rendered":"<p>Bakuchiol serum \u2013 the natural elixir of youth! Age is just a number, and with the innovative Bakuchiol serum, you can now redefine your skin\u2019s youthful radiance without compromise. Formulated with a 100% natural active ingredient, bakuchiol, this serum stands as a gentle yet effective alternative to traditional retinol-based products. With potent anti-aging properties, bakuchiol [&hellip;]<\/p>\n","protected":false},"featured_media":1677365,"comment_status":"open","ping_status":"closed","template":"","meta":{"content-type":"","_monsterinsights_skip_tracking":false,"_monsterinsights_sitenote_active":false,"_monsterinsights_sitenote_note":"","_monsterinsights_sitenote_category":0,"_uf_show_specific_survey":0,"_uf_disable_surveys":false},"product_brand":[2069],"product_cat":[33,1433,34,15],"product_tag":[2184,2182,657,2159,2185,2183,2187,2186],"class_list":{"0":"post-1677362","1":"product","2":"type-product","3":"status-publish","4":"has-post-thumbnail","6":"product_brand-luuv","7":"product_cat-serums","8":"product_cat-naujienos","9":"product_cat-skincare","10":"product_cat-all-products","11":"product_tag-anti-age-serumas","12":"product_tag-bakuchiol-serumas","13":"product_tag-jautriai-odai","14":"product_tag-luuv-kosmetika","15":"product_tag-naturalus-serumas-veidui","16":"product_tag-retinolio-alternatyva","17":"product_tag-skvalanas","18":"product_tag-veido-serumas-nuo-rauksliu","20":"first","21":"instock","22":"taxable","23":"shipping-taxable","24":"purchasable","25":"product-type-simple"},"bundled_by":[],"bundle_stock_status":"instock","bundle_stock_quantity":null,"bundle_virtual":false,"bundle_layout":"","bundle_add_to_cart_form_location":"","bundle_editable_in_cart":false,"bundle_sold_individually_context":"","bundle_item_grouping":"","bundle_min_size":"","bundle_max_size":"","bundle_price":[],"bundled_items":[],"bundle_sell_ids":[],"group_of_quantity":0,"min_quantity":0,"max_quantity":"","exclude_order_quantity_value_rules":"no","exclude_category_quantity_rules":"no","combine_variations":"no","exclude_global_add_ons":[],"addons":[],"yoast_head":"<!-- This site is optimized with the Yoast SEO plugin v27.4 - https:\/\/yoast.com\/product\/yoast-seo-wordpress\/ -->\n<title>LUUV  Bakuchiol serum  30ml - Greenspells<\/title>\n<meta name=\"description\" content=\"100% nat\u016bralus bakuchiol serumas ma\u017eina rauk\u0161les, gerina odos elastingum\u0105 ir suteikia \u0161vyt\u0117jimo. Tinka jautriai odai, be kvapikli\u0173.\" \/>\n<meta name=\"robots\" content=\"index, follow, max-snippet:-1, max-image-preview:large, max-video-preview:-1\" \/>\n<link rel=\"canonical\" href=\"https:\/\/greenspells.com\/lt\/produktas\/luuv-bakuchiol-serum-30ml\/\" \/>\n<meta property=\"og:locale\" content=\"lt_LT\" \/>\n<meta property=\"og:type\" content=\"article\" \/>\n<meta property=\"og:title\" content=\"LUUV  Bakuchiol serum  30ml - Greenspells\" \/>\n<meta property=\"og:description\" content=\"100% nat\u016bralus bakuchiol serumas ma\u017eina rauk\u0161les, gerina odos elastingum\u0105 ir suteikia \u0161vyt\u0117jimo. Tinka jautriai odai, be kvapikli\u0173.\" \/>\n<meta property=\"og:url\" content=\"https:\/\/greenspells.com\/lt\/produktas\/luuv-bakuchiol-serum-30ml\/\" \/>\n<meta property=\"og:site_name\" content=\"Greenspells\" \/>\n<meta property=\"article:publisher\" content=\"https:\/\/www.facebook.com\/Greenspells\" \/>\n<meta property=\"article:modified_time\" content=\"2026-03-25T06:53:37+00:00\" \/>\n<meta property=\"og:image\" content=\"https:\/\/greenspells.com\/wp-content\/uploads\/2026\/03\/luuv_s_bakuchiol.jpg\" \/>\n\t<meta property=\"og:image:width\" content=\"2048\" \/>\n\t<meta property=\"og:image:height\" content=\"2561\" \/>\n\t<meta property=\"og:image:type\" content=\"image\/jpeg\" \/>\n<meta name=\"twitter:card\" content=\"summary_large_image\" \/>\n<meta name=\"twitter:label1\" content=\"Est. reading time\" \/>\n\t<meta name=\"twitter:data1\" content=\"2 minut\u0117s\" \/>\n<script type=\"application\/ld+json\" class=\"yoast-schema-graph\">{\"@context\":\"https:\\\/\\\/schema.org\",\"@graph\":[{\"@type\":\"WebPage\",\"@id\":\"https:\\\/\\\/greenspells.com\\\/product\\\/luuv-bakuchiol-serum-30ml\\\/\",\"url\":\"https:\\\/\\\/greenspells.com\\\/product\\\/luuv-bakuchiol-serum-30ml\\\/\",\"name\":\"LUUV Bakuchiol serum 30ml - Greenspells\",\"isPartOf\":{\"@id\":\"https:\\\/\\\/greenspells.com\\\/#website\"},\"primaryImageOfPage\":{\"@id\":\"https:\\\/\\\/greenspells.com\\\/product\\\/luuv-bakuchiol-serum-30ml\\\/#primaryimage\"},\"image\":{\"@id\":\"https:\\\/\\\/greenspells.com\\\/product\\\/luuv-bakuchiol-serum-30ml\\\/#primaryimage\"},\"thumbnailUrl\":\"https:\\\/\\\/i0.wp.com\\\/greenspells.com\\\/wp-content\\\/uploads\\\/2026\\\/03\\\/luuv_s_bakuchiol.jpg?fit=2048%2C2561&ssl=1\",\"datePublished\":\"2026-03-25T06:42:08+00:00\",\"dateModified\":\"2026-03-25T06:53:37+00:00\",\"description\":\"100% nat\u016bralus bakuchiol serumas ma\u017eina rauk\u0161les, gerina odos elastingum\u0105 ir suteikia \u0161vyt\u0117jimo. Tinka jautriai odai, be kvapikli\u0173.\",\"breadcrumb\":{\"@id\":\"https:\\\/\\\/greenspells.com\\\/product\\\/luuv-bakuchiol-serum-30ml\\\/#breadcrumb\"},\"inLanguage\":\"lt-LT\",\"potentialAction\":[{\"@type\":\"ReadAction\",\"target\":[\"https:\\\/\\\/greenspells.com\\\/product\\\/luuv-bakuchiol-serum-30ml\\\/\"]}]},{\"@type\":\"ImageObject\",\"inLanguage\":\"lt-LT\",\"@id\":\"https:\\\/\\\/greenspells.com\\\/product\\\/luuv-bakuchiol-serum-30ml\\\/#primaryimage\",\"url\":\"https:\\\/\\\/i0.wp.com\\\/greenspells.com\\\/wp-content\\\/uploads\\\/2026\\\/03\\\/luuv_s_bakuchiol.jpg?fit=2048%2C2561&ssl=1\",\"contentUrl\":\"https:\\\/\\\/i0.wp.com\\\/greenspells.com\\\/wp-content\\\/uploads\\\/2026\\\/03\\\/luuv_s_bakuchiol.jpg?fit=2048%2C2561&ssl=1\",\"width\":2048,\"height\":2561,\"caption\":\"LUUV bakuciol serum\"},{\"@type\":\"BreadcrumbList\",\"@id\":\"https:\\\/\\\/greenspells.com\\\/product\\\/luuv-bakuchiol-serum-30ml\\\/#breadcrumb\",\"itemListElement\":[{\"@type\":\"ListItem\",\"position\":1,\"name\":\"Home\",\"item\":\"https:\\\/\\\/greenspells.com\\\/\"},{\"@type\":\"ListItem\",\"position\":2,\"name\":\"Shop\",\"item\":\"https:\\\/\\\/greenspells.com\\\/shop\\\/\"},{\"@type\":\"ListItem\",\"position\":3,\"name\":\"LUUV Bakuchiol serum 30ml\"}]},{\"@type\":\"WebSite\",\"@id\":\"https:\\\/\\\/greenspells.com\\\/#website\",\"url\":\"https:\\\/\\\/greenspells.com\\\/\",\"name\":\"Greenspells\",\"description\":\"Nat\u016brali ir ekologi\u0161ka kosmetika\",\"publisher\":{\"@id\":\"https:\\\/\\\/greenspells.com\\\/#organization\"},\"potentialAction\":[{\"@type\":\"SearchAction\",\"target\":{\"@type\":\"EntryPoint\",\"urlTemplate\":\"https:\\\/\\\/greenspells.com\\\/?s={search_term_string}\"},\"query-input\":{\"@type\":\"PropertyValueSpecification\",\"valueRequired\":true,\"valueName\":\"search_term_string\"}}],\"inLanguage\":\"lt-LT\"},{\"@type\":\"Organization\",\"@id\":\"https:\\\/\\\/greenspells.com\\\/#organization\",\"name\":\"Greenspells\",\"url\":\"https:\\\/\\\/greenspells.com\\\/\",\"logo\":{\"@type\":\"ImageObject\",\"inLanguage\":\"lt-LT\",\"@id\":\"https:\\\/\\\/greenspells.com\\\/#\\\/schema\\\/logo\\\/image\\\/\",\"url\":\"https:\\\/\\\/i0.wp.com\\\/greenspells.com\\\/wp-content\\\/uploads\\\/2020\\\/09\\\/20200722_153424_0000.png?fit=1500%2C1500&ssl=1\",\"contentUrl\":\"https:\\\/\\\/i0.wp.com\\\/greenspells.com\\\/wp-content\\\/uploads\\\/2020\\\/09\\\/20200722_153424_0000.png?fit=1500%2C1500&ssl=1\",\"width\":1500,\"height\":1500,\"caption\":\"Greenspells\"},\"image\":{\"@id\":\"https:\\\/\\\/greenspells.com\\\/#\\\/schema\\\/logo\\\/image\\\/\"},\"sameAs\":[\"https:\\\/\\\/www.facebook.com\\\/Greenspells\",\"https:\\\/\\\/www.instagram.com\\\/greenspells_store\\\/\"]}]}<\/script>\n<!-- \/ Yoast SEO plugin. -->","yoast_head_json":{"title":"LUUV  Bakuchiol serum  30ml - Greenspells","description":"100% nat\u016bralus bakuchiol serumas ma\u017eina rauk\u0161les, gerina odos elastingum\u0105 ir suteikia \u0161vyt\u0117jimo. Tinka jautriai odai, be kvapikli\u0173.","robots":{"index":"index","follow":"follow","max-snippet":"max-snippet:-1","max-image-preview":"max-image-preview:large","max-video-preview":"max-video-preview:-1"},"canonical":"https:\/\/greenspells.com\/lt\/produktas\/luuv-bakuchiol-serum-30ml\/","og_locale":"lt_LT","og_type":"article","og_title":"LUUV  Bakuchiol serum  30ml - Greenspells","og_description":"100% nat\u016bralus bakuchiol serumas ma\u017eina rauk\u0161les, gerina odos elastingum\u0105 ir suteikia \u0161vyt\u0117jimo. Tinka jautriai odai, be kvapikli\u0173.","og_url":"https:\/\/greenspells.com\/lt\/produktas\/luuv-bakuchiol-serum-30ml\/","og_site_name":"Greenspells","article_publisher":"https:\/\/www.facebook.com\/Greenspells","article_modified_time":"2026-03-25T06:53:37+00:00","og_image":[{"width":2048,"height":2561,"url":"https:\/\/greenspells.com\/wp-content\/uploads\/2026\/03\/luuv_s_bakuchiol.jpg","type":"image\/jpeg"}],"twitter_card":"summary_large_image","twitter_misc":{"Est. reading time":"2 minut\u0117s"},"schema":{"@context":"https:\/\/schema.org","@graph":[{"@type":"WebPage","@id":"https:\/\/greenspells.com\/product\/luuv-bakuchiol-serum-30ml\/","url":"https:\/\/greenspells.com\/product\/luuv-bakuchiol-serum-30ml\/","name":"LUUV Bakuchiol serum 30ml - Greenspells","isPartOf":{"@id":"https:\/\/greenspells.com\/#website"},"primaryImageOfPage":{"@id":"https:\/\/greenspells.com\/product\/luuv-bakuchiol-serum-30ml\/#primaryimage"},"image":{"@id":"https:\/\/greenspells.com\/product\/luuv-bakuchiol-serum-30ml\/#primaryimage"},"thumbnailUrl":"https:\/\/i0.wp.com\/greenspells.com\/wp-content\/uploads\/2026\/03\/luuv_s_bakuchiol.jpg?fit=2048%2C2561&ssl=1","datePublished":"2026-03-25T06:42:08+00:00","dateModified":"2026-03-25T06:53:37+00:00","description":"100% nat\u016bralus bakuchiol serumas ma\u017eina rauk\u0161les, gerina odos elastingum\u0105 ir suteikia \u0161vyt\u0117jimo. Tinka jautriai odai, be kvapikli\u0173.","breadcrumb":{"@id":"https:\/\/greenspells.com\/product\/luuv-bakuchiol-serum-30ml\/#breadcrumb"},"inLanguage":"lt-LT","potentialAction":[{"@type":"ReadAction","target":["https:\/\/greenspells.com\/product\/luuv-bakuchiol-serum-30ml\/"]}]},{"@type":"ImageObject","inLanguage":"lt-LT","@id":"https:\/\/greenspells.com\/product\/luuv-bakuchiol-serum-30ml\/#primaryimage","url":"https:\/\/i0.wp.com\/greenspells.com\/wp-content\/uploads\/2026\/03\/luuv_s_bakuchiol.jpg?fit=2048%2C2561&ssl=1","contentUrl":"https:\/\/i0.wp.com\/greenspells.com\/wp-content\/uploads\/2026\/03\/luuv_s_bakuchiol.jpg?fit=2048%2C2561&ssl=1","width":2048,"height":2561,"caption":"LUUV bakuciol serum"},{"@type":"BreadcrumbList","@id":"https:\/\/greenspells.com\/product\/luuv-bakuchiol-serum-30ml\/#breadcrumb","itemListElement":[{"@type":"ListItem","position":1,"name":"Home","item":"https:\/\/greenspells.com\/"},{"@type":"ListItem","position":2,"name":"Shop","item":"https:\/\/greenspells.com\/shop\/"},{"@type":"ListItem","position":3,"name":"LUUV Bakuchiol serum 30ml"}]},{"@type":"WebSite","@id":"https:\/\/greenspells.com\/#website","url":"https:\/\/greenspells.com\/","name":"Greenspells","description":"Nat\u016brali ir ekologi\u0161ka kosmetika","publisher":{"@id":"https:\/\/greenspells.com\/#organization"},"potentialAction":[{"@type":"SearchAction","target":{"@type":"EntryPoint","urlTemplate":"https:\/\/greenspells.com\/?s={search_term_string}"},"query-input":{"@type":"PropertyValueSpecification","valueRequired":true,"valueName":"search_term_string"}}],"inLanguage":"lt-LT"},{"@type":"Organization","@id":"https:\/\/greenspells.com\/#organization","name":"Greenspells","url":"https:\/\/greenspells.com\/","logo":{"@type":"ImageObject","inLanguage":"lt-LT","@id":"https:\/\/greenspells.com\/#\/schema\/logo\/image\/","url":"https:\/\/i0.wp.com\/greenspells.com\/wp-content\/uploads\/2020\/09\/20200722_153424_0000.png?fit=1500%2C1500&ssl=1","contentUrl":"https:\/\/i0.wp.com\/greenspells.com\/wp-content\/uploads\/2020\/09\/20200722_153424_0000.png?fit=1500%2C1500&ssl=1","width":1500,"height":1500,"caption":"Greenspells"},"image":{"@id":"https:\/\/greenspells.com\/#\/schema\/logo\/image\/"},"sameAs":["https:\/\/www.facebook.com\/Greenspells","https:\/\/www.instagram.com\/greenspells_store\/"]}]}},"jetpack_likes_enabled":true,"jetpack_sharing_enabled":true,"_links":{"self":[{"href":"https:\/\/greenspells.com\/lt\/wp-json\/wp\/v2\/product\/1677362","targetHints":{"allow":["GET"]}}],"collection":[{"href":"https:\/\/greenspells.com\/lt\/wp-json\/wp\/v2\/product"}],"about":[{"href":"https:\/\/greenspells.com\/lt\/wp-json\/wp\/v2\/types\/product"}],"replies":[{"embeddable":true,"href":"https:\/\/greenspells.com\/lt\/wp-json\/wp\/v2\/comments?post=1677362"}],"wp:featuredmedia":[{"embeddable":true,"href":"https:\/\/greenspells.com\/lt\/wp-json\/wp\/v2\/media\/1677365"}],"wp:attachment":[{"href":"https:\/\/greenspells.com\/lt\/wp-json\/wp\/v2\/media?parent=1677362"}],"wp:term":[{"taxonomy":"product_brand","embeddable":true,"href":"https:\/\/greenspells.com\/lt\/wp-json\/wp\/v2\/product_brand?post=1677362"},{"taxonomy":"product_cat","embeddable":true,"href":"https:\/\/greenspells.com\/lt\/wp-json\/wp\/v2\/product_cat?post=1677362"},{"taxonomy":"product_tag","embeddable":true,"href":"https:\/\/greenspells.com\/lt\/wp-json\/wp\/v2\/product_tag?post=1677362"}],"curies":[{"name":"wp","href":"https:\/\/api.w.org\/{rel}","templated":true}]}}