{"id":1677210,"date":"2026-03-16T16:12:00","date_gmt":"2026-03-16T14:12:00","guid":{"rendered":"https:\/\/greenspells.com\/?post_type=product&#038;p=1677210"},"modified":"2026-03-16T16:12:01","modified_gmt":"2026-03-16T14:12:01","slug":"luuv-cellulite-treatment-150ml","status":"publish","type":"product","link":"https:\/\/greenspells.com\/lt\/produktas\/luuv-cellulite-treatment-150ml\/","title":{"rendered":"LUUV <br> Priemon\u0117 nuo celiulito <br> 150ml"},"content":{"rendered":"<p>Glotnina, stangrina ir formuoja \u2013 pa\u017eangus sprendimas kovai su celiulitu.\n\n\u0160i priemon\u0117 pasitelkia augalin\u0117s kilm\u0117s k\u016bno kont\u016bro formavimo technologij\u0105, kuri padeda suaktyvinti odos metabolizm\u0105, skatinti riebal\u0173 skaidym\u0105 ir palaikyti kolageno atsinaujinim\u0105. Formul\u0117 veikia giliai odoje, tod\u0117l padeda ma\u017einti celiulito nelygumus, gerina odos stangrum\u0105 ir suteikia jai lygesn\u0119, sveikesn\u0119 i\u0161vaizd\u0105.<\/p>\n<p>Lengva, gelin\u0117 tekst\u016bra greitai susigeria ir palieka od\u0105 sudr\u0117kint\u0105, \u0161velni\u0105. Naudojant kasdien, oda tampa akivaizd\u017eiai stangresn\u0117, lygesnio tono, o k\u016bno kont\u016brai \u2013 dailesni.<\/p>\n<p><b>Tik\u0117tini rezultatai<\/b><\/p>\n<ul>\n<li>I\u0161kart: oda sudr\u0117kinta, gaivi ir lygesn\u0117.<\/li>\n<li>Po 2\u20133 savai\u010di\u0173: matomas odos tono pager\u0117jimas ir stangresn\u0117 tekst\u016bra.<\/li>\n<li>Po 4\u20136 savai\u010di\u0173: pastebimai suma\u017e\u0117j\u0119 celiulito po\u017eymiai ir pager\u0117j\u0119s odos elastingumas.<\/li>\n<\/ul>\n<p><strong>Pagrindiniai ingredientai<\/strong><\/p>\n<p><strong data-start=\"39\" data-end=\"62\">Sarcoslim Re-Shape\u2122<\/strong>\u00a0- biotechnologin\u0117s kilm\u0117s augalinis aktyvus ingredientas, kuris skatina riebal\u0173 metabolizm\u0105, ma\u017eina u\u017edegiminius procesus riebaliniame audinyje ir padeda stangrinti bei glotninti od\u0105.<br data-start=\"214\" data-end=\"217\" \/><strong data-start=\"217\" data-end=\"229\" data-is-only-node=\"\">Glicerinas<\/strong>\u00a0\u2013 intensyviai dr\u0117kinantis ingredientas, padedantis palaikyti odos dr\u0117gm\u0117s balans\u0105 ir suteikiantis \u0161velnumo.<br data-start=\"335\" data-end=\"338\" \/><strong data-start=\"338\" data-end=\"354\">Alavij\u0173 ekstraktas<\/strong>\u00a0\u2013 ramina, dr\u0117kina ir padeda palaikyti odos atsinaujinim\u0105 bei apsaugo nuo sudirgimo.<\/p>\n<ul>\n<li aria-level=\"1\">Ma\u017eina celiulito po\u017eymius<\/li>\n<li aria-level=\"1\">Stangrina ir tonizuoja od\u0105<\/li>\n<li aria-level=\"1\">Skatina odos mikrocirkuliacij\u0105<\/li>\n<li aria-level=\"1\">Aktyvina nat\u016bral\u0173 riebal\u0173 metabolizm\u0105<\/li>\n<li aria-level=\"1\">Suteikia ilgalaik\u012f efekt\u0105<\/li>\n<li aria-level=\"1\">Skatina kolageno ir elastino sintez\u0119<\/li>\n<li aria-level=\"1\">Dr\u0117kina ir glotnina od\u0105<\/li>\n<li aria-level=\"1\">Matomi rezultatai per 4\u20136 savaites<\/li>\n<li aria-level=\"1\">COSMOS \/ ECOCERT nat\u016bralios kosmetikos sertifikatas<\/li>\n<\/ul>\n<p><em><strong>Kaip naudoti?<\/strong><\/em><\/p>\n<p>Tepkite 1\u20132 kartus per dien\u0105 celiulito turin\u010dias vietas: \u0161launis, s\u0117dmenis, rankas ar pilvo srit\u012f.\n\u0160velniai masa\u017euokite, kol priemon\u0117 susigers, kad aktyv\u016bs ingredientai prad\u0117t\u0173 veikti.<\/p>\n<p><em><strong>Sud\u0117tis:<\/strong><\/em><\/p>\n<p>Aqua, Caprylic\/Capric Triglyceride Oil, Persea Gratissima oil, Sarcocapnos Crassifolia Callus Lysate, Octyldodecanol, Lauryl Glucoside, Myristyl Glucoside, Polyglyceryl-6 Laurate, Xanthan Gum, Glycerin, Triethyl Citrate, Glyceryl Caprylate, Benzoic Acid, Betaine, Citrus Aurantium Bergamia Fruit Oil, Eucalyptus Globulus Leaf Oil, Citric Acid, Citral, Linalool, Limonene, Linalyl Acetate, Pinene, Alpha-Pinene<\/p>\n<p>99,87% natural origin of total<br \/>\n100% vegan<\/p>\n<p>COSMOS NATURAL certified by Ecocert Greenlife according to COSMOS Standard<\/p>","protected":false},"excerpt":{"rendered":"<p>Smooth, Firm &amp; Sculpt \u2013 The Ultimate Cellulite Solution. Benefit from the natural power of plant-based\u00a0liposculpting\u00a0to reactivate skin\u2019s metabolism, encourage fat breakdown, and support collagen renewal. It delivers\u00a0long-lasting treatment effect, working deep into the skin to reduce dimples, improve firmness, and promote smoother, healthier-looking skin. The light, gel-like texture absorbs beautifully, leaving skin hydrated. With [&hellip;]<\/p>\n","protected":false},"featured_media":1677214,"comment_status":"open","ping_status":"closed","template":"","meta":{"content-type":"","_monsterinsights_skip_tracking":false,"_monsterinsights_sitenote_active":false,"_monsterinsights_sitenote_note":"","_monsterinsights_sitenote_category":0,"_uf_show_specific_survey":0,"_uf_disable_surveys":false},"product_brand":[2069],"product_cat":[137,141,1433,15],"product_tag":[2152,2151,2154,2070,461,2153,2155],"class_list":{"0":"post-1677210","1":"product","2":"type-product","3":"status-publish","4":"has-post-thumbnail","6":"product_brand-luuv","7":"product_cat-bath-and-body","8":"product_cat-hand-body-lotions","9":"product_cat-naujienos","10":"product_cat-all-products","11":"product_tag-anti-cellulite","12":"product_tag-cellulite","13":"product_tag-kremas-nuo-celiulito","14":"product_tag-luuv","15":"product_tag-naturali-kosmetika","16":"product_tag-nuo-celiulito","17":"product_tag-stangrinantis-kuno-kremas","19":"first","20":"instock","21":"taxable","22":"shipping-taxable","23":"purchasable","24":"product-type-simple"},"bundled_by":[],"bundle_stock_status":"instock","bundle_stock_quantity":null,"bundle_virtual":false,"bundle_layout":"","bundle_add_to_cart_form_location":"","bundle_editable_in_cart":false,"bundle_sold_individually_context":"","bundle_item_grouping":"","bundle_min_size":"","bundle_max_size":"","bundle_price":[],"bundled_items":[],"bundle_sell_ids":[],"group_of_quantity":0,"min_quantity":0,"max_quantity":"","exclude_order_quantity_value_rules":"no","exclude_category_quantity_rules":"no","combine_variations":"no","exclude_global_add_ons":[],"addons":[],"yoast_head":"<!-- This site is optimized with the Yoast SEO plugin v27.4 - https:\/\/yoast.com\/product\/yoast-seo-wordpress\/ -->\n<title>LUUV  Cellulite treatment  150ml - Greenspells<\/title>\n<meta name=\"description\" content=\"Priemon\u0117 nuo celiulito su Sarcoslim Re-Shape\u2122 aktyvina riebal\u0173 metabolizm\u0105, stangrina ir glotnina od\u0105. Gelin\u0117 tekst\u016bra dr\u0117kina, gerina mikrocirkuliacij\u0105.\" \/>\n<meta name=\"robots\" content=\"index, follow, max-snippet:-1, max-image-preview:large, max-video-preview:-1\" \/>\n<link rel=\"canonical\" href=\"https:\/\/greenspells.com\/lt\/produktas\/luuv-cellulite-treatment-150ml\/\" \/>\n<meta property=\"og:locale\" content=\"lt_LT\" \/>\n<meta property=\"og:type\" content=\"article\" \/>\n<meta property=\"og:title\" content=\"LUUV  Cellulite treatment  150ml - Greenspells\" \/>\n<meta property=\"og:description\" content=\"Priemon\u0117 nuo celiulito su Sarcoslim Re-Shape\u2122 aktyvina riebal\u0173 metabolizm\u0105, stangrina ir glotnina od\u0105. Gelin\u0117 tekst\u016bra dr\u0117kina, gerina mikrocirkuliacij\u0105.\" \/>\n<meta property=\"og:url\" content=\"https:\/\/greenspells.com\/lt\/produktas\/luuv-cellulite-treatment-150ml\/\" \/>\n<meta property=\"og:site_name\" content=\"Greenspells\" \/>\n<meta property=\"article:publisher\" content=\"https:\/\/www.facebook.com\/Greenspells\" \/>\n<meta property=\"article:modified_time\" content=\"2026-03-16T14:12:01+00:00\" \/>\n<meta property=\"og:image\" content=\"https:\/\/greenspells.com\/wp-content\/uploads\/2026\/03\/luuv_cellulite_cream.jpg\" \/>\n\t<meta property=\"og:image:width\" content=\"2048\" \/>\n\t<meta property=\"og:image:height\" content=\"2559\" \/>\n\t<meta property=\"og:image:type\" content=\"image\/jpeg\" \/>\n<meta name=\"twitter:card\" content=\"summary_large_image\" \/>\n<meta name=\"twitter:label1\" content=\"Est. reading time\" \/>\n\t<meta name=\"twitter:data1\" content=\"2 minut\u0117s\" \/>\n<script type=\"application\/ld+json\" class=\"yoast-schema-graph\">{\"@context\":\"https:\\\/\\\/schema.org\",\"@graph\":[{\"@type\":\"WebPage\",\"@id\":\"https:\\\/\\\/greenspells.com\\\/product\\\/luuv-cellulite-treatment-150ml\\\/\",\"url\":\"https:\\\/\\\/greenspells.com\\\/product\\\/luuv-cellulite-treatment-150ml\\\/\",\"name\":\"LUUV Cellulite treatment 150ml - Greenspells\",\"isPartOf\":{\"@id\":\"https:\\\/\\\/greenspells.com\\\/#website\"},\"primaryImageOfPage\":{\"@id\":\"https:\\\/\\\/greenspells.com\\\/product\\\/luuv-cellulite-treatment-150ml\\\/#primaryimage\"},\"image\":{\"@id\":\"https:\\\/\\\/greenspells.com\\\/product\\\/luuv-cellulite-treatment-150ml\\\/#primaryimage\"},\"thumbnailUrl\":\"https:\\\/\\\/i0.wp.com\\\/greenspells.com\\\/wp-content\\\/uploads\\\/2026\\\/03\\\/luuv_cellulite_cream.jpg?fit=2048%2C2559&ssl=1\",\"datePublished\":\"2026-03-16T14:12:00+00:00\",\"dateModified\":\"2026-03-16T14:12:01+00:00\",\"description\":\"Priemon\u0117 nuo celiulito su Sarcoslim Re-Shape\u2122 aktyvina riebal\u0173 metabolizm\u0105, stangrina ir glotnina od\u0105. Gelin\u0117 tekst\u016bra dr\u0117kina, gerina mikrocirkuliacij\u0105.\",\"breadcrumb\":{\"@id\":\"https:\\\/\\\/greenspells.com\\\/product\\\/luuv-cellulite-treatment-150ml\\\/#breadcrumb\"},\"inLanguage\":\"lt-LT\",\"potentialAction\":[{\"@type\":\"ReadAction\",\"target\":[\"https:\\\/\\\/greenspells.com\\\/product\\\/luuv-cellulite-treatment-150ml\\\/\"]}]},{\"@type\":\"ImageObject\",\"inLanguage\":\"lt-LT\",\"@id\":\"https:\\\/\\\/greenspells.com\\\/product\\\/luuv-cellulite-treatment-150ml\\\/#primaryimage\",\"url\":\"https:\\\/\\\/i0.wp.com\\\/greenspells.com\\\/wp-content\\\/uploads\\\/2026\\\/03\\\/luuv_cellulite_cream.jpg?fit=2048%2C2559&ssl=1\",\"contentUrl\":\"https:\\\/\\\/i0.wp.com\\\/greenspells.com\\\/wp-content\\\/uploads\\\/2026\\\/03\\\/luuv_cellulite_cream.jpg?fit=2048%2C2559&ssl=1\",\"width\":2048,\"height\":2559,\"caption\":\"luuv anti cellulite treatment\"},{\"@type\":\"BreadcrumbList\",\"@id\":\"https:\\\/\\\/greenspells.com\\\/product\\\/luuv-cellulite-treatment-150ml\\\/#breadcrumb\",\"itemListElement\":[{\"@type\":\"ListItem\",\"position\":1,\"name\":\"Home\",\"item\":\"https:\\\/\\\/greenspells.com\\\/\"},{\"@type\":\"ListItem\",\"position\":2,\"name\":\"Shop\",\"item\":\"https:\\\/\\\/greenspells.com\\\/shop\\\/\"},{\"@type\":\"ListItem\",\"position\":3,\"name\":\"LUUV Cellulite treatment 150ml\"}]},{\"@type\":\"WebSite\",\"@id\":\"https:\\\/\\\/greenspells.com\\\/#website\",\"url\":\"https:\\\/\\\/greenspells.com\\\/\",\"name\":\"Greenspells\",\"description\":\"Nat\u016brali ir ekologi\u0161ka kosmetika\",\"publisher\":{\"@id\":\"https:\\\/\\\/greenspells.com\\\/#organization\"},\"potentialAction\":[{\"@type\":\"SearchAction\",\"target\":{\"@type\":\"EntryPoint\",\"urlTemplate\":\"https:\\\/\\\/greenspells.com\\\/?s={search_term_string}\"},\"query-input\":{\"@type\":\"PropertyValueSpecification\",\"valueRequired\":true,\"valueName\":\"search_term_string\"}}],\"inLanguage\":\"lt-LT\"},{\"@type\":\"Organization\",\"@id\":\"https:\\\/\\\/greenspells.com\\\/#organization\",\"name\":\"Greenspells\",\"url\":\"https:\\\/\\\/greenspells.com\\\/\",\"logo\":{\"@type\":\"ImageObject\",\"inLanguage\":\"lt-LT\",\"@id\":\"https:\\\/\\\/greenspells.com\\\/#\\\/schema\\\/logo\\\/image\\\/\",\"url\":\"https:\\\/\\\/i0.wp.com\\\/greenspells.com\\\/wp-content\\\/uploads\\\/2020\\\/09\\\/20200722_153424_0000.png?fit=1500%2C1500&ssl=1\",\"contentUrl\":\"https:\\\/\\\/i0.wp.com\\\/greenspells.com\\\/wp-content\\\/uploads\\\/2020\\\/09\\\/20200722_153424_0000.png?fit=1500%2C1500&ssl=1\",\"width\":1500,\"height\":1500,\"caption\":\"Greenspells\"},\"image\":{\"@id\":\"https:\\\/\\\/greenspells.com\\\/#\\\/schema\\\/logo\\\/image\\\/\"},\"sameAs\":[\"https:\\\/\\\/www.facebook.com\\\/Greenspells\",\"https:\\\/\\\/www.instagram.com\\\/greenspells_store\\\/\"]}]}<\/script>\n<!-- \/ Yoast SEO plugin. -->","yoast_head_json":{"title":"LUUV  Cellulite treatment  150ml - Greenspells","description":"Priemon\u0117 nuo celiulito su Sarcoslim Re-Shape\u2122 aktyvina riebal\u0173 metabolizm\u0105, stangrina ir glotnina od\u0105. Gelin\u0117 tekst\u016bra dr\u0117kina, gerina mikrocirkuliacij\u0105.","robots":{"index":"index","follow":"follow","max-snippet":"max-snippet:-1","max-image-preview":"max-image-preview:large","max-video-preview":"max-video-preview:-1"},"canonical":"https:\/\/greenspells.com\/lt\/produktas\/luuv-cellulite-treatment-150ml\/","og_locale":"lt_LT","og_type":"article","og_title":"LUUV  Cellulite treatment  150ml - Greenspells","og_description":"Priemon\u0117 nuo celiulito su Sarcoslim Re-Shape\u2122 aktyvina riebal\u0173 metabolizm\u0105, stangrina ir glotnina od\u0105. Gelin\u0117 tekst\u016bra dr\u0117kina, gerina mikrocirkuliacij\u0105.","og_url":"https:\/\/greenspells.com\/lt\/produktas\/luuv-cellulite-treatment-150ml\/","og_site_name":"Greenspells","article_publisher":"https:\/\/www.facebook.com\/Greenspells","article_modified_time":"2026-03-16T14:12:01+00:00","og_image":[{"width":2048,"height":2559,"url":"https:\/\/greenspells.com\/wp-content\/uploads\/2026\/03\/luuv_cellulite_cream.jpg","type":"image\/jpeg"}],"twitter_card":"summary_large_image","twitter_misc":{"Est. reading time":"2 minut\u0117s"},"schema":{"@context":"https:\/\/schema.org","@graph":[{"@type":"WebPage","@id":"https:\/\/greenspells.com\/product\/luuv-cellulite-treatment-150ml\/","url":"https:\/\/greenspells.com\/product\/luuv-cellulite-treatment-150ml\/","name":"LUUV Cellulite treatment 150ml - Greenspells","isPartOf":{"@id":"https:\/\/greenspells.com\/#website"},"primaryImageOfPage":{"@id":"https:\/\/greenspells.com\/product\/luuv-cellulite-treatment-150ml\/#primaryimage"},"image":{"@id":"https:\/\/greenspells.com\/product\/luuv-cellulite-treatment-150ml\/#primaryimage"},"thumbnailUrl":"https:\/\/i0.wp.com\/greenspells.com\/wp-content\/uploads\/2026\/03\/luuv_cellulite_cream.jpg?fit=2048%2C2559&ssl=1","datePublished":"2026-03-16T14:12:00+00:00","dateModified":"2026-03-16T14:12:01+00:00","description":"Priemon\u0117 nuo celiulito su Sarcoslim Re-Shape\u2122 aktyvina riebal\u0173 metabolizm\u0105, stangrina ir glotnina od\u0105. Gelin\u0117 tekst\u016bra dr\u0117kina, gerina mikrocirkuliacij\u0105.","breadcrumb":{"@id":"https:\/\/greenspells.com\/product\/luuv-cellulite-treatment-150ml\/#breadcrumb"},"inLanguage":"lt-LT","potentialAction":[{"@type":"ReadAction","target":["https:\/\/greenspells.com\/product\/luuv-cellulite-treatment-150ml\/"]}]},{"@type":"ImageObject","inLanguage":"lt-LT","@id":"https:\/\/greenspells.com\/product\/luuv-cellulite-treatment-150ml\/#primaryimage","url":"https:\/\/i0.wp.com\/greenspells.com\/wp-content\/uploads\/2026\/03\/luuv_cellulite_cream.jpg?fit=2048%2C2559&ssl=1","contentUrl":"https:\/\/i0.wp.com\/greenspells.com\/wp-content\/uploads\/2026\/03\/luuv_cellulite_cream.jpg?fit=2048%2C2559&ssl=1","width":2048,"height":2559,"caption":"luuv anti cellulite treatment"},{"@type":"BreadcrumbList","@id":"https:\/\/greenspells.com\/product\/luuv-cellulite-treatment-150ml\/#breadcrumb","itemListElement":[{"@type":"ListItem","position":1,"name":"Home","item":"https:\/\/greenspells.com\/"},{"@type":"ListItem","position":2,"name":"Shop","item":"https:\/\/greenspells.com\/shop\/"},{"@type":"ListItem","position":3,"name":"LUUV Cellulite treatment 150ml"}]},{"@type":"WebSite","@id":"https:\/\/greenspells.com\/#website","url":"https:\/\/greenspells.com\/","name":"Greenspells","description":"Nat\u016brali ir ekologi\u0161ka kosmetika","publisher":{"@id":"https:\/\/greenspells.com\/#organization"},"potentialAction":[{"@type":"SearchAction","target":{"@type":"EntryPoint","urlTemplate":"https:\/\/greenspells.com\/?s={search_term_string}"},"query-input":{"@type":"PropertyValueSpecification","valueRequired":true,"valueName":"search_term_string"}}],"inLanguage":"lt-LT"},{"@type":"Organization","@id":"https:\/\/greenspells.com\/#organization","name":"Greenspells","url":"https:\/\/greenspells.com\/","logo":{"@type":"ImageObject","inLanguage":"lt-LT","@id":"https:\/\/greenspells.com\/#\/schema\/logo\/image\/","url":"https:\/\/i0.wp.com\/greenspells.com\/wp-content\/uploads\/2020\/09\/20200722_153424_0000.png?fit=1500%2C1500&ssl=1","contentUrl":"https:\/\/i0.wp.com\/greenspells.com\/wp-content\/uploads\/2020\/09\/20200722_153424_0000.png?fit=1500%2C1500&ssl=1","width":1500,"height":1500,"caption":"Greenspells"},"image":{"@id":"https:\/\/greenspells.com\/#\/schema\/logo\/image\/"},"sameAs":["https:\/\/www.facebook.com\/Greenspells","https:\/\/www.instagram.com\/greenspells_store\/"]}]}},"jetpack_likes_enabled":true,"jetpack_sharing_enabled":true,"_links":{"self":[{"href":"https:\/\/greenspells.com\/lt\/wp-json\/wp\/v2\/product\/1677210","targetHints":{"allow":["GET"]}}],"collection":[{"href":"https:\/\/greenspells.com\/lt\/wp-json\/wp\/v2\/product"}],"about":[{"href":"https:\/\/greenspells.com\/lt\/wp-json\/wp\/v2\/types\/product"}],"replies":[{"embeddable":true,"href":"https:\/\/greenspells.com\/lt\/wp-json\/wp\/v2\/comments?post=1677210"}],"wp:featuredmedia":[{"embeddable":true,"href":"https:\/\/greenspells.com\/lt\/wp-json\/wp\/v2\/media\/1677214"}],"wp:attachment":[{"href":"https:\/\/greenspells.com\/lt\/wp-json\/wp\/v2\/media?parent=1677210"}],"wp:term":[{"taxonomy":"product_brand","embeddable":true,"href":"https:\/\/greenspells.com\/lt\/wp-json\/wp\/v2\/product_brand?post=1677210"},{"taxonomy":"product_cat","embeddable":true,"href":"https:\/\/greenspells.com\/lt\/wp-json\/wp\/v2\/product_cat?post=1677210"},{"taxonomy":"product_tag","embeddable":true,"href":"https:\/\/greenspells.com\/lt\/wp-json\/wp\/v2\/product_tag?post=1677210"}],"curies":[{"name":"wp","href":"https:\/\/api.w.org\/{rel}","templated":true}]}}