{"id":1677175,"date":"2026-03-16T10:51:54","date_gmt":"2026-03-16T08:51:54","guid":{"rendered":"https:\/\/greenspells.com\/?post_type=product&#038;p=1677175"},"modified":"2026-03-16T11:36:34","modified_gmt":"2026-03-16T09:36:34","slug":"luuv-lip-gloss-balm-perfect","status":"publish","type":"product","link":"https:\/\/greenspells.com\/lt\/produktas\/luuv-lip-gloss-balm-perfect\/","title":{"rendered":"LUUV <br> L\u016bp\u0173 blizgis\u2013balzamas <br> PERFECT"},"content":{"rendered":"<p>LUUV l\u016bp\u0173 blizgis\u2013balzamas \u2013 naujas geriausias j\u016bs\u0173 l\u016bp\u0173 draugas!<\/p>\n<ul>\n<li>Suteikia gra\u017e\u0173 blizges\u012f ir nat\u016bral\u0173 atspalv\u012f<\/li>\n<li>Maitina ir dr\u0117kina l\u016bpas<\/li>\n<li>100% nat\u016bral\u016bs<\/li>\n<li>Be prid\u0117tini\u0173 kvapikli\u0173 ir aromat\u0173<\/li>\n<li>Nelipni tekst\u016bra<\/li>\n<li>Ilgai i\u0161liekantis efektas<\/li>\n<li>ECOCERT\/COSMOS sertifikuotas<\/li>\n<\/ul>\n<p>\u0160is l\u016bp\u0173 blizgis\u2013balzamas, sertifikuotas presti\u017einiu ECOCERT \/ COSMOS ekologiniu sertifikatu, leid\u017eia m\u0117gautis spindin\u010diomis l\u016bpomis be kompromis\u0173. Nesvarbu, ar tai \u012fprasta diena, ar ypatinga proga \u2013 \u0161is blizgis taps j\u016bs\u0173 patikimu pasirinkimu, suteikian\u010diu l\u016bpoms spindesio, subtil\u0173 atspalv\u012f ir nepriekai\u0161ting\u0105 komfort\u0105.<\/p>\n<p>Formul\u0117 sukurta taip, kad ne tik gra\u017eint\u0173, bet ir r\u016bpint\u0173si l\u016bpomis.\nSlyv\u0173 aliejus suteikia l\u016bpoms elastingumo ir komforto poj\u016bt\u012f, o kandelil\u0173 va\u0161kas jas mink\u0161tina ir padeda i\u0161laikyti \u0161velnum\u0105. Nat\u016bral\u016bs atspalviai i\u0161gaunami i\u0161 ridik\u0117li\u0173, burok\u0117li\u0173 ir bulvi\u0173, tod\u0117l spalva yra tikra gamtos palet\u0117s dovana. Blizgio tekst\u016bra nelipni, lengva ir ilgai i\u0161liekanti, tod\u0117l l\u016bpos atrodo spindin\u010dios ir pri\u017ei\u016br\u0117tos vis\u0105 dien\u0105.<\/p>\n<p>\u0160iame blizgyje n\u0117ra prid\u0117tini\u0173 kvapikli\u0173 ar aromat\u0173 \u2013 tik nat\u016bral\u016bs ingredientai. Produktas pagamintas i\u0161 100 % nat\u016bralios kilm\u0117s sudedam\u0173j\u0173 dali\u0173, tod\u0117l yra tinkamas veganams ir atitinka auk\u0161\u010diausius \u0161varios kosmetikos standartus. Nieko nenutiks, net jei jo nety\u010dia paragausite! (bet rekomenduojame geriau pataupyti j\u012f l\u016bpoms).<\/p>\n<p>Tai daugiau nei makia\u017eo priemon\u0117 \u2013 tai nat\u016bralaus gro\u017eio pabr\u0117\u017eimas, ma\u017eas kasdienis ritualas, primenantis, kad jaustis puikiai prasideda nuo geriausi\u0173 pasirinkim\u0173 sau.<\/p>\n<p><em><strong>Sud\u0117tis:<\/strong><\/em><\/p>\n<p>Oleic\/Linoleic\/Linolenic Polyglycerides, Olus Oil, Hydrogenated Vegetable Oil, Euphorbia Cerifera (Candelilla) Wax, Prunus Domestica (Plum) Seed oil, Oryza Sativa (Rice) Starch, Glyceryl stearate, Raphanus Sativus (Radish) Root Extract, Ipomoea Batatas Root Extract, Mica, CI 77891, Titanium Dioxide, Octyldodecanol, Jojoba Esters, Trihydroxystearin, Citric Acid, Acacia Senegal Gum, Maltodextrin<\/p>\n<p>Natural origin 100%<br \/>\n100% vegan<\/p>","protected":false},"excerpt":{"rendered":"<p>LUUV Lip Gloss Balm \u2013 your lips\u2019 new best friend! Beautiful shine and tone Caring and moisturizing 100% natural No added flavors or fragrances Non-sticky Long-lasting ECOCERT\/COSMOS Certified with the prestigious ECOCERT\/COSMOS eco-certificate, this Gloss Balm is your guilt-free ticket to glossy, luscious lips. Whether you\u2019re strolling through your day or glamming up for a [&hellip;]<\/p>","protected":false},"featured_media":1677178,"comment_status":"open","ping_status":"closed","template":"","meta":{"content-type":"","_monsterinsights_skip_tracking":false,"_monsterinsights_sitenote_active":false,"_monsterinsights_sitenote_note":"","_monsterinsights_sitenote_category":0,"_uf_show_specific_survey":0,"_uf_disable_surveys":false},"product_brand":[2069],"product_cat":[320,132,42,1433,34,15],"product_tag":[2147,2145,494,603,2146,2070,2144,581,1150],"class_list":{"0":"post-1677175","1":"product","2":"type-product","3":"status-publish","4":"has-post-thumbnail","6":"product_brand-luuv","7":"product_cat-lip-care","8":"product_cat-lips","9":"product_cat-make-up","10":"product_cat-naujienos","11":"product_cat-skincare","12":"product_cat-all-products","13":"product_tag-blizgesys-lupoms","14":"product_tag-blizgis-lupoms","15":"product_tag-greenspells","16":"product_tag-lupu-balzamas","17":"product_tag-lupu-blizgesys","18":"product_tag-luuv","19":"product_tag-naturalus-lupu-blizgis","20":"product_tag-naturalus-makiazas","21":"product_tag-natural-lip-gloss","23":"first","24":"instock","25":"taxable","26":"shipping-taxable","27":"purchasable","28":"product-type-simple"},"bundled_by":[],"bundle_stock_status":"instock","bundle_stock_quantity":null,"bundle_virtual":false,"bundle_layout":"","bundle_add_to_cart_form_location":"","bundle_editable_in_cart":false,"bundle_sold_individually_context":"","bundle_item_grouping":"","bundle_min_size":"","bundle_max_size":"","bundle_price":[],"bundled_items":[],"bundle_sell_ids":[],"group_of_quantity":0,"min_quantity":0,"max_quantity":"","exclude_order_quantity_value_rules":"no","exclude_category_quantity_rules":"no","combine_variations":"no","exclude_global_add_ons":[],"addons":[],"yoast_head":"<!-- This site is optimized with the Yoast SEO plugin v27.4 - https:\/\/yoast.com\/product\/yoast-seo-wordpress\/ -->\n<title>LUUV  Lip Gloss Balm  PERFECT - Greenspells<\/title>\n<meta name=\"description\" content=\"LUUV l\u016bp\u0173 blizgis\u2013balzamas su 100 % nat\u016bralios kilm\u0117s ingredientais suteikia spindesio, dr\u0117kina ir maitina l\u016bpas. Nelipni tekst\u016bra, nat\u016bral\u016bs atspalviai.\" \/>\n<meta name=\"robots\" content=\"index, follow, max-snippet:-1, max-image-preview:large, max-video-preview:-1\" \/>\n<link rel=\"canonical\" href=\"https:\/\/greenspells.com\/lt\/produktas\/luuv-lip-gloss-balm-perfect\/\" \/>\n<meta property=\"og:locale\" content=\"lt_LT\" \/>\n<meta property=\"og:type\" content=\"article\" \/>\n<meta property=\"og:title\" content=\"LUUV  Lip Gloss Balm  PERFECT - Greenspells\" \/>\n<meta property=\"og:description\" content=\"LUUV l\u016bp\u0173 blizgis\u2013balzamas su 100 % nat\u016bralios kilm\u0117s ingredientais suteikia spindesio, dr\u0117kina ir maitina l\u016bpas. Nelipni tekst\u016bra, nat\u016bral\u016bs atspalviai.\" \/>\n<meta property=\"og:url\" content=\"https:\/\/greenspells.com\/lt\/produktas\/luuv-lip-gloss-balm-perfect\/\" \/>\n<meta property=\"og:site_name\" content=\"Greenspells\" \/>\n<meta property=\"article:publisher\" content=\"https:\/\/www.facebook.com\/Greenspells\" \/>\n<meta property=\"article:modified_time\" content=\"2026-03-16T09:36:34+00:00\" \/>\n<meta property=\"og:image\" content=\"https:\/\/greenspells.com\/wp-content\/uploads\/2026\/03\/luuv_lipgloss_perfect.jpg\" \/>\n\t<meta property=\"og:image:width\" content=\"2048\" \/>\n\t<meta property=\"og:image:height\" content=\"2560\" \/>\n\t<meta property=\"og:image:type\" content=\"image\/jpeg\" \/>\n<meta name=\"twitter:card\" content=\"summary_large_image\" \/>\n<meta name=\"twitter:label1\" content=\"Est. reading time\" \/>\n\t<meta name=\"twitter:data1\" content=\"2 minut\u0117s\" \/>\n<script type=\"application\/ld+json\" class=\"yoast-schema-graph\">{\"@context\":\"https:\\\/\\\/schema.org\",\"@graph\":[{\"@type\":\"WebPage\",\"@id\":\"https:\\\/\\\/greenspells.com\\\/product\\\/luuv-lip-gloss-balm-perfect\\\/\",\"url\":\"https:\\\/\\\/greenspells.com\\\/product\\\/luuv-lip-gloss-balm-perfect\\\/\",\"name\":\"LUUV Lip Gloss Balm PERFECT - Greenspells\",\"isPartOf\":{\"@id\":\"https:\\\/\\\/greenspells.com\\\/#website\"},\"primaryImageOfPage\":{\"@id\":\"https:\\\/\\\/greenspells.com\\\/product\\\/luuv-lip-gloss-balm-perfect\\\/#primaryimage\"},\"image\":{\"@id\":\"https:\\\/\\\/greenspells.com\\\/product\\\/luuv-lip-gloss-balm-perfect\\\/#primaryimage\"},\"thumbnailUrl\":\"https:\\\/\\\/i0.wp.com\\\/greenspells.com\\\/wp-content\\\/uploads\\\/2026\\\/03\\\/luuv_lipgloss_perfect.jpg?fit=2048%2C2560&ssl=1\",\"datePublished\":\"2026-03-16T08:51:54+00:00\",\"dateModified\":\"2026-03-16T09:36:34+00:00\",\"description\":\"LUUV l\u016bp\u0173 blizgis\u2013balzamas su 100 % nat\u016bralios kilm\u0117s ingredientais suteikia spindesio, dr\u0117kina ir maitina l\u016bpas. Nelipni tekst\u016bra, nat\u016bral\u016bs atspalviai.\",\"breadcrumb\":{\"@id\":\"https:\\\/\\\/greenspells.com\\\/product\\\/luuv-lip-gloss-balm-perfect\\\/#breadcrumb\"},\"inLanguage\":\"lt-LT\",\"potentialAction\":[{\"@type\":\"ReadAction\",\"target\":[\"https:\\\/\\\/greenspells.com\\\/product\\\/luuv-lip-gloss-balm-perfect\\\/\"]}]},{\"@type\":\"ImageObject\",\"inLanguage\":\"lt-LT\",\"@id\":\"https:\\\/\\\/greenspells.com\\\/product\\\/luuv-lip-gloss-balm-perfect\\\/#primaryimage\",\"url\":\"https:\\\/\\\/i0.wp.com\\\/greenspells.com\\\/wp-content\\\/uploads\\\/2026\\\/03\\\/luuv_lipgloss_perfect.jpg?fit=2048%2C2560&ssl=1\",\"contentUrl\":\"https:\\\/\\\/i0.wp.com\\\/greenspells.com\\\/wp-content\\\/uploads\\\/2026\\\/03\\\/luuv_lipgloss_perfect.jpg?fit=2048%2C2560&ssl=1\",\"width\":2048,\"height\":2560,\"caption\":\"luuv lip gloss perfect\"},{\"@type\":\"BreadcrumbList\",\"@id\":\"https:\\\/\\\/greenspells.com\\\/product\\\/luuv-lip-gloss-balm-perfect\\\/#breadcrumb\",\"itemListElement\":[{\"@type\":\"ListItem\",\"position\":1,\"name\":\"Home\",\"item\":\"https:\\\/\\\/greenspells.com\\\/\"},{\"@type\":\"ListItem\",\"position\":2,\"name\":\"Shop\",\"item\":\"https:\\\/\\\/greenspells.com\\\/shop\\\/\"},{\"@type\":\"ListItem\",\"position\":3,\"name\":\"LUUV Lip Gloss Balm PERFECT\"}]},{\"@type\":\"WebSite\",\"@id\":\"https:\\\/\\\/greenspells.com\\\/#website\",\"url\":\"https:\\\/\\\/greenspells.com\\\/\",\"name\":\"Greenspells\",\"description\":\"Nat\u016brali ir ekologi\u0161ka kosmetika\",\"publisher\":{\"@id\":\"https:\\\/\\\/greenspells.com\\\/#organization\"},\"potentialAction\":[{\"@type\":\"SearchAction\",\"target\":{\"@type\":\"EntryPoint\",\"urlTemplate\":\"https:\\\/\\\/greenspells.com\\\/?s={search_term_string}\"},\"query-input\":{\"@type\":\"PropertyValueSpecification\",\"valueRequired\":true,\"valueName\":\"search_term_string\"}}],\"inLanguage\":\"lt-LT\"},{\"@type\":\"Organization\",\"@id\":\"https:\\\/\\\/greenspells.com\\\/#organization\",\"name\":\"Greenspells\",\"url\":\"https:\\\/\\\/greenspells.com\\\/\",\"logo\":{\"@type\":\"ImageObject\",\"inLanguage\":\"lt-LT\",\"@id\":\"https:\\\/\\\/greenspells.com\\\/#\\\/schema\\\/logo\\\/image\\\/\",\"url\":\"https:\\\/\\\/i0.wp.com\\\/greenspells.com\\\/wp-content\\\/uploads\\\/2020\\\/09\\\/20200722_153424_0000.png?fit=1500%2C1500&ssl=1\",\"contentUrl\":\"https:\\\/\\\/i0.wp.com\\\/greenspells.com\\\/wp-content\\\/uploads\\\/2020\\\/09\\\/20200722_153424_0000.png?fit=1500%2C1500&ssl=1\",\"width\":1500,\"height\":1500,\"caption\":\"Greenspells\"},\"image\":{\"@id\":\"https:\\\/\\\/greenspells.com\\\/#\\\/schema\\\/logo\\\/image\\\/\"},\"sameAs\":[\"https:\\\/\\\/www.facebook.com\\\/Greenspells\",\"https:\\\/\\\/www.instagram.com\\\/greenspells_store\\\/\"]}]}<\/script>\n<!-- \/ Yoast SEO plugin. -->","yoast_head_json":{"title":"LUUV  Lip Gloss Balm  PERFECT - Greenspells","description":"LUUV l\u016bp\u0173 blizgis\u2013balzamas su 100 % nat\u016bralios kilm\u0117s ingredientais suteikia spindesio, dr\u0117kina ir maitina l\u016bpas. Nelipni tekst\u016bra, nat\u016bral\u016bs atspalviai.","robots":{"index":"index","follow":"follow","max-snippet":"max-snippet:-1","max-image-preview":"max-image-preview:large","max-video-preview":"max-video-preview:-1"},"canonical":"https:\/\/greenspells.com\/lt\/produktas\/luuv-lip-gloss-balm-perfect\/","og_locale":"lt_LT","og_type":"article","og_title":"LUUV  Lip Gloss Balm  PERFECT - Greenspells","og_description":"LUUV l\u016bp\u0173 blizgis\u2013balzamas su 100 % nat\u016bralios kilm\u0117s ingredientais suteikia spindesio, dr\u0117kina ir maitina l\u016bpas. Nelipni tekst\u016bra, nat\u016bral\u016bs atspalviai.","og_url":"https:\/\/greenspells.com\/lt\/produktas\/luuv-lip-gloss-balm-perfect\/","og_site_name":"Greenspells","article_publisher":"https:\/\/www.facebook.com\/Greenspells","article_modified_time":"2026-03-16T09:36:34+00:00","og_image":[{"width":2048,"height":2560,"url":"https:\/\/greenspells.com\/wp-content\/uploads\/2026\/03\/luuv_lipgloss_perfect.jpg","type":"image\/jpeg"}],"twitter_card":"summary_large_image","twitter_misc":{"Est. reading time":"2 minut\u0117s"},"schema":{"@context":"https:\/\/schema.org","@graph":[{"@type":"WebPage","@id":"https:\/\/greenspells.com\/product\/luuv-lip-gloss-balm-perfect\/","url":"https:\/\/greenspells.com\/product\/luuv-lip-gloss-balm-perfect\/","name":"LUUV Lip Gloss Balm PERFECT - Greenspells","isPartOf":{"@id":"https:\/\/greenspells.com\/#website"},"primaryImageOfPage":{"@id":"https:\/\/greenspells.com\/product\/luuv-lip-gloss-balm-perfect\/#primaryimage"},"image":{"@id":"https:\/\/greenspells.com\/product\/luuv-lip-gloss-balm-perfect\/#primaryimage"},"thumbnailUrl":"https:\/\/i0.wp.com\/greenspells.com\/wp-content\/uploads\/2026\/03\/luuv_lipgloss_perfect.jpg?fit=2048%2C2560&ssl=1","datePublished":"2026-03-16T08:51:54+00:00","dateModified":"2026-03-16T09:36:34+00:00","description":"LUUV l\u016bp\u0173 blizgis\u2013balzamas su 100 % nat\u016bralios kilm\u0117s ingredientais suteikia spindesio, dr\u0117kina ir maitina l\u016bpas. Nelipni tekst\u016bra, nat\u016bral\u016bs atspalviai.","breadcrumb":{"@id":"https:\/\/greenspells.com\/product\/luuv-lip-gloss-balm-perfect\/#breadcrumb"},"inLanguage":"lt-LT","potentialAction":[{"@type":"ReadAction","target":["https:\/\/greenspells.com\/product\/luuv-lip-gloss-balm-perfect\/"]}]},{"@type":"ImageObject","inLanguage":"lt-LT","@id":"https:\/\/greenspells.com\/product\/luuv-lip-gloss-balm-perfect\/#primaryimage","url":"https:\/\/i0.wp.com\/greenspells.com\/wp-content\/uploads\/2026\/03\/luuv_lipgloss_perfect.jpg?fit=2048%2C2560&ssl=1","contentUrl":"https:\/\/i0.wp.com\/greenspells.com\/wp-content\/uploads\/2026\/03\/luuv_lipgloss_perfect.jpg?fit=2048%2C2560&ssl=1","width":2048,"height":2560,"caption":"luuv lip gloss perfect"},{"@type":"BreadcrumbList","@id":"https:\/\/greenspells.com\/product\/luuv-lip-gloss-balm-perfect\/#breadcrumb","itemListElement":[{"@type":"ListItem","position":1,"name":"Home","item":"https:\/\/greenspells.com\/"},{"@type":"ListItem","position":2,"name":"Shop","item":"https:\/\/greenspells.com\/shop\/"},{"@type":"ListItem","position":3,"name":"LUUV Lip Gloss Balm PERFECT"}]},{"@type":"WebSite","@id":"https:\/\/greenspells.com\/#website","url":"https:\/\/greenspells.com\/","name":"Greenspells","description":"Nat\u016brali ir ekologi\u0161ka kosmetika","publisher":{"@id":"https:\/\/greenspells.com\/#organization"},"potentialAction":[{"@type":"SearchAction","target":{"@type":"EntryPoint","urlTemplate":"https:\/\/greenspells.com\/?s={search_term_string}"},"query-input":{"@type":"PropertyValueSpecification","valueRequired":true,"valueName":"search_term_string"}}],"inLanguage":"lt-LT"},{"@type":"Organization","@id":"https:\/\/greenspells.com\/#organization","name":"Greenspells","url":"https:\/\/greenspells.com\/","logo":{"@type":"ImageObject","inLanguage":"lt-LT","@id":"https:\/\/greenspells.com\/#\/schema\/logo\/image\/","url":"https:\/\/i0.wp.com\/greenspells.com\/wp-content\/uploads\/2020\/09\/20200722_153424_0000.png?fit=1500%2C1500&ssl=1","contentUrl":"https:\/\/i0.wp.com\/greenspells.com\/wp-content\/uploads\/2020\/09\/20200722_153424_0000.png?fit=1500%2C1500&ssl=1","width":1500,"height":1500,"caption":"Greenspells"},"image":{"@id":"https:\/\/greenspells.com\/#\/schema\/logo\/image\/"},"sameAs":["https:\/\/www.facebook.com\/Greenspells","https:\/\/www.instagram.com\/greenspells_store\/"]}]}},"jetpack_likes_enabled":true,"jetpack_sharing_enabled":true,"_links":{"self":[{"href":"https:\/\/greenspells.com\/lt\/wp-json\/wp\/v2\/product\/1677175","targetHints":{"allow":["GET"]}}],"collection":[{"href":"https:\/\/greenspells.com\/lt\/wp-json\/wp\/v2\/product"}],"about":[{"href":"https:\/\/greenspells.com\/lt\/wp-json\/wp\/v2\/types\/product"}],"replies":[{"embeddable":true,"href":"https:\/\/greenspells.com\/lt\/wp-json\/wp\/v2\/comments?post=1677175"}],"wp:featuredmedia":[{"embeddable":true,"href":"https:\/\/greenspells.com\/lt\/wp-json\/wp\/v2\/media\/1677178"}],"wp:attachment":[{"href":"https:\/\/greenspells.com\/lt\/wp-json\/wp\/v2\/media?parent=1677175"}],"wp:term":[{"taxonomy":"product_brand","embeddable":true,"href":"https:\/\/greenspells.com\/lt\/wp-json\/wp\/v2\/product_brand?post=1677175"},{"taxonomy":"product_cat","embeddable":true,"href":"https:\/\/greenspells.com\/lt\/wp-json\/wp\/v2\/product_cat?post=1677175"},{"taxonomy":"product_tag","embeddable":true,"href":"https:\/\/greenspells.com\/lt\/wp-json\/wp\/v2\/product_tag?post=1677175"}],"curies":[{"name":"wp","href":"https:\/\/api.w.org\/{rel}","templated":true}]}}