{"id":1677126,"date":"2026-03-09T09:35:18","date_gmt":"2026-03-09T07:35:18","guid":{"rendered":"https:\/\/greenspells.com\/?post_type=product&#038;p=1677126"},"modified":"2026-05-01T16:27:27","modified_gmt":"2026-05-01T14:27:27","slug":"manucurist-active-blur","status":"publish","type":"product","link":"https:\/\/greenspells.com\/lt\/produktas\/manucurist-active-blur\/","title":{"rendered":"MANUCURIST <br> Active <br> BLUR"},"content":{"rendered":"<p>The first\u00a0<strong>Pirmasis pudri\u0161kai ro\u017einis nag\u0173 prie\u017ei\u016bros lakas\u00a0<\/strong>su \u201eblur\u201c efektu, kuris i\u0161lygina nelygumus ir suteikia nepriekai\u0161ting\u0105, tobulai atrodant\u012f rezultat\u0105.<\/p>\n<p>Tai tikras gro\u017eio filtras nagams \u2013 hibridinis prie\u017ei\u016bros ir makia\u017eo lakas su aksominiu matiniu efektu, kuris stiprina nago plok\u0161tel\u0119. Jo patentuota formul\u0117, sudaryta i\u0161 78 % nat\u016bralios kilm\u0117s ingredient\u0173, praturtinta ka\u0161ton\u0173 ekstraktu, niacinamidu ir AHA r\u016bg\u0161timis.<\/p>\n<p>Tepkite tiesiai ant \u0161vari\u0173 nag\u0173. Nereikia nei bazinio, nei vir\u0161utinio sluoksni\u0173. Leiskite i\u0161d\u017ei\u016bti nat\u016braliai.<br \/>\nGreitai d\u017ei\u016bsta<br \/>\nAksominis matinis efektas i\u0161silaiko iki 7 dien\u0173<\/p>\n<p><strong>Tobulinan\u010dio makia\u017eo efektas<\/strong><br \/>\nPudri\u0161kai ro\u017einis matinis atspalvis, maskuojantis nelygumus<br \/>\nMomentinis \u201eblur\u201c efektas, tarsi gro\u017eio filtras<br \/>\nReguliuojamas padengimas: 1\u20132 sluoksniai individualiam rezultatui<\/p>\n<p><strong>Nag\u0173 prie\u017ei\u016bros formul\u0117<\/strong><br \/>\nTiksliai parinkt\u0173 aktyvi\u0173 ingredient\u0173 sinergija, kuri stiprina ir lygina nago plok\u0161tel\u0119:<\/p>\n<ul>\n<li>Patentuotas ka\u0161ton\u0173 ekstraktas \u2013 stiprina ir padeda skatinti nago plok\u0161tel\u0117s regeneracij\u0105<\/li>\n<li>Niacinamidas \u2013 skatina keratino ir kolageno gamyb\u0105, didina nag\u0173 atsparum\u0105<\/li>\n<li>AHA r\u016bg\u0161tys \u2013 \u0161velniai eksfolijuoja ir i\u0161lygina nag\u0173 pavir\u0161i\u0173<\/li>\n<\/ul>\n<p><strong>Klini\u0161kai \u012frodyti rezultatai*:<\/strong><\/p>\n<ul>\n<li>96 % pasteb\u0117jo, kad nagai tapo gra\u017eesni<\/li>\n<li>88 % pasteb\u0117jo optin\u012f i\u0161lyginam\u0105j\u012f efekt\u0105 \u2013 nag\u0173 pavir\u0161ius atrodo glotnesnis, o smulk\u016bs nelygumai ma\u017eiau matomi<\/li>\n<li>88 % teig\u0117, kad nelygumai tapo ma\u017eiau matomi<\/li>\n<li>81 % pasteb\u0117jo stipresnius nagus<\/li>\n<\/ul>\n<p><strong>Suderinamumas<\/strong><br \/>\nActive\u2122 linija n\u0117ra suderinama su Green Flash\u2122, ta\u010diau tai puikus prie\u017ei\u016bros lakas tarp Green Flash\u2122 maniki\u016br\u0173. Vienu paprastu \u017eingsniu jis pary\u0161kina nat\u016bral\u0173 nag\u0173 gro\u017e\u012f, suteikia jiems stiprumo, glotnumo ir subtilaus \u0161vyt\u0117jimo.<\/p>\n<p>*Vartotoj\u0173 testas atliktas su 26 \u017emoni\u0173 grupe per 21 dien\u0105.<\/p>\n<p><em><strong>Kaip naudoti?<\/strong><\/em><\/p>\n<p>Visi ACTIVE serijos produktai naudojami TIESIAI ANT \u0160VARI\u0172, nelakuot\u0173 nag\u0173!\nNEREIKIA naudoti nei baz\u0117s, nei topo (base coat, top coat). Leiskite i\u0161d\u017ei\u016bti nat\u016braliai.<\/p>\n<p>Norimam efektui susikurti:<\/p>\n<ul>\n<li>1 sluoksnis \u2013 lengvas tobulinantis \u0161ydas<\/li>\n<li>2 sluoksniai \u2013 matinis \u201eblur\u201c efektas, tarsi aksominis gro\u017eio filtras<\/li>\n<li>Sluoksniavimas \u2013 galima derinti su kitais Active\u2122 atspalviais, kad sukurtum\u0117te individual\u0173 rezultat\u0105<\/li>\n<\/ul>\n<p>Lengvai nusivalo Green valikliu, ar kitu \u012fprastu valikliu.<\/p>\n<p><strong><em>Sud\u0117tis: <\/em><\/strong>BUTYL ACETATE, ETHYL ACETATE, NITROCELLULOSE, ACETYL TRIBUTYL CITRATE, ADIPIC ACID\/NEOPENTYL GLYCOL\/TRIMELLITIC ANHYDRIDE COPOLYMER, ISOPROPYL ALCOHOL, SILICA, ACRYLATES COPOLYMER, GLYCOLIC ACID, CALCIUM ALUMINUM BOROSILICATE, ALCOHOL DENAT., ETOCRYLENE, AQUA (WATER), MALIC ACID, HEXANAL, LACTIC ACID, CI 77891 (TITANIUM DIOXIDE), OLIVE OIL DECYL ESTERS, NIACINAMIDE, CASTANEA SATIVA SEED EXTRACT, SQUALENE, ALUMINUM HYDROXIDE, TRIETHOXYCAPRYLYLSILANE, 1,2-HEXANEDIOL, CAPRYLYL GLYCOL, SORBIC ACID, CI 15850 (RED 6 LAKE), BIOTIN, TOCOPHEROL, CI 19140 (YELLOW 5 LAKE)<\/p>\n<p>78% Natural Ingredients*<\/p>\n<p>*Calculation based on the international ISO 16128 standards.<\/p>\n<p>&nbsp;<\/p>","protected":false},"excerpt":{"rendered":"<p>The first\u00a0powder-pink blurring care polish\u00a0that evens out imperfections for a flawless, perfected finish. A true beauty filter, this hybrid care &amp; make-up polish, with a velvety matte finish, strengthens the nail plate with its patented formula, enriched with chestnut extract, niacinamide and AHAs, 78% natural origin. Apply directly onto bare nails, with no Base Coat [&hellip;]<\/p>\n","protected":false},"featured_media":1677128,"comment_status":"open","ping_status":"closed","template":"","meta":{"content-type":"","_monsterinsights_skip_tracking":false,"_monsterinsights_sitenote_active":false,"_monsterinsights_sitenote_note":"","_monsterinsights_sitenote_category":0,"_uf_show_specific_survey":0,"_uf_disable_surveys":false},"product_brand":[1907],"product_cat":[2157,1905,1887,1433,15],"product_tag":[494,1960,2059,1912,1935,1934,2058,1917,2060,1942],"class_list":{"0":"post-1677126","1":"product","2":"type-product","3":"status-publish","4":"has-post-thumbnail","6":"product_brand-manucurist","7":"product_cat-bestsellers","8":"product_cat-nail-care","9":"product_cat-greenspells-nails","10":"product_cat-naujienos","11":"product_cat-all-products","12":"product_tag-greenspells","13":"product_tag-healthy-nails","14":"product_tag-keratin-booster","15":"product_tag-manucurist","16":"product_tag-nagu-prieziuros-priemones","17":"product_tag-nagu-stipriklis","18":"product_tag-nail-strengthening-serum","19":"product_tag-naturali-nagu-prieziura","20":"product_tag-naturalus-nagu-stirpiklis","21":"product_tag-natural-nail-care","23":"first","24":"instock","25":"taxable","26":"shipping-taxable","27":"purchasable","28":"product-type-simple"},"bundled_by":[],"bundle_stock_status":"instock","bundle_stock_quantity":null,"bundle_virtual":false,"bundle_layout":"","bundle_add_to_cart_form_location":"","bundle_editable_in_cart":false,"bundle_sold_individually_context":"","bundle_item_grouping":"","bundle_min_size":"","bundle_max_size":"","bundle_price":[],"bundled_items":[],"bundle_sell_ids":[],"group_of_quantity":0,"min_quantity":0,"max_quantity":"","exclude_order_quantity_value_rules":"no","exclude_category_quantity_rules":"no","combine_variations":"no","exclude_global_add_ons":[],"addons":[],"yoast_head":"<!-- This site is optimized with the Yoast SEO plugin v27.5 - https:\/\/yoast.com\/product\/yoast-seo-wordpress\/ -->\n<title>MANUCURIST  Active  BLUR - Greenspells<\/title>\n<meta name=\"description\" content=\"Ro\u017einis nag\u0173 prie\u017ei\u016bros lakas su \u201eblur\u201c efektu \u2013 i\u0161lygina nelygumus, stiprina nagus, suteikia aksomin\u012f matin\u012f rezultat\u0105 iki 7 dien\u0173.\" \/>\n<meta name=\"robots\" content=\"index, follow, max-snippet:-1, max-image-preview:large, max-video-preview:-1\" \/>\n<link rel=\"canonical\" href=\"https:\/\/greenspells.com\/lt\/produktas\/manucurist-active-blur\/\" \/>\n<meta property=\"og:locale\" content=\"lt_LT\" \/>\n<meta property=\"og:type\" content=\"article\" \/>\n<meta property=\"og:title\" content=\"MANUCURIST  Active  BLUR - Greenspells\" \/>\n<meta property=\"og:description\" content=\"Ro\u017einis nag\u0173 prie\u017ei\u016bros lakas su \u201eblur\u201c efektu \u2013 i\u0161lygina nelygumus, stiprina nagus, suteikia aksomin\u012f matin\u012f rezultat\u0105 iki 7 dien\u0173.\" \/>\n<meta property=\"og:url\" content=\"https:\/\/greenspells.com\/lt\/produktas\/manucurist-active-blur\/\" \/>\n<meta property=\"og:site_name\" content=\"Greenspells\" \/>\n<meta property=\"article:publisher\" content=\"https:\/\/www.facebook.com\/Greenspells\" \/>\n<meta property=\"article:modified_time\" content=\"2026-05-01T14:27:27+00:00\" \/>\n<meta property=\"og:image\" content=\"https:\/\/greenspells.com\/wp-content\/uploads\/2026\/03\/Blur-1.jpg\" \/>\n\t<meta property=\"og:image:width\" content=\"2000\" \/>\n\t<meta property=\"og:image:height\" content=\"2000\" \/>\n\t<meta property=\"og:image:type\" content=\"image\/jpeg\" \/>\n<meta name=\"twitter:card\" content=\"summary_large_image\" \/>\n<meta name=\"twitter:label1\" content=\"Est. reading time\" \/>\n\t<meta name=\"twitter:data1\" content=\"2 minut\u0117s\" \/>\n<script type=\"application\/ld+json\" class=\"yoast-schema-graph\">{\"@context\":\"https:\\\/\\\/schema.org\",\"@graph\":[{\"@type\":\"WebPage\",\"@id\":\"https:\\\/\\\/greenspells.com\\\/product\\\/manucurist-active-blur\\\/\",\"url\":\"https:\\\/\\\/greenspells.com\\\/product\\\/manucurist-active-blur\\\/\",\"name\":\"MANUCURIST Active BLUR - Greenspells\",\"isPartOf\":{\"@id\":\"https:\\\/\\\/greenspells.com\\\/#website\"},\"primaryImageOfPage\":{\"@id\":\"https:\\\/\\\/greenspells.com\\\/product\\\/manucurist-active-blur\\\/#primaryimage\"},\"image\":{\"@id\":\"https:\\\/\\\/greenspells.com\\\/product\\\/manucurist-active-blur\\\/#primaryimage\"},\"thumbnailUrl\":\"https:\\\/\\\/i0.wp.com\\\/greenspells.com\\\/wp-content\\\/uploads\\\/2026\\\/03\\\/Blur-1.jpg?fit=2000%2C2000&ssl=1\",\"datePublished\":\"2026-03-09T07:35:18+00:00\",\"dateModified\":\"2026-05-01T14:27:27+00:00\",\"description\":\"Ro\u017einis nag\u0173 prie\u017ei\u016bros lakas su \u201eblur\u201c efektu \u2013 i\u0161lygina nelygumus, stiprina nagus, suteikia aksomin\u012f matin\u012f rezultat\u0105 iki 7 dien\u0173.\",\"breadcrumb\":{\"@id\":\"https:\\\/\\\/greenspells.com\\\/product\\\/manucurist-active-blur\\\/#breadcrumb\"},\"inLanguage\":\"lt-LT\",\"potentialAction\":[{\"@type\":\"ReadAction\",\"target\":[\"https:\\\/\\\/greenspells.com\\\/product\\\/manucurist-active-blur\\\/\"]}]},{\"@type\":\"ImageObject\",\"inLanguage\":\"lt-LT\",\"@id\":\"https:\\\/\\\/greenspells.com\\\/product\\\/manucurist-active-blur\\\/#primaryimage\",\"url\":\"https:\\\/\\\/i0.wp.com\\\/greenspells.com\\\/wp-content\\\/uploads\\\/2026\\\/03\\\/Blur-1.jpg?fit=2000%2C2000&ssl=1\",\"contentUrl\":\"https:\\\/\\\/i0.wp.com\\\/greenspells.com\\\/wp-content\\\/uploads\\\/2026\\\/03\\\/Blur-1.jpg?fit=2000%2C2000&ssl=1\",\"width\":2000,\"height\":2000,\"caption\":\"manucurist active blur\"},{\"@type\":\"BreadcrumbList\",\"@id\":\"https:\\\/\\\/greenspells.com\\\/product\\\/manucurist-active-blur\\\/#breadcrumb\",\"itemListElement\":[{\"@type\":\"ListItem\",\"position\":1,\"name\":\"Home\",\"item\":\"https:\\\/\\\/greenspells.com\\\/\"},{\"@type\":\"ListItem\",\"position\":2,\"name\":\"Shop\",\"item\":\"https:\\\/\\\/greenspells.com\\\/shop\\\/\"},{\"@type\":\"ListItem\",\"position\":3,\"name\":\"MANUCURIST Active BLUR\"}]},{\"@type\":\"WebSite\",\"@id\":\"https:\\\/\\\/greenspells.com\\\/#website\",\"url\":\"https:\\\/\\\/greenspells.com\\\/\",\"name\":\"Greenspells\",\"description\":\"Nat\u016brali ir ekologi\u0161ka kosmetika\",\"publisher\":{\"@id\":\"https:\\\/\\\/greenspells.com\\\/#organization\"},\"potentialAction\":[{\"@type\":\"SearchAction\",\"target\":{\"@type\":\"EntryPoint\",\"urlTemplate\":\"https:\\\/\\\/greenspells.com\\\/?s={search_term_string}\"},\"query-input\":{\"@type\":\"PropertyValueSpecification\",\"valueRequired\":true,\"valueName\":\"search_term_string\"}}],\"inLanguage\":\"lt-LT\"},{\"@type\":\"Organization\",\"@id\":\"https:\\\/\\\/greenspells.com\\\/#organization\",\"name\":\"Greenspells\",\"url\":\"https:\\\/\\\/greenspells.com\\\/\",\"logo\":{\"@type\":\"ImageObject\",\"inLanguage\":\"lt-LT\",\"@id\":\"https:\\\/\\\/greenspells.com\\\/#\\\/schema\\\/logo\\\/image\\\/\",\"url\":\"https:\\\/\\\/i0.wp.com\\\/greenspells.com\\\/wp-content\\\/uploads\\\/2020\\\/09\\\/20200722_153424_0000.png?fit=1500%2C1500&ssl=1\",\"contentUrl\":\"https:\\\/\\\/i0.wp.com\\\/greenspells.com\\\/wp-content\\\/uploads\\\/2020\\\/09\\\/20200722_153424_0000.png?fit=1500%2C1500&ssl=1\",\"width\":1500,\"height\":1500,\"caption\":\"Greenspells\"},\"image\":{\"@id\":\"https:\\\/\\\/greenspells.com\\\/#\\\/schema\\\/logo\\\/image\\\/\"},\"sameAs\":[\"https:\\\/\\\/www.facebook.com\\\/Greenspells\",\"https:\\\/\\\/www.instagram.com\\\/greenspells_store\\\/\"]}]}<\/script>\n<!-- \/ Yoast SEO plugin. -->","yoast_head_json":{"title":"MANUCURIST  Active  BLUR - Greenspells","description":"Ro\u017einis nag\u0173 prie\u017ei\u016bros lakas su \u201eblur\u201c efektu \u2013 i\u0161lygina nelygumus, stiprina nagus, suteikia aksomin\u012f matin\u012f rezultat\u0105 iki 7 dien\u0173.","robots":{"index":"index","follow":"follow","max-snippet":"max-snippet:-1","max-image-preview":"max-image-preview:large","max-video-preview":"max-video-preview:-1"},"canonical":"https:\/\/greenspells.com\/lt\/produktas\/manucurist-active-blur\/","og_locale":"lt_LT","og_type":"article","og_title":"MANUCURIST  Active  BLUR - Greenspells","og_description":"Ro\u017einis nag\u0173 prie\u017ei\u016bros lakas su \u201eblur\u201c efektu \u2013 i\u0161lygina nelygumus, stiprina nagus, suteikia aksomin\u012f matin\u012f rezultat\u0105 iki 7 dien\u0173.","og_url":"https:\/\/greenspells.com\/lt\/produktas\/manucurist-active-blur\/","og_site_name":"Greenspells","article_publisher":"https:\/\/www.facebook.com\/Greenspells","article_modified_time":"2026-05-01T14:27:27+00:00","og_image":[{"width":2000,"height":2000,"url":"https:\/\/greenspells.com\/wp-content\/uploads\/2026\/03\/Blur-1.jpg","type":"image\/jpeg"}],"twitter_card":"summary_large_image","twitter_misc":{"Est. reading time":"2 minut\u0117s"},"schema":{"@context":"https:\/\/schema.org","@graph":[{"@type":"WebPage","@id":"https:\/\/greenspells.com\/product\/manucurist-active-blur\/","url":"https:\/\/greenspells.com\/product\/manucurist-active-blur\/","name":"MANUCURIST Active BLUR - Greenspells","isPartOf":{"@id":"https:\/\/greenspells.com\/#website"},"primaryImageOfPage":{"@id":"https:\/\/greenspells.com\/product\/manucurist-active-blur\/#primaryimage"},"image":{"@id":"https:\/\/greenspells.com\/product\/manucurist-active-blur\/#primaryimage"},"thumbnailUrl":"https:\/\/i0.wp.com\/greenspells.com\/wp-content\/uploads\/2026\/03\/Blur-1.jpg?fit=2000%2C2000&ssl=1","datePublished":"2026-03-09T07:35:18+00:00","dateModified":"2026-05-01T14:27:27+00:00","description":"Ro\u017einis nag\u0173 prie\u017ei\u016bros lakas su \u201eblur\u201c efektu \u2013 i\u0161lygina nelygumus, stiprina nagus, suteikia aksomin\u012f matin\u012f rezultat\u0105 iki 7 dien\u0173.","breadcrumb":{"@id":"https:\/\/greenspells.com\/product\/manucurist-active-blur\/#breadcrumb"},"inLanguage":"lt-LT","potentialAction":[{"@type":"ReadAction","target":["https:\/\/greenspells.com\/product\/manucurist-active-blur\/"]}]},{"@type":"ImageObject","inLanguage":"lt-LT","@id":"https:\/\/greenspells.com\/product\/manucurist-active-blur\/#primaryimage","url":"https:\/\/i0.wp.com\/greenspells.com\/wp-content\/uploads\/2026\/03\/Blur-1.jpg?fit=2000%2C2000&ssl=1","contentUrl":"https:\/\/i0.wp.com\/greenspells.com\/wp-content\/uploads\/2026\/03\/Blur-1.jpg?fit=2000%2C2000&ssl=1","width":2000,"height":2000,"caption":"manucurist active blur"},{"@type":"BreadcrumbList","@id":"https:\/\/greenspells.com\/product\/manucurist-active-blur\/#breadcrumb","itemListElement":[{"@type":"ListItem","position":1,"name":"Home","item":"https:\/\/greenspells.com\/"},{"@type":"ListItem","position":2,"name":"Shop","item":"https:\/\/greenspells.com\/shop\/"},{"@type":"ListItem","position":3,"name":"MANUCURIST Active BLUR"}]},{"@type":"WebSite","@id":"https:\/\/greenspells.com\/#website","url":"https:\/\/greenspells.com\/","name":"Greenspells","description":"Nat\u016brali ir ekologi\u0161ka kosmetika","publisher":{"@id":"https:\/\/greenspells.com\/#organization"},"potentialAction":[{"@type":"SearchAction","target":{"@type":"EntryPoint","urlTemplate":"https:\/\/greenspells.com\/?s={search_term_string}"},"query-input":{"@type":"PropertyValueSpecification","valueRequired":true,"valueName":"search_term_string"}}],"inLanguage":"lt-LT"},{"@type":"Organization","@id":"https:\/\/greenspells.com\/#organization","name":"Greenspells","url":"https:\/\/greenspells.com\/","logo":{"@type":"ImageObject","inLanguage":"lt-LT","@id":"https:\/\/greenspells.com\/#\/schema\/logo\/image\/","url":"https:\/\/i0.wp.com\/greenspells.com\/wp-content\/uploads\/2020\/09\/20200722_153424_0000.png?fit=1500%2C1500&ssl=1","contentUrl":"https:\/\/i0.wp.com\/greenspells.com\/wp-content\/uploads\/2020\/09\/20200722_153424_0000.png?fit=1500%2C1500&ssl=1","width":1500,"height":1500,"caption":"Greenspells"},"image":{"@id":"https:\/\/greenspells.com\/#\/schema\/logo\/image\/"},"sameAs":["https:\/\/www.facebook.com\/Greenspells","https:\/\/www.instagram.com\/greenspells_store\/"]}]}},"jetpack_likes_enabled":true,"jetpack_sharing_enabled":true,"_links":{"self":[{"href":"https:\/\/greenspells.com\/lt\/wp-json\/wp\/v2\/product\/1677126","targetHints":{"allow":["GET"]}}],"collection":[{"href":"https:\/\/greenspells.com\/lt\/wp-json\/wp\/v2\/product"}],"about":[{"href":"https:\/\/greenspells.com\/lt\/wp-json\/wp\/v2\/types\/product"}],"replies":[{"embeddable":true,"href":"https:\/\/greenspells.com\/lt\/wp-json\/wp\/v2\/comments?post=1677126"}],"wp:featuredmedia":[{"embeddable":true,"href":"https:\/\/greenspells.com\/lt\/wp-json\/wp\/v2\/media\/1677128"}],"wp:attachment":[{"href":"https:\/\/greenspells.com\/lt\/wp-json\/wp\/v2\/media?parent=1677126"}],"wp:term":[{"taxonomy":"product_brand","embeddable":true,"href":"https:\/\/greenspells.com\/lt\/wp-json\/wp\/v2\/product_brand?post=1677126"},{"taxonomy":"product_cat","embeddable":true,"href":"https:\/\/greenspells.com\/lt\/wp-json\/wp\/v2\/product_cat?post=1677126"},{"taxonomy":"product_tag","embeddable":true,"href":"https:\/\/greenspells.com\/lt\/wp-json\/wp\/v2\/product_tag?post=1677126"}],"curies":[{"name":"wp","href":"https:\/\/api.w.org\/{rel}","templated":true}]}}