{"id":1677050,"date":"2026-02-27T09:18:38","date_gmt":"2026-02-27T07:18:38","guid":{"rendered":"https:\/\/greenspells.com\/?post_type=product&#038;p=1677050"},"modified":"2026-02-27T09:20:12","modified_gmt":"2026-02-27T07:20:12","slug":"1677050","status":"publish","type":"product","link":"https:\/\/greenspells.com\/lt\/produktas\/1677050\/","title":{"rendered":"LUUV <br> Nat\u016bralus apimties suteikiantis \u0161altalanki\u0173 \u0161amp\u016bnas"},"content":{"rendered":"<p>Natural shampoo enriched with sea buckthorn oil is natural and gentle, which gives hair fluffiness and shine.<\/p>\n<p>Sea buckthorn oil strengthens the hair, provides the necessary nutrients to the hair and scalp, and helps prevent split ends. Wheat protein strengthens hair, stimulates hair growth and increases hair fluffiness and elasticity. Essential oils contribute to the normal functioning of the sebum secretion of the scalp and give a feeling of freshness.<\/p>\n<ul>\n<li>suitable for all hair types, including oily hair<\/li>\n<li>with cleansing effect<\/li>\n<li>gives hair fluffiness and shine<\/li>\n<li>moisturizes and strengthens the hair<\/li>\n<li>with a citrus scent<\/li>\n<\/ul>\n<p><em><strong>Ingredients:<\/strong><\/em><\/p>\n<p><span data-sheets-value=\"{&quot;1&quot;:2,&quot;2&quot;:&quot;Aqua, Cetearyl Alcohol, Lecithin, Sodium Cetearyl Sulfate, Vegetable Oil, Panthenol, Cetyl Alcohol, PCA Glyceryl Oleate, Ricinus Communis Seed (Castor) Oil, Glycerin, Hippophae Rhamnoides (Sea Buckthorn) oil, Hydrolyzed Wheat Protein, Glyceryl Stearate, Citric Acid, Tocopherol (E-vitamin), Sodium Benzoate, Potassium Sorbate, Parfum, Linalool&quot;}\" data-sheets-userformat=\"{&quot;2&quot;:11263,&quot;3&quot;:{&quot;1&quot;:0},&quot;4&quot;:{&quot;1&quot;:3,&quot;3&quot;:8},&quot;5&quot;:{&quot;1&quot;:[{&quot;1&quot;:2,&quot;2&quot;:0,&quot;5&quot;:{&quot;1&quot;:2,&quot;2&quot;:0}},{&quot;1&quot;:0,&quot;2&quot;:0,&quot;3&quot;:3},{&quot;1&quot;:1,&quot;2&quot;:0,&quot;4&quot;:1}]},&quot;6&quot;:{&quot;1&quot;:[{&quot;1&quot;:2,&quot;2&quot;:0,&quot;5&quot;:{&quot;1&quot;:2,&quot;2&quot;:0}},{&quot;1&quot;:0,&quot;2&quot;:0,&quot;3&quot;:3},{&quot;1&quot;:1,&quot;2&quot;:0,&quot;4&quot;:1}]},&quot;7&quot;:{&quot;1&quot;:[{&quot;1&quot;:2,&quot;2&quot;:0,&quot;5&quot;:{&quot;1&quot;:2,&quot;2&quot;:0}},{&quot;1&quot;:0,&quot;2&quot;:0,&quot;3&quot;:3},{&quot;1&quot;:1,&quot;2&quot;:0,&quot;4&quot;:1}]},&quot;8&quot;:{&quot;1&quot;:[{&quot;1&quot;:2,&quot;2&quot;:0,&quot;5&quot;:{&quot;1&quot;:2,&quot;2&quot;:0}},{&quot;1&quot;:0,&quot;2&quot;:0,&quot;3&quot;:3},{&quot;1&quot;:1,&quot;2&quot;:0,&quot;4&quot;:1}]},&quot;9&quot;:1,&quot;10&quot;:1,&quot;11&quot;:4,&quot;12&quot;:0,&quot;14&quot;:{&quot;1&quot;:2,&quot;2&quot;:0},&quot;16&quot;:11}\">Aqua, Cetearyl Alcohol, Lecithin, Sodium Cetearyl Sulfate, Vegetable Oil, Panthenol, Cetyl Alcohol, PCA Glyceryl Oleate, Ricinus Communis Seed (Castor) Oil, Glycerin, Hippophae Rhamnoides (Sea Buckthorn) oil, Hydrolyzed Wheat Protein, Glyceryl Stearate, Citric Acid, Tocopherol (E-vitamin), Sodium Benzoate, Potassium Sorbate, Parfum, Linalool<\/span><\/p>\n<p>100% vegan<\/p>\n","protected":false},"excerpt":{"rendered":"<p>Natural shampoo enriched with sea buckthorn oil is natural and gentle, which gives hair fluffiness and shine. Sea buckthorn oil strengthens the hair, provides the necessary nutrients to the hair and scalp, and helps prevent split ends. Wheat protein strengthens hair, stimulates hair growth and increases hair fluffiness and elasticity. Essential oils contribute to the [&hellip;]<\/p>\n","protected":false},"featured_media":1677053,"comment_status":"open","ping_status":"closed","template":"","meta":{"content-type":"","_monsterinsights_skip_tracking":false,"_monsterinsights_sitenote_active":false,"_monsterinsights_sitenote_note":"","_monsterinsights_sitenote_category":0,"_uf_show_specific_survey":0,"_uf_disable_surveys":false},"product_brand":[2069],"product_cat":[228,1433,229,15],"product_tag":[],"class_list":{"0":"post-1677050","1":"product","2":"type-product","3":"status-publish","4":"has-post-thumbnail","6":"product_brand-luuv","7":"product_cat-hair-care","8":"product_cat-naujienos","9":"product_cat-shampoo-bars","10":"product_cat-all-products","12":"first","13":"instock","14":"taxable","15":"shipping-taxable","16":"purchasable","17":"product-type-simple"},"bundled_by":[],"bundle_stock_status":"instock","bundle_stock_quantity":null,"bundle_virtual":false,"bundle_layout":"","bundle_add_to_cart_form_location":"","bundle_editable_in_cart":false,"bundle_sold_individually_context":"","bundle_item_grouping":"","bundle_min_size":"","bundle_max_size":"","bundle_price":[],"bundled_items":[],"bundle_sell_ids":[],"group_of_quantity":0,"min_quantity":0,"max_quantity":"","exclude_order_quantity_value_rules":"no","exclude_category_quantity_rules":"no","combine_variations":"no","exclude_global_add_ons":[],"addons":[],"yoast_head":"<!-- This site is optimized with the Yoast SEO plugin v27.5 - https:\/\/yoast.com\/product\/yoast-seo-wordpress\/ -->\n<title>LUUV  Natural Volulmizing Seabuckthorn Shampoo - Greenspells<\/title>\n<meta name=\"description\" content=\"Nat\u016bralus \u0161altalanki\u0173 \u0161amp\u016bnas \u0161velniai valo, suteikia plaukams apimties ir \u017evilgesio. Stiprina, dr\u0117kina ir tinka net riebesniems plaukams.\" \/>\n<meta name=\"robots\" content=\"index, follow, max-snippet:-1, max-image-preview:large, max-video-preview:-1\" \/>\n<link rel=\"canonical\" href=\"https:\/\/greenspells.com\/lt\/produktas\/1677050\/\" \/>\n<meta property=\"og:locale\" content=\"lt_LT\" \/>\n<meta property=\"og:type\" content=\"article\" \/>\n<meta property=\"og:title\" content=\"LUUV  Natural Volulmizing Seabuckthorn Shampoo - Greenspells\" \/>\n<meta property=\"og:description\" content=\"Nat\u016bralus \u0161altalanki\u0173 \u0161amp\u016bnas \u0161velniai valo, suteikia plaukams apimties ir \u017evilgesio. Stiprina, dr\u0117kina ir tinka net riebesniems plaukams.\" \/>\n<meta property=\"og:url\" content=\"https:\/\/greenspells.com\/lt\/produktas\/1677050\/\" \/>\n<meta property=\"og:site_name\" content=\"Greenspells\" \/>\n<meta property=\"article:publisher\" content=\"https:\/\/www.facebook.com\/Greenspells\" \/>\n<meta property=\"article:modified_time\" content=\"2026-02-27T07:20:12+00:00\" \/>\n<meta property=\"og:image\" content=\"https:\/\/greenspells.com\/wp-content\/uploads\/2026\/02\/luuv_shampoo_volume.jpg\" \/>\n\t<meta property=\"og:image:width\" content=\"2048\" \/>\n\t<meta property=\"og:image:height\" content=\"2560\" \/>\n\t<meta property=\"og:image:type\" content=\"image\/jpeg\" \/>\n<meta name=\"twitter:card\" content=\"summary_large_image\" \/>\n<meta name=\"twitter:label1\" content=\"Est. reading time\" \/>\n\t<meta name=\"twitter:data1\" content=\"1 minut\u0117\" \/>\n<script type=\"application\/ld+json\" class=\"yoast-schema-graph\">{\"@context\":\"https:\\\/\\\/schema.org\",\"@graph\":[{\"@type\":\"WebPage\",\"@id\":\"https:\\\/\\\/greenspells.com\\\/product\\\/1677050\\\/\",\"url\":\"https:\\\/\\\/greenspells.com\\\/product\\\/1677050\\\/\",\"name\":\"LUUV Natural Volulmizing Seabuckthorn Shampoo - Greenspells\",\"isPartOf\":{\"@id\":\"https:\\\/\\\/greenspells.com\\\/#website\"},\"primaryImageOfPage\":{\"@id\":\"https:\\\/\\\/greenspells.com\\\/product\\\/1677050\\\/#primaryimage\"},\"image\":{\"@id\":\"https:\\\/\\\/greenspells.com\\\/product\\\/1677050\\\/#primaryimage\"},\"thumbnailUrl\":\"https:\\\/\\\/i0.wp.com\\\/greenspells.com\\\/wp-content\\\/uploads\\\/2026\\\/02\\\/luuv_shampoo_volume.jpg?fit=2048%2C2560&ssl=1\",\"datePublished\":\"2026-02-27T07:18:38+00:00\",\"dateModified\":\"2026-02-27T07:20:12+00:00\",\"description\":\"Nat\u016bralus \u0161altalanki\u0173 \u0161amp\u016bnas \u0161velniai valo, suteikia plaukams apimties ir \u017evilgesio. Stiprina, dr\u0117kina ir tinka net riebesniems plaukams.\",\"breadcrumb\":{\"@id\":\"https:\\\/\\\/greenspells.com\\\/product\\\/1677050\\\/#breadcrumb\"},\"inLanguage\":\"lt-LT\",\"potentialAction\":[{\"@type\":\"ReadAction\",\"target\":[\"https:\\\/\\\/greenspells.com\\\/product\\\/1677050\\\/\"]}]},{\"@type\":\"ImageObject\",\"inLanguage\":\"lt-LT\",\"@id\":\"https:\\\/\\\/greenspells.com\\\/product\\\/1677050\\\/#primaryimage\",\"url\":\"https:\\\/\\\/i0.wp.com\\\/greenspells.com\\\/wp-content\\\/uploads\\\/2026\\\/02\\\/luuv_shampoo_volume.jpg?fit=2048%2C2560&ssl=1\",\"contentUrl\":\"https:\\\/\\\/i0.wp.com\\\/greenspells.com\\\/wp-content\\\/uploads\\\/2026\\\/02\\\/luuv_shampoo_volume.jpg?fit=2048%2C2560&ssl=1\",\"width\":2048,\"height\":2560,\"caption\":\"luuv shampoo volume\"},{\"@type\":\"BreadcrumbList\",\"@id\":\"https:\\\/\\\/greenspells.com\\\/product\\\/1677050\\\/#breadcrumb\",\"itemListElement\":[{\"@type\":\"ListItem\",\"position\":1,\"name\":\"Home\",\"item\":\"https:\\\/\\\/greenspells.com\\\/\"},{\"@type\":\"ListItem\",\"position\":2,\"name\":\"Shop\",\"item\":\"https:\\\/\\\/greenspells.com\\\/shop\\\/\"},{\"@type\":\"ListItem\",\"position\":3,\"name\":\"LUUV Natural Volulmizing Seabuckthorn Shampoo\"}]},{\"@type\":\"WebSite\",\"@id\":\"https:\\\/\\\/greenspells.com\\\/#website\",\"url\":\"https:\\\/\\\/greenspells.com\\\/\",\"name\":\"Greenspells\",\"description\":\"Nat\u016brali ir ekologi\u0161ka kosmetika\",\"publisher\":{\"@id\":\"https:\\\/\\\/greenspells.com\\\/#organization\"},\"potentialAction\":[{\"@type\":\"SearchAction\",\"target\":{\"@type\":\"EntryPoint\",\"urlTemplate\":\"https:\\\/\\\/greenspells.com\\\/?s={search_term_string}\"},\"query-input\":{\"@type\":\"PropertyValueSpecification\",\"valueRequired\":true,\"valueName\":\"search_term_string\"}}],\"inLanguage\":\"lt-LT\"},{\"@type\":\"Organization\",\"@id\":\"https:\\\/\\\/greenspells.com\\\/#organization\",\"name\":\"Greenspells\",\"url\":\"https:\\\/\\\/greenspells.com\\\/\",\"logo\":{\"@type\":\"ImageObject\",\"inLanguage\":\"lt-LT\",\"@id\":\"https:\\\/\\\/greenspells.com\\\/#\\\/schema\\\/logo\\\/image\\\/\",\"url\":\"https:\\\/\\\/i0.wp.com\\\/greenspells.com\\\/wp-content\\\/uploads\\\/2020\\\/09\\\/20200722_153424_0000.png?fit=1500%2C1500&ssl=1\",\"contentUrl\":\"https:\\\/\\\/i0.wp.com\\\/greenspells.com\\\/wp-content\\\/uploads\\\/2020\\\/09\\\/20200722_153424_0000.png?fit=1500%2C1500&ssl=1\",\"width\":1500,\"height\":1500,\"caption\":\"Greenspells\"},\"image\":{\"@id\":\"https:\\\/\\\/greenspells.com\\\/#\\\/schema\\\/logo\\\/image\\\/\"},\"sameAs\":[\"https:\\\/\\\/www.facebook.com\\\/Greenspells\",\"https:\\\/\\\/www.instagram.com\\\/greenspells_store\\\/\"]}]}<\/script>\n<!-- \/ Yoast SEO plugin. -->","yoast_head_json":{"title":"LUUV  Natural Volulmizing Seabuckthorn Shampoo - Greenspells","description":"Nat\u016bralus \u0161altalanki\u0173 \u0161amp\u016bnas \u0161velniai valo, suteikia plaukams apimties ir \u017evilgesio. Stiprina, dr\u0117kina ir tinka net riebesniems plaukams.","robots":{"index":"index","follow":"follow","max-snippet":"max-snippet:-1","max-image-preview":"max-image-preview:large","max-video-preview":"max-video-preview:-1"},"canonical":"https:\/\/greenspells.com\/lt\/produktas\/1677050\/","og_locale":"lt_LT","og_type":"article","og_title":"LUUV  Natural Volulmizing Seabuckthorn Shampoo - Greenspells","og_description":"Nat\u016bralus \u0161altalanki\u0173 \u0161amp\u016bnas \u0161velniai valo, suteikia plaukams apimties ir \u017evilgesio. Stiprina, dr\u0117kina ir tinka net riebesniems plaukams.","og_url":"https:\/\/greenspells.com\/lt\/produktas\/1677050\/","og_site_name":"Greenspells","article_publisher":"https:\/\/www.facebook.com\/Greenspells","article_modified_time":"2026-02-27T07:20:12+00:00","og_image":[{"width":2048,"height":2560,"url":"https:\/\/greenspells.com\/wp-content\/uploads\/2026\/02\/luuv_shampoo_volume.jpg","type":"image\/jpeg"}],"twitter_card":"summary_large_image","twitter_misc":{"Est. reading time":"1 minut\u0117"},"schema":{"@context":"https:\/\/schema.org","@graph":[{"@type":"WebPage","@id":"https:\/\/greenspells.com\/product\/1677050\/","url":"https:\/\/greenspells.com\/product\/1677050\/","name":"LUUV Natural Volulmizing Seabuckthorn Shampoo - Greenspells","isPartOf":{"@id":"https:\/\/greenspells.com\/#website"},"primaryImageOfPage":{"@id":"https:\/\/greenspells.com\/product\/1677050\/#primaryimage"},"image":{"@id":"https:\/\/greenspells.com\/product\/1677050\/#primaryimage"},"thumbnailUrl":"https:\/\/i0.wp.com\/greenspells.com\/wp-content\/uploads\/2026\/02\/luuv_shampoo_volume.jpg?fit=2048%2C2560&ssl=1","datePublished":"2026-02-27T07:18:38+00:00","dateModified":"2026-02-27T07:20:12+00:00","description":"Nat\u016bralus \u0161altalanki\u0173 \u0161amp\u016bnas \u0161velniai valo, suteikia plaukams apimties ir \u017evilgesio. Stiprina, dr\u0117kina ir tinka net riebesniems plaukams.","breadcrumb":{"@id":"https:\/\/greenspells.com\/product\/1677050\/#breadcrumb"},"inLanguage":"lt-LT","potentialAction":[{"@type":"ReadAction","target":["https:\/\/greenspells.com\/product\/1677050\/"]}]},{"@type":"ImageObject","inLanguage":"lt-LT","@id":"https:\/\/greenspells.com\/product\/1677050\/#primaryimage","url":"https:\/\/i0.wp.com\/greenspells.com\/wp-content\/uploads\/2026\/02\/luuv_shampoo_volume.jpg?fit=2048%2C2560&ssl=1","contentUrl":"https:\/\/i0.wp.com\/greenspells.com\/wp-content\/uploads\/2026\/02\/luuv_shampoo_volume.jpg?fit=2048%2C2560&ssl=1","width":2048,"height":2560,"caption":"luuv shampoo volume"},{"@type":"BreadcrumbList","@id":"https:\/\/greenspells.com\/product\/1677050\/#breadcrumb","itemListElement":[{"@type":"ListItem","position":1,"name":"Home","item":"https:\/\/greenspells.com\/"},{"@type":"ListItem","position":2,"name":"Shop","item":"https:\/\/greenspells.com\/shop\/"},{"@type":"ListItem","position":3,"name":"LUUV Natural Volulmizing Seabuckthorn Shampoo"}]},{"@type":"WebSite","@id":"https:\/\/greenspells.com\/#website","url":"https:\/\/greenspells.com\/","name":"Greenspells","description":"Nat\u016brali ir ekologi\u0161ka kosmetika","publisher":{"@id":"https:\/\/greenspells.com\/#organization"},"potentialAction":[{"@type":"SearchAction","target":{"@type":"EntryPoint","urlTemplate":"https:\/\/greenspells.com\/?s={search_term_string}"},"query-input":{"@type":"PropertyValueSpecification","valueRequired":true,"valueName":"search_term_string"}}],"inLanguage":"lt-LT"},{"@type":"Organization","@id":"https:\/\/greenspells.com\/#organization","name":"Greenspells","url":"https:\/\/greenspells.com\/","logo":{"@type":"ImageObject","inLanguage":"lt-LT","@id":"https:\/\/greenspells.com\/#\/schema\/logo\/image\/","url":"https:\/\/i0.wp.com\/greenspells.com\/wp-content\/uploads\/2020\/09\/20200722_153424_0000.png?fit=1500%2C1500&ssl=1","contentUrl":"https:\/\/i0.wp.com\/greenspells.com\/wp-content\/uploads\/2020\/09\/20200722_153424_0000.png?fit=1500%2C1500&ssl=1","width":1500,"height":1500,"caption":"Greenspells"},"image":{"@id":"https:\/\/greenspells.com\/#\/schema\/logo\/image\/"},"sameAs":["https:\/\/www.facebook.com\/Greenspells","https:\/\/www.instagram.com\/greenspells_store\/"]}]}},"jetpack_likes_enabled":true,"jetpack_sharing_enabled":true,"_links":{"self":[{"href":"https:\/\/greenspells.com\/lt\/wp-json\/wp\/v2\/product\/1677050","targetHints":{"allow":["GET"]}}],"collection":[{"href":"https:\/\/greenspells.com\/lt\/wp-json\/wp\/v2\/product"}],"about":[{"href":"https:\/\/greenspells.com\/lt\/wp-json\/wp\/v2\/types\/product"}],"replies":[{"embeddable":true,"href":"https:\/\/greenspells.com\/lt\/wp-json\/wp\/v2\/comments?post=1677050"}],"wp:featuredmedia":[{"embeddable":true,"href":"https:\/\/greenspells.com\/lt\/wp-json\/wp\/v2\/media\/1677053"}],"wp:attachment":[{"href":"https:\/\/greenspells.com\/lt\/wp-json\/wp\/v2\/media?parent=1677050"}],"wp:term":[{"taxonomy":"product_brand","embeddable":true,"href":"https:\/\/greenspells.com\/lt\/wp-json\/wp\/v2\/product_brand?post=1677050"},{"taxonomy":"product_cat","embeddable":true,"href":"https:\/\/greenspells.com\/lt\/wp-json\/wp\/v2\/product_cat?post=1677050"},{"taxonomy":"product_tag","embeddable":true,"href":"https:\/\/greenspells.com\/lt\/wp-json\/wp\/v2\/product_tag?post=1677050"}],"curies":[{"name":"wp","href":"https:\/\/api.w.org\/{rel}","templated":true}]}}