{"id":1677044,"date":"2026-02-27T09:07:55","date_gmt":"2026-02-27T07:07:55","guid":{"rendered":"https:\/\/greenspells.com\/?post_type=product&#038;p=1677044"},"modified":"2026-02-27T09:07:55","modified_gmt":"2026-02-27T07:07:55","slug":"luuv-natural-volumizing-seabuckthorn-conditioner","status":"publish","type":"product","link":"https:\/\/greenspells.com\/lt\/produktas\/luuv-natural-volumizing-seabuckthorn-conditioner\/","title":{"rendered":"LUUV <br> Nat\u016bralus apimties suteikiantis \u0161altalanki\u0173 kondicionierius"},"content":{"rendered":"<p>Nat\u016bralus \u0161altalanki\u0173 kondicionierius skirtas normaliems ir linkusiems riebaluotis plaukams. Jis suteikia plaukams \u0161velnumo, purumo, apimties ir nat\u016bralaus \u017evilgesio.<\/p>\n<p>\u0160altalanki\u0173 ir ricinos aliejai stiprina plaukus, padeda suma\u017einti j\u0173 skilin\u0117jim\u0105 ir skatina augim\u0105. Kvie\u010di\u0173 baltymai suteikia plaukams tvirtumo, elastingumo ir vizualiai padidina apimt\u012f. Provitaminas B5 palengvina i\u0161\u0161ukavim\u0105 bei padeda apsaugoti plaukus nuo kar\u0161\u010dio poveikio formuojant \u0161ukuosen\u0105. Plaukai tampa lengvi, pur\u016bs, gyvybingi ir maloniai kvepia gaiviu citrus\u0173 aromatu.<\/p>\n<p>\u0160iame produkte \u2013 tik geri ingredientai! Kvie\u010diame susipa\u017einti ir su INCI sud\u0117timi. Padidinkite plauk\u0173 apimt\u012f!<\/p>\n<ul>\n<li>\u0160amp\u016bnas tinka vis\u0173 tip\u0173 plaukams, ypa\u010d normaliems ir riebesniems<\/li>\n<li>Suteikia purumo, apimties ir \u017evilgesio<\/li>\n<li>Dr\u0117kina ir stiprina plaukus<\/li>\n<li>Gaivus citrus\u0173 aromatas<\/li>\n<\/ul>\n<p><em><strong>Sud\u0117tis:<\/strong><\/em><\/p>\n<p>Aqua, Coco-Glucoside, Betaine, Citric Acid, Xanthan Gum, Hippophae Rhamnoides (Sea Buckthorn) oil, Hydrolyzed Wheat Protein, PCA Glyceryl Oleate, Citrus Reticulata (Mandarin oil), Citrus Aurantium Dulcis (Orange) Oil, Sodium Benzoate, Potassium Sorbate, Parfum, Limonene<\/p>","protected":false},"excerpt":{"rendered":"<p>Natural sea buckthorn conditioner is suitable for normal\/oily hair, it gives the hair softness, volume and shine. Sea buckthorn and castor oils strengthen the hair, help to prevent hair splitting and stimulate hair growth. Wheat protein makes the hair stronger and increases volume and elasticity. Provitamin B5 makes the hair easy to comb and protects [&hellip;]<\/p>\n","protected":false},"featured_media":1677048,"comment_status":"open","ping_status":"closed","template":"","meta":{"content-type":"","_monsterinsights_skip_tracking":false,"_monsterinsights_sitenote_active":false,"_monsterinsights_sitenote_note":"","_monsterinsights_sitenote_category":0,"_uf_show_specific_survey":0,"_uf_disable_surveys":false},"product_brand":[2069],"product_cat":[228,230,1433,15],"product_tag":[2142,2136,791,2143,1732,92],"class_list":{"0":"post-1677044","1":"product","2":"type-product","3":"status-publish","4":"has-post-thumbnail","6":"product_brand-luuv","7":"product_cat-hair-care","8":"product_cat-hair-conditioners","9":"product_cat-naujienos","10":"product_cat-all-products","11":"product_tag-apimties-suteikiantis-kondicionierius","12":"product_tag-luuv-kondicionierius","13":"product_tag-naturalus-kondicionierius","14":"product_tag-ploniems-plaukams","15":"product_tag-riebiems-plaukams","16":"product_tag-volumizing","18":"first","19":"instock","20":"taxable","21":"shipping-taxable","22":"purchasable","23":"product-type-simple"},"bundled_by":[],"bundle_stock_status":"instock","bundle_stock_quantity":null,"bundle_virtual":false,"bundle_layout":"","bundle_add_to_cart_form_location":"","bundle_editable_in_cart":false,"bundle_sold_individually_context":"","bundle_item_grouping":"","bundle_min_size":"","bundle_max_size":"","bundle_price":[],"bundled_items":[],"bundle_sell_ids":[],"group_of_quantity":0,"min_quantity":0,"max_quantity":"","exclude_order_quantity_value_rules":"no","exclude_category_quantity_rules":"no","combine_variations":"no","exclude_global_add_ons":[],"addons":[],"yoast_head":"<!-- This site is optimized with the Yoast SEO plugin v27.4 - https:\/\/yoast.com\/product\/yoast-seo-wordpress\/ -->\n<title>LUUV  Natural Volumizing Seabuckthorn conditioner - Greenspells<\/title>\n<meta name=\"description\" content=\"Nat\u016bralus \u0161altalanki\u0173 kondicionierius suteikia plaukams apimties, purumo,\u017evilgesio. Stiprina, dr\u0117kina,saugo nuo kar\u0161\u010dio. Normaliems ir riebesniems plaukams.\" \/>\n<meta name=\"robots\" content=\"index, follow, max-snippet:-1, max-image-preview:large, max-video-preview:-1\" \/>\n<link rel=\"canonical\" href=\"https:\/\/greenspells.com\/lt\/produktas\/luuv-natural-volumizing-seabuckthorn-conditioner\/\" \/>\n<meta property=\"og:locale\" content=\"lt_LT\" \/>\n<meta property=\"og:type\" content=\"article\" \/>\n<meta property=\"og:title\" content=\"LUUV  Natural Volumizing Seabuckthorn conditioner - Greenspells\" \/>\n<meta property=\"og:description\" content=\"Nat\u016bralus \u0161altalanki\u0173 kondicionierius suteikia plaukams apimties, purumo,\u017evilgesio. Stiprina, dr\u0117kina,saugo nuo kar\u0161\u010dio. Normaliems ir riebesniems plaukams.\" \/>\n<meta property=\"og:url\" content=\"https:\/\/greenspells.com\/lt\/produktas\/luuv-natural-volumizing-seabuckthorn-conditioner\/\" \/>\n<meta property=\"og:site_name\" content=\"Greenspells\" \/>\n<meta property=\"article:publisher\" content=\"https:\/\/www.facebook.com\/Greenspells\" \/>\n<meta property=\"og:image\" content=\"https:\/\/greenspells.com\/wp-content\/uploads\/2026\/02\/luuv_conditioner_volumizing.jpg\" \/>\n\t<meta property=\"og:image:width\" content=\"2048\" \/>\n\t<meta property=\"og:image:height\" content=\"2560\" \/>\n\t<meta property=\"og:image:type\" content=\"image\/jpeg\" \/>\n<meta name=\"twitter:card\" content=\"summary_large_image\" \/>\n<meta name=\"twitter:label1\" content=\"Est. reading time\" \/>\n\t<meta name=\"twitter:data1\" content=\"1 minut\u0117\" \/>\n<script type=\"application\/ld+json\" class=\"yoast-schema-graph\">{\"@context\":\"https:\\\/\\\/schema.org\",\"@graph\":[{\"@type\":\"WebPage\",\"@id\":\"https:\\\/\\\/greenspells.com\\\/product\\\/luuv-natural-volumizing-seabuckthorn-conditioner\\\/\",\"url\":\"https:\\\/\\\/greenspells.com\\\/product\\\/luuv-natural-volumizing-seabuckthorn-conditioner\\\/\",\"name\":\"LUUV Natural Volumizing Seabuckthorn conditioner - Greenspells\",\"isPartOf\":{\"@id\":\"https:\\\/\\\/greenspells.com\\\/#website\"},\"primaryImageOfPage\":{\"@id\":\"https:\\\/\\\/greenspells.com\\\/product\\\/luuv-natural-volumizing-seabuckthorn-conditioner\\\/#primaryimage\"},\"image\":{\"@id\":\"https:\\\/\\\/greenspells.com\\\/product\\\/luuv-natural-volumizing-seabuckthorn-conditioner\\\/#primaryimage\"},\"thumbnailUrl\":\"https:\\\/\\\/i0.wp.com\\\/greenspells.com\\\/wp-content\\\/uploads\\\/2026\\\/02\\\/luuv_conditioner_volumizing.jpg?fit=2048%2C2560&ssl=1\",\"datePublished\":\"2026-02-27T07:07:55+00:00\",\"description\":\"Nat\u016bralus \u0161altalanki\u0173 kondicionierius suteikia plaukams apimties, purumo,\u017evilgesio. Stiprina, dr\u0117kina,saugo nuo kar\u0161\u010dio. Normaliems ir riebesniems plaukams.\",\"breadcrumb\":{\"@id\":\"https:\\\/\\\/greenspells.com\\\/product\\\/luuv-natural-volumizing-seabuckthorn-conditioner\\\/#breadcrumb\"},\"inLanguage\":\"lt-LT\",\"potentialAction\":[{\"@type\":\"ReadAction\",\"target\":[\"https:\\\/\\\/greenspells.com\\\/product\\\/luuv-natural-volumizing-seabuckthorn-conditioner\\\/\"]}]},{\"@type\":\"ImageObject\",\"inLanguage\":\"lt-LT\",\"@id\":\"https:\\\/\\\/greenspells.com\\\/product\\\/luuv-natural-volumizing-seabuckthorn-conditioner\\\/#primaryimage\",\"url\":\"https:\\\/\\\/i0.wp.com\\\/greenspells.com\\\/wp-content\\\/uploads\\\/2026\\\/02\\\/luuv_conditioner_volumizing.jpg?fit=2048%2C2560&ssl=1\",\"contentUrl\":\"https:\\\/\\\/i0.wp.com\\\/greenspells.com\\\/wp-content\\\/uploads\\\/2026\\\/02\\\/luuv_conditioner_volumizing.jpg?fit=2048%2C2560&ssl=1\",\"width\":2048,\"height\":2560,\"caption\":\"LUUV volumizing conditioner\"},{\"@type\":\"BreadcrumbList\",\"@id\":\"https:\\\/\\\/greenspells.com\\\/product\\\/luuv-natural-volumizing-seabuckthorn-conditioner\\\/#breadcrumb\",\"itemListElement\":[{\"@type\":\"ListItem\",\"position\":1,\"name\":\"Home\",\"item\":\"https:\\\/\\\/greenspells.com\\\/\"},{\"@type\":\"ListItem\",\"position\":2,\"name\":\"Shop\",\"item\":\"https:\\\/\\\/greenspells.com\\\/shop\\\/\"},{\"@type\":\"ListItem\",\"position\":3,\"name\":\"LUUV Natural Volumizing Seabuckthorn conditioner\"}]},{\"@type\":\"WebSite\",\"@id\":\"https:\\\/\\\/greenspells.com\\\/#website\",\"url\":\"https:\\\/\\\/greenspells.com\\\/\",\"name\":\"Greenspells\",\"description\":\"Nat\u016brali ir ekologi\u0161ka kosmetika\",\"publisher\":{\"@id\":\"https:\\\/\\\/greenspells.com\\\/#organization\"},\"potentialAction\":[{\"@type\":\"SearchAction\",\"target\":{\"@type\":\"EntryPoint\",\"urlTemplate\":\"https:\\\/\\\/greenspells.com\\\/?s={search_term_string}\"},\"query-input\":{\"@type\":\"PropertyValueSpecification\",\"valueRequired\":true,\"valueName\":\"search_term_string\"}}],\"inLanguage\":\"lt-LT\"},{\"@type\":\"Organization\",\"@id\":\"https:\\\/\\\/greenspells.com\\\/#organization\",\"name\":\"Greenspells\",\"url\":\"https:\\\/\\\/greenspells.com\\\/\",\"logo\":{\"@type\":\"ImageObject\",\"inLanguage\":\"lt-LT\",\"@id\":\"https:\\\/\\\/greenspells.com\\\/#\\\/schema\\\/logo\\\/image\\\/\",\"url\":\"https:\\\/\\\/i0.wp.com\\\/greenspells.com\\\/wp-content\\\/uploads\\\/2020\\\/09\\\/20200722_153424_0000.png?fit=1500%2C1500&ssl=1\",\"contentUrl\":\"https:\\\/\\\/i0.wp.com\\\/greenspells.com\\\/wp-content\\\/uploads\\\/2020\\\/09\\\/20200722_153424_0000.png?fit=1500%2C1500&ssl=1\",\"width\":1500,\"height\":1500,\"caption\":\"Greenspells\"},\"image\":{\"@id\":\"https:\\\/\\\/greenspells.com\\\/#\\\/schema\\\/logo\\\/image\\\/\"},\"sameAs\":[\"https:\\\/\\\/www.facebook.com\\\/Greenspells\",\"https:\\\/\\\/www.instagram.com\\\/greenspells_store\\\/\"]}]}<\/script>\n<!-- \/ Yoast SEO plugin. -->","yoast_head_json":{"title":"LUUV  Natural Volumizing Seabuckthorn conditioner - Greenspells","description":"Nat\u016bralus \u0161altalanki\u0173 kondicionierius suteikia plaukams apimties, purumo,\u017evilgesio. Stiprina, dr\u0117kina,saugo nuo kar\u0161\u010dio. Normaliems ir riebesniems plaukams.","robots":{"index":"index","follow":"follow","max-snippet":"max-snippet:-1","max-image-preview":"max-image-preview:large","max-video-preview":"max-video-preview:-1"},"canonical":"https:\/\/greenspells.com\/lt\/produktas\/luuv-natural-volumizing-seabuckthorn-conditioner\/","og_locale":"lt_LT","og_type":"article","og_title":"LUUV  Natural Volumizing Seabuckthorn conditioner - Greenspells","og_description":"Nat\u016bralus \u0161altalanki\u0173 kondicionierius suteikia plaukams apimties, purumo,\u017evilgesio. Stiprina, dr\u0117kina,saugo nuo kar\u0161\u010dio. Normaliems ir riebesniems plaukams.","og_url":"https:\/\/greenspells.com\/lt\/produktas\/luuv-natural-volumizing-seabuckthorn-conditioner\/","og_site_name":"Greenspells","article_publisher":"https:\/\/www.facebook.com\/Greenspells","og_image":[{"width":2048,"height":2560,"url":"https:\/\/greenspells.com\/wp-content\/uploads\/2026\/02\/luuv_conditioner_volumizing.jpg","type":"image\/jpeg"}],"twitter_card":"summary_large_image","twitter_misc":{"Est. reading time":"1 minut\u0117"},"schema":{"@context":"https:\/\/schema.org","@graph":[{"@type":"WebPage","@id":"https:\/\/greenspells.com\/product\/luuv-natural-volumizing-seabuckthorn-conditioner\/","url":"https:\/\/greenspells.com\/product\/luuv-natural-volumizing-seabuckthorn-conditioner\/","name":"LUUV Natural Volumizing Seabuckthorn conditioner - Greenspells","isPartOf":{"@id":"https:\/\/greenspells.com\/#website"},"primaryImageOfPage":{"@id":"https:\/\/greenspells.com\/product\/luuv-natural-volumizing-seabuckthorn-conditioner\/#primaryimage"},"image":{"@id":"https:\/\/greenspells.com\/product\/luuv-natural-volumizing-seabuckthorn-conditioner\/#primaryimage"},"thumbnailUrl":"https:\/\/i0.wp.com\/greenspells.com\/wp-content\/uploads\/2026\/02\/luuv_conditioner_volumizing.jpg?fit=2048%2C2560&ssl=1","datePublished":"2026-02-27T07:07:55+00:00","description":"Nat\u016bralus \u0161altalanki\u0173 kondicionierius suteikia plaukams apimties, purumo,\u017evilgesio. Stiprina, dr\u0117kina,saugo nuo kar\u0161\u010dio. Normaliems ir riebesniems plaukams.","breadcrumb":{"@id":"https:\/\/greenspells.com\/product\/luuv-natural-volumizing-seabuckthorn-conditioner\/#breadcrumb"},"inLanguage":"lt-LT","potentialAction":[{"@type":"ReadAction","target":["https:\/\/greenspells.com\/product\/luuv-natural-volumizing-seabuckthorn-conditioner\/"]}]},{"@type":"ImageObject","inLanguage":"lt-LT","@id":"https:\/\/greenspells.com\/product\/luuv-natural-volumizing-seabuckthorn-conditioner\/#primaryimage","url":"https:\/\/i0.wp.com\/greenspells.com\/wp-content\/uploads\/2026\/02\/luuv_conditioner_volumizing.jpg?fit=2048%2C2560&ssl=1","contentUrl":"https:\/\/i0.wp.com\/greenspells.com\/wp-content\/uploads\/2026\/02\/luuv_conditioner_volumizing.jpg?fit=2048%2C2560&ssl=1","width":2048,"height":2560,"caption":"LUUV volumizing conditioner"},{"@type":"BreadcrumbList","@id":"https:\/\/greenspells.com\/product\/luuv-natural-volumizing-seabuckthorn-conditioner\/#breadcrumb","itemListElement":[{"@type":"ListItem","position":1,"name":"Home","item":"https:\/\/greenspells.com\/"},{"@type":"ListItem","position":2,"name":"Shop","item":"https:\/\/greenspells.com\/shop\/"},{"@type":"ListItem","position":3,"name":"LUUV Natural Volumizing Seabuckthorn conditioner"}]},{"@type":"WebSite","@id":"https:\/\/greenspells.com\/#website","url":"https:\/\/greenspells.com\/","name":"Greenspells","description":"Nat\u016brali ir ekologi\u0161ka kosmetika","publisher":{"@id":"https:\/\/greenspells.com\/#organization"},"potentialAction":[{"@type":"SearchAction","target":{"@type":"EntryPoint","urlTemplate":"https:\/\/greenspells.com\/?s={search_term_string}"},"query-input":{"@type":"PropertyValueSpecification","valueRequired":true,"valueName":"search_term_string"}}],"inLanguage":"lt-LT"},{"@type":"Organization","@id":"https:\/\/greenspells.com\/#organization","name":"Greenspells","url":"https:\/\/greenspells.com\/","logo":{"@type":"ImageObject","inLanguage":"lt-LT","@id":"https:\/\/greenspells.com\/#\/schema\/logo\/image\/","url":"https:\/\/i0.wp.com\/greenspells.com\/wp-content\/uploads\/2020\/09\/20200722_153424_0000.png?fit=1500%2C1500&ssl=1","contentUrl":"https:\/\/i0.wp.com\/greenspells.com\/wp-content\/uploads\/2020\/09\/20200722_153424_0000.png?fit=1500%2C1500&ssl=1","width":1500,"height":1500,"caption":"Greenspells"},"image":{"@id":"https:\/\/greenspells.com\/#\/schema\/logo\/image\/"},"sameAs":["https:\/\/www.facebook.com\/Greenspells","https:\/\/www.instagram.com\/greenspells_store\/"]}]}},"jetpack_likes_enabled":true,"jetpack_sharing_enabled":true,"_links":{"self":[{"href":"https:\/\/greenspells.com\/lt\/wp-json\/wp\/v2\/product\/1677044","targetHints":{"allow":["GET"]}}],"collection":[{"href":"https:\/\/greenspells.com\/lt\/wp-json\/wp\/v2\/product"}],"about":[{"href":"https:\/\/greenspells.com\/lt\/wp-json\/wp\/v2\/types\/product"}],"replies":[{"embeddable":true,"href":"https:\/\/greenspells.com\/lt\/wp-json\/wp\/v2\/comments?post=1677044"}],"wp:featuredmedia":[{"embeddable":true,"href":"https:\/\/greenspells.com\/lt\/wp-json\/wp\/v2\/media\/1677048"}],"wp:attachment":[{"href":"https:\/\/greenspells.com\/lt\/wp-json\/wp\/v2\/media?parent=1677044"}],"wp:term":[{"taxonomy":"product_brand","embeddable":true,"href":"https:\/\/greenspells.com\/lt\/wp-json\/wp\/v2\/product_brand?post=1677044"},{"taxonomy":"product_cat","embeddable":true,"href":"https:\/\/greenspells.com\/lt\/wp-json\/wp\/v2\/product_cat?post=1677044"},{"taxonomy":"product_tag","embeddable":true,"href":"https:\/\/greenspells.com\/lt\/wp-json\/wp\/v2\/product_tag?post=1677044"}],"curies":[{"name":"wp","href":"https:\/\/api.w.org\/{rel}","templated":true}]}}