{"id":1677039,"date":"2026-02-27T08:56:20","date_gmt":"2026-02-27T06:56:20","guid":{"rendered":"https:\/\/greenspells.com\/?post_type=product&#038;p=1677039"},"modified":"2026-02-27T08:56:21","modified_gmt":"2026-02-27T06:56:21","slug":"luuv-natural-caring-shampoo-with-plum-oil","status":"publish","type":"product","link":"https:\/\/greenspells.com\/lt\/produktas\/luuv-natural-caring-shampoo-with-plum-oil\/","title":{"rendered":"LUUV <br> Nat\u016bralus puosel\u0117jantis \u0161amp\u016bnas su slyv\u0173 aliejumi"},"content":{"rendered":"<p>LUUV nat\u016bralus \u0161amp\u016bnas su slyv\u0173 aliejumi \u2013 \u0161velni ir veiksminga kasdien\u0117 plauk\u0173 prie\u017ei\u016bra vis\u0173 tip\u0173 plaukams.<\/p>\n<p>\u0160alto spaudimo slyv\u0173 kauliuk\u0173 aliejus dr\u0117kina galvos od\u0105 ir plaukus, padeda juos apsaugoti nuo kar\u0161\u010dio poveikio formuojant \u0161ukuosen\u0105. Nat\u016bralus betainas ir alavijas palaiko optimal\u0173 dr\u0117gm\u0117s balans\u0105, tod\u0117l plaukai i\u0161lieka mink\u0161ti, elastingi ir gyvybingi.<\/p>\n<p>\u0160velnios sud\u0117ties slyv\u0173 \u0161amp\u016bnas padeda plaukams tapti lengvai i\u0161\u0161ukuojamiems, \u0161ilkiniams ir glotniems. Tinka tiek nat\u016braliems, tiek da\u017eytiems plaukams. \u0160iame produkte \u2013 tik geri ingredientai. Kvie\u010diame susipa\u017einti ir su INCI sud\u0117timi.<\/p>\n<ul>\n<li>\u0160amp\u016bnas tinka vis\u0173 tip\u0173 plaukams, taip pat da\u017eytiems.<\/li>\n<li>Puosel\u0117ja ir mink\u0161tina plaukus<\/li>\n<li>Dr\u0117kina ir apsaugo plaukus<\/li>\n<li>Padeda apsaugoti nuo kar\u0161\u010dio formavimo metu<\/li>\n<\/ul>\n<p><em><strong>Sud\u0117tis:<\/strong><\/em><\/p>\n<p><span data-sheets-value=\"{&quot;1&quot;:2,&quot;2&quot;:&quot;Aqua, Coco-Glucoside, Sodium Lauryl Glucose Carboxylate (and) Lauryl Glucoside, Oryza Sativa (Rice) Starch, Cocamidoprpyl Betaine, Glycerin, Betaine, Prunus Domestica (Plum) Seed oil, Hydrolyzed Wheat Protein, Guar Hydroxypropyltrimonium Chloride, Sodium Benzoate (and) Potassium Sorbate, Coco-Glucoside (and) Glyceryl Oleate, Cymbopogon Martini (Palmarosa) oil, Citric Acid, Parfum &quot;}\" data-sheets-userformat=\"{&quot;2&quot;:11263,&quot;3&quot;:{&quot;1&quot;:0},&quot;4&quot;:{&quot;1&quot;:2,&quot;2&quot;:13382553},&quot;5&quot;:{&quot;1&quot;:[{&quot;1&quot;:2,&quot;2&quot;:0,&quot;5&quot;:{&quot;1&quot;:2,&quot;2&quot;:0}},{&quot;1&quot;:0,&quot;2&quot;:0,&quot;3&quot;:3},{&quot;1&quot;:1,&quot;2&quot;:0,&quot;4&quot;:1}]},&quot;6&quot;:{&quot;1&quot;:[{&quot;1&quot;:2,&quot;2&quot;:0,&quot;5&quot;:{&quot;1&quot;:2,&quot;2&quot;:0}},{&quot;1&quot;:0,&quot;2&quot;:0,&quot;3&quot;:3},{&quot;1&quot;:1,&quot;2&quot;:0,&quot;4&quot;:1}]},&quot;7&quot;:{&quot;1&quot;:[{&quot;1&quot;:2,&quot;2&quot;:0,&quot;5&quot;:{&quot;1&quot;:2,&quot;2&quot;:0}},{&quot;1&quot;:0,&quot;2&quot;:0,&quot;3&quot;:3},{&quot;1&quot;:1,&quot;2&quot;:0,&quot;4&quot;:1}]},&quot;8&quot;:{&quot;1&quot;:[{&quot;1&quot;:2,&quot;2&quot;:0,&quot;5&quot;:{&quot;1&quot;:2,&quot;2&quot;:0}},{&quot;1&quot;:0,&quot;2&quot;:0,&quot;3&quot;:3},{&quot;1&quot;:1,&quot;2&quot;:0,&quot;4&quot;:1}]},&quot;9&quot;:1,&quot;10&quot;:1,&quot;11&quot;:4,&quot;12&quot;:0,&quot;14&quot;:{&quot;1&quot;:2,&quot;2&quot;:0},&quot;16&quot;:11}\">qua, Coco-Glucoside, Sodium Lauryl Glucose Carboxylate (and) Lauryl Glucoside, Oryza Sativa (Rice) Starch, Cocamidoprpyl Betaine, Glycerin, Betaine, Prunus Domestica (Plum) Seed oil, Hydrolyzed Wheat Protein, Guar Hydroxypropyltrimonium Chloride, Sodium Benzoate (and) Potassium Sorbate, Coco-Glucoside (and) Glyceryl Oleate, Cymbopogon Martini (Palmarosa) oil, Citric Acid, Parfum<\/span><\/p>\n<p>100% vegan<\/p>","protected":false},"excerpt":{"rendered":"<p>LUUV natural shampoo with plum oil is suitable for everyday use for all hair types. Cold-pressed plum kernel oil moisturizes both the scalp and hair and protects hair from heat treatment. Natural betaine and aloe keep hair moisturized. Natural gentle plum shampoo makes hair well combed, silky and elastic. Suitable for both coloured and natural [&hellip;]<\/p>","protected":false},"featured_media":1677042,"comment_status":"open","ping_status":"closed","template":"","meta":{"content-type":"","_monsterinsights_skip_tracking":false,"_monsterinsights_sitenote_active":false,"_monsterinsights_sitenote_note":"","_monsterinsights_sitenote_category":0,"_uf_show_specific_survey":0,"_uf_disable_surveys":false},"product_brand":[2069],"product_cat":[228,1433,229,15],"product_tag":[2141,2070,968],"class_list":{"0":"post-1677039","1":"product","2":"type-product","3":"status-publish","4":"has-post-thumbnail","6":"product_brand-luuv","7":"product_cat-hair-care","8":"product_cat-naujienos","9":"product_cat-shampoo-bars","10":"product_cat-all-products","11":"product_tag-drekinantis-sampunas","12":"product_tag-luuv","13":"product_tag-naturalus-sampunas","15":"first","16":"instock","17":"taxable","18":"shipping-taxable","19":"purchasable","20":"product-type-simple"},"bundled_by":[],"bundle_stock_status":"instock","bundle_stock_quantity":null,"bundle_virtual":false,"bundle_layout":"","bundle_add_to_cart_form_location":"","bundle_editable_in_cart":false,"bundle_sold_individually_context":"","bundle_item_grouping":"","bundle_min_size":"","bundle_max_size":"","bundle_price":[],"bundled_items":[],"bundle_sell_ids":[],"group_of_quantity":0,"min_quantity":0,"max_quantity":"","exclude_order_quantity_value_rules":"no","exclude_category_quantity_rules":"no","combine_variations":"no","exclude_global_add_ons":[],"addons":[],"yoast_head":"<!-- This site is optimized with the Yoast SEO plugin v27.4 - https:\/\/yoast.com\/product\/yoast-seo-wordpress\/ -->\n<title>LUUV  Natural Caring Shampoo with plum oil - Greenspells<\/title>\n<meta name=\"description\" content=\"LUUV nat\u016bralus \u0161amp\u016bnas su slyv\u0173 aliejumi dr\u0117kina, mink\u0161tina ir saugo plaukus nuo kar\u0161\u010dio. Tinka vis\u0173 tip\u0173 ir da\u017eytiems plaukams.\" \/>\n<meta name=\"robots\" content=\"index, follow, max-snippet:-1, max-image-preview:large, max-video-preview:-1\" \/>\n<link rel=\"canonical\" href=\"https:\/\/greenspells.com\/lt\/produktas\/luuv-natural-caring-shampoo-with-plum-oil\/\" \/>\n<meta property=\"og:locale\" content=\"lt_LT\" \/>\n<meta property=\"og:type\" content=\"article\" \/>\n<meta property=\"og:title\" content=\"LUUV  Natural Caring Shampoo with plum oil - Greenspells\" \/>\n<meta property=\"og:description\" content=\"LUUV nat\u016bralus \u0161amp\u016bnas su slyv\u0173 aliejumi dr\u0117kina, mink\u0161tina ir saugo plaukus nuo kar\u0161\u010dio. Tinka vis\u0173 tip\u0173 ir da\u017eytiems plaukams.\" \/>\n<meta property=\"og:url\" content=\"https:\/\/greenspells.com\/lt\/produktas\/luuv-natural-caring-shampoo-with-plum-oil\/\" \/>\n<meta property=\"og:site_name\" content=\"Greenspells\" \/>\n<meta property=\"article:publisher\" content=\"https:\/\/www.facebook.com\/Greenspells\" \/>\n<meta property=\"article:modified_time\" content=\"2026-02-27T06:56:21+00:00\" \/>\n<meta property=\"og:image\" content=\"https:\/\/greenspells.com\/wp-content\/uploads\/2026\/02\/luuv_shampoo_caring-1.jpg\" \/>\n\t<meta property=\"og:image:width\" content=\"2048\" \/>\n\t<meta property=\"og:image:height\" content=\"2560\" \/>\n\t<meta property=\"og:image:type\" content=\"image\/jpeg\" \/>\n<meta name=\"twitter:card\" content=\"summary_large_image\" \/>\n<meta name=\"twitter:label1\" content=\"Est. reading time\" \/>\n\t<meta name=\"twitter:data1\" content=\"1 minut\u0117\" \/>\n<script type=\"application\/ld+json\" class=\"yoast-schema-graph\">{\"@context\":\"https:\\\/\\\/schema.org\",\"@graph\":[{\"@type\":\"WebPage\",\"@id\":\"https:\\\/\\\/greenspells.com\\\/product\\\/luuv-natural-caring-shampoo-with-plum-oil\\\/\",\"url\":\"https:\\\/\\\/greenspells.com\\\/product\\\/luuv-natural-caring-shampoo-with-plum-oil\\\/\",\"name\":\"LUUV Natural Caring Shampoo with plum oil - Greenspells\",\"isPartOf\":{\"@id\":\"https:\\\/\\\/greenspells.com\\\/#website\"},\"primaryImageOfPage\":{\"@id\":\"https:\\\/\\\/greenspells.com\\\/product\\\/luuv-natural-caring-shampoo-with-plum-oil\\\/#primaryimage\"},\"image\":{\"@id\":\"https:\\\/\\\/greenspells.com\\\/product\\\/luuv-natural-caring-shampoo-with-plum-oil\\\/#primaryimage\"},\"thumbnailUrl\":\"https:\\\/\\\/i0.wp.com\\\/greenspells.com\\\/wp-content\\\/uploads\\\/2026\\\/02\\\/luuv_shampoo_caring-1.jpg?fit=2048%2C2560&ssl=1\",\"datePublished\":\"2026-02-27T06:56:20+00:00\",\"dateModified\":\"2026-02-27T06:56:21+00:00\",\"description\":\"LUUV nat\u016bralus \u0161amp\u016bnas su slyv\u0173 aliejumi dr\u0117kina, mink\u0161tina ir saugo plaukus nuo kar\u0161\u010dio. Tinka vis\u0173 tip\u0173 ir da\u017eytiems plaukams.\",\"breadcrumb\":{\"@id\":\"https:\\\/\\\/greenspells.com\\\/product\\\/luuv-natural-caring-shampoo-with-plum-oil\\\/#breadcrumb\"},\"inLanguage\":\"lt-LT\",\"potentialAction\":[{\"@type\":\"ReadAction\",\"target\":[\"https:\\\/\\\/greenspells.com\\\/product\\\/luuv-natural-caring-shampoo-with-plum-oil\\\/\"]}]},{\"@type\":\"ImageObject\",\"inLanguage\":\"lt-LT\",\"@id\":\"https:\\\/\\\/greenspells.com\\\/product\\\/luuv-natural-caring-shampoo-with-plum-oil\\\/#primaryimage\",\"url\":\"https:\\\/\\\/i0.wp.com\\\/greenspells.com\\\/wp-content\\\/uploads\\\/2026\\\/02\\\/luuv_shampoo_caring-1.jpg?fit=2048%2C2560&ssl=1\",\"contentUrl\":\"https:\\\/\\\/i0.wp.com\\\/greenspells.com\\\/wp-content\\\/uploads\\\/2026\\\/02\\\/luuv_shampoo_caring-1.jpg?fit=2048%2C2560&ssl=1\",\"width\":2048,\"height\":2560,\"caption\":\"luuv plum oil shampoo\"},{\"@type\":\"BreadcrumbList\",\"@id\":\"https:\\\/\\\/greenspells.com\\\/product\\\/luuv-natural-caring-shampoo-with-plum-oil\\\/#breadcrumb\",\"itemListElement\":[{\"@type\":\"ListItem\",\"position\":1,\"name\":\"Home\",\"item\":\"https:\\\/\\\/greenspells.com\\\/\"},{\"@type\":\"ListItem\",\"position\":2,\"name\":\"Shop\",\"item\":\"https:\\\/\\\/greenspells.com\\\/shop\\\/\"},{\"@type\":\"ListItem\",\"position\":3,\"name\":\"LUUV Natural Caring Shampoo with plum oil\"}]},{\"@type\":\"WebSite\",\"@id\":\"https:\\\/\\\/greenspells.com\\\/#website\",\"url\":\"https:\\\/\\\/greenspells.com\\\/\",\"name\":\"Greenspells\",\"description\":\"Nat\u016brali ir ekologi\u0161ka kosmetika\",\"publisher\":{\"@id\":\"https:\\\/\\\/greenspells.com\\\/#organization\"},\"potentialAction\":[{\"@type\":\"SearchAction\",\"target\":{\"@type\":\"EntryPoint\",\"urlTemplate\":\"https:\\\/\\\/greenspells.com\\\/?s={search_term_string}\"},\"query-input\":{\"@type\":\"PropertyValueSpecification\",\"valueRequired\":true,\"valueName\":\"search_term_string\"}}],\"inLanguage\":\"lt-LT\"},{\"@type\":\"Organization\",\"@id\":\"https:\\\/\\\/greenspells.com\\\/#organization\",\"name\":\"Greenspells\",\"url\":\"https:\\\/\\\/greenspells.com\\\/\",\"logo\":{\"@type\":\"ImageObject\",\"inLanguage\":\"lt-LT\",\"@id\":\"https:\\\/\\\/greenspells.com\\\/#\\\/schema\\\/logo\\\/image\\\/\",\"url\":\"https:\\\/\\\/i0.wp.com\\\/greenspells.com\\\/wp-content\\\/uploads\\\/2020\\\/09\\\/20200722_153424_0000.png?fit=1500%2C1500&ssl=1\",\"contentUrl\":\"https:\\\/\\\/i0.wp.com\\\/greenspells.com\\\/wp-content\\\/uploads\\\/2020\\\/09\\\/20200722_153424_0000.png?fit=1500%2C1500&ssl=1\",\"width\":1500,\"height\":1500,\"caption\":\"Greenspells\"},\"image\":{\"@id\":\"https:\\\/\\\/greenspells.com\\\/#\\\/schema\\\/logo\\\/image\\\/\"},\"sameAs\":[\"https:\\\/\\\/www.facebook.com\\\/Greenspells\",\"https:\\\/\\\/www.instagram.com\\\/greenspells_store\\\/\"]}]}<\/script>\n<!-- \/ Yoast SEO plugin. -->","yoast_head_json":{"title":"LUUV  Natural Caring Shampoo with plum oil - Greenspells","description":"LUUV nat\u016bralus \u0161amp\u016bnas su slyv\u0173 aliejumi dr\u0117kina, mink\u0161tina ir saugo plaukus nuo kar\u0161\u010dio. Tinka vis\u0173 tip\u0173 ir da\u017eytiems plaukams.","robots":{"index":"index","follow":"follow","max-snippet":"max-snippet:-1","max-image-preview":"max-image-preview:large","max-video-preview":"max-video-preview:-1"},"canonical":"https:\/\/greenspells.com\/lt\/produktas\/luuv-natural-caring-shampoo-with-plum-oil\/","og_locale":"lt_LT","og_type":"article","og_title":"LUUV  Natural Caring Shampoo with plum oil - Greenspells","og_description":"LUUV nat\u016bralus \u0161amp\u016bnas su slyv\u0173 aliejumi dr\u0117kina, mink\u0161tina ir saugo plaukus nuo kar\u0161\u010dio. Tinka vis\u0173 tip\u0173 ir da\u017eytiems plaukams.","og_url":"https:\/\/greenspells.com\/lt\/produktas\/luuv-natural-caring-shampoo-with-plum-oil\/","og_site_name":"Greenspells","article_publisher":"https:\/\/www.facebook.com\/Greenspells","article_modified_time":"2026-02-27T06:56:21+00:00","og_image":[{"width":2048,"height":2560,"url":"https:\/\/greenspells.com\/wp-content\/uploads\/2026\/02\/luuv_shampoo_caring-1.jpg","type":"image\/jpeg"}],"twitter_card":"summary_large_image","twitter_misc":{"Est. reading time":"1 minut\u0117"},"schema":{"@context":"https:\/\/schema.org","@graph":[{"@type":"WebPage","@id":"https:\/\/greenspells.com\/product\/luuv-natural-caring-shampoo-with-plum-oil\/","url":"https:\/\/greenspells.com\/product\/luuv-natural-caring-shampoo-with-plum-oil\/","name":"LUUV Natural Caring Shampoo with plum oil - Greenspells","isPartOf":{"@id":"https:\/\/greenspells.com\/#website"},"primaryImageOfPage":{"@id":"https:\/\/greenspells.com\/product\/luuv-natural-caring-shampoo-with-plum-oil\/#primaryimage"},"image":{"@id":"https:\/\/greenspells.com\/product\/luuv-natural-caring-shampoo-with-plum-oil\/#primaryimage"},"thumbnailUrl":"https:\/\/i0.wp.com\/greenspells.com\/wp-content\/uploads\/2026\/02\/luuv_shampoo_caring-1.jpg?fit=2048%2C2560&ssl=1","datePublished":"2026-02-27T06:56:20+00:00","dateModified":"2026-02-27T06:56:21+00:00","description":"LUUV nat\u016bralus \u0161amp\u016bnas su slyv\u0173 aliejumi dr\u0117kina, mink\u0161tina ir saugo plaukus nuo kar\u0161\u010dio. Tinka vis\u0173 tip\u0173 ir da\u017eytiems plaukams.","breadcrumb":{"@id":"https:\/\/greenspells.com\/product\/luuv-natural-caring-shampoo-with-plum-oil\/#breadcrumb"},"inLanguage":"lt-LT","potentialAction":[{"@type":"ReadAction","target":["https:\/\/greenspells.com\/product\/luuv-natural-caring-shampoo-with-plum-oil\/"]}]},{"@type":"ImageObject","inLanguage":"lt-LT","@id":"https:\/\/greenspells.com\/product\/luuv-natural-caring-shampoo-with-plum-oil\/#primaryimage","url":"https:\/\/i0.wp.com\/greenspells.com\/wp-content\/uploads\/2026\/02\/luuv_shampoo_caring-1.jpg?fit=2048%2C2560&ssl=1","contentUrl":"https:\/\/i0.wp.com\/greenspells.com\/wp-content\/uploads\/2026\/02\/luuv_shampoo_caring-1.jpg?fit=2048%2C2560&ssl=1","width":2048,"height":2560,"caption":"luuv plum oil shampoo"},{"@type":"BreadcrumbList","@id":"https:\/\/greenspells.com\/product\/luuv-natural-caring-shampoo-with-plum-oil\/#breadcrumb","itemListElement":[{"@type":"ListItem","position":1,"name":"Home","item":"https:\/\/greenspells.com\/"},{"@type":"ListItem","position":2,"name":"Shop","item":"https:\/\/greenspells.com\/shop\/"},{"@type":"ListItem","position":3,"name":"LUUV Natural Caring Shampoo with plum oil"}]},{"@type":"WebSite","@id":"https:\/\/greenspells.com\/#website","url":"https:\/\/greenspells.com\/","name":"Greenspells","description":"Nat\u016brali ir ekologi\u0161ka kosmetika","publisher":{"@id":"https:\/\/greenspells.com\/#organization"},"potentialAction":[{"@type":"SearchAction","target":{"@type":"EntryPoint","urlTemplate":"https:\/\/greenspells.com\/?s={search_term_string}"},"query-input":{"@type":"PropertyValueSpecification","valueRequired":true,"valueName":"search_term_string"}}],"inLanguage":"lt-LT"},{"@type":"Organization","@id":"https:\/\/greenspells.com\/#organization","name":"Greenspells","url":"https:\/\/greenspells.com\/","logo":{"@type":"ImageObject","inLanguage":"lt-LT","@id":"https:\/\/greenspells.com\/#\/schema\/logo\/image\/","url":"https:\/\/i0.wp.com\/greenspells.com\/wp-content\/uploads\/2020\/09\/20200722_153424_0000.png?fit=1500%2C1500&ssl=1","contentUrl":"https:\/\/i0.wp.com\/greenspells.com\/wp-content\/uploads\/2020\/09\/20200722_153424_0000.png?fit=1500%2C1500&ssl=1","width":1500,"height":1500,"caption":"Greenspells"},"image":{"@id":"https:\/\/greenspells.com\/#\/schema\/logo\/image\/"},"sameAs":["https:\/\/www.facebook.com\/Greenspells","https:\/\/www.instagram.com\/greenspells_store\/"]}]}},"jetpack_likes_enabled":true,"jetpack_sharing_enabled":true,"_links":{"self":[{"href":"https:\/\/greenspells.com\/lt\/wp-json\/wp\/v2\/product\/1677039","targetHints":{"allow":["GET"]}}],"collection":[{"href":"https:\/\/greenspells.com\/lt\/wp-json\/wp\/v2\/product"}],"about":[{"href":"https:\/\/greenspells.com\/lt\/wp-json\/wp\/v2\/types\/product"}],"replies":[{"embeddable":true,"href":"https:\/\/greenspells.com\/lt\/wp-json\/wp\/v2\/comments?post=1677039"}],"wp:featuredmedia":[{"embeddable":true,"href":"https:\/\/greenspells.com\/lt\/wp-json\/wp\/v2\/media\/1677042"}],"wp:attachment":[{"href":"https:\/\/greenspells.com\/lt\/wp-json\/wp\/v2\/media?parent=1677039"}],"wp:term":[{"taxonomy":"product_brand","embeddable":true,"href":"https:\/\/greenspells.com\/lt\/wp-json\/wp\/v2\/product_brand?post=1677039"},{"taxonomy":"product_cat","embeddable":true,"href":"https:\/\/greenspells.com\/lt\/wp-json\/wp\/v2\/product_cat?post=1677039"},{"taxonomy":"product_tag","embeddable":true,"href":"https:\/\/greenspells.com\/lt\/wp-json\/wp\/v2\/product_tag?post=1677039"}],"curies":[{"name":"wp","href":"https:\/\/api.w.org\/{rel}","templated":true}]}}