{"id":1677034,"date":"2026-02-27T08:47:35","date_gmt":"2026-02-27T06:47:35","guid":{"rendered":"https:\/\/greenspells.com\/?post_type=product&#038;p=1677034"},"modified":"2026-02-27T08:47:35","modified_gmt":"2026-02-27T06:47:35","slug":"luuv-natural-caring-conditioner-with-plum-oil","status":"publish","type":"product","link":"https:\/\/greenspells.com\/lt\/produktas\/luuv-natural-caring-conditioner-with-plum-oil\/","title":{"rendered":"LUUV <br> Nat\u016bralus puosel\u0117jantis kondicionierius su slyv\u0173 aliejumi"},"content":{"rendered":"<p>Pri\u017ei\u016br\u0117ti plaukai \u2013 kiekvien\u0105 dien\u0105!\nNat\u016bralus kondicionierius, praturtintas slyv\u0173 aliejumi, puikiai tinka kasdieniam naudojimui vis\u0173 tip\u0173 plaukams.\n\n\u0160alto spaudimo slyv\u0173 aliejus intensyviai dr\u0117kina plaukus, padeda atkurti pa\u017eeistus galiukus ir apsaugo nuo kar\u0161\u010dio poveikio formuojant \u0161ukuosen\u0105. Nat\u016brali\u0173 aliej\u0173, baltym\u0173 ir aktyvi\u0173j\u0173 med\u017eiag\u0173 derinys suteikia plaukams visk\u0105, ko reikia \u2013 stiprum\u0105, elastingum\u0105 ir sveik\u0105 \u017evilges\u012f.\n\nKondicionierius tinka vis\u0173 tip\u0173 plaukams, taip pat da\u017eytiems. Plaukai tampa \u0161veln\u016bs, glotn\u016bs, lengvai i\u0161\u0161ukuojami ir apsaugoti nuo kasdienio aplinkos bei kar\u0161\u010dio poveikio.<\/p>\n<ul>\n<li id=\"tw-target-text\" class=\"tw-data-text tw-text-large tw-ta\" dir=\"ltr\" data-placeholder=\"T\u00f5lge\" aria-label=\"T\u00f5lgitud tekst\" data-ved=\"2ahUKEwiX3-GDwdqGAxV6PhAIHYrmHigQ3ewLegQIBRAU\"><span class=\"Y2IQFc\" lang=\"en\">\u0160amp\u016bnas tinka vis\u0173 tip\u0173 plaukams, taip pat da\u017eytiems.<\/span><\/li>\n<li class=\"tw-data-text tw-text-large tw-ta\" dir=\"ltr\" data-placeholder=\"T\u00f5lge\" aria-label=\"T\u00f5lgitud tekst\" data-ved=\"2ahUKEwiX3-GDwdqGAxV6PhAIHYrmHigQ3ewLegQIBRAU\"><span class=\"Y2IQFc\" lang=\"en\">Puosel\u0117ja ir mink\u0161tina plaukus<\/span><\/li>\n<li class=\"tw-data-text tw-text-large tw-ta\" dir=\"ltr\" data-placeholder=\"T\u00f5lge\" aria-label=\"T\u00f5lgitud tekst\" data-ved=\"2ahUKEwiX3-GDwdqGAxV6PhAIHYrmHigQ3ewLegQIBRAU\"><span class=\"Y2IQFc\" lang=\"en\">Dr\u0117kina ir apsaugo<\/span><\/li>\n<li class=\"tw-data-text tw-text-large tw-ta\" dir=\"ltr\" data-placeholder=\"T\u00f5lge\" aria-label=\"T\u00f5lgitud tekst\" data-ved=\"2ahUKEwiX3-GDwdqGAxV6PhAIHYrmHigQ3ewLegQIBRAU\"><span class=\"Y2IQFc\" lang=\"en\">Padeda apsaugoti nuo kar\u0161\u010dio formavimo metu<\/span><\/li>\n<\/ul>\n<p><em><strong>Sud\u0117tis:<\/strong><\/em><\/p>\n<p>Aqua, Distearoylethyl Dimonium Chloride, Cetearyl Alcohol, Glycerin, Cetyl alcohol, Aloe Barbadensis Leaf Juice, Betaine, PCA Glyceryl Oleate, Prunus Domestica (Plum) Seed oil, Hydrolyzed Wheat Protein, Guar Hydroxypropyltrimonium Chloride, Sodium Benzoate, Potassium Sorbate, Citric Acid, Cymbopogon Martini (Palmarosa) oil, Parfum, Geraniol<\/p>\n<p>100% vegan<\/p>","protected":false},"excerpt":{"rendered":"<p>Maintained hair every day! Natural conditioner enriched with plum oil is perfect for daily use on all hair types. Cold-pressed plum oil moisturizes hair, restores hair ends and protects against heat treatment. The mixture of natural oils, proteins and active substances provides everything necessary for hair to be strong and shiny. Also suitable for colored [&hellip;]<\/p>","protected":false},"featured_media":1677036,"comment_status":"open","ping_status":"closed","template":"","meta":{"content-type":"","_monsterinsights_skip_tracking":false,"_monsterinsights_sitenote_active":false,"_monsterinsights_sitenote_note":"","_monsterinsights_sitenote_category":0,"_uf_show_specific_survey":0,"_uf_disable_surveys":false},"product_brand":[2069],"product_cat":[228,230,1433,15],"product_tag":[1367,494,234,436,2070,2140,258,1252,2139],"class_list":{"0":"post-1677034","1":"product","2":"type-product","3":"status-publish","4":"has-post-thumbnail","6":"product_brand-luuv","7":"product_cat-hair-care","8":"product_cat-hair-conditioners","9":"product_cat-naujienos","10":"product_cat-all-products","11":"product_tag-drekinantis-kondicionierius","12":"product_tag-greenspells","13":"product_tag-hair-care","14":"product_tag-kondicionierius","15":"product_tag-luuv","16":"product_tag-naturaus-kondicionierius","17":"product_tag-natural-hair-care","18":"product_tag-naturali-plauku-prieziura","19":"product_tag-plauku-kondicionerius","21":"first","22":"instock","23":"taxable","24":"shipping-taxable","25":"purchasable","26":"product-type-simple"},"bundled_by":[],"bundle_stock_status":"instock","bundle_stock_quantity":null,"bundle_virtual":false,"bundle_layout":"","bundle_add_to_cart_form_location":"","bundle_editable_in_cart":false,"bundle_sold_individually_context":"","bundle_item_grouping":"","bundle_min_size":"","bundle_max_size":"","bundle_price":[],"bundled_items":[],"bundle_sell_ids":[],"group_of_quantity":0,"min_quantity":0,"max_quantity":"","exclude_order_quantity_value_rules":"no","exclude_category_quantity_rules":"no","combine_variations":"no","exclude_global_add_ons":[],"addons":[],"yoast_head":"<!-- This site is optimized with the Yoast SEO plugin v27.4 - https:\/\/yoast.com\/product\/yoast-seo-wordpress\/ -->\n<title>LUUV  Natural Caring Conditioner with plum oil - Greenspells<\/title>\n<meta name=\"description\" content=\"Nat\u016bralus kondicionierius su slyv\u0173 aliejumi dr\u0117kina, mink\u0161tina ir saugo plaukus nuo kar\u0161\u010dio. Tinka vis\u0173 tip\u0173, taip pat da\u017eytiems plaukams.\" \/>\n<meta name=\"robots\" content=\"index, follow, max-snippet:-1, max-image-preview:large, max-video-preview:-1\" \/>\n<link rel=\"canonical\" href=\"https:\/\/greenspells.com\/lt\/produktas\/luuv-natural-caring-conditioner-with-plum-oil\/\" \/>\n<meta property=\"og:locale\" content=\"lt_LT\" \/>\n<meta property=\"og:type\" content=\"article\" \/>\n<meta property=\"og:title\" content=\"LUUV  Natural Caring Conditioner with plum oil - Greenspells\" \/>\n<meta property=\"og:description\" content=\"Nat\u016bralus kondicionierius su slyv\u0173 aliejumi dr\u0117kina, mink\u0161tina ir saugo plaukus nuo kar\u0161\u010dio. Tinka vis\u0173 tip\u0173, taip pat da\u017eytiems plaukams.\" \/>\n<meta property=\"og:url\" content=\"https:\/\/greenspells.com\/lt\/produktas\/luuv-natural-caring-conditioner-with-plum-oil\/\" \/>\n<meta property=\"og:site_name\" content=\"Greenspells\" \/>\n<meta property=\"article:publisher\" content=\"https:\/\/www.facebook.com\/Greenspells\" \/>\n<meta property=\"og:image\" content=\"https:\/\/greenspells.com\/wp-content\/uploads\/2026\/02\/luuv_conditioner_caring.jpg\" \/>\n\t<meta property=\"og:image:width\" content=\"2048\" \/>\n\t<meta property=\"og:image:height\" content=\"2561\" \/>\n\t<meta property=\"og:image:type\" content=\"image\/jpeg\" \/>\n<meta name=\"twitter:card\" content=\"summary_large_image\" \/>\n<meta name=\"twitter:label1\" content=\"Est. reading time\" \/>\n\t<meta name=\"twitter:data1\" content=\"1 minut\u0117\" \/>\n<script type=\"application\/ld+json\" class=\"yoast-schema-graph\">{\"@context\":\"https:\\\/\\\/schema.org\",\"@graph\":[{\"@type\":\"WebPage\",\"@id\":\"https:\\\/\\\/greenspells.com\\\/product\\\/luuv-natural-caring-conditioner-with-plum-oil\\\/\",\"url\":\"https:\\\/\\\/greenspells.com\\\/product\\\/luuv-natural-caring-conditioner-with-plum-oil\\\/\",\"name\":\"LUUV Natural Caring Conditioner with plum oil - Greenspells\",\"isPartOf\":{\"@id\":\"https:\\\/\\\/greenspells.com\\\/#website\"},\"primaryImageOfPage\":{\"@id\":\"https:\\\/\\\/greenspells.com\\\/product\\\/luuv-natural-caring-conditioner-with-plum-oil\\\/#primaryimage\"},\"image\":{\"@id\":\"https:\\\/\\\/greenspells.com\\\/product\\\/luuv-natural-caring-conditioner-with-plum-oil\\\/#primaryimage\"},\"thumbnailUrl\":\"https:\\\/\\\/i0.wp.com\\\/greenspells.com\\\/wp-content\\\/uploads\\\/2026\\\/02\\\/luuv_conditioner_caring.jpg?fit=2048%2C2561&ssl=1\",\"datePublished\":\"2026-02-27T06:47:35+00:00\",\"description\":\"Nat\u016bralus kondicionierius su slyv\u0173 aliejumi dr\u0117kina, mink\u0161tina ir saugo plaukus nuo kar\u0161\u010dio. Tinka vis\u0173 tip\u0173, taip pat da\u017eytiems plaukams.\",\"breadcrumb\":{\"@id\":\"https:\\\/\\\/greenspells.com\\\/product\\\/luuv-natural-caring-conditioner-with-plum-oil\\\/#breadcrumb\"},\"inLanguage\":\"lt-LT\",\"potentialAction\":[{\"@type\":\"ReadAction\",\"target\":[\"https:\\\/\\\/greenspells.com\\\/product\\\/luuv-natural-caring-conditioner-with-plum-oil\\\/\"]}]},{\"@type\":\"ImageObject\",\"inLanguage\":\"lt-LT\",\"@id\":\"https:\\\/\\\/greenspells.com\\\/product\\\/luuv-natural-caring-conditioner-with-plum-oil\\\/#primaryimage\",\"url\":\"https:\\\/\\\/i0.wp.com\\\/greenspells.com\\\/wp-content\\\/uploads\\\/2026\\\/02\\\/luuv_conditioner_caring.jpg?fit=2048%2C2561&ssl=1\",\"contentUrl\":\"https:\\\/\\\/i0.wp.com\\\/greenspells.com\\\/wp-content\\\/uploads\\\/2026\\\/02\\\/luuv_conditioner_caring.jpg?fit=2048%2C2561&ssl=1\",\"width\":2048,\"height\":2561,\"caption\":\"luuv plum conditioner\"},{\"@type\":\"BreadcrumbList\",\"@id\":\"https:\\\/\\\/greenspells.com\\\/product\\\/luuv-natural-caring-conditioner-with-plum-oil\\\/#breadcrumb\",\"itemListElement\":[{\"@type\":\"ListItem\",\"position\":1,\"name\":\"Home\",\"item\":\"https:\\\/\\\/greenspells.com\\\/\"},{\"@type\":\"ListItem\",\"position\":2,\"name\":\"Shop\",\"item\":\"https:\\\/\\\/greenspells.com\\\/shop\\\/\"},{\"@type\":\"ListItem\",\"position\":3,\"name\":\"LUUV Natural Caring Conditioner with plum oil\"}]},{\"@type\":\"WebSite\",\"@id\":\"https:\\\/\\\/greenspells.com\\\/#website\",\"url\":\"https:\\\/\\\/greenspells.com\\\/\",\"name\":\"Greenspells\",\"description\":\"Nat\u016brali ir ekologi\u0161ka kosmetika\",\"publisher\":{\"@id\":\"https:\\\/\\\/greenspells.com\\\/#organization\"},\"potentialAction\":[{\"@type\":\"SearchAction\",\"target\":{\"@type\":\"EntryPoint\",\"urlTemplate\":\"https:\\\/\\\/greenspells.com\\\/?s={search_term_string}\"},\"query-input\":{\"@type\":\"PropertyValueSpecification\",\"valueRequired\":true,\"valueName\":\"search_term_string\"}}],\"inLanguage\":\"lt-LT\"},{\"@type\":\"Organization\",\"@id\":\"https:\\\/\\\/greenspells.com\\\/#organization\",\"name\":\"Greenspells\",\"url\":\"https:\\\/\\\/greenspells.com\\\/\",\"logo\":{\"@type\":\"ImageObject\",\"inLanguage\":\"lt-LT\",\"@id\":\"https:\\\/\\\/greenspells.com\\\/#\\\/schema\\\/logo\\\/image\\\/\",\"url\":\"https:\\\/\\\/i0.wp.com\\\/greenspells.com\\\/wp-content\\\/uploads\\\/2020\\\/09\\\/20200722_153424_0000.png?fit=1500%2C1500&ssl=1\",\"contentUrl\":\"https:\\\/\\\/i0.wp.com\\\/greenspells.com\\\/wp-content\\\/uploads\\\/2020\\\/09\\\/20200722_153424_0000.png?fit=1500%2C1500&ssl=1\",\"width\":1500,\"height\":1500,\"caption\":\"Greenspells\"},\"image\":{\"@id\":\"https:\\\/\\\/greenspells.com\\\/#\\\/schema\\\/logo\\\/image\\\/\"},\"sameAs\":[\"https:\\\/\\\/www.facebook.com\\\/Greenspells\",\"https:\\\/\\\/www.instagram.com\\\/greenspells_store\\\/\"]}]}<\/script>\n<!-- \/ Yoast SEO plugin. -->","yoast_head_json":{"title":"LUUV  Natural Caring Conditioner with plum oil - Greenspells","description":"Nat\u016bralus kondicionierius su slyv\u0173 aliejumi dr\u0117kina, mink\u0161tina ir saugo plaukus nuo kar\u0161\u010dio. Tinka vis\u0173 tip\u0173, taip pat da\u017eytiems plaukams.","robots":{"index":"index","follow":"follow","max-snippet":"max-snippet:-1","max-image-preview":"max-image-preview:large","max-video-preview":"max-video-preview:-1"},"canonical":"https:\/\/greenspells.com\/lt\/produktas\/luuv-natural-caring-conditioner-with-plum-oil\/","og_locale":"lt_LT","og_type":"article","og_title":"LUUV  Natural Caring Conditioner with plum oil - Greenspells","og_description":"Nat\u016bralus kondicionierius su slyv\u0173 aliejumi dr\u0117kina, mink\u0161tina ir saugo plaukus nuo kar\u0161\u010dio. Tinka vis\u0173 tip\u0173, taip pat da\u017eytiems plaukams.","og_url":"https:\/\/greenspells.com\/lt\/produktas\/luuv-natural-caring-conditioner-with-plum-oil\/","og_site_name":"Greenspells","article_publisher":"https:\/\/www.facebook.com\/Greenspells","og_image":[{"width":2048,"height":2561,"url":"https:\/\/greenspells.com\/wp-content\/uploads\/2026\/02\/luuv_conditioner_caring.jpg","type":"image\/jpeg"}],"twitter_card":"summary_large_image","twitter_misc":{"Est. reading time":"1 minut\u0117"},"schema":{"@context":"https:\/\/schema.org","@graph":[{"@type":"WebPage","@id":"https:\/\/greenspells.com\/product\/luuv-natural-caring-conditioner-with-plum-oil\/","url":"https:\/\/greenspells.com\/product\/luuv-natural-caring-conditioner-with-plum-oil\/","name":"LUUV Natural Caring Conditioner with plum oil - Greenspells","isPartOf":{"@id":"https:\/\/greenspells.com\/#website"},"primaryImageOfPage":{"@id":"https:\/\/greenspells.com\/product\/luuv-natural-caring-conditioner-with-plum-oil\/#primaryimage"},"image":{"@id":"https:\/\/greenspells.com\/product\/luuv-natural-caring-conditioner-with-plum-oil\/#primaryimage"},"thumbnailUrl":"https:\/\/i0.wp.com\/greenspells.com\/wp-content\/uploads\/2026\/02\/luuv_conditioner_caring.jpg?fit=2048%2C2561&ssl=1","datePublished":"2026-02-27T06:47:35+00:00","description":"Nat\u016bralus kondicionierius su slyv\u0173 aliejumi dr\u0117kina, mink\u0161tina ir saugo plaukus nuo kar\u0161\u010dio. Tinka vis\u0173 tip\u0173, taip pat da\u017eytiems plaukams.","breadcrumb":{"@id":"https:\/\/greenspells.com\/product\/luuv-natural-caring-conditioner-with-plum-oil\/#breadcrumb"},"inLanguage":"lt-LT","potentialAction":[{"@type":"ReadAction","target":["https:\/\/greenspells.com\/product\/luuv-natural-caring-conditioner-with-plum-oil\/"]}]},{"@type":"ImageObject","inLanguage":"lt-LT","@id":"https:\/\/greenspells.com\/product\/luuv-natural-caring-conditioner-with-plum-oil\/#primaryimage","url":"https:\/\/i0.wp.com\/greenspells.com\/wp-content\/uploads\/2026\/02\/luuv_conditioner_caring.jpg?fit=2048%2C2561&ssl=1","contentUrl":"https:\/\/i0.wp.com\/greenspells.com\/wp-content\/uploads\/2026\/02\/luuv_conditioner_caring.jpg?fit=2048%2C2561&ssl=1","width":2048,"height":2561,"caption":"luuv plum conditioner"},{"@type":"BreadcrumbList","@id":"https:\/\/greenspells.com\/product\/luuv-natural-caring-conditioner-with-plum-oil\/#breadcrumb","itemListElement":[{"@type":"ListItem","position":1,"name":"Home","item":"https:\/\/greenspells.com\/"},{"@type":"ListItem","position":2,"name":"Shop","item":"https:\/\/greenspells.com\/shop\/"},{"@type":"ListItem","position":3,"name":"LUUV Natural Caring Conditioner with plum oil"}]},{"@type":"WebSite","@id":"https:\/\/greenspells.com\/#website","url":"https:\/\/greenspells.com\/","name":"Greenspells","description":"Nat\u016brali ir ekologi\u0161ka kosmetika","publisher":{"@id":"https:\/\/greenspells.com\/#organization"},"potentialAction":[{"@type":"SearchAction","target":{"@type":"EntryPoint","urlTemplate":"https:\/\/greenspells.com\/?s={search_term_string}"},"query-input":{"@type":"PropertyValueSpecification","valueRequired":true,"valueName":"search_term_string"}}],"inLanguage":"lt-LT"},{"@type":"Organization","@id":"https:\/\/greenspells.com\/#organization","name":"Greenspells","url":"https:\/\/greenspells.com\/","logo":{"@type":"ImageObject","inLanguage":"lt-LT","@id":"https:\/\/greenspells.com\/#\/schema\/logo\/image\/","url":"https:\/\/i0.wp.com\/greenspells.com\/wp-content\/uploads\/2020\/09\/20200722_153424_0000.png?fit=1500%2C1500&ssl=1","contentUrl":"https:\/\/i0.wp.com\/greenspells.com\/wp-content\/uploads\/2020\/09\/20200722_153424_0000.png?fit=1500%2C1500&ssl=1","width":1500,"height":1500,"caption":"Greenspells"},"image":{"@id":"https:\/\/greenspells.com\/#\/schema\/logo\/image\/"},"sameAs":["https:\/\/www.facebook.com\/Greenspells","https:\/\/www.instagram.com\/greenspells_store\/"]}]}},"jetpack_likes_enabled":true,"jetpack_sharing_enabled":true,"_links":{"self":[{"href":"https:\/\/greenspells.com\/lt\/wp-json\/wp\/v2\/product\/1677034","targetHints":{"allow":["GET"]}}],"collection":[{"href":"https:\/\/greenspells.com\/lt\/wp-json\/wp\/v2\/product"}],"about":[{"href":"https:\/\/greenspells.com\/lt\/wp-json\/wp\/v2\/types\/product"}],"replies":[{"embeddable":true,"href":"https:\/\/greenspells.com\/lt\/wp-json\/wp\/v2\/comments?post=1677034"}],"wp:featuredmedia":[{"embeddable":true,"href":"https:\/\/greenspells.com\/lt\/wp-json\/wp\/v2\/media\/1677036"}],"wp:attachment":[{"href":"https:\/\/greenspells.com\/lt\/wp-json\/wp\/v2\/media?parent=1677034"}],"wp:term":[{"taxonomy":"product_brand","embeddable":true,"href":"https:\/\/greenspells.com\/lt\/wp-json\/wp\/v2\/product_brand?post=1677034"},{"taxonomy":"product_cat","embeddable":true,"href":"https:\/\/greenspells.com\/lt\/wp-json\/wp\/v2\/product_cat?post=1677034"},{"taxonomy":"product_tag","embeddable":true,"href":"https:\/\/greenspells.com\/lt\/wp-json\/wp\/v2\/product_tag?post=1677034"}],"curies":[{"name":"wp","href":"https:\/\/api.w.org\/{rel}","templated":true}]}}