{"id":1677028,"date":"2026-02-27T08:34:23","date_gmt":"2026-02-27T06:34:23","guid":{"rendered":"https:\/\/greenspells.com\/?post_type=product&#038;p=1677028"},"modified":"2026-02-27T08:34:23","modified_gmt":"2026-02-27T06:34:23","slug":"luuv-softening-honey-shampoo","status":"publish","type":"product","link":"https:\/\/greenspells.com\/lt\/produktas\/luuv-softening-honey-shampoo\/","title":{"rendered":"LUUV <br> Mink\u0161tinamasis medaus \u0161amp\u016bnas"},"content":{"rendered":"<p>Nat\u016bralus medaus \u0161amp\u016bnas \u0161velniai plauna plaukus, suteikia jiems mink\u0161tumo ir palengvina i\u0161\u0161ukavim\u0105. Jis maitina plaukus nuo \u0161akn\u0173 iki galiuk\u0173, pad\u0117damas atkurti j\u0173 gyvybingum\u0105 ir nat\u016bral\u0173 gro\u017e\u012f.\n\nEkologi\u0161kas medaus ekstraktas suteikia plaukams \u0161ilkinio glotnumo ir padeda apsaugoti juos nuo \u017ealingo aplinkos poveikio. Ekologi\u0161kas mie\u017ei\u0173 ekstraktas skatina plauk\u0173 augim\u0105 bei suteikia nat\u016bralaus \u017evilgesio. Kvie\u010di\u0173 baltymai stiprina plaukus, gerina j\u0173 strukt\u016br\u0105 ir didina elastingum\u0105, tod\u0117l plaukai tampa atsparesni l\u016b\u017ein\u0117jimui.\n\n\u0160amp\u016bnas tinka vis\u0173 tip\u0173 plaukams, taip pat da\u017eytiems. Plaukai tampa \u0161veln\u016bs, lengvai i\u0161\u0161ukuojami ir maloniai kvepia sald\u017eiu medaus aromatu.<\/p>\n<ul>\n<li>\u0160amp\u016bnas tinka vis\u0173 tip\u0173 plaukams, taip pat da\u017eytiems.<\/li>\n<li>Mink\u0161tina ir apsaugo plaukus<\/li>\n<li>Suteikia \u0161velnumo ir glotnumo<\/li>\n<li>Gerina plauk\u0173 strukt\u016br\u0105 ir stiprina<\/li>\n<li>\u0160velnus medaus aromatas<\/li>\n<\/ul>\n<p><em><strong>Sud\u0117tis:<\/strong><\/em><\/p>\n<p>Aqua, Coco-Glucoside, Sodium Coco-Sulfate, Cocamidopropyl Betaine, Betaine, Citric Acid, Hydrolyzed Wheat Protein, Helianthus Annuus Seed Oil, Propolis (Bee glue) extract, Panthenol, Hordeum Vulgare (Barlay) Extract, Glyceryl Oleate, Guar Hydroxypropyltrimonium Chloride, Glycerin, Sodium Benzoate, Potassium Sorbate, Parfum<\/p>","protected":false},"excerpt":{"rendered":"<p>Natural honey shampoo makes the hair soft and easy to comb, nourishing the hair from roots to ends. Organic honey extract makes the hair silky and protects from environmental effects. Organic barley extract stimulates hair growth and gives shine. Wheat protein strengthens the hair and increases elasticity. Also suitable for colored hair. suitable for all [&hellip;]<\/p>\n","protected":false},"featured_media":1677033,"comment_status":"open","ping_status":"closed","template":"","meta":{"content-type":"","_monsterinsights_skip_tracking":false,"_monsterinsights_sitenote_active":false,"_monsterinsights_sitenote_note":"","_monsterinsights_sitenote_category":0,"_uf_show_specific_survey":0,"_uf_disable_surveys":false},"product_brand":[2069],"product_cat":[228,1433,229,15],"product_tag":[435,1419,2070,2138,237,968],"class_list":{"0":"post-1677028","1":"product","2":"type-product","3":"status-publish","4":"has-post-thumbnail","6":"product_brand-luuv","7":"product_cat-hair-care","8":"product_cat-naujienos","9":"product_cat-shampoo-bars","10":"product_cat-all-products","11":"product_tag-be-silikonu","12":"product_tag-be-sulfatu","13":"product_tag-luuv","14":"product_tag-minkstinantis-sampunas","15":"product_tag-natural-shampoo","16":"product_tag-naturalus-sampunas","18":"first","19":"instock","20":"taxable","21":"shipping-taxable","22":"purchasable","23":"product-type-simple"},"bundled_by":[],"bundle_stock_status":"instock","bundle_stock_quantity":null,"bundle_virtual":false,"bundle_layout":"","bundle_add_to_cart_form_location":"","bundle_editable_in_cart":false,"bundle_sold_individually_context":"","bundle_item_grouping":"","bundle_min_size":"","bundle_max_size":"","bundle_price":[],"bundled_items":[],"bundle_sell_ids":[],"group_of_quantity":0,"min_quantity":0,"max_quantity":"","exclude_order_quantity_value_rules":"no","exclude_category_quantity_rules":"no","combine_variations":"no","exclude_global_add_ons":[],"addons":[],"yoast_head":"<!-- This site is optimized with the Yoast SEO plugin v27.5 - https:\/\/yoast.com\/product\/yoast-seo-wordpress\/ -->\n<title>LUUV  Softening Honey-Shampoo - Greenspells<\/title>\n<meta name=\"description\" content=\"Nat\u016bralus medaus \u0161amp\u016bnas \u0161velniai plauna, mink\u0161tina ir stiprina plaukus. Su ekologi\u0161ku medumi, mie\u017eiais ir kvie\u010di\u0173 baltymais. Tinka vis\u0173 tip\u0173 plaukams.\" \/>\n<meta name=\"robots\" content=\"index, follow, max-snippet:-1, max-image-preview:large, max-video-preview:-1\" \/>\n<link rel=\"canonical\" href=\"https:\/\/greenspells.com\/lt\/produktas\/luuv-softening-honey-shampoo\/\" \/>\n<meta property=\"og:locale\" content=\"lt_LT\" \/>\n<meta property=\"og:type\" content=\"article\" \/>\n<meta property=\"og:title\" content=\"LUUV  Softening Honey-Shampoo - Greenspells\" \/>\n<meta property=\"og:description\" content=\"Nat\u016bralus medaus \u0161amp\u016bnas \u0161velniai plauna, mink\u0161tina ir stiprina plaukus. Su ekologi\u0161ku medumi, mie\u017eiais ir kvie\u010di\u0173 baltymais. Tinka vis\u0173 tip\u0173 plaukams.\" \/>\n<meta property=\"og:url\" content=\"https:\/\/greenspells.com\/lt\/produktas\/luuv-softening-honey-shampoo\/\" \/>\n<meta property=\"og:site_name\" content=\"Greenspells\" \/>\n<meta property=\"article:publisher\" content=\"https:\/\/www.facebook.com\/Greenspells\" \/>\n<meta property=\"og:image\" content=\"https:\/\/greenspells.com\/wp-content\/uploads\/2026\/02\/luuv_shampoo_honey.jpg\" \/>\n\t<meta property=\"og:image:width\" content=\"2048\" \/>\n\t<meta property=\"og:image:height\" content=\"2560\" \/>\n\t<meta property=\"og:image:type\" content=\"image\/jpeg\" \/>\n<meta name=\"twitter:card\" content=\"summary_large_image\" \/>\n<meta name=\"twitter:label1\" content=\"Est. reading time\" \/>\n\t<meta name=\"twitter:data1\" content=\"1 minut\u0117\" \/>\n<script type=\"application\/ld+json\" class=\"yoast-schema-graph\">{\"@context\":\"https:\\\/\\\/schema.org\",\"@graph\":[{\"@type\":\"WebPage\",\"@id\":\"https:\\\/\\\/greenspells.com\\\/product\\\/luuv-softening-honey-shampoo\\\/\",\"url\":\"https:\\\/\\\/greenspells.com\\\/product\\\/luuv-softening-honey-shampoo\\\/\",\"name\":\"LUUV Softening Honey-Shampoo - Greenspells\",\"isPartOf\":{\"@id\":\"https:\\\/\\\/greenspells.com\\\/#website\"},\"primaryImageOfPage\":{\"@id\":\"https:\\\/\\\/greenspells.com\\\/product\\\/luuv-softening-honey-shampoo\\\/#primaryimage\"},\"image\":{\"@id\":\"https:\\\/\\\/greenspells.com\\\/product\\\/luuv-softening-honey-shampoo\\\/#primaryimage\"},\"thumbnailUrl\":\"https:\\\/\\\/i0.wp.com\\\/greenspells.com\\\/wp-content\\\/uploads\\\/2026\\\/02\\\/luuv_shampoo_honey.jpg?fit=2048%2C2560&ssl=1\",\"datePublished\":\"2026-02-27T06:34:23+00:00\",\"description\":\"Nat\u016bralus medaus \u0161amp\u016bnas \u0161velniai plauna, mink\u0161tina ir stiprina plaukus. Su ekologi\u0161ku medumi, mie\u017eiais ir kvie\u010di\u0173 baltymais. Tinka vis\u0173 tip\u0173 plaukams.\",\"breadcrumb\":{\"@id\":\"https:\\\/\\\/greenspells.com\\\/product\\\/luuv-softening-honey-shampoo\\\/#breadcrumb\"},\"inLanguage\":\"lt-LT\",\"potentialAction\":[{\"@type\":\"ReadAction\",\"target\":[\"https:\\\/\\\/greenspells.com\\\/product\\\/luuv-softening-honey-shampoo\\\/\"]}]},{\"@type\":\"ImageObject\",\"inLanguage\":\"lt-LT\",\"@id\":\"https:\\\/\\\/greenspells.com\\\/product\\\/luuv-softening-honey-shampoo\\\/#primaryimage\",\"url\":\"https:\\\/\\\/i0.wp.com\\\/greenspells.com\\\/wp-content\\\/uploads\\\/2026\\\/02\\\/luuv_shampoo_honey.jpg?fit=2048%2C2560&ssl=1\",\"contentUrl\":\"https:\\\/\\\/i0.wp.com\\\/greenspells.com\\\/wp-content\\\/uploads\\\/2026\\\/02\\\/luuv_shampoo_honey.jpg?fit=2048%2C2560&ssl=1\",\"width\":2048,\"height\":2560,\"caption\":\"luuv honey shampoo\"},{\"@type\":\"BreadcrumbList\",\"@id\":\"https:\\\/\\\/greenspells.com\\\/product\\\/luuv-softening-honey-shampoo\\\/#breadcrumb\",\"itemListElement\":[{\"@type\":\"ListItem\",\"position\":1,\"name\":\"Home\",\"item\":\"https:\\\/\\\/greenspells.com\\\/\"},{\"@type\":\"ListItem\",\"position\":2,\"name\":\"Shop\",\"item\":\"https:\\\/\\\/greenspells.com\\\/shop\\\/\"},{\"@type\":\"ListItem\",\"position\":3,\"name\":\"LUUV Softening Honey-Shampoo\"}]},{\"@type\":\"WebSite\",\"@id\":\"https:\\\/\\\/greenspells.com\\\/#website\",\"url\":\"https:\\\/\\\/greenspells.com\\\/\",\"name\":\"Greenspells\",\"description\":\"Nat\u016brali ir ekologi\u0161ka kosmetika\",\"publisher\":{\"@id\":\"https:\\\/\\\/greenspells.com\\\/#organization\"},\"potentialAction\":[{\"@type\":\"SearchAction\",\"target\":{\"@type\":\"EntryPoint\",\"urlTemplate\":\"https:\\\/\\\/greenspells.com\\\/?s={search_term_string}\"},\"query-input\":{\"@type\":\"PropertyValueSpecification\",\"valueRequired\":true,\"valueName\":\"search_term_string\"}}],\"inLanguage\":\"lt-LT\"},{\"@type\":\"Organization\",\"@id\":\"https:\\\/\\\/greenspells.com\\\/#organization\",\"name\":\"Greenspells\",\"url\":\"https:\\\/\\\/greenspells.com\\\/\",\"logo\":{\"@type\":\"ImageObject\",\"inLanguage\":\"lt-LT\",\"@id\":\"https:\\\/\\\/greenspells.com\\\/#\\\/schema\\\/logo\\\/image\\\/\",\"url\":\"https:\\\/\\\/i0.wp.com\\\/greenspells.com\\\/wp-content\\\/uploads\\\/2020\\\/09\\\/20200722_153424_0000.png?fit=1500%2C1500&ssl=1\",\"contentUrl\":\"https:\\\/\\\/i0.wp.com\\\/greenspells.com\\\/wp-content\\\/uploads\\\/2020\\\/09\\\/20200722_153424_0000.png?fit=1500%2C1500&ssl=1\",\"width\":1500,\"height\":1500,\"caption\":\"Greenspells\"},\"image\":{\"@id\":\"https:\\\/\\\/greenspells.com\\\/#\\\/schema\\\/logo\\\/image\\\/\"},\"sameAs\":[\"https:\\\/\\\/www.facebook.com\\\/Greenspells\",\"https:\\\/\\\/www.instagram.com\\\/greenspells_store\\\/\"]}]}<\/script>\n<!-- \/ Yoast SEO plugin. -->","yoast_head_json":{"title":"LUUV  Softening Honey-Shampoo - Greenspells","description":"Nat\u016bralus medaus \u0161amp\u016bnas \u0161velniai plauna, mink\u0161tina ir stiprina plaukus. Su ekologi\u0161ku medumi, mie\u017eiais ir kvie\u010di\u0173 baltymais. Tinka vis\u0173 tip\u0173 plaukams.","robots":{"index":"index","follow":"follow","max-snippet":"max-snippet:-1","max-image-preview":"max-image-preview:large","max-video-preview":"max-video-preview:-1"},"canonical":"https:\/\/greenspells.com\/lt\/produktas\/luuv-softening-honey-shampoo\/","og_locale":"lt_LT","og_type":"article","og_title":"LUUV  Softening Honey-Shampoo - Greenspells","og_description":"Nat\u016bralus medaus \u0161amp\u016bnas \u0161velniai plauna, mink\u0161tina ir stiprina plaukus. Su ekologi\u0161ku medumi, mie\u017eiais ir kvie\u010di\u0173 baltymais. Tinka vis\u0173 tip\u0173 plaukams.","og_url":"https:\/\/greenspells.com\/lt\/produktas\/luuv-softening-honey-shampoo\/","og_site_name":"Greenspells","article_publisher":"https:\/\/www.facebook.com\/Greenspells","og_image":[{"width":2048,"height":2560,"url":"https:\/\/greenspells.com\/wp-content\/uploads\/2026\/02\/luuv_shampoo_honey.jpg","type":"image\/jpeg"}],"twitter_card":"summary_large_image","twitter_misc":{"Est. reading time":"1 minut\u0117"},"schema":{"@context":"https:\/\/schema.org","@graph":[{"@type":"WebPage","@id":"https:\/\/greenspells.com\/product\/luuv-softening-honey-shampoo\/","url":"https:\/\/greenspells.com\/product\/luuv-softening-honey-shampoo\/","name":"LUUV Softening Honey-Shampoo - Greenspells","isPartOf":{"@id":"https:\/\/greenspells.com\/#website"},"primaryImageOfPage":{"@id":"https:\/\/greenspells.com\/product\/luuv-softening-honey-shampoo\/#primaryimage"},"image":{"@id":"https:\/\/greenspells.com\/product\/luuv-softening-honey-shampoo\/#primaryimage"},"thumbnailUrl":"https:\/\/i0.wp.com\/greenspells.com\/wp-content\/uploads\/2026\/02\/luuv_shampoo_honey.jpg?fit=2048%2C2560&ssl=1","datePublished":"2026-02-27T06:34:23+00:00","description":"Nat\u016bralus medaus \u0161amp\u016bnas \u0161velniai plauna, mink\u0161tina ir stiprina plaukus. Su ekologi\u0161ku medumi, mie\u017eiais ir kvie\u010di\u0173 baltymais. Tinka vis\u0173 tip\u0173 plaukams.","breadcrumb":{"@id":"https:\/\/greenspells.com\/product\/luuv-softening-honey-shampoo\/#breadcrumb"},"inLanguage":"lt-LT","potentialAction":[{"@type":"ReadAction","target":["https:\/\/greenspells.com\/product\/luuv-softening-honey-shampoo\/"]}]},{"@type":"ImageObject","inLanguage":"lt-LT","@id":"https:\/\/greenspells.com\/product\/luuv-softening-honey-shampoo\/#primaryimage","url":"https:\/\/i0.wp.com\/greenspells.com\/wp-content\/uploads\/2026\/02\/luuv_shampoo_honey.jpg?fit=2048%2C2560&ssl=1","contentUrl":"https:\/\/i0.wp.com\/greenspells.com\/wp-content\/uploads\/2026\/02\/luuv_shampoo_honey.jpg?fit=2048%2C2560&ssl=1","width":2048,"height":2560,"caption":"luuv honey shampoo"},{"@type":"BreadcrumbList","@id":"https:\/\/greenspells.com\/product\/luuv-softening-honey-shampoo\/#breadcrumb","itemListElement":[{"@type":"ListItem","position":1,"name":"Home","item":"https:\/\/greenspells.com\/"},{"@type":"ListItem","position":2,"name":"Shop","item":"https:\/\/greenspells.com\/shop\/"},{"@type":"ListItem","position":3,"name":"LUUV Softening Honey-Shampoo"}]},{"@type":"WebSite","@id":"https:\/\/greenspells.com\/#website","url":"https:\/\/greenspells.com\/","name":"Greenspells","description":"Nat\u016brali ir ekologi\u0161ka kosmetika","publisher":{"@id":"https:\/\/greenspells.com\/#organization"},"potentialAction":[{"@type":"SearchAction","target":{"@type":"EntryPoint","urlTemplate":"https:\/\/greenspells.com\/?s={search_term_string}"},"query-input":{"@type":"PropertyValueSpecification","valueRequired":true,"valueName":"search_term_string"}}],"inLanguage":"lt-LT"},{"@type":"Organization","@id":"https:\/\/greenspells.com\/#organization","name":"Greenspells","url":"https:\/\/greenspells.com\/","logo":{"@type":"ImageObject","inLanguage":"lt-LT","@id":"https:\/\/greenspells.com\/#\/schema\/logo\/image\/","url":"https:\/\/i0.wp.com\/greenspells.com\/wp-content\/uploads\/2020\/09\/20200722_153424_0000.png?fit=1500%2C1500&ssl=1","contentUrl":"https:\/\/i0.wp.com\/greenspells.com\/wp-content\/uploads\/2020\/09\/20200722_153424_0000.png?fit=1500%2C1500&ssl=1","width":1500,"height":1500,"caption":"Greenspells"},"image":{"@id":"https:\/\/greenspells.com\/#\/schema\/logo\/image\/"},"sameAs":["https:\/\/www.facebook.com\/Greenspells","https:\/\/www.instagram.com\/greenspells_store\/"]}]}},"jetpack_likes_enabled":true,"jetpack_sharing_enabled":true,"_links":{"self":[{"href":"https:\/\/greenspells.com\/lt\/wp-json\/wp\/v2\/product\/1677028","targetHints":{"allow":["GET"]}}],"collection":[{"href":"https:\/\/greenspells.com\/lt\/wp-json\/wp\/v2\/product"}],"about":[{"href":"https:\/\/greenspells.com\/lt\/wp-json\/wp\/v2\/types\/product"}],"replies":[{"embeddable":true,"href":"https:\/\/greenspells.com\/lt\/wp-json\/wp\/v2\/comments?post=1677028"}],"wp:featuredmedia":[{"embeddable":true,"href":"https:\/\/greenspells.com\/lt\/wp-json\/wp\/v2\/media\/1677033"}],"wp:attachment":[{"href":"https:\/\/greenspells.com\/lt\/wp-json\/wp\/v2\/media?parent=1677028"}],"wp:term":[{"taxonomy":"product_brand","embeddable":true,"href":"https:\/\/greenspells.com\/lt\/wp-json\/wp\/v2\/product_brand?post=1677028"},{"taxonomy":"product_cat","embeddable":true,"href":"https:\/\/greenspells.com\/lt\/wp-json\/wp\/v2\/product_cat?post=1677028"},{"taxonomy":"product_tag","embeddable":true,"href":"https:\/\/greenspells.com\/lt\/wp-json\/wp\/v2\/product_tag?post=1677028"}],"curies":[{"name":"wp","href":"https:\/\/api.w.org\/{rel}","templated":true}]}}