{"id":1676725,"date":"2026-01-13T16:14:26","date_gmt":"2026-01-13T14:14:26","guid":{"rendered":"https:\/\/greenspells.com\/?post_type=product&#038;p=1676725"},"modified":"2026-03-16T11:20:50","modified_gmt":"2026-03-16T09:20:50","slug":"manucurist-nail-boost","status":"publish","type":"product","link":"https:\/\/greenspells.com\/lt\/produktas\/manucurist-nail-boost\/","title":{"rendered":"MANUCURIST <br> NAIL BOOST - maisto papildai nagams"},"content":{"rendered":"<p>Nail Boost maisto papildas nagams \u2013 koncentruota vitamin\u0173 ir nat\u016brali\u0173 veikli\u0173j\u0173 med\u017eiag\u0173 formul\u0117, skirta stiprinti nag\u0173 plok\u0161tel\u0119 ir skatinti greitesn\u012f nag\u0173 augim\u0105.<\/p>\n<ul>\n<li>Vartojimas\u00a0<strong>intensyviai prie\u017ei\u016brai<\/strong>- skirta silpniems, mink\u0161tiems, pa\u017eeistos i\u0161vaizdos nagams: 2 kapsul\u0117s per dien\u0105, 3 m\u0117nesius\n(1 d\u0117\u017eut\u0117 = 1 m\u0117nuo)<\/li>\n<li>Vartojimas\u00a0<strong>palaikomajai prie\u017ei\u016brai<\/strong>- nag\u0173 gyvybingumui palaikyti: 1 kapsul\u0117 per dien\u0105, 2 m\u0117nesius\n(1 d\u0117\u017eut\u0117 = 2 m\u0117nesiai)\nRekomenduojama kartoti 2 kartus per metus.<\/li>\n<\/ul>\n<p>Praturtintas\u00a0<strong>nat\u016bralios kilm\u0117s aktyviais ingredientais<\/strong>\u00a0Ir\u00a0<strong>vitaminais<\/strong>, \u0161is maisto papildas maitina nagus i\u0161 vidaus, padeda atkurti j\u0173 stiprum\u0105, lygum\u0105 ir atsparum\u0105. Reguliariai vartojant, nagai tampa tvirtesni, ma\u017eiau sluoksniuojasi ir atrodo sveikesni. Koncentruota augalin\u0117s kilm\u0117s formul\u0117,  kapsul\u0117se be glitimo.<\/p>\n<p>Grynasis kiekis: 60 kapsuli\u0173<\/p>\n<p><strong>Klini\u0161kai \u012frodyti rezultatai*:<\/strong><\/p>\n<ul>\n<li>+25 % dalyviai patvirtino greitesn\u012f nag\u0173 augim\u0105<\/li>\n<li>+79 % d\u017eiaug\u0117si lygesniais nagais<\/li>\n<li>+77 % pasteb\u0117jo didesn\u012f dr\u0117kinim\u0105<\/li>\n<li>+77 % patvirtino kietesnius nagus<\/li>\n<\/ul>\n<ul>\n<li>100 % dalyvi\u0173 pasteb\u0117jo ma\u017eesn\u012f nag\u0173 sluoksniavim\u0105si<\/li>\n<li>87 % pasteb\u0117jo i\u0161lyg\u0117jusias nag\u0173 vageles<\/li>\n<\/ul>\n<p>* Klinikinis tyrimas su 31 dalyviu, 3 m\u0117nesius vartojant po 2 kapsules per dien\u0105.<\/p>\n<p>Pagaminta Pranc\u016bzijoje.<\/p>\n<p><em><strong>Kaip naudoti?<\/strong><\/em><\/p>\n<ul>\n<li>Vartojimas\u00a0<strong>intensyviai prie\u017ei\u016brai<\/strong>- silpniems, mink\u0161tiems, pa\u017eeistos i\u0161vaizdos nagams: 2 kapsul\u0117s per dien\u0105, 3 m\u0117nesius\n(1 d\u0117\u017eut\u0117 = 1 m\u0117nuo)<\/li>\n<li>Vartojant\u00a0<strong>palaikomajai prie\u017ei\u016brai<\/strong>- nag\u0173 gyvybingumui palaikyti: 1 kapsul\u0117 per dien\u0105, 2 m\u0117nesius\n(1 d\u0117\u017eut\u0117 = 2 m\u0117nesiai)\nRekomenduojama kartoti 2 kartus per metus.<\/li>\n<\/ul>\n<p>Nurykite abi kapsules kartu, geriausia ryte, prie\u0161 valg\u012f. U\u017egerkite stikline vandens.<br \/>\nLaikyti sausoje, tamsioje vietoje, ne auk\u0161tesn\u0117je nei 25 \u00b0C temperat\u016broje.<br \/>\nNevir\u0161yti rekomenduojamos paros doz\u0117s.<br \/>\nTinka tik suaugusiems.<\/p>\n<p><strong>Vartojimo s\u0105lygos<\/strong>: 2 kapsul\u0117s per dien\u0105, praryti.<\/p>\n<p><span style=\"text-decoration: underline;\"><strong>\u012eSP\u0116JIMAI IR ATSARGUMO PRIEMON\u0116S:<\/strong><\/span> Nevir\u0161yti rekomenduojamos paros doz\u0117s.\n\nLaikyti vaikams nepasiekiamoje vietoje.\n\nMaisto papildas netur\u0117t\u0173 b\u016bti vartojamas kaip visavert\u0117s ir subalansuotos mitybos pakaitalas.\n\nLaikyti sausoje, tamsioje vietoje, ne auk\u0161tesn\u0117je nei 25 \u00b0C temperat\u016broje.<\/p>\n<p>NEREKOMENDUOJAMA:<\/p>\n<ul>\n<li>n\u0117\u0161\u010dioms, \u017eindan\u010dioms, menopauz\u0117s laikotarpiu esan\u010dioms moterims ar planuojan\u010dioms pastoti<\/li>\n<li>asmenims, sergantiems ligomis, susijusiomis su per dideliu gele\u017eies kaupimusi (pvz., hemochromatoze, policitemija)<\/li>\n<li>esant tul\u017eies tak\u0173 sutrikimams ar tul\u017eies latak\u0173 nepraeinamumui<\/li>\n<li>vartojantiems antikoaguliantus, prie\u0161v\u0117\u017einius ar imunosupresinius vaistus.<\/li>\n<\/ul>\n<p>Produkte esantis kurkuminas gali slopinti trombocit\u0173 agregacij\u0105. Jei vartojate krauj\u0105 skystinan\u010dius vaistus, pasitarkite su gydytoju arba vaistininku.\nLaikykite sausoje, v\u0117sioje vietoje, saugant nuo tiesiogini\u0173 saul\u0117s spinduli\u0173, kambario temperat\u016broje.<\/p>\n<p><strong>Teisin\u0117 informacija:<\/strong><\/p>\n<p>Maisto papildas su vitaminais, mineralais, augalin\u0117mis med\u017eiagomis, miel\u0117mis ir L-cisteinu.<\/p>\n<p>Ingredient\u0173 s\u0105ra\u0161as pateikiamas pagal ES reglament\u0105 Nr. 1169\/2011.<\/p>\n<p>&nbsp;<\/p>\n<p><img data-recalc-dims=\"1\" decoding=\"async\" src=\"https:\/\/i0.wp.com\/www.manucurist.com\/cdn\/shop\/files\/EN-UK_479e233b-5056-415d-b25d-3e69cca27753.jpg?w=980&#038;ssl=1\" \/><\/p>\n<p><em><strong>Sud\u0117tis:<\/strong><\/em><\/p>\n<p>CARBONATE DE MAGN\u00c9SIUM ; G\u00c9LULE D\u2019ORIGINE V\u00c9G\u00c9TALE (HYDROXYPROPYLM\u00c9THYLCELLULOSE); L-CYST\u00c9INE ; GLUCONATE DE FER; LEVURE NUTRITIONNELLE (SACCHAROMYCES CEREVISIAE) ; VITAMINE C ; EXTRAIT DE CURCUMA (CUR- CUMA LONGA) ; MALTODEXTRINE; CITRATE DE ZINC ; POUDRE DE MYRTILLE (VACCINIUM MYRTILLUS) ; VITAMINE A ; ANTI-AGGLO- M\u00c9RANT : SELS DE MAGN\u00c9SIUM D\u2019ACIDES GRAS ; GLUCONATE DE CUIVRE; VITAMINES : B2, B6, B8, B9; S\u00c9L\u00c9NITE DE SODIUM<\/p>","protected":false},"excerpt":{"rendered":"<p>Concentrated in\u00a0vitamins\u00a0and\u00a0natural active ingredients, the Nail Boost dietary supplements\u00a0strengthen\u00a0the nail plate over time and\u00a0accelerates\u00a0nail growth. As an\u00a0intensive care routine, for soft, weak and damaged-looking nails: 2 capsules per day, for 3 months (1 box = 1 month). As an\u00a0maintenance care routine, to boost nails&#8217; vitality : 1 capsule per day, for 2 months (1 box [&hellip;]<\/p>","protected":false},"featured_media":1676734,"comment_status":"open","ping_status":"closed","template":"","meta":{"content-type":"","_monsterinsights_skip_tracking":false,"_monsterinsights_sitenote_active":false,"_monsterinsights_sitenote_note":"","_monsterinsights_sitenote_category":0,"_uf_show_specific_survey":0,"_uf_disable_surveys":false},"product_brand":[1907],"product_cat":[1803,1905,1887,1433,1446,15],"product_tag":[2131,1912,1913,2132,2129,2128,2133,1954,1952,2130],"class_list":{"0":"post-1676725","1":"product","2":"type-product","3":"status-publish","4":"has-post-thumbnail","6":"product_brand-manucurist","7":"product_cat-greenspells-dovanu-idejos","8":"product_cat-nail-care","9":"product_cat-greenspells-nails","10":"product_cat-naujienos","11":"product_cat-other-2","12":"product_cat-all-products","13":"product_tag-maisto-papildai","14":"product_tag-manucurist","15":"product_tag-nagu-prieziura","16":"product_tag-nagu-stiprinimas","17":"product_tag-nail-boost","18":"product_tag-nail-vitamins","19":"product_tag-naturalus-papildai","20":"product_tag-naturalus-nagai","21":"product_tag-stiprus-nagai","22":"product_tag-vitaminai-nagams","24":"first","25":"instock","26":"taxable","27":"shipping-taxable","28":"purchasable","29":"product-type-simple"},"bundled_by":[],"bundle_stock_status":"instock","bundle_stock_quantity":null,"bundle_virtual":false,"bundle_layout":"","bundle_add_to_cart_form_location":"","bundle_editable_in_cart":false,"bundle_sold_individually_context":"","bundle_item_grouping":"","bundle_min_size":"","bundle_max_size":"","bundle_price":[],"bundled_items":[],"bundle_sell_ids":[],"group_of_quantity":0,"min_quantity":0,"max_quantity":"","exclude_order_quantity_value_rules":"no","exclude_category_quantity_rules":"no","combine_variations":"no","exclude_global_add_ons":[],"addons":[],"yoast_head":"<!-- This site is optimized with the Yoast SEO plugin v27.3 - https:\/\/yoast.com\/product\/yoast-seo-wordpress\/ -->\n<title>MANUCURIST  Nail Boost - Greenspells<\/title>\n<meta name=\"description\" content=\"Nail Boost \u2013 maisto papildas nagams su vitaminais ir nat\u016braliais aktyviaisiais ingredientais. Stiprina nagus, skatina augim\u0105. 60 kapsuli\u0173, pagaminta Pranc\u016bzijoje.\" \/>\n<meta name=\"robots\" content=\"index, follow, max-snippet:-1, max-image-preview:large, max-video-preview:-1\" \/>\n<link rel=\"canonical\" href=\"https:\/\/greenspells.com\/lt\/produktas\/manucurist-nail-boost\/\" \/>\n<meta property=\"og:locale\" content=\"lt_LT\" \/>\n<meta property=\"og:type\" content=\"article\" \/>\n<meta property=\"og:title\" content=\"MANUCURIST  Nail Boost - Greenspells\" \/>\n<meta property=\"og:description\" content=\"Nail Boost \u2013 maisto papildas nagams su vitaminais ir nat\u016braliais aktyviaisiais ingredientais. Stiprina nagus, skatina augim\u0105. 60 kapsuli\u0173, pagaminta Pranc\u016bzijoje.\" \/>\n<meta property=\"og:url\" content=\"https:\/\/greenspells.com\/lt\/produktas\/manucurist-nail-boost\/\" \/>\n<meta property=\"og:site_name\" content=\"Greenspells\" \/>\n<meta property=\"article:publisher\" content=\"https:\/\/www.facebook.com\/Greenspells\" \/>\n<meta property=\"article:modified_time\" content=\"2026-03-16T09:20:50+00:00\" \/>\n<meta property=\"og:image\" content=\"https:\/\/greenspells.com\/wp-content\/uploads\/2026\/01\/vitaminai.webp\" \/>\n\t<meta property=\"og:image:width\" content=\"1780\" \/>\n\t<meta property=\"og:image:height\" content=\"1780\" \/>\n\t<meta property=\"og:image:type\" content=\"image\/webp\" \/>\n<meta name=\"twitter:card\" content=\"summary_large_image\" \/>\n<meta name=\"twitter:label1\" content=\"Est. reading time\" \/>\n\t<meta name=\"twitter:data1\" content=\"3 minut\u0117s\" \/>\n<script type=\"application\/ld+json\" class=\"yoast-schema-graph\">{\"@context\":\"https:\\\/\\\/schema.org\",\"@graph\":[{\"@type\":\"WebPage\",\"@id\":\"https:\\\/\\\/greenspells.com\\\/product\\\/manucurist-nail-boost\\\/\",\"url\":\"https:\\\/\\\/greenspells.com\\\/product\\\/manucurist-nail-boost\\\/\",\"name\":\"MANUCURIST Nail Boost - Greenspells\",\"isPartOf\":{\"@id\":\"https:\\\/\\\/greenspells.com\\\/#website\"},\"primaryImageOfPage\":{\"@id\":\"https:\\\/\\\/greenspells.com\\\/product\\\/manucurist-nail-boost\\\/#primaryimage\"},\"image\":{\"@id\":\"https:\\\/\\\/greenspells.com\\\/product\\\/manucurist-nail-boost\\\/#primaryimage\"},\"thumbnailUrl\":\"https:\\\/\\\/i0.wp.com\\\/greenspells.com\\\/wp-content\\\/uploads\\\/2026\\\/01\\\/vitaminai.webp?fit=1780%2C1780&ssl=1\",\"datePublished\":\"2026-01-13T14:14:26+00:00\",\"dateModified\":\"2026-03-16T09:20:50+00:00\",\"description\":\"Nail Boost \u2013 maisto papildas nagams su vitaminais ir nat\u016braliais aktyviaisiais ingredientais. Stiprina nagus, skatina augim\u0105. 60 kapsuli\u0173, pagaminta Pranc\u016bzijoje.\",\"breadcrumb\":{\"@id\":\"https:\\\/\\\/greenspells.com\\\/product\\\/manucurist-nail-boost\\\/#breadcrumb\"},\"inLanguage\":\"lt-LT\",\"potentialAction\":[{\"@type\":\"ReadAction\",\"target\":[\"https:\\\/\\\/greenspells.com\\\/product\\\/manucurist-nail-boost\\\/\"]}]},{\"@type\":\"ImageObject\",\"inLanguage\":\"lt-LT\",\"@id\":\"https:\\\/\\\/greenspells.com\\\/product\\\/manucurist-nail-boost\\\/#primaryimage\",\"url\":\"https:\\\/\\\/i0.wp.com\\\/greenspells.com\\\/wp-content\\\/uploads\\\/2026\\\/01\\\/vitaminai.webp?fit=1780%2C1780&ssl=1\",\"contentUrl\":\"https:\\\/\\\/i0.wp.com\\\/greenspells.com\\\/wp-content\\\/uploads\\\/2026\\\/01\\\/vitaminai.webp?fit=1780%2C1780&ssl=1\",\"width\":1780,\"height\":1780,\"caption\":\"MANUCURIST Nail Boost vitamins\"},{\"@type\":\"BreadcrumbList\",\"@id\":\"https:\\\/\\\/greenspells.com\\\/product\\\/manucurist-nail-boost\\\/#breadcrumb\",\"itemListElement\":[{\"@type\":\"ListItem\",\"position\":1,\"name\":\"Home\",\"item\":\"https:\\\/\\\/greenspells.com\\\/\"},{\"@type\":\"ListItem\",\"position\":2,\"name\":\"Shop\",\"item\":\"https:\\\/\\\/greenspells.com\\\/shop\\\/\"},{\"@type\":\"ListItem\",\"position\":3,\"name\":\"MANUCURIST Nail Boost\"}]},{\"@type\":\"WebSite\",\"@id\":\"https:\\\/\\\/greenspells.com\\\/#website\",\"url\":\"https:\\\/\\\/greenspells.com\\\/\",\"name\":\"Greenspells\",\"description\":\"Nat\u016brali ir ekologi\u0161ka kosmetika\",\"publisher\":{\"@id\":\"https:\\\/\\\/greenspells.com\\\/#organization\"},\"potentialAction\":[{\"@type\":\"SearchAction\",\"target\":{\"@type\":\"EntryPoint\",\"urlTemplate\":\"https:\\\/\\\/greenspells.com\\\/?s={search_term_string}\"},\"query-input\":{\"@type\":\"PropertyValueSpecification\",\"valueRequired\":true,\"valueName\":\"search_term_string\"}}],\"inLanguage\":\"lt-LT\"},{\"@type\":\"Organization\",\"@id\":\"https:\\\/\\\/greenspells.com\\\/#organization\",\"name\":\"Greenspells\",\"url\":\"https:\\\/\\\/greenspells.com\\\/\",\"logo\":{\"@type\":\"ImageObject\",\"inLanguage\":\"lt-LT\",\"@id\":\"https:\\\/\\\/greenspells.com\\\/#\\\/schema\\\/logo\\\/image\\\/\",\"url\":\"https:\\\/\\\/i0.wp.com\\\/greenspells.com\\\/wp-content\\\/uploads\\\/2020\\\/09\\\/20200722_153424_0000.png?fit=1500%2C1500&ssl=1\",\"contentUrl\":\"https:\\\/\\\/i0.wp.com\\\/greenspells.com\\\/wp-content\\\/uploads\\\/2020\\\/09\\\/20200722_153424_0000.png?fit=1500%2C1500&ssl=1\",\"width\":1500,\"height\":1500,\"caption\":\"Greenspells\"},\"image\":{\"@id\":\"https:\\\/\\\/greenspells.com\\\/#\\\/schema\\\/logo\\\/image\\\/\"},\"sameAs\":[\"https:\\\/\\\/www.facebook.com\\\/Greenspells\",\"https:\\\/\\\/www.instagram.com\\\/greenspells_store\\\/\"]}]}<\/script>\n<!-- \/ Yoast SEO plugin. -->","yoast_head_json":{"title":"MANUCURIST  Nail Boost - Greenspells","description":"Nail Boost \u2013 maisto papildas nagams su vitaminais ir nat\u016braliais aktyviaisiais ingredientais. Stiprina nagus, skatina augim\u0105. 60 kapsuli\u0173, pagaminta Pranc\u016bzijoje.","robots":{"index":"index","follow":"follow","max-snippet":"max-snippet:-1","max-image-preview":"max-image-preview:large","max-video-preview":"max-video-preview:-1"},"canonical":"https:\/\/greenspells.com\/lt\/produktas\/manucurist-nail-boost\/","og_locale":"lt_LT","og_type":"article","og_title":"MANUCURIST  Nail Boost - Greenspells","og_description":"Nail Boost \u2013 maisto papildas nagams su vitaminais ir nat\u016braliais aktyviaisiais ingredientais. Stiprina nagus, skatina augim\u0105. 60 kapsuli\u0173, pagaminta Pranc\u016bzijoje.","og_url":"https:\/\/greenspells.com\/lt\/produktas\/manucurist-nail-boost\/","og_site_name":"Greenspells","article_publisher":"https:\/\/www.facebook.com\/Greenspells","article_modified_time":"2026-03-16T09:20:50+00:00","og_image":[{"width":1780,"height":1780,"url":"https:\/\/greenspells.com\/wp-content\/uploads\/2026\/01\/vitaminai.webp","type":"image\/webp"}],"twitter_card":"summary_large_image","twitter_misc":{"Est. reading time":"3 minut\u0117s"},"schema":{"@context":"https:\/\/schema.org","@graph":[{"@type":"WebPage","@id":"https:\/\/greenspells.com\/product\/manucurist-nail-boost\/","url":"https:\/\/greenspells.com\/product\/manucurist-nail-boost\/","name":"MANUCURIST Nail Boost - Greenspells","isPartOf":{"@id":"https:\/\/greenspells.com\/#website"},"primaryImageOfPage":{"@id":"https:\/\/greenspells.com\/product\/manucurist-nail-boost\/#primaryimage"},"image":{"@id":"https:\/\/greenspells.com\/product\/manucurist-nail-boost\/#primaryimage"},"thumbnailUrl":"https:\/\/i0.wp.com\/greenspells.com\/wp-content\/uploads\/2026\/01\/vitaminai.webp?fit=1780%2C1780&ssl=1","datePublished":"2026-01-13T14:14:26+00:00","dateModified":"2026-03-16T09:20:50+00:00","description":"Nail Boost \u2013 maisto papildas nagams su vitaminais ir nat\u016braliais aktyviaisiais ingredientais. Stiprina nagus, skatina augim\u0105. 60 kapsuli\u0173, pagaminta Pranc\u016bzijoje.","breadcrumb":{"@id":"https:\/\/greenspells.com\/product\/manucurist-nail-boost\/#breadcrumb"},"inLanguage":"lt-LT","potentialAction":[{"@type":"ReadAction","target":["https:\/\/greenspells.com\/product\/manucurist-nail-boost\/"]}]},{"@type":"ImageObject","inLanguage":"lt-LT","@id":"https:\/\/greenspells.com\/product\/manucurist-nail-boost\/#primaryimage","url":"https:\/\/i0.wp.com\/greenspells.com\/wp-content\/uploads\/2026\/01\/vitaminai.webp?fit=1780%2C1780&ssl=1","contentUrl":"https:\/\/i0.wp.com\/greenspells.com\/wp-content\/uploads\/2026\/01\/vitaminai.webp?fit=1780%2C1780&ssl=1","width":1780,"height":1780,"caption":"MANUCURIST Nail Boost vitamins"},{"@type":"BreadcrumbList","@id":"https:\/\/greenspells.com\/product\/manucurist-nail-boost\/#breadcrumb","itemListElement":[{"@type":"ListItem","position":1,"name":"Home","item":"https:\/\/greenspells.com\/"},{"@type":"ListItem","position":2,"name":"Shop","item":"https:\/\/greenspells.com\/shop\/"},{"@type":"ListItem","position":3,"name":"MANUCURIST Nail Boost"}]},{"@type":"WebSite","@id":"https:\/\/greenspells.com\/#website","url":"https:\/\/greenspells.com\/","name":"Greenspells","description":"Nat\u016brali ir ekologi\u0161ka kosmetika","publisher":{"@id":"https:\/\/greenspells.com\/#organization"},"potentialAction":[{"@type":"SearchAction","target":{"@type":"EntryPoint","urlTemplate":"https:\/\/greenspells.com\/?s={search_term_string}"},"query-input":{"@type":"PropertyValueSpecification","valueRequired":true,"valueName":"search_term_string"}}],"inLanguage":"lt-LT"},{"@type":"Organization","@id":"https:\/\/greenspells.com\/#organization","name":"Greenspells","url":"https:\/\/greenspells.com\/","logo":{"@type":"ImageObject","inLanguage":"lt-LT","@id":"https:\/\/greenspells.com\/#\/schema\/logo\/image\/","url":"https:\/\/i0.wp.com\/greenspells.com\/wp-content\/uploads\/2020\/09\/20200722_153424_0000.png?fit=1500%2C1500&ssl=1","contentUrl":"https:\/\/i0.wp.com\/greenspells.com\/wp-content\/uploads\/2020\/09\/20200722_153424_0000.png?fit=1500%2C1500&ssl=1","width":1500,"height":1500,"caption":"Greenspells"},"image":{"@id":"https:\/\/greenspells.com\/#\/schema\/logo\/image\/"},"sameAs":["https:\/\/www.facebook.com\/Greenspells","https:\/\/www.instagram.com\/greenspells_store\/"]}]}},"jetpack_likes_enabled":true,"jetpack_sharing_enabled":true,"_links":{"self":[{"href":"https:\/\/greenspells.com\/lt\/wp-json\/wp\/v2\/product\/1676725","targetHints":{"allow":["GET"]}}],"collection":[{"href":"https:\/\/greenspells.com\/lt\/wp-json\/wp\/v2\/product"}],"about":[{"href":"https:\/\/greenspells.com\/lt\/wp-json\/wp\/v2\/types\/product"}],"replies":[{"embeddable":true,"href":"https:\/\/greenspells.com\/lt\/wp-json\/wp\/v2\/comments?post=1676725"}],"wp:featuredmedia":[{"embeddable":true,"href":"https:\/\/greenspells.com\/lt\/wp-json\/wp\/v2\/media\/1676734"}],"wp:attachment":[{"href":"https:\/\/greenspells.com\/lt\/wp-json\/wp\/v2\/media?parent=1676725"}],"wp:term":[{"taxonomy":"product_brand","embeddable":true,"href":"https:\/\/greenspells.com\/lt\/wp-json\/wp\/v2\/product_brand?post=1676725"},{"taxonomy":"product_cat","embeddable":true,"href":"https:\/\/greenspells.com\/lt\/wp-json\/wp\/v2\/product_cat?post=1676725"},{"taxonomy":"product_tag","embeddable":true,"href":"https:\/\/greenspells.com\/lt\/wp-json\/wp\/v2\/product_tag?post=1676725"}],"curies":[{"name":"wp","href":"https:\/\/api.w.org\/{rel}","templated":true}]}}