{"id":1676525,"date":"2025-12-12T11:06:46","date_gmt":"2025-12-12T09:06:46","guid":{"rendered":"https:\/\/greenspells.com\/?post_type=product&#038;p=1676525"},"modified":"2026-04-08T15:37:30","modified_gmt":"2026-04-08T13:37:30","slug":"luuv-natural-carrot-dry-oil-with-aloe-vera","status":"publish","type":"product","link":"https:\/\/greenspells.com\/lt\/produktas\/luuv-natural-carrot-dry-oil-with-aloe-vera\/","title":{"rendered":"LUUV <br> Nat\u016bralus sausas mork\u0173 aliejus <br> Su alijo\u0161iumi"},"content":{"rendered":"<p>Nat\u016bralus odos spindesys be saul\u0117s voni\u0173 ar savaiminio \u012fdegio? Taip \u2013 su LUUV Mork\u0173 sausuoju aliejumi tai visi\u0161kai \u012fmanoma!<\/p>\n<p>\u0160is sausasis aliejus yra tikra nat\u016brali vitamin\u0173 bomba, kuri giliai dr\u0117kina od\u0105, atkuria jos \u0161vyt\u0117jim\u0105 ir elastingum\u0105. Mork\u0173 aliejuje esantys vitaminas A ir beta karotenas suteikia odai sveik\u0105, gra\u017e\u0173 atspalv\u012f be \u012fdegio. Aliejus taip pat praturtintas antioksidantais ir vitaminu E, padedan\u010diais i\u0161laikyti jaunatvi\u0161k\u0105 odos i\u0161vaizd\u0105. Alavijas ramina, ma\u017eina sudirgimus ir palaiko ilgalaik\u012f dr\u0117gm\u0117s balans\u0105.<\/p>\n<p>Sausasis aliejus pasi\u017eymi gelio tipo tekst\u016bra, kuri lengvai pasiskirsto, greitai susigeria ir nepalieka riebumo ar lipnumo poj\u016b\u010dio. Gaivus citrus\u0173 aromatas suteikia malon\u0173, atpalaiduojant\u012f poj\u016bt\u012f. LUUV Mork\u0173 Sausasis Aliejus tinka vis\u0173 tip\u0173 odai, nekem\u0161a por\u0173 ir yra puikus pasirinkimas kasdienei odos prie\u017ei\u016brai. Nat\u016bralus, vegani\u0161kas ir sudarytas tik i\u0161 ger\u0173j\u0173 ingredient\u0173 \u2013 tikras \u0161velnumo bei spindesio \u0161altinis.<\/p>\n<div class=\"fusion-title title fusion-title-2 fusion-sep-none fusion-title-text fusion-title-size-three\">\n<h3 class=\"fusion-title-heading title-heading-left fusion-responsive-typography-calculated\" data-fontsize=\"28\" data-lineheight=\"35px\">Mork\u0173 sausasis aliejus \u2013 idealus \u012fdegio palaikytojas<\/h3>\n<\/div>\n<div class=\"fusion-text fusion-text-29 fusion-text-no-margin\">\n<p>Alavijo pagrindu sukurti sausieji aliejai turi maloni\u0105 gelio tekst\u016br\u0105 ir greitai susigeria. Jie akivaizd\u017eiai pagerina odos atspalv\u012f ir suteikia jai gra\u017e\u0173, dr\u0117gn\u0105 \u0161vyt\u0117jim\u0105. \u0160iame \u017evilgan\u010diame sausajame aliejuje esanti nat\u016brali fair trade mica sukuria subtil\u0173 bei eleganti\u0161k\u0105 blizges\u012f, kuris nekenkia nei odai, nei aplinkai.<\/p>\n<\/div>\n<p><em><strong>Kaip naudoti?<\/strong><\/em><\/p>\n<p>Tepkite tinkam\u0105 kiek\u012f ant \u0161varios odos. Tinka kasdieniam naudojimui, vis\u0173 tip\u0173 odai.<\/p>\n<p><em><strong>Sud\u0117tis:<\/strong><\/em><\/p>\n<p>Aqua, Dunaliella Salina Extract, Helianthus Annuus Seed Oil, Aloe Barbadensis Leaf Juice, Citrus Reticulata (Mandarin Oil), Citrus Sinensis (Orange Oil), Xanthan Gum, Triethyl Citrate, Sodium benzoate, Potassium sorbate, Glyceryl Caprylate, Citric Acid, Benzoic Acid, Parfum, Citral, Limonene, Linalool<\/p>\n<p>100% vegan<\/p>","protected":false},"excerpt":{"rendered":"<p>Natural radiant complexion without sunbathing or self-tanners? Yes, with LUUV Carrot Dry Oil, it\u2019s possible! This dry oil is a natural vitamin bomb that deeply moisturizes your skin and restores its radiance and elasticity. The vitamin A and beta-carotene in carrot oil give your skin a beautiful healthy glow without tanning it. The dry oil [&hellip;]<\/p>","protected":false},"featured_media":1676528,"comment_status":"open","ping_status":"closed","template":"","meta":{"content-type":"","_monsterinsights_skip_tracking":false,"_monsterinsights_sitenote_active":false,"_monsterinsights_sitenote_note":"","_monsterinsights_sitenote_category":0,"_uf_show_specific_survey":0,"_uf_disable_surveys":false},"product_brand":[2069],"product_cat":[137,141,123,15],"product_tag":[2117,2070,2119,2118,439],"class_list":{"0":"post-1676525","1":"product","2":"type-product","3":"status-publish","4":"has-post-thumbnail","6":"product_brand-luuv","7":"product_cat-bath-and-body","8":"product_cat-hand-body-lotions","9":"product_cat-tanning-products","10":"product_cat-all-products","11":"product_tag-dry-oil","12":"product_tag-luuv","13":"product_tag-morku-aliejus","14":"product_tag-sausas-kuno-aliejus","15":"product_tag-savaiminis-idegis","17":"first","18":"instock","19":"taxable","20":"shipping-taxable","21":"purchasable","22":"product-type-simple"},"bundled_by":[],"bundle_stock_status":"instock","bundle_stock_quantity":null,"bundle_virtual":false,"bundle_layout":"","bundle_add_to_cart_form_location":"","bundle_editable_in_cart":false,"bundle_sold_individually_context":"","bundle_item_grouping":"","bundle_min_size":"","bundle_max_size":"","bundle_price":[],"bundled_items":[],"bundle_sell_ids":[],"group_of_quantity":0,"min_quantity":0,"max_quantity":"","exclude_order_quantity_value_rules":"no","exclude_category_quantity_rules":"no","combine_variations":"no","exclude_global_add_ons":[],"addons":[],"yoast_head":"<!-- This site is optimized with the Yoast SEO plugin v27.3 - https:\/\/yoast.com\/product\/yoast-seo-wordpress\/ -->\n<title>LUUV  Natural Carrot Dry Oil  With Aloe Vera - Greenspells<\/title>\n<meta name=\"description\" content=\"Nat\u016bralus LUUV mork\u0173 sausasis aliejus su alaviju \u2013 dr\u0117kina, suteikia sveik\u0105 \u0161vyt\u0117jim\u0105 ir palaiko \u012fdeg\u012f. Greitai susigeria, vegani\u0161kas, su subtiliu \u017e\u0117ru\u010diu.\" \/>\n<meta name=\"robots\" content=\"index, follow, max-snippet:-1, max-image-preview:large, max-video-preview:-1\" \/>\n<link rel=\"canonical\" href=\"https:\/\/greenspells.com\/lt\/produktas\/luuv-natural-carrot-dry-oil-with-aloe-vera\/\" \/>\n<meta property=\"og:locale\" content=\"lt_LT\" \/>\n<meta property=\"og:type\" content=\"article\" \/>\n<meta property=\"og:title\" content=\"LUUV  Natural Carrot Dry Oil  With Aloe Vera - Greenspells\" \/>\n<meta property=\"og:description\" content=\"Nat\u016bralus LUUV mork\u0173 sausasis aliejus su alaviju \u2013 dr\u0117kina, suteikia sveik\u0105 \u0161vyt\u0117jim\u0105 ir palaiko \u012fdeg\u012f. Greitai susigeria, vegani\u0161kas, su subtiliu \u017e\u0117ru\u010diu.\" \/>\n<meta property=\"og:url\" content=\"https:\/\/greenspells.com\/lt\/produktas\/luuv-natural-carrot-dry-oil-with-aloe-vera\/\" \/>\n<meta property=\"og:site_name\" content=\"Greenspells\" \/>\n<meta property=\"article:publisher\" content=\"https:\/\/www.facebook.com\/Greenspells\" \/>\n<meta property=\"article:modified_time\" content=\"2026-04-08T13:37:30+00:00\" \/>\n<meta property=\"og:image\" content=\"https:\/\/greenspells.com\/wp-content\/uploads\/2025\/12\/kodulehele.png\" \/>\n\t<meta property=\"og:image:width\" content=\"407\" \/>\n\t<meta property=\"og:image:height\" content=\"520\" \/>\n\t<meta property=\"og:image:type\" content=\"image\/png\" \/>\n<meta name=\"twitter:card\" content=\"summary_large_image\" \/>\n<meta name=\"twitter:label1\" content=\"Est. reading time\" \/>\n\t<meta name=\"twitter:data1\" content=\"2 minut\u0117s\" \/>\n<script type=\"application\/ld+json\" class=\"yoast-schema-graph\">{\"@context\":\"https:\\\/\\\/schema.org\",\"@graph\":[{\"@type\":\"WebPage\",\"@id\":\"https:\\\/\\\/greenspells.com\\\/product\\\/luuv-natural-carrot-dry-oil-with-aloe-vera\\\/\",\"url\":\"https:\\\/\\\/greenspells.com\\\/product\\\/luuv-natural-carrot-dry-oil-with-aloe-vera\\\/\",\"name\":\"LUUV Natural Carrot Dry Oil With Aloe Vera - Greenspells\",\"isPartOf\":{\"@id\":\"https:\\\/\\\/greenspells.com\\\/#website\"},\"primaryImageOfPage\":{\"@id\":\"https:\\\/\\\/greenspells.com\\\/product\\\/luuv-natural-carrot-dry-oil-with-aloe-vera\\\/#primaryimage\"},\"image\":{\"@id\":\"https:\\\/\\\/greenspells.com\\\/product\\\/luuv-natural-carrot-dry-oil-with-aloe-vera\\\/#primaryimage\"},\"thumbnailUrl\":\"https:\\\/\\\/i0.wp.com\\\/greenspells.com\\\/wp-content\\\/uploads\\\/2025\\\/12\\\/kodulehele.png?fit=407%2C520&ssl=1\",\"datePublished\":\"2025-12-12T09:06:46+00:00\",\"dateModified\":\"2026-04-08T13:37:30+00:00\",\"description\":\"Nat\u016bralus LUUV mork\u0173 sausasis aliejus su alaviju \u2013 dr\u0117kina, suteikia sveik\u0105 \u0161vyt\u0117jim\u0105 ir palaiko \u012fdeg\u012f. Greitai susigeria, vegani\u0161kas, su subtiliu \u017e\u0117ru\u010diu.\",\"breadcrumb\":{\"@id\":\"https:\\\/\\\/greenspells.com\\\/product\\\/luuv-natural-carrot-dry-oil-with-aloe-vera\\\/#breadcrumb\"},\"inLanguage\":\"lt-LT\",\"potentialAction\":[{\"@type\":\"ReadAction\",\"target\":[\"https:\\\/\\\/greenspells.com\\\/product\\\/luuv-natural-carrot-dry-oil-with-aloe-vera\\\/\"]}]},{\"@type\":\"ImageObject\",\"inLanguage\":\"lt-LT\",\"@id\":\"https:\\\/\\\/greenspells.com\\\/product\\\/luuv-natural-carrot-dry-oil-with-aloe-vera\\\/#primaryimage\",\"url\":\"https:\\\/\\\/i0.wp.com\\\/greenspells.com\\\/wp-content\\\/uploads\\\/2025\\\/12\\\/kodulehele.png?fit=407%2C520&ssl=1\",\"contentUrl\":\"https:\\\/\\\/i0.wp.com\\\/greenspells.com\\\/wp-content\\\/uploads\\\/2025\\\/12\\\/kodulehele.png?fit=407%2C520&ssl=1\",\"width\":407,\"height\":520,\"caption\":\"luuv carrot oil\"},{\"@type\":\"BreadcrumbList\",\"@id\":\"https:\\\/\\\/greenspells.com\\\/product\\\/luuv-natural-carrot-dry-oil-with-aloe-vera\\\/#breadcrumb\",\"itemListElement\":[{\"@type\":\"ListItem\",\"position\":1,\"name\":\"Home\",\"item\":\"https:\\\/\\\/greenspells.com\\\/\"},{\"@type\":\"ListItem\",\"position\":2,\"name\":\"Shop\",\"item\":\"https:\\\/\\\/greenspells.com\\\/shop\\\/\"},{\"@type\":\"ListItem\",\"position\":3,\"name\":\"LUUV Natural Carrot Dry Oil With Aloe Vera\"}]},{\"@type\":\"WebSite\",\"@id\":\"https:\\\/\\\/greenspells.com\\\/#website\",\"url\":\"https:\\\/\\\/greenspells.com\\\/\",\"name\":\"Greenspells\",\"description\":\"Nat\u016brali ir ekologi\u0161ka kosmetika\",\"publisher\":{\"@id\":\"https:\\\/\\\/greenspells.com\\\/#organization\"},\"potentialAction\":[{\"@type\":\"SearchAction\",\"target\":{\"@type\":\"EntryPoint\",\"urlTemplate\":\"https:\\\/\\\/greenspells.com\\\/?s={search_term_string}\"},\"query-input\":{\"@type\":\"PropertyValueSpecification\",\"valueRequired\":true,\"valueName\":\"search_term_string\"}}],\"inLanguage\":\"lt-LT\"},{\"@type\":\"Organization\",\"@id\":\"https:\\\/\\\/greenspells.com\\\/#organization\",\"name\":\"Greenspells\",\"url\":\"https:\\\/\\\/greenspells.com\\\/\",\"logo\":{\"@type\":\"ImageObject\",\"inLanguage\":\"lt-LT\",\"@id\":\"https:\\\/\\\/greenspells.com\\\/#\\\/schema\\\/logo\\\/image\\\/\",\"url\":\"https:\\\/\\\/i0.wp.com\\\/greenspells.com\\\/wp-content\\\/uploads\\\/2020\\\/09\\\/20200722_153424_0000.png?fit=1500%2C1500&ssl=1\",\"contentUrl\":\"https:\\\/\\\/i0.wp.com\\\/greenspells.com\\\/wp-content\\\/uploads\\\/2020\\\/09\\\/20200722_153424_0000.png?fit=1500%2C1500&ssl=1\",\"width\":1500,\"height\":1500,\"caption\":\"Greenspells\"},\"image\":{\"@id\":\"https:\\\/\\\/greenspells.com\\\/#\\\/schema\\\/logo\\\/image\\\/\"},\"sameAs\":[\"https:\\\/\\\/www.facebook.com\\\/Greenspells\",\"https:\\\/\\\/www.instagram.com\\\/greenspells_store\\\/\"]}]}<\/script>\n<!-- \/ Yoast SEO plugin. -->","yoast_head_json":{"title":"LUUV  Natural Carrot Dry Oil  With Aloe Vera - Greenspells","description":"Nat\u016bralus LUUV mork\u0173 sausasis aliejus su alaviju \u2013 dr\u0117kina, suteikia sveik\u0105 \u0161vyt\u0117jim\u0105 ir palaiko \u012fdeg\u012f. Greitai susigeria, vegani\u0161kas, su subtiliu \u017e\u0117ru\u010diu.","robots":{"index":"index","follow":"follow","max-snippet":"max-snippet:-1","max-image-preview":"max-image-preview:large","max-video-preview":"max-video-preview:-1"},"canonical":"https:\/\/greenspells.com\/lt\/produktas\/luuv-natural-carrot-dry-oil-with-aloe-vera\/","og_locale":"lt_LT","og_type":"article","og_title":"LUUV  Natural Carrot Dry Oil  With Aloe Vera - Greenspells","og_description":"Nat\u016bralus LUUV mork\u0173 sausasis aliejus su alaviju \u2013 dr\u0117kina, suteikia sveik\u0105 \u0161vyt\u0117jim\u0105 ir palaiko \u012fdeg\u012f. Greitai susigeria, vegani\u0161kas, su subtiliu \u017e\u0117ru\u010diu.","og_url":"https:\/\/greenspells.com\/lt\/produktas\/luuv-natural-carrot-dry-oil-with-aloe-vera\/","og_site_name":"Greenspells","article_publisher":"https:\/\/www.facebook.com\/Greenspells","article_modified_time":"2026-04-08T13:37:30+00:00","og_image":[{"width":407,"height":520,"url":"https:\/\/greenspells.com\/wp-content\/uploads\/2025\/12\/kodulehele.png","type":"image\/png"}],"twitter_card":"summary_large_image","twitter_misc":{"Est. reading time":"2 minut\u0117s"},"schema":{"@context":"https:\/\/schema.org","@graph":[{"@type":"WebPage","@id":"https:\/\/greenspells.com\/product\/luuv-natural-carrot-dry-oil-with-aloe-vera\/","url":"https:\/\/greenspells.com\/product\/luuv-natural-carrot-dry-oil-with-aloe-vera\/","name":"LUUV Natural Carrot Dry Oil With Aloe Vera - Greenspells","isPartOf":{"@id":"https:\/\/greenspells.com\/#website"},"primaryImageOfPage":{"@id":"https:\/\/greenspells.com\/product\/luuv-natural-carrot-dry-oil-with-aloe-vera\/#primaryimage"},"image":{"@id":"https:\/\/greenspells.com\/product\/luuv-natural-carrot-dry-oil-with-aloe-vera\/#primaryimage"},"thumbnailUrl":"https:\/\/i0.wp.com\/greenspells.com\/wp-content\/uploads\/2025\/12\/kodulehele.png?fit=407%2C520&ssl=1","datePublished":"2025-12-12T09:06:46+00:00","dateModified":"2026-04-08T13:37:30+00:00","description":"Nat\u016bralus LUUV mork\u0173 sausasis aliejus su alaviju \u2013 dr\u0117kina, suteikia sveik\u0105 \u0161vyt\u0117jim\u0105 ir palaiko \u012fdeg\u012f. Greitai susigeria, vegani\u0161kas, su subtiliu \u017e\u0117ru\u010diu.","breadcrumb":{"@id":"https:\/\/greenspells.com\/product\/luuv-natural-carrot-dry-oil-with-aloe-vera\/#breadcrumb"},"inLanguage":"lt-LT","potentialAction":[{"@type":"ReadAction","target":["https:\/\/greenspells.com\/product\/luuv-natural-carrot-dry-oil-with-aloe-vera\/"]}]},{"@type":"ImageObject","inLanguage":"lt-LT","@id":"https:\/\/greenspells.com\/product\/luuv-natural-carrot-dry-oil-with-aloe-vera\/#primaryimage","url":"https:\/\/i0.wp.com\/greenspells.com\/wp-content\/uploads\/2025\/12\/kodulehele.png?fit=407%2C520&ssl=1","contentUrl":"https:\/\/i0.wp.com\/greenspells.com\/wp-content\/uploads\/2025\/12\/kodulehele.png?fit=407%2C520&ssl=1","width":407,"height":520,"caption":"luuv carrot oil"},{"@type":"BreadcrumbList","@id":"https:\/\/greenspells.com\/product\/luuv-natural-carrot-dry-oil-with-aloe-vera\/#breadcrumb","itemListElement":[{"@type":"ListItem","position":1,"name":"Home","item":"https:\/\/greenspells.com\/"},{"@type":"ListItem","position":2,"name":"Shop","item":"https:\/\/greenspells.com\/shop\/"},{"@type":"ListItem","position":3,"name":"LUUV Natural Carrot Dry Oil With Aloe Vera"}]},{"@type":"WebSite","@id":"https:\/\/greenspells.com\/#website","url":"https:\/\/greenspells.com\/","name":"Greenspells","description":"Nat\u016brali ir ekologi\u0161ka kosmetika","publisher":{"@id":"https:\/\/greenspells.com\/#organization"},"potentialAction":[{"@type":"SearchAction","target":{"@type":"EntryPoint","urlTemplate":"https:\/\/greenspells.com\/?s={search_term_string}"},"query-input":{"@type":"PropertyValueSpecification","valueRequired":true,"valueName":"search_term_string"}}],"inLanguage":"lt-LT"},{"@type":"Organization","@id":"https:\/\/greenspells.com\/#organization","name":"Greenspells","url":"https:\/\/greenspells.com\/","logo":{"@type":"ImageObject","inLanguage":"lt-LT","@id":"https:\/\/greenspells.com\/#\/schema\/logo\/image\/","url":"https:\/\/i0.wp.com\/greenspells.com\/wp-content\/uploads\/2020\/09\/20200722_153424_0000.png?fit=1500%2C1500&ssl=1","contentUrl":"https:\/\/i0.wp.com\/greenspells.com\/wp-content\/uploads\/2020\/09\/20200722_153424_0000.png?fit=1500%2C1500&ssl=1","width":1500,"height":1500,"caption":"Greenspells"},"image":{"@id":"https:\/\/greenspells.com\/#\/schema\/logo\/image\/"},"sameAs":["https:\/\/www.facebook.com\/Greenspells","https:\/\/www.instagram.com\/greenspells_store\/"]}]}},"jetpack_likes_enabled":true,"jetpack_sharing_enabled":true,"_links":{"self":[{"href":"https:\/\/greenspells.com\/lt\/wp-json\/wp\/v2\/product\/1676525","targetHints":{"allow":["GET"]}}],"collection":[{"href":"https:\/\/greenspells.com\/lt\/wp-json\/wp\/v2\/product"}],"about":[{"href":"https:\/\/greenspells.com\/lt\/wp-json\/wp\/v2\/types\/product"}],"replies":[{"embeddable":true,"href":"https:\/\/greenspells.com\/lt\/wp-json\/wp\/v2\/comments?post=1676525"}],"wp:featuredmedia":[{"embeddable":true,"href":"https:\/\/greenspells.com\/lt\/wp-json\/wp\/v2\/media\/1676528"}],"wp:attachment":[{"href":"https:\/\/greenspells.com\/lt\/wp-json\/wp\/v2\/media?parent=1676525"}],"wp:term":[{"taxonomy":"product_brand","embeddable":true,"href":"https:\/\/greenspells.com\/lt\/wp-json\/wp\/v2\/product_brand?post=1676525"},{"taxonomy":"product_cat","embeddable":true,"href":"https:\/\/greenspells.com\/lt\/wp-json\/wp\/v2\/product_cat?post=1676525"},{"taxonomy":"product_tag","embeddable":true,"href":"https:\/\/greenspells.com\/lt\/wp-json\/wp\/v2\/product_tag?post=1676525"}],"curies":[{"name":"wp","href":"https:\/\/api.w.org\/{rel}","templated":true}]}}