{"id":1676514,"date":"2025-12-12T10:39:52","date_gmt":"2025-12-12T08:39:52","guid":{"rendered":"https:\/\/greenspells.com\/?post_type=product&#038;p=1676514"},"modified":"2025-12-12T10:39:53","modified_gmt":"2025-12-12T08:39:53","slug":"luuv-sea-buckthorn-body-scrub","status":"publish","type":"product","link":"https:\/\/greenspells.com\/lt\/produktas\/luuv-sea-buckthorn-body-scrub\/","title":{"rendered":"LUUV <br> Nat\u016bralus \u0160altalanki\u0173 K\u016bno \u0160veitiklis"},"content":{"rendered":"<p>Nat\u016bralus \u0160altalanki\u0173 k\u016bno \u0161veitiklis \u2013 tikras odos puosel\u0117jimo malonumas, suteikiantis spindin\u010di\u0105, aksominio \u0161velnumo od\u0105.<\/p>\n<p>\u0160is k\u016bno \u0161veitiklis sukurtas taip, kad pasir\u016bpint\u0173 j\u016bs\u0173 oda maksimaliai \u0161velniai, bet veiksmingai. Prisotintas nat\u016brali\u0173 \u0161altalanki\u0173 ger\u0173j\u0173 savybi\u0173 ir praturtintas \u0161vei\u010dian\u010diosiomis dalel\u0117mis, jis veikia keliais b\u016bdais: \u0161velniai pa\u0161alina pavargusias, negyvas odos l\u0105steles, atskleisdamas skaistesn\u012f, gyvybing\u0105 odos atspalv\u012f \u2013 ir visa tai nedirgindamas jautrios odos.<\/p>\n<p>Tikroji produkto vert\u0117 slypi dr\u0117kinan\u010diuose augaliniuose aliejuose. \u012emasa\u017euojant \u0161veitikl\u012f \u012f od\u0105, aliejai intensyviai maitina ir dr\u0117kina, palikdami od\u0105 \u0161ilkin\u0119 ir nepaprastai \u0161velni\u0105. Gaivus apelsin\u0173 ir mandarin\u0173 eterini\u0173 aliej\u0173 aromatas ne tik pa\u017eadina od\u0105, bet ir pakelia nuotaik\u0105 \u2013 j\u016bs\u0173 du\u0161o rutina tampa energizuojan\u010diu, gaivinan\u010diu potyriu.<\/p>\n<p>ECOCERT \/ COSMOS sertifikatas u\u017etikrina, kad \u0161is k\u016bno \u0161veitiklis sukurtas atsakingai, laikantis auk\u0161\u010diausi\u0173 ekologijos standart\u0173. Tai gro\u017eio ritualas, kuris yra ir veiksmingas, ir draugi\u0161kas gamtai.<\/p>\n<p>Atskleiskite \u0161velnumo prabang\u0105, atsinaujinimo poj\u016bt\u012f ir gaiv\u0173 citrusin\u012f aromat\u0105 \u2013 visa tai telpa viename LUUV Nat\u016braliame \u0160altalanki\u0173 k\u016bno \u0161veitiklyje.<\/p>\n<p><em><strong>Pagrindiniai ingredientai<\/strong><\/em><\/p>\n<p>Tikras odos supermaistas. Tai tir\u0161tas oran\u017einis aliejus, i\u0161gaunamas i\u0161 \u0161altalanki\u0173 uog\u0173, s\u0117kl\u0173 ir lap\u0173. Ypa\u010d turtingas vitaminu C, antioksidantais ir riebiosiomis r\u016bg\u0161timis.<\/p>\n<p>Nauda odai:<br \/>\n<strong>Dr\u0117kina ir maitina:<\/strong>\u00a0Praturtina od\u0105 omega 3, 6, 7 ir 9 r\u016bg\u0161timis, padeda i\u0161laikyti dr\u0117gm\u0119.<br \/>\n<strong>Gausu vitamin\u0173, suteikia \u0161vyt\u0117jimo:<\/strong>\u00a0didelis vitamino C kiekis skaistina ir tolygina odos atspalv\u012f.<br \/>\n<strong>Anti-age efektas:<\/strong>\u00a0antioksidantai (vitaminai C, E, beta karotenas) padeda apsaugoti od\u0105 nuo laisv\u0173j\u0173 radikal\u0173 ir suteikia jaunatvi\u0161k\u0105 i\u0161vaizd\u0105.<\/p>\n<p><strong>Mork\u0173 aliejus (s\u0117kly\u010di\u0173)<\/strong>\u00a0Turtingas beta karotenu ir vitaminu A, suteikia odai sveik\u0105, \u0161vytint\u012f atspalv\u012f. Visada naudojamas praskiestas, nes yra itin intensyvus. Nat\u016bralus SPF siekia apie 10 (d\u0117l praskiedimo).<\/p>\n<p>Ry\u017ei\u0173 \u0161vei\u010dian\u010diosios dalel\u0117s<strong>\u00a0-<\/strong>\u00a0100 % nat\u016bralios ir ekologi\u0161kos \u2013 be plastiko!\nDalel\u0117s nebrai\u017eo odos, ta\u010diau pakankamai stiprios, kad veiksmingai pa\u0161alint\u0173 negyvas l\u0105steles. Visi\u0161kai saugios gamtai \u2013 lengvai suyran\u010dios.<\/p>\n<p><em><strong>Kaip naudoti?<\/strong><\/em><\/p>\n<p>Naudokite 1 kart\u0105 per savait\u0119, kad oda i\u0161likt\u0173 lygi, \u0161velni ir glotni.\nPuikus pasirinkimas prie\u0161 savaimin\u012f \u012fdeg\u012f \u2013 padeda pasiekti tolyg\u0173, vienod\u0105 rezultat\u0105.<\/p>\n<p><em><strong>Sud\u0117tis:<\/strong><\/em><\/p>\n<p>Aqua, Oryza Sativa (Rice) Powder, Glycerin, Dunaliella Salina Extract, Helianthus Annus Seed Oil, Coco-Glucoside, Glyceryl Oleate, Xanthan gum, Hippophae Rhamnoides (Sea Buckthorn) oil, Citrus Aurantium Dulcis (Orange) Oil, Citrus Nobilis Peel (Mandarin) Oil, Citric Acid, Sodium benzoate, Potassium Sorbate, Aroma, Citral, Linalool, Limonene<\/p>\n<p>Natural origin: 99,75%<br \/>\n100% vegan<\/p>","protected":false},"excerpt":{"rendered":"<p>Natural Seabuckthorn Body Scrub \u2013 your ultimate skincare indulgence for radiant, velvety-soft skin. This body scrub is expertly formulated to provide your skin with the care it truly deserves. Infused with the goodness of sea buckthorn and enriched with exfoliating particles, it offers a multi-dimensional approach to skincare. It gently removes dull, lifeless skin cells, [&hellip;]<\/p>\n","protected":false},"featured_media":1676518,"comment_status":"open","ping_status":"closed","template":"","meta":{"content-type":"","_monsterinsights_skip_tracking":false,"_monsterinsights_sitenote_active":false,"_monsterinsights_sitenote_note":"","_monsterinsights_sitenote_category":0,"_uf_show_specific_survey":0,"_uf_disable_surveys":false},"product_brand":[2069],"product_cat":[137,140,1433,15],"product_tag":[494,2070,2114,2113,461,651],"class_list":{"0":"post-1676514","1":"product","2":"type-product","3":"status-publish","4":"has-post-thumbnail","6":"product_brand-luuv","7":"product_cat-bath-and-body","8":"product_cat-shower-and-bath","9":"product_cat-naujienos","10":"product_cat-all-products","11":"product_tag-greenspells","12":"product_tag-luuv","13":"product_tag-naturalus-kuno-sveitiklis","14":"product_tag-natural-body-scrub","15":"product_tag-naturali-kosmetika","16":"product_tag-sveitiklis-kunui","18":"first","19":"instock","20":"taxable","21":"shipping-taxable","22":"purchasable","23":"product-type-simple"},"bundled_by":[],"bundle_stock_status":"instock","bundle_stock_quantity":null,"bundle_virtual":false,"bundle_layout":"","bundle_add_to_cart_form_location":"","bundle_editable_in_cart":false,"bundle_sold_individually_context":"","bundle_item_grouping":"","bundle_min_size":"","bundle_max_size":"","bundle_price":[],"bundled_items":[],"bundle_sell_ids":[],"group_of_quantity":0,"min_quantity":0,"max_quantity":"","exclude_order_quantity_value_rules":"no","exclude_category_quantity_rules":"no","combine_variations":"no","exclude_global_add_ons":[],"addons":[],"yoast_head":"<!-- This site is optimized with the Yoast SEO plugin v27.4 - https:\/\/yoast.com\/product\/yoast-seo-wordpress\/ -->\n<title>LUUV  Sea Buckthorn Body Scrub - Greenspells<\/title>\n<meta name=\"description\" content=\"Nat\u016bralus \u0161altalanki\u0173 k\u016bno \u0161veitiklis LUUV \u2013 glotni, \u0161velni ir skaisti oda. Ry\u017ei\u0173 dalel\u0117s, augaliniai aliejai, citrus\u0173 aromatas. 99,75 % nat\u016bralus.\" \/>\n<meta name=\"robots\" content=\"index, follow, max-snippet:-1, max-image-preview:large, max-video-preview:-1\" \/>\n<link rel=\"canonical\" href=\"https:\/\/greenspells.com\/lt\/produktas\/luuv-sea-buckthorn-body-scrub\/\" \/>\n<meta property=\"og:locale\" content=\"lt_LT\" \/>\n<meta property=\"og:type\" content=\"article\" \/>\n<meta property=\"og:title\" content=\"LUUV  Sea Buckthorn Body Scrub - Greenspells\" \/>\n<meta property=\"og:description\" content=\"Nat\u016bralus \u0161altalanki\u0173 k\u016bno \u0161veitiklis LUUV \u2013 glotni, \u0161velni ir skaisti oda. Ry\u017ei\u0173 dalel\u0117s, augaliniai aliejai, citrus\u0173 aromatas. 99,75 % nat\u016bralus.\" \/>\n<meta property=\"og:url\" content=\"https:\/\/greenspells.com\/lt\/produktas\/luuv-sea-buckthorn-body-scrub\/\" \/>\n<meta property=\"og:site_name\" content=\"Greenspells\" \/>\n<meta property=\"article:publisher\" content=\"https:\/\/www.facebook.com\/Greenspells\" \/>\n<meta property=\"article:modified_time\" content=\"2025-12-12T08:39:53+00:00\" \/>\n<meta property=\"og:image\" content=\"https:\/\/greenspells.com\/wp-content\/uploads\/2025\/12\/luuv_energizing_scrub.jpg\" \/>\n\t<meta property=\"og:image:width\" content=\"2048\" \/>\n\t<meta property=\"og:image:height\" content=\"2560\" \/>\n\t<meta property=\"og:image:type\" content=\"image\/jpeg\" \/>\n<meta name=\"twitter:card\" content=\"summary_large_image\" \/>\n<meta name=\"twitter:label1\" content=\"Est. reading time\" \/>\n\t<meta name=\"twitter:data1\" content=\"3 minut\u0117s\" \/>\n<script type=\"application\/ld+json\" class=\"yoast-schema-graph\">{\"@context\":\"https:\\\/\\\/schema.org\",\"@graph\":[{\"@type\":\"WebPage\",\"@id\":\"https:\\\/\\\/greenspells.com\\\/product\\\/luuv-sea-buckthorn-body-scrub\\\/\",\"url\":\"https:\\\/\\\/greenspells.com\\\/product\\\/luuv-sea-buckthorn-body-scrub\\\/\",\"name\":\"LUUV Sea Buckthorn Body Scrub - Greenspells\",\"isPartOf\":{\"@id\":\"https:\\\/\\\/greenspells.com\\\/#website\"},\"primaryImageOfPage\":{\"@id\":\"https:\\\/\\\/greenspells.com\\\/product\\\/luuv-sea-buckthorn-body-scrub\\\/#primaryimage\"},\"image\":{\"@id\":\"https:\\\/\\\/greenspells.com\\\/product\\\/luuv-sea-buckthorn-body-scrub\\\/#primaryimage\"},\"thumbnailUrl\":\"https:\\\/\\\/i0.wp.com\\\/greenspells.com\\\/wp-content\\\/uploads\\\/2025\\\/12\\\/luuv_energizing_scrub.jpg?fit=2048%2C2560&ssl=1\",\"datePublished\":\"2025-12-12T08:39:52+00:00\",\"dateModified\":\"2025-12-12T08:39:53+00:00\",\"description\":\"Nat\u016bralus \u0161altalanki\u0173 k\u016bno \u0161veitiklis LUUV \u2013 glotni, \u0161velni ir skaisti oda. Ry\u017ei\u0173 dalel\u0117s, augaliniai aliejai, citrus\u0173 aromatas. 99,75 % nat\u016bralus.\",\"breadcrumb\":{\"@id\":\"https:\\\/\\\/greenspells.com\\\/product\\\/luuv-sea-buckthorn-body-scrub\\\/#breadcrumb\"},\"inLanguage\":\"lt-LT\",\"potentialAction\":[{\"@type\":\"ReadAction\",\"target\":[\"https:\\\/\\\/greenspells.com\\\/product\\\/luuv-sea-buckthorn-body-scrub\\\/\"]}]},{\"@type\":\"ImageObject\",\"inLanguage\":\"lt-LT\",\"@id\":\"https:\\\/\\\/greenspells.com\\\/product\\\/luuv-sea-buckthorn-body-scrub\\\/#primaryimage\",\"url\":\"https:\\\/\\\/i0.wp.com\\\/greenspells.com\\\/wp-content\\\/uploads\\\/2025\\\/12\\\/luuv_energizing_scrub.jpg?fit=2048%2C2560&ssl=1\",\"contentUrl\":\"https:\\\/\\\/i0.wp.com\\\/greenspells.com\\\/wp-content\\\/uploads\\\/2025\\\/12\\\/luuv_energizing_scrub.jpg?fit=2048%2C2560&ssl=1\",\"width\":2048,\"height\":2560,\"caption\":\"luuv body scrub\"},{\"@type\":\"BreadcrumbList\",\"@id\":\"https:\\\/\\\/greenspells.com\\\/product\\\/luuv-sea-buckthorn-body-scrub\\\/#breadcrumb\",\"itemListElement\":[{\"@type\":\"ListItem\",\"position\":1,\"name\":\"Home\",\"item\":\"https:\\\/\\\/greenspells.com\\\/\"},{\"@type\":\"ListItem\",\"position\":2,\"name\":\"Shop\",\"item\":\"https:\\\/\\\/greenspells.com\\\/shop\\\/\"},{\"@type\":\"ListItem\",\"position\":3,\"name\":\"LUUV Sea Buckthorn Body Scrub\"}]},{\"@type\":\"WebSite\",\"@id\":\"https:\\\/\\\/greenspells.com\\\/#website\",\"url\":\"https:\\\/\\\/greenspells.com\\\/\",\"name\":\"Greenspells\",\"description\":\"Nat\u016brali ir ekologi\u0161ka kosmetika\",\"publisher\":{\"@id\":\"https:\\\/\\\/greenspells.com\\\/#organization\"},\"potentialAction\":[{\"@type\":\"SearchAction\",\"target\":{\"@type\":\"EntryPoint\",\"urlTemplate\":\"https:\\\/\\\/greenspells.com\\\/?s={search_term_string}\"},\"query-input\":{\"@type\":\"PropertyValueSpecification\",\"valueRequired\":true,\"valueName\":\"search_term_string\"}}],\"inLanguage\":\"lt-LT\"},{\"@type\":\"Organization\",\"@id\":\"https:\\\/\\\/greenspells.com\\\/#organization\",\"name\":\"Greenspells\",\"url\":\"https:\\\/\\\/greenspells.com\\\/\",\"logo\":{\"@type\":\"ImageObject\",\"inLanguage\":\"lt-LT\",\"@id\":\"https:\\\/\\\/greenspells.com\\\/#\\\/schema\\\/logo\\\/image\\\/\",\"url\":\"https:\\\/\\\/i0.wp.com\\\/greenspells.com\\\/wp-content\\\/uploads\\\/2020\\\/09\\\/20200722_153424_0000.png?fit=1500%2C1500&ssl=1\",\"contentUrl\":\"https:\\\/\\\/i0.wp.com\\\/greenspells.com\\\/wp-content\\\/uploads\\\/2020\\\/09\\\/20200722_153424_0000.png?fit=1500%2C1500&ssl=1\",\"width\":1500,\"height\":1500,\"caption\":\"Greenspells\"},\"image\":{\"@id\":\"https:\\\/\\\/greenspells.com\\\/#\\\/schema\\\/logo\\\/image\\\/\"},\"sameAs\":[\"https:\\\/\\\/www.facebook.com\\\/Greenspells\",\"https:\\\/\\\/www.instagram.com\\\/greenspells_store\\\/\"]}]}<\/script>\n<!-- \/ Yoast SEO plugin. -->","yoast_head_json":{"title":"LUUV  Sea Buckthorn Body Scrub - Greenspells","description":"Nat\u016bralus \u0161altalanki\u0173 k\u016bno \u0161veitiklis LUUV \u2013 glotni, \u0161velni ir skaisti oda. Ry\u017ei\u0173 dalel\u0117s, augaliniai aliejai, citrus\u0173 aromatas. 99,75 % nat\u016bralus.","robots":{"index":"index","follow":"follow","max-snippet":"max-snippet:-1","max-image-preview":"max-image-preview:large","max-video-preview":"max-video-preview:-1"},"canonical":"https:\/\/greenspells.com\/lt\/produktas\/luuv-sea-buckthorn-body-scrub\/","og_locale":"lt_LT","og_type":"article","og_title":"LUUV  Sea Buckthorn Body Scrub - Greenspells","og_description":"Nat\u016bralus \u0161altalanki\u0173 k\u016bno \u0161veitiklis LUUV \u2013 glotni, \u0161velni ir skaisti oda. Ry\u017ei\u0173 dalel\u0117s, augaliniai aliejai, citrus\u0173 aromatas. 99,75 % nat\u016bralus.","og_url":"https:\/\/greenspells.com\/lt\/produktas\/luuv-sea-buckthorn-body-scrub\/","og_site_name":"Greenspells","article_publisher":"https:\/\/www.facebook.com\/Greenspells","article_modified_time":"2025-12-12T08:39:53+00:00","og_image":[{"width":2048,"height":2560,"url":"https:\/\/greenspells.com\/wp-content\/uploads\/2025\/12\/luuv_energizing_scrub.jpg","type":"image\/jpeg"}],"twitter_card":"summary_large_image","twitter_misc":{"Est. reading time":"3 minut\u0117s"},"schema":{"@context":"https:\/\/schema.org","@graph":[{"@type":"WebPage","@id":"https:\/\/greenspells.com\/product\/luuv-sea-buckthorn-body-scrub\/","url":"https:\/\/greenspells.com\/product\/luuv-sea-buckthorn-body-scrub\/","name":"LUUV Sea Buckthorn Body Scrub - Greenspells","isPartOf":{"@id":"https:\/\/greenspells.com\/#website"},"primaryImageOfPage":{"@id":"https:\/\/greenspells.com\/product\/luuv-sea-buckthorn-body-scrub\/#primaryimage"},"image":{"@id":"https:\/\/greenspells.com\/product\/luuv-sea-buckthorn-body-scrub\/#primaryimage"},"thumbnailUrl":"https:\/\/i0.wp.com\/greenspells.com\/wp-content\/uploads\/2025\/12\/luuv_energizing_scrub.jpg?fit=2048%2C2560&ssl=1","datePublished":"2025-12-12T08:39:52+00:00","dateModified":"2025-12-12T08:39:53+00:00","description":"Nat\u016bralus \u0161altalanki\u0173 k\u016bno \u0161veitiklis LUUV \u2013 glotni, \u0161velni ir skaisti oda. Ry\u017ei\u0173 dalel\u0117s, augaliniai aliejai, citrus\u0173 aromatas. 99,75 % nat\u016bralus.","breadcrumb":{"@id":"https:\/\/greenspells.com\/product\/luuv-sea-buckthorn-body-scrub\/#breadcrumb"},"inLanguage":"lt-LT","potentialAction":[{"@type":"ReadAction","target":["https:\/\/greenspells.com\/product\/luuv-sea-buckthorn-body-scrub\/"]}]},{"@type":"ImageObject","inLanguage":"lt-LT","@id":"https:\/\/greenspells.com\/product\/luuv-sea-buckthorn-body-scrub\/#primaryimage","url":"https:\/\/i0.wp.com\/greenspells.com\/wp-content\/uploads\/2025\/12\/luuv_energizing_scrub.jpg?fit=2048%2C2560&ssl=1","contentUrl":"https:\/\/i0.wp.com\/greenspells.com\/wp-content\/uploads\/2025\/12\/luuv_energizing_scrub.jpg?fit=2048%2C2560&ssl=1","width":2048,"height":2560,"caption":"luuv body scrub"},{"@type":"BreadcrumbList","@id":"https:\/\/greenspells.com\/product\/luuv-sea-buckthorn-body-scrub\/#breadcrumb","itemListElement":[{"@type":"ListItem","position":1,"name":"Home","item":"https:\/\/greenspells.com\/"},{"@type":"ListItem","position":2,"name":"Shop","item":"https:\/\/greenspells.com\/shop\/"},{"@type":"ListItem","position":3,"name":"LUUV Sea Buckthorn Body Scrub"}]},{"@type":"WebSite","@id":"https:\/\/greenspells.com\/#website","url":"https:\/\/greenspells.com\/","name":"Greenspells","description":"Nat\u016brali ir ekologi\u0161ka kosmetika","publisher":{"@id":"https:\/\/greenspells.com\/#organization"},"potentialAction":[{"@type":"SearchAction","target":{"@type":"EntryPoint","urlTemplate":"https:\/\/greenspells.com\/?s={search_term_string}"},"query-input":{"@type":"PropertyValueSpecification","valueRequired":true,"valueName":"search_term_string"}}],"inLanguage":"lt-LT"},{"@type":"Organization","@id":"https:\/\/greenspells.com\/#organization","name":"Greenspells","url":"https:\/\/greenspells.com\/","logo":{"@type":"ImageObject","inLanguage":"lt-LT","@id":"https:\/\/greenspells.com\/#\/schema\/logo\/image\/","url":"https:\/\/i0.wp.com\/greenspells.com\/wp-content\/uploads\/2020\/09\/20200722_153424_0000.png?fit=1500%2C1500&ssl=1","contentUrl":"https:\/\/i0.wp.com\/greenspells.com\/wp-content\/uploads\/2020\/09\/20200722_153424_0000.png?fit=1500%2C1500&ssl=1","width":1500,"height":1500,"caption":"Greenspells"},"image":{"@id":"https:\/\/greenspells.com\/#\/schema\/logo\/image\/"},"sameAs":["https:\/\/www.facebook.com\/Greenspells","https:\/\/www.instagram.com\/greenspells_store\/"]}]}},"jetpack_likes_enabled":true,"jetpack_sharing_enabled":true,"_links":{"self":[{"href":"https:\/\/greenspells.com\/lt\/wp-json\/wp\/v2\/product\/1676514","targetHints":{"allow":["GET"]}}],"collection":[{"href":"https:\/\/greenspells.com\/lt\/wp-json\/wp\/v2\/product"}],"about":[{"href":"https:\/\/greenspells.com\/lt\/wp-json\/wp\/v2\/types\/product"}],"replies":[{"embeddable":true,"href":"https:\/\/greenspells.com\/lt\/wp-json\/wp\/v2\/comments?post=1676514"}],"wp:featuredmedia":[{"embeddable":true,"href":"https:\/\/greenspells.com\/lt\/wp-json\/wp\/v2\/media\/1676518"}],"wp:attachment":[{"href":"https:\/\/greenspells.com\/lt\/wp-json\/wp\/v2\/media?parent=1676514"}],"wp:term":[{"taxonomy":"product_brand","embeddable":true,"href":"https:\/\/greenspells.com\/lt\/wp-json\/wp\/v2\/product_brand?post=1676514"},{"taxonomy":"product_cat","embeddable":true,"href":"https:\/\/greenspells.com\/lt\/wp-json\/wp\/v2\/product_cat?post=1676514"},{"taxonomy":"product_tag","embeddable":true,"href":"https:\/\/greenspells.com\/lt\/wp-json\/wp\/v2\/product_tag?post=1676514"}],"curies":[{"name":"wp","href":"https:\/\/api.w.org\/{rel}","templated":true}]}}