{"id":1676447,"date":"2025-12-05T13:15:53","date_gmt":"2025-12-05T11:15:53","guid":{"rendered":"https:\/\/greenspells.com\/?post_type=product&#038;p=1676447"},"modified":"2026-03-23T09:29:50","modified_gmt":"2026-03-23T07:29:50","slug":"bambaw-stainless-steel-bottle-choose-a-colour-750ml","status":"publish","type":"product","link":"https:\/\/greenspells.com\/lt\/produktas\/bambaw-stainless-steel-bottle-choose-a-colour-750ml\/","title":{"rendered":"BAMBAW <br> Ner\u016bdijan\u010dio plieno gertuv\u0117 <br> \u012evairi\u0173 spalv\u0173, 750ml"},"content":{"rendered":"<p data-start=\"146\" data-end=\"517\">Ner\u016bdijan\u010dio plieno Bambaw gertuv\u0117 i\u0161siskiria eleganti\u0161ku ir moderniu dizainu. Ji pagaminta visi\u0161kai be BPA ir be da\u017e\u0173, tod\u0117l yra atspari \u012fbr\u0117\u017eimams. I\u0161skirtin\u012f dizain\u0105 papildo bambukinis dangtelis. D\u0117l neutralaus stiliaus \u0161i daugkartin\u0117 gertuv\u0117 puikiai tinka darbui, \u017eygiams, jogai, kelion\u0117ms ir kasdieniam naudojimui.<\/p>\n<p data-start=\"519\" data-end=\"709\">Plastikas gali i\u0161skirti BPA ir kitas kenksmingas med\u017eiagas tiesiai \u012f g\u0117rim\u0105, o tai siejama su ilgalaikiu neigiamu poveikiu sveikatai. Ner\u016bdijan\u010dio plieno Bambaw gertuv\u0117 yra visi\u0161kai saugi, nes vanduo nesilie\u010dia su jokiu plastiku.<\/p>\n<p data-start=\"711\" data-end=\"925\">Platus gertuv\u0117s kaklelis leid\u017eia lengvai \u012fd\u0117ti ledo kubelius, vaisius ar \u017eoleles. Taip bet kada galite pasiruo\u0161ti gaiv\u0173 g\u0117rim\u0105 tiek namuose, tiek keliaujant. I\u0161g\u0117rus, butel\u012f paprasta i\u0161valyti naudojant buteli\u0173 \u0161epet\u0117l\u012f.<\/p>\n<p data-start=\"927\" data-end=\"1081\">Bambaw ner\u016bdijan\u010dio plieno gertuv\u0117 yra visi\u0161kai be \u0161vino, tod\u0117l \u012f g\u0117rim\u0105 nepatenka jokie toksi\u0161ki metalai \u2014 tai saugus ir ekologi\u0161kas pasirinkimas kasdienei hidratacijai!<\/p>\n<p><strong>Sud\u0117tis:<\/strong><\/p>\n<ul>\n<li>\n<h4><strong>304 Ner\u016bdijantis plienas<\/strong><\/h4>\n<p>Visos su skys\u010diu besilie\u010dian\u010dios dalys pagamintos i\u0161 304 ner\u016bdijan\u010dio plieno. \u0160i plieno r\u016b\u0161is yra kur kas atsparesn\u0117 korozijai nei 201 ar 204 plienai, tod\u0117l idealiai tinka gertuv\u0117ms. Skirtingai nei kiti metalai ar plastikas, jis nepalieka joki\u0173 mikrodaleli\u0173 vandenyje.<br data-start=\"1392\" data-end=\"1395\" \/><em data-start=\"1395\" data-end=\"1455\">Pastaba: ner\u016bdijantis plienas gali tur\u0117ti nikelio p\u0117dsak\u0173.<\/em><\/li>\n<li>\n<h4><strong>Bambukas<\/strong><\/h4>\n<p>Dangtelis pagamintas i\u0161 bambuko, padengtas ekologi\u0161ku aliejumi ir papuo\u0161tas Bambaw logotipu \u2014 suteikia nat\u016bral\u0173 bei esteti\u0161k\u0105 \u012fvaizd\u012f.<\/li>\n<li>\n<h4><strong>Silikonas<\/strong><\/h4>\n<p>Maistin\u0117s kokyb\u0117s silikoninis \u017eiedas yra be BPA ir u\u017etikrina, kad gertuv\u0117 b\u016bt\u0173 visi\u0161kai sandari.<\/li>\n<li>\n<h4><strong>Spalvin\u0117 danga<\/strong><\/h4>\n<p data-start=\"1776\" data-end=\"2011\">Spalvotoms gertuv\u0117ms naudojama miltelin\u0117 danga, u\u017epurk\u0161ta ant ner\u016bdijan\u010dio plieno pavir\u0161iaus. \u0160i technologija turi itin ma\u017e\u0105 LOJ (lakieji organiniai junginiai) kiek\u012f ir yra vienas ekologi\u0161kiausi\u0173 da\u017eymo b\u016bd\u0173.<\/p>\n<p data-start=\"2013\" data-end=\"2283\">Danga u\u017ene\u0161ama elektrostatiniu b\u016bdu, o tada sukietinama krosnyje, kad susidaryt\u0173 lygi ir itin atspari danga. Miltelinis da\u017eymas nenaudoja vandens, beveik nesukuria atliek\u0173 ir nei\u0161skiria kenksming\u0173 med\u017eiag\u0173.<\/p>\n<\/li>\n<\/ul>","protected":false},"excerpt":{"rendered":"<p>The Bambaw stainless steel water bottle features a sleek, minimalist design crafted entirely from durable stainless steel. With no paint or coatings, the bottle is naturally scratch-resistant and completely BPA-free. Its clean look is complemented by a beautiful bamboo lid, making it the perfect reusable bottle for work, hiking, yoga, travelling, or everyday hydration. Unlike [&hellip;]<\/p>\n","protected":false},"featured_media":1676470,"comment_status":"open","ping_status":"closed","template":"","meta":{"content-type":"","_monsterinsights_skip_tracking":false,"_monsterinsights_sitenote_active":false,"_monsterinsights_sitenote_note":"","_monsterinsights_sitenote_category":0,"_uf_show_specific_survey":0,"_uf_disable_surveys":false},"product_brand":[1659],"product_cat":[2157,1803,1433,1369,1446,15],"product_tag":[1505,2111,494,1553,2112,1556,1301],"class_list":{"0":"post-1676447","1":"product","2":"type-product","3":"status-publish","4":"has-post-thumbnail","6":"product_brand-bambaw","7":"product_cat-bestsellers","8":"product_cat-greenspells-dovanu-idejos","9":"product_cat-naujienos","10":"product_cat-other","11":"product_cat-other-2","12":"product_cat-all-products","13":"product_tag-bambaw","14":"product_tag-gertuve-be-plastiko","15":"product_tag-greenspells","16":"product_tag-nerudijancio-plieno-gertuve","17":"product_tag-plastic-free-bottle","18":"product_tag-stainless-steel-bottle","19":"product_tag-tvarumas","21":"first","22":"instock","23":"featured","24":"taxable","25":"shipping-taxable","26":"purchasable","27":"product-type-variable"},"bundled_by":[],"bundle_stock_status":"instock","bundle_stock_quantity":null,"bundle_virtual":false,"bundle_layout":"","bundle_add_to_cart_form_location":"","bundle_editable_in_cart":false,"bundle_sold_individually_context":"","bundle_item_grouping":"","bundle_min_size":"","bundle_max_size":"","bundle_price":[],"bundled_items":[],"bundle_sell_ids":[],"group_of_quantity":0,"min_quantity":0,"max_quantity":"","exclude_order_quantity_value_rules":"no","exclude_category_quantity_rules":"no","combine_variations":"no","exclude_global_add_ons":[],"addons":[],"yoast_head":"<!-- This site is optimized with the Yoast SEO plugin v27.4 - https:\/\/yoast.com\/product\/yoast-seo-wordpress\/ -->\n<title>BAMBAW  Stainless steel bottle  Choose a colour, 750ml - Greenspells<\/title>\n<meta name=\"description\" content=\"Ekologi\u0161ka Bambaw ner\u016bdijan\u010dio plieno gertuv\u0117: be BPA, be \u0161vino, sandari ir ilgaam\u017e\u0117. Tvari, stilinga ir saugi kasdieniam naudojimui.\" \/>\n<meta name=\"robots\" content=\"index, follow, max-snippet:-1, max-image-preview:large, max-video-preview:-1\" \/>\n<link rel=\"canonical\" href=\"https:\/\/greenspells.com\/lt\/produktas\/bambaw-stainless-steel-bottle-choose-a-colour-750ml\/\" \/>\n<meta property=\"og:locale\" content=\"lt_LT\" \/>\n<meta property=\"og:type\" content=\"article\" \/>\n<meta property=\"og:title\" content=\"BAMBAW  Stainless steel bottle  Choose a colour, 750ml - Greenspells\" \/>\n<meta property=\"og:description\" content=\"Ekologi\u0161ka Bambaw ner\u016bdijan\u010dio plieno gertuv\u0117: be BPA, be \u0161vino, sandari ir ilgaam\u017e\u0117. Tvari, stilinga ir saugi kasdieniam naudojimui.\" \/>\n<meta property=\"og:url\" content=\"https:\/\/greenspells.com\/lt\/produktas\/bambaw-stainless-steel-bottle-choose-a-colour-750ml\/\" \/>\n<meta property=\"og:site_name\" content=\"Greenspells\" \/>\n<meta property=\"article:publisher\" content=\"https:\/\/www.facebook.com\/Greenspells\" \/>\n<meta property=\"article:modified_time\" content=\"2026-03-23T07:29:50+00:00\" \/>\n<meta property=\"og:image\" content=\"https:\/\/greenspells.com\/wp-content\/uploads\/2025\/12\/BBxBTxSW-GroupShot-Lifestyle-LightColors-001.jpg\" \/>\n\t<meta property=\"og:image:width\" content=\"2000\" \/>\n\t<meta property=\"og:image:height\" content=\"2000\" \/>\n\t<meta property=\"og:image:type\" content=\"image\/jpeg\" \/>\n<meta name=\"twitter:card\" content=\"summary_large_image\" \/>\n<meta name=\"twitter:label1\" content=\"Est. reading time\" \/>\n\t<meta name=\"twitter:data1\" content=\"2 minut\u0117s\" \/>\n<script type=\"application\/ld+json\" class=\"yoast-schema-graph\">{\"@context\":\"https:\\\/\\\/schema.org\",\"@graph\":[{\"@type\":\"WebPage\",\"@id\":\"https:\\\/\\\/greenspells.com\\\/product\\\/bambaw-stainless-steel-bottle-choose-a-colour-750ml\\\/\",\"url\":\"https:\\\/\\\/greenspells.com\\\/product\\\/bambaw-stainless-steel-bottle-choose-a-colour-750ml\\\/\",\"name\":\"BAMBAW Stainless steel bottle Choose a colour, 750ml - Greenspells\",\"isPartOf\":{\"@id\":\"https:\\\/\\\/greenspells.com\\\/#website\"},\"primaryImageOfPage\":{\"@id\":\"https:\\\/\\\/greenspells.com\\\/product\\\/bambaw-stainless-steel-bottle-choose-a-colour-750ml\\\/#primaryimage\"},\"image\":{\"@id\":\"https:\\\/\\\/greenspells.com\\\/product\\\/bambaw-stainless-steel-bottle-choose-a-colour-750ml\\\/#primaryimage\"},\"thumbnailUrl\":\"https:\\\/\\\/i0.wp.com\\\/greenspells.com\\\/wp-content\\\/uploads\\\/2025\\\/12\\\/BBxBTxSW-GroupShot-Lifestyle-LightColors-001.jpg?fit=2000%2C2000&ssl=1\",\"datePublished\":\"2025-12-05T11:15:53+00:00\",\"dateModified\":\"2026-03-23T07:29:50+00:00\",\"description\":\"Ekologi\u0161ka Bambaw ner\u016bdijan\u010dio plieno gertuv\u0117: be BPA, be \u0161vino, sandari ir ilgaam\u017e\u0117. Tvari, stilinga ir saugi kasdieniam naudojimui.\",\"breadcrumb\":{\"@id\":\"https:\\\/\\\/greenspells.com\\\/product\\\/bambaw-stainless-steel-bottle-choose-a-colour-750ml\\\/#breadcrumb\"},\"inLanguage\":\"lt-LT\",\"potentialAction\":[{\"@type\":\"ReadAction\",\"target\":[\"https:\\\/\\\/greenspells.com\\\/product\\\/bambaw-stainless-steel-bottle-choose-a-colour-750ml\\\/\"]}]},{\"@type\":\"ImageObject\",\"inLanguage\":\"lt-LT\",\"@id\":\"https:\\\/\\\/greenspells.com\\\/product\\\/bambaw-stainless-steel-bottle-choose-a-colour-750ml\\\/#primaryimage\",\"url\":\"https:\\\/\\\/i0.wp.com\\\/greenspells.com\\\/wp-content\\\/uploads\\\/2025\\\/12\\\/BBxBTxSW-GroupShot-Lifestyle-LightColors-001.jpg?fit=2000%2C2000&ssl=1\",\"contentUrl\":\"https:\\\/\\\/i0.wp.com\\\/greenspells.com\\\/wp-content\\\/uploads\\\/2025\\\/12\\\/BBxBTxSW-GroupShot-Lifestyle-LightColors-001.jpg?fit=2000%2C2000&ssl=1\",\"width\":2000,\"height\":2000},{\"@type\":\"BreadcrumbList\",\"@id\":\"https:\\\/\\\/greenspells.com\\\/product\\\/bambaw-stainless-steel-bottle-choose-a-colour-750ml\\\/#breadcrumb\",\"itemListElement\":[{\"@type\":\"ListItem\",\"position\":1,\"name\":\"Home\",\"item\":\"https:\\\/\\\/greenspells.com\\\/\"},{\"@type\":\"ListItem\",\"position\":2,\"name\":\"Shop\",\"item\":\"https:\\\/\\\/greenspells.com\\\/shop\\\/\"},{\"@type\":\"ListItem\",\"position\":3,\"name\":\"BAMBAW Stainless steel bottle Choose a colour, 750ml\"}]},{\"@type\":\"WebSite\",\"@id\":\"https:\\\/\\\/greenspells.com\\\/#website\",\"url\":\"https:\\\/\\\/greenspells.com\\\/\",\"name\":\"Greenspells\",\"description\":\"Nat\u016brali ir ekologi\u0161ka kosmetika\",\"publisher\":{\"@id\":\"https:\\\/\\\/greenspells.com\\\/#organization\"},\"potentialAction\":[{\"@type\":\"SearchAction\",\"target\":{\"@type\":\"EntryPoint\",\"urlTemplate\":\"https:\\\/\\\/greenspells.com\\\/?s={search_term_string}\"},\"query-input\":{\"@type\":\"PropertyValueSpecification\",\"valueRequired\":true,\"valueName\":\"search_term_string\"}}],\"inLanguage\":\"lt-LT\"},{\"@type\":\"Organization\",\"@id\":\"https:\\\/\\\/greenspells.com\\\/#organization\",\"name\":\"Greenspells\",\"url\":\"https:\\\/\\\/greenspells.com\\\/\",\"logo\":{\"@type\":\"ImageObject\",\"inLanguage\":\"lt-LT\",\"@id\":\"https:\\\/\\\/greenspells.com\\\/#\\\/schema\\\/logo\\\/image\\\/\",\"url\":\"https:\\\/\\\/i0.wp.com\\\/greenspells.com\\\/wp-content\\\/uploads\\\/2020\\\/09\\\/20200722_153424_0000.png?fit=1500%2C1500&ssl=1\",\"contentUrl\":\"https:\\\/\\\/i0.wp.com\\\/greenspells.com\\\/wp-content\\\/uploads\\\/2020\\\/09\\\/20200722_153424_0000.png?fit=1500%2C1500&ssl=1\",\"width\":1500,\"height\":1500,\"caption\":\"Greenspells\"},\"image\":{\"@id\":\"https:\\\/\\\/greenspells.com\\\/#\\\/schema\\\/logo\\\/image\\\/\"},\"sameAs\":[\"https:\\\/\\\/www.facebook.com\\\/Greenspells\",\"https:\\\/\\\/www.instagram.com\\\/greenspells_store\\\/\"]}]}<\/script>\n<!-- \/ Yoast SEO plugin. -->","yoast_head_json":{"title":"BAMBAW  Stainless steel bottle  Choose a colour, 750ml - Greenspells","description":"Ekologi\u0161ka Bambaw ner\u016bdijan\u010dio plieno gertuv\u0117: be BPA, be \u0161vino, sandari ir ilgaam\u017e\u0117. Tvari, stilinga ir saugi kasdieniam naudojimui.","robots":{"index":"index","follow":"follow","max-snippet":"max-snippet:-1","max-image-preview":"max-image-preview:large","max-video-preview":"max-video-preview:-1"},"canonical":"https:\/\/greenspells.com\/lt\/produktas\/bambaw-stainless-steel-bottle-choose-a-colour-750ml\/","og_locale":"lt_LT","og_type":"article","og_title":"BAMBAW  Stainless steel bottle  Choose a colour, 750ml - Greenspells","og_description":"Ekologi\u0161ka Bambaw ner\u016bdijan\u010dio plieno gertuv\u0117: be BPA, be \u0161vino, sandari ir ilgaam\u017e\u0117. Tvari, stilinga ir saugi kasdieniam naudojimui.","og_url":"https:\/\/greenspells.com\/lt\/produktas\/bambaw-stainless-steel-bottle-choose-a-colour-750ml\/","og_site_name":"Greenspells","article_publisher":"https:\/\/www.facebook.com\/Greenspells","article_modified_time":"2026-03-23T07:29:50+00:00","og_image":[{"width":2000,"height":2000,"url":"https:\/\/greenspells.com\/wp-content\/uploads\/2025\/12\/BBxBTxSW-GroupShot-Lifestyle-LightColors-001.jpg","type":"image\/jpeg"}],"twitter_card":"summary_large_image","twitter_misc":{"Est. reading time":"2 minut\u0117s"},"schema":{"@context":"https:\/\/schema.org","@graph":[{"@type":"WebPage","@id":"https:\/\/greenspells.com\/product\/bambaw-stainless-steel-bottle-choose-a-colour-750ml\/","url":"https:\/\/greenspells.com\/product\/bambaw-stainless-steel-bottle-choose-a-colour-750ml\/","name":"BAMBAW Stainless steel bottle Choose a colour, 750ml - Greenspells","isPartOf":{"@id":"https:\/\/greenspells.com\/#website"},"primaryImageOfPage":{"@id":"https:\/\/greenspells.com\/product\/bambaw-stainless-steel-bottle-choose-a-colour-750ml\/#primaryimage"},"image":{"@id":"https:\/\/greenspells.com\/product\/bambaw-stainless-steel-bottle-choose-a-colour-750ml\/#primaryimage"},"thumbnailUrl":"https:\/\/i0.wp.com\/greenspells.com\/wp-content\/uploads\/2025\/12\/BBxBTxSW-GroupShot-Lifestyle-LightColors-001.jpg?fit=2000%2C2000&ssl=1","datePublished":"2025-12-05T11:15:53+00:00","dateModified":"2026-03-23T07:29:50+00:00","description":"Ekologi\u0161ka Bambaw ner\u016bdijan\u010dio plieno gertuv\u0117: be BPA, be \u0161vino, sandari ir ilgaam\u017e\u0117. Tvari, stilinga ir saugi kasdieniam naudojimui.","breadcrumb":{"@id":"https:\/\/greenspells.com\/product\/bambaw-stainless-steel-bottle-choose-a-colour-750ml\/#breadcrumb"},"inLanguage":"lt-LT","potentialAction":[{"@type":"ReadAction","target":["https:\/\/greenspells.com\/product\/bambaw-stainless-steel-bottle-choose-a-colour-750ml\/"]}]},{"@type":"ImageObject","inLanguage":"lt-LT","@id":"https:\/\/greenspells.com\/product\/bambaw-stainless-steel-bottle-choose-a-colour-750ml\/#primaryimage","url":"https:\/\/i0.wp.com\/greenspells.com\/wp-content\/uploads\/2025\/12\/BBxBTxSW-GroupShot-Lifestyle-LightColors-001.jpg?fit=2000%2C2000&ssl=1","contentUrl":"https:\/\/i0.wp.com\/greenspells.com\/wp-content\/uploads\/2025\/12\/BBxBTxSW-GroupShot-Lifestyle-LightColors-001.jpg?fit=2000%2C2000&ssl=1","width":2000,"height":2000},{"@type":"BreadcrumbList","@id":"https:\/\/greenspells.com\/product\/bambaw-stainless-steel-bottle-choose-a-colour-750ml\/#breadcrumb","itemListElement":[{"@type":"ListItem","position":1,"name":"Home","item":"https:\/\/greenspells.com\/"},{"@type":"ListItem","position":2,"name":"Shop","item":"https:\/\/greenspells.com\/shop\/"},{"@type":"ListItem","position":3,"name":"BAMBAW Stainless steel bottle Choose a colour, 750ml"}]},{"@type":"WebSite","@id":"https:\/\/greenspells.com\/#website","url":"https:\/\/greenspells.com\/","name":"Greenspells","description":"Nat\u016brali ir ekologi\u0161ka kosmetika","publisher":{"@id":"https:\/\/greenspells.com\/#organization"},"potentialAction":[{"@type":"SearchAction","target":{"@type":"EntryPoint","urlTemplate":"https:\/\/greenspells.com\/?s={search_term_string}"},"query-input":{"@type":"PropertyValueSpecification","valueRequired":true,"valueName":"search_term_string"}}],"inLanguage":"lt-LT"},{"@type":"Organization","@id":"https:\/\/greenspells.com\/#organization","name":"Greenspells","url":"https:\/\/greenspells.com\/","logo":{"@type":"ImageObject","inLanguage":"lt-LT","@id":"https:\/\/greenspells.com\/#\/schema\/logo\/image\/","url":"https:\/\/i0.wp.com\/greenspells.com\/wp-content\/uploads\/2020\/09\/20200722_153424_0000.png?fit=1500%2C1500&ssl=1","contentUrl":"https:\/\/i0.wp.com\/greenspells.com\/wp-content\/uploads\/2020\/09\/20200722_153424_0000.png?fit=1500%2C1500&ssl=1","width":1500,"height":1500,"caption":"Greenspells"},"image":{"@id":"https:\/\/greenspells.com\/#\/schema\/logo\/image\/"},"sameAs":["https:\/\/www.facebook.com\/Greenspells","https:\/\/www.instagram.com\/greenspells_store\/"]}]}},"jetpack_likes_enabled":true,"jetpack_sharing_enabled":true,"_links":{"self":[{"href":"https:\/\/greenspells.com\/lt\/wp-json\/wp\/v2\/product\/1676447","targetHints":{"allow":["GET"]}}],"collection":[{"href":"https:\/\/greenspells.com\/lt\/wp-json\/wp\/v2\/product"}],"about":[{"href":"https:\/\/greenspells.com\/lt\/wp-json\/wp\/v2\/types\/product"}],"replies":[{"embeddable":true,"href":"https:\/\/greenspells.com\/lt\/wp-json\/wp\/v2\/comments?post=1676447"}],"wp:featuredmedia":[{"embeddable":true,"href":"https:\/\/greenspells.com\/lt\/wp-json\/wp\/v2\/media\/1676470"}],"wp:attachment":[{"href":"https:\/\/greenspells.com\/lt\/wp-json\/wp\/v2\/media?parent=1676447"}],"wp:term":[{"taxonomy":"product_brand","embeddable":true,"href":"https:\/\/greenspells.com\/lt\/wp-json\/wp\/v2\/product_brand?post=1676447"},{"taxonomy":"product_cat","embeddable":true,"href":"https:\/\/greenspells.com\/lt\/wp-json\/wp\/v2\/product_cat?post=1676447"},{"taxonomy":"product_tag","embeddable":true,"href":"https:\/\/greenspells.com\/lt\/wp-json\/wp\/v2\/product_tag?post=1676447"}],"curies":[{"name":"wp","href":"https:\/\/api.w.org\/{rel}","templated":true}]}}