{"id":1676402,"date":"2025-12-02T11:44:37","date_gmt":"2025-12-02T09:44:37","guid":{"rendered":"https:\/\/greenspells.com\/?post_type=product&#038;p=1676402"},"modified":"2026-03-16T11:12:19","modified_gmt":"2026-03-16T09:12:19","slug":"luuv-nourishing-and-protecting-honey-cream","status":"publish","type":"product","link":"https:\/\/greenspells.com\/lt\/produktas\/luuv-nourishing-and-protecting-honey-cream\/","title":{"rendered":"LUUV <br> Maitinamasis ir Apsaugantis Medaus Kremas"},"content":{"rendered":"<p>Get ready to indulge in the most delightful treat for your skin \u2013 LUUV Nourishing and Protecting Honey Cream!<\/p>\n<p>This little jar of joy is here to transform your skincare routine into a blissful and nourishing experience. Imagine a velvety smooth cream that not only pampers your skin but also creates a natural shield against whatever life throws at it. With the power of beeswax, this cream becomes your skin\u2019s ultimate superhero, protecting it from harsh water and challenging climates. No need to worry about dryness either, as it is also packed with the goodness of nourishing shea butter.<\/p>\n<p><strong>And it\u2019s not just about the benefits \u2013 the sweet aroma of honey is pure bliss for your body and senses.<\/strong><\/p>\n<p>With consistent use, watch as your skin transforms into a softer, smoother, and more resilient version of itself. It\u2019s like unlocking the secret to youthful, radiant skin \u2013 you\u2019ll be glowing with confidence! Tailored specifically for dry, very dry, and mature skin, this cream is here to turn your skincare routine into a joyful self-care ritual. It\u2019s the perfect companion for those seeking an extra boost of hydration and love.<\/p>\n<p>To top it all off, it carries the globally recognized ECOCERT \/ COSMOS certification. Feel confident knowing that you\u2019re treating your skin to the finest, most natural ingredients out there.<\/p>\n<p><em><strong>How to use it?<\/strong><\/em><\/p>\n<p>Suitable for everyday use. Apply cream to clean skin and rub in circular motions until absorbed.<\/p>\n<p><em><strong>Ingredients:<\/strong><\/em><\/p>\n<p><span data-sheets-value=\"{&quot;1&quot;:2,&quot;2&quot;:&quot;Aqua, Cocos Nucifera Oil, Polyglyceryl-3 Distearate, Glyceryl Stearate Citrate, Butyrospermum Parkii (Shea) Butter, Glyceryl Stearate SE, Cera Alba (Beeswax), Glycerin, Helianthus Annuus Seed Oil, Propolis (Bee glue) extract, Hippophae Rhamnoides Fruit Oil, Glyceryl Caprylate, Citrus Aurantium Dulcis (Orange) Oil, Xanthan Gum, Tocopherol, Triethyl Citrate, Benzoic Acid, Aroma, Citral, D-limonene, Linalool&quot;}\" data-sheets-userformat=\"{&quot;2&quot;:11263,&quot;3&quot;:{&quot;1&quot;:0},&quot;4&quot;:{&quot;1&quot;:2,&quot;2&quot;:16767334},&quot;5&quot;:{&quot;1&quot;:[{&quot;1&quot;:2,&quot;2&quot;:0,&quot;5&quot;:{&quot;1&quot;:2,&quot;2&quot;:0}},{&quot;1&quot;:0,&quot;2&quot;:0,&quot;3&quot;:3},{&quot;1&quot;:1,&quot;2&quot;:0,&quot;4&quot;:1}]},&quot;6&quot;:{&quot;1&quot;:[{&quot;1&quot;:2,&quot;2&quot;:0,&quot;5&quot;:{&quot;1&quot;:2,&quot;2&quot;:0}},{&quot;1&quot;:0,&quot;2&quot;:0,&quot;3&quot;:3},{&quot;1&quot;:1,&quot;2&quot;:0,&quot;4&quot;:1}]},&quot;7&quot;:{&quot;1&quot;:[{&quot;1&quot;:2,&quot;2&quot;:0,&quot;5&quot;:{&quot;1&quot;:2,&quot;2&quot;:0}},{&quot;1&quot;:0,&quot;2&quot;:0,&quot;3&quot;:3},{&quot;1&quot;:1,&quot;2&quot;:0,&quot;4&quot;:1}]},&quot;8&quot;:{&quot;1&quot;:[{&quot;1&quot;:2,&quot;2&quot;:0,&quot;5&quot;:{&quot;1&quot;:2,&quot;2&quot;:0}},{&quot;1&quot;:0,&quot;2&quot;:0,&quot;3&quot;:3},{&quot;1&quot;:1,&quot;2&quot;:0,&quot;4&quot;:1}]},&quot;9&quot;:1,&quot;10&quot;:1,&quot;11&quot;:4,&quot;12&quot;:0,&quot;14&quot;:{&quot;1&quot;:2,&quot;2&quot;:0},&quot;16&quot;:11}\">Aqua, Cocos Nucifera Oil, Polyglyceryl-3 Distearate, Glyceryl Stearate Citrate, Butyrospermum Parkii (Shea) Butter, Glyceryl Stearate SE, Cera Alba (Beeswax), Glycerin, Helianthus Annuus Seed Oil, Propolis (Bee glue) extract, Hippophae Rhamnoides Fruit Oil, Glyceryl Caprylate, Citrus Aurantium Dulcis (Orange) Oil, Xanthan Gum, Tocopherol, Triethyl Citrate, Benzoic Acid, Aroma, Citral, D-limonene, Linalool<\/span><\/p>\n<p>Natural origin: 99,87%<\/p>\n<p>&nbsp;<\/p>\n","protected":false},"excerpt":{"rendered":"<p>Get ready to indulge in the most delightful treat for your skin \u2013 LUUV Nourishing and Protecting Honey Cream! This little jar of joy is here to transform your skincare routine into a blissful and nourishing experience. Imagine a velvety smooth cream that not only pampers your skin but also creates a natural shield against [&hellip;]<\/p>\n","protected":false},"featured_media":1676405,"comment_status":"open","ping_status":"closed","template":"","meta":{"content-type":"","_monsterinsights_skip_tracking":false,"_monsterinsights_sitenote_active":false,"_monsterinsights_sitenote_note":"","_monsterinsights_sitenote_category":0,"_uf_show_specific_survey":0,"_uf_disable_surveys":false},"product_brand":[2069],"product_cat":[137,141,15],"product_tag":[904,494,2110,2070,1199,2109,656],"class_list":{"0":"post-1676402","1":"product","2":"type-product","3":"status-publish","4":"has-post-thumbnail","6":"product_brand-luuv","7":"product_cat-bath-and-body","8":"product_cat-hand-body-lotions","9":"product_cat-all-products","10":"product_tag-brandziai-odai","11":"product_tag-greenspells","12":"product_tag-kremas-su-medumi","13":"product_tag-luuv","14":"product_tag-naturalus-kuno-kremas","15":"product_tag-natural-bpdy-cream","16":"product_tag-sausai-odai","18":"first","19":"instock","20":"taxable","21":"shipping-taxable","22":"purchasable","23":"product-type-simple"},"bundled_by":[],"bundle_stock_status":"instock","bundle_stock_quantity":null,"bundle_virtual":false,"bundle_layout":"","bundle_add_to_cart_form_location":"","bundle_editable_in_cart":false,"bundle_sold_individually_context":"","bundle_item_grouping":"","bundle_min_size":"","bundle_max_size":"","bundle_price":[],"bundled_items":[],"bundle_sell_ids":[],"group_of_quantity":0,"min_quantity":0,"max_quantity":"","exclude_order_quantity_value_rules":"no","exclude_category_quantity_rules":"no","combine_variations":"no","exclude_global_add_ons":[],"addons":[],"yoast_head":"<!-- This site is optimized with the Yoast SEO plugin v27.4 - https:\/\/yoast.com\/product\/yoast-seo-wordpress\/ -->\n<title>LUUV  Nourishing and Protecting Honey Cream - Greenspells<\/title>\n<meta name=\"description\" content=\"LUUV maitinamasis ir apsauginis medaus kremas sausai ir\/ar brand\u017eiai odai. Intensyviai dr\u0117kina, maitina ir saugo od\u0105. ECOCERT\/COSMOS sertifikuotas.\" \/>\n<meta name=\"robots\" content=\"index, follow, max-snippet:-1, max-image-preview:large, max-video-preview:-1\" \/>\n<link rel=\"canonical\" href=\"https:\/\/greenspells.com\/lt\/produktas\/luuv-nourishing-and-protecting-honey-cream\/\" \/>\n<meta property=\"og:locale\" content=\"lt_LT\" \/>\n<meta property=\"og:type\" content=\"article\" \/>\n<meta property=\"og:title\" content=\"LUUV  Nourishing and Protecting Honey Cream - Greenspells\" \/>\n<meta property=\"og:description\" content=\"LUUV maitinamasis ir apsauginis medaus kremas sausai ir\/ar brand\u017eiai odai. Intensyviai dr\u0117kina, maitina ir saugo od\u0105. ECOCERT\/COSMOS sertifikuotas.\" \/>\n<meta property=\"og:url\" content=\"https:\/\/greenspells.com\/lt\/produktas\/luuv-nourishing-and-protecting-honey-cream\/\" \/>\n<meta property=\"og:site_name\" content=\"Greenspells\" \/>\n<meta property=\"article:publisher\" content=\"https:\/\/www.facebook.com\/Greenspells\" \/>\n<meta property=\"article:modified_time\" content=\"2026-03-16T09:12:19+00:00\" \/>\n<meta property=\"og:image\" content=\"https:\/\/greenspells.com\/wp-content\/uploads\/2025\/12\/luuv_kreem_honey.jpg\" \/>\n\t<meta property=\"og:image:width\" content=\"2048\" \/>\n\t<meta property=\"og:image:height\" content=\"1638\" \/>\n\t<meta property=\"og:image:type\" content=\"image\/jpeg\" \/>\n<meta name=\"twitter:card\" content=\"summary_large_image\" \/>\n<meta name=\"twitter:label1\" content=\"Est. reading time\" \/>\n\t<meta name=\"twitter:data1\" content=\"2 minut\u0117s\" \/>\n<script type=\"application\/ld+json\" class=\"yoast-schema-graph\">{\"@context\":\"https:\\\/\\\/schema.org\",\"@graph\":[{\"@type\":\"WebPage\",\"@id\":\"https:\\\/\\\/greenspells.com\\\/product\\\/luuv-nourishing-and-protecting-honey-cream\\\/\",\"url\":\"https:\\\/\\\/greenspells.com\\\/product\\\/luuv-nourishing-and-protecting-honey-cream\\\/\",\"name\":\"LUUV Nourishing and Protecting Honey Cream - Greenspells\",\"isPartOf\":{\"@id\":\"https:\\\/\\\/greenspells.com\\\/#website\"},\"primaryImageOfPage\":{\"@id\":\"https:\\\/\\\/greenspells.com\\\/product\\\/luuv-nourishing-and-protecting-honey-cream\\\/#primaryimage\"},\"image\":{\"@id\":\"https:\\\/\\\/greenspells.com\\\/product\\\/luuv-nourishing-and-protecting-honey-cream\\\/#primaryimage\"},\"thumbnailUrl\":\"https:\\\/\\\/i0.wp.com\\\/greenspells.com\\\/wp-content\\\/uploads\\\/2025\\\/12\\\/luuv_kreem_honey.jpg?fit=2048%2C1638&ssl=1\",\"datePublished\":\"2025-12-02T09:44:37+00:00\",\"dateModified\":\"2026-03-16T09:12:19+00:00\",\"description\":\"LUUV maitinamasis ir apsauginis medaus kremas sausai ir\\\/ar brand\u017eiai odai. Intensyviai dr\u0117kina, maitina ir saugo od\u0105. ECOCERT\\\/COSMOS sertifikuotas.\",\"breadcrumb\":{\"@id\":\"https:\\\/\\\/greenspells.com\\\/product\\\/luuv-nourishing-and-protecting-honey-cream\\\/#breadcrumb\"},\"inLanguage\":\"lt-LT\",\"potentialAction\":[{\"@type\":\"ReadAction\",\"target\":[\"https:\\\/\\\/greenspells.com\\\/product\\\/luuv-nourishing-and-protecting-honey-cream\\\/\"]}]},{\"@type\":\"ImageObject\",\"inLanguage\":\"lt-LT\",\"@id\":\"https:\\\/\\\/greenspells.com\\\/product\\\/luuv-nourishing-and-protecting-honey-cream\\\/#primaryimage\",\"url\":\"https:\\\/\\\/i0.wp.com\\\/greenspells.com\\\/wp-content\\\/uploads\\\/2025\\\/12\\\/luuv_kreem_honey.jpg?fit=2048%2C1638&ssl=1\",\"contentUrl\":\"https:\\\/\\\/i0.wp.com\\\/greenspells.com\\\/wp-content\\\/uploads\\\/2025\\\/12\\\/luuv_kreem_honey.jpg?fit=2048%2C1638&ssl=1\",\"width\":2048,\"height\":1638,\"caption\":\"luuv body cream with honey\"},{\"@type\":\"BreadcrumbList\",\"@id\":\"https:\\\/\\\/greenspells.com\\\/product\\\/luuv-nourishing-and-protecting-honey-cream\\\/#breadcrumb\",\"itemListElement\":[{\"@type\":\"ListItem\",\"position\":1,\"name\":\"Home\",\"item\":\"https:\\\/\\\/greenspells.com\\\/\"},{\"@type\":\"ListItem\",\"position\":2,\"name\":\"Shop\",\"item\":\"https:\\\/\\\/greenspells.com\\\/shop\\\/\"},{\"@type\":\"ListItem\",\"position\":3,\"name\":\"LUUV Nourishing and Protecting Honey Cream\"}]},{\"@type\":\"WebSite\",\"@id\":\"https:\\\/\\\/greenspells.com\\\/#website\",\"url\":\"https:\\\/\\\/greenspells.com\\\/\",\"name\":\"Greenspells\",\"description\":\"Nat\u016brali ir ekologi\u0161ka kosmetika\",\"publisher\":{\"@id\":\"https:\\\/\\\/greenspells.com\\\/#organization\"},\"potentialAction\":[{\"@type\":\"SearchAction\",\"target\":{\"@type\":\"EntryPoint\",\"urlTemplate\":\"https:\\\/\\\/greenspells.com\\\/?s={search_term_string}\"},\"query-input\":{\"@type\":\"PropertyValueSpecification\",\"valueRequired\":true,\"valueName\":\"search_term_string\"}}],\"inLanguage\":\"lt-LT\"},{\"@type\":\"Organization\",\"@id\":\"https:\\\/\\\/greenspells.com\\\/#organization\",\"name\":\"Greenspells\",\"url\":\"https:\\\/\\\/greenspells.com\\\/\",\"logo\":{\"@type\":\"ImageObject\",\"inLanguage\":\"lt-LT\",\"@id\":\"https:\\\/\\\/greenspells.com\\\/#\\\/schema\\\/logo\\\/image\\\/\",\"url\":\"https:\\\/\\\/i0.wp.com\\\/greenspells.com\\\/wp-content\\\/uploads\\\/2020\\\/09\\\/20200722_153424_0000.png?fit=1500%2C1500&ssl=1\",\"contentUrl\":\"https:\\\/\\\/i0.wp.com\\\/greenspells.com\\\/wp-content\\\/uploads\\\/2020\\\/09\\\/20200722_153424_0000.png?fit=1500%2C1500&ssl=1\",\"width\":1500,\"height\":1500,\"caption\":\"Greenspells\"},\"image\":{\"@id\":\"https:\\\/\\\/greenspells.com\\\/#\\\/schema\\\/logo\\\/image\\\/\"},\"sameAs\":[\"https:\\\/\\\/www.facebook.com\\\/Greenspells\",\"https:\\\/\\\/www.instagram.com\\\/greenspells_store\\\/\"]}]}<\/script>\n<!-- \/ Yoast SEO plugin. -->","yoast_head_json":{"title":"LUUV  Nourishing and Protecting Honey Cream - Greenspells","description":"LUUV maitinamasis ir apsauginis medaus kremas sausai ir\/ar brand\u017eiai odai. Intensyviai dr\u0117kina, maitina ir saugo od\u0105. ECOCERT\/COSMOS sertifikuotas.","robots":{"index":"index","follow":"follow","max-snippet":"max-snippet:-1","max-image-preview":"max-image-preview:large","max-video-preview":"max-video-preview:-1"},"canonical":"https:\/\/greenspells.com\/lt\/produktas\/luuv-nourishing-and-protecting-honey-cream\/","og_locale":"lt_LT","og_type":"article","og_title":"LUUV  Nourishing and Protecting Honey Cream - Greenspells","og_description":"LUUV maitinamasis ir apsauginis medaus kremas sausai ir\/ar brand\u017eiai odai. Intensyviai dr\u0117kina, maitina ir saugo od\u0105. ECOCERT\/COSMOS sertifikuotas.","og_url":"https:\/\/greenspells.com\/lt\/produktas\/luuv-nourishing-and-protecting-honey-cream\/","og_site_name":"Greenspells","article_publisher":"https:\/\/www.facebook.com\/Greenspells","article_modified_time":"2026-03-16T09:12:19+00:00","og_image":[{"width":2048,"height":1638,"url":"https:\/\/greenspells.com\/wp-content\/uploads\/2025\/12\/luuv_kreem_honey.jpg","type":"image\/jpeg"}],"twitter_card":"summary_large_image","twitter_misc":{"Est. reading time":"2 minut\u0117s"},"schema":{"@context":"https:\/\/schema.org","@graph":[{"@type":"WebPage","@id":"https:\/\/greenspells.com\/product\/luuv-nourishing-and-protecting-honey-cream\/","url":"https:\/\/greenspells.com\/product\/luuv-nourishing-and-protecting-honey-cream\/","name":"LUUV Nourishing and Protecting Honey Cream - Greenspells","isPartOf":{"@id":"https:\/\/greenspells.com\/#website"},"primaryImageOfPage":{"@id":"https:\/\/greenspells.com\/product\/luuv-nourishing-and-protecting-honey-cream\/#primaryimage"},"image":{"@id":"https:\/\/greenspells.com\/product\/luuv-nourishing-and-protecting-honey-cream\/#primaryimage"},"thumbnailUrl":"https:\/\/i0.wp.com\/greenspells.com\/wp-content\/uploads\/2025\/12\/luuv_kreem_honey.jpg?fit=2048%2C1638&ssl=1","datePublished":"2025-12-02T09:44:37+00:00","dateModified":"2026-03-16T09:12:19+00:00","description":"LUUV maitinamasis ir apsauginis medaus kremas sausai ir\/ar brand\u017eiai odai. Intensyviai dr\u0117kina, maitina ir saugo od\u0105. ECOCERT\/COSMOS sertifikuotas.","breadcrumb":{"@id":"https:\/\/greenspells.com\/product\/luuv-nourishing-and-protecting-honey-cream\/#breadcrumb"},"inLanguage":"lt-LT","potentialAction":[{"@type":"ReadAction","target":["https:\/\/greenspells.com\/product\/luuv-nourishing-and-protecting-honey-cream\/"]}]},{"@type":"ImageObject","inLanguage":"lt-LT","@id":"https:\/\/greenspells.com\/product\/luuv-nourishing-and-protecting-honey-cream\/#primaryimage","url":"https:\/\/i0.wp.com\/greenspells.com\/wp-content\/uploads\/2025\/12\/luuv_kreem_honey.jpg?fit=2048%2C1638&ssl=1","contentUrl":"https:\/\/i0.wp.com\/greenspells.com\/wp-content\/uploads\/2025\/12\/luuv_kreem_honey.jpg?fit=2048%2C1638&ssl=1","width":2048,"height":1638,"caption":"luuv body cream with honey"},{"@type":"BreadcrumbList","@id":"https:\/\/greenspells.com\/product\/luuv-nourishing-and-protecting-honey-cream\/#breadcrumb","itemListElement":[{"@type":"ListItem","position":1,"name":"Home","item":"https:\/\/greenspells.com\/"},{"@type":"ListItem","position":2,"name":"Shop","item":"https:\/\/greenspells.com\/shop\/"},{"@type":"ListItem","position":3,"name":"LUUV Nourishing and Protecting Honey Cream"}]},{"@type":"WebSite","@id":"https:\/\/greenspells.com\/#website","url":"https:\/\/greenspells.com\/","name":"Greenspells","description":"Nat\u016brali ir ekologi\u0161ka kosmetika","publisher":{"@id":"https:\/\/greenspells.com\/#organization"},"potentialAction":[{"@type":"SearchAction","target":{"@type":"EntryPoint","urlTemplate":"https:\/\/greenspells.com\/?s={search_term_string}"},"query-input":{"@type":"PropertyValueSpecification","valueRequired":true,"valueName":"search_term_string"}}],"inLanguage":"lt-LT"},{"@type":"Organization","@id":"https:\/\/greenspells.com\/#organization","name":"Greenspells","url":"https:\/\/greenspells.com\/","logo":{"@type":"ImageObject","inLanguage":"lt-LT","@id":"https:\/\/greenspells.com\/#\/schema\/logo\/image\/","url":"https:\/\/i0.wp.com\/greenspells.com\/wp-content\/uploads\/2020\/09\/20200722_153424_0000.png?fit=1500%2C1500&ssl=1","contentUrl":"https:\/\/i0.wp.com\/greenspells.com\/wp-content\/uploads\/2020\/09\/20200722_153424_0000.png?fit=1500%2C1500&ssl=1","width":1500,"height":1500,"caption":"Greenspells"},"image":{"@id":"https:\/\/greenspells.com\/#\/schema\/logo\/image\/"},"sameAs":["https:\/\/www.facebook.com\/Greenspells","https:\/\/www.instagram.com\/greenspells_store\/"]}]}},"jetpack_likes_enabled":true,"jetpack_sharing_enabled":true,"_links":{"self":[{"href":"https:\/\/greenspells.com\/lt\/wp-json\/wp\/v2\/product\/1676402","targetHints":{"allow":["GET"]}}],"collection":[{"href":"https:\/\/greenspells.com\/lt\/wp-json\/wp\/v2\/product"}],"about":[{"href":"https:\/\/greenspells.com\/lt\/wp-json\/wp\/v2\/types\/product"}],"replies":[{"embeddable":true,"href":"https:\/\/greenspells.com\/lt\/wp-json\/wp\/v2\/comments?post=1676402"}],"wp:featuredmedia":[{"embeddable":true,"href":"https:\/\/greenspells.com\/lt\/wp-json\/wp\/v2\/media\/1676405"}],"wp:attachment":[{"href":"https:\/\/greenspells.com\/lt\/wp-json\/wp\/v2\/media?parent=1676402"}],"wp:term":[{"taxonomy":"product_brand","embeddable":true,"href":"https:\/\/greenspells.com\/lt\/wp-json\/wp\/v2\/product_brand?post=1676402"},{"taxonomy":"product_cat","embeddable":true,"href":"https:\/\/greenspells.com\/lt\/wp-json\/wp\/v2\/product_cat?post=1676402"},{"taxonomy":"product_tag","embeddable":true,"href":"https:\/\/greenspells.com\/lt\/wp-json\/wp\/v2\/product_tag?post=1676402"}],"curies":[{"name":"wp","href":"https:\/\/api.w.org\/{rel}","templated":true}]}}