{"id":1676396,"date":"2025-12-02T11:31:25","date_gmt":"2025-12-02T09:31:25","guid":{"rendered":"https:\/\/greenspells.com\/?post_type=product&#038;p=1676396"},"modified":"2026-03-16T11:12:37","modified_gmt":"2026-03-16T09:12:37","slug":"luuv-natural-deeply-moisturizing-body-cream-with-plum-oil","status":"publish","type":"product","link":"https:\/\/greenspells.com\/lt\/produktas\/luuv-natural-deeply-moisturizing-body-cream-with-plum-oil\/","title":{"rendered":"LUUV <br> Giliai dr\u0117kinantis <br> K\u016bno kremas su slyv\u0173 aliejumi"},"content":{"rendered":"<p>LUUV Giliai dr\u0117kinantis k\u016bno kremas su slyv\u0173 aliejumi \u2013 \u0161velniai pamaitintai ir \u017evilgan\u010diai odai. Kremas praturtintas \u0161alto spaudimo slyv\u0173 kauliuk\u0173 aliejumi ir kokos\u0173 aliejumi, kurie subalansuoja odos dr\u0117gm\u0117s lyg\u012f bei padeda apsaugoti nuo kenksming\u0173 aplinkos veiksni\u0173.\n\nVitamin\u0173 A, C ir E kupinas slyv\u0173 aliejus intensyviai maitina, gaivina ir padeda atkurti elastingum\u0105, o stipr\u016bs omega riebal\u0173 r\u016bg\u0161\u010di\u0173 kompleksai suteikia odai \u0161velnumo bei glotnumo. Spanguoli\u0173 ekstraktas \u2013 galingas antioksidantas \u2013 padeda kovoti su ankstyvais sen\u0117jimo po\u017eymiais ir suteikia odai \u0161vyt\u0117jimo.<\/p>\n<p>Lengvos, purios tekst\u016bros kremas greitai \u012fsigeria, nepalieka riebumo ar por\u0173 u\u017esikim\u0161imo poj\u016b\u010dio. Puikiai tinka ir jautriai odai \u2013 \u0161velni prie\u017ei\u016bra kasdien! O malonus, subtilus slyv\u0173 aromatas pavers rutin\u0105 tikru malonumu.<\/p>\n<ul>\n<li>Lengva, puri tekst\u016bra<\/li>\n<li>Giliai dr\u0117kinantis<\/li>\n<li>Greitai susigeriantis<\/li>\n<li>Tinka ir jautriai odai<\/li>\n<li>\u0160velnus slyv\u0173 aromatas<\/li>\n<\/ul>\n<p><em><strong>Pagrindiniai ingredientai<\/strong><\/em><\/p>\n<p id=\"tw-target-text\" class=\"tw-data-text tw-text-large tw-ta\" dir=\"ltr\" data-placeholder=\"T\u00f5lge\" aria-label=\"T\u00f5lgitud tekst\" data-ved=\"2ahUKEwi-ruvxp7CGAxVrExAIHSOFDeAQ3ewLegQIBRAU\"><span class=\"Y2IQFc\" lang=\"en\">Slyv\u0173 aliejus,\u00a0<strong>tiksliau - slyv\u0173 kauliuk\u0173 aliejus,<\/strong>\u00a0\u0161alto spaudimo slyv\u0173 kauliuk\u0173 aliejus yra itin ma\u017eai apdorotas, pasi\u017eymi nat\u016braliu sald\u017ei\u0173 migdol\u0173 aromatu. Jis giliai dr\u0117kina, puikiai tinka jautriai odai, padeda atkurti odos elastingum\u0105, nekem\u0161a por\u0173 ir suteikia odai gyvybingumo bei \u0161vyt\u0117jimo. Sud\u0117tyje gausu omega-3 ir omega-6 riebal\u0173 r\u016bg\u0161\u010di\u0173.<\/span><\/p>\n<p class=\"tw-data-text tw-text-large tw-ta\" dir=\"ltr\" data-placeholder=\"T\u00f5lge\" aria-label=\"T\u00f5lgitud tekst\" data-ved=\"2ahUKEwi-ruvxp7CGAxVrExAIHSOFDeAQ3ewLegQIBRAU\"><span class=\"Y2IQFc\" lang=\"en\"><strong>Ekologi\u0161kas spanguoli\u0173 ekstraktas<\/strong>\u00a0galingas \u0161iaur\u0117s uog\u0173 antioksidantas, kupinas vitamin\u0173. Padeda pagerinti odos elastingum\u0105, atkuria tiek pavir\u0161ines, tiek gilesnes rauk\u0161leli\u0173 vietas, padeda kovoti su pigmentacijos netolygumais. Taip pat pasi\u017eymi poras valan\u010diu poveikiu.<\/span><\/p>\n<p><em><strong>Kaip naudoti?<\/strong><\/em><\/p>\n<p>Tinka kasdieniam naudojimui: tepkite ant \u0161varios odos ir \u012fmasa\u017euokite sukamaisiais judesiais, kol visi\u0161kai \u012fsigers.<\/p>\n<p><em><strong>Sud\u0117tis:<\/strong><\/em><\/p>\n<p>Aqua, Cocos nucifera oil, Mangifera indica seed (Mango) butter, Polyglyceryl-3 Distearate, Glyceryl Stearate Citrate, Hydrolyzed wheat protein, Prunus domestica (Plum) seed oil, Cetyl alcohol, Vaccinium Macrocarpon fruit (Cranberry) extract, Triethyl Citrate, Glyceryl Caprylate, Benzoic Acid, Xanthan gum, Parfum, Mica, Titanium dioxide, CI 77491<\/p>\n<p>100% vegan<\/p>","protected":false},"excerpt":{"rendered":"<p>Say hello to plum perfection \u2013 introducing delightful LUUV Natural Deeply Moisturizing Body Cream with Plum Oil! Infused with the nourishing goodness of plum oil and coconut oil, this cream brings balance and harmony to your skin\u2019s moisture levels while warding off any external foes that dare to challenge your skin\u2019s health! Let\u2019s talk about [&hellip;]<\/p>\n","protected":false},"featured_media":1676399,"comment_status":"open","ping_status":"closed","template":"","meta":{"content-type":"","_monsterinsights_skip_tracking":false,"_monsterinsights_sitenote_active":false,"_monsterinsights_sitenote_note":"","_monsterinsights_sitenote_category":0,"_uf_show_specific_survey":0,"_uf_disable_surveys":false},"product_brand":[2069],"product_cat":[137,141,15],"product_tag":[948,1193,2108,494,2070,2106,461],"class_list":{"0":"post-1676396","1":"product","2":"type-product","3":"status-publish","4":"has-post-thumbnail","6":"product_brand-luuv","7":"product_cat-bath-and-body","8":"product_cat-hand-body-lotions","9":"product_cat-all-products","10":"product_tag-body-cream","11":"product_tag-drekinantis-kuno-kremas","12":"product_tag-giliai-drekinantis-kuno-kremas","13":"product_tag-greenspells","14":"product_tag-luuv","15":"product_tag-natural-body-cream","16":"product_tag-naturali-kosmetika","18":"first","19":"instock","20":"taxable","21":"shipping-taxable","22":"purchasable","23":"product-type-simple"},"bundled_by":[],"bundle_stock_status":"instock","bundle_stock_quantity":null,"bundle_virtual":false,"bundle_layout":"","bundle_add_to_cart_form_location":"","bundle_editable_in_cart":false,"bundle_sold_individually_context":"","bundle_item_grouping":"","bundle_min_size":"","bundle_max_size":"","bundle_price":[],"bundled_items":[],"bundle_sell_ids":[],"group_of_quantity":0,"min_quantity":0,"max_quantity":"","exclude_order_quantity_value_rules":"no","exclude_category_quantity_rules":"no","combine_variations":"no","exclude_global_add_ons":[],"addons":[],"yoast_head":"<!-- This site is optimized with the Yoast SEO plugin v27.5 - https:\/\/yoast.com\/product\/yoast-seo-wordpress\/ -->\n<title>LUUV  Natural Deeply Moisturizing  Body Cream with Plum Oil - Greenspells<\/title>\n<meta name=\"description\" content=\"Nat\u016bralus LUUV kremas su slyv\u0173 aliejumi \u2013 giliai dr\u0117kina, greitai \u012fsigeria ir tinka jautriai odai. M\u0117gaukit\u0117s \u0161velnia, elastinga ir \u0161vytin\u010dia oda!\" \/>\n<meta name=\"robots\" content=\"index, follow, max-snippet:-1, max-image-preview:large, max-video-preview:-1\" \/>\n<link rel=\"canonical\" href=\"https:\/\/greenspells.com\/lt\/produktas\/luuv-natural-deeply-moisturizing-body-cream-with-plum-oil\/\" \/>\n<meta property=\"og:locale\" content=\"lt_LT\" \/>\n<meta property=\"og:type\" content=\"article\" \/>\n<meta property=\"og:title\" content=\"LUUV  Natural Deeply Moisturizing  Body Cream with Plum Oil - Greenspells\" \/>\n<meta property=\"og:description\" content=\"Nat\u016bralus LUUV kremas su slyv\u0173 aliejumi \u2013 giliai dr\u0117kina, greitai \u012fsigeria ir tinka jautriai odai. M\u0117gaukit\u0117s \u0161velnia, elastinga ir \u0161vytin\u010dia oda!\" \/>\n<meta property=\"og:url\" content=\"https:\/\/greenspells.com\/lt\/produktas\/luuv-natural-deeply-moisturizing-body-cream-with-plum-oil\/\" \/>\n<meta property=\"og:site_name\" content=\"Greenspells\" \/>\n<meta property=\"article:publisher\" content=\"https:\/\/www.facebook.com\/Greenspells\" \/>\n<meta property=\"article:modified_time\" content=\"2026-03-16T09:12:37+00:00\" \/>\n<meta property=\"og:image\" content=\"https:\/\/greenspells.com\/wp-content\/uploads\/2025\/12\/luuv_kreem_plum.jpg\" \/>\n\t<meta property=\"og:image:width\" content=\"2048\" \/>\n\t<meta property=\"og:image:height\" content=\"1638\" \/>\n\t<meta property=\"og:image:type\" content=\"image\/jpeg\" \/>\n<meta name=\"twitter:card\" content=\"summary_large_image\" \/>\n<meta name=\"twitter:label1\" content=\"Est. reading time\" \/>\n\t<meta name=\"twitter:data1\" content=\"2 minut\u0117s\" \/>\n<script type=\"application\/ld+json\" class=\"yoast-schema-graph\">{\"@context\":\"https:\\\/\\\/schema.org\",\"@graph\":[{\"@type\":\"WebPage\",\"@id\":\"https:\\\/\\\/greenspells.com\\\/product\\\/luuv-natural-deeply-moisturizing-body-cream-with-plum-oil\\\/\",\"url\":\"https:\\\/\\\/greenspells.com\\\/product\\\/luuv-natural-deeply-moisturizing-body-cream-with-plum-oil\\\/\",\"name\":\"LUUV Natural Deeply Moisturizing Body Cream with Plum Oil - Greenspells\",\"isPartOf\":{\"@id\":\"https:\\\/\\\/greenspells.com\\\/#website\"},\"primaryImageOfPage\":{\"@id\":\"https:\\\/\\\/greenspells.com\\\/product\\\/luuv-natural-deeply-moisturizing-body-cream-with-plum-oil\\\/#primaryimage\"},\"image\":{\"@id\":\"https:\\\/\\\/greenspells.com\\\/product\\\/luuv-natural-deeply-moisturizing-body-cream-with-plum-oil\\\/#primaryimage\"},\"thumbnailUrl\":\"https:\\\/\\\/i0.wp.com\\\/greenspells.com\\\/wp-content\\\/uploads\\\/2025\\\/12\\\/luuv_kreem_plum.jpg?fit=2048%2C1638&ssl=1\",\"datePublished\":\"2025-12-02T09:31:25+00:00\",\"dateModified\":\"2026-03-16T09:12:37+00:00\",\"description\":\"Nat\u016bralus LUUV kremas su slyv\u0173 aliejumi \u2013 giliai dr\u0117kina, greitai \u012fsigeria ir tinka jautriai odai. M\u0117gaukit\u0117s \u0161velnia, elastinga ir \u0161vytin\u010dia oda!\",\"breadcrumb\":{\"@id\":\"https:\\\/\\\/greenspells.com\\\/product\\\/luuv-natural-deeply-moisturizing-body-cream-with-plum-oil\\\/#breadcrumb\"},\"inLanguage\":\"lt-LT\",\"potentialAction\":[{\"@type\":\"ReadAction\",\"target\":[\"https:\\\/\\\/greenspells.com\\\/product\\\/luuv-natural-deeply-moisturizing-body-cream-with-plum-oil\\\/\"]}]},{\"@type\":\"ImageObject\",\"inLanguage\":\"lt-LT\",\"@id\":\"https:\\\/\\\/greenspells.com\\\/product\\\/luuv-natural-deeply-moisturizing-body-cream-with-plum-oil\\\/#primaryimage\",\"url\":\"https:\\\/\\\/i0.wp.com\\\/greenspells.com\\\/wp-content\\\/uploads\\\/2025\\\/12\\\/luuv_kreem_plum.jpg?fit=2048%2C1638&ssl=1\",\"contentUrl\":\"https:\\\/\\\/i0.wp.com\\\/greenspells.com\\\/wp-content\\\/uploads\\\/2025\\\/12\\\/luuv_kreem_plum.jpg?fit=2048%2C1638&ssl=1\",\"width\":2048,\"height\":1638,\"caption\":\"luuv deeply hydrating body cream with plum oil\"},{\"@type\":\"BreadcrumbList\",\"@id\":\"https:\\\/\\\/greenspells.com\\\/product\\\/luuv-natural-deeply-moisturizing-body-cream-with-plum-oil\\\/#breadcrumb\",\"itemListElement\":[{\"@type\":\"ListItem\",\"position\":1,\"name\":\"Home\",\"item\":\"https:\\\/\\\/greenspells.com\\\/\"},{\"@type\":\"ListItem\",\"position\":2,\"name\":\"Shop\",\"item\":\"https:\\\/\\\/greenspells.com\\\/shop\\\/\"},{\"@type\":\"ListItem\",\"position\":3,\"name\":\"LUUV Natural Deeply Moisturizing Body Cream with Plum Oil\"}]},{\"@type\":\"WebSite\",\"@id\":\"https:\\\/\\\/greenspells.com\\\/#website\",\"url\":\"https:\\\/\\\/greenspells.com\\\/\",\"name\":\"Greenspells\",\"description\":\"Nat\u016brali ir ekologi\u0161ka kosmetika\",\"publisher\":{\"@id\":\"https:\\\/\\\/greenspells.com\\\/#organization\"},\"potentialAction\":[{\"@type\":\"SearchAction\",\"target\":{\"@type\":\"EntryPoint\",\"urlTemplate\":\"https:\\\/\\\/greenspells.com\\\/?s={search_term_string}\"},\"query-input\":{\"@type\":\"PropertyValueSpecification\",\"valueRequired\":true,\"valueName\":\"search_term_string\"}}],\"inLanguage\":\"lt-LT\"},{\"@type\":\"Organization\",\"@id\":\"https:\\\/\\\/greenspells.com\\\/#organization\",\"name\":\"Greenspells\",\"url\":\"https:\\\/\\\/greenspells.com\\\/\",\"logo\":{\"@type\":\"ImageObject\",\"inLanguage\":\"lt-LT\",\"@id\":\"https:\\\/\\\/greenspells.com\\\/#\\\/schema\\\/logo\\\/image\\\/\",\"url\":\"https:\\\/\\\/i0.wp.com\\\/greenspells.com\\\/wp-content\\\/uploads\\\/2020\\\/09\\\/20200722_153424_0000.png?fit=1500%2C1500&ssl=1\",\"contentUrl\":\"https:\\\/\\\/i0.wp.com\\\/greenspells.com\\\/wp-content\\\/uploads\\\/2020\\\/09\\\/20200722_153424_0000.png?fit=1500%2C1500&ssl=1\",\"width\":1500,\"height\":1500,\"caption\":\"Greenspells\"},\"image\":{\"@id\":\"https:\\\/\\\/greenspells.com\\\/#\\\/schema\\\/logo\\\/image\\\/\"},\"sameAs\":[\"https:\\\/\\\/www.facebook.com\\\/Greenspells\",\"https:\\\/\\\/www.instagram.com\\\/greenspells_store\\\/\"]}]}<\/script>\n<!-- \/ Yoast SEO plugin. -->","yoast_head_json":{"title":"LUUV  Natural Deeply Moisturizing  Body Cream with Plum Oil - Greenspells","description":"Nat\u016bralus LUUV kremas su slyv\u0173 aliejumi \u2013 giliai dr\u0117kina, greitai \u012fsigeria ir tinka jautriai odai. M\u0117gaukit\u0117s \u0161velnia, elastinga ir \u0161vytin\u010dia oda!","robots":{"index":"index","follow":"follow","max-snippet":"max-snippet:-1","max-image-preview":"max-image-preview:large","max-video-preview":"max-video-preview:-1"},"canonical":"https:\/\/greenspells.com\/lt\/produktas\/luuv-natural-deeply-moisturizing-body-cream-with-plum-oil\/","og_locale":"lt_LT","og_type":"article","og_title":"LUUV  Natural Deeply Moisturizing  Body Cream with Plum Oil - Greenspells","og_description":"Nat\u016bralus LUUV kremas su slyv\u0173 aliejumi \u2013 giliai dr\u0117kina, greitai \u012fsigeria ir tinka jautriai odai. M\u0117gaukit\u0117s \u0161velnia, elastinga ir \u0161vytin\u010dia oda!","og_url":"https:\/\/greenspells.com\/lt\/produktas\/luuv-natural-deeply-moisturizing-body-cream-with-plum-oil\/","og_site_name":"Greenspells","article_publisher":"https:\/\/www.facebook.com\/Greenspells","article_modified_time":"2026-03-16T09:12:37+00:00","og_image":[{"width":2048,"height":1638,"url":"https:\/\/greenspells.com\/wp-content\/uploads\/2025\/12\/luuv_kreem_plum.jpg","type":"image\/jpeg"}],"twitter_card":"summary_large_image","twitter_misc":{"Est. reading time":"2 minut\u0117s"},"schema":{"@context":"https:\/\/schema.org","@graph":[{"@type":"WebPage","@id":"https:\/\/greenspells.com\/product\/luuv-natural-deeply-moisturizing-body-cream-with-plum-oil\/","url":"https:\/\/greenspells.com\/product\/luuv-natural-deeply-moisturizing-body-cream-with-plum-oil\/","name":"LUUV Natural Deeply Moisturizing Body Cream with Plum Oil - Greenspells","isPartOf":{"@id":"https:\/\/greenspells.com\/#website"},"primaryImageOfPage":{"@id":"https:\/\/greenspells.com\/product\/luuv-natural-deeply-moisturizing-body-cream-with-plum-oil\/#primaryimage"},"image":{"@id":"https:\/\/greenspells.com\/product\/luuv-natural-deeply-moisturizing-body-cream-with-plum-oil\/#primaryimage"},"thumbnailUrl":"https:\/\/i0.wp.com\/greenspells.com\/wp-content\/uploads\/2025\/12\/luuv_kreem_plum.jpg?fit=2048%2C1638&ssl=1","datePublished":"2025-12-02T09:31:25+00:00","dateModified":"2026-03-16T09:12:37+00:00","description":"Nat\u016bralus LUUV kremas su slyv\u0173 aliejumi \u2013 giliai dr\u0117kina, greitai \u012fsigeria ir tinka jautriai odai. M\u0117gaukit\u0117s \u0161velnia, elastinga ir \u0161vytin\u010dia oda!","breadcrumb":{"@id":"https:\/\/greenspells.com\/product\/luuv-natural-deeply-moisturizing-body-cream-with-plum-oil\/#breadcrumb"},"inLanguage":"lt-LT","potentialAction":[{"@type":"ReadAction","target":["https:\/\/greenspells.com\/product\/luuv-natural-deeply-moisturizing-body-cream-with-plum-oil\/"]}]},{"@type":"ImageObject","inLanguage":"lt-LT","@id":"https:\/\/greenspells.com\/product\/luuv-natural-deeply-moisturizing-body-cream-with-plum-oil\/#primaryimage","url":"https:\/\/i0.wp.com\/greenspells.com\/wp-content\/uploads\/2025\/12\/luuv_kreem_plum.jpg?fit=2048%2C1638&ssl=1","contentUrl":"https:\/\/i0.wp.com\/greenspells.com\/wp-content\/uploads\/2025\/12\/luuv_kreem_plum.jpg?fit=2048%2C1638&ssl=1","width":2048,"height":1638,"caption":"luuv deeply hydrating body cream with plum oil"},{"@type":"BreadcrumbList","@id":"https:\/\/greenspells.com\/product\/luuv-natural-deeply-moisturizing-body-cream-with-plum-oil\/#breadcrumb","itemListElement":[{"@type":"ListItem","position":1,"name":"Home","item":"https:\/\/greenspells.com\/"},{"@type":"ListItem","position":2,"name":"Shop","item":"https:\/\/greenspells.com\/shop\/"},{"@type":"ListItem","position":3,"name":"LUUV Natural Deeply Moisturizing Body Cream with Plum Oil"}]},{"@type":"WebSite","@id":"https:\/\/greenspells.com\/#website","url":"https:\/\/greenspells.com\/","name":"Greenspells","description":"Nat\u016brali ir ekologi\u0161ka kosmetika","publisher":{"@id":"https:\/\/greenspells.com\/#organization"},"potentialAction":[{"@type":"SearchAction","target":{"@type":"EntryPoint","urlTemplate":"https:\/\/greenspells.com\/?s={search_term_string}"},"query-input":{"@type":"PropertyValueSpecification","valueRequired":true,"valueName":"search_term_string"}}],"inLanguage":"lt-LT"},{"@type":"Organization","@id":"https:\/\/greenspells.com\/#organization","name":"Greenspells","url":"https:\/\/greenspells.com\/","logo":{"@type":"ImageObject","inLanguage":"lt-LT","@id":"https:\/\/greenspells.com\/#\/schema\/logo\/image\/","url":"https:\/\/i0.wp.com\/greenspells.com\/wp-content\/uploads\/2020\/09\/20200722_153424_0000.png?fit=1500%2C1500&ssl=1","contentUrl":"https:\/\/i0.wp.com\/greenspells.com\/wp-content\/uploads\/2020\/09\/20200722_153424_0000.png?fit=1500%2C1500&ssl=1","width":1500,"height":1500,"caption":"Greenspells"},"image":{"@id":"https:\/\/greenspells.com\/#\/schema\/logo\/image\/"},"sameAs":["https:\/\/www.facebook.com\/Greenspells","https:\/\/www.instagram.com\/greenspells_store\/"]}]}},"jetpack_likes_enabled":true,"jetpack_sharing_enabled":true,"_links":{"self":[{"href":"https:\/\/greenspells.com\/lt\/wp-json\/wp\/v2\/product\/1676396","targetHints":{"allow":["GET"]}}],"collection":[{"href":"https:\/\/greenspells.com\/lt\/wp-json\/wp\/v2\/product"}],"about":[{"href":"https:\/\/greenspells.com\/lt\/wp-json\/wp\/v2\/types\/product"}],"replies":[{"embeddable":true,"href":"https:\/\/greenspells.com\/lt\/wp-json\/wp\/v2\/comments?post=1676396"}],"wp:featuredmedia":[{"embeddable":true,"href":"https:\/\/greenspells.com\/lt\/wp-json\/wp\/v2\/media\/1676399"}],"wp:attachment":[{"href":"https:\/\/greenspells.com\/lt\/wp-json\/wp\/v2\/media?parent=1676396"}],"wp:term":[{"taxonomy":"product_brand","embeddable":true,"href":"https:\/\/greenspells.com\/lt\/wp-json\/wp\/v2\/product_brand?post=1676396"},{"taxonomy":"product_cat","embeddable":true,"href":"https:\/\/greenspells.com\/lt\/wp-json\/wp\/v2\/product_cat?post=1676396"},{"taxonomy":"product_tag","embeddable":true,"href":"https:\/\/greenspells.com\/lt\/wp-json\/wp\/v2\/product_tag?post=1676396"}],"curies":[{"name":"wp","href":"https:\/\/api.w.org\/{rel}","templated":true}]}}