{"id":1676388,"date":"2025-12-02T11:15:33","date_gmt":"2025-12-02T09:15:33","guid":{"rendered":"https:\/\/greenspells.com\/?post_type=product&#038;p=1676388"},"modified":"2026-03-16T11:12:51","modified_gmt":"2026-03-16T09:12:51","slug":"luuv-energising-vitamin-body-cream-200ml","status":"publish","type":"product","link":"https:\/\/greenspells.com\/lt\/produktas\/luuv-energising-vitamin-body-cream-200ml\/","title":{"rendered":"LUUV <br> Energizuojantis k\u016bno kremas su \u0161altalankiais <br> 200ml"},"content":{"rendered":"<ul>\n<li>Lengva, puri tekst\u016bra<\/li>\n<li>Mink\u0161tina, maitina<\/li>\n<li>Visiems odos tipams<\/li>\n<li>Gaivus citrus\u0173 aromatas<\/li>\n<\/ul>\n<p>Atraskite nauj\u0105 odos \u0161velnumo ir maitinimo lyg\u012f su LUUV \u0160altalanki\u0173 ir Mango k\u016bno kremu. \u0160velni puri tekst\u016bra suteikia odai komforto poj\u016bt\u012f i\u0161 karto, o nat\u016bral\u016bs ingredientai pasir\u016bpina giliu maitinimu. Tinka vis\u0173 tip\u0173 odai \u2013 nuo sausos iki riebesn\u0117s.<\/p>\n<p>Mango sviestas giliai maitina ir dr\u0117kina, palikdamas od\u0105 \u0161ilkinio \u0161velnumo.\n\u0160altalanki\u0173 aliejus \u2013 tikras vitamino C u\u017etaisas \u2013 suteikia odai \u0161vyt\u0117jimo, stiprina ir padeda atkurti odos elastingum\u0105.\nMork\u0173 aliejus su beta karotenu palaiko nat\u016bral\u0173 odos spindes\u012f ir tolyg\u0173 atspalv\u012f.\n\nOdos strukt\u016bra tampa lygesn\u0117, atkuriama dr\u0117gm\u0117s pusiausvyra \u2013 jau po pirm\u0173 kart\u0173 oda atrodo sveika, skaisti ir gyvybinga.<\/p>\n<p><em><strong>Pagrindiniai ingredientai<\/strong><\/em><\/p>\n<p><strong>\u0160altalanki\u0173 aliejus<\/strong> tikras odos supermaistas:\n\nMaitina ir dr\u0117kina, saugo nuo dr\u0117gm\u0117s praradimo;\n\nVitamino C gausa suteikia odai skaistumo ir gyvybingumo;\n\nAntioksidantai saugo nuo sen\u0117jimo po\u017eymi\u0173.<\/p>\n<p id=\"tw-target-text\" class=\"tw-data-text tw-text-large tw-ta\" dir=\"ltr\" data-placeholder=\"T\u00f5lge\" aria-label=\"T\u00f5lgitud tekst\" data-ved=\"2ahUKEwi-ruvxp7CGAxVrExAIHSOFDeAQ3ewLegQIBRAU\"><span class=\"Y2IQFc\" lang=\"en\"><strong>Mork\u0173 aliejus (s\u0117kly\u010di\u0173)<\/strong>\u00a0Turtingas beta karoteno ir vitamino A.\n\nPadeda tolyginti odos ton\u0105 ir suteikia nat\u016bral\u0173 \u0161vyt\u0117jim\u0105.<\/span><\/p>\n<p><em><strong>Kaip naudoti?<\/strong><\/em><\/p>\n<p>Tinka kasdieniam naudojimui: tepkite ant \u0161varios odos ir \u012fmasa\u017euokite sukamaisiais judesiais, kol visi\u0161kai \u012fsigers.<\/p>\n<p><em><strong>Sud\u0117tis:<\/strong><\/em><\/p>\n<p>Aqua, Cocos Nucifera, Mangifera Indica seed (Mango) butter, Polyglyceryl-3 Distearate, Glyceryl Stearate Citrate, Hydrolyzed Wheat Protein, Cetyl Alcohol, Dunaliella Salina (Carrot) Extract, Helianthus Annuus Seed Oil, Hippophae Rhamnoides (Sea buckthorn) oil, Citrus Nobilis (Mandarin oil), Citrus Aurantium (Orange oil), Triethylcitrate, Glyceryl Caprylate, Xanthan Gum, Benzoic Acid, Parfum, Limonene, Citral, Linalool<\/p>\n<p>Natural origin: 99,79%<br \/>\n100% vegan<\/p>","protected":false},"excerpt":{"rendered":"<p>Light foamy texture Softens and nourishes For all skin types Fresh citrus aroma Step into a world of nourishment and softness like never before: say hello to LUUV Sea Buckthorn and Mango Body Cream. Enriched with the goodness of sea buckthorn, this body cream works wonders in softening and revitalizing your skin. Suitable for all [&hellip;]<\/p>\n","protected":false},"featured_media":1676392,"comment_status":"open","ping_status":"closed","template":"","meta":{"content-type":"","_monsterinsights_skip_tracking":false,"_monsterinsights_sitenote_active":false,"_monsterinsights_sitenote_note":"","_monsterinsights_sitenote_category":0,"_uf_show_specific_survey":0,"_uf_disable_surveys":false},"product_brand":[2069],"product_cat":[137,141,15],"product_tag":[948,1193,648,2070,2107,1199,2106],"class_list":{"0":"post-1676388","1":"product","2":"type-product","3":"status-publish","4":"has-post-thumbnail","6":"product_brand-luuv","7":"product_cat-bath-and-body","8":"product_cat-hand-body-lotions","9":"product_cat-all-products","10":"product_tag-body-cream","11":"product_tag-drekinantis-kuno-kremas","12":"product_tag-kuno-kremas","13":"product_tag-luuv","14":"product_tag-maitinantis-kuno-kremas","15":"product_tag-naturalus-kuno-kremas","16":"product_tag-natural-body-cream","18":"first","19":"instock","20":"taxable","21":"shipping-taxable","22":"purchasable","23":"product-type-simple"},"bundled_by":[],"bundle_stock_status":"instock","bundle_stock_quantity":null,"bundle_virtual":false,"bundle_layout":"","bundle_add_to_cart_form_location":"","bundle_editable_in_cart":false,"bundle_sold_individually_context":"","bundle_item_grouping":"","bundle_min_size":"","bundle_max_size":"","bundle_price":[],"bundled_items":[],"bundle_sell_ids":[],"group_of_quantity":0,"min_quantity":0,"max_quantity":"","exclude_order_quantity_value_rules":"no","exclude_category_quantity_rules":"no","combine_variations":"no","exclude_global_add_ons":[],"addons":[],"yoast_head":"<!-- This site is optimized with the Yoast SEO plugin v27.5 - https:\/\/yoast.com\/product\/yoast-seo-wordpress\/ -->\n<title>LUUV  Energising Vitamin Body Cream  200ml - Greenspells<\/title>\n<meta name=\"description\" content=\"LUUV \u0161altalanki\u0173 ir mango k\u016bno kremas maitina, dr\u0117kina, suteikia odai \u0161velnumo. Lengva puri tekst\u016bra, gaivus citrus\u0173 aromatas. Nat\u016bral\u016bs ingredientai!\" \/>\n<meta name=\"robots\" content=\"index, follow, max-snippet:-1, max-image-preview:large, max-video-preview:-1\" \/>\n<link rel=\"canonical\" href=\"https:\/\/greenspells.com\/lt\/produktas\/luuv-energising-vitamin-body-cream-200ml\/\" \/>\n<meta property=\"og:locale\" content=\"lt_LT\" \/>\n<meta property=\"og:type\" content=\"article\" \/>\n<meta property=\"og:title\" content=\"LUUV  Energising Vitamin Body Cream  200ml - Greenspells\" \/>\n<meta property=\"og:description\" content=\"LUUV \u0161altalanki\u0173 ir mango k\u016bno kremas maitina, dr\u0117kina, suteikia odai \u0161velnumo. Lengva puri tekst\u016bra, gaivus citrus\u0173 aromatas. Nat\u016bral\u016bs ingredientai!\" \/>\n<meta property=\"og:url\" content=\"https:\/\/greenspells.com\/lt\/produktas\/luuv-energising-vitamin-body-cream-200ml\/\" \/>\n<meta property=\"og:site_name\" content=\"Greenspells\" \/>\n<meta property=\"article:publisher\" content=\"https:\/\/www.facebook.com\/Greenspells\" \/>\n<meta property=\"article:modified_time\" content=\"2026-03-16T09:12:51+00:00\" \/>\n<meta property=\"og:image\" content=\"https:\/\/greenspells.com\/wp-content\/uploads\/2025\/12\/luuv_kreem_vitamin.png\" \/>\n\t<meta property=\"og:image:width\" content=\"2048\" \/>\n\t<meta property=\"og:image:height\" content=\"1638\" \/>\n\t<meta property=\"og:image:type\" content=\"image\/png\" \/>\n<meta name=\"twitter:card\" content=\"summary_large_image\" \/>\n<meta name=\"twitter:label1\" content=\"Est. reading time\" \/>\n\t<meta name=\"twitter:data1\" content=\"2 minut\u0117s\" \/>\n<script type=\"application\/ld+json\" class=\"yoast-schema-graph\">{\"@context\":\"https:\\\/\\\/schema.org\",\"@graph\":[{\"@type\":\"WebPage\",\"@id\":\"https:\\\/\\\/greenspells.com\\\/product\\\/luuv-energising-vitamin-body-cream-200ml\\\/\",\"url\":\"https:\\\/\\\/greenspells.com\\\/product\\\/luuv-energising-vitamin-body-cream-200ml\\\/\",\"name\":\"LUUV Energising Vitamin Body Cream 200ml - Greenspells\",\"isPartOf\":{\"@id\":\"https:\\\/\\\/greenspells.com\\\/#website\"},\"primaryImageOfPage\":{\"@id\":\"https:\\\/\\\/greenspells.com\\\/product\\\/luuv-energising-vitamin-body-cream-200ml\\\/#primaryimage\"},\"image\":{\"@id\":\"https:\\\/\\\/greenspells.com\\\/product\\\/luuv-energising-vitamin-body-cream-200ml\\\/#primaryimage\"},\"thumbnailUrl\":\"https:\\\/\\\/i0.wp.com\\\/greenspells.com\\\/wp-content\\\/uploads\\\/2025\\\/12\\\/luuv_kreem_vitamin.png?fit=2048%2C1638&ssl=1\",\"datePublished\":\"2025-12-02T09:15:33+00:00\",\"dateModified\":\"2026-03-16T09:12:51+00:00\",\"description\":\"LUUV \u0161altalanki\u0173 ir mango k\u016bno kremas maitina, dr\u0117kina, suteikia odai \u0161velnumo. Lengva puri tekst\u016bra, gaivus citrus\u0173 aromatas. Nat\u016bral\u016bs ingredientai!\",\"breadcrumb\":{\"@id\":\"https:\\\/\\\/greenspells.com\\\/product\\\/luuv-energising-vitamin-body-cream-200ml\\\/#breadcrumb\"},\"inLanguage\":\"lt-LT\",\"potentialAction\":[{\"@type\":\"ReadAction\",\"target\":[\"https:\\\/\\\/greenspells.com\\\/product\\\/luuv-energising-vitamin-body-cream-200ml\\\/\"]}]},{\"@type\":\"ImageObject\",\"inLanguage\":\"lt-LT\",\"@id\":\"https:\\\/\\\/greenspells.com\\\/product\\\/luuv-energising-vitamin-body-cream-200ml\\\/#primaryimage\",\"url\":\"https:\\\/\\\/i0.wp.com\\\/greenspells.com\\\/wp-content\\\/uploads\\\/2025\\\/12\\\/luuv_kreem_vitamin.png?fit=2048%2C1638&ssl=1\",\"contentUrl\":\"https:\\\/\\\/i0.wp.com\\\/greenspells.com\\\/wp-content\\\/uploads\\\/2025\\\/12\\\/luuv_kreem_vitamin.png?fit=2048%2C1638&ssl=1\",\"width\":2048,\"height\":1638,\"caption\":\"LUUV energising vitamin body cream\"},{\"@type\":\"BreadcrumbList\",\"@id\":\"https:\\\/\\\/greenspells.com\\\/product\\\/luuv-energising-vitamin-body-cream-200ml\\\/#breadcrumb\",\"itemListElement\":[{\"@type\":\"ListItem\",\"position\":1,\"name\":\"Home\",\"item\":\"https:\\\/\\\/greenspells.com\\\/\"},{\"@type\":\"ListItem\",\"position\":2,\"name\":\"Shop\",\"item\":\"https:\\\/\\\/greenspells.com\\\/shop\\\/\"},{\"@type\":\"ListItem\",\"position\":3,\"name\":\"LUUV Energising Vitamin Body Cream 200ml\"}]},{\"@type\":\"WebSite\",\"@id\":\"https:\\\/\\\/greenspells.com\\\/#website\",\"url\":\"https:\\\/\\\/greenspells.com\\\/\",\"name\":\"Greenspells\",\"description\":\"Nat\u016brali ir ekologi\u0161ka kosmetika\",\"publisher\":{\"@id\":\"https:\\\/\\\/greenspells.com\\\/#organization\"},\"potentialAction\":[{\"@type\":\"SearchAction\",\"target\":{\"@type\":\"EntryPoint\",\"urlTemplate\":\"https:\\\/\\\/greenspells.com\\\/?s={search_term_string}\"},\"query-input\":{\"@type\":\"PropertyValueSpecification\",\"valueRequired\":true,\"valueName\":\"search_term_string\"}}],\"inLanguage\":\"lt-LT\"},{\"@type\":\"Organization\",\"@id\":\"https:\\\/\\\/greenspells.com\\\/#organization\",\"name\":\"Greenspells\",\"url\":\"https:\\\/\\\/greenspells.com\\\/\",\"logo\":{\"@type\":\"ImageObject\",\"inLanguage\":\"lt-LT\",\"@id\":\"https:\\\/\\\/greenspells.com\\\/#\\\/schema\\\/logo\\\/image\\\/\",\"url\":\"https:\\\/\\\/i0.wp.com\\\/greenspells.com\\\/wp-content\\\/uploads\\\/2020\\\/09\\\/20200722_153424_0000.png?fit=1500%2C1500&ssl=1\",\"contentUrl\":\"https:\\\/\\\/i0.wp.com\\\/greenspells.com\\\/wp-content\\\/uploads\\\/2020\\\/09\\\/20200722_153424_0000.png?fit=1500%2C1500&ssl=1\",\"width\":1500,\"height\":1500,\"caption\":\"Greenspells\"},\"image\":{\"@id\":\"https:\\\/\\\/greenspells.com\\\/#\\\/schema\\\/logo\\\/image\\\/\"},\"sameAs\":[\"https:\\\/\\\/www.facebook.com\\\/Greenspells\",\"https:\\\/\\\/www.instagram.com\\\/greenspells_store\\\/\"]}]}<\/script>\n<!-- \/ Yoast SEO plugin. -->","yoast_head_json":{"title":"LUUV  Energising Vitamin Body Cream  200ml - Greenspells","description":"LUUV \u0161altalanki\u0173 ir mango k\u016bno kremas maitina, dr\u0117kina, suteikia odai \u0161velnumo. Lengva puri tekst\u016bra, gaivus citrus\u0173 aromatas. Nat\u016bral\u016bs ingredientai!","robots":{"index":"index","follow":"follow","max-snippet":"max-snippet:-1","max-image-preview":"max-image-preview:large","max-video-preview":"max-video-preview:-1"},"canonical":"https:\/\/greenspells.com\/lt\/produktas\/luuv-energising-vitamin-body-cream-200ml\/","og_locale":"lt_LT","og_type":"article","og_title":"LUUV  Energising Vitamin Body Cream  200ml - Greenspells","og_description":"LUUV \u0161altalanki\u0173 ir mango k\u016bno kremas maitina, dr\u0117kina, suteikia odai \u0161velnumo. Lengva puri tekst\u016bra, gaivus citrus\u0173 aromatas. Nat\u016bral\u016bs ingredientai!","og_url":"https:\/\/greenspells.com\/lt\/produktas\/luuv-energising-vitamin-body-cream-200ml\/","og_site_name":"Greenspells","article_publisher":"https:\/\/www.facebook.com\/Greenspells","article_modified_time":"2026-03-16T09:12:51+00:00","og_image":[{"width":2048,"height":1638,"url":"https:\/\/greenspells.com\/wp-content\/uploads\/2025\/12\/luuv_kreem_vitamin.png","type":"image\/png"}],"twitter_card":"summary_large_image","twitter_misc":{"Est. reading time":"2 minut\u0117s"},"schema":{"@context":"https:\/\/schema.org","@graph":[{"@type":"WebPage","@id":"https:\/\/greenspells.com\/product\/luuv-energising-vitamin-body-cream-200ml\/","url":"https:\/\/greenspells.com\/product\/luuv-energising-vitamin-body-cream-200ml\/","name":"LUUV Energising Vitamin Body Cream 200ml - Greenspells","isPartOf":{"@id":"https:\/\/greenspells.com\/#website"},"primaryImageOfPage":{"@id":"https:\/\/greenspells.com\/product\/luuv-energising-vitamin-body-cream-200ml\/#primaryimage"},"image":{"@id":"https:\/\/greenspells.com\/product\/luuv-energising-vitamin-body-cream-200ml\/#primaryimage"},"thumbnailUrl":"https:\/\/i0.wp.com\/greenspells.com\/wp-content\/uploads\/2025\/12\/luuv_kreem_vitamin.png?fit=2048%2C1638&ssl=1","datePublished":"2025-12-02T09:15:33+00:00","dateModified":"2026-03-16T09:12:51+00:00","description":"LUUV \u0161altalanki\u0173 ir mango k\u016bno kremas maitina, dr\u0117kina, suteikia odai \u0161velnumo. Lengva puri tekst\u016bra, gaivus citrus\u0173 aromatas. Nat\u016bral\u016bs ingredientai!","breadcrumb":{"@id":"https:\/\/greenspells.com\/product\/luuv-energising-vitamin-body-cream-200ml\/#breadcrumb"},"inLanguage":"lt-LT","potentialAction":[{"@type":"ReadAction","target":["https:\/\/greenspells.com\/product\/luuv-energising-vitamin-body-cream-200ml\/"]}]},{"@type":"ImageObject","inLanguage":"lt-LT","@id":"https:\/\/greenspells.com\/product\/luuv-energising-vitamin-body-cream-200ml\/#primaryimage","url":"https:\/\/i0.wp.com\/greenspells.com\/wp-content\/uploads\/2025\/12\/luuv_kreem_vitamin.png?fit=2048%2C1638&ssl=1","contentUrl":"https:\/\/i0.wp.com\/greenspells.com\/wp-content\/uploads\/2025\/12\/luuv_kreem_vitamin.png?fit=2048%2C1638&ssl=1","width":2048,"height":1638,"caption":"LUUV energising vitamin body cream"},{"@type":"BreadcrumbList","@id":"https:\/\/greenspells.com\/product\/luuv-energising-vitamin-body-cream-200ml\/#breadcrumb","itemListElement":[{"@type":"ListItem","position":1,"name":"Home","item":"https:\/\/greenspells.com\/"},{"@type":"ListItem","position":2,"name":"Shop","item":"https:\/\/greenspells.com\/shop\/"},{"@type":"ListItem","position":3,"name":"LUUV Energising Vitamin Body Cream 200ml"}]},{"@type":"WebSite","@id":"https:\/\/greenspells.com\/#website","url":"https:\/\/greenspells.com\/","name":"Greenspells","description":"Nat\u016brali ir ekologi\u0161ka kosmetika","publisher":{"@id":"https:\/\/greenspells.com\/#organization"},"potentialAction":[{"@type":"SearchAction","target":{"@type":"EntryPoint","urlTemplate":"https:\/\/greenspells.com\/?s={search_term_string}"},"query-input":{"@type":"PropertyValueSpecification","valueRequired":true,"valueName":"search_term_string"}}],"inLanguage":"lt-LT"},{"@type":"Organization","@id":"https:\/\/greenspells.com\/#organization","name":"Greenspells","url":"https:\/\/greenspells.com\/","logo":{"@type":"ImageObject","inLanguage":"lt-LT","@id":"https:\/\/greenspells.com\/#\/schema\/logo\/image\/","url":"https:\/\/i0.wp.com\/greenspells.com\/wp-content\/uploads\/2020\/09\/20200722_153424_0000.png?fit=1500%2C1500&ssl=1","contentUrl":"https:\/\/i0.wp.com\/greenspells.com\/wp-content\/uploads\/2020\/09\/20200722_153424_0000.png?fit=1500%2C1500&ssl=1","width":1500,"height":1500,"caption":"Greenspells"},"image":{"@id":"https:\/\/greenspells.com\/#\/schema\/logo\/image\/"},"sameAs":["https:\/\/www.facebook.com\/Greenspells","https:\/\/www.instagram.com\/greenspells_store\/"]}]}},"jetpack_likes_enabled":true,"jetpack_sharing_enabled":true,"_links":{"self":[{"href":"https:\/\/greenspells.com\/lt\/wp-json\/wp\/v2\/product\/1676388","targetHints":{"allow":["GET"]}}],"collection":[{"href":"https:\/\/greenspells.com\/lt\/wp-json\/wp\/v2\/product"}],"about":[{"href":"https:\/\/greenspells.com\/lt\/wp-json\/wp\/v2\/types\/product"}],"replies":[{"embeddable":true,"href":"https:\/\/greenspells.com\/lt\/wp-json\/wp\/v2\/comments?post=1676388"}],"wp:featuredmedia":[{"embeddable":true,"href":"https:\/\/greenspells.com\/lt\/wp-json\/wp\/v2\/media\/1676392"}],"wp:attachment":[{"href":"https:\/\/greenspells.com\/lt\/wp-json\/wp\/v2\/media?parent=1676388"}],"wp:term":[{"taxonomy":"product_brand","embeddable":true,"href":"https:\/\/greenspells.com\/lt\/wp-json\/wp\/v2\/product_brand?post=1676388"},{"taxonomy":"product_cat","embeddable":true,"href":"https:\/\/greenspells.com\/lt\/wp-json\/wp\/v2\/product_cat?post=1676388"},{"taxonomy":"product_tag","embeddable":true,"href":"https:\/\/greenspells.com\/lt\/wp-json\/wp\/v2\/product_tag?post=1676388"}],"curies":[{"name":"wp","href":"https:\/\/api.w.org\/{rel}","templated":true}]}}