{"id":1676218,"date":"2025-11-07T10:44:48","date_gmt":"2025-11-07T08:44:48","guid":{"rendered":"https:\/\/greenspells.com\/?post_type=product&#038;p=1676218"},"modified":"2026-04-28T12:00:58","modified_gmt":"2026-04-28T10:00:58","slug":"luuv-self-tanning-face-serum-with-hyaluronic-acid","status":"publish","type":"product","link":"https:\/\/greenspells.com\/lt\/produktas\/luuv-self-tanning-face-serum-with-hyaluronic-acid\/","title":{"rendered":"LUUV <br> Savaiminio \u012fdegio serumas veidui <br> Su hialuronu"},"content":{"rendered":"<p>Spindin\u010dios, sveikos odos paslaptis \u2013 LUUV savaiminio \u012fdegio veido serumas! Jis pabr\u0117\u017eia nat\u016bral\u0173 gro\u017e\u012f ir suteikia subalansuot\u0105, \u0161vytint\u012f atspalv\u012f be gelsvumo. Serumas su hialurono r\u016bg\u0161timi giliai dr\u0117kina od\u0105, o skvalenas padeda veikliosioms med\u017eiagoms geriau \u012fsigerti ir dar labiau palaiko dr\u0117gm\u0117s balans\u0105.\n\nLUUV serumas neturi prid\u0117tini\u0173 kvap\u0173, yra visi\u0161kai nat\u016bralus ir vegani\u0161kas, tod\u0117l puikiai tinka net jautriai odai. Produktas sertifikuotas ECOCERT\/COSMOS sertifikatu \u2013 tai kokyb\u0117s ir tvarumo garantas.<\/p>\n<p>ECOCERT\/COSMOS sertifikuotas.<\/p>\n<ul>\n<li>Giliai dr\u0117kinantis<\/li>\n<li>Nat\u016bralus, tolygus \u012fdegis<\/li>\n<li>Be joki\u0173 kvap\u0173 ir kvapikli\u0173!<\/li>\n<li>ECOCERT\/COSMOS sertifikuotas<\/li>\n<\/ul>\n<p><em><strong>Kaip naudoti?<\/strong><\/em><\/p>\n<p>Pirmiausia nuvalykite veid\u0105. Kelis serumo la\u0161us u\u017ela\u0161inkite ant pir\u0161t\u0173 ir tolygiai \u012fmasa\u017euokite \u012f veido od\u0105. \u012edegio intensyvum\u0105 galite reguliuoti: subtiliam \u0161vyt\u0117jimui u\u017eteks keli\u0173 la\u0161\u0173 arba \u012fmai\u0161ykite serum\u0105 \u012f kasdien\u012f dr\u0117kinam\u0105j\u012f krem\u0105. Norint ry\u0161kesnio bronzinio atspalvio, naudokite daugiau la\u0161\u0173.<\/p>\n<p>Nor\u0117dami i\u0161laikyti \u012fdeg\u012f, serum\u0105 naudokite 1\u20132 kartus per savait\u0119.<\/p>\n<p><em><strong>Sud\u0117tis:<\/strong><\/em><\/p>\n<p>Aqua, Propanediol, Dihydroxyacetone, Oryza Sativa (Rice) Starch, Squalane, Glycerin, Triethyl Citrate, Sodium Hyaluronate, Erythrulose, Xanthan Gum, Glyceryl Caprylate, Benzoic Acid<\/p>\n<p>Natural origin: 99.87%<br \/>\n100% vegan<\/p>","protected":false},"excerpt":{"rendered":"<p>Achieving a radiant complexion has never been easier! LUUV self-tanning facial serum enhances your natural beauty, giving you a beautiful and balanced complexion without any yellow undertones. The serum\u2019s hyaluronic acid deeply moisturizes the skin. Squalane helps active ingredients to absorb better and further increase the skin\u2019s moisture levels. The serum contains no added fragrances [&hellip;]<\/p>\n","protected":false},"featured_media":1676221,"comment_status":"open","ping_status":"closed","template":"","meta":{"content-type":"","_monsterinsights_skip_tracking":false,"_monsterinsights_sitenote_active":false,"_monsterinsights_sitenote_note":"","_monsterinsights_sitenote_category":0,"_uf_show_specific_survey":0,"_uf_disable_surveys":false},"product_brand":[2069],"product_cat":[137,2157,33,34,123,15],"product_tag":[2104,2070,1088,1394,2103,736,441],"class_list":{"0":"post-1676218","1":"product","2":"type-product","3":"status-publish","4":"has-post-thumbnail","6":"product_brand-luuv","7":"product_cat-bath-and-body","8":"product_cat-bestsellers","9":"product_cat-serums","10":"product_cat-skincare","11":"product_cat-tanning-products","12":"product_cat-all-products","13":"product_tag-facial-tan","14":"product_tag-luuv","15":"product_tag-naturalus-kremas-veidui","16":"product_tag-savaiminis-idegis-veidui","17":"product_tag-self-tan-for-face","18":"product_tag-serumas-veidui","19":"product_tag-veido-idegis","21":"first","22":"instock","23":"featured","24":"taxable","25":"shipping-taxable","26":"purchasable","27":"product-type-simple"},"bundled_by":[],"bundle_stock_status":"instock","bundle_stock_quantity":null,"bundle_virtual":false,"bundle_layout":"","bundle_add_to_cart_form_location":"","bundle_editable_in_cart":false,"bundle_sold_individually_context":"","bundle_item_grouping":"","bundle_min_size":"","bundle_max_size":"","bundle_price":[],"bundled_items":[],"bundle_sell_ids":[],"group_of_quantity":0,"min_quantity":0,"max_quantity":"","exclude_order_quantity_value_rules":"no","exclude_category_quantity_rules":"no","combine_variations":"no","exclude_global_add_ons":[],"addons":[],"yoast_head":"<!-- This site is optimized with the Yoast SEO plugin v27.5 - https:\/\/yoast.com\/product\/yoast-seo-wordpress\/ -->\n<title>LUUV  Self-tanning face serum  With hyaluronic acid - Greenspells<\/title>\n<meta name=\"description\" content=\"LUUV savaiminio \u012fdegio veido serumas su hialurono r\u016bg\u0161timi \u2013 giliai dr\u0117kina, suteikia nat\u016bral\u0173 spindes\u012f. Be kvapikli\u0173, ECOCERT\/COSMOS sertifikuotas.\" \/>\n<meta name=\"robots\" content=\"index, follow, max-snippet:-1, max-image-preview:large, max-video-preview:-1\" \/>\n<link rel=\"canonical\" href=\"https:\/\/greenspells.com\/lt\/produktas\/luuv-self-tanning-face-serum-with-hyaluronic-acid\/\" \/>\n<meta property=\"og:locale\" content=\"lt_LT\" \/>\n<meta property=\"og:type\" content=\"article\" \/>\n<meta property=\"og:title\" content=\"LUUV  Self-tanning face serum  With hyaluronic acid - Greenspells\" \/>\n<meta property=\"og:description\" content=\"LUUV savaiminio \u012fdegio veido serumas su hialurono r\u016bg\u0161timi \u2013 giliai dr\u0117kina, suteikia nat\u016bral\u0173 spindes\u012f. Be kvapikli\u0173, ECOCERT\/COSMOS sertifikuotas.\" \/>\n<meta property=\"og:url\" content=\"https:\/\/greenspells.com\/lt\/produktas\/luuv-self-tanning-face-serum-with-hyaluronic-acid\/\" \/>\n<meta property=\"og:site_name\" content=\"Greenspells\" \/>\n<meta property=\"article:publisher\" content=\"https:\/\/www.facebook.com\/Greenspells\" \/>\n<meta property=\"article:modified_time\" content=\"2026-04-28T10:00:58+00:00\" \/>\n<meta property=\"og:image\" content=\"https:\/\/greenspells.com\/wp-content\/uploads\/2025\/11\/self-tanning-face-serum.jpg\" \/>\n\t<meta property=\"og:image:width\" content=\"2000\" \/>\n\t<meta property=\"og:image:height\" content=\"2500\" \/>\n\t<meta property=\"og:image:type\" content=\"image\/jpeg\" \/>\n<meta name=\"twitter:card\" content=\"summary_large_image\" \/>\n<meta name=\"twitter:label1\" content=\"Est. reading time\" \/>\n\t<meta name=\"twitter:data1\" content=\"2 minut\u0117s\" \/>\n<script type=\"application\/ld+json\" class=\"yoast-schema-graph\">{\"@context\":\"https:\\\/\\\/schema.org\",\"@graph\":[{\"@type\":\"WebPage\",\"@id\":\"https:\\\/\\\/greenspells.com\\\/product\\\/luuv-self-tanning-face-serum-with-hyaluronic-acid\\\/\",\"url\":\"https:\\\/\\\/greenspells.com\\\/product\\\/luuv-self-tanning-face-serum-with-hyaluronic-acid\\\/\",\"name\":\"LUUV Self-tanning face serum With hyaluronic acid - Greenspells\",\"isPartOf\":{\"@id\":\"https:\\\/\\\/greenspells.com\\\/#website\"},\"primaryImageOfPage\":{\"@id\":\"https:\\\/\\\/greenspells.com\\\/product\\\/luuv-self-tanning-face-serum-with-hyaluronic-acid\\\/#primaryimage\"},\"image\":{\"@id\":\"https:\\\/\\\/greenspells.com\\\/product\\\/luuv-self-tanning-face-serum-with-hyaluronic-acid\\\/#primaryimage\"},\"thumbnailUrl\":\"https:\\\/\\\/i0.wp.com\\\/greenspells.com\\\/wp-content\\\/uploads\\\/2025\\\/11\\\/self-tanning-face-serum.jpg?fit=2000%2C2500&ssl=1\",\"datePublished\":\"2025-11-07T08:44:48+00:00\",\"dateModified\":\"2026-04-28T10:00:58+00:00\",\"description\":\"LUUV savaiminio \u012fdegio veido serumas su hialurono r\u016bg\u0161timi \u2013 giliai dr\u0117kina, suteikia nat\u016bral\u0173 spindes\u012f. Be kvapikli\u0173, ECOCERT\\\/COSMOS sertifikuotas.\",\"breadcrumb\":{\"@id\":\"https:\\\/\\\/greenspells.com\\\/product\\\/luuv-self-tanning-face-serum-with-hyaluronic-acid\\\/#breadcrumb\"},\"inLanguage\":\"lt-LT\",\"potentialAction\":[{\"@type\":\"ReadAction\",\"target\":[\"https:\\\/\\\/greenspells.com\\\/product\\\/luuv-self-tanning-face-serum-with-hyaluronic-acid\\\/\"]}]},{\"@type\":\"ImageObject\",\"inLanguage\":\"lt-LT\",\"@id\":\"https:\\\/\\\/greenspells.com\\\/product\\\/luuv-self-tanning-face-serum-with-hyaluronic-acid\\\/#primaryimage\",\"url\":\"https:\\\/\\\/i0.wp.com\\\/greenspells.com\\\/wp-content\\\/uploads\\\/2025\\\/11\\\/self-tanning-face-serum.jpg?fit=2000%2C2500&ssl=1\",\"contentUrl\":\"https:\\\/\\\/i0.wp.com\\\/greenspells.com\\\/wp-content\\\/uploads\\\/2025\\\/11\\\/self-tanning-face-serum.jpg?fit=2000%2C2500&ssl=1\",\"width\":2000,\"height\":2500},{\"@type\":\"BreadcrumbList\",\"@id\":\"https:\\\/\\\/greenspells.com\\\/product\\\/luuv-self-tanning-face-serum-with-hyaluronic-acid\\\/#breadcrumb\",\"itemListElement\":[{\"@type\":\"ListItem\",\"position\":1,\"name\":\"Home\",\"item\":\"https:\\\/\\\/greenspells.com\\\/\"},{\"@type\":\"ListItem\",\"position\":2,\"name\":\"Shop\",\"item\":\"https:\\\/\\\/greenspells.com\\\/shop\\\/\"},{\"@type\":\"ListItem\",\"position\":3,\"name\":\"LUUV Self-tanning face serum With hyaluronic acid\"}]},{\"@type\":\"WebSite\",\"@id\":\"https:\\\/\\\/greenspells.com\\\/#website\",\"url\":\"https:\\\/\\\/greenspells.com\\\/\",\"name\":\"Greenspells\",\"description\":\"Nat\u016brali ir ekologi\u0161ka kosmetika\",\"publisher\":{\"@id\":\"https:\\\/\\\/greenspells.com\\\/#organization\"},\"potentialAction\":[{\"@type\":\"SearchAction\",\"target\":{\"@type\":\"EntryPoint\",\"urlTemplate\":\"https:\\\/\\\/greenspells.com\\\/?s={search_term_string}\"},\"query-input\":{\"@type\":\"PropertyValueSpecification\",\"valueRequired\":true,\"valueName\":\"search_term_string\"}}],\"inLanguage\":\"lt-LT\"},{\"@type\":\"Organization\",\"@id\":\"https:\\\/\\\/greenspells.com\\\/#organization\",\"name\":\"Greenspells\",\"url\":\"https:\\\/\\\/greenspells.com\\\/\",\"logo\":{\"@type\":\"ImageObject\",\"inLanguage\":\"lt-LT\",\"@id\":\"https:\\\/\\\/greenspells.com\\\/#\\\/schema\\\/logo\\\/image\\\/\",\"url\":\"https:\\\/\\\/i0.wp.com\\\/greenspells.com\\\/wp-content\\\/uploads\\\/2020\\\/09\\\/20200722_153424_0000.png?fit=1500%2C1500&ssl=1\",\"contentUrl\":\"https:\\\/\\\/i0.wp.com\\\/greenspells.com\\\/wp-content\\\/uploads\\\/2020\\\/09\\\/20200722_153424_0000.png?fit=1500%2C1500&ssl=1\",\"width\":1500,\"height\":1500,\"caption\":\"Greenspells\"},\"image\":{\"@id\":\"https:\\\/\\\/greenspells.com\\\/#\\\/schema\\\/logo\\\/image\\\/\"},\"sameAs\":[\"https:\\\/\\\/www.facebook.com\\\/Greenspells\",\"https:\\\/\\\/www.instagram.com\\\/greenspells_store\\\/\"]}]}<\/script>\n<!-- \/ Yoast SEO plugin. -->","yoast_head_json":{"title":"LUUV  Self-tanning face serum  With hyaluronic acid - Greenspells","description":"LUUV savaiminio \u012fdegio veido serumas su hialurono r\u016bg\u0161timi \u2013 giliai dr\u0117kina, suteikia nat\u016bral\u0173 spindes\u012f. Be kvapikli\u0173, ECOCERT\/COSMOS sertifikuotas.","robots":{"index":"index","follow":"follow","max-snippet":"max-snippet:-1","max-image-preview":"max-image-preview:large","max-video-preview":"max-video-preview:-1"},"canonical":"https:\/\/greenspells.com\/lt\/produktas\/luuv-self-tanning-face-serum-with-hyaluronic-acid\/","og_locale":"lt_LT","og_type":"article","og_title":"LUUV  Self-tanning face serum  With hyaluronic acid - Greenspells","og_description":"LUUV savaiminio \u012fdegio veido serumas su hialurono r\u016bg\u0161timi \u2013 giliai dr\u0117kina, suteikia nat\u016bral\u0173 spindes\u012f. Be kvapikli\u0173, ECOCERT\/COSMOS sertifikuotas.","og_url":"https:\/\/greenspells.com\/lt\/produktas\/luuv-self-tanning-face-serum-with-hyaluronic-acid\/","og_site_name":"Greenspells","article_publisher":"https:\/\/www.facebook.com\/Greenspells","article_modified_time":"2026-04-28T10:00:58+00:00","og_image":[{"width":2000,"height":2500,"url":"https:\/\/greenspells.com\/wp-content\/uploads\/2025\/11\/self-tanning-face-serum.jpg","type":"image\/jpeg"}],"twitter_card":"summary_large_image","twitter_misc":{"Est. reading time":"2 minut\u0117s"},"schema":{"@context":"https:\/\/schema.org","@graph":[{"@type":"WebPage","@id":"https:\/\/greenspells.com\/product\/luuv-self-tanning-face-serum-with-hyaluronic-acid\/","url":"https:\/\/greenspells.com\/product\/luuv-self-tanning-face-serum-with-hyaluronic-acid\/","name":"LUUV Self-tanning face serum With hyaluronic acid - Greenspells","isPartOf":{"@id":"https:\/\/greenspells.com\/#website"},"primaryImageOfPage":{"@id":"https:\/\/greenspells.com\/product\/luuv-self-tanning-face-serum-with-hyaluronic-acid\/#primaryimage"},"image":{"@id":"https:\/\/greenspells.com\/product\/luuv-self-tanning-face-serum-with-hyaluronic-acid\/#primaryimage"},"thumbnailUrl":"https:\/\/i0.wp.com\/greenspells.com\/wp-content\/uploads\/2025\/11\/self-tanning-face-serum.jpg?fit=2000%2C2500&ssl=1","datePublished":"2025-11-07T08:44:48+00:00","dateModified":"2026-04-28T10:00:58+00:00","description":"LUUV savaiminio \u012fdegio veido serumas su hialurono r\u016bg\u0161timi \u2013 giliai dr\u0117kina, suteikia nat\u016bral\u0173 spindes\u012f. Be kvapikli\u0173, ECOCERT\/COSMOS sertifikuotas.","breadcrumb":{"@id":"https:\/\/greenspells.com\/product\/luuv-self-tanning-face-serum-with-hyaluronic-acid\/#breadcrumb"},"inLanguage":"lt-LT","potentialAction":[{"@type":"ReadAction","target":["https:\/\/greenspells.com\/product\/luuv-self-tanning-face-serum-with-hyaluronic-acid\/"]}]},{"@type":"ImageObject","inLanguage":"lt-LT","@id":"https:\/\/greenspells.com\/product\/luuv-self-tanning-face-serum-with-hyaluronic-acid\/#primaryimage","url":"https:\/\/i0.wp.com\/greenspells.com\/wp-content\/uploads\/2025\/11\/self-tanning-face-serum.jpg?fit=2000%2C2500&ssl=1","contentUrl":"https:\/\/i0.wp.com\/greenspells.com\/wp-content\/uploads\/2025\/11\/self-tanning-face-serum.jpg?fit=2000%2C2500&ssl=1","width":2000,"height":2500},{"@type":"BreadcrumbList","@id":"https:\/\/greenspells.com\/product\/luuv-self-tanning-face-serum-with-hyaluronic-acid\/#breadcrumb","itemListElement":[{"@type":"ListItem","position":1,"name":"Home","item":"https:\/\/greenspells.com\/"},{"@type":"ListItem","position":2,"name":"Shop","item":"https:\/\/greenspells.com\/shop\/"},{"@type":"ListItem","position":3,"name":"LUUV Self-tanning face serum With hyaluronic acid"}]},{"@type":"WebSite","@id":"https:\/\/greenspells.com\/#website","url":"https:\/\/greenspells.com\/","name":"Greenspells","description":"Nat\u016brali ir ekologi\u0161ka kosmetika","publisher":{"@id":"https:\/\/greenspells.com\/#organization"},"potentialAction":[{"@type":"SearchAction","target":{"@type":"EntryPoint","urlTemplate":"https:\/\/greenspells.com\/?s={search_term_string}"},"query-input":{"@type":"PropertyValueSpecification","valueRequired":true,"valueName":"search_term_string"}}],"inLanguage":"lt-LT"},{"@type":"Organization","@id":"https:\/\/greenspells.com\/#organization","name":"Greenspells","url":"https:\/\/greenspells.com\/","logo":{"@type":"ImageObject","inLanguage":"lt-LT","@id":"https:\/\/greenspells.com\/#\/schema\/logo\/image\/","url":"https:\/\/i0.wp.com\/greenspells.com\/wp-content\/uploads\/2020\/09\/20200722_153424_0000.png?fit=1500%2C1500&ssl=1","contentUrl":"https:\/\/i0.wp.com\/greenspells.com\/wp-content\/uploads\/2020\/09\/20200722_153424_0000.png?fit=1500%2C1500&ssl=1","width":1500,"height":1500,"caption":"Greenspells"},"image":{"@id":"https:\/\/greenspells.com\/#\/schema\/logo\/image\/"},"sameAs":["https:\/\/www.facebook.com\/Greenspells","https:\/\/www.instagram.com\/greenspells_store\/"]}]}},"jetpack_likes_enabled":true,"jetpack_sharing_enabled":true,"_links":{"self":[{"href":"https:\/\/greenspells.com\/lt\/wp-json\/wp\/v2\/product\/1676218","targetHints":{"allow":["GET"]}}],"collection":[{"href":"https:\/\/greenspells.com\/lt\/wp-json\/wp\/v2\/product"}],"about":[{"href":"https:\/\/greenspells.com\/lt\/wp-json\/wp\/v2\/types\/product"}],"replies":[{"embeddable":true,"href":"https:\/\/greenspells.com\/lt\/wp-json\/wp\/v2\/comments?post=1676218"}],"wp:featuredmedia":[{"embeddable":true,"href":"https:\/\/greenspells.com\/lt\/wp-json\/wp\/v2\/media\/1676221"}],"wp:attachment":[{"href":"https:\/\/greenspells.com\/lt\/wp-json\/wp\/v2\/media?parent=1676218"}],"wp:term":[{"taxonomy":"product_brand","embeddable":true,"href":"https:\/\/greenspells.com\/lt\/wp-json\/wp\/v2\/product_brand?post=1676218"},{"taxonomy":"product_cat","embeddable":true,"href":"https:\/\/greenspells.com\/lt\/wp-json\/wp\/v2\/product_cat?post=1676218"},{"taxonomy":"product_tag","embeddable":true,"href":"https:\/\/greenspells.com\/lt\/wp-json\/wp\/v2\/product_tag?post=1676218"}],"curies":[{"name":"wp","href":"https:\/\/api.w.org\/{rel}","templated":true}]}}