{"id":1676209,"date":"2025-11-07T10:30:44","date_gmt":"2025-11-07T08:30:44","guid":{"rendered":"https:\/\/greenspells.com\/?post_type=product&#038;p=1676209"},"modified":"2026-03-16T11:14:26","modified_gmt":"2026-03-16T09:14:26","slug":"luuv-self-tanning-body-cream-medium-dark","status":"publish","type":"product","link":"https:\/\/greenspells.com\/lt\/produktas\/luuv-self-tanning-body-cream-medium-dark\/","title":{"rendered":"LUUV <br> Savaiminio \u012fdegio kremas k\u016bnui <br> Medium\/ Dark"},"content":{"rendered":"<p>Su LUUV savaiminio \u012fdegio k\u016bno kremu gra\u017e\u0173, nat\u016bral\u0173 \u012fdeg\u012f pasiekti \u2013 itin paprasta! Kremas suteikia subalansuot\u0105, be gelsv\u0173 atspalvi\u0173 \u012fdeg\u012f, yra lengvos tekst\u016bros, greitai susigeria ir lengvai tepasi.<\/p>\n<p>Priemon\u0117 giliai dr\u0117kina od\u0105, palikdama j\u0105 \u0161ilkinio \u0161velnumo ir elastingumo. Puikiai tinka vis\u0173 tip\u0173 odai, ypa\u010d sausai odai. Kremas neturi nemalonaus kvapo, netepa drabu\u017ei\u0173 ir yra sertifikuotas ECOCERT\/COSMOS ekologiniu sertifikatu \u2013 tai patikimas pasirinkimas j\u016bs\u0173 odos prie\u017ei\u016brai.<\/p>\n<ul>\n<li>Nat\u016bralus, tolygus \u012fdegis<\/li>\n<li aria-level=\"1\">TInka visiems odos tipams<\/li>\n<li aria-level=\"1\">Giliai dr\u0117kinantis<\/li>\n<li aria-level=\"1\">Lengvas, neriebus<\/li>\n<li aria-level=\"1\">Nepalieka d\u0117mi\u0173<\/li>\n<li aria-level=\"1\">ECOCERT\/COSMOS sertifikuotas<\/li>\n<\/ul>\n<p><em><strong>Kaip naudoti?<\/strong><\/em><\/p>\n<p>Geriausiam rezultatui prie\u0161 naudojim\u0105 od\u0105 \u0161velniai nu\u0161veiskite k\u016bno \u0161veitikliu be aliej\u0173. Krem\u0105 tolygiai \u012fmasa\u017euokite \u012f vis\u0105 k\u016bn\u0105 ir nenuplaukite. Po naudojimo kruop\u0161\u010diai nusiplaukite rankas. Rezultatas matomas po 8\u201312 valand\u0173.\nNorint i\u0161laikyti \u012fdeg\u012f, krem\u0105 rekomenduojama naudoti 2\u20133 kartus per savait\u0119.<\/p>\n<p>To achieve and maintain a tan, we recommend using the cream two to three times a week.<\/p>\n<p><em><strong>Sud\u0117tis:<\/strong><\/em><\/p>\n<p>Aqua, Cocos Nucifera oil, Olus Oil, Dihydroxyacetone, Polyglyceryl-3 Distearate, Glyceryl Stearate Citrate, Glycerin, Erythrulose, Glyceryl Stearate SE, Triethyl Citrate, Glyceryl Caprylate, Benzoic Acid, Xanthan Gum, Caramel, Aroma, Limonene<\/p>","protected":false},"excerpt":{"rendered":"<p>With LUUV\u2019s self-tanning body cream, achieving a beautiful tan is effortless. The body cream provides a natural tan without yellow undertones. It\u2019s lightweight, fast-absorbing, and easy to apply. The self-tanning cream is deeply moisturizing, leaving the skin silky smooth. It\u2019s suitable for all skin types, especially for those with dry skin. The cream has no [&hellip;]<\/p>","protected":false},"featured_media":1676213,"comment_status":"open","ping_status":"closed","template":"","meta":{"content-type":"","_monsterinsights_skip_tracking":false,"_monsterinsights_sitenote_active":false,"_monsterinsights_sitenote_note":"","_monsterinsights_sitenote_category":0,"_uf_show_specific_survey":0,"_uf_disable_surveys":false},"product_brand":[2069],"product_cat":[137,141,123,15],"product_tag":[2102,494,1678,2070,633,439,2101],"class_list":{"0":"post-1676209","1":"product","2":"type-product","3":"status-publish","4":"has-post-thumbnail","6":"product_brand-luuv","7":"product_cat-bath-and-body","8":"product_cat-hand-body-lotions","9":"product_cat-tanning-products","10":"product_cat-all-products","11":"product_tag-bekvapis","12":"product_tag-greenspells","13":"product_tag-kremas","14":"product_tag-luuv","15":"product_tag-savaiminio-idegio-kremas","16":"product_tag-savaiminis-idegis","17":"product_tag-self-tanning-cream","19":"first","20":"instock","21":"taxable","22":"shipping-taxable","23":"purchasable","24":"product-type-simple"},"bundled_by":[],"bundle_stock_status":"instock","bundle_stock_quantity":null,"bundle_virtual":false,"bundle_layout":"","bundle_add_to_cart_form_location":"","bundle_editable_in_cart":false,"bundle_sold_individually_context":"","bundle_item_grouping":"","bundle_min_size":"","bundle_max_size":"","bundle_price":[],"bundled_items":[],"bundle_sell_ids":[],"group_of_quantity":0,"min_quantity":0,"max_quantity":"","exclude_order_quantity_value_rules":"no","exclude_category_quantity_rules":"no","combine_variations":"no","exclude_global_add_ons":[],"addons":[],"yoast_head":"<!-- This site is optimized with the Yoast SEO plugin v27.3 - https:\/\/yoast.com\/product\/yoast-seo-wordpress\/ -->\n<title>LUUV  Self-tanning body cream  Medium\/ Dark - Greenspells<\/title>\n<meta name=\"description\" content=\"Nat\u016bralus savaiminio \u012fdegio LUUV k\u016bno kremas \u2013 lengvas, dr\u0117kinantis ir be d\u0117mi\u0173. Tinka vis\u0173 tip\u0173 odai. Sertifikuotas ECOCERT\/COSMOS.\" \/>\n<meta name=\"robots\" content=\"index, follow, max-snippet:-1, max-image-preview:large, max-video-preview:-1\" \/>\n<link rel=\"canonical\" href=\"https:\/\/greenspells.com\/lt\/produktas\/luuv-self-tanning-body-cream-medium-dark\/\" \/>\n<meta property=\"og:locale\" content=\"lt_LT\" \/>\n<meta property=\"og:type\" content=\"article\" \/>\n<meta property=\"og:title\" content=\"LUUV  Self-tanning body cream  Medium\/ Dark - Greenspells\" \/>\n<meta property=\"og:description\" content=\"Nat\u016bralus savaiminio \u012fdegio LUUV k\u016bno kremas \u2013 lengvas, dr\u0117kinantis ir be d\u0117mi\u0173. Tinka vis\u0173 tip\u0173 odai. Sertifikuotas ECOCERT\/COSMOS.\" \/>\n<meta property=\"og:url\" content=\"https:\/\/greenspells.com\/lt\/produktas\/luuv-self-tanning-body-cream-medium-dark\/\" \/>\n<meta property=\"og:site_name\" content=\"Greenspells\" \/>\n<meta property=\"article:publisher\" content=\"https:\/\/www.facebook.com\/Greenspells\" \/>\n<meta property=\"article:modified_time\" content=\"2026-03-16T09:14:26+00:00\" \/>\n<meta property=\"og:image\" content=\"https:\/\/greenspells.com\/wp-content\/uploads\/2025\/11\/4744695010499_web.png\" \/>\n\t<meta property=\"og:image:width\" content=\"2000\" \/>\n\t<meta property=\"og:image:height\" content=\"2500\" \/>\n\t<meta property=\"og:image:type\" content=\"image\/png\" \/>\n<meta name=\"twitter:card\" content=\"summary_large_image\" \/>\n<meta name=\"twitter:label1\" content=\"Est. reading time\" \/>\n\t<meta name=\"twitter:data1\" content=\"2 minut\u0117s\" \/>\n<script type=\"application\/ld+json\" class=\"yoast-schema-graph\">{\"@context\":\"https:\\\/\\\/schema.org\",\"@graph\":[{\"@type\":\"WebPage\",\"@id\":\"https:\\\/\\\/greenspells.com\\\/product\\\/luuv-self-tanning-body-cream-medium-dark\\\/\",\"url\":\"https:\\\/\\\/greenspells.com\\\/product\\\/luuv-self-tanning-body-cream-medium-dark\\\/\",\"name\":\"LUUV Self-tanning body cream Medium\\\/ Dark - Greenspells\",\"isPartOf\":{\"@id\":\"https:\\\/\\\/greenspells.com\\\/#website\"},\"primaryImageOfPage\":{\"@id\":\"https:\\\/\\\/greenspells.com\\\/product\\\/luuv-self-tanning-body-cream-medium-dark\\\/#primaryimage\"},\"image\":{\"@id\":\"https:\\\/\\\/greenspells.com\\\/product\\\/luuv-self-tanning-body-cream-medium-dark\\\/#primaryimage\"},\"thumbnailUrl\":\"https:\\\/\\\/i0.wp.com\\\/greenspells.com\\\/wp-content\\\/uploads\\\/2025\\\/11\\\/4744695010499_web.png?fit=2000%2C2500&ssl=1\",\"datePublished\":\"2025-11-07T08:30:44+00:00\",\"dateModified\":\"2026-03-16T09:14:26+00:00\",\"description\":\"Nat\u016bralus savaiminio \u012fdegio LUUV k\u016bno kremas \u2013 lengvas, dr\u0117kinantis ir be d\u0117mi\u0173. Tinka vis\u0173 tip\u0173 odai. Sertifikuotas ECOCERT\\\/COSMOS.\",\"breadcrumb\":{\"@id\":\"https:\\\/\\\/greenspells.com\\\/product\\\/luuv-self-tanning-body-cream-medium-dark\\\/#breadcrumb\"},\"inLanguage\":\"lt-LT\",\"potentialAction\":[{\"@type\":\"ReadAction\",\"target\":[\"https:\\\/\\\/greenspells.com\\\/product\\\/luuv-self-tanning-body-cream-medium-dark\\\/\"]}]},{\"@type\":\"ImageObject\",\"inLanguage\":\"lt-LT\",\"@id\":\"https:\\\/\\\/greenspells.com\\\/product\\\/luuv-self-tanning-body-cream-medium-dark\\\/#primaryimage\",\"url\":\"https:\\\/\\\/i0.wp.com\\\/greenspells.com\\\/wp-content\\\/uploads\\\/2025\\\/11\\\/4744695010499_web.png?fit=2000%2C2500&ssl=1\",\"contentUrl\":\"https:\\\/\\\/i0.wp.com\\\/greenspells.com\\\/wp-content\\\/uploads\\\/2025\\\/11\\\/4744695010499_web.png?fit=2000%2C2500&ssl=1\",\"width\":2000,\"height\":2500},{\"@type\":\"BreadcrumbList\",\"@id\":\"https:\\\/\\\/greenspells.com\\\/product\\\/luuv-self-tanning-body-cream-medium-dark\\\/#breadcrumb\",\"itemListElement\":[{\"@type\":\"ListItem\",\"position\":1,\"name\":\"Home\",\"item\":\"https:\\\/\\\/greenspells.com\\\/\"},{\"@type\":\"ListItem\",\"position\":2,\"name\":\"Shop\",\"item\":\"https:\\\/\\\/greenspells.com\\\/shop\\\/\"},{\"@type\":\"ListItem\",\"position\":3,\"name\":\"LUUV Self-tanning body cream Medium\\\/ Dark\"}]},{\"@type\":\"WebSite\",\"@id\":\"https:\\\/\\\/greenspells.com\\\/#website\",\"url\":\"https:\\\/\\\/greenspells.com\\\/\",\"name\":\"Greenspells\",\"description\":\"Nat\u016brali ir ekologi\u0161ka kosmetika\",\"publisher\":{\"@id\":\"https:\\\/\\\/greenspells.com\\\/#organization\"},\"potentialAction\":[{\"@type\":\"SearchAction\",\"target\":{\"@type\":\"EntryPoint\",\"urlTemplate\":\"https:\\\/\\\/greenspells.com\\\/?s={search_term_string}\"},\"query-input\":{\"@type\":\"PropertyValueSpecification\",\"valueRequired\":true,\"valueName\":\"search_term_string\"}}],\"inLanguage\":\"lt-LT\"},{\"@type\":\"Organization\",\"@id\":\"https:\\\/\\\/greenspells.com\\\/#organization\",\"name\":\"Greenspells\",\"url\":\"https:\\\/\\\/greenspells.com\\\/\",\"logo\":{\"@type\":\"ImageObject\",\"inLanguage\":\"lt-LT\",\"@id\":\"https:\\\/\\\/greenspells.com\\\/#\\\/schema\\\/logo\\\/image\\\/\",\"url\":\"https:\\\/\\\/i0.wp.com\\\/greenspells.com\\\/wp-content\\\/uploads\\\/2020\\\/09\\\/20200722_153424_0000.png?fit=1500%2C1500&ssl=1\",\"contentUrl\":\"https:\\\/\\\/i0.wp.com\\\/greenspells.com\\\/wp-content\\\/uploads\\\/2020\\\/09\\\/20200722_153424_0000.png?fit=1500%2C1500&ssl=1\",\"width\":1500,\"height\":1500,\"caption\":\"Greenspells\"},\"image\":{\"@id\":\"https:\\\/\\\/greenspells.com\\\/#\\\/schema\\\/logo\\\/image\\\/\"},\"sameAs\":[\"https:\\\/\\\/www.facebook.com\\\/Greenspells\",\"https:\\\/\\\/www.instagram.com\\\/greenspells_store\\\/\"]}]}<\/script>\n<!-- \/ Yoast SEO plugin. -->","yoast_head_json":{"title":"LUUV  Self-tanning body cream  Medium\/ Dark - Greenspells","description":"Nat\u016bralus savaiminio \u012fdegio LUUV k\u016bno kremas \u2013 lengvas, dr\u0117kinantis ir be d\u0117mi\u0173. Tinka vis\u0173 tip\u0173 odai. Sertifikuotas ECOCERT\/COSMOS.","robots":{"index":"index","follow":"follow","max-snippet":"max-snippet:-1","max-image-preview":"max-image-preview:large","max-video-preview":"max-video-preview:-1"},"canonical":"https:\/\/greenspells.com\/lt\/produktas\/luuv-self-tanning-body-cream-medium-dark\/","og_locale":"lt_LT","og_type":"article","og_title":"LUUV  Self-tanning body cream  Medium\/ Dark - Greenspells","og_description":"Nat\u016bralus savaiminio \u012fdegio LUUV k\u016bno kremas \u2013 lengvas, dr\u0117kinantis ir be d\u0117mi\u0173. Tinka vis\u0173 tip\u0173 odai. Sertifikuotas ECOCERT\/COSMOS.","og_url":"https:\/\/greenspells.com\/lt\/produktas\/luuv-self-tanning-body-cream-medium-dark\/","og_site_name":"Greenspells","article_publisher":"https:\/\/www.facebook.com\/Greenspells","article_modified_time":"2026-03-16T09:14:26+00:00","og_image":[{"width":2000,"height":2500,"url":"https:\/\/greenspells.com\/wp-content\/uploads\/2025\/11\/4744695010499_web.png","type":"image\/png"}],"twitter_card":"summary_large_image","twitter_misc":{"Est. reading time":"2 minut\u0117s"},"schema":{"@context":"https:\/\/schema.org","@graph":[{"@type":"WebPage","@id":"https:\/\/greenspells.com\/product\/luuv-self-tanning-body-cream-medium-dark\/","url":"https:\/\/greenspells.com\/product\/luuv-self-tanning-body-cream-medium-dark\/","name":"LUUV Self-tanning body cream Medium\/ Dark - Greenspells","isPartOf":{"@id":"https:\/\/greenspells.com\/#website"},"primaryImageOfPage":{"@id":"https:\/\/greenspells.com\/product\/luuv-self-tanning-body-cream-medium-dark\/#primaryimage"},"image":{"@id":"https:\/\/greenspells.com\/product\/luuv-self-tanning-body-cream-medium-dark\/#primaryimage"},"thumbnailUrl":"https:\/\/i0.wp.com\/greenspells.com\/wp-content\/uploads\/2025\/11\/4744695010499_web.png?fit=2000%2C2500&ssl=1","datePublished":"2025-11-07T08:30:44+00:00","dateModified":"2026-03-16T09:14:26+00:00","description":"Nat\u016bralus savaiminio \u012fdegio LUUV k\u016bno kremas \u2013 lengvas, dr\u0117kinantis ir be d\u0117mi\u0173. Tinka vis\u0173 tip\u0173 odai. Sertifikuotas ECOCERT\/COSMOS.","breadcrumb":{"@id":"https:\/\/greenspells.com\/product\/luuv-self-tanning-body-cream-medium-dark\/#breadcrumb"},"inLanguage":"lt-LT","potentialAction":[{"@type":"ReadAction","target":["https:\/\/greenspells.com\/product\/luuv-self-tanning-body-cream-medium-dark\/"]}]},{"@type":"ImageObject","inLanguage":"lt-LT","@id":"https:\/\/greenspells.com\/product\/luuv-self-tanning-body-cream-medium-dark\/#primaryimage","url":"https:\/\/i0.wp.com\/greenspells.com\/wp-content\/uploads\/2025\/11\/4744695010499_web.png?fit=2000%2C2500&ssl=1","contentUrl":"https:\/\/i0.wp.com\/greenspells.com\/wp-content\/uploads\/2025\/11\/4744695010499_web.png?fit=2000%2C2500&ssl=1","width":2000,"height":2500},{"@type":"BreadcrumbList","@id":"https:\/\/greenspells.com\/product\/luuv-self-tanning-body-cream-medium-dark\/#breadcrumb","itemListElement":[{"@type":"ListItem","position":1,"name":"Home","item":"https:\/\/greenspells.com\/"},{"@type":"ListItem","position":2,"name":"Shop","item":"https:\/\/greenspells.com\/shop\/"},{"@type":"ListItem","position":3,"name":"LUUV Self-tanning body cream Medium\/ Dark"}]},{"@type":"WebSite","@id":"https:\/\/greenspells.com\/#website","url":"https:\/\/greenspells.com\/","name":"Greenspells","description":"Nat\u016brali ir ekologi\u0161ka kosmetika","publisher":{"@id":"https:\/\/greenspells.com\/#organization"},"potentialAction":[{"@type":"SearchAction","target":{"@type":"EntryPoint","urlTemplate":"https:\/\/greenspells.com\/?s={search_term_string}"},"query-input":{"@type":"PropertyValueSpecification","valueRequired":true,"valueName":"search_term_string"}}],"inLanguage":"lt-LT"},{"@type":"Organization","@id":"https:\/\/greenspells.com\/#organization","name":"Greenspells","url":"https:\/\/greenspells.com\/","logo":{"@type":"ImageObject","inLanguage":"lt-LT","@id":"https:\/\/greenspells.com\/#\/schema\/logo\/image\/","url":"https:\/\/i0.wp.com\/greenspells.com\/wp-content\/uploads\/2020\/09\/20200722_153424_0000.png?fit=1500%2C1500&ssl=1","contentUrl":"https:\/\/i0.wp.com\/greenspells.com\/wp-content\/uploads\/2020\/09\/20200722_153424_0000.png?fit=1500%2C1500&ssl=1","width":1500,"height":1500,"caption":"Greenspells"},"image":{"@id":"https:\/\/greenspells.com\/#\/schema\/logo\/image\/"},"sameAs":["https:\/\/www.facebook.com\/Greenspells","https:\/\/www.instagram.com\/greenspells_store\/"]}]}},"jetpack_likes_enabled":true,"jetpack_sharing_enabled":true,"_links":{"self":[{"href":"https:\/\/greenspells.com\/lt\/wp-json\/wp\/v2\/product\/1676209","targetHints":{"allow":["GET"]}}],"collection":[{"href":"https:\/\/greenspells.com\/lt\/wp-json\/wp\/v2\/product"}],"about":[{"href":"https:\/\/greenspells.com\/lt\/wp-json\/wp\/v2\/types\/product"}],"replies":[{"embeddable":true,"href":"https:\/\/greenspells.com\/lt\/wp-json\/wp\/v2\/comments?post=1676209"}],"wp:featuredmedia":[{"embeddable":true,"href":"https:\/\/greenspells.com\/lt\/wp-json\/wp\/v2\/media\/1676213"}],"wp:attachment":[{"href":"https:\/\/greenspells.com\/lt\/wp-json\/wp\/v2\/media?parent=1676209"}],"wp:term":[{"taxonomy":"product_brand","embeddable":true,"href":"https:\/\/greenspells.com\/lt\/wp-json\/wp\/v2\/product_brand?post=1676209"},{"taxonomy":"product_cat","embeddable":true,"href":"https:\/\/greenspells.com\/lt\/wp-json\/wp\/v2\/product_cat?post=1676209"},{"taxonomy":"product_tag","embeddable":true,"href":"https:\/\/greenspells.com\/lt\/wp-json\/wp\/v2\/product_tag?post=1676209"}],"curies":[{"name":"wp","href":"https:\/\/api.w.org\/{rel}","templated":true}]}}