{"id":1676205,"date":"2025-11-07T10:23:27","date_gmt":"2025-11-07T08:23:27","guid":{"rendered":"https:\/\/greenspells.com\/?post_type=product&#038;p=1676205"},"modified":"2026-03-16T11:14:42","modified_gmt":"2026-03-16T09:14:42","slug":"luuv-tanning-mitt","status":"publish","type":"product","link":"https:\/\/greenspells.com\/lt\/produktas\/luuv-tanning-mitt\/","title":{"rendered":"LUUV <br> Tanning mitt"},"content":{"rendered":"<p>The double-sided luxurious and durable LUUV applicator glove is made of very soft velvet material, which allows it to be used both on the body and face. The glove helps to achieve a perfect tanning result. A special liquid-impermeable inner layer keeps the hand clean.<\/p>\n<p>The glove is suitable for applying self-tanning spray, foam and cream.<\/p>\n<p>100% polyester NB!<\/p>\n<p>Hand wash!<\/p>","protected":false},"excerpt":{"rendered":"<p>The double-sided luxurious and durable LUUV applicator glove is made of very soft velvet material, which allows it to be used both on the body and face. The glove helps to achieve a perfect tanning result. A special liquid-impermeable inner layer keeps the hand clean. The glove is suitable for applying self-tanning spray, foam and [&hellip;]<\/p>\n","protected":false},"featured_media":1676208,"comment_status":"open","ping_status":"closed","template":"","meta":{"content-type":"","_monsterinsights_skip_tracking":false,"_monsterinsights_sitenote_active":false,"_monsterinsights_sitenote_note":"","_monsterinsights_sitenote_category":0,"_uf_show_specific_survey":0,"_uf_disable_surveys":false},"product_brand":[2069],"product_cat":[137,123,15],"product_tag":[2100,1382,439,2099,1384],"class_list":{"0":"post-1676205","1":"product","2":"type-product","3":"status-publish","4":"has-post-thumbnail","6":"product_brand-luuv","7":"product_cat-bath-and-body","8":"product_cat-tanning-products","9":"product_cat-all-products","10":"product_tag-sdegio-pirstine","11":"product_tag-naturalus-savaiminis-idegis","12":"product_tag-savaiminis-idegis","13":"product_tag-self-tanning","14":"product_tag-tanning-mit","16":"first","17":"instock","18":"taxable","19":"shipping-taxable","20":"purchasable","21":"product-type-simple"},"bundled_by":[],"bundle_stock_status":"instock","bundle_stock_quantity":null,"bundle_virtual":false,"bundle_layout":"","bundle_add_to_cart_form_location":"","bundle_editable_in_cart":false,"bundle_sold_individually_context":"","bundle_item_grouping":"","bundle_min_size":"","bundle_max_size":"","bundle_price":[],"bundled_items":[],"bundle_sell_ids":[],"group_of_quantity":0,"min_quantity":0,"max_quantity":"","exclude_order_quantity_value_rules":"no","exclude_category_quantity_rules":"no","combine_variations":"no","exclude_global_add_ons":[],"addons":[],"yoast_head":"<!-- This site is optimized with the Yoast SEO plugin v27.5 - https:\/\/yoast.com\/product\/yoast-seo-wordpress\/ -->\n<title>LUUV  Tanning mitt - Greenspells<\/title>\n<meta name=\"description\" content=\"Prabangi dvipus\u0117 LUUV \u012fdegio pir\u0161tin\u0117 i\u0161 \u0161velnaus aksomo \u2013 tolygiam, be d\u0117mi\u0173 \u012fdegiui. Apsaugo rankas, tinka k\u016bnui ir veidui.\" \/>\n<meta name=\"robots\" content=\"index, follow, max-snippet:-1, max-image-preview:large, max-video-preview:-1\" \/>\n<link rel=\"canonical\" href=\"https:\/\/greenspells.com\/lt\/produktas\/luuv-tanning-mitt\/\" \/>\n<meta property=\"og:locale\" content=\"lt_LT\" \/>\n<meta property=\"og:type\" content=\"article\" \/>\n<meta property=\"og:title\" content=\"LUUV  Tanning mitt - Greenspells\" \/>\n<meta property=\"og:description\" content=\"Prabangi dvipus\u0117 LUUV \u012fdegio pir\u0161tin\u0117 i\u0161 \u0161velnaus aksomo \u2013 tolygiam, be d\u0117mi\u0173 \u012fdegiui. Apsaugo rankas, tinka k\u016bnui ir veidui.\" \/>\n<meta property=\"og:url\" content=\"https:\/\/greenspells.com\/lt\/produktas\/luuv-tanning-mitt\/\" \/>\n<meta property=\"og:site_name\" content=\"Greenspells\" \/>\n<meta property=\"article:publisher\" content=\"https:\/\/www.facebook.com\/Greenspells\" \/>\n<meta property=\"article:modified_time\" content=\"2026-03-16T09:14:42+00:00\" \/>\n<meta property=\"og:image\" content=\"https:\/\/greenspells.com\/wp-content\/uploads\/2025\/11\/Untitled-design-7-1.png\" \/>\n\t<meta property=\"og:image:width\" content=\"2000\" \/>\n\t<meta property=\"og:image:height\" content=\"2500\" \/>\n\t<meta property=\"og:image:type\" content=\"image\/png\" \/>\n<meta name=\"twitter:card\" content=\"summary_large_image\" \/>\n<meta name=\"twitter:label1\" content=\"Est. reading time\" \/>\n\t<meta name=\"twitter:data1\" content=\"1 minut\u0117\" \/>\n<script type=\"application\/ld+json\" class=\"yoast-schema-graph\">{\"@context\":\"https:\\\/\\\/schema.org\",\"@graph\":[{\"@type\":\"WebPage\",\"@id\":\"https:\\\/\\\/greenspells.com\\\/product\\\/luuv-tanning-mitt\\\/\",\"url\":\"https:\\\/\\\/greenspells.com\\\/product\\\/luuv-tanning-mitt\\\/\",\"name\":\"LUUV Tanning mitt - Greenspells\",\"isPartOf\":{\"@id\":\"https:\\\/\\\/greenspells.com\\\/#website\"},\"primaryImageOfPage\":{\"@id\":\"https:\\\/\\\/greenspells.com\\\/product\\\/luuv-tanning-mitt\\\/#primaryimage\"},\"image\":{\"@id\":\"https:\\\/\\\/greenspells.com\\\/product\\\/luuv-tanning-mitt\\\/#primaryimage\"},\"thumbnailUrl\":\"https:\\\/\\\/i0.wp.com\\\/greenspells.com\\\/wp-content\\\/uploads\\\/2025\\\/11\\\/Untitled-design-7-1.png?fit=2000%2C2500&ssl=1\",\"datePublished\":\"2025-11-07T08:23:27+00:00\",\"dateModified\":\"2026-03-16T09:14:42+00:00\",\"description\":\"Prabangi dvipus\u0117 LUUV \u012fdegio pir\u0161tin\u0117 i\u0161 \u0161velnaus aksomo \u2013 tolygiam, be d\u0117mi\u0173 \u012fdegiui. Apsaugo rankas, tinka k\u016bnui ir veidui.\",\"breadcrumb\":{\"@id\":\"https:\\\/\\\/greenspells.com\\\/product\\\/luuv-tanning-mitt\\\/#breadcrumb\"},\"inLanguage\":\"lt-LT\",\"potentialAction\":[{\"@type\":\"ReadAction\",\"target\":[\"https:\\\/\\\/greenspells.com\\\/product\\\/luuv-tanning-mitt\\\/\"]}]},{\"@type\":\"ImageObject\",\"inLanguage\":\"lt-LT\",\"@id\":\"https:\\\/\\\/greenspells.com\\\/product\\\/luuv-tanning-mitt\\\/#primaryimage\",\"url\":\"https:\\\/\\\/i0.wp.com\\\/greenspells.com\\\/wp-content\\\/uploads\\\/2025\\\/11\\\/Untitled-design-7-1.png?fit=2000%2C2500&ssl=1\",\"contentUrl\":\"https:\\\/\\\/i0.wp.com\\\/greenspells.com\\\/wp-content\\\/uploads\\\/2025\\\/11\\\/Untitled-design-7-1.png?fit=2000%2C2500&ssl=1\",\"width\":2000,\"height\":2500,\"caption\":\"luuv tanning mitt\"},{\"@type\":\"BreadcrumbList\",\"@id\":\"https:\\\/\\\/greenspells.com\\\/product\\\/luuv-tanning-mitt\\\/#breadcrumb\",\"itemListElement\":[{\"@type\":\"ListItem\",\"position\":1,\"name\":\"Home\",\"item\":\"https:\\\/\\\/greenspells.com\\\/\"},{\"@type\":\"ListItem\",\"position\":2,\"name\":\"Shop\",\"item\":\"https:\\\/\\\/greenspells.com\\\/shop\\\/\"},{\"@type\":\"ListItem\",\"position\":3,\"name\":\"LUUV Tanning mitt\"}]},{\"@type\":\"WebSite\",\"@id\":\"https:\\\/\\\/greenspells.com\\\/#website\",\"url\":\"https:\\\/\\\/greenspells.com\\\/\",\"name\":\"Greenspells\",\"description\":\"Nat\u016brali ir ekologi\u0161ka kosmetika\",\"publisher\":{\"@id\":\"https:\\\/\\\/greenspells.com\\\/#organization\"},\"potentialAction\":[{\"@type\":\"SearchAction\",\"target\":{\"@type\":\"EntryPoint\",\"urlTemplate\":\"https:\\\/\\\/greenspells.com\\\/?s={search_term_string}\"},\"query-input\":{\"@type\":\"PropertyValueSpecification\",\"valueRequired\":true,\"valueName\":\"search_term_string\"}}],\"inLanguage\":\"lt-LT\"},{\"@type\":\"Organization\",\"@id\":\"https:\\\/\\\/greenspells.com\\\/#organization\",\"name\":\"Greenspells\",\"url\":\"https:\\\/\\\/greenspells.com\\\/\",\"logo\":{\"@type\":\"ImageObject\",\"inLanguage\":\"lt-LT\",\"@id\":\"https:\\\/\\\/greenspells.com\\\/#\\\/schema\\\/logo\\\/image\\\/\",\"url\":\"https:\\\/\\\/i0.wp.com\\\/greenspells.com\\\/wp-content\\\/uploads\\\/2020\\\/09\\\/20200722_153424_0000.png?fit=1500%2C1500&ssl=1\",\"contentUrl\":\"https:\\\/\\\/i0.wp.com\\\/greenspells.com\\\/wp-content\\\/uploads\\\/2020\\\/09\\\/20200722_153424_0000.png?fit=1500%2C1500&ssl=1\",\"width\":1500,\"height\":1500,\"caption\":\"Greenspells\"},\"image\":{\"@id\":\"https:\\\/\\\/greenspells.com\\\/#\\\/schema\\\/logo\\\/image\\\/\"},\"sameAs\":[\"https:\\\/\\\/www.facebook.com\\\/Greenspells\",\"https:\\\/\\\/www.instagram.com\\\/greenspells_store\\\/\"]}]}<\/script>\n<!-- \/ Yoast SEO plugin. -->","yoast_head_json":{"title":"LUUV  Tanning mitt - Greenspells","description":"Prabangi dvipus\u0117 LUUV \u012fdegio pir\u0161tin\u0117 i\u0161 \u0161velnaus aksomo \u2013 tolygiam, be d\u0117mi\u0173 \u012fdegiui. Apsaugo rankas, tinka k\u016bnui ir veidui.","robots":{"index":"index","follow":"follow","max-snippet":"max-snippet:-1","max-image-preview":"max-image-preview:large","max-video-preview":"max-video-preview:-1"},"canonical":"https:\/\/greenspells.com\/lt\/produktas\/luuv-tanning-mitt\/","og_locale":"lt_LT","og_type":"article","og_title":"LUUV  Tanning mitt - Greenspells","og_description":"Prabangi dvipus\u0117 LUUV \u012fdegio pir\u0161tin\u0117 i\u0161 \u0161velnaus aksomo \u2013 tolygiam, be d\u0117mi\u0173 \u012fdegiui. Apsaugo rankas, tinka k\u016bnui ir veidui.","og_url":"https:\/\/greenspells.com\/lt\/produktas\/luuv-tanning-mitt\/","og_site_name":"Greenspells","article_publisher":"https:\/\/www.facebook.com\/Greenspells","article_modified_time":"2026-03-16T09:14:42+00:00","og_image":[{"width":2000,"height":2500,"url":"https:\/\/greenspells.com\/wp-content\/uploads\/2025\/11\/Untitled-design-7-1.png","type":"image\/png"}],"twitter_card":"summary_large_image","twitter_misc":{"Est. reading time":"1 minut\u0117"},"schema":{"@context":"https:\/\/schema.org","@graph":[{"@type":"WebPage","@id":"https:\/\/greenspells.com\/product\/luuv-tanning-mitt\/","url":"https:\/\/greenspells.com\/product\/luuv-tanning-mitt\/","name":"LUUV Tanning mitt - Greenspells","isPartOf":{"@id":"https:\/\/greenspells.com\/#website"},"primaryImageOfPage":{"@id":"https:\/\/greenspells.com\/product\/luuv-tanning-mitt\/#primaryimage"},"image":{"@id":"https:\/\/greenspells.com\/product\/luuv-tanning-mitt\/#primaryimage"},"thumbnailUrl":"https:\/\/i0.wp.com\/greenspells.com\/wp-content\/uploads\/2025\/11\/Untitled-design-7-1.png?fit=2000%2C2500&ssl=1","datePublished":"2025-11-07T08:23:27+00:00","dateModified":"2026-03-16T09:14:42+00:00","description":"Prabangi dvipus\u0117 LUUV \u012fdegio pir\u0161tin\u0117 i\u0161 \u0161velnaus aksomo \u2013 tolygiam, be d\u0117mi\u0173 \u012fdegiui. Apsaugo rankas, tinka k\u016bnui ir veidui.","breadcrumb":{"@id":"https:\/\/greenspells.com\/product\/luuv-tanning-mitt\/#breadcrumb"},"inLanguage":"lt-LT","potentialAction":[{"@type":"ReadAction","target":["https:\/\/greenspells.com\/product\/luuv-tanning-mitt\/"]}]},{"@type":"ImageObject","inLanguage":"lt-LT","@id":"https:\/\/greenspells.com\/product\/luuv-tanning-mitt\/#primaryimage","url":"https:\/\/i0.wp.com\/greenspells.com\/wp-content\/uploads\/2025\/11\/Untitled-design-7-1.png?fit=2000%2C2500&ssl=1","contentUrl":"https:\/\/i0.wp.com\/greenspells.com\/wp-content\/uploads\/2025\/11\/Untitled-design-7-1.png?fit=2000%2C2500&ssl=1","width":2000,"height":2500,"caption":"luuv tanning mitt"},{"@type":"BreadcrumbList","@id":"https:\/\/greenspells.com\/product\/luuv-tanning-mitt\/#breadcrumb","itemListElement":[{"@type":"ListItem","position":1,"name":"Home","item":"https:\/\/greenspells.com\/"},{"@type":"ListItem","position":2,"name":"Shop","item":"https:\/\/greenspells.com\/shop\/"},{"@type":"ListItem","position":3,"name":"LUUV Tanning mitt"}]},{"@type":"WebSite","@id":"https:\/\/greenspells.com\/#website","url":"https:\/\/greenspells.com\/","name":"Greenspells","description":"Nat\u016brali ir ekologi\u0161ka kosmetika","publisher":{"@id":"https:\/\/greenspells.com\/#organization"},"potentialAction":[{"@type":"SearchAction","target":{"@type":"EntryPoint","urlTemplate":"https:\/\/greenspells.com\/?s={search_term_string}"},"query-input":{"@type":"PropertyValueSpecification","valueRequired":true,"valueName":"search_term_string"}}],"inLanguage":"lt-LT"},{"@type":"Organization","@id":"https:\/\/greenspells.com\/#organization","name":"Greenspells","url":"https:\/\/greenspells.com\/","logo":{"@type":"ImageObject","inLanguage":"lt-LT","@id":"https:\/\/greenspells.com\/#\/schema\/logo\/image\/","url":"https:\/\/i0.wp.com\/greenspells.com\/wp-content\/uploads\/2020\/09\/20200722_153424_0000.png?fit=1500%2C1500&ssl=1","contentUrl":"https:\/\/i0.wp.com\/greenspells.com\/wp-content\/uploads\/2020\/09\/20200722_153424_0000.png?fit=1500%2C1500&ssl=1","width":1500,"height":1500,"caption":"Greenspells"},"image":{"@id":"https:\/\/greenspells.com\/#\/schema\/logo\/image\/"},"sameAs":["https:\/\/www.facebook.com\/Greenspells","https:\/\/www.instagram.com\/greenspells_store\/"]}]}},"jetpack_likes_enabled":true,"jetpack_sharing_enabled":true,"_links":{"self":[{"href":"https:\/\/greenspells.com\/lt\/wp-json\/wp\/v2\/product\/1676205","targetHints":{"allow":["GET"]}}],"collection":[{"href":"https:\/\/greenspells.com\/lt\/wp-json\/wp\/v2\/product"}],"about":[{"href":"https:\/\/greenspells.com\/lt\/wp-json\/wp\/v2\/types\/product"}],"replies":[{"embeddable":true,"href":"https:\/\/greenspells.com\/lt\/wp-json\/wp\/v2\/comments?post=1676205"}],"wp:featuredmedia":[{"embeddable":true,"href":"https:\/\/greenspells.com\/lt\/wp-json\/wp\/v2\/media\/1676208"}],"wp:attachment":[{"href":"https:\/\/greenspells.com\/lt\/wp-json\/wp\/v2\/media?parent=1676205"}],"wp:term":[{"taxonomy":"product_brand","embeddable":true,"href":"https:\/\/greenspells.com\/lt\/wp-json\/wp\/v2\/product_brand?post=1676205"},{"taxonomy":"product_cat","embeddable":true,"href":"https:\/\/greenspells.com\/lt\/wp-json\/wp\/v2\/product_cat?post=1676205"},{"taxonomy":"product_tag","embeddable":true,"href":"https:\/\/greenspells.com\/lt\/wp-json\/wp\/v2\/product_tag?post=1676205"}],"curies":[{"name":"wp","href":"https:\/\/api.w.org\/{rel}","templated":true}]}}