{"id":1676202,"date":"2025-11-07T10:15:07","date_gmt":"2025-11-07T08:15:07","guid":{"rendered":"https:\/\/greenspells.com\/?post_type=product&#038;p=1676202"},"modified":"2026-03-16T11:15:01","modified_gmt":"2026-03-16T09:15:01","slug":"luuv-self-tanning-mousse-medium","status":"publish","type":"product","link":"https:\/\/greenspells.com\/lt\/produktas\/luuv-self-tanning-mousse-medium\/","title":{"rendered":"LUUV <br> Savaiminio \u012fdegio putos <br> MEDIUM"},"content":{"rendered":"<p>Su LUUV savaiminio \u012fdegio putomis m\u0117gaukit\u0117s nat\u016braliu, tolygiu ir sveikai atrodan\u010diu \u012fdegiu visus metus! \n\u0160velnios formul\u0117s putos praturtintos alaviju ir augalin\u0117s kilm\u0117s glicerinu, kurie intensyviai dr\u0117kina ir maitina od\u0105, suteikdami jai elastingumo ir \u0161ilkinio \u0161velnumo. Nat\u016bral\u016bs savaiminio \u012fdegio ingredientai tinka net ir jautriausiai odai.\n\n\u274c Joki\u0173 gelton\u0173 atspalvi\u0173.\n\u274c Joki\u0173 d\u0117mi\u0173 ar nemaloni\u0173 kvap\u0173.\nLUUV putos yra bekvap\u0117s, be da\u017eikli\u0173, tod\u0117l galite dr\u0105siai d\u0117v\u0117ti m\u0117gstamus drabu\u017eius i\u0161kart po naudojimo.<\/p>\n<p>Visi\u0161kai vegani\u0161kas produktas, sertifikuotas ECOCERT \/ COSMOS \u2013 patikimas pasirinkimas tiek J\u016bs\u0173 odai, tiek planetai.<\/p>\n<ul>\n<li>Nat\u016bralus, tolygus \u012fdegis<\/li>\n<li aria-level=\"1\">TInka visiems odos tipams<\/li>\n<li aria-level=\"1\">Bekvapis<\/li>\n<li aria-level=\"1\">Nepalieka d\u0117mi\u0173<\/li>\n<li aria-level=\"1\">ECOCERT\/COSMOS sertifikuotas<\/li>\n<\/ul>\n<p><em><strong>Kaip naudoti?<\/strong><\/em><\/p>\n<p>Prie\u0161 naudojim\u0105 gerai suplakite buteliuk\u0105. Geriausiam rezultatui \u2013 nu\u0161veiskite od\u0105 k\u016bno \u0161veitikliu.\nU\u017etepkite 2\u20133 paspaudimus put\u0173 ant \u012fdegio pir\u0161tin\u0117s ir \u0161velniais sukamaisiais judesiais paskirstykite ant \u0161varios odos.\nPalikite bent kelioms valandoms, nenuplaukite.<\/p>\n<p>Naudokite 1-2 kartus per savait\u0119, arba tiesiog pagal poreik\u012f.<\/p>\n<p><em><strong>Sud\u0117tis:<\/strong><\/em><\/p>\n<p>Aqua, Aloe Barbadensis Leaf Juice, Dihydroxyacetone, Glycerin, Erythrulose, Cocamidopropyl Betaine, Sodium Benzoate, Potassium Sorbate, Citric acid<\/p>\n<p>Natural origin: 99,36%<br \/>\n100% vegan<\/p>","protected":false},"excerpt":{"rendered":"<p>With LUUV self-tanning mousse, you achieve a natural and even tan all year round. The self-tanning mousse contains skin-friendly ingredients such as aloe and plant-derived glycerin, which moisturize and care for your skin, making it elastic and silky smooth. Additionally, it contains natural self-tanning agents suitable even for the most sensitive skin. Forget about yellow [&hellip;]<\/p>","protected":false},"featured_media":1676204,"comment_status":"open","ping_status":"closed","template":"","meta":{"content-type":"","_monsterinsights_skip_tracking":false,"_monsterinsights_sitenote_active":false,"_monsterinsights_sitenote_note":"","_monsterinsights_sitenote_category":0,"_uf_show_specific_survey":0,"_uf_disable_surveys":false},"product_brand":[2069],"product_cat":[137,123,15],"product_tag":[2096,494,2070,1382,2095,631,2097,2098,2094],"class_list":{"0":"post-1676202","1":"product","2":"type-product","3":"status-publish","4":"has-post-thumbnail","6":"product_brand-luuv","7":"product_cat-bath-and-body","8":"product_cat-tanning-products","9":"product_cat-all-products","10":"product_tag-idegis-be-kvapo","11":"product_tag-greenspells","12":"product_tag-luuv","13":"product_tag-naturalus-savaiminis-idegis","14":"product_tag-natural-self-tanning","15":"product_tag-naturalus-idegis","16":"product_tag-nekvapis-idegis","17":"product_tag-savaiinio-idegio-priemones","18":"product_tag-self-tanning-mousse","20":"first","21":"instock","22":"taxable","23":"shipping-taxable","24":"purchasable","25":"product-type-simple"},"bundled_by":[],"bundle_stock_status":"instock","bundle_stock_quantity":null,"bundle_virtual":false,"bundle_layout":"","bundle_add_to_cart_form_location":"","bundle_editable_in_cart":false,"bundle_sold_individually_context":"","bundle_item_grouping":"","bundle_min_size":"","bundle_max_size":"","bundle_price":[],"bundled_items":[],"bundle_sell_ids":[],"group_of_quantity":0,"min_quantity":0,"max_quantity":"","exclude_order_quantity_value_rules":"no","exclude_category_quantity_rules":"no","combine_variations":"no","exclude_global_add_ons":[],"addons":[],"yoast_head":"<!-- This site is optimized with the Yoast SEO plugin v27.3 - https:\/\/yoast.com\/product\/yoast-seo-wordpress\/ -->\n<title>LUUV  Self tanning mousse  MEDIUM - Greenspells<\/title>\n<meta name=\"description\" content=\"Nat\u016bralus, tolygus \u012fdegis su LUUV savaiminio \u012fdegio putomis. Bekvap\u0117s, ned\u0117m\u0117jan\u010dios, vegani\u0161kos ir sertifikuotos ECOCERT\/COSMOS.\" \/>\n<meta name=\"robots\" content=\"index, follow, max-snippet:-1, max-image-preview:large, max-video-preview:-1\" \/>\n<link rel=\"canonical\" href=\"https:\/\/greenspells.com\/lt\/produktas\/luuv-self-tanning-mousse-medium\/\" \/>\n<meta property=\"og:locale\" content=\"lt_LT\" \/>\n<meta property=\"og:type\" content=\"article\" \/>\n<meta property=\"og:title\" content=\"LUUV  Self tanning mousse  MEDIUM - Greenspells\" \/>\n<meta property=\"og:description\" content=\"Nat\u016bralus, tolygus \u012fdegis su LUUV savaiminio \u012fdegio putomis. Bekvap\u0117s, ned\u0117m\u0117jan\u010dios, vegani\u0161kos ir sertifikuotos ECOCERT\/COSMOS.\" \/>\n<meta property=\"og:url\" content=\"https:\/\/greenspells.com\/lt\/produktas\/luuv-self-tanning-mousse-medium\/\" \/>\n<meta property=\"og:site_name\" content=\"Greenspells\" \/>\n<meta property=\"article:publisher\" content=\"https:\/\/www.facebook.com\/Greenspells\" \/>\n<meta property=\"article:modified_time\" content=\"2026-03-16T09:15:01+00:00\" \/>\n<meta property=\"og:image\" content=\"https:\/\/greenspells.com\/wp-content\/uploads\/2025\/11\/3.png\" \/>\n\t<meta property=\"og:image:width\" content=\"2000\" \/>\n\t<meta property=\"og:image:height\" content=\"2500\" \/>\n\t<meta property=\"og:image:type\" content=\"image\/png\" \/>\n<meta name=\"twitter:card\" content=\"summary_large_image\" \/>\n<meta name=\"twitter:label1\" content=\"Est. reading time\" \/>\n\t<meta name=\"twitter:data1\" content=\"2 minut\u0117s\" \/>\n<script type=\"application\/ld+json\" class=\"yoast-schema-graph\">{\"@context\":\"https:\\\/\\\/schema.org\",\"@graph\":[{\"@type\":\"WebPage\",\"@id\":\"https:\\\/\\\/greenspells.com\\\/product\\\/luuv-self-tanning-mousse-medium\\\/\",\"url\":\"https:\\\/\\\/greenspells.com\\\/product\\\/luuv-self-tanning-mousse-medium\\\/\",\"name\":\"LUUV Self tanning mousse MEDIUM - Greenspells\",\"isPartOf\":{\"@id\":\"https:\\\/\\\/greenspells.com\\\/#website\"},\"primaryImageOfPage\":{\"@id\":\"https:\\\/\\\/greenspells.com\\\/product\\\/luuv-self-tanning-mousse-medium\\\/#primaryimage\"},\"image\":{\"@id\":\"https:\\\/\\\/greenspells.com\\\/product\\\/luuv-self-tanning-mousse-medium\\\/#primaryimage\"},\"thumbnailUrl\":\"https:\\\/\\\/i0.wp.com\\\/greenspells.com\\\/wp-content\\\/uploads\\\/2025\\\/11\\\/3.png?fit=2000%2C2500&ssl=1\",\"datePublished\":\"2025-11-07T08:15:07+00:00\",\"dateModified\":\"2026-03-16T09:15:01+00:00\",\"description\":\"Nat\u016bralus, tolygus \u012fdegis su LUUV savaiminio \u012fdegio putomis. Bekvap\u0117s, ned\u0117m\u0117jan\u010dios, vegani\u0161kos ir sertifikuotos ECOCERT\\\/COSMOS.\",\"breadcrumb\":{\"@id\":\"https:\\\/\\\/greenspells.com\\\/product\\\/luuv-self-tanning-mousse-medium\\\/#breadcrumb\"},\"inLanguage\":\"lt-LT\",\"potentialAction\":[{\"@type\":\"ReadAction\",\"target\":[\"https:\\\/\\\/greenspells.com\\\/product\\\/luuv-self-tanning-mousse-medium\\\/\"]}]},{\"@type\":\"ImageObject\",\"inLanguage\":\"lt-LT\",\"@id\":\"https:\\\/\\\/greenspells.com\\\/product\\\/luuv-self-tanning-mousse-medium\\\/#primaryimage\",\"url\":\"https:\\\/\\\/i0.wp.com\\\/greenspells.com\\\/wp-content\\\/uploads\\\/2025\\\/11\\\/3.png?fit=2000%2C2500&ssl=1\",\"contentUrl\":\"https:\\\/\\\/i0.wp.com\\\/greenspells.com\\\/wp-content\\\/uploads\\\/2025\\\/11\\\/3.png?fit=2000%2C2500&ssl=1\",\"width\":2000,\"height\":2500},{\"@type\":\"BreadcrumbList\",\"@id\":\"https:\\\/\\\/greenspells.com\\\/product\\\/luuv-self-tanning-mousse-medium\\\/#breadcrumb\",\"itemListElement\":[{\"@type\":\"ListItem\",\"position\":1,\"name\":\"Home\",\"item\":\"https:\\\/\\\/greenspells.com\\\/\"},{\"@type\":\"ListItem\",\"position\":2,\"name\":\"Shop\",\"item\":\"https:\\\/\\\/greenspells.com\\\/shop\\\/\"},{\"@type\":\"ListItem\",\"position\":3,\"name\":\"LUUV Self tanning mousse MEDIUM\"}]},{\"@type\":\"WebSite\",\"@id\":\"https:\\\/\\\/greenspells.com\\\/#website\",\"url\":\"https:\\\/\\\/greenspells.com\\\/\",\"name\":\"Greenspells\",\"description\":\"Nat\u016brali ir ekologi\u0161ka kosmetika\",\"publisher\":{\"@id\":\"https:\\\/\\\/greenspells.com\\\/#organization\"},\"potentialAction\":[{\"@type\":\"SearchAction\",\"target\":{\"@type\":\"EntryPoint\",\"urlTemplate\":\"https:\\\/\\\/greenspells.com\\\/?s={search_term_string}\"},\"query-input\":{\"@type\":\"PropertyValueSpecification\",\"valueRequired\":true,\"valueName\":\"search_term_string\"}}],\"inLanguage\":\"lt-LT\"},{\"@type\":\"Organization\",\"@id\":\"https:\\\/\\\/greenspells.com\\\/#organization\",\"name\":\"Greenspells\",\"url\":\"https:\\\/\\\/greenspells.com\\\/\",\"logo\":{\"@type\":\"ImageObject\",\"inLanguage\":\"lt-LT\",\"@id\":\"https:\\\/\\\/greenspells.com\\\/#\\\/schema\\\/logo\\\/image\\\/\",\"url\":\"https:\\\/\\\/i0.wp.com\\\/greenspells.com\\\/wp-content\\\/uploads\\\/2020\\\/09\\\/20200722_153424_0000.png?fit=1500%2C1500&ssl=1\",\"contentUrl\":\"https:\\\/\\\/i0.wp.com\\\/greenspells.com\\\/wp-content\\\/uploads\\\/2020\\\/09\\\/20200722_153424_0000.png?fit=1500%2C1500&ssl=1\",\"width\":1500,\"height\":1500,\"caption\":\"Greenspells\"},\"image\":{\"@id\":\"https:\\\/\\\/greenspells.com\\\/#\\\/schema\\\/logo\\\/image\\\/\"},\"sameAs\":[\"https:\\\/\\\/www.facebook.com\\\/Greenspells\",\"https:\\\/\\\/www.instagram.com\\\/greenspells_store\\\/\"]}]}<\/script>\n<!-- \/ Yoast SEO plugin. -->","yoast_head_json":{"title":"LUUV  Self tanning mousse  MEDIUM - Greenspells","description":"Nat\u016bralus, tolygus \u012fdegis su LUUV savaiminio \u012fdegio putomis. Bekvap\u0117s, ned\u0117m\u0117jan\u010dios, vegani\u0161kos ir sertifikuotos ECOCERT\/COSMOS.","robots":{"index":"index","follow":"follow","max-snippet":"max-snippet:-1","max-image-preview":"max-image-preview:large","max-video-preview":"max-video-preview:-1"},"canonical":"https:\/\/greenspells.com\/lt\/produktas\/luuv-self-tanning-mousse-medium\/","og_locale":"lt_LT","og_type":"article","og_title":"LUUV  Self tanning mousse  MEDIUM - Greenspells","og_description":"Nat\u016bralus, tolygus \u012fdegis su LUUV savaiminio \u012fdegio putomis. Bekvap\u0117s, ned\u0117m\u0117jan\u010dios, vegani\u0161kos ir sertifikuotos ECOCERT\/COSMOS.","og_url":"https:\/\/greenspells.com\/lt\/produktas\/luuv-self-tanning-mousse-medium\/","og_site_name":"Greenspells","article_publisher":"https:\/\/www.facebook.com\/Greenspells","article_modified_time":"2026-03-16T09:15:01+00:00","og_image":[{"width":2000,"height":2500,"url":"https:\/\/greenspells.com\/wp-content\/uploads\/2025\/11\/3.png","type":"image\/png"}],"twitter_card":"summary_large_image","twitter_misc":{"Est. reading time":"2 minut\u0117s"},"schema":{"@context":"https:\/\/schema.org","@graph":[{"@type":"WebPage","@id":"https:\/\/greenspells.com\/product\/luuv-self-tanning-mousse-medium\/","url":"https:\/\/greenspells.com\/product\/luuv-self-tanning-mousse-medium\/","name":"LUUV Self tanning mousse MEDIUM - Greenspells","isPartOf":{"@id":"https:\/\/greenspells.com\/#website"},"primaryImageOfPage":{"@id":"https:\/\/greenspells.com\/product\/luuv-self-tanning-mousse-medium\/#primaryimage"},"image":{"@id":"https:\/\/greenspells.com\/product\/luuv-self-tanning-mousse-medium\/#primaryimage"},"thumbnailUrl":"https:\/\/i0.wp.com\/greenspells.com\/wp-content\/uploads\/2025\/11\/3.png?fit=2000%2C2500&ssl=1","datePublished":"2025-11-07T08:15:07+00:00","dateModified":"2026-03-16T09:15:01+00:00","description":"Nat\u016bralus, tolygus \u012fdegis su LUUV savaiminio \u012fdegio putomis. Bekvap\u0117s, ned\u0117m\u0117jan\u010dios, vegani\u0161kos ir sertifikuotos ECOCERT\/COSMOS.","breadcrumb":{"@id":"https:\/\/greenspells.com\/product\/luuv-self-tanning-mousse-medium\/#breadcrumb"},"inLanguage":"lt-LT","potentialAction":[{"@type":"ReadAction","target":["https:\/\/greenspells.com\/product\/luuv-self-tanning-mousse-medium\/"]}]},{"@type":"ImageObject","inLanguage":"lt-LT","@id":"https:\/\/greenspells.com\/product\/luuv-self-tanning-mousse-medium\/#primaryimage","url":"https:\/\/i0.wp.com\/greenspells.com\/wp-content\/uploads\/2025\/11\/3.png?fit=2000%2C2500&ssl=1","contentUrl":"https:\/\/i0.wp.com\/greenspells.com\/wp-content\/uploads\/2025\/11\/3.png?fit=2000%2C2500&ssl=1","width":2000,"height":2500},{"@type":"BreadcrumbList","@id":"https:\/\/greenspells.com\/product\/luuv-self-tanning-mousse-medium\/#breadcrumb","itemListElement":[{"@type":"ListItem","position":1,"name":"Home","item":"https:\/\/greenspells.com\/"},{"@type":"ListItem","position":2,"name":"Shop","item":"https:\/\/greenspells.com\/shop\/"},{"@type":"ListItem","position":3,"name":"LUUV Self tanning mousse MEDIUM"}]},{"@type":"WebSite","@id":"https:\/\/greenspells.com\/#website","url":"https:\/\/greenspells.com\/","name":"Greenspells","description":"Nat\u016brali ir ekologi\u0161ka kosmetika","publisher":{"@id":"https:\/\/greenspells.com\/#organization"},"potentialAction":[{"@type":"SearchAction","target":{"@type":"EntryPoint","urlTemplate":"https:\/\/greenspells.com\/?s={search_term_string}"},"query-input":{"@type":"PropertyValueSpecification","valueRequired":true,"valueName":"search_term_string"}}],"inLanguage":"lt-LT"},{"@type":"Organization","@id":"https:\/\/greenspells.com\/#organization","name":"Greenspells","url":"https:\/\/greenspells.com\/","logo":{"@type":"ImageObject","inLanguage":"lt-LT","@id":"https:\/\/greenspells.com\/#\/schema\/logo\/image\/","url":"https:\/\/i0.wp.com\/greenspells.com\/wp-content\/uploads\/2020\/09\/20200722_153424_0000.png?fit=1500%2C1500&ssl=1","contentUrl":"https:\/\/i0.wp.com\/greenspells.com\/wp-content\/uploads\/2020\/09\/20200722_153424_0000.png?fit=1500%2C1500&ssl=1","width":1500,"height":1500,"caption":"Greenspells"},"image":{"@id":"https:\/\/greenspells.com\/#\/schema\/logo\/image\/"},"sameAs":["https:\/\/www.facebook.com\/Greenspells","https:\/\/www.instagram.com\/greenspells_store\/"]}]}},"jetpack_likes_enabled":true,"jetpack_sharing_enabled":true,"_links":{"self":[{"href":"https:\/\/greenspells.com\/lt\/wp-json\/wp\/v2\/product\/1676202","targetHints":{"allow":["GET"]}}],"collection":[{"href":"https:\/\/greenspells.com\/lt\/wp-json\/wp\/v2\/product"}],"about":[{"href":"https:\/\/greenspells.com\/lt\/wp-json\/wp\/v2\/types\/product"}],"replies":[{"embeddable":true,"href":"https:\/\/greenspells.com\/lt\/wp-json\/wp\/v2\/comments?post=1676202"}],"wp:featuredmedia":[{"embeddable":true,"href":"https:\/\/greenspells.com\/lt\/wp-json\/wp\/v2\/media\/1676204"}],"wp:attachment":[{"href":"https:\/\/greenspells.com\/lt\/wp-json\/wp\/v2\/media?parent=1676202"}],"wp:term":[{"taxonomy":"product_brand","embeddable":true,"href":"https:\/\/greenspells.com\/lt\/wp-json\/wp\/v2\/product_brand?post=1676202"},{"taxonomy":"product_cat","embeddable":true,"href":"https:\/\/greenspells.com\/lt\/wp-json\/wp\/v2\/product_cat?post=1676202"},{"taxonomy":"product_tag","embeddable":true,"href":"https:\/\/greenspells.com\/lt\/wp-json\/wp\/v2\/product_tag?post=1676202"}],"curies":[{"name":"wp","href":"https:\/\/api.w.org\/{rel}","templated":true}]}}