{"id":1676159,"date":"2025-11-03T11:24:23","date_gmt":"2025-11-03T09:24:23","guid":{"rendered":"https:\/\/greenspells.com\/?post_type=product&#038;p=1676159"},"modified":"2026-03-16T11:23:24","modified_gmt":"2026-03-16T09:23:24","slug":"luuv-natural-deodorant-citrus","status":"publish","type":"product","link":"https:\/\/greenspells.com\/lt\/produktas\/luuv-natural-deodorant-citrus\/","title":{"rendered":"LUUV <br> Nat\u016bralus dezodorantas <br> CITRUS"},"content":{"rendered":"<p>LUUV dezodorantas CITRUS - nat\u016bralus dezodorantas su od\u0105 gaivinan\u010diais ingredientais, kuris u\u017etikrina, kad vis\u0105 dien\u0105 jausit\u0117s \u0161vie\u017eiai, \u017evaliai ir pilni energijos. Patikrinta 24 val. apsauga nuo nemaloni\u0173 kvap\u0173 \u2013 galite pasikliauti!<\/p>\n<ul>\n<li>24h apsauga<\/li>\n<li aria-level=\"1\">Energizuojantis citrus\u0173 kvapas<\/li>\n<li aria-level=\"1\">Nedirgina odos<\/li>\n<li aria-level=\"1\">Nekem\u0161a por\u0173<\/li>\n<li aria-level=\"1\">Dr\u0117kina ir ramina<\/li>\n<li aria-level=\"1\">I\u0161saugo nat\u016bralias odos funkcijas j\u0173 netrikdydamas<\/li>\n<li aria-level=\"1\">Be sodos, alkoholio, aliuminio.<\/li>\n<\/ul>\n<p>Dezodorantas leid\u017eia odai laisvai kv\u0117puoti, nesutrikdo jos nat\u016brali\u0173 funkcij\u0173 ir neu\u017ekem\u0161a por\u0173. M\u016bs\u0173 slaptieji ginklai \u2013 prakait\u0105 sugeriantis ry\u017ei\u0173 krakmolas ir antibakterinis \u0161alavij\u0173 ekstraktas. Be to, dezodorantas turi dr\u0117kinan\u010dio ir raminan\u010dio poveikio alavijo, \u0161velniai pri\u017ei\u016brin\u010dio pa\u017east\u0173 od\u0105. Harmoningas citrusini\u0173 eterini\u0173 aliej\u0173 mi\u0161inys sukuria malon\u0173 kvap\u0105.<\/p>\n<p>Citrusinio kvapo dezodorantas greitai i\u0161d\u017ei\u016bsta ir nepalieka d\u0117mi\u0173 ant drabu\u017ei\u0173. Geriausia, kad jis neturi aliuminio, alkoholio ar sodos, ir yra 100\u202f% vegani\u0161kas.<\/p>\n<p><em><strong>Pagrindiniai ingredientai<\/strong><\/em><\/p>\n<p>Ekologi\u0161kas \u0161alavij\u0173 ekstraktas pasi\u017eymi prie\u0161u\u017edegimin\u0117mis ir antiseptin\u0117mis savyb\u0117mis. Puikiai tinka \u012ftraukti \u012f mi\u0161rios ar riebesn\u0117s odos prie\u017ei\u016bros priemones, nes padeda palaikyti \u0161varias poras ir subalansuoti odos b\u016bkl\u0119. Taip pat itin veiksmingas dezodorantuose, kur padeda neutralizuoti bakterijas ir nemalon\u0173 kvap\u0105 nat\u016braliu b\u016bdu.<\/p>\n<p>Alavijas (Aloe vera) nuo seno naudojamas liaudies medicinoje d\u0117l savo stipriai dr\u0117kinan\u010di\u0173 ir raminan\u010di\u0173 savybi\u0173. Jis maitina od\u0105, mal\u0161ina sudirgimus ir net saul\u0117s nudegimus, padeda atkurti nat\u016bral\u0173 jos komfort\u0105. Alavijas ramina ir prisotina od\u0105 deguonimi, palikdamas j\u0105 \u0161velni\u0105, lygi\u0105 ir \u0161ilkinio glotnumo.<\/p>\n<p><em><strong>Sud\u0117tis:<\/strong><\/em><\/p>\n<p>Aqua, Zinc Ricinoleate, Tetrasodium Glutamate Diacetate,Oryza Sativa (Rice) Starch, Propanediol, Aloe Barbadensis Leaf Juice, Triethyl Citrate, Polyglyceryl-3-Caprylate, Salvia Officinalis Leaf Extract, Citric acid, Citrus Aurantium Dulcis Oil (Orange oil), Glyceryl Caprylate, Benzoic Acid, Xanthan Gum, Parfum, Limonene, Linalool, Citral, Benzyl Salicylate, Hydroxycitronellal, Hexyl Cinnamal, Geraniol<\/p>\n<p>100% vegan<\/p>","protected":false},"excerpt":{"rendered":"<p>DEO Citrus is a natural deodorant with deodorizing agents that ensure you feel fresh, cheerful, and energized all day long. With 24-hour proven protection against unpleasant odors, you can trust it! 24h protection Energizing citrus scent Non-irritating Non-comedogenic Moisturizes and soothes Preserves skin\u2019s natural function Free from soda, alcohol and aluminum The deodorant allows the [&hellip;]<\/p>","protected":false},"featured_media":1676160,"comment_status":"open","ping_status":"closed","template":"","meta":{"content-type":"","_monsterinsights_skip_tracking":false,"_monsterinsights_sitenote_active":false,"_monsterinsights_sitenote_note":"","_monsterinsights_sitenote_category":0,"_uf_show_specific_survey":0,"_uf_disable_surveys":false},"product_brand":[2069],"product_cat":[137,139,15],"product_tag":[154,2093,494,2070,628,87,2092],"class_list":{"0":"post-1676159","1":"product","2":"type-product","3":"status-publish","4":"has-post-thumbnail","6":"product_brand-luuv","7":"product_cat-bath-and-body","8":"product_cat-deodorants","9":"product_cat-all-products","10":"product_tag-deodorant","11":"product_tag-dezodorantas-be-aliuminio","12":"product_tag-greenspells","13":"product_tag-luuv","14":"product_tag-naturalus-dezodorantas","15":"product_tag-natural-deodorant","16":"product_tag-rutulinis-dezodorantas","18":"first","19":"instock","20":"taxable","21":"shipping-taxable","22":"purchasable","23":"product-type-simple"},"bundled_by":[],"bundle_stock_status":"instock","bundle_stock_quantity":null,"bundle_virtual":false,"bundle_layout":"","bundle_add_to_cart_form_location":"","bundle_editable_in_cart":false,"bundle_sold_individually_context":"","bundle_item_grouping":"","bundle_min_size":"","bundle_max_size":"","bundle_price":[],"bundled_items":[],"bundle_sell_ids":[],"group_of_quantity":0,"min_quantity":0,"max_quantity":"","exclude_order_quantity_value_rules":"no","exclude_category_quantity_rules":"no","combine_variations":"no","exclude_global_add_ons":[],"addons":[],"yoast_head":"<!-- This site is optimized with the Yoast SEO plugin v27.3 - https:\/\/yoast.com\/product\/yoast-seo-wordpress\/ -->\n<title>LUUV  Natural deodorant  CITRUS - Greenspells<\/title>\n<meta name=\"description\" content=\"LUUV CITRUS Dezodorantas \u2013 nat\u016bralus, 24 val. apsaug\u0105 suteikiantis, su alaviju, \u0161alavij\u0173 ekstraktu ir ry\u017ei\u0173 krakmolu. Be sodos, alkoholio, aliuminio.\" \/>\n<meta name=\"robots\" content=\"index, follow, max-snippet:-1, max-image-preview:large, max-video-preview:-1\" \/>\n<link rel=\"canonical\" href=\"https:\/\/greenspells.com\/lt\/produktas\/luuv-natural-deodorant-citrus\/\" \/>\n<meta property=\"og:locale\" content=\"lt_LT\" \/>\n<meta property=\"og:type\" content=\"article\" \/>\n<meta property=\"og:title\" content=\"LUUV  Natural deodorant  CITRUS - Greenspells\" \/>\n<meta property=\"og:description\" content=\"LUUV CITRUS Dezodorantas \u2013 nat\u016bralus, 24 val. apsaug\u0105 suteikiantis, su alaviju, \u0161alavij\u0173 ekstraktu ir ry\u017ei\u0173 krakmolu. Be sodos, alkoholio, aliuminio.\" \/>\n<meta property=\"og:url\" content=\"https:\/\/greenspells.com\/lt\/produktas\/luuv-natural-deodorant-citrus\/\" \/>\n<meta property=\"og:site_name\" content=\"Greenspells\" \/>\n<meta property=\"article:publisher\" content=\"https:\/\/www.facebook.com\/Greenspells\" \/>\n<meta property=\"article:modified_time\" content=\"2026-03-16T09:23:24+00:00\" \/>\n<meta property=\"og:image\" content=\"https:\/\/greenspells.com\/wp-content\/uploads\/2025\/11\/luuv_deodorant_citrus.jpg\" \/>\n\t<meta property=\"og:image:width\" content=\"2048\" \/>\n\t<meta property=\"og:image:height\" content=\"2560\" \/>\n\t<meta property=\"og:image:type\" content=\"image\/jpeg\" \/>\n<meta name=\"twitter:card\" content=\"summary_large_image\" \/>\n<meta name=\"twitter:label1\" content=\"Est. reading time\" \/>\n\t<meta name=\"twitter:data1\" content=\"2 minut\u0117s\" \/>\n<script type=\"application\/ld+json\" class=\"yoast-schema-graph\">{\"@context\":\"https:\\\/\\\/schema.org\",\"@graph\":[{\"@type\":\"WebPage\",\"@id\":\"https:\\\/\\\/greenspells.com\\\/product\\\/luuv-natural-deodorant-citrus\\\/\",\"url\":\"https:\\\/\\\/greenspells.com\\\/product\\\/luuv-natural-deodorant-citrus\\\/\",\"name\":\"LUUV Natural deodorant CITRUS - Greenspells\",\"isPartOf\":{\"@id\":\"https:\\\/\\\/greenspells.com\\\/#website\"},\"primaryImageOfPage\":{\"@id\":\"https:\\\/\\\/greenspells.com\\\/product\\\/luuv-natural-deodorant-citrus\\\/#primaryimage\"},\"image\":{\"@id\":\"https:\\\/\\\/greenspells.com\\\/product\\\/luuv-natural-deodorant-citrus\\\/#primaryimage\"},\"thumbnailUrl\":\"https:\\\/\\\/i0.wp.com\\\/greenspells.com\\\/wp-content\\\/uploads\\\/2025\\\/11\\\/luuv_deodorant_citrus.jpg?fit=2048%2C2560&ssl=1\",\"datePublished\":\"2025-11-03T09:24:23+00:00\",\"dateModified\":\"2026-03-16T09:23:24+00:00\",\"description\":\"LUUV CITRUS Dezodorantas \u2013 nat\u016bralus, 24 val. apsaug\u0105 suteikiantis, su alaviju, \u0161alavij\u0173 ekstraktu ir ry\u017ei\u0173 krakmolu. Be sodos, alkoholio, aliuminio.\",\"breadcrumb\":{\"@id\":\"https:\\\/\\\/greenspells.com\\\/product\\\/luuv-natural-deodorant-citrus\\\/#breadcrumb\"},\"inLanguage\":\"lt-LT\",\"potentialAction\":[{\"@type\":\"ReadAction\",\"target\":[\"https:\\\/\\\/greenspells.com\\\/product\\\/luuv-natural-deodorant-citrus\\\/\"]}]},{\"@type\":\"ImageObject\",\"inLanguage\":\"lt-LT\",\"@id\":\"https:\\\/\\\/greenspells.com\\\/product\\\/luuv-natural-deodorant-citrus\\\/#primaryimage\",\"url\":\"https:\\\/\\\/i0.wp.com\\\/greenspells.com\\\/wp-content\\\/uploads\\\/2025\\\/11\\\/luuv_deodorant_citrus.jpg?fit=2048%2C2560&ssl=1\",\"contentUrl\":\"https:\\\/\\\/i0.wp.com\\\/greenspells.com\\\/wp-content\\\/uploads\\\/2025\\\/11\\\/luuv_deodorant_citrus.jpg?fit=2048%2C2560&ssl=1\",\"width\":2048,\"height\":2560,\"caption\":\"luuv natural deodorant citrus\"},{\"@type\":\"BreadcrumbList\",\"@id\":\"https:\\\/\\\/greenspells.com\\\/product\\\/luuv-natural-deodorant-citrus\\\/#breadcrumb\",\"itemListElement\":[{\"@type\":\"ListItem\",\"position\":1,\"name\":\"Home\",\"item\":\"https:\\\/\\\/greenspells.com\\\/\"},{\"@type\":\"ListItem\",\"position\":2,\"name\":\"Shop\",\"item\":\"https:\\\/\\\/greenspells.com\\\/shop\\\/\"},{\"@type\":\"ListItem\",\"position\":3,\"name\":\"LUUV Natural deodorant CITRUS\"}]},{\"@type\":\"WebSite\",\"@id\":\"https:\\\/\\\/greenspells.com\\\/#website\",\"url\":\"https:\\\/\\\/greenspells.com\\\/\",\"name\":\"Greenspells\",\"description\":\"Nat\u016brali ir ekologi\u0161ka kosmetika\",\"publisher\":{\"@id\":\"https:\\\/\\\/greenspells.com\\\/#organization\"},\"potentialAction\":[{\"@type\":\"SearchAction\",\"target\":{\"@type\":\"EntryPoint\",\"urlTemplate\":\"https:\\\/\\\/greenspells.com\\\/?s={search_term_string}\"},\"query-input\":{\"@type\":\"PropertyValueSpecification\",\"valueRequired\":true,\"valueName\":\"search_term_string\"}}],\"inLanguage\":\"lt-LT\"},{\"@type\":\"Organization\",\"@id\":\"https:\\\/\\\/greenspells.com\\\/#organization\",\"name\":\"Greenspells\",\"url\":\"https:\\\/\\\/greenspells.com\\\/\",\"logo\":{\"@type\":\"ImageObject\",\"inLanguage\":\"lt-LT\",\"@id\":\"https:\\\/\\\/greenspells.com\\\/#\\\/schema\\\/logo\\\/image\\\/\",\"url\":\"https:\\\/\\\/i0.wp.com\\\/greenspells.com\\\/wp-content\\\/uploads\\\/2020\\\/09\\\/20200722_153424_0000.png?fit=1500%2C1500&ssl=1\",\"contentUrl\":\"https:\\\/\\\/i0.wp.com\\\/greenspells.com\\\/wp-content\\\/uploads\\\/2020\\\/09\\\/20200722_153424_0000.png?fit=1500%2C1500&ssl=1\",\"width\":1500,\"height\":1500,\"caption\":\"Greenspells\"},\"image\":{\"@id\":\"https:\\\/\\\/greenspells.com\\\/#\\\/schema\\\/logo\\\/image\\\/\"},\"sameAs\":[\"https:\\\/\\\/www.facebook.com\\\/Greenspells\",\"https:\\\/\\\/www.instagram.com\\\/greenspells_store\\\/\"]}]}<\/script>\n<!-- \/ Yoast SEO plugin. -->","yoast_head_json":{"title":"LUUV  Natural deodorant  CITRUS - Greenspells","description":"LUUV CITRUS Dezodorantas \u2013 nat\u016bralus, 24 val. apsaug\u0105 suteikiantis, su alaviju, \u0161alavij\u0173 ekstraktu ir ry\u017ei\u0173 krakmolu. Be sodos, alkoholio, aliuminio.","robots":{"index":"index","follow":"follow","max-snippet":"max-snippet:-1","max-image-preview":"max-image-preview:large","max-video-preview":"max-video-preview:-1"},"canonical":"https:\/\/greenspells.com\/lt\/produktas\/luuv-natural-deodorant-citrus\/","og_locale":"lt_LT","og_type":"article","og_title":"LUUV  Natural deodorant  CITRUS - Greenspells","og_description":"LUUV CITRUS Dezodorantas \u2013 nat\u016bralus, 24 val. apsaug\u0105 suteikiantis, su alaviju, \u0161alavij\u0173 ekstraktu ir ry\u017ei\u0173 krakmolu. Be sodos, alkoholio, aliuminio.","og_url":"https:\/\/greenspells.com\/lt\/produktas\/luuv-natural-deodorant-citrus\/","og_site_name":"Greenspells","article_publisher":"https:\/\/www.facebook.com\/Greenspells","article_modified_time":"2026-03-16T09:23:24+00:00","og_image":[{"width":2048,"height":2560,"url":"https:\/\/greenspells.com\/wp-content\/uploads\/2025\/11\/luuv_deodorant_citrus.jpg","type":"image\/jpeg"}],"twitter_card":"summary_large_image","twitter_misc":{"Est. reading time":"2 minut\u0117s"},"schema":{"@context":"https:\/\/schema.org","@graph":[{"@type":"WebPage","@id":"https:\/\/greenspells.com\/product\/luuv-natural-deodorant-citrus\/","url":"https:\/\/greenspells.com\/product\/luuv-natural-deodorant-citrus\/","name":"LUUV Natural deodorant CITRUS - Greenspells","isPartOf":{"@id":"https:\/\/greenspells.com\/#website"},"primaryImageOfPage":{"@id":"https:\/\/greenspells.com\/product\/luuv-natural-deodorant-citrus\/#primaryimage"},"image":{"@id":"https:\/\/greenspells.com\/product\/luuv-natural-deodorant-citrus\/#primaryimage"},"thumbnailUrl":"https:\/\/i0.wp.com\/greenspells.com\/wp-content\/uploads\/2025\/11\/luuv_deodorant_citrus.jpg?fit=2048%2C2560&ssl=1","datePublished":"2025-11-03T09:24:23+00:00","dateModified":"2026-03-16T09:23:24+00:00","description":"LUUV CITRUS Dezodorantas \u2013 nat\u016bralus, 24 val. apsaug\u0105 suteikiantis, su alaviju, \u0161alavij\u0173 ekstraktu ir ry\u017ei\u0173 krakmolu. Be sodos, alkoholio, aliuminio.","breadcrumb":{"@id":"https:\/\/greenspells.com\/product\/luuv-natural-deodorant-citrus\/#breadcrumb"},"inLanguage":"lt-LT","potentialAction":[{"@type":"ReadAction","target":["https:\/\/greenspells.com\/product\/luuv-natural-deodorant-citrus\/"]}]},{"@type":"ImageObject","inLanguage":"lt-LT","@id":"https:\/\/greenspells.com\/product\/luuv-natural-deodorant-citrus\/#primaryimage","url":"https:\/\/i0.wp.com\/greenspells.com\/wp-content\/uploads\/2025\/11\/luuv_deodorant_citrus.jpg?fit=2048%2C2560&ssl=1","contentUrl":"https:\/\/i0.wp.com\/greenspells.com\/wp-content\/uploads\/2025\/11\/luuv_deodorant_citrus.jpg?fit=2048%2C2560&ssl=1","width":2048,"height":2560,"caption":"luuv natural deodorant citrus"},{"@type":"BreadcrumbList","@id":"https:\/\/greenspells.com\/product\/luuv-natural-deodorant-citrus\/#breadcrumb","itemListElement":[{"@type":"ListItem","position":1,"name":"Home","item":"https:\/\/greenspells.com\/"},{"@type":"ListItem","position":2,"name":"Shop","item":"https:\/\/greenspells.com\/shop\/"},{"@type":"ListItem","position":3,"name":"LUUV Natural deodorant CITRUS"}]},{"@type":"WebSite","@id":"https:\/\/greenspells.com\/#website","url":"https:\/\/greenspells.com\/","name":"Greenspells","description":"Nat\u016brali ir ekologi\u0161ka kosmetika","publisher":{"@id":"https:\/\/greenspells.com\/#organization"},"potentialAction":[{"@type":"SearchAction","target":{"@type":"EntryPoint","urlTemplate":"https:\/\/greenspells.com\/?s={search_term_string}"},"query-input":{"@type":"PropertyValueSpecification","valueRequired":true,"valueName":"search_term_string"}}],"inLanguage":"lt-LT"},{"@type":"Organization","@id":"https:\/\/greenspells.com\/#organization","name":"Greenspells","url":"https:\/\/greenspells.com\/","logo":{"@type":"ImageObject","inLanguage":"lt-LT","@id":"https:\/\/greenspells.com\/#\/schema\/logo\/image\/","url":"https:\/\/i0.wp.com\/greenspells.com\/wp-content\/uploads\/2020\/09\/20200722_153424_0000.png?fit=1500%2C1500&ssl=1","contentUrl":"https:\/\/i0.wp.com\/greenspells.com\/wp-content\/uploads\/2020\/09\/20200722_153424_0000.png?fit=1500%2C1500&ssl=1","width":1500,"height":1500,"caption":"Greenspells"},"image":{"@id":"https:\/\/greenspells.com\/#\/schema\/logo\/image\/"},"sameAs":["https:\/\/www.facebook.com\/Greenspells","https:\/\/www.instagram.com\/greenspells_store\/"]}]}},"jetpack_likes_enabled":true,"jetpack_sharing_enabled":true,"_links":{"self":[{"href":"https:\/\/greenspells.com\/lt\/wp-json\/wp\/v2\/product\/1676159","targetHints":{"allow":["GET"]}}],"collection":[{"href":"https:\/\/greenspells.com\/lt\/wp-json\/wp\/v2\/product"}],"about":[{"href":"https:\/\/greenspells.com\/lt\/wp-json\/wp\/v2\/types\/product"}],"replies":[{"embeddable":true,"href":"https:\/\/greenspells.com\/lt\/wp-json\/wp\/v2\/comments?post=1676159"}],"wp:featuredmedia":[{"embeddable":true,"href":"https:\/\/greenspells.com\/lt\/wp-json\/wp\/v2\/media\/1676160"}],"wp:attachment":[{"href":"https:\/\/greenspells.com\/lt\/wp-json\/wp\/v2\/media?parent=1676159"}],"wp:term":[{"taxonomy":"product_brand","embeddable":true,"href":"https:\/\/greenspells.com\/lt\/wp-json\/wp\/v2\/product_brand?post=1676159"},{"taxonomy":"product_cat","embeddable":true,"href":"https:\/\/greenspells.com\/lt\/wp-json\/wp\/v2\/product_cat?post=1676159"},{"taxonomy":"product_tag","embeddable":true,"href":"https:\/\/greenspells.com\/lt\/wp-json\/wp\/v2\/product_tag?post=1676159"}],"curies":[{"name":"wp","href":"https:\/\/api.w.org\/{rel}","templated":true}]}}