{"id":1676153,"date":"2025-11-03T11:13:05","date_gmt":"2025-11-03T09:13:05","guid":{"rendered":"https:\/\/greenspells.com\/?post_type=product&#038;p=1676153"},"modified":"2026-03-16T11:16:22","modified_gmt":"2026-03-16T09:16:22","slug":"luuv-natural-deodorant-fresh","status":"publish","type":"product","link":"https:\/\/greenspells.com\/lt\/produktas\/luuv-natural-deodorant-fresh\/","title":{"rendered":"LUUV <br> Nat\u016bralus dezodorantas <br> FRESH"},"content":{"rendered":"<p>LUUV nat\u016bralus dezodorantas FRESH. Suteikia subalansuot\u0105, nat\u016brali\u0105 apsaug\u0105. Su augaliniais dezodoruojan\u010diais ingredientais neleid\u017eia formuotis k\u016bno kvapui ir padeda i\u0161likti gaiviems vis\u0105 dien\u0105!<\/p>\n<ul>\n<li>24h apsauga<\/li>\n<li aria-level=\"1\">Gaivus kvapas<\/li>\n<li aria-level=\"1\">Nedirgina odos<\/li>\n<li aria-level=\"1\">Nekem\u0161a por\u0173<\/li>\n<li aria-level=\"1\">Dr\u0117kina ir ramina<\/li>\n<li aria-level=\"1\">I\u0161saugo nat\u016bralias odos funkcijas j\u0173 netrikdydamas<\/li>\n<li aria-level=\"1\">Be sodos, alkoholio, aliuminio.<\/li>\n<\/ul>\n<p>Dezodorantas nepa\u017eeid\u017eia nat\u016bralaus odos balanso ir neu\u017ekem\u0161a por\u0173. Jame esantis ry\u017ei\u0173 krakmolas sugeria perteklin\u012f prakait\u0105, o \u0161alavij\u0173 ekstraktas pasi\u017eymi antibakterin\u0117mis savyb\u0117mis. Be to, sud\u0117tyje esantis dr\u0117kinamasis alavijas maitina ir ramina pa\u017east\u0173 od\u0105 \u2013 tai idealus pasirinkimas jautriai odai.\nDezodorantas greitai d\u017ei\u016bsta ir nepalieka d\u0117mi\u0173 ant drabu\u017ei\u0173. \u017daliosios arbatos ir citrin\u0173 eterini\u0173 aliej\u0173 mi\u0161inys gaivina ir suteikia energijos tiek k\u016bnui, tiek protui.<\/p>\n<p>ECOCERT\/COSMOS sertifikuotas, 100 % vegani\u0161kas. Be sodos, aliuminio, alkoholio.<\/p>\n<p><em><strong>Pagrindiniai ingredientai<\/strong><\/em><\/p>\n<p>Ekologi\u0161kas \u0161alavij\u0173 ekstraktas pasi\u017eymi prie\u0161u\u017edegimin\u0117mis ir antiseptin\u0117mis savyb\u0117mis. Puikiai tinka \u012ftraukti \u012f mi\u0161rios ar riebesn\u0117s odos prie\u017ei\u016bros priemones, nes padeda palaikyti \u0161varias poras ir subalansuoti odos b\u016bkl\u0119. Taip pat itin veiksmingas dezodorantuose, kur padeda neutralizuoti bakterijas ir nemalon\u0173 kvap\u0105 nat\u016braliu b\u016bdu.<\/p>\n<p>Alavijas (Aloe vera) nuo seno naudojamas liaudies medicinoje d\u0117l savo stipriai dr\u0117kinan\u010di\u0173 ir raminan\u010di\u0173 savybi\u0173. Jis maitina od\u0105, mal\u0161ina sudirgimus ir net saul\u0117s nudegimus, padeda atkurti nat\u016bral\u0173 jos komfort\u0105. Alavijas ramina ir prisotina od\u0105 deguonimi, palikdamas j\u0105 \u0161velni\u0105, lygi\u0105 ir \u0161ilkinio glotnumo.<\/p>\n<p><em><strong>Sud\u0117tis:<\/strong><\/em><\/p>\n<p>Aqua, Dunaliella Salina Extract, Helianthus Annuus Seed Oil, Aloe Barbadensis Leaf Juice, Citrus Nobilis (Mandarin) Peel Oil, Citrus Aurantium (Orange) Peel Oil, Xanthan Gum, Triethyl Citrate, Glyceryl Caprylate, Benzoic Acid, Mica, Titanium Dioxide (CI 77891), Raphanus Sativus (Radish) Root Extract, Citric Acid, Maltodextrin, Parfum, Citral, Limonene, Linalool<\/p>\n<p>100% vegan<\/p>","protected":false},"excerpt":{"rendered":"<p>LUUV Fresh deodorant with natural deodorizing agents prevents the formation of body odor and keeps you fresh and dry all day long! 24h protection Fresh \u201cgreen\u201d scent Non-irritating Non-comedogenic Moisturizes and soothes Preserves skin\u2019s natural function Free from soda, alcohol and aluminum Deodorant allows the skin to breathe freely, does not disrupt the skin\u2019s natural [&hellip;]<\/p>\n","protected":false},"featured_media":1676155,"comment_status":"open","ping_status":"closed","template":"","meta":{"content-type":"","_monsterinsights_skip_tracking":false,"_monsterinsights_sitenote_active":false,"_monsterinsights_sitenote_note":"","_monsterinsights_sitenote_category":0,"_uf_show_specific_survey":0,"_uf_disable_surveys":false},"product_brand":[2069],"product_cat":[137,139,15],"product_tag":[154,2093,494,2070,628,87,2092],"class_list":{"0":"post-1676153","1":"product","2":"type-product","3":"status-publish","4":"has-post-thumbnail","6":"product_brand-luuv","7":"product_cat-bath-and-body","8":"product_cat-deodorants","9":"product_cat-all-products","10":"product_tag-deodorant","11":"product_tag-dezodorantas-be-aliuminio","12":"product_tag-greenspells","13":"product_tag-luuv","14":"product_tag-naturalus-dezodorantas","15":"product_tag-natural-deodorant","16":"product_tag-rutulinis-dezodorantas","18":"first","19":"instock","20":"taxable","21":"shipping-taxable","22":"purchasable","23":"product-type-simple"},"bundled_by":[],"bundle_stock_status":"instock","bundle_stock_quantity":null,"bundle_virtual":false,"bundle_layout":"","bundle_add_to_cart_form_location":"","bundle_editable_in_cart":false,"bundle_sold_individually_context":"","bundle_item_grouping":"","bundle_min_size":"","bundle_max_size":"","bundle_price":[],"bundled_items":[],"bundle_sell_ids":[],"group_of_quantity":0,"min_quantity":0,"max_quantity":"","exclude_order_quantity_value_rules":"no","exclude_category_quantity_rules":"no","combine_variations":"no","exclude_global_add_ons":[],"addons":[],"yoast_head":"<!-- This site is optimized with the Yoast SEO plugin v27.6 - https:\/\/yoast.com\/product\/yoast-seo-wordpress\/ -->\n<title>LUUV  Natural deodorant  FRESH - Greenspells<\/title>\n<meta name=\"description\" content=\"LUUV FRESH Dezodorantas \u2013 nat\u016bralus, 24 val. apsaug\u0105 suteikiantis, su alaviju, \u0161alavij\u0173 ekstraktu ir ry\u017ei\u0173 krakmolu. Be sodos, alkoholio, aliuminio.\" \/>\n<meta name=\"robots\" content=\"index, follow, max-snippet:-1, max-image-preview:large, max-video-preview:-1\" \/>\n<link rel=\"canonical\" href=\"https:\/\/greenspells.com\/lt\/produktas\/luuv-natural-deodorant-fresh\/\" \/>\n<meta property=\"og:locale\" content=\"lt_LT\" \/>\n<meta property=\"og:type\" content=\"article\" \/>\n<meta property=\"og:title\" content=\"LUUV  Natural deodorant  FRESH - Greenspells\" \/>\n<meta property=\"og:description\" content=\"LUUV FRESH Dezodorantas \u2013 nat\u016bralus, 24 val. apsaug\u0105 suteikiantis, su alaviju, \u0161alavij\u0173 ekstraktu ir ry\u017ei\u0173 krakmolu. Be sodos, alkoholio, aliuminio.\" \/>\n<meta property=\"og:url\" content=\"https:\/\/greenspells.com\/lt\/produktas\/luuv-natural-deodorant-fresh\/\" \/>\n<meta property=\"og:site_name\" content=\"Greenspells\" \/>\n<meta property=\"article:publisher\" content=\"https:\/\/www.facebook.com\/Greenspells\" \/>\n<meta property=\"article:modified_time\" content=\"2026-03-16T09:16:22+00:00\" \/>\n<meta property=\"og:image\" content=\"https:\/\/greenspells.com\/wp-content\/uploads\/2025\/11\/luuv_deod-fresh-breeze.jpg\" \/>\n\t<meta property=\"og:image:width\" content=\"2048\" \/>\n\t<meta property=\"og:image:height\" content=\"2560\" \/>\n\t<meta property=\"og:image:type\" content=\"image\/jpeg\" \/>\n<meta name=\"twitter:card\" content=\"summary_large_image\" \/>\n<meta name=\"twitter:label1\" content=\"Est. reading time\" \/>\n\t<meta name=\"twitter:data1\" content=\"2 minut\u0117s\" \/>\n<script type=\"application\/ld+json\" class=\"yoast-schema-graph\">{\"@context\":\"https:\\\/\\\/schema.org\",\"@graph\":[{\"@type\":\"WebPage\",\"@id\":\"https:\\\/\\\/greenspells.com\\\/product\\\/luuv-natural-deodorant-fresh\\\/\",\"url\":\"https:\\\/\\\/greenspells.com\\\/product\\\/luuv-natural-deodorant-fresh\\\/\",\"name\":\"LUUV Natural deodorant FRESH - Greenspells\",\"isPartOf\":{\"@id\":\"https:\\\/\\\/greenspells.com\\\/#website\"},\"primaryImageOfPage\":{\"@id\":\"https:\\\/\\\/greenspells.com\\\/product\\\/luuv-natural-deodorant-fresh\\\/#primaryimage\"},\"image\":{\"@id\":\"https:\\\/\\\/greenspells.com\\\/product\\\/luuv-natural-deodorant-fresh\\\/#primaryimage\"},\"thumbnailUrl\":\"https:\\\/\\\/i0.wp.com\\\/greenspells.com\\\/wp-content\\\/uploads\\\/2025\\\/11\\\/luuv_deod-fresh-breeze.jpg?fit=2048%2C2560&ssl=1\",\"datePublished\":\"2025-11-03T09:13:05+00:00\",\"dateModified\":\"2026-03-16T09:16:22+00:00\",\"description\":\"LUUV FRESH Dezodorantas \u2013 nat\u016bralus, 24 val. apsaug\u0105 suteikiantis, su alaviju, \u0161alavij\u0173 ekstraktu ir ry\u017ei\u0173 krakmolu. Be sodos, alkoholio, aliuminio.\",\"breadcrumb\":{\"@id\":\"https:\\\/\\\/greenspells.com\\\/product\\\/luuv-natural-deodorant-fresh\\\/#breadcrumb\"},\"inLanguage\":\"lt-LT\",\"potentialAction\":[{\"@type\":\"ReadAction\",\"target\":[\"https:\\\/\\\/greenspells.com\\\/product\\\/luuv-natural-deodorant-fresh\\\/\"]}]},{\"@type\":\"ImageObject\",\"inLanguage\":\"lt-LT\",\"@id\":\"https:\\\/\\\/greenspells.com\\\/product\\\/luuv-natural-deodorant-fresh\\\/#primaryimage\",\"url\":\"https:\\\/\\\/i0.wp.com\\\/greenspells.com\\\/wp-content\\\/uploads\\\/2025\\\/11\\\/luuv_deod-fresh-breeze.jpg?fit=2048%2C2560&ssl=1\",\"contentUrl\":\"https:\\\/\\\/i0.wp.com\\\/greenspells.com\\\/wp-content\\\/uploads\\\/2025\\\/11\\\/luuv_deod-fresh-breeze.jpg?fit=2048%2C2560&ssl=1\",\"width\":2048,\"height\":2560,\"caption\":\"LUUV deodorant fresh breeze\"},{\"@type\":\"BreadcrumbList\",\"@id\":\"https:\\\/\\\/greenspells.com\\\/product\\\/luuv-natural-deodorant-fresh\\\/#breadcrumb\",\"itemListElement\":[{\"@type\":\"ListItem\",\"position\":1,\"name\":\"Home\",\"item\":\"https:\\\/\\\/greenspells.com\\\/\"},{\"@type\":\"ListItem\",\"position\":2,\"name\":\"Shop\",\"item\":\"https:\\\/\\\/greenspells.com\\\/shop\\\/\"},{\"@type\":\"ListItem\",\"position\":3,\"name\":\"LUUV Natural deodorant FRESH\"}]},{\"@type\":\"WebSite\",\"@id\":\"https:\\\/\\\/greenspells.com\\\/#website\",\"url\":\"https:\\\/\\\/greenspells.com\\\/\",\"name\":\"Greenspells\",\"description\":\"Nat\u016brali ir ekologi\u0161ka kosmetika\",\"publisher\":{\"@id\":\"https:\\\/\\\/greenspells.com\\\/#organization\"},\"potentialAction\":[{\"@type\":\"SearchAction\",\"target\":{\"@type\":\"EntryPoint\",\"urlTemplate\":\"https:\\\/\\\/greenspells.com\\\/?s={search_term_string}\"},\"query-input\":{\"@type\":\"PropertyValueSpecification\",\"valueRequired\":true,\"valueName\":\"search_term_string\"}}],\"inLanguage\":\"lt-LT\"},{\"@type\":\"Organization\",\"@id\":\"https:\\\/\\\/greenspells.com\\\/#organization\",\"name\":\"Greenspells\",\"url\":\"https:\\\/\\\/greenspells.com\\\/\",\"logo\":{\"@type\":\"ImageObject\",\"inLanguage\":\"lt-LT\",\"@id\":\"https:\\\/\\\/greenspells.com\\\/#\\\/schema\\\/logo\\\/image\\\/\",\"url\":\"https:\\\/\\\/i0.wp.com\\\/greenspells.com\\\/wp-content\\\/uploads\\\/2020\\\/09\\\/20200722_153424_0000.png?fit=1500%2C1500&ssl=1\",\"contentUrl\":\"https:\\\/\\\/i0.wp.com\\\/greenspells.com\\\/wp-content\\\/uploads\\\/2020\\\/09\\\/20200722_153424_0000.png?fit=1500%2C1500&ssl=1\",\"width\":1500,\"height\":1500,\"caption\":\"Greenspells\"},\"image\":{\"@id\":\"https:\\\/\\\/greenspells.com\\\/#\\\/schema\\\/logo\\\/image\\\/\"},\"sameAs\":[\"https:\\\/\\\/www.facebook.com\\\/Greenspells\",\"https:\\\/\\\/www.instagram.com\\\/greenspells_store\\\/\"]}]}<\/script>\n<!-- \/ Yoast SEO plugin. -->","yoast_head_json":{"title":"LUUV  Natural deodorant  FRESH - Greenspells","description":"LUUV FRESH Dezodorantas \u2013 nat\u016bralus, 24 val. apsaug\u0105 suteikiantis, su alaviju, \u0161alavij\u0173 ekstraktu ir ry\u017ei\u0173 krakmolu. Be sodos, alkoholio, aliuminio.","robots":{"index":"index","follow":"follow","max-snippet":"max-snippet:-1","max-image-preview":"max-image-preview:large","max-video-preview":"max-video-preview:-1"},"canonical":"https:\/\/greenspells.com\/lt\/produktas\/luuv-natural-deodorant-fresh\/","og_locale":"lt_LT","og_type":"article","og_title":"LUUV  Natural deodorant  FRESH - Greenspells","og_description":"LUUV FRESH Dezodorantas \u2013 nat\u016bralus, 24 val. apsaug\u0105 suteikiantis, su alaviju, \u0161alavij\u0173 ekstraktu ir ry\u017ei\u0173 krakmolu. Be sodos, alkoholio, aliuminio.","og_url":"https:\/\/greenspells.com\/lt\/produktas\/luuv-natural-deodorant-fresh\/","og_site_name":"Greenspells","article_publisher":"https:\/\/www.facebook.com\/Greenspells","article_modified_time":"2026-03-16T09:16:22+00:00","og_image":[{"width":2048,"height":2560,"url":"https:\/\/greenspells.com\/wp-content\/uploads\/2025\/11\/luuv_deod-fresh-breeze.jpg","type":"image\/jpeg"}],"twitter_card":"summary_large_image","twitter_misc":{"Est. reading time":"2 minut\u0117s"},"schema":{"@context":"https:\/\/schema.org","@graph":[{"@type":"WebPage","@id":"https:\/\/greenspells.com\/product\/luuv-natural-deodorant-fresh\/","url":"https:\/\/greenspells.com\/product\/luuv-natural-deodorant-fresh\/","name":"LUUV Natural deodorant FRESH - Greenspells","isPartOf":{"@id":"https:\/\/greenspells.com\/#website"},"primaryImageOfPage":{"@id":"https:\/\/greenspells.com\/product\/luuv-natural-deodorant-fresh\/#primaryimage"},"image":{"@id":"https:\/\/greenspells.com\/product\/luuv-natural-deodorant-fresh\/#primaryimage"},"thumbnailUrl":"https:\/\/i0.wp.com\/greenspells.com\/wp-content\/uploads\/2025\/11\/luuv_deod-fresh-breeze.jpg?fit=2048%2C2560&ssl=1","datePublished":"2025-11-03T09:13:05+00:00","dateModified":"2026-03-16T09:16:22+00:00","description":"LUUV FRESH Dezodorantas \u2013 nat\u016bralus, 24 val. apsaug\u0105 suteikiantis, su alaviju, \u0161alavij\u0173 ekstraktu ir ry\u017ei\u0173 krakmolu. Be sodos, alkoholio, aliuminio.","breadcrumb":{"@id":"https:\/\/greenspells.com\/product\/luuv-natural-deodorant-fresh\/#breadcrumb"},"inLanguage":"lt-LT","potentialAction":[{"@type":"ReadAction","target":["https:\/\/greenspells.com\/product\/luuv-natural-deodorant-fresh\/"]}]},{"@type":"ImageObject","inLanguage":"lt-LT","@id":"https:\/\/greenspells.com\/product\/luuv-natural-deodorant-fresh\/#primaryimage","url":"https:\/\/i0.wp.com\/greenspells.com\/wp-content\/uploads\/2025\/11\/luuv_deod-fresh-breeze.jpg?fit=2048%2C2560&ssl=1","contentUrl":"https:\/\/i0.wp.com\/greenspells.com\/wp-content\/uploads\/2025\/11\/luuv_deod-fresh-breeze.jpg?fit=2048%2C2560&ssl=1","width":2048,"height":2560,"caption":"LUUV deodorant fresh breeze"},{"@type":"BreadcrumbList","@id":"https:\/\/greenspells.com\/product\/luuv-natural-deodorant-fresh\/#breadcrumb","itemListElement":[{"@type":"ListItem","position":1,"name":"Home","item":"https:\/\/greenspells.com\/"},{"@type":"ListItem","position":2,"name":"Shop","item":"https:\/\/greenspells.com\/shop\/"},{"@type":"ListItem","position":3,"name":"LUUV Natural deodorant FRESH"}]},{"@type":"WebSite","@id":"https:\/\/greenspells.com\/#website","url":"https:\/\/greenspells.com\/","name":"Greenspells","description":"Nat\u016brali ir ekologi\u0161ka kosmetika","publisher":{"@id":"https:\/\/greenspells.com\/#organization"},"potentialAction":[{"@type":"SearchAction","target":{"@type":"EntryPoint","urlTemplate":"https:\/\/greenspells.com\/?s={search_term_string}"},"query-input":{"@type":"PropertyValueSpecification","valueRequired":true,"valueName":"search_term_string"}}],"inLanguage":"lt-LT"},{"@type":"Organization","@id":"https:\/\/greenspells.com\/#organization","name":"Greenspells","url":"https:\/\/greenspells.com\/","logo":{"@type":"ImageObject","inLanguage":"lt-LT","@id":"https:\/\/greenspells.com\/#\/schema\/logo\/image\/","url":"https:\/\/i0.wp.com\/greenspells.com\/wp-content\/uploads\/2020\/09\/20200722_153424_0000.png?fit=1500%2C1500&ssl=1","contentUrl":"https:\/\/i0.wp.com\/greenspells.com\/wp-content\/uploads\/2020\/09\/20200722_153424_0000.png?fit=1500%2C1500&ssl=1","width":1500,"height":1500,"caption":"Greenspells"},"image":{"@id":"https:\/\/greenspells.com\/#\/schema\/logo\/image\/"},"sameAs":["https:\/\/www.facebook.com\/Greenspells","https:\/\/www.instagram.com\/greenspells_store\/"]}]}},"jetpack_likes_enabled":true,"jetpack_sharing_enabled":true,"_links":{"self":[{"href":"https:\/\/greenspells.com\/lt\/wp-json\/wp\/v2\/product\/1676153","targetHints":{"allow":["GET"]}}],"collection":[{"href":"https:\/\/greenspells.com\/lt\/wp-json\/wp\/v2\/product"}],"about":[{"href":"https:\/\/greenspells.com\/lt\/wp-json\/wp\/v2\/types\/product"}],"replies":[{"embeddable":true,"href":"https:\/\/greenspells.com\/lt\/wp-json\/wp\/v2\/comments?post=1676153"}],"wp:featuredmedia":[{"embeddable":true,"href":"https:\/\/greenspells.com\/lt\/wp-json\/wp\/v2\/media\/1676155"}],"wp:attachment":[{"href":"https:\/\/greenspells.com\/lt\/wp-json\/wp\/v2\/media?parent=1676153"}],"wp:term":[{"taxonomy":"product_brand","embeddable":true,"href":"https:\/\/greenspells.com\/lt\/wp-json\/wp\/v2\/product_brand?post=1676153"},{"taxonomy":"product_cat","embeddable":true,"href":"https:\/\/greenspells.com\/lt\/wp-json\/wp\/v2\/product_cat?post=1676153"},{"taxonomy":"product_tag","embeddable":true,"href":"https:\/\/greenspells.com\/lt\/wp-json\/wp\/v2\/product_tag?post=1676153"}],"curies":[{"name":"wp","href":"https:\/\/api.w.org\/{rel}","templated":true}]}}