{"id":1676134,"date":"2025-11-03T09:51:07","date_gmt":"2025-11-03T07:51:07","guid":{"rendered":"https:\/\/greenspells.com\/?post_type=product&#038;p=1676134"},"modified":"2026-03-16T11:17:22","modified_gmt":"2026-03-16T09:17:22","slug":"luuv-sensitive-intimate-wash","status":"publish","type":"product","link":"https:\/\/greenspells.com\/lt\/produktas\/luuv-sensitive-intimate-wash\/","title":{"rendered":"LUUV <br> Prausiklis intymiai higienai"},"content":{"rendered":"<p>LUUV intymios higienos prausiklis \u2013 \u0161velniausias b\u016bdas pasir\u016bpinti jautriausiomis k\u016bno vietomis.<\/p>\n<p>LUUV Intymios higienos prausiklis sukurtas taip, kad palaikyt\u0173 nat\u016bral\u0173 pH balans\u0105 ir u\u017etikrint\u0173 kasdien\u012f komfort\u0105. D\u0117l kruop\u0161\u010diai atrinkt\u0173 \u017eolini\u0173 prausikli\u0173 \u0161is produktas prausia itin \u0161velniai, nedirgina odos ir padeda i\u0161vengti disbalanso. Visi\u0161kai bekvapis, sukurtas specialiai jautriai odai. Joki\u0173 sudirgim\u0173 ar paraudim\u0173!<\/p>\n<p>ECOCERT\/COSMOS sertifikuotas \u2013 saugus tau ir aplinkai.<\/p>\n<ul>\n<li>Bekvapis<\/li>\n<li aria-level=\"1\">Jautriai odai<\/li>\n<li aria-level=\"1\">Maloniai putoja, d\u0117l to tinka \\ galima naudoti ir skutantis<\/li>\n<li aria-level=\"1\">ECOCERT\/COSMOS sertifikuotas<\/li>\n<\/ul>\n<p><strong>Coco-Glucoside<\/strong>\u00a0100 % nat\u016bralios kilm\u0117s \u0161velnus prausiklis, i\u0161gautas i\u0161 kokos\u0173. Draugi\u0161kas aplinkai ir sertifikuotas. Puikiai tinka net jautriai odai ir vaikams, nes nepa\u017eeid\u017eia nat\u016bralaus odos balanso.<\/p>\n<p id=\"tw-target-text\" class=\"tw-data-text tw-text-large tw-ta\" dir=\"ltr\" data-placeholder=\"T\u00f5lge\" aria-label=\"T\u00f5lgitud tekst\" data-ved=\"2ahUKEwivhY_0xcaGAxXwBxAIHV1xCPMQ3ewLegQIDhAU\"><span class=\"Y2IQFc\" lang=\"en\">100% nat\u016bral\u016bs\u00a0<strong>kvie\u010di\u0173 baltymai<\/strong>\u00a0padeda nuraminti odos sudirgimus ir pasi\u017eymi prie\u0161u\u017edegiminiu poveikiu.<\/span><\/p>\n<p id=\"tw-target-text\" class=\"tw-data-text tw-text-large tw-ta\" dir=\"ltr\" data-placeholder=\"T\u00f5lge\" aria-label=\"T\u00f5lgitud tekst\" data-ved=\"2ahUKEwivhY_0xcaGAxXwBxAIHV1xCPMQ3ewLegQIDhAU\"><span class=\"Y2IQFc\" lang=\"en\">Glicerinas - 100 % nat\u016bralus, be palmi\u0173 aliejaus. Stipriai dr\u0117kina od\u0105, nes sugeria dr\u0117gm\u0119 i\u0161 oro ir perne\u0161a j\u0105 giliai \u012f odos sluoksnius. Nesukuria sunkumo ar riebumo poj\u016b\u010dio.<\/span><\/p>\n<p><em><strong>Sud\u0117tis:<\/strong><\/em><\/p>\n<p>Aqua, Cocamidopropyl Betaine, Oryza Sativa (Rice) Starch, Coco-Glucoside, Glycerin, Glyceryl Oleate, Betaine, Cocos Nucifera, Cetyl alcohol, Hydrolyzed Wheat Protein, Citric Acid, Xanthan gum, Sodium Benzoate, Potassium Sorbate<\/p>\n<p>Natural origin: 97,89%<br \/>\n100% vegan<\/p>\n<p>&nbsp;<\/p>\n<p>&nbsp;<\/p>","protected":false},"excerpt":{"rendered":"<p>Sensitive Intimate Wash \u2013 the gentlest way to care for your most delicate areas! We understand the importance of maintaining the fragile pH balance, and that\u2019s why we\u2019ve carefully selected herbal detergents that won\u2019t disrupt it. With a perfectly balanced pH level of 3.5-4.5, you can trust that your intimate area will stay harmonious and [&hellip;]<\/p>\n","protected":false},"featured_media":1676142,"comment_status":"open","ping_status":"closed","template":"","meta":{"content-type":"","_monsterinsights_skip_tracking":false,"_monsterinsights_sitenote_active":false,"_monsterinsights_sitenote_note":"","_monsterinsights_sitenote_category":0,"_uf_show_specific_survey":0,"_uf_disable_surveys":false},"product_brand":[2069],"product_cat":[137,140,1356,136,15],"product_tag":[402,2091,2090,2070,2089,959],"class_list":{"0":"post-1676134","1":"product","2":"type-product","3":"status-publish","4":"has-post-thumbnail","6":"product_brand-luuv","7":"product_cat-bath-and-body","8":"product_cat-shower-and-bath","9":"product_cat-intimate-hygiene","10":"product_cat-kids","11":"product_cat-all-products","12":"product_tag-intimate-wash","13":"product_tag-intymios-higienos-prausiklis","14":"product_tag-intymus-prasuiklis","15":"product_tag-luuv","16":"product_tag-natural-intimate-wash","17":"product_tag-naturalus-prausiklis-intymiai-higienai","19":"first","20":"instock","21":"taxable","22":"shipping-taxable","23":"purchasable","24":"product-type-simple"},"bundled_by":[],"bundle_stock_status":"instock","bundle_stock_quantity":null,"bundle_virtual":false,"bundle_layout":"","bundle_add_to_cart_form_location":"","bundle_editable_in_cart":false,"bundle_sold_individually_context":"","bundle_item_grouping":"","bundle_min_size":"","bundle_max_size":"","bundle_price":[],"bundled_items":[],"bundle_sell_ids":[],"group_of_quantity":0,"min_quantity":0,"max_quantity":"","exclude_order_quantity_value_rules":"no","exclude_category_quantity_rules":"no","combine_variations":"no","exclude_global_add_ons":[],"addons":[],"yoast_head":"<!-- This site is optimized with the Yoast SEO plugin v27.4 - https:\/\/yoast.com\/product\/yoast-seo-wordpress\/ -->\n<title>LUUV  Sensitive intimate wash - Greenspells<\/title>\n<meta name=\"description\" content=\"LUUV Sensitive Intimate Wash \u2013 nat\u016bralus, bekvapis ir itin \u0161velnus intymios higienos prausiklis, subalansuotas pH 3.5\u20134.5, ECOCERT\/COSMOS sertifikuotas.\" \/>\n<meta name=\"robots\" content=\"index, follow, max-snippet:-1, max-image-preview:large, max-video-preview:-1\" \/>\n<link rel=\"canonical\" href=\"https:\/\/greenspells.com\/lt\/produktas\/luuv-sensitive-intimate-wash\/\" \/>\n<meta property=\"og:locale\" content=\"lt_LT\" \/>\n<meta property=\"og:type\" content=\"article\" \/>\n<meta property=\"og:title\" content=\"LUUV  Sensitive intimate wash - Greenspells\" \/>\n<meta property=\"og:description\" content=\"LUUV Sensitive Intimate Wash \u2013 nat\u016bralus, bekvapis ir itin \u0161velnus intymios higienos prausiklis, subalansuotas pH 3.5\u20134.5, ECOCERT\/COSMOS sertifikuotas.\" \/>\n<meta property=\"og:url\" content=\"https:\/\/greenspells.com\/lt\/produktas\/luuv-sensitive-intimate-wash\/\" \/>\n<meta property=\"og:site_name\" content=\"Greenspells\" \/>\n<meta property=\"article:publisher\" content=\"https:\/\/www.facebook.com\/Greenspells\" \/>\n<meta property=\"article:modified_time\" content=\"2026-03-16T09:17:22+00:00\" \/>\n<meta property=\"og:image\" content=\"https:\/\/greenspells.com\/wp-content\/uploads\/2025\/11\/luuv_initimate.jpg\" \/>\n\t<meta property=\"og:image:width\" content=\"2048\" \/>\n\t<meta property=\"og:image:height\" content=\"2560\" \/>\n\t<meta property=\"og:image:type\" content=\"image\/jpeg\" \/>\n<meta name=\"twitter:card\" content=\"summary_large_image\" \/>\n<meta name=\"twitter:label1\" content=\"Est. reading time\" \/>\n\t<meta name=\"twitter:data1\" content=\"2 minut\u0117s\" \/>\n<script type=\"application\/ld+json\" class=\"yoast-schema-graph\">{\"@context\":\"https:\\\/\\\/schema.org\",\"@graph\":[{\"@type\":\"WebPage\",\"@id\":\"https:\\\/\\\/greenspells.com\\\/product\\\/luuv-sensitive-intimate-wash\\\/\",\"url\":\"https:\\\/\\\/greenspells.com\\\/product\\\/luuv-sensitive-intimate-wash\\\/\",\"name\":\"LUUV Sensitive intimate wash - Greenspells\",\"isPartOf\":{\"@id\":\"https:\\\/\\\/greenspells.com\\\/#website\"},\"primaryImageOfPage\":{\"@id\":\"https:\\\/\\\/greenspells.com\\\/product\\\/luuv-sensitive-intimate-wash\\\/#primaryimage\"},\"image\":{\"@id\":\"https:\\\/\\\/greenspells.com\\\/product\\\/luuv-sensitive-intimate-wash\\\/#primaryimage\"},\"thumbnailUrl\":\"https:\\\/\\\/i0.wp.com\\\/greenspells.com\\\/wp-content\\\/uploads\\\/2025\\\/11\\\/luuv_initimate.jpg?fit=2048%2C2560&ssl=1\",\"datePublished\":\"2025-11-03T07:51:07+00:00\",\"dateModified\":\"2026-03-16T09:17:22+00:00\",\"description\":\"LUUV Sensitive Intimate Wash \u2013 nat\u016bralus, bekvapis ir itin \u0161velnus intymios higienos prausiklis, subalansuotas pH 3.5\u20134.5, ECOCERT\\\/COSMOS sertifikuotas.\",\"breadcrumb\":{\"@id\":\"https:\\\/\\\/greenspells.com\\\/product\\\/luuv-sensitive-intimate-wash\\\/#breadcrumb\"},\"inLanguage\":\"lt-LT\",\"potentialAction\":[{\"@type\":\"ReadAction\",\"target\":[\"https:\\\/\\\/greenspells.com\\\/product\\\/luuv-sensitive-intimate-wash\\\/\"]}]},{\"@type\":\"ImageObject\",\"inLanguage\":\"lt-LT\",\"@id\":\"https:\\\/\\\/greenspells.com\\\/product\\\/luuv-sensitive-intimate-wash\\\/#primaryimage\",\"url\":\"https:\\\/\\\/i0.wp.com\\\/greenspells.com\\\/wp-content\\\/uploads\\\/2025\\\/11\\\/luuv_initimate.jpg?fit=2048%2C2560&ssl=1\",\"contentUrl\":\"https:\\\/\\\/i0.wp.com\\\/greenspells.com\\\/wp-content\\\/uploads\\\/2025\\\/11\\\/luuv_initimate.jpg?fit=2048%2C2560&ssl=1\",\"width\":2048,\"height\":2560,\"caption\":\"luuv intimate wash\"},{\"@type\":\"BreadcrumbList\",\"@id\":\"https:\\\/\\\/greenspells.com\\\/product\\\/luuv-sensitive-intimate-wash\\\/#breadcrumb\",\"itemListElement\":[{\"@type\":\"ListItem\",\"position\":1,\"name\":\"Home\",\"item\":\"https:\\\/\\\/greenspells.com\\\/\"},{\"@type\":\"ListItem\",\"position\":2,\"name\":\"Shop\",\"item\":\"https:\\\/\\\/greenspells.com\\\/shop\\\/\"},{\"@type\":\"ListItem\",\"position\":3,\"name\":\"LUUV Sensitive intimate wash\"}]},{\"@type\":\"WebSite\",\"@id\":\"https:\\\/\\\/greenspells.com\\\/#website\",\"url\":\"https:\\\/\\\/greenspells.com\\\/\",\"name\":\"Greenspells\",\"description\":\"Nat\u016brali ir ekologi\u0161ka kosmetika\",\"publisher\":{\"@id\":\"https:\\\/\\\/greenspells.com\\\/#organization\"},\"potentialAction\":[{\"@type\":\"SearchAction\",\"target\":{\"@type\":\"EntryPoint\",\"urlTemplate\":\"https:\\\/\\\/greenspells.com\\\/?s={search_term_string}\"},\"query-input\":{\"@type\":\"PropertyValueSpecification\",\"valueRequired\":true,\"valueName\":\"search_term_string\"}}],\"inLanguage\":\"lt-LT\"},{\"@type\":\"Organization\",\"@id\":\"https:\\\/\\\/greenspells.com\\\/#organization\",\"name\":\"Greenspells\",\"url\":\"https:\\\/\\\/greenspells.com\\\/\",\"logo\":{\"@type\":\"ImageObject\",\"inLanguage\":\"lt-LT\",\"@id\":\"https:\\\/\\\/greenspells.com\\\/#\\\/schema\\\/logo\\\/image\\\/\",\"url\":\"https:\\\/\\\/i0.wp.com\\\/greenspells.com\\\/wp-content\\\/uploads\\\/2020\\\/09\\\/20200722_153424_0000.png?fit=1500%2C1500&ssl=1\",\"contentUrl\":\"https:\\\/\\\/i0.wp.com\\\/greenspells.com\\\/wp-content\\\/uploads\\\/2020\\\/09\\\/20200722_153424_0000.png?fit=1500%2C1500&ssl=1\",\"width\":1500,\"height\":1500,\"caption\":\"Greenspells\"},\"image\":{\"@id\":\"https:\\\/\\\/greenspells.com\\\/#\\\/schema\\\/logo\\\/image\\\/\"},\"sameAs\":[\"https:\\\/\\\/www.facebook.com\\\/Greenspells\",\"https:\\\/\\\/www.instagram.com\\\/greenspells_store\\\/\"]}]}<\/script>\n<!-- \/ Yoast SEO plugin. -->","yoast_head_json":{"title":"LUUV  Sensitive intimate wash - Greenspells","description":"LUUV Sensitive Intimate Wash \u2013 nat\u016bralus, bekvapis ir itin \u0161velnus intymios higienos prausiklis, subalansuotas pH 3.5\u20134.5, ECOCERT\/COSMOS sertifikuotas.","robots":{"index":"index","follow":"follow","max-snippet":"max-snippet:-1","max-image-preview":"max-image-preview:large","max-video-preview":"max-video-preview:-1"},"canonical":"https:\/\/greenspells.com\/lt\/produktas\/luuv-sensitive-intimate-wash\/","og_locale":"lt_LT","og_type":"article","og_title":"LUUV  Sensitive intimate wash - Greenspells","og_description":"LUUV Sensitive Intimate Wash \u2013 nat\u016bralus, bekvapis ir itin \u0161velnus intymios higienos prausiklis, subalansuotas pH 3.5\u20134.5, ECOCERT\/COSMOS sertifikuotas.","og_url":"https:\/\/greenspells.com\/lt\/produktas\/luuv-sensitive-intimate-wash\/","og_site_name":"Greenspells","article_publisher":"https:\/\/www.facebook.com\/Greenspells","article_modified_time":"2026-03-16T09:17:22+00:00","og_image":[{"width":2048,"height":2560,"url":"https:\/\/greenspells.com\/wp-content\/uploads\/2025\/11\/luuv_initimate.jpg","type":"image\/jpeg"}],"twitter_card":"summary_large_image","twitter_misc":{"Est. reading time":"2 minut\u0117s"},"schema":{"@context":"https:\/\/schema.org","@graph":[{"@type":"WebPage","@id":"https:\/\/greenspells.com\/product\/luuv-sensitive-intimate-wash\/","url":"https:\/\/greenspells.com\/product\/luuv-sensitive-intimate-wash\/","name":"LUUV Sensitive intimate wash - Greenspells","isPartOf":{"@id":"https:\/\/greenspells.com\/#website"},"primaryImageOfPage":{"@id":"https:\/\/greenspells.com\/product\/luuv-sensitive-intimate-wash\/#primaryimage"},"image":{"@id":"https:\/\/greenspells.com\/product\/luuv-sensitive-intimate-wash\/#primaryimage"},"thumbnailUrl":"https:\/\/i0.wp.com\/greenspells.com\/wp-content\/uploads\/2025\/11\/luuv_initimate.jpg?fit=2048%2C2560&ssl=1","datePublished":"2025-11-03T07:51:07+00:00","dateModified":"2026-03-16T09:17:22+00:00","description":"LUUV Sensitive Intimate Wash \u2013 nat\u016bralus, bekvapis ir itin \u0161velnus intymios higienos prausiklis, subalansuotas pH 3.5\u20134.5, ECOCERT\/COSMOS sertifikuotas.","breadcrumb":{"@id":"https:\/\/greenspells.com\/product\/luuv-sensitive-intimate-wash\/#breadcrumb"},"inLanguage":"lt-LT","potentialAction":[{"@type":"ReadAction","target":["https:\/\/greenspells.com\/product\/luuv-sensitive-intimate-wash\/"]}]},{"@type":"ImageObject","inLanguage":"lt-LT","@id":"https:\/\/greenspells.com\/product\/luuv-sensitive-intimate-wash\/#primaryimage","url":"https:\/\/i0.wp.com\/greenspells.com\/wp-content\/uploads\/2025\/11\/luuv_initimate.jpg?fit=2048%2C2560&ssl=1","contentUrl":"https:\/\/i0.wp.com\/greenspells.com\/wp-content\/uploads\/2025\/11\/luuv_initimate.jpg?fit=2048%2C2560&ssl=1","width":2048,"height":2560,"caption":"luuv intimate wash"},{"@type":"BreadcrumbList","@id":"https:\/\/greenspells.com\/product\/luuv-sensitive-intimate-wash\/#breadcrumb","itemListElement":[{"@type":"ListItem","position":1,"name":"Home","item":"https:\/\/greenspells.com\/"},{"@type":"ListItem","position":2,"name":"Shop","item":"https:\/\/greenspells.com\/shop\/"},{"@type":"ListItem","position":3,"name":"LUUV Sensitive intimate wash"}]},{"@type":"WebSite","@id":"https:\/\/greenspells.com\/#website","url":"https:\/\/greenspells.com\/","name":"Greenspells","description":"Nat\u016brali ir ekologi\u0161ka kosmetika","publisher":{"@id":"https:\/\/greenspells.com\/#organization"},"potentialAction":[{"@type":"SearchAction","target":{"@type":"EntryPoint","urlTemplate":"https:\/\/greenspells.com\/?s={search_term_string}"},"query-input":{"@type":"PropertyValueSpecification","valueRequired":true,"valueName":"search_term_string"}}],"inLanguage":"lt-LT"},{"@type":"Organization","@id":"https:\/\/greenspells.com\/#organization","name":"Greenspells","url":"https:\/\/greenspells.com\/","logo":{"@type":"ImageObject","inLanguage":"lt-LT","@id":"https:\/\/greenspells.com\/#\/schema\/logo\/image\/","url":"https:\/\/i0.wp.com\/greenspells.com\/wp-content\/uploads\/2020\/09\/20200722_153424_0000.png?fit=1500%2C1500&ssl=1","contentUrl":"https:\/\/i0.wp.com\/greenspells.com\/wp-content\/uploads\/2020\/09\/20200722_153424_0000.png?fit=1500%2C1500&ssl=1","width":1500,"height":1500,"caption":"Greenspells"},"image":{"@id":"https:\/\/greenspells.com\/#\/schema\/logo\/image\/"},"sameAs":["https:\/\/www.facebook.com\/Greenspells","https:\/\/www.instagram.com\/greenspells_store\/"]}]}},"jetpack_likes_enabled":true,"jetpack_sharing_enabled":true,"_links":{"self":[{"href":"https:\/\/greenspells.com\/lt\/wp-json\/wp\/v2\/product\/1676134","targetHints":{"allow":["GET"]}}],"collection":[{"href":"https:\/\/greenspells.com\/lt\/wp-json\/wp\/v2\/product"}],"about":[{"href":"https:\/\/greenspells.com\/lt\/wp-json\/wp\/v2\/types\/product"}],"replies":[{"embeddable":true,"href":"https:\/\/greenspells.com\/lt\/wp-json\/wp\/v2\/comments?post=1676134"}],"wp:featuredmedia":[{"embeddable":true,"href":"https:\/\/greenspells.com\/lt\/wp-json\/wp\/v2\/media\/1676142"}],"wp:attachment":[{"href":"https:\/\/greenspells.com\/lt\/wp-json\/wp\/v2\/media?parent=1676134"}],"wp:term":[{"taxonomy":"product_brand","embeddable":true,"href":"https:\/\/greenspells.com\/lt\/wp-json\/wp\/v2\/product_brand?post=1676134"},{"taxonomy":"product_cat","embeddable":true,"href":"https:\/\/greenspells.com\/lt\/wp-json\/wp\/v2\/product_cat?post=1676134"},{"taxonomy":"product_tag","embeddable":true,"href":"https:\/\/greenspells.com\/lt\/wp-json\/wp\/v2\/product_tag?post=1676134"}],"curies":[{"name":"wp","href":"https:\/\/api.w.org\/{rel}","templated":true}]}}