{"id":1676106,"date":"2025-10-31T17:37:00","date_gmt":"2025-10-31T15:37:00","guid":{"rendered":"https:\/\/greenspells.com\/?post_type=product&#038;p=1676106"},"modified":"2026-03-16T11:17:58","modified_gmt":"2026-03-16T09:17:58","slug":"luuv-kids-shower-foam","status":"publish","type":"product","link":"https:\/\/greenspells.com\/lt\/produktas\/luuv-kids-shower-foam\/","title":{"rendered":"LUUV <br> Nat\u016bralios du\u0161o putos vaikams"},"content":{"rendered":"<p>LUUV du\u0161o putos vaikams \u2013 linksmyb\u0117s, spalvos ir ekologi\u0161kumas kiekvienai maudyni\u0173 rutinai!\n\n\u0160ios du\u0161o putos yra puikus kasdien\u0117s maudyni\u0173 draugas, suteikiantis ma\u017eyliams d\u017eiaugsmo, \u017eaismingumo ir ekologi\u0161kos \u0161varos.<\/p>\n<p>Sertifikuotos ECOCERT \/ COSMOS ekologi\u0161ku sertifikatu, \u0161ios putos pavers du\u0161\u0105 tikru nuotykiu, pilnu juoko ir smagi\u0173 akimirk\u0173.<\/p>\n<p>LUUV du\u0161o putos vaikams pagamintos i\u0161 atsakingai atrinkt\u0173, \u0161velni\u0173 plovikli\u0173, kurie nesudirgina jautrios vaiko odos.\n\nNat\u016bralus, sultingas kriau\u0161i\u0173 aromatas, be alergen\u0173.\n\nSpalvinga, ro\u017ein\u0117-violetin\u0117 spalva \u2013 sukurta i\u0161 nat\u016bralaus bulvi\u0173 ekstrakto, stebina ir \u012ftraukia vaik\u0173 vaizduot\u0119.\n\nEko sertifikuotos \u2013 \u0161velnios ne tik odai, bet ir aplinkai.<\/p>\n<p>Puiku \u017eaisti kartu, m\u0117gautis spalvomis ir aromatu \u2013 kod\u0117l gi nesurengus tikros put\u0173 \u0161vent\u0117s?<\/p>\n<ul>\n<li>Nat\u016bralios sud\u0117ties, be joki\u0173 alergen\u0173<\/li>\n<li>Gaivus kriau\u0161i\u0173 aromatas<\/li>\n<li>Nedirgina, nesausina odos<\/li>\n<li>ECOCERT\/COSMOS sertifikuotas<\/li>\n<\/ul>\n<p><em><strong>Kaip naudoti?<\/strong><\/em><\/p>\n<p>Tiesiog i\u0161spauskite put\u0173 \u012f deln\u0105 ir paskirstykite ant dr\u0117gnos odos. Nuskalaukite vandeniu. <strong data-start=\"293\" data-end=\"307\">Arba paverskite maudynes put\u0173 vakar\u0117liu<\/strong> , kad maudyn\u0117s b\u016bt\u0173 dar smagesn\u0117s.<\/p>\n<p><em><strong>Sud\u0117tis:<\/strong><\/em><\/p>\n<p>Aqua, Cocamidopropyl Betaine, Glycerin, Coco-Glucoside, Ipomoea Batatas (Potato) Root Extract, Cetyl Alcohol, Sodium Benzoate, Potassium Sorbate, Citric Acid, Aroma, Acacia Senegal Gum, Maltodextrin<\/p>\n<p>Natural origin: 99,78%<br \/>\n100% vegan<\/p>\n<p>&nbsp;<\/p>","protected":false},"excerpt":{"rendered":"<p>This is LUUV kids shower foam \u2013 the ultimate bath-time companion that brings joy, playfulness, and eco-consciousness to your little one\u2019s daily routine! Certified with the leading ECOCERT \/ COSMOS eco-certificate, this delightful foam will make showering an adventure filled with laughter and fun. We understand that your child\u2019s delicate skin deserves only the best, [&hellip;]<\/p>\n","protected":false},"featured_media":1676109,"comment_status":"open","ping_status":"closed","template":"","meta":{"content-type":"","_monsterinsights_skip_tracking":false,"_monsterinsights_sitenote_active":false,"_monsterinsights_sitenote_note":"","_monsterinsights_sitenote_category":0,"_uf_show_specific_survey":0,"_uf_disable_surveys":false},"product_brand":[2069],"product_cat":[137,140,136,15],"product_tag":[2085,2073,2084,969,2070,688,2079,2083,2086],"class_list":{"0":"post-1676106","1":"product","2":"type-product","3":"status-publish","4":"has-post-thumbnail","6":"product_brand-luuv","7":"product_cat-bath-and-body","8":"product_cat-shower-and-bath","9":"product_cat-kids","10":"product_cat-all-products","11":"product_tag-ekologiskas-prausiklis-vaikams","12":"product_tag-kids-bath","13":"product_tag-kids-shower","14":"product_tag-kosmetika-vaikams","15":"product_tag-luuv","16":"product_tag-prausiklis-vaikams","17":"product_tag-putos-vaikams","18":"product_tag-shower-foam","19":"product_tag-vonios-prausiklis","21":"first","22":"instock","23":"taxable","24":"shipping-taxable","25":"purchasable","26":"product-type-simple"},"bundled_by":[],"bundle_stock_status":"instock","bundle_stock_quantity":null,"bundle_virtual":false,"bundle_layout":"","bundle_add_to_cart_form_location":"","bundle_editable_in_cart":false,"bundle_sold_individually_context":"","bundle_item_grouping":"","bundle_min_size":"","bundle_max_size":"","bundle_price":[],"bundled_items":[],"bundle_sell_ids":[],"group_of_quantity":0,"min_quantity":0,"max_quantity":"","exclude_order_quantity_value_rules":"no","exclude_category_quantity_rules":"no","combine_variations":"no","exclude_global_add_ons":[],"addons":[],"yoast_head":"<!-- This site is optimized with the Yoast SEO plugin v27.4 - https:\/\/yoast.com\/product\/yoast-seo-wordpress\/ -->\n<title>LUUV  Kids Shower Foam - Greenspells<\/title>\n<meta name=\"description\" content=\"LUUV vaik\u0173 du\u0161o putos \u2013 ekologi\u0161kos, su nat\u016braliu kriau\u0161i\u0173 aromatu, \u0161velnios odai, spalvingos ir \u017eaismingos. Puikus du\u0161o nuotykis vaikams!\" \/>\n<meta name=\"robots\" content=\"index, follow, max-snippet:-1, max-image-preview:large, max-video-preview:-1\" \/>\n<link rel=\"canonical\" href=\"https:\/\/greenspells.com\/lt\/produktas\/luuv-kids-shower-foam\/\" \/>\n<meta property=\"og:locale\" content=\"lt_LT\" \/>\n<meta property=\"og:type\" content=\"article\" \/>\n<meta property=\"og:title\" content=\"LUUV  Kids Shower Foam - Greenspells\" \/>\n<meta property=\"og:description\" content=\"LUUV vaik\u0173 du\u0161o putos \u2013 ekologi\u0161kos, su nat\u016braliu kriau\u0161i\u0173 aromatu, \u0161velnios odai, spalvingos ir \u017eaismingos. Puikus du\u0161o nuotykis vaikams!\" \/>\n<meta property=\"og:url\" content=\"https:\/\/greenspells.com\/lt\/produktas\/luuv-kids-shower-foam\/\" \/>\n<meta property=\"og:site_name\" content=\"Greenspells\" \/>\n<meta property=\"article:publisher\" content=\"https:\/\/www.facebook.com\/Greenspells\" \/>\n<meta property=\"article:modified_time\" content=\"2026-03-16T09:17:58+00:00\" \/>\n<meta property=\"og:image\" content=\"https:\/\/greenspells.com\/wp-content\/uploads\/2025\/10\/LUUV-kids-shower-foam-1.jpg\" \/>\n\t<meta property=\"og:image:width\" content=\"797\" \/>\n\t<meta property=\"og:image:height\" content=\"1200\" \/>\n\t<meta property=\"og:image:type\" content=\"image\/jpeg\" \/>\n<meta name=\"twitter:card\" content=\"summary_large_image\" \/>\n<meta name=\"twitter:label1\" content=\"Est. reading time\" \/>\n\t<meta name=\"twitter:data1\" content=\"2 minut\u0117s\" \/>\n<script type=\"application\/ld+json\" class=\"yoast-schema-graph\">{\"@context\":\"https:\\\/\\\/schema.org\",\"@graph\":[{\"@type\":\"WebPage\",\"@id\":\"https:\\\/\\\/greenspells.com\\\/product\\\/luuv-kids-shower-foam\\\/\",\"url\":\"https:\\\/\\\/greenspells.com\\\/product\\\/luuv-kids-shower-foam\\\/\",\"name\":\"LUUV Kids Shower Foam - Greenspells\",\"isPartOf\":{\"@id\":\"https:\\\/\\\/greenspells.com\\\/#website\"},\"primaryImageOfPage\":{\"@id\":\"https:\\\/\\\/greenspells.com\\\/product\\\/luuv-kids-shower-foam\\\/#primaryimage\"},\"image\":{\"@id\":\"https:\\\/\\\/greenspells.com\\\/product\\\/luuv-kids-shower-foam\\\/#primaryimage\"},\"thumbnailUrl\":\"https:\\\/\\\/i0.wp.com\\\/greenspells.com\\\/wp-content\\\/uploads\\\/2025\\\/10\\\/LUUV-kids-shower-foam-1.jpg?fit=797%2C1200&ssl=1\",\"datePublished\":\"2025-10-31T15:37:00+00:00\",\"dateModified\":\"2026-03-16T09:17:58+00:00\",\"description\":\"LUUV vaik\u0173 du\u0161o putos \u2013 ekologi\u0161kos, su nat\u016braliu kriau\u0161i\u0173 aromatu, \u0161velnios odai, spalvingos ir \u017eaismingos. Puikus du\u0161o nuotykis vaikams!\",\"breadcrumb\":{\"@id\":\"https:\\\/\\\/greenspells.com\\\/product\\\/luuv-kids-shower-foam\\\/#breadcrumb\"},\"inLanguage\":\"lt-LT\",\"potentialAction\":[{\"@type\":\"ReadAction\",\"target\":[\"https:\\\/\\\/greenspells.com\\\/product\\\/luuv-kids-shower-foam\\\/\"]}]},{\"@type\":\"ImageObject\",\"inLanguage\":\"lt-LT\",\"@id\":\"https:\\\/\\\/greenspells.com\\\/product\\\/luuv-kids-shower-foam\\\/#primaryimage\",\"url\":\"https:\\\/\\\/i0.wp.com\\\/greenspells.com\\\/wp-content\\\/uploads\\\/2025\\\/10\\\/LUUV-kids-shower-foam-1.jpg?fit=797%2C1200&ssl=1\",\"contentUrl\":\"https:\\\/\\\/i0.wp.com\\\/greenspells.com\\\/wp-content\\\/uploads\\\/2025\\\/10\\\/LUUV-kids-shower-foam-1.jpg?fit=797%2C1200&ssl=1\",\"width\":797,\"height\":1200,\"caption\":\"Kids shower foam LUUV\"},{\"@type\":\"BreadcrumbList\",\"@id\":\"https:\\\/\\\/greenspells.com\\\/product\\\/luuv-kids-shower-foam\\\/#breadcrumb\",\"itemListElement\":[{\"@type\":\"ListItem\",\"position\":1,\"name\":\"Home\",\"item\":\"https:\\\/\\\/greenspells.com\\\/\"},{\"@type\":\"ListItem\",\"position\":2,\"name\":\"Shop\",\"item\":\"https:\\\/\\\/greenspells.com\\\/shop\\\/\"},{\"@type\":\"ListItem\",\"position\":3,\"name\":\"LUUV Kids Shower Foam\"}]},{\"@type\":\"WebSite\",\"@id\":\"https:\\\/\\\/greenspells.com\\\/#website\",\"url\":\"https:\\\/\\\/greenspells.com\\\/\",\"name\":\"Greenspells\",\"description\":\"Nat\u016brali ir ekologi\u0161ka kosmetika\",\"publisher\":{\"@id\":\"https:\\\/\\\/greenspells.com\\\/#organization\"},\"potentialAction\":[{\"@type\":\"SearchAction\",\"target\":{\"@type\":\"EntryPoint\",\"urlTemplate\":\"https:\\\/\\\/greenspells.com\\\/?s={search_term_string}\"},\"query-input\":{\"@type\":\"PropertyValueSpecification\",\"valueRequired\":true,\"valueName\":\"search_term_string\"}}],\"inLanguage\":\"lt-LT\"},{\"@type\":\"Organization\",\"@id\":\"https:\\\/\\\/greenspells.com\\\/#organization\",\"name\":\"Greenspells\",\"url\":\"https:\\\/\\\/greenspells.com\\\/\",\"logo\":{\"@type\":\"ImageObject\",\"inLanguage\":\"lt-LT\",\"@id\":\"https:\\\/\\\/greenspells.com\\\/#\\\/schema\\\/logo\\\/image\\\/\",\"url\":\"https:\\\/\\\/i0.wp.com\\\/greenspells.com\\\/wp-content\\\/uploads\\\/2020\\\/09\\\/20200722_153424_0000.png?fit=1500%2C1500&ssl=1\",\"contentUrl\":\"https:\\\/\\\/i0.wp.com\\\/greenspells.com\\\/wp-content\\\/uploads\\\/2020\\\/09\\\/20200722_153424_0000.png?fit=1500%2C1500&ssl=1\",\"width\":1500,\"height\":1500,\"caption\":\"Greenspells\"},\"image\":{\"@id\":\"https:\\\/\\\/greenspells.com\\\/#\\\/schema\\\/logo\\\/image\\\/\"},\"sameAs\":[\"https:\\\/\\\/www.facebook.com\\\/Greenspells\",\"https:\\\/\\\/www.instagram.com\\\/greenspells_store\\\/\"]}]}<\/script>\n<!-- \/ Yoast SEO plugin. -->","yoast_head_json":{"title":"LUUV  Kids Shower Foam - Greenspells","description":"LUUV vaik\u0173 du\u0161o putos \u2013 ekologi\u0161kos, su nat\u016braliu kriau\u0161i\u0173 aromatu, \u0161velnios odai, spalvingos ir \u017eaismingos. Puikus du\u0161o nuotykis vaikams!","robots":{"index":"index","follow":"follow","max-snippet":"max-snippet:-1","max-image-preview":"max-image-preview:large","max-video-preview":"max-video-preview:-1"},"canonical":"https:\/\/greenspells.com\/lt\/produktas\/luuv-kids-shower-foam\/","og_locale":"lt_LT","og_type":"article","og_title":"LUUV  Kids Shower Foam - Greenspells","og_description":"LUUV vaik\u0173 du\u0161o putos \u2013 ekologi\u0161kos, su nat\u016braliu kriau\u0161i\u0173 aromatu, \u0161velnios odai, spalvingos ir \u017eaismingos. Puikus du\u0161o nuotykis vaikams!","og_url":"https:\/\/greenspells.com\/lt\/produktas\/luuv-kids-shower-foam\/","og_site_name":"Greenspells","article_publisher":"https:\/\/www.facebook.com\/Greenspells","article_modified_time":"2026-03-16T09:17:58+00:00","og_image":[{"width":797,"height":1200,"url":"https:\/\/greenspells.com\/wp-content\/uploads\/2025\/10\/LUUV-kids-shower-foam-1.jpg","type":"image\/jpeg"}],"twitter_card":"summary_large_image","twitter_misc":{"Est. reading time":"2 minut\u0117s"},"schema":{"@context":"https:\/\/schema.org","@graph":[{"@type":"WebPage","@id":"https:\/\/greenspells.com\/product\/luuv-kids-shower-foam\/","url":"https:\/\/greenspells.com\/product\/luuv-kids-shower-foam\/","name":"LUUV Kids Shower Foam - Greenspells","isPartOf":{"@id":"https:\/\/greenspells.com\/#website"},"primaryImageOfPage":{"@id":"https:\/\/greenspells.com\/product\/luuv-kids-shower-foam\/#primaryimage"},"image":{"@id":"https:\/\/greenspells.com\/product\/luuv-kids-shower-foam\/#primaryimage"},"thumbnailUrl":"https:\/\/i0.wp.com\/greenspells.com\/wp-content\/uploads\/2025\/10\/LUUV-kids-shower-foam-1.jpg?fit=797%2C1200&ssl=1","datePublished":"2025-10-31T15:37:00+00:00","dateModified":"2026-03-16T09:17:58+00:00","description":"LUUV vaik\u0173 du\u0161o putos \u2013 ekologi\u0161kos, su nat\u016braliu kriau\u0161i\u0173 aromatu, \u0161velnios odai, spalvingos ir \u017eaismingos. Puikus du\u0161o nuotykis vaikams!","breadcrumb":{"@id":"https:\/\/greenspells.com\/product\/luuv-kids-shower-foam\/#breadcrumb"},"inLanguage":"lt-LT","potentialAction":[{"@type":"ReadAction","target":["https:\/\/greenspells.com\/product\/luuv-kids-shower-foam\/"]}]},{"@type":"ImageObject","inLanguage":"lt-LT","@id":"https:\/\/greenspells.com\/product\/luuv-kids-shower-foam\/#primaryimage","url":"https:\/\/i0.wp.com\/greenspells.com\/wp-content\/uploads\/2025\/10\/LUUV-kids-shower-foam-1.jpg?fit=797%2C1200&ssl=1","contentUrl":"https:\/\/i0.wp.com\/greenspells.com\/wp-content\/uploads\/2025\/10\/LUUV-kids-shower-foam-1.jpg?fit=797%2C1200&ssl=1","width":797,"height":1200,"caption":"Kids shower foam LUUV"},{"@type":"BreadcrumbList","@id":"https:\/\/greenspells.com\/product\/luuv-kids-shower-foam\/#breadcrumb","itemListElement":[{"@type":"ListItem","position":1,"name":"Home","item":"https:\/\/greenspells.com\/"},{"@type":"ListItem","position":2,"name":"Shop","item":"https:\/\/greenspells.com\/shop\/"},{"@type":"ListItem","position":3,"name":"LUUV Kids Shower Foam"}]},{"@type":"WebSite","@id":"https:\/\/greenspells.com\/#website","url":"https:\/\/greenspells.com\/","name":"Greenspells","description":"Nat\u016brali ir ekologi\u0161ka kosmetika","publisher":{"@id":"https:\/\/greenspells.com\/#organization"},"potentialAction":[{"@type":"SearchAction","target":{"@type":"EntryPoint","urlTemplate":"https:\/\/greenspells.com\/?s={search_term_string}"},"query-input":{"@type":"PropertyValueSpecification","valueRequired":true,"valueName":"search_term_string"}}],"inLanguage":"lt-LT"},{"@type":"Organization","@id":"https:\/\/greenspells.com\/#organization","name":"Greenspells","url":"https:\/\/greenspells.com\/","logo":{"@type":"ImageObject","inLanguage":"lt-LT","@id":"https:\/\/greenspells.com\/#\/schema\/logo\/image\/","url":"https:\/\/i0.wp.com\/greenspells.com\/wp-content\/uploads\/2020\/09\/20200722_153424_0000.png?fit=1500%2C1500&ssl=1","contentUrl":"https:\/\/i0.wp.com\/greenspells.com\/wp-content\/uploads\/2020\/09\/20200722_153424_0000.png?fit=1500%2C1500&ssl=1","width":1500,"height":1500,"caption":"Greenspells"},"image":{"@id":"https:\/\/greenspells.com\/#\/schema\/logo\/image\/"},"sameAs":["https:\/\/www.facebook.com\/Greenspells","https:\/\/www.instagram.com\/greenspells_store\/"]}]}},"jetpack_likes_enabled":true,"jetpack_sharing_enabled":true,"_links":{"self":[{"href":"https:\/\/greenspells.com\/lt\/wp-json\/wp\/v2\/product\/1676106","targetHints":{"allow":["GET"]}}],"collection":[{"href":"https:\/\/greenspells.com\/lt\/wp-json\/wp\/v2\/product"}],"about":[{"href":"https:\/\/greenspells.com\/lt\/wp-json\/wp\/v2\/types\/product"}],"replies":[{"embeddable":true,"href":"https:\/\/greenspells.com\/lt\/wp-json\/wp\/v2\/comments?post=1676106"}],"wp:featuredmedia":[{"embeddable":true,"href":"https:\/\/greenspells.com\/lt\/wp-json\/wp\/v2\/media\/1676109"}],"wp:attachment":[{"href":"https:\/\/greenspells.com\/lt\/wp-json\/wp\/v2\/media?parent=1676106"}],"wp:term":[{"taxonomy":"product_brand","embeddable":true,"href":"https:\/\/greenspells.com\/lt\/wp-json\/wp\/v2\/product_brand?post=1676106"},{"taxonomy":"product_cat","embeddable":true,"href":"https:\/\/greenspells.com\/lt\/wp-json\/wp\/v2\/product_cat?post=1676106"},{"taxonomy":"product_tag","embeddable":true,"href":"https:\/\/greenspells.com\/lt\/wp-json\/wp\/v2\/product_tag?post=1676106"}],"curies":[{"name":"wp","href":"https:\/\/api.w.org\/{rel}","templated":true}]}}