{"id":1676100,"date":"2025-10-31T17:21:16","date_gmt":"2025-10-31T15:21:16","guid":{"rendered":"https:\/\/greenspells.com\/?post_type=product&#038;p=1676100"},"modified":"2026-03-16T11:18:17","modified_gmt":"2026-03-16T09:18:17","slug":"luuv-natural-kids-shampoo","status":"publish","type":"product","link":"https:\/\/greenspells.com\/lt\/produktas\/luuv-natural-kids-shampoo\/","title":{"rendered":"LUUV <br> Nat\u016bralus \u0161amp\u016bnas vaikams"},"content":{"rendered":"<p>LUUV natural kids shampoo\u00a0 \u2013 where fun meets healthy hair! This shampoo takes your child\u2019s hair care to new heights with its completely natural, tear-free formula. Designed for little adventurers, it leaves hair strong, shiny, and gently detangles even the most resistant knots. With our leading ECOCERT\/COSMOS eco-certificate, you can trust that LUUV kids shampoo is not only gentle on your little one\u2019s hair but also on the environment.<\/p>\n<p>Carefully selected herbal detergents that are perfect for your child\u2019s delicate scalp, ensuring a nurturing and soothing wash. LUUV also infused it with the goodness of moisturizing aloe and plant betaine \u2013 not only does it make their hair easy to comb, but it also strengthens it from root to tip, leaving it looking healthy, vibrant, and ready for any adventure that comes their way. The sweet and juicy pear aroma is naturally derived and allergen-free. LUUV natural kids shampoo is not only natural but also vegan, making it a choice you can feel great about. Experience hair that\u2019s as soft as a mother\u2019s caress and join the fun today!<\/p>\n<ul>\n<li>Natural and allergen-free<\/li>\n<li>Tear-free formula<\/li>\n<li>Fresh pear scent<\/li>\n<li>Does not irritate skin<\/li>\n<li>ECOCERT\/COSMOS<\/li>\n<\/ul>\n<p><em><strong>How to use it?<\/strong><\/em><\/p>\n<p>Apply a small amount of shampoo to wet hair and gently massage until it lathers. Rinse thoroughly with warm water. For an extra fun and gentle bath routine, pair it with <a href=\"https:\/\/greenspells.com\/lt\/produktas\/luuv-natural-kids-bath-bubbles\/\"><strong data-start=\"343\" data-end=\"383\">LUUV Natural Pear Bath Foam for Kids<\/strong><\/a>!<\/p>\n<p><em><strong>Ingredients:<\/strong><\/em><\/p>\n<p><span data-sheets-value=\"{&quot;1&quot;:2,&quot;2&quot;:&quot;Aqua, Coco-Glucoside, Sodium Lauryl Glucose Carboxylate, Lauryl Glucoside, Oryza Sativa (Rice) Starch, Aloe Barbadensis Leaf Juice, Betaine, Guar Hydroxypropyltrimonium Chloride, Citric Acid, Glyceryl Oleate, Hydrolyzed Wheat Protein, Sodium Benzoate, Potassium Sorbate, Aroma&quot;}\" data-sheets-userformat=\"{&quot;2&quot;:11263,&quot;3&quot;:{&quot;1&quot;:0},&quot;4&quot;:{&quot;1&quot;:2,&quot;2&quot;:15846108},&quot;5&quot;:{&quot;1&quot;:[{&quot;1&quot;:2,&quot;2&quot;:0,&quot;5&quot;:{&quot;1&quot;:2,&quot;2&quot;:0}},{&quot;1&quot;:0,&quot;2&quot;:0,&quot;3&quot;:3},{&quot;1&quot;:1,&quot;2&quot;:0,&quot;4&quot;:1}]},&quot;6&quot;:{&quot;1&quot;:[{&quot;1&quot;:2,&quot;2&quot;:0,&quot;5&quot;:{&quot;1&quot;:2,&quot;2&quot;:0}},{&quot;1&quot;:0,&quot;2&quot;:0,&quot;3&quot;:3},{&quot;1&quot;:1,&quot;2&quot;:0,&quot;4&quot;:1}]},&quot;7&quot;:{&quot;1&quot;:[{&quot;1&quot;:2,&quot;2&quot;:0,&quot;5&quot;:{&quot;1&quot;:2,&quot;2&quot;:0}},{&quot;1&quot;:0,&quot;2&quot;:0,&quot;3&quot;:3},{&quot;1&quot;:1,&quot;2&quot;:0,&quot;4&quot;:1}]},&quot;8&quot;:{&quot;1&quot;:[{&quot;1&quot;:2,&quot;2&quot;:0,&quot;5&quot;:{&quot;1&quot;:2,&quot;2&quot;:0}},{&quot;1&quot;:0,&quot;2&quot;:0,&quot;3&quot;:3},{&quot;1&quot;:1,&quot;2&quot;:0,&quot;4&quot;:1}]},&quot;9&quot;:1,&quot;10&quot;:1,&quot;11&quot;:4,&quot;12&quot;:0,&quot;14&quot;:{&quot;1&quot;:3,&quot;3&quot;:1},&quot;16&quot;:11}\">Aqua, Coco-Glucoside, Sodium Lauryl Glucose Carboxylate, Lauryl Glucoside, Oryza Sativa (Rice) Starch, Aloe Barbadensis Leaf Juice, Betaine, Guar Hydroxypropyltrimonium Chloride, Citric Acid, Glyceryl Oleate, Hydrolyzed Wheat Protein, Sodium Benzoate, Potassium Sorbate, Aroma<\/span><\/p>\n<p>Natural origin: 98,4%<br \/>\n100% vegan<\/p>\n","protected":false},"excerpt":{"rendered":"<p>LUUV natural kids shampoo\u00a0 \u2013 where fun meets healthy hair! This shampoo takes your child\u2019s hair care to new heights with its completely natural, tear-free formula. Designed for little adventurers, it leaves hair strong, shiny, and gently detangles even the most resistant knots. With our leading ECOCERT\/COSMOS eco-certificate, you can trust that LUUV kids shampoo [&hellip;]<\/p>\n","protected":false},"featured_media":1676104,"comment_status":"open","ping_status":"closed","template":"","meta":{"content-type":"","_monsterinsights_skip_tracking":false,"_monsterinsights_sitenote_active":false,"_monsterinsights_sitenote_note":"","_monsterinsights_sitenote_category":0,"_uf_show_specific_survey":0,"_uf_disable_surveys":false},"product_brand":[2069],"product_cat":[228,136,229,15],"product_tag":[2081,494,969,2070,2080,461,2082],"class_list":{"0":"post-1676100","1":"product","2":"type-product","3":"status-publish","4":"has-post-thumbnail","6":"product_brand-luuv","7":"product_cat-hair-care","8":"product_cat-kids","9":"product_cat-shampoo-bars","10":"product_cat-all-products","11":"product_tag-uampunas-vaikams","12":"product_tag-greenspells","13":"product_tag-kosmetika-vaikams","14":"product_tag-luuv","15":"product_tag-naturalus-sampunas-vaikams","16":"product_tag-naturali-kosmetika","17":"product_tag-vaikiskas-sampunas","19":"first","20":"instock","21":"taxable","22":"shipping-taxable","23":"purchasable","24":"product-type-simple"},"bundled_by":[],"bundle_stock_status":"instock","bundle_stock_quantity":null,"bundle_virtual":false,"bundle_layout":"","bundle_add_to_cart_form_location":"","bundle_editable_in_cart":false,"bundle_sold_individually_context":"","bundle_item_grouping":"","bundle_min_size":"","bundle_max_size":"","bundle_price":[],"bundled_items":[],"bundle_sell_ids":[],"group_of_quantity":0,"min_quantity":0,"max_quantity":"","exclude_order_quantity_value_rules":"no","exclude_category_quantity_rules":"no","combine_variations":"no","exclude_global_add_ons":[],"addons":[],"yoast_head":"<!-- This site is optimized with the Yoast SEO plugin v27.4 - https:\/\/yoast.com\/product\/yoast-seo-wordpress\/ -->\n<title>LUUV  Natural kids shampoo - Greenspells<\/title>\n<meta name=\"description\" content=\"Nat\u016bralus LUUV \u0161amp\u016bnas vaikams \u2013 \u0161velnus, vegani\u0161kas, be a\u0161ar\u0173 ir alergen\u0173. Stiprina plaukus, suteikia \u017evilgesio ir malon\u0173 kriau\u0161i\u0173 aromat\u0105.\" \/>\n<meta name=\"robots\" content=\"index, follow, max-snippet:-1, max-image-preview:large, max-video-preview:-1\" \/>\n<link rel=\"canonical\" href=\"https:\/\/greenspells.com\/lt\/produktas\/luuv-natural-kids-shampoo\/\" \/>\n<meta property=\"og:locale\" content=\"lt_LT\" \/>\n<meta property=\"og:type\" content=\"article\" \/>\n<meta property=\"og:title\" content=\"LUUV  Natural kids shampoo - Greenspells\" \/>\n<meta property=\"og:description\" content=\"Nat\u016bralus LUUV \u0161amp\u016bnas vaikams \u2013 \u0161velnus, vegani\u0161kas, be a\u0161ar\u0173 ir alergen\u0173. Stiprina plaukus, suteikia \u017evilgesio ir malon\u0173 kriau\u0161i\u0173 aromat\u0105.\" \/>\n<meta property=\"og:url\" content=\"https:\/\/greenspells.com\/lt\/produktas\/luuv-natural-kids-shampoo\/\" \/>\n<meta property=\"og:site_name\" content=\"Greenspells\" \/>\n<meta property=\"article:publisher\" content=\"https:\/\/www.facebook.com\/Greenspells\" \/>\n<meta property=\"article:modified_time\" content=\"2026-03-16T09:18:17+00:00\" \/>\n<meta property=\"og:image\" content=\"https:\/\/greenspells.com\/wp-content\/uploads\/2025\/10\/luuv_kids_shampoo_pear.jpg\" \/>\n\t<meta property=\"og:image:width\" content=\"2048\" \/>\n\t<meta property=\"og:image:height\" content=\"2560\" \/>\n\t<meta property=\"og:image:type\" content=\"image\/jpeg\" \/>\n<meta name=\"twitter:card\" content=\"summary_large_image\" \/>\n<meta name=\"twitter:label1\" content=\"Est. reading time\" \/>\n\t<meta name=\"twitter:data1\" content=\"2 minut\u0117s\" \/>\n<script type=\"application\/ld+json\" class=\"yoast-schema-graph\">{\"@context\":\"https:\\\/\\\/schema.org\",\"@graph\":[{\"@type\":\"WebPage\",\"@id\":\"https:\\\/\\\/greenspells.com\\\/product\\\/luuv-natural-kids-shampoo\\\/\",\"url\":\"https:\\\/\\\/greenspells.com\\\/product\\\/luuv-natural-kids-shampoo\\\/\",\"name\":\"LUUV Natural kids shampoo - Greenspells\",\"isPartOf\":{\"@id\":\"https:\\\/\\\/greenspells.com\\\/#website\"},\"primaryImageOfPage\":{\"@id\":\"https:\\\/\\\/greenspells.com\\\/product\\\/luuv-natural-kids-shampoo\\\/#primaryimage\"},\"image\":{\"@id\":\"https:\\\/\\\/greenspells.com\\\/product\\\/luuv-natural-kids-shampoo\\\/#primaryimage\"},\"thumbnailUrl\":\"https:\\\/\\\/i0.wp.com\\\/greenspells.com\\\/wp-content\\\/uploads\\\/2025\\\/10\\\/luuv_kids_shampoo_pear.jpg?fit=2048%2C2560&ssl=1\",\"datePublished\":\"2025-10-31T15:21:16+00:00\",\"dateModified\":\"2026-03-16T09:18:17+00:00\",\"description\":\"Nat\u016bralus LUUV \u0161amp\u016bnas vaikams \u2013 \u0161velnus, vegani\u0161kas, be a\u0161ar\u0173 ir alergen\u0173. Stiprina plaukus, suteikia \u017evilgesio ir malon\u0173 kriau\u0161i\u0173 aromat\u0105.\",\"breadcrumb\":{\"@id\":\"https:\\\/\\\/greenspells.com\\\/product\\\/luuv-natural-kids-shampoo\\\/#breadcrumb\"},\"inLanguage\":\"lt-LT\",\"potentialAction\":[{\"@type\":\"ReadAction\",\"target\":[\"https:\\\/\\\/greenspells.com\\\/product\\\/luuv-natural-kids-shampoo\\\/\"]}]},{\"@type\":\"ImageObject\",\"inLanguage\":\"lt-LT\",\"@id\":\"https:\\\/\\\/greenspells.com\\\/product\\\/luuv-natural-kids-shampoo\\\/#primaryimage\",\"url\":\"https:\\\/\\\/i0.wp.com\\\/greenspells.com\\\/wp-content\\\/uploads\\\/2025\\\/10\\\/luuv_kids_shampoo_pear.jpg?fit=2048%2C2560&ssl=1\",\"contentUrl\":\"https:\\\/\\\/i0.wp.com\\\/greenspells.com\\\/wp-content\\\/uploads\\\/2025\\\/10\\\/luuv_kids_shampoo_pear.jpg?fit=2048%2C2560&ssl=1\",\"width\":2048,\"height\":2560,\"caption\":\"natural kid shampoo\"},{\"@type\":\"BreadcrumbList\",\"@id\":\"https:\\\/\\\/greenspells.com\\\/product\\\/luuv-natural-kids-shampoo\\\/#breadcrumb\",\"itemListElement\":[{\"@type\":\"ListItem\",\"position\":1,\"name\":\"Home\",\"item\":\"https:\\\/\\\/greenspells.com\\\/\"},{\"@type\":\"ListItem\",\"position\":2,\"name\":\"Shop\",\"item\":\"https:\\\/\\\/greenspells.com\\\/shop\\\/\"},{\"@type\":\"ListItem\",\"position\":3,\"name\":\"LUUV Natural kids shampoo\"}]},{\"@type\":\"WebSite\",\"@id\":\"https:\\\/\\\/greenspells.com\\\/#website\",\"url\":\"https:\\\/\\\/greenspells.com\\\/\",\"name\":\"Greenspells\",\"description\":\"Nat\u016brali ir ekologi\u0161ka kosmetika\",\"publisher\":{\"@id\":\"https:\\\/\\\/greenspells.com\\\/#organization\"},\"potentialAction\":[{\"@type\":\"SearchAction\",\"target\":{\"@type\":\"EntryPoint\",\"urlTemplate\":\"https:\\\/\\\/greenspells.com\\\/?s={search_term_string}\"},\"query-input\":{\"@type\":\"PropertyValueSpecification\",\"valueRequired\":true,\"valueName\":\"search_term_string\"}}],\"inLanguage\":\"lt-LT\"},{\"@type\":\"Organization\",\"@id\":\"https:\\\/\\\/greenspells.com\\\/#organization\",\"name\":\"Greenspells\",\"url\":\"https:\\\/\\\/greenspells.com\\\/\",\"logo\":{\"@type\":\"ImageObject\",\"inLanguage\":\"lt-LT\",\"@id\":\"https:\\\/\\\/greenspells.com\\\/#\\\/schema\\\/logo\\\/image\\\/\",\"url\":\"https:\\\/\\\/i0.wp.com\\\/greenspells.com\\\/wp-content\\\/uploads\\\/2020\\\/09\\\/20200722_153424_0000.png?fit=1500%2C1500&ssl=1\",\"contentUrl\":\"https:\\\/\\\/i0.wp.com\\\/greenspells.com\\\/wp-content\\\/uploads\\\/2020\\\/09\\\/20200722_153424_0000.png?fit=1500%2C1500&ssl=1\",\"width\":1500,\"height\":1500,\"caption\":\"Greenspells\"},\"image\":{\"@id\":\"https:\\\/\\\/greenspells.com\\\/#\\\/schema\\\/logo\\\/image\\\/\"},\"sameAs\":[\"https:\\\/\\\/www.facebook.com\\\/Greenspells\",\"https:\\\/\\\/www.instagram.com\\\/greenspells_store\\\/\"]}]}<\/script>\n<!-- \/ Yoast SEO plugin. -->","yoast_head_json":{"title":"LUUV  Natural kids shampoo - Greenspells","description":"Nat\u016bralus LUUV \u0161amp\u016bnas vaikams \u2013 \u0161velnus, vegani\u0161kas, be a\u0161ar\u0173 ir alergen\u0173. Stiprina plaukus, suteikia \u017evilgesio ir malon\u0173 kriau\u0161i\u0173 aromat\u0105.","robots":{"index":"index","follow":"follow","max-snippet":"max-snippet:-1","max-image-preview":"max-image-preview:large","max-video-preview":"max-video-preview:-1"},"canonical":"https:\/\/greenspells.com\/lt\/produktas\/luuv-natural-kids-shampoo\/","og_locale":"lt_LT","og_type":"article","og_title":"LUUV  Natural kids shampoo - Greenspells","og_description":"Nat\u016bralus LUUV \u0161amp\u016bnas vaikams \u2013 \u0161velnus, vegani\u0161kas, be a\u0161ar\u0173 ir alergen\u0173. Stiprina plaukus, suteikia \u017evilgesio ir malon\u0173 kriau\u0161i\u0173 aromat\u0105.","og_url":"https:\/\/greenspells.com\/lt\/produktas\/luuv-natural-kids-shampoo\/","og_site_name":"Greenspells","article_publisher":"https:\/\/www.facebook.com\/Greenspells","article_modified_time":"2026-03-16T09:18:17+00:00","og_image":[{"width":2048,"height":2560,"url":"https:\/\/greenspells.com\/wp-content\/uploads\/2025\/10\/luuv_kids_shampoo_pear.jpg","type":"image\/jpeg"}],"twitter_card":"summary_large_image","twitter_misc":{"Est. reading time":"2 minut\u0117s"},"schema":{"@context":"https:\/\/schema.org","@graph":[{"@type":"WebPage","@id":"https:\/\/greenspells.com\/product\/luuv-natural-kids-shampoo\/","url":"https:\/\/greenspells.com\/product\/luuv-natural-kids-shampoo\/","name":"LUUV Natural kids shampoo - Greenspells","isPartOf":{"@id":"https:\/\/greenspells.com\/#website"},"primaryImageOfPage":{"@id":"https:\/\/greenspells.com\/product\/luuv-natural-kids-shampoo\/#primaryimage"},"image":{"@id":"https:\/\/greenspells.com\/product\/luuv-natural-kids-shampoo\/#primaryimage"},"thumbnailUrl":"https:\/\/i0.wp.com\/greenspells.com\/wp-content\/uploads\/2025\/10\/luuv_kids_shampoo_pear.jpg?fit=2048%2C2560&ssl=1","datePublished":"2025-10-31T15:21:16+00:00","dateModified":"2026-03-16T09:18:17+00:00","description":"Nat\u016bralus LUUV \u0161amp\u016bnas vaikams \u2013 \u0161velnus, vegani\u0161kas, be a\u0161ar\u0173 ir alergen\u0173. Stiprina plaukus, suteikia \u017evilgesio ir malon\u0173 kriau\u0161i\u0173 aromat\u0105.","breadcrumb":{"@id":"https:\/\/greenspells.com\/product\/luuv-natural-kids-shampoo\/#breadcrumb"},"inLanguage":"lt-LT","potentialAction":[{"@type":"ReadAction","target":["https:\/\/greenspells.com\/product\/luuv-natural-kids-shampoo\/"]}]},{"@type":"ImageObject","inLanguage":"lt-LT","@id":"https:\/\/greenspells.com\/product\/luuv-natural-kids-shampoo\/#primaryimage","url":"https:\/\/i0.wp.com\/greenspells.com\/wp-content\/uploads\/2025\/10\/luuv_kids_shampoo_pear.jpg?fit=2048%2C2560&ssl=1","contentUrl":"https:\/\/i0.wp.com\/greenspells.com\/wp-content\/uploads\/2025\/10\/luuv_kids_shampoo_pear.jpg?fit=2048%2C2560&ssl=1","width":2048,"height":2560,"caption":"natural kid shampoo"},{"@type":"BreadcrumbList","@id":"https:\/\/greenspells.com\/product\/luuv-natural-kids-shampoo\/#breadcrumb","itemListElement":[{"@type":"ListItem","position":1,"name":"Home","item":"https:\/\/greenspells.com\/"},{"@type":"ListItem","position":2,"name":"Shop","item":"https:\/\/greenspells.com\/shop\/"},{"@type":"ListItem","position":3,"name":"LUUV Natural kids shampoo"}]},{"@type":"WebSite","@id":"https:\/\/greenspells.com\/#website","url":"https:\/\/greenspells.com\/","name":"Greenspells","description":"Nat\u016brali ir ekologi\u0161ka kosmetika","publisher":{"@id":"https:\/\/greenspells.com\/#organization"},"potentialAction":[{"@type":"SearchAction","target":{"@type":"EntryPoint","urlTemplate":"https:\/\/greenspells.com\/?s={search_term_string}"},"query-input":{"@type":"PropertyValueSpecification","valueRequired":true,"valueName":"search_term_string"}}],"inLanguage":"lt-LT"},{"@type":"Organization","@id":"https:\/\/greenspells.com\/#organization","name":"Greenspells","url":"https:\/\/greenspells.com\/","logo":{"@type":"ImageObject","inLanguage":"lt-LT","@id":"https:\/\/greenspells.com\/#\/schema\/logo\/image\/","url":"https:\/\/i0.wp.com\/greenspells.com\/wp-content\/uploads\/2020\/09\/20200722_153424_0000.png?fit=1500%2C1500&ssl=1","contentUrl":"https:\/\/i0.wp.com\/greenspells.com\/wp-content\/uploads\/2020\/09\/20200722_153424_0000.png?fit=1500%2C1500&ssl=1","width":1500,"height":1500,"caption":"Greenspells"},"image":{"@id":"https:\/\/greenspells.com\/#\/schema\/logo\/image\/"},"sameAs":["https:\/\/www.facebook.com\/Greenspells","https:\/\/www.instagram.com\/greenspells_store\/"]}]}},"jetpack_likes_enabled":true,"jetpack_sharing_enabled":true,"_links":{"self":[{"href":"https:\/\/greenspells.com\/lt\/wp-json\/wp\/v2\/product\/1676100","targetHints":{"allow":["GET"]}}],"collection":[{"href":"https:\/\/greenspells.com\/lt\/wp-json\/wp\/v2\/product"}],"about":[{"href":"https:\/\/greenspells.com\/lt\/wp-json\/wp\/v2\/types\/product"}],"replies":[{"embeddable":true,"href":"https:\/\/greenspells.com\/lt\/wp-json\/wp\/v2\/comments?post=1676100"}],"wp:featuredmedia":[{"embeddable":true,"href":"https:\/\/greenspells.com\/lt\/wp-json\/wp\/v2\/media\/1676104"}],"wp:attachment":[{"href":"https:\/\/greenspells.com\/lt\/wp-json\/wp\/v2\/media?parent=1676100"}],"wp:term":[{"taxonomy":"product_brand","embeddable":true,"href":"https:\/\/greenspells.com\/lt\/wp-json\/wp\/v2\/product_brand?post=1676100"},{"taxonomy":"product_cat","embeddable":true,"href":"https:\/\/greenspells.com\/lt\/wp-json\/wp\/v2\/product_cat?post=1676100"},{"taxonomy":"product_tag","embeddable":true,"href":"https:\/\/greenspells.com\/lt\/wp-json\/wp\/v2\/product_tag?post=1676100"}],"curies":[{"name":"wp","href":"https:\/\/api.w.org\/{rel}","templated":true}]}}