{"id":1676095,"date":"2025-10-31T16:37:48","date_gmt":"2025-10-31T14:37:48","guid":{"rendered":"https:\/\/greenspells.com\/?post_type=product&#038;p=1676095"},"modified":"2026-04-08T15:38:31","modified_gmt":"2026-04-08T13:38:31","slug":"luuv-natural-kids-bath-bubbles","status":"publish","type":"product","link":"https:\/\/greenspells.com\/lt\/produktas\/luuv-natural-kids-bath-bubbles\/","title":{"rendered":"LUUV <br> Nat\u016bralios vonios putos vaikams"},"content":{"rendered":"<p>Maudyn\u0117s, kupinos linksmumo! LUUV kriau\u0161i\u0173 kvapo vonios putos vaikams paver\u010dia kiekvien\u0105 voni\u0105 \u017eaismingu nuotykiu \u2013 \u0161velnios putos, malonus aromatas ir laimingi ma\u017eieji!<\/p>\n<p>\u0160ios nuostabios LUUV kriau\u0161i\u0173 kvapo vonios putos vaikams \u2013 tai daugiau nei paprastos putos - sertifikuotos presti\u017einiu ECOCERT \/ COSMOS ekologi\u0161ku sertifikatu, jos suteikia kiekvienoms maudyn\u0117ms \u0161velnumo, magijos ir d\u017eiaugsmo.\n\nVeikimas:\nSodrios, aksomin\u0117s tekst\u016bros putos, sukurtos i\u0161 kruop\u0161\u010diai atrinkt\u0173 augalin\u0117s kilm\u0117s plovikli\u0173, \u0161velnios  jautriai vaiko odai, nedirgina ir nei\u0161sausina.\n\nKvapas:\nVisi\u0161kai nat\u016bralus, sultingas kriau\u0161i\u0173 aromatas sukuria nepakartojam\u0105, \u201eskan\u0173\u201c maudyni\u0173 potyr\u012f, kurio ma\u017eieji laukia kiekvien\u0105 dien\u0105!<\/p>\n<p>Vaikams patinka linksmos putos, \u017eaismingos spalvos ir malonus aromatas, o t\u0117vai vertina tai, kad m\u016bs\u0173 produktai yra nat\u016bral\u016bs, be alergen\u0173 ir \u0161veln\u016bs j\u0173 ma\u017eyli\u0173 jautriai odai.\nLUUV nat\u016bralios kriau\u0161i\u0173 kvapo vonios putos vaikams \u2013 tai ekologi\u0161kas pasirinkimas linksmoms ir \u0161velnioms maudyn\u0117ms.<\/p>\n<ul>\n<li>Nat\u016bralios sud\u0117ties, be joki\u0173 alergen\u0173<\/li>\n<li>Gaivus kriau\u0161i\u0173 aromatas<\/li>\n<li>Nedirgina, nesausina odos<\/li>\n<li>ECOCERT\/COSMOS sertifikuotas<\/li>\n<\/ul>\n<p><em><strong>Kaip naudoti?<\/strong><\/em><\/p>\n<p>Tiesiog \u012fpilkite \u0161i\u0173 stebukling\u0173 put\u0173 \u012f \u0161ilt\u0105 tekant\u012f vanden\u012f ir leiskite prasid\u0117ti \u017eavingam maudyni\u0173 nuotykiui!<\/p>\n<p><em><strong>Sud\u0117tis:<\/strong><\/em><\/p>\n<p>Aqua, Coco-Glucoside, Sodium Coco-Sulfate, Cocamidopropyl Betaine, Aroma, Glyceryl Oleate, Sodium Benzoate, Potassium Sorbate,Citric Acid<\/p>\n<p>Natural origin: 98,72%<br \/>\n100% vegan<\/p>","protected":false},"excerpt":{"rendered":"<p>Transform your child\u2019s bath time into a delightful adventure with LUUV pear bath foam for kids! This incredible bath foam is not only certified with the prestigious ECOCERT \/ COSMOS eco-certificate, but it also adds a touch of magic and excitement to every bathing experience. The rich and velvety soft foam, derived from carefully selected [&hellip;]<\/p>\n","protected":false},"featured_media":1676098,"comment_status":"open","ping_status":"closed","template":"","meta":{"content-type":"","_monsterinsights_skip_tracking":false,"_monsterinsights_sitenote_active":false,"_monsterinsights_sitenote_note":"","_monsterinsights_sitenote_category":0,"_uf_show_specific_survey":0,"_uf_disable_surveys":false},"product_brand":[2069],"product_cat":[137,140,136,15],"product_tag":[2076,2075,2072,2071,494,2073,969,2070,2074,2079,2078,2077],"class_list":{"0":"post-1676095","1":"product","2":"type-product","3":"status-publish","4":"has-post-thumbnail","6":"product_brand-luuv","7":"product_cat-bath-and-body","8":"product_cat-shower-and-bath","9":"product_cat-kids","10":"product_cat-all-products","11":"product_tag-bath-bubbles","12":"product_tag-bath-foam","13":"product_tag-bath-for-kids","14":"product_tag-bubble-bath","15":"product_tag-greenspells","16":"product_tag-kids-bath","17":"product_tag-kosmetika-vaikams","18":"product_tag-luuv","19":"product_tag-natural-bath-bubbles","20":"product_tag-putos-vaikams","21":"product_tag-putos-voniai","22":"product_tag-vonios-putos","24":"first","25":"instock","26":"taxable","27":"shipping-taxable","28":"purchasable","29":"product-type-simple"},"bundled_by":[],"bundle_stock_status":"instock","bundle_stock_quantity":null,"bundle_virtual":false,"bundle_layout":"","bundle_add_to_cart_form_location":"","bundle_editable_in_cart":false,"bundle_sold_individually_context":"","bundle_item_grouping":"","bundle_min_size":"","bundle_max_size":"","bundle_price":[],"bundled_items":[],"bundle_sell_ids":[],"group_of_quantity":0,"min_quantity":0,"max_quantity":"","exclude_order_quantity_value_rules":"no","exclude_category_quantity_rules":"no","combine_variations":"no","exclude_global_add_ons":[],"addons":[],"yoast_head":"<!-- This site is optimized with the Yoast SEO plugin v27.4 - https:\/\/yoast.com\/product\/yoast-seo-wordpress\/ -->\n<title>LUUV  Natural Kids Bath Bubbles - Greenspells<\/title>\n<meta name=\"description\" content=\"Incredible bath foam, certified with the prestigious ECOCERT \/ COSMOS eco-certificate, , adds a touch of magic and excitement to every bathing experience!\" \/>\n<meta name=\"robots\" content=\"index, follow, max-snippet:-1, max-image-preview:large, max-video-preview:-1\" \/>\n<link rel=\"canonical\" href=\"https:\/\/greenspells.com\/lt\/produktas\/luuv-natural-kids-bath-bubbles\/\" \/>\n<meta property=\"og:locale\" content=\"lt_LT\" \/>\n<meta property=\"og:type\" content=\"article\" \/>\n<meta property=\"og:title\" content=\"LUUV  Natural Kids Bath Bubbles - Greenspells\" \/>\n<meta property=\"og:description\" content=\"Incredible bath foam, certified with the prestigious ECOCERT \/ COSMOS eco-certificate, , adds a touch of magic and excitement to every bathing experience!\" \/>\n<meta property=\"og:url\" content=\"https:\/\/greenspells.com\/lt\/produktas\/luuv-natural-kids-bath-bubbles\/\" \/>\n<meta property=\"og:site_name\" content=\"Greenspells\" \/>\n<meta property=\"article:publisher\" content=\"https:\/\/www.facebook.com\/Greenspells\" \/>\n<meta property=\"article:modified_time\" content=\"2026-04-08T13:38:31+00:00\" \/>\n<meta property=\"og:image\" content=\"https:\/\/greenspells.com\/wp-content\/uploads\/2025\/10\/LUUV-kids-bath-bubbles-1.jpg\" \/>\n\t<meta property=\"og:image:width\" content=\"797\" \/>\n\t<meta property=\"og:image:height\" content=\"1200\" \/>\n\t<meta property=\"og:image:type\" content=\"image\/jpeg\" \/>\n<meta name=\"twitter:card\" content=\"summary_large_image\" \/>\n<meta name=\"twitter:label1\" content=\"Est. reading time\" \/>\n\t<meta name=\"twitter:data1\" content=\"1 minut\u0117\" \/>\n<script type=\"application\/ld+json\" class=\"yoast-schema-graph\">{\"@context\":\"https:\\\/\\\/schema.org\",\"@graph\":[{\"@type\":\"WebPage\",\"@id\":\"https:\\\/\\\/greenspells.com\\\/product\\\/luuv-natural-kids-bath-bubbles\\\/\",\"url\":\"https:\\\/\\\/greenspells.com\\\/product\\\/luuv-natural-kids-bath-bubbles\\\/\",\"name\":\"LUUV Natural Kids Bath Bubbles - Greenspells\",\"isPartOf\":{\"@id\":\"https:\\\/\\\/greenspells.com\\\/#website\"},\"primaryImageOfPage\":{\"@id\":\"https:\\\/\\\/greenspells.com\\\/product\\\/luuv-natural-kids-bath-bubbles\\\/#primaryimage\"},\"image\":{\"@id\":\"https:\\\/\\\/greenspells.com\\\/product\\\/luuv-natural-kids-bath-bubbles\\\/#primaryimage\"},\"thumbnailUrl\":\"https:\\\/\\\/i0.wp.com\\\/greenspells.com\\\/wp-content\\\/uploads\\\/2025\\\/10\\\/LUUV-kids-bath-bubbles-1.jpg?fit=797%2C1200&ssl=1\",\"datePublished\":\"2025-10-31T14:37:48+00:00\",\"dateModified\":\"2026-04-08T13:38:31+00:00\",\"description\":\"Incredible bath foam, certified with the prestigious ECOCERT \\\/ COSMOS eco-certificate, , adds a touch of magic and excitement to every bathing experience!\",\"breadcrumb\":{\"@id\":\"https:\\\/\\\/greenspells.com\\\/product\\\/luuv-natural-kids-bath-bubbles\\\/#breadcrumb\"},\"inLanguage\":\"lt-LT\",\"potentialAction\":[{\"@type\":\"ReadAction\",\"target\":[\"https:\\\/\\\/greenspells.com\\\/product\\\/luuv-natural-kids-bath-bubbles\\\/\"]}]},{\"@type\":\"ImageObject\",\"inLanguage\":\"lt-LT\",\"@id\":\"https:\\\/\\\/greenspells.com\\\/product\\\/luuv-natural-kids-bath-bubbles\\\/#primaryimage\",\"url\":\"https:\\\/\\\/i0.wp.com\\\/greenspells.com\\\/wp-content\\\/uploads\\\/2025\\\/10\\\/LUUV-kids-bath-bubbles-1.jpg?fit=797%2C1200&ssl=1\",\"contentUrl\":\"https:\\\/\\\/i0.wp.com\\\/greenspells.com\\\/wp-content\\\/uploads\\\/2025\\\/10\\\/LUUV-kids-bath-bubbles-1.jpg?fit=797%2C1200&ssl=1\",\"width\":797,\"height\":1200,\"caption\":\"luuv bath bubbles\"},{\"@type\":\"BreadcrumbList\",\"@id\":\"https:\\\/\\\/greenspells.com\\\/product\\\/luuv-natural-kids-bath-bubbles\\\/#breadcrumb\",\"itemListElement\":[{\"@type\":\"ListItem\",\"position\":1,\"name\":\"Home\",\"item\":\"https:\\\/\\\/greenspells.com\\\/\"},{\"@type\":\"ListItem\",\"position\":2,\"name\":\"Shop\",\"item\":\"https:\\\/\\\/greenspells.com\\\/shop\\\/\"},{\"@type\":\"ListItem\",\"position\":3,\"name\":\"LUUV Natural Kids Bath Bubbles\"}]},{\"@type\":\"WebSite\",\"@id\":\"https:\\\/\\\/greenspells.com\\\/#website\",\"url\":\"https:\\\/\\\/greenspells.com\\\/\",\"name\":\"Greenspells\",\"description\":\"Nat\u016brali ir ekologi\u0161ka kosmetika\",\"publisher\":{\"@id\":\"https:\\\/\\\/greenspells.com\\\/#organization\"},\"potentialAction\":[{\"@type\":\"SearchAction\",\"target\":{\"@type\":\"EntryPoint\",\"urlTemplate\":\"https:\\\/\\\/greenspells.com\\\/?s={search_term_string}\"},\"query-input\":{\"@type\":\"PropertyValueSpecification\",\"valueRequired\":true,\"valueName\":\"search_term_string\"}}],\"inLanguage\":\"lt-LT\"},{\"@type\":\"Organization\",\"@id\":\"https:\\\/\\\/greenspells.com\\\/#organization\",\"name\":\"Greenspells\",\"url\":\"https:\\\/\\\/greenspells.com\\\/\",\"logo\":{\"@type\":\"ImageObject\",\"inLanguage\":\"lt-LT\",\"@id\":\"https:\\\/\\\/greenspells.com\\\/#\\\/schema\\\/logo\\\/image\\\/\",\"url\":\"https:\\\/\\\/i0.wp.com\\\/greenspells.com\\\/wp-content\\\/uploads\\\/2020\\\/09\\\/20200722_153424_0000.png?fit=1500%2C1500&ssl=1\",\"contentUrl\":\"https:\\\/\\\/i0.wp.com\\\/greenspells.com\\\/wp-content\\\/uploads\\\/2020\\\/09\\\/20200722_153424_0000.png?fit=1500%2C1500&ssl=1\",\"width\":1500,\"height\":1500,\"caption\":\"Greenspells\"},\"image\":{\"@id\":\"https:\\\/\\\/greenspells.com\\\/#\\\/schema\\\/logo\\\/image\\\/\"},\"sameAs\":[\"https:\\\/\\\/www.facebook.com\\\/Greenspells\",\"https:\\\/\\\/www.instagram.com\\\/greenspells_store\\\/\"]}]}<\/script>\n<!-- \/ Yoast SEO plugin. -->","yoast_head_json":{"title":"LUUV  Natural Kids Bath Bubbles - Greenspells","description":"Incredible bath foam, certified with the prestigious ECOCERT \/ COSMOS eco-certificate, , adds a touch of magic and excitement to every bathing experience!","robots":{"index":"index","follow":"follow","max-snippet":"max-snippet:-1","max-image-preview":"max-image-preview:large","max-video-preview":"max-video-preview:-1"},"canonical":"https:\/\/greenspells.com\/lt\/produktas\/luuv-natural-kids-bath-bubbles\/","og_locale":"lt_LT","og_type":"article","og_title":"LUUV  Natural Kids Bath Bubbles - Greenspells","og_description":"Incredible bath foam, certified with the prestigious ECOCERT \/ COSMOS eco-certificate, , adds a touch of magic and excitement to every bathing experience!","og_url":"https:\/\/greenspells.com\/lt\/produktas\/luuv-natural-kids-bath-bubbles\/","og_site_name":"Greenspells","article_publisher":"https:\/\/www.facebook.com\/Greenspells","article_modified_time":"2026-04-08T13:38:31+00:00","og_image":[{"width":797,"height":1200,"url":"https:\/\/greenspells.com\/wp-content\/uploads\/2025\/10\/LUUV-kids-bath-bubbles-1.jpg","type":"image\/jpeg"}],"twitter_card":"summary_large_image","twitter_misc":{"Est. reading time":"1 minut\u0117"},"schema":{"@context":"https:\/\/schema.org","@graph":[{"@type":"WebPage","@id":"https:\/\/greenspells.com\/product\/luuv-natural-kids-bath-bubbles\/","url":"https:\/\/greenspells.com\/product\/luuv-natural-kids-bath-bubbles\/","name":"LUUV Natural Kids Bath Bubbles - Greenspells","isPartOf":{"@id":"https:\/\/greenspells.com\/#website"},"primaryImageOfPage":{"@id":"https:\/\/greenspells.com\/product\/luuv-natural-kids-bath-bubbles\/#primaryimage"},"image":{"@id":"https:\/\/greenspells.com\/product\/luuv-natural-kids-bath-bubbles\/#primaryimage"},"thumbnailUrl":"https:\/\/i0.wp.com\/greenspells.com\/wp-content\/uploads\/2025\/10\/LUUV-kids-bath-bubbles-1.jpg?fit=797%2C1200&ssl=1","datePublished":"2025-10-31T14:37:48+00:00","dateModified":"2026-04-08T13:38:31+00:00","description":"Incredible bath foam, certified with the prestigious ECOCERT \/ COSMOS eco-certificate, , adds a touch of magic and excitement to every bathing experience!","breadcrumb":{"@id":"https:\/\/greenspells.com\/product\/luuv-natural-kids-bath-bubbles\/#breadcrumb"},"inLanguage":"lt-LT","potentialAction":[{"@type":"ReadAction","target":["https:\/\/greenspells.com\/product\/luuv-natural-kids-bath-bubbles\/"]}]},{"@type":"ImageObject","inLanguage":"lt-LT","@id":"https:\/\/greenspells.com\/product\/luuv-natural-kids-bath-bubbles\/#primaryimage","url":"https:\/\/i0.wp.com\/greenspells.com\/wp-content\/uploads\/2025\/10\/LUUV-kids-bath-bubbles-1.jpg?fit=797%2C1200&ssl=1","contentUrl":"https:\/\/i0.wp.com\/greenspells.com\/wp-content\/uploads\/2025\/10\/LUUV-kids-bath-bubbles-1.jpg?fit=797%2C1200&ssl=1","width":797,"height":1200,"caption":"luuv bath bubbles"},{"@type":"BreadcrumbList","@id":"https:\/\/greenspells.com\/product\/luuv-natural-kids-bath-bubbles\/#breadcrumb","itemListElement":[{"@type":"ListItem","position":1,"name":"Home","item":"https:\/\/greenspells.com\/"},{"@type":"ListItem","position":2,"name":"Shop","item":"https:\/\/greenspells.com\/shop\/"},{"@type":"ListItem","position":3,"name":"LUUV Natural Kids Bath Bubbles"}]},{"@type":"WebSite","@id":"https:\/\/greenspells.com\/#website","url":"https:\/\/greenspells.com\/","name":"Greenspells","description":"Nat\u016brali ir ekologi\u0161ka kosmetika","publisher":{"@id":"https:\/\/greenspells.com\/#organization"},"potentialAction":[{"@type":"SearchAction","target":{"@type":"EntryPoint","urlTemplate":"https:\/\/greenspells.com\/?s={search_term_string}"},"query-input":{"@type":"PropertyValueSpecification","valueRequired":true,"valueName":"search_term_string"}}],"inLanguage":"lt-LT"},{"@type":"Organization","@id":"https:\/\/greenspells.com\/#organization","name":"Greenspells","url":"https:\/\/greenspells.com\/","logo":{"@type":"ImageObject","inLanguage":"lt-LT","@id":"https:\/\/greenspells.com\/#\/schema\/logo\/image\/","url":"https:\/\/i0.wp.com\/greenspells.com\/wp-content\/uploads\/2020\/09\/20200722_153424_0000.png?fit=1500%2C1500&ssl=1","contentUrl":"https:\/\/i0.wp.com\/greenspells.com\/wp-content\/uploads\/2020\/09\/20200722_153424_0000.png?fit=1500%2C1500&ssl=1","width":1500,"height":1500,"caption":"Greenspells"},"image":{"@id":"https:\/\/greenspells.com\/#\/schema\/logo\/image\/"},"sameAs":["https:\/\/www.facebook.com\/Greenspells","https:\/\/www.instagram.com\/greenspells_store\/"]}]}},"jetpack_likes_enabled":true,"jetpack_sharing_enabled":true,"_links":{"self":[{"href":"https:\/\/greenspells.com\/lt\/wp-json\/wp\/v2\/product\/1676095","targetHints":{"allow":["GET"]}}],"collection":[{"href":"https:\/\/greenspells.com\/lt\/wp-json\/wp\/v2\/product"}],"about":[{"href":"https:\/\/greenspells.com\/lt\/wp-json\/wp\/v2\/types\/product"}],"replies":[{"embeddable":true,"href":"https:\/\/greenspells.com\/lt\/wp-json\/wp\/v2\/comments?post=1676095"}],"wp:featuredmedia":[{"embeddable":true,"href":"https:\/\/greenspells.com\/lt\/wp-json\/wp\/v2\/media\/1676098"}],"wp:attachment":[{"href":"https:\/\/greenspells.com\/lt\/wp-json\/wp\/v2\/media?parent=1676095"}],"wp:term":[{"taxonomy":"product_brand","embeddable":true,"href":"https:\/\/greenspells.com\/lt\/wp-json\/wp\/v2\/product_brand?post=1676095"},{"taxonomy":"product_cat","embeddable":true,"href":"https:\/\/greenspells.com\/lt\/wp-json\/wp\/v2\/product_cat?post=1676095"},{"taxonomy":"product_tag","embeddable":true,"href":"https:\/\/greenspells.com\/lt\/wp-json\/wp\/v2\/product_tag?post=1676095"}],"curies":[{"name":"wp","href":"https:\/\/api.w.org\/{rel}","templated":true}]}}