{"id":1676080,"date":"2025-10-30T13:03:48","date_gmt":"2025-10-30T11:03:48","guid":{"rendered":"https:\/\/greenspells.com\/?post_type=product&#038;p=1676080"},"modified":"2026-03-04T08:19:49","modified_gmt":"2026-03-04T06:19:49","slug":"biocos-drekinamasis-lupu-balzamas-su-spalva-strawberry","status":"publish","type":"product","link":"https:\/\/greenspells.com\/lt\/produktas\/biocos-drekinamasis-lupu-balzamas-su-spalva-strawberry\/","title":{"rendered":"BIOCOS <br> Dr\u0117kinamasis l\u016bp\u0173 balzamas su spalva <br> STRAWBERRY"},"content":{"rendered":"<p align=\"justify\">L\u016bp\u0173 balzamas dr\u0117kina ir mink\u0161tinantis l\u016bpas, apsaugo jas nuo \u0161al\u010dio ir neigiamo aplinkos poveikio.<\/p>\n<p align=\"justify\">Pie\u0161tukinis l\u016bp\u0173 balzamas su nat\u016braliu kakavos sviestu ir sviestmed\u017eio aliejumi &#8211; pa\u017eeistoms ir saus\u0117jan\u010dioms l\u016bpoms.<\/p>\n<p>\u017daismingas ir skanus! Nes k\u016bno prie\u017ei\u016bra gali b\u016bti ne tik naudinga, bet dar ir labai \u017eaisminga bei kvapni! 100% nat\u016bralus! U\u017esitepus ant l\u016bp\u0173, jos \u012fgauna \u0161velniai rausv\u0105, spindint\u012f atspalv\u012f. Tinka visai \u0161eimai! Praturtintas vitaminu E.<\/p>\n<p><strong>AKTYV\u016aS INGREDIENTAI<\/strong>:<\/p>\n<ul>\n<li><strong>Kakavos sviestas\u00a0<\/strong>yra gausus riebiosiomis r\u016bg\u0161timis, d\u0117l to pasi\u017eymi stipriomis maitinan\u010diomis ir odos elastingum\u0105 didinan\u010diomis savyb\u0117mis. Kakavos svieste esan\u010dios riebiosios r\u016bg\u0161tys sudaro apsaugin\u012f barjer\u0105, kad sulaikyt\u0173 kuo daugiau dr\u0117gm\u0117s odos viduje.<\/li>\n<li><strong>Kokos\u0173 aliejaus<\/strong>\u00a0molekul\u0117s yra labai ma\u017eos, d\u0117l to yra gana lengvai ir u\u017etikrintai absorbuojamos. Tokiu b\u016bdu yra pasiekiamas nuostabus dr\u0117kinimo ir kondicionavimo jausmas!\u00a0labai tinka sausai ir jautriai odai maitinti.<\/li>\n<li><strong>Ricinos aliejus<\/strong>\u00a0yra labai \u0161velnus, tod\u0117l galima naudoti net ir jautriausiai odai dr\u0117kinti. D\u0117l savo savybi\u0173 tobulai tinka l\u016bp\u0173 prie\u017ei\u016bros priemon\u0117ms.<\/li>\n<li><strong>Jojobos aliejus &#8211;\u00a0<\/strong>vienas vertingiausias augalini\u0173 aliej\u0173 (va\u0161k\u0173), naudojam\u0173 kosmetikoje. \u0160is aliejus labiausiai pana\u0161us \u012f \u017emogaus odos i\u0161skiriam\u0105 sebum\u0105, tod\u0117l oda j\u012f pasisavina kaip savo, tod\u0117l simondsij\u0173 aliejus labai vertinamas k\u016bno prie\u017ei\u016bros priemon\u0117se.<\/li>\n<\/ul>\n<p>Nuo \u0161iol visos \u0161eimos l\u016bp\u0173 prie\u017ei\u016bra kvep\u0117s bra\u0161k\u0117mis!<\/p>\n<p>L\u016bp\u0173 balzamo sud\u0117tyje naudojame 100% nat\u016bralias, ekologi\u0161kas kvapi\u0105sias med\u017eiagas, be joki\u0173 sintetini\u0173 priemai\u0161\u0173, ftalat\u0173.<\/p>\n<p>&nbsp;<\/p>\n<p><em><strong>Ingredientai:<\/strong><\/em><\/p>\n<p><span lang=\"lt\" xml:lang=\"lt\">Cocos nucifera oil, Cera alba, Theobroma cacao butter, Ricinus communis seed oil, Simondsia chinensis seed oil, Tocopherol, Mica, CI 77491, Parfum*<\/span><\/p>\n<p><span lang=\"lt\" xml:lang=\"lt\">*nat\u016brali, ekologi\u0161ka kvapioji med\u017eiaga<\/span><\/p>\n<p><span lang=\"lt\" xml:lang=\"lt\"><em>Kosmetikos gaminio tinkamumo naudoti terminas: kaip nurodyta ant pakuot\u0117s.<\/em><\/span><\/p>\n<p>&nbsp;<\/p>","protected":false},"excerpt":{"rendered":"<p>L\u016bp\u0173 balzamas dr\u0117kina ir mink\u0161tinantis l\u016bpas, apsaugo jas nuo \u0161al\u010dio ir neigiamo aplinkos poveikio. Pie\u0161tukinis l\u016bp\u0173 balzamas su nat\u016braliu kakavos sviestu ir sviestmed\u017eio aliejumi &#8211; pa\u017eeistoms ir saus\u0117jan\u010dioms l\u016bpoms. \u017daismingas ir skanus! Nes k\u016bno prie\u017ei\u016bra gali b\u016bti ne tik naudinga, bet dar ir labai \u017eaisminga bei kvapni! 100% nat\u016bralus! U\u017esitepus ant l\u016bp\u0173, jos \u012fgauna \u0161velniai [&hellip;]<\/p>\n","protected":false},"featured_media":1676084,"comment_status":"open","ping_status":"closed","template":"","meta":{"content-type":"","_monsterinsights_skip_tracking":false,"_monsterinsights_sitenote_active":false,"_monsterinsights_sitenote_note":"","_monsterinsights_sitenote_category":0,"_uf_show_specific_survey":0,"_uf_disable_surveys":false},"product_brand":[1652],"product_cat":[136,320,132,42,34,15],"product_tag":[610,2067,1507,494,2068,2066,1023],"class_list":{"0":"post-1676080","1":"product","2":"type-product","3":"status-publish","4":"has-post-thumbnail","6":"product_brand-biocos-kosmetika","7":"product_cat-kids","8":"product_cat-lip-care","9":"product_cat-lips","10":"product_cat-make-up","11":"product_cat-skincare","12":"product_cat-all-products","13":"product_tag-balzamas-l8poms","14":"product_tag-balzamas-su-atspalviu","15":"product_tag-biocos","16":"product_tag-greenspells","17":"product_tag-nat8rali-kosmetika","18":"product_tag-nat8ralus-l8p7-balzamas","19":"product_tag-sausoms-lupoms","21":"first","22":"instock","23":"taxable","24":"shipping-taxable","25":"purchasable","26":"product-type-simple"},"bundled_by":[],"bundle_stock_status":"instock","bundle_stock_quantity":null,"bundle_virtual":false,"bundle_layout":"","bundle_add_to_cart_form_location":"","bundle_editable_in_cart":false,"bundle_sold_individually_context":"","bundle_item_grouping":"","bundle_min_size":"","bundle_max_size":"","bundle_price":[],"bundled_items":[],"bundle_sell_ids":[],"group_of_quantity":0,"min_quantity":0,"max_quantity":"","exclude_order_quantity_value_rules":"no","exclude_category_quantity_rules":"no","combine_variations":"no","exclude_global_add_ons":[],"addons":[],"yoast_head":"<!-- This site is optimized with the Yoast SEO plugin v27.6 - https:\/\/yoast.com\/product\/yoast-seo-wordpress\/ -->\n<title>BIOCOS  Dr\u0117kinamasis l\u016bp\u0173 balzamas su spalva  STRAWBERRY - Greenspells<\/title>\n<meta name=\"description\" content=\"L\u016bp\u0173 balzamas dr\u0117kina ir mink\u0161tinantis l\u016bpas, apsaugo jas nuo \u0161al\u010dio ir neigiamo aplinkos poveikio. Pa\u017eeistoms ir saus\u0117jan\u010dioms l\u016bpoms.\" \/>\n<meta name=\"robots\" content=\"index, follow, max-snippet:-1, max-image-preview:large, max-video-preview:-1\" \/>\n<link rel=\"canonical\" href=\"https:\/\/greenspells.com\/lt\/produktas\/biocos-drekinamasis-lupu-balzamas-su-spalva-strawberry\/\" \/>\n<meta property=\"og:locale\" content=\"lt_LT\" \/>\n<meta property=\"og:type\" content=\"article\" \/>\n<meta property=\"og:title\" content=\"BIOCOS  Dr\u0117kinamasis l\u016bp\u0173 balzamas su spalva  STRAWBERRY - Greenspells\" \/>\n<meta property=\"og:description\" content=\"L\u016bp\u0173 balzamas dr\u0117kina ir mink\u0161tinantis l\u016bpas, apsaugo jas nuo \u0161al\u010dio ir neigiamo aplinkos poveikio. Pa\u017eeistoms ir saus\u0117jan\u010dioms l\u016bpoms.\" \/>\n<meta property=\"og:url\" content=\"https:\/\/greenspells.com\/lt\/produktas\/biocos-drekinamasis-lupu-balzamas-su-spalva-strawberry\/\" \/>\n<meta property=\"og:site_name\" content=\"Greenspells\" \/>\n<meta property=\"article:publisher\" content=\"https:\/\/www.facebook.com\/Greenspells\" \/>\n<meta property=\"article:modified_time\" content=\"2026-03-04T06:19:49+00:00\" \/>\n<meta property=\"og:image\" content=\"https:\/\/greenspells.com\/wp-content\/uploads\/2025\/10\/issukamas-lupu-balzamas-braske.png\" \/>\n\t<meta property=\"og:image:width\" content=\"600\" \/>\n\t<meta property=\"og:image:height\" content=\"600\" \/>\n\t<meta property=\"og:image:type\" content=\"image\/png\" \/>\n<meta name=\"twitter:card\" content=\"summary_large_image\" \/>\n<meta name=\"twitter:label1\" content=\"Est. reading time\" \/>\n\t<meta name=\"twitter:data1\" content=\"2 minut\u0117s\" \/>\n<script type=\"application\/ld+json\" class=\"yoast-schema-graph\">{\"@context\":\"https:\\\/\\\/schema.org\",\"@graph\":[{\"@type\":\"WebPage\",\"@id\":\"https:\\\/\\\/greenspells.com\\\/product\\\/biocos-drekinamasis-lupu-balzamas-su-spalva-strawberry\\\/\",\"url\":\"https:\\\/\\\/greenspells.com\\\/product\\\/biocos-drekinamasis-lupu-balzamas-su-spalva-strawberry\\\/\",\"name\":\"BIOCOS Dr\u0117kinamasis l\u016bp\u0173 balzamas su spalva STRAWBERRY - Greenspells\",\"isPartOf\":{\"@id\":\"https:\\\/\\\/greenspells.com\\\/#website\"},\"primaryImageOfPage\":{\"@id\":\"https:\\\/\\\/greenspells.com\\\/product\\\/biocos-drekinamasis-lupu-balzamas-su-spalva-strawberry\\\/#primaryimage\"},\"image\":{\"@id\":\"https:\\\/\\\/greenspells.com\\\/product\\\/biocos-drekinamasis-lupu-balzamas-su-spalva-strawberry\\\/#primaryimage\"},\"thumbnailUrl\":\"https:\\\/\\\/i0.wp.com\\\/greenspells.com\\\/wp-content\\\/uploads\\\/2025\\\/10\\\/issukamas-lupu-balzamas-braske.png?fit=600%2C600&ssl=1\",\"datePublished\":\"2025-10-30T11:03:48+00:00\",\"dateModified\":\"2026-03-04T06:19:49+00:00\",\"description\":\"L\u016bp\u0173 balzamas dr\u0117kina ir mink\u0161tinantis l\u016bpas, apsaugo jas nuo \u0161al\u010dio ir neigiamo aplinkos poveikio. Pa\u017eeistoms ir saus\u0117jan\u010dioms l\u016bpoms.\",\"breadcrumb\":{\"@id\":\"https:\\\/\\\/greenspells.com\\\/product\\\/biocos-drekinamasis-lupu-balzamas-su-spalva-strawberry\\\/#breadcrumb\"},\"inLanguage\":\"lt-LT\",\"potentialAction\":[{\"@type\":\"ReadAction\",\"target\":[\"https:\\\/\\\/greenspells.com\\\/product\\\/biocos-drekinamasis-lupu-balzamas-su-spalva-strawberry\\\/\"]}]},{\"@type\":\"ImageObject\",\"inLanguage\":\"lt-LT\",\"@id\":\"https:\\\/\\\/greenspells.com\\\/product\\\/biocos-drekinamasis-lupu-balzamas-su-spalva-strawberry\\\/#primaryimage\",\"url\":\"https:\\\/\\\/i0.wp.com\\\/greenspells.com\\\/wp-content\\\/uploads\\\/2025\\\/10\\\/issukamas-lupu-balzamas-braske.png?fit=600%2C600&ssl=1\",\"contentUrl\":\"https:\\\/\\\/i0.wp.com\\\/greenspells.com\\\/wp-content\\\/uploads\\\/2025\\\/10\\\/issukamas-lupu-balzamas-braske.png?fit=600%2C600&ssl=1\",\"width\":600,\"height\":600,\"caption\":\"biocos naturalus balzamas lupoms\"},{\"@type\":\"BreadcrumbList\",\"@id\":\"https:\\\/\\\/greenspells.com\\\/product\\\/biocos-drekinamasis-lupu-balzamas-su-spalva-strawberry\\\/#breadcrumb\",\"itemListElement\":[{\"@type\":\"ListItem\",\"position\":1,\"name\":\"Home\",\"item\":\"https:\\\/\\\/greenspells.com\\\/\"},{\"@type\":\"ListItem\",\"position\":2,\"name\":\"Shop\",\"item\":\"https:\\\/\\\/greenspells.com\\\/shop\\\/\"},{\"@type\":\"ListItem\",\"position\":3,\"name\":\"BIOCOS Dr\u0117kinamasis l\u016bp\u0173 balzamas su spalva STRAWBERRY\"}]},{\"@type\":\"WebSite\",\"@id\":\"https:\\\/\\\/greenspells.com\\\/#website\",\"url\":\"https:\\\/\\\/greenspells.com\\\/\",\"name\":\"Greenspells\",\"description\":\"Nat\u016brali ir ekologi\u0161ka kosmetika\",\"publisher\":{\"@id\":\"https:\\\/\\\/greenspells.com\\\/#organization\"},\"potentialAction\":[{\"@type\":\"SearchAction\",\"target\":{\"@type\":\"EntryPoint\",\"urlTemplate\":\"https:\\\/\\\/greenspells.com\\\/?s={search_term_string}\"},\"query-input\":{\"@type\":\"PropertyValueSpecification\",\"valueRequired\":true,\"valueName\":\"search_term_string\"}}],\"inLanguage\":\"lt-LT\"},{\"@type\":\"Organization\",\"@id\":\"https:\\\/\\\/greenspells.com\\\/#organization\",\"name\":\"Greenspells\",\"url\":\"https:\\\/\\\/greenspells.com\\\/\",\"logo\":{\"@type\":\"ImageObject\",\"inLanguage\":\"lt-LT\",\"@id\":\"https:\\\/\\\/greenspells.com\\\/#\\\/schema\\\/logo\\\/image\\\/\",\"url\":\"https:\\\/\\\/i0.wp.com\\\/greenspells.com\\\/wp-content\\\/uploads\\\/2020\\\/09\\\/20200722_153424_0000.png?fit=1500%2C1500&ssl=1\",\"contentUrl\":\"https:\\\/\\\/i0.wp.com\\\/greenspells.com\\\/wp-content\\\/uploads\\\/2020\\\/09\\\/20200722_153424_0000.png?fit=1500%2C1500&ssl=1\",\"width\":1500,\"height\":1500,\"caption\":\"Greenspells\"},\"image\":{\"@id\":\"https:\\\/\\\/greenspells.com\\\/#\\\/schema\\\/logo\\\/image\\\/\"},\"sameAs\":[\"https:\\\/\\\/www.facebook.com\\\/Greenspells\",\"https:\\\/\\\/www.instagram.com\\\/greenspells_store\\\/\"]}]}<\/script>\n<!-- \/ Yoast SEO plugin. -->","yoast_head_json":{"title":"BIOCOS  Dr\u0117kinamasis l\u016bp\u0173 balzamas su spalva  STRAWBERRY - Greenspells","description":"L\u016bp\u0173 balzamas dr\u0117kina ir mink\u0161tinantis l\u016bpas, apsaugo jas nuo \u0161al\u010dio ir neigiamo aplinkos poveikio. Pa\u017eeistoms ir saus\u0117jan\u010dioms l\u016bpoms.","robots":{"index":"index","follow":"follow","max-snippet":"max-snippet:-1","max-image-preview":"max-image-preview:large","max-video-preview":"max-video-preview:-1"},"canonical":"https:\/\/greenspells.com\/lt\/produktas\/biocos-drekinamasis-lupu-balzamas-su-spalva-strawberry\/","og_locale":"lt_LT","og_type":"article","og_title":"BIOCOS  Dr\u0117kinamasis l\u016bp\u0173 balzamas su spalva  STRAWBERRY - Greenspells","og_description":"L\u016bp\u0173 balzamas dr\u0117kina ir mink\u0161tinantis l\u016bpas, apsaugo jas nuo \u0161al\u010dio ir neigiamo aplinkos poveikio. Pa\u017eeistoms ir saus\u0117jan\u010dioms l\u016bpoms.","og_url":"https:\/\/greenspells.com\/lt\/produktas\/biocos-drekinamasis-lupu-balzamas-su-spalva-strawberry\/","og_site_name":"Greenspells","article_publisher":"https:\/\/www.facebook.com\/Greenspells","article_modified_time":"2026-03-04T06:19:49+00:00","og_image":[{"width":600,"height":600,"url":"https:\/\/greenspells.com\/wp-content\/uploads\/2025\/10\/issukamas-lupu-balzamas-braske.png","type":"image\/png"}],"twitter_card":"summary_large_image","twitter_misc":{"Est. reading time":"2 minut\u0117s"},"schema":{"@context":"https:\/\/schema.org","@graph":[{"@type":"WebPage","@id":"https:\/\/greenspells.com\/product\/biocos-drekinamasis-lupu-balzamas-su-spalva-strawberry\/","url":"https:\/\/greenspells.com\/product\/biocos-drekinamasis-lupu-balzamas-su-spalva-strawberry\/","name":"BIOCOS Dr\u0117kinamasis l\u016bp\u0173 balzamas su spalva STRAWBERRY - Greenspells","isPartOf":{"@id":"https:\/\/greenspells.com\/#website"},"primaryImageOfPage":{"@id":"https:\/\/greenspells.com\/product\/biocos-drekinamasis-lupu-balzamas-su-spalva-strawberry\/#primaryimage"},"image":{"@id":"https:\/\/greenspells.com\/product\/biocos-drekinamasis-lupu-balzamas-su-spalva-strawberry\/#primaryimage"},"thumbnailUrl":"https:\/\/i0.wp.com\/greenspells.com\/wp-content\/uploads\/2025\/10\/issukamas-lupu-balzamas-braske.png?fit=600%2C600&ssl=1","datePublished":"2025-10-30T11:03:48+00:00","dateModified":"2026-03-04T06:19:49+00:00","description":"L\u016bp\u0173 balzamas dr\u0117kina ir mink\u0161tinantis l\u016bpas, apsaugo jas nuo \u0161al\u010dio ir neigiamo aplinkos poveikio. Pa\u017eeistoms ir saus\u0117jan\u010dioms l\u016bpoms.","breadcrumb":{"@id":"https:\/\/greenspells.com\/product\/biocos-drekinamasis-lupu-balzamas-su-spalva-strawberry\/#breadcrumb"},"inLanguage":"lt-LT","potentialAction":[{"@type":"ReadAction","target":["https:\/\/greenspells.com\/product\/biocos-drekinamasis-lupu-balzamas-su-spalva-strawberry\/"]}]},{"@type":"ImageObject","inLanguage":"lt-LT","@id":"https:\/\/greenspells.com\/product\/biocos-drekinamasis-lupu-balzamas-su-spalva-strawberry\/#primaryimage","url":"https:\/\/i0.wp.com\/greenspells.com\/wp-content\/uploads\/2025\/10\/issukamas-lupu-balzamas-braske.png?fit=600%2C600&ssl=1","contentUrl":"https:\/\/i0.wp.com\/greenspells.com\/wp-content\/uploads\/2025\/10\/issukamas-lupu-balzamas-braske.png?fit=600%2C600&ssl=1","width":600,"height":600,"caption":"biocos naturalus balzamas lupoms"},{"@type":"BreadcrumbList","@id":"https:\/\/greenspells.com\/product\/biocos-drekinamasis-lupu-balzamas-su-spalva-strawberry\/#breadcrumb","itemListElement":[{"@type":"ListItem","position":1,"name":"Home","item":"https:\/\/greenspells.com\/"},{"@type":"ListItem","position":2,"name":"Shop","item":"https:\/\/greenspells.com\/shop\/"},{"@type":"ListItem","position":3,"name":"BIOCOS Dr\u0117kinamasis l\u016bp\u0173 balzamas su spalva STRAWBERRY"}]},{"@type":"WebSite","@id":"https:\/\/greenspells.com\/#website","url":"https:\/\/greenspells.com\/","name":"Greenspells","description":"Nat\u016brali ir ekologi\u0161ka kosmetika","publisher":{"@id":"https:\/\/greenspells.com\/#organization"},"potentialAction":[{"@type":"SearchAction","target":{"@type":"EntryPoint","urlTemplate":"https:\/\/greenspells.com\/?s={search_term_string}"},"query-input":{"@type":"PropertyValueSpecification","valueRequired":true,"valueName":"search_term_string"}}],"inLanguage":"lt-LT"},{"@type":"Organization","@id":"https:\/\/greenspells.com\/#organization","name":"Greenspells","url":"https:\/\/greenspells.com\/","logo":{"@type":"ImageObject","inLanguage":"lt-LT","@id":"https:\/\/greenspells.com\/#\/schema\/logo\/image\/","url":"https:\/\/i0.wp.com\/greenspells.com\/wp-content\/uploads\/2020\/09\/20200722_153424_0000.png?fit=1500%2C1500&ssl=1","contentUrl":"https:\/\/i0.wp.com\/greenspells.com\/wp-content\/uploads\/2020\/09\/20200722_153424_0000.png?fit=1500%2C1500&ssl=1","width":1500,"height":1500,"caption":"Greenspells"},"image":{"@id":"https:\/\/greenspells.com\/#\/schema\/logo\/image\/"},"sameAs":["https:\/\/www.facebook.com\/Greenspells","https:\/\/www.instagram.com\/greenspells_store\/"]}]}},"jetpack_likes_enabled":true,"jetpack_sharing_enabled":true,"_links":{"self":[{"href":"https:\/\/greenspells.com\/lt\/wp-json\/wp\/v2\/product\/1676080","targetHints":{"allow":["GET"]}}],"collection":[{"href":"https:\/\/greenspells.com\/lt\/wp-json\/wp\/v2\/product"}],"about":[{"href":"https:\/\/greenspells.com\/lt\/wp-json\/wp\/v2\/types\/product"}],"replies":[{"embeddable":true,"href":"https:\/\/greenspells.com\/lt\/wp-json\/wp\/v2\/comments?post=1676080"}],"wp:featuredmedia":[{"embeddable":true,"href":"https:\/\/greenspells.com\/lt\/wp-json\/wp\/v2\/media\/1676084"}],"wp:attachment":[{"href":"https:\/\/greenspells.com\/lt\/wp-json\/wp\/v2\/media?parent=1676080"}],"wp:term":[{"taxonomy":"product_brand","embeddable":true,"href":"https:\/\/greenspells.com\/lt\/wp-json\/wp\/v2\/product_brand?post=1676080"},{"taxonomy":"product_cat","embeddable":true,"href":"https:\/\/greenspells.com\/lt\/wp-json\/wp\/v2\/product_cat?post=1676080"},{"taxonomy":"product_tag","embeddable":true,"href":"https:\/\/greenspells.com\/lt\/wp-json\/wp\/v2\/product_tag?post=1676080"}],"curies":[{"name":"wp","href":"https:\/\/api.w.org\/{rel}","templated":true}]}}