{"id":1676076,"date":"2025-10-30T12:58:20","date_gmt":"2025-10-30T10:58:20","guid":{"rendered":"https:\/\/greenspells.com\/?post_type=product&#038;p=1676076"},"modified":"2026-03-04T08:20:04","modified_gmt":"2026-03-04T06:20:04","slug":"biocos-lupu-balzamas-su-saltalankiais-sea-buckthorn","status":"publish","type":"product","link":"https:\/\/greenspells.com\/lt\/produktas\/biocos-lupu-balzamas-su-saltalankiais-sea-buckthorn\/","title":{"rendered":"BIOCOS <br> L\u016bp\u0173 balzamas su \u0161altalankiais <br> SEA BUCKTHORN"},"content":{"rendered":"<p>L\u016bpas puosel\u0117jantis balzamas, pagamintas tik i\u0161 nat\u016brali\u0173 ingredient\u0173! Sud\u0117tyje n\u0117ra eterini\u0173 aliej\u0173, tod\u0117l j\u012f pam\u0117gs vyrai ir ma\u017ei vaikai. L\u016bp\u0173 balzamas akimirksniu mink\u0161tina l\u016bpas, suteikia joms \u0161velnumo ir saugo nuo \u0161al\u010dio.<\/p>\n<p><strong>AKTYV\u016aS INGREDIENTAI<\/strong>:<\/p>\n<ul>\n<li>\u0160altalanki\u0173 aliejus atkeliauja i\u0161 Lietuvos ekologi\u0161ko \u0161altalanki\u0173 \u016bkio.<\/li>\n<li><strong>\u0160altalanki\u0173 CO2 ekstraktas<\/strong>, i\u0161gautas i\u0161 \u0161altalanki\u0173 uog\u0173, pasi\u017eymi didele riebal\u0173 r\u016bg\u0161\u010di\u0173 koncentracija, vitaminais A, C ir E, taip pat dideliu beta-karoten\u0173 kiekiu, kuris suteikia ry\u0161kiai oran\u017ein\u0119 spalv\u0105.<\/li>\n<li><strong>Kokos\u0173 aliejaus<\/strong>\u00a0molekul\u0117s yra labai ma\u017eos, d\u0117l to yra gana lengvai ir u\u017etikrintai absorbuojamos. Tokiu b\u016bdu yra pasiekiamas nuostabus dr\u0117kinimo ir kondicionavimo jausmas! labai tinka sausai ir jautriai odai maitinti.<\/li>\n<li><strong>Mango sviestas<\/strong>\u00a0&#8211; egzoti\u0161kas ir ypa\u010d giliai maitinantis. Jame gausu vitamin\u0173, toki\u0173 kaip A ir E bei nepakei\u010diam\u0173j\u0173 riebi\u0173j\u0173 r\u016bg\u0161\u010di\u0173.<\/li>\n<li><strong>Kakavos svieste<\/strong>\u00a0yra gausu riebi\u0173j\u0173 r\u016bg\u0161\u010di\u0173, d\u0117l to kakavos sviestas pasi\u017eymi stipriomis maitinan\u010diomis ir odos elastingum\u0105 didinan\u010diomis savyb\u0117mis. Kakavos svieste esan\u010dios riebiosios r\u016bg\u0161tys sudaro apsaugin\u012f barjer\u0105, kad sulaikyt\u0173 kuo daugiau dr\u0117gm\u0117s odos viduje.<\/li>\n<\/ul>\n<p><em>Nr.1 balzamas, kai reikia atstatyti l\u016bpas po susid\u016brimo su nepalankiomis oro s\u0105lygomis &#8211; \u00a0kar\u0161\u010diu, \u0161al\u010diu ar v\u0117ju.<\/em><\/p>\n<p>&nbsp;<\/p>\n<p><em><strong>Ingredientai:<\/strong><\/em><\/p>\n<p>Hippophae rhamnoides oil, Cocos nucifera oil, Cera alba, Mangifera indica butter, Theobroma cacao butter, Hippophae rhamnoides fruit extract, Tocopherol<\/p>\n<p><em>Kosmetikos gaminio tinkamumo naudoti terminas: kaip nurodyta ant pakuot\u0117s.<\/em><\/p>\n<p>&nbsp;<\/p>","protected":false},"excerpt":{"rendered":"<p>L\u016bpas puosel\u0117jantis balzamas, pagamintas tik i\u0161 nat\u016brali\u0173 ingredient\u0173! Sud\u0117tyje n\u0117ra eterini\u0173 aliej\u0173, tod\u0117l j\u012f pam\u0117gs vyrai ir ma\u017ei vaikai. L\u016bp\u0173 balzamas akimirksniu mink\u0161tina l\u016bpas, suteikia joms \u0161velnumo ir saugo nuo \u0161al\u010dio. AKTYV\u016aS INGREDIENTAI: \u0160altalanki\u0173 aliejus atkeliauja i\u0161 Lietuvos ekologi\u0161ko \u0161altalanki\u0173 \u016bkio. \u0160altalanki\u0173 CO2 ekstraktas, i\u0161gautas i\u0161 \u0161altalanki\u0173 uog\u0173, pasi\u017eymi didele riebal\u0173 r\u016bg\u0161\u010di\u0173 koncentracija, vitaminais A, [&hellip;]<\/p>\n","protected":false},"featured_media":1676079,"comment_status":"open","ping_status":"closed","template":"","meta":{"content-type":"","_monsterinsights_skip_tracking":false,"_monsterinsights_sitenote_active":false,"_monsterinsights_sitenote_note":"","_monsterinsights_sitenote_category":0,"_uf_show_specific_survey":0,"_uf_disable_surveys":false},"product_brand":[1652],"product_cat":[136,320,132,34,15],"product_tag":[604,1138,1507,494,724,2064,461,2065,1023],"class_list":{"0":"post-1676076","1":"product","2":"type-product","3":"status-publish","4":"has-post-thumbnail","6":"product_brand-biocos-kosmetika","7":"product_cat-kids","8":"product_cat-lip-care","9":"product_cat-lips","10":"product_cat-skincare","11":"product_cat-all-products","12":"product_tag-balzamas-lupoms","13":"product_tag-balzamas-vaikams","14":"product_tag-biocos","15":"product_tag-greenspells","16":"product_tag-lupu-prieziura","17":"product_tag-naturalus-lupu-balzamas","18":"product_tag-naturali-kosmetika","19":"product_tag-nuo-salcio","20":"product_tag-sausoms-lupoms","22":"first","23":"instock","24":"taxable","25":"shipping-taxable","26":"purchasable","27":"product-type-simple"},"bundled_by":[],"bundle_stock_status":"instock","bundle_stock_quantity":null,"bundle_virtual":false,"bundle_layout":"","bundle_add_to_cart_form_location":"","bundle_editable_in_cart":false,"bundle_sold_individually_context":"","bundle_item_grouping":"","bundle_min_size":"","bundle_max_size":"","bundle_price":[],"bundled_items":[],"bundle_sell_ids":[],"group_of_quantity":0,"min_quantity":0,"max_quantity":"","exclude_order_quantity_value_rules":"no","exclude_category_quantity_rules":"no","combine_variations":"no","exclude_global_add_ons":[],"addons":[],"yoast_head":"<!-- This site is optimized with the Yoast SEO plugin v27.4 - https:\/\/yoast.com\/product\/yoast-seo-wordpress\/ -->\n<title>BIOCOS  L\u016bp\u0173 balzamas su \u0161altalankiais  SEA BUCKTHORN - Greenspells<\/title>\n<meta name=\"description\" content=\"L\u016bpas puosel\u0117jantis balzamas, pagamintas tik i\u0161 nat\u016brali\u0173 ingredient\u0173! Be eterini\u0173 aliej\u0173, tinka vyrams ir vaikams. Akimirksniu mink\u0161tina, saugo nuo \u0161al\u010dio.\" \/>\n<meta name=\"robots\" content=\"index, follow, max-snippet:-1, max-image-preview:large, max-video-preview:-1\" \/>\n<link rel=\"canonical\" href=\"https:\/\/greenspells.com\/lt\/produktas\/biocos-lupu-balzamas-su-saltalankiais-sea-buckthorn\/\" \/>\n<meta property=\"og:locale\" content=\"lt_LT\" \/>\n<meta property=\"og:type\" content=\"article\" \/>\n<meta property=\"og:title\" content=\"BIOCOS  L\u016bp\u0173 balzamas su \u0161altalankiais  SEA BUCKTHORN - Greenspells\" \/>\n<meta property=\"og:description\" content=\"L\u016bpas puosel\u0117jantis balzamas, pagamintas tik i\u0161 nat\u016brali\u0173 ingredient\u0173! Be eterini\u0173 aliej\u0173, tinka vyrams ir vaikams. Akimirksniu mink\u0161tina, saugo nuo \u0161al\u010dio.\" \/>\n<meta property=\"og:url\" content=\"https:\/\/greenspells.com\/lt\/produktas\/biocos-lupu-balzamas-su-saltalankiais-sea-buckthorn\/\" \/>\n<meta property=\"og:site_name\" content=\"Greenspells\" \/>\n<meta property=\"article:publisher\" content=\"https:\/\/www.facebook.com\/Greenspells\" \/>\n<meta property=\"article:modified_time\" content=\"2026-03-04T06:20:04+00:00\" \/>\n<meta property=\"og:image\" content=\"https:\/\/greenspells.com\/wp-content\/uploads\/2025\/10\/lupu-balzamas.png\" \/>\n\t<meta property=\"og:image:width\" content=\"605\" \/>\n\t<meta property=\"og:image:height\" content=\"605\" \/>\n\t<meta property=\"og:image:type\" content=\"image\/png\" \/>\n<meta name=\"twitter:card\" content=\"summary_large_image\" \/>\n<meta name=\"twitter:label1\" content=\"Est. reading time\" \/>\n\t<meta name=\"twitter:data1\" content=\"2 minut\u0117s\" \/>\n<script type=\"application\/ld+json\" class=\"yoast-schema-graph\">{\"@context\":\"https:\\\/\\\/schema.org\",\"@graph\":[{\"@type\":\"WebPage\",\"@id\":\"https:\\\/\\\/greenspells.com\\\/product\\\/biocos-lupu-balzamas-su-saltalankiais-sea-buckthorn\\\/\",\"url\":\"https:\\\/\\\/greenspells.com\\\/product\\\/biocos-lupu-balzamas-su-saltalankiais-sea-buckthorn\\\/\",\"name\":\"BIOCOS L\u016bp\u0173 balzamas su \u0161altalankiais SEA BUCKTHORN - Greenspells\",\"isPartOf\":{\"@id\":\"https:\\\/\\\/greenspells.com\\\/#website\"},\"primaryImageOfPage\":{\"@id\":\"https:\\\/\\\/greenspells.com\\\/product\\\/biocos-lupu-balzamas-su-saltalankiais-sea-buckthorn\\\/#primaryimage\"},\"image\":{\"@id\":\"https:\\\/\\\/greenspells.com\\\/product\\\/biocos-lupu-balzamas-su-saltalankiais-sea-buckthorn\\\/#primaryimage\"},\"thumbnailUrl\":\"https:\\\/\\\/i0.wp.com\\\/greenspells.com\\\/wp-content\\\/uploads\\\/2025\\\/10\\\/lupu-balzamas.png?fit=605%2C605&ssl=1\",\"datePublished\":\"2025-10-30T10:58:20+00:00\",\"dateModified\":\"2026-03-04T06:20:04+00:00\",\"description\":\"L\u016bpas puosel\u0117jantis balzamas, pagamintas tik i\u0161 nat\u016brali\u0173 ingredient\u0173! Be eterini\u0173 aliej\u0173, tinka vyrams ir vaikams. Akimirksniu mink\u0161tina, saugo nuo \u0161al\u010dio.\",\"breadcrumb\":{\"@id\":\"https:\\\/\\\/greenspells.com\\\/product\\\/biocos-lupu-balzamas-su-saltalankiais-sea-buckthorn\\\/#breadcrumb\"},\"inLanguage\":\"lt-LT\",\"potentialAction\":[{\"@type\":\"ReadAction\",\"target\":[\"https:\\\/\\\/greenspells.com\\\/product\\\/biocos-lupu-balzamas-su-saltalankiais-sea-buckthorn\\\/\"]}]},{\"@type\":\"ImageObject\",\"inLanguage\":\"lt-LT\",\"@id\":\"https:\\\/\\\/greenspells.com\\\/product\\\/biocos-lupu-balzamas-su-saltalankiais-sea-buckthorn\\\/#primaryimage\",\"url\":\"https:\\\/\\\/i0.wp.com\\\/greenspells.com\\\/wp-content\\\/uploads\\\/2025\\\/10\\\/lupu-balzamas.png?fit=605%2C605&ssl=1\",\"contentUrl\":\"https:\\\/\\\/i0.wp.com\\\/greenspells.com\\\/wp-content\\\/uploads\\\/2025\\\/10\\\/lupu-balzamas.png?fit=605%2C605&ssl=1\",\"width\":605,\"height\":605,\"caption\":\"balzamas lupoms biocos\"},{\"@type\":\"BreadcrumbList\",\"@id\":\"https:\\\/\\\/greenspells.com\\\/product\\\/biocos-lupu-balzamas-su-saltalankiais-sea-buckthorn\\\/#breadcrumb\",\"itemListElement\":[{\"@type\":\"ListItem\",\"position\":1,\"name\":\"Home\",\"item\":\"https:\\\/\\\/greenspells.com\\\/\"},{\"@type\":\"ListItem\",\"position\":2,\"name\":\"Shop\",\"item\":\"https:\\\/\\\/greenspells.com\\\/shop\\\/\"},{\"@type\":\"ListItem\",\"position\":3,\"name\":\"BIOCOS L\u016bp\u0173 balzamas su \u0161altalankiais SEA BUCKTHORN\"}]},{\"@type\":\"WebSite\",\"@id\":\"https:\\\/\\\/greenspells.com\\\/#website\",\"url\":\"https:\\\/\\\/greenspells.com\\\/\",\"name\":\"Greenspells\",\"description\":\"Nat\u016brali ir ekologi\u0161ka kosmetika\",\"publisher\":{\"@id\":\"https:\\\/\\\/greenspells.com\\\/#organization\"},\"potentialAction\":[{\"@type\":\"SearchAction\",\"target\":{\"@type\":\"EntryPoint\",\"urlTemplate\":\"https:\\\/\\\/greenspells.com\\\/?s={search_term_string}\"},\"query-input\":{\"@type\":\"PropertyValueSpecification\",\"valueRequired\":true,\"valueName\":\"search_term_string\"}}],\"inLanguage\":\"lt-LT\"},{\"@type\":\"Organization\",\"@id\":\"https:\\\/\\\/greenspells.com\\\/#organization\",\"name\":\"Greenspells\",\"url\":\"https:\\\/\\\/greenspells.com\\\/\",\"logo\":{\"@type\":\"ImageObject\",\"inLanguage\":\"lt-LT\",\"@id\":\"https:\\\/\\\/greenspells.com\\\/#\\\/schema\\\/logo\\\/image\\\/\",\"url\":\"https:\\\/\\\/i0.wp.com\\\/greenspells.com\\\/wp-content\\\/uploads\\\/2020\\\/09\\\/20200722_153424_0000.png?fit=1500%2C1500&ssl=1\",\"contentUrl\":\"https:\\\/\\\/i0.wp.com\\\/greenspells.com\\\/wp-content\\\/uploads\\\/2020\\\/09\\\/20200722_153424_0000.png?fit=1500%2C1500&ssl=1\",\"width\":1500,\"height\":1500,\"caption\":\"Greenspells\"},\"image\":{\"@id\":\"https:\\\/\\\/greenspells.com\\\/#\\\/schema\\\/logo\\\/image\\\/\"},\"sameAs\":[\"https:\\\/\\\/www.facebook.com\\\/Greenspells\",\"https:\\\/\\\/www.instagram.com\\\/greenspells_store\\\/\"]}]}<\/script>\n<!-- \/ Yoast SEO plugin. -->","yoast_head_json":{"title":"BIOCOS  L\u016bp\u0173 balzamas su \u0161altalankiais  SEA BUCKTHORN - Greenspells","description":"L\u016bpas puosel\u0117jantis balzamas, pagamintas tik i\u0161 nat\u016brali\u0173 ingredient\u0173! Be eterini\u0173 aliej\u0173, tinka vyrams ir vaikams. Akimirksniu mink\u0161tina, saugo nuo \u0161al\u010dio.","robots":{"index":"index","follow":"follow","max-snippet":"max-snippet:-1","max-image-preview":"max-image-preview:large","max-video-preview":"max-video-preview:-1"},"canonical":"https:\/\/greenspells.com\/lt\/produktas\/biocos-lupu-balzamas-su-saltalankiais-sea-buckthorn\/","og_locale":"lt_LT","og_type":"article","og_title":"BIOCOS  L\u016bp\u0173 balzamas su \u0161altalankiais  SEA BUCKTHORN - Greenspells","og_description":"L\u016bpas puosel\u0117jantis balzamas, pagamintas tik i\u0161 nat\u016brali\u0173 ingredient\u0173! Be eterini\u0173 aliej\u0173, tinka vyrams ir vaikams. Akimirksniu mink\u0161tina, saugo nuo \u0161al\u010dio.","og_url":"https:\/\/greenspells.com\/lt\/produktas\/biocos-lupu-balzamas-su-saltalankiais-sea-buckthorn\/","og_site_name":"Greenspells","article_publisher":"https:\/\/www.facebook.com\/Greenspells","article_modified_time":"2026-03-04T06:20:04+00:00","og_image":[{"width":605,"height":605,"url":"https:\/\/greenspells.com\/wp-content\/uploads\/2025\/10\/lupu-balzamas.png","type":"image\/png"}],"twitter_card":"summary_large_image","twitter_misc":{"Est. reading time":"2 minut\u0117s"},"schema":{"@context":"https:\/\/schema.org","@graph":[{"@type":"WebPage","@id":"https:\/\/greenspells.com\/product\/biocos-lupu-balzamas-su-saltalankiais-sea-buckthorn\/","url":"https:\/\/greenspells.com\/product\/biocos-lupu-balzamas-su-saltalankiais-sea-buckthorn\/","name":"BIOCOS L\u016bp\u0173 balzamas su \u0161altalankiais SEA BUCKTHORN - Greenspells","isPartOf":{"@id":"https:\/\/greenspells.com\/#website"},"primaryImageOfPage":{"@id":"https:\/\/greenspells.com\/product\/biocos-lupu-balzamas-su-saltalankiais-sea-buckthorn\/#primaryimage"},"image":{"@id":"https:\/\/greenspells.com\/product\/biocos-lupu-balzamas-su-saltalankiais-sea-buckthorn\/#primaryimage"},"thumbnailUrl":"https:\/\/i0.wp.com\/greenspells.com\/wp-content\/uploads\/2025\/10\/lupu-balzamas.png?fit=605%2C605&ssl=1","datePublished":"2025-10-30T10:58:20+00:00","dateModified":"2026-03-04T06:20:04+00:00","description":"L\u016bpas puosel\u0117jantis balzamas, pagamintas tik i\u0161 nat\u016brali\u0173 ingredient\u0173! Be eterini\u0173 aliej\u0173, tinka vyrams ir vaikams. Akimirksniu mink\u0161tina, saugo nuo \u0161al\u010dio.","breadcrumb":{"@id":"https:\/\/greenspells.com\/product\/biocos-lupu-balzamas-su-saltalankiais-sea-buckthorn\/#breadcrumb"},"inLanguage":"lt-LT","potentialAction":[{"@type":"ReadAction","target":["https:\/\/greenspells.com\/product\/biocos-lupu-balzamas-su-saltalankiais-sea-buckthorn\/"]}]},{"@type":"ImageObject","inLanguage":"lt-LT","@id":"https:\/\/greenspells.com\/product\/biocos-lupu-balzamas-su-saltalankiais-sea-buckthorn\/#primaryimage","url":"https:\/\/i0.wp.com\/greenspells.com\/wp-content\/uploads\/2025\/10\/lupu-balzamas.png?fit=605%2C605&ssl=1","contentUrl":"https:\/\/i0.wp.com\/greenspells.com\/wp-content\/uploads\/2025\/10\/lupu-balzamas.png?fit=605%2C605&ssl=1","width":605,"height":605,"caption":"balzamas lupoms biocos"},{"@type":"BreadcrumbList","@id":"https:\/\/greenspells.com\/product\/biocos-lupu-balzamas-su-saltalankiais-sea-buckthorn\/#breadcrumb","itemListElement":[{"@type":"ListItem","position":1,"name":"Home","item":"https:\/\/greenspells.com\/"},{"@type":"ListItem","position":2,"name":"Shop","item":"https:\/\/greenspells.com\/shop\/"},{"@type":"ListItem","position":3,"name":"BIOCOS L\u016bp\u0173 balzamas su \u0161altalankiais SEA BUCKTHORN"}]},{"@type":"WebSite","@id":"https:\/\/greenspells.com\/#website","url":"https:\/\/greenspells.com\/","name":"Greenspells","description":"Nat\u016brali ir ekologi\u0161ka kosmetika","publisher":{"@id":"https:\/\/greenspells.com\/#organization"},"potentialAction":[{"@type":"SearchAction","target":{"@type":"EntryPoint","urlTemplate":"https:\/\/greenspells.com\/?s={search_term_string}"},"query-input":{"@type":"PropertyValueSpecification","valueRequired":true,"valueName":"search_term_string"}}],"inLanguage":"lt-LT"},{"@type":"Organization","@id":"https:\/\/greenspells.com\/#organization","name":"Greenspells","url":"https:\/\/greenspells.com\/","logo":{"@type":"ImageObject","inLanguage":"lt-LT","@id":"https:\/\/greenspells.com\/#\/schema\/logo\/image\/","url":"https:\/\/i0.wp.com\/greenspells.com\/wp-content\/uploads\/2020\/09\/20200722_153424_0000.png?fit=1500%2C1500&ssl=1","contentUrl":"https:\/\/i0.wp.com\/greenspells.com\/wp-content\/uploads\/2020\/09\/20200722_153424_0000.png?fit=1500%2C1500&ssl=1","width":1500,"height":1500,"caption":"Greenspells"},"image":{"@id":"https:\/\/greenspells.com\/#\/schema\/logo\/image\/"},"sameAs":["https:\/\/www.facebook.com\/Greenspells","https:\/\/www.instagram.com\/greenspells_store\/"]}]}},"jetpack_likes_enabled":true,"jetpack_sharing_enabled":true,"_links":{"self":[{"href":"https:\/\/greenspells.com\/lt\/wp-json\/wp\/v2\/product\/1676076","targetHints":{"allow":["GET"]}}],"collection":[{"href":"https:\/\/greenspells.com\/lt\/wp-json\/wp\/v2\/product"}],"about":[{"href":"https:\/\/greenspells.com\/lt\/wp-json\/wp\/v2\/types\/product"}],"replies":[{"embeddable":true,"href":"https:\/\/greenspells.com\/lt\/wp-json\/wp\/v2\/comments?post=1676076"}],"wp:featuredmedia":[{"embeddable":true,"href":"https:\/\/greenspells.com\/lt\/wp-json\/wp\/v2\/media\/1676079"}],"wp:attachment":[{"href":"https:\/\/greenspells.com\/lt\/wp-json\/wp\/v2\/media?parent=1676076"}],"wp:term":[{"taxonomy":"product_brand","embeddable":true,"href":"https:\/\/greenspells.com\/lt\/wp-json\/wp\/v2\/product_brand?post=1676076"},{"taxonomy":"product_cat","embeddable":true,"href":"https:\/\/greenspells.com\/lt\/wp-json\/wp\/v2\/product_cat?post=1676076"},{"taxonomy":"product_tag","embeddable":true,"href":"https:\/\/greenspells.com\/lt\/wp-json\/wp\/v2\/product_tag?post=1676076"}],"curies":[{"name":"wp","href":"https:\/\/api.w.org\/{rel}","templated":true}]}}