{"id":1675748,"date":"2025-09-22T10:14:10","date_gmt":"2025-09-22T08:14:10","guid":{"rendered":"https:\/\/greenspells.com\/?post_type=product&#038;p=1675748"},"modified":"2025-12-05T12:31:27","modified_gmt":"2025-12-05T10:31:27","slug":"manucurist-nail-polish-navy-blue","status":"publish","type":"product","link":"https:\/\/greenspells.com\/lt\/produktas\/manucurist-nail-polish-navy-blue\/","title":{"rendered":"MANUCURIST <br> Nag\u0173 lakas <br>NAVY BLUE"},"content":{"rendered":"<p>Nag\u0173 lak\u0173 serija GREEN<strong>\u00a0be 12 \u012fprastuose nag\u0173 lakuose naudojam\u0173 toksi\u0161k\u0173 ingredient\u0173, vegani\u0161kas ir cruelty-free.<\/strong>. Skamba jau gerai, tiesa?<\/p>\n<p>\u0160i serija - <strong>pagaminta i\u0161 iki 84% nat\u016braliai i\u0161gautais ingredient\u0173<\/strong>\u00a0Ir\u00a0<strong>sukurta, pagaminta Pranc\u016bzijoje,<\/strong>\u00a0su pagarba planetai.<br \/>\nTepkite po\u00a0<a href=\"https:\/\/greenspells.com\/lt\/produktas\/manucurist-base-coat\/\">GREEN Base Coat (nag\u0173 lako baz\u0117s)\u00a0<\/a>ir prie\u0161\u00a0<a href=\"https:\/\/greenspells.com\/lt\/produktas\/manucurist-top-coat-sunshine\/\">GREEN Top coat (top coatu, vir\u0161utiniu sluoksniu)<\/a>. Nuvalykite nag\u0173 lako valikliu\u00a0<a href=\"https:\/\/greenspells.com\/lt\/produktas\/manucurist-nail-polish-removing-oil-green\/\">Dissolving Water Green<\/a>.<\/p>\n<ul>\n<li>Nuostabi pigmentacija<\/li>\n<li>Profesional\u016bs ir itin kokybi\u0161ki \u0161epet\u0117liai<\/li>\n<li>Ekstremalus blizgesys<\/li>\n<li>Be 12 \u012fprastuose nag\u0173 lakuose sutinkam\u0173 toksi\u0161k\u0173 ingredient\u0173<\/li>\n<li>Nusivalo \u0161velniais valikliais<\/li>\n<li>D\u017ei\u016bsta savaime, ore<\/li>\n<\/ul>\n<p>\ud83c\udf31 Vegani\u0161kas, iki 84% sudedam\u0173j\u0173 dali\u0173 - augalin\u0117s kilm\u0117s<br \/>\n\ud83c\udf1fD\u017ei\u016bsta be lemp\u0173<br \/>\n\ud83d\udc85 Puikiai laikosi, net iki 7 dien\u0173<\/p>\n<p>Pagaminta Pranc\u016bzijoje, 15 ml.<\/p>\n<p><em><strong>Kaip naudoti?<\/strong><\/em><\/p>\n<p>1) \u0160varius nagus padenkite plonu sluoksniu nag\u0173 lako baz\u0117s (Base coat).<br \/>\n2) Tepkite 2 plonus sluoksnius pasirinktos spalvos nag\u0173 lako. Leiskite nagams \u0161iek tiek pad\u017ei\u016bti prie\u0161 tepant kiekvien\u0105 sluoksn\u012f.<br \/>\n3) Tepkite plon\u0105 sluoksn\u012f vir\u0161utinio sluoksnio lako (Top coat).<br \/>\n4) U\u017ela\u0161inkite po 1 la\u0161el\u012f greitojo d\u017ei\u016bvimo la\u0161iuk\u0173 ant kiekvieno nago viduriuko.<br \/>\nVisus sluoksnius tepkite plonai ir leiskite jiems \u0161iek tiek prad\u017ei\u016bti, prie\u0161 tepant kit\u0105.<\/p>\n<p><em><strong>Sud\u0117tis:<\/strong><\/em><\/p>\n<p>butyl acetate, ethyl acetate, nitrocellulose, isosorbide dicaprylate\/caprate, adipic acid\/neopentyl glycol\/trimellitic anhydride copolymer, alcohol, acetyl tributyl citrate, isopropyl alcohol, CI 15880, stearalkonium bentonite, CI 77891, etocrylene, diacetone alcohol, CI 15850, cocos nucifera (coconut) oil, trimethylpentanediyl dibenzoate, helianthus annuus (sunflower) seed oil, phosphoric acid, alumina, bambusa vulgaris sap extract, CI 19140, CI 77510, tocopherol<\/p>\n<p>73% plant-based<\/p>","protected":false},"excerpt":{"rendered":"<p>Nail polish Green, 12\u00a0free, vegan &amp; cruelty free. Already classic ! A range with up to 84% bio-sourced ingredients\u00a0and\u00a0made in France\u00a0to respect the planet. To apply on our\u00a0Green Base Coat\u00a0and under the\u00a0Top Coat Green. For a gentle removal use the\u00a0Dissolving Water Green. Beautiful pigmentation Professional quality brushes Extreme shine 12 free Removes with a gentle [&hellip;]<\/p>","protected":false},"featured_media":1675753,"comment_status":"open","ping_status":"closed","template":"","meta":{"content-type":"","_monsterinsights_skip_tracking":false,"_monsterinsights_sitenote_active":false,"_monsterinsights_sitenote_note":"","_monsterinsights_sitenote_category":0,"_uf_show_specific_survey":0,"_uf_disable_surveys":false},"product_brand":[1907],"product_cat":[1904,1887,15],"product_tag":[1912,1882,1913,1910,1908,1911,1909],"class_list":{"0":"post-1675748","1":"product","2":"type-product","3":"status-publish","4":"has-post-thumbnail","6":"product_brand-manucurist","7":"product_cat-nail-polish-manucurist","8":"product_cat-greenspells-nails","9":"product_cat-all-products","10":"product_tag-manucurist","11":"product_tag-nagu-lakas","12":"product_tag-nagu-prieziura","13":"product_tag-nagu-lakavimas","14":"product_tag-nail-polish","15":"product_tag-naturalus-nagu-lakas","16":"product_tag-natural-nail-polish","18":"first","19":"instock","20":"taxable","21":"shipping-taxable","22":"purchasable","23":"product-type-simple"},"bundled_by":[],"bundle_stock_status":"instock","bundle_stock_quantity":null,"bundle_virtual":false,"bundle_layout":"","bundle_add_to_cart_form_location":"","bundle_editable_in_cart":false,"bundle_sold_individually_context":"","bundle_item_grouping":"","bundle_min_size":"","bundle_max_size":"","bundle_price":[],"bundled_items":[],"bundle_sell_ids":[],"group_of_quantity":0,"min_quantity":0,"max_quantity":"","exclude_order_quantity_value_rules":"no","exclude_category_quantity_rules":"no","combine_variations":"no","exclude_global_add_ons":[],"addons":[],"yoast_head":"<!-- This site is optimized with the Yoast SEO plugin v27.3 - https:\/\/yoast.com\/product\/yoast-seo-wordpress\/ -->\n<title>MANUCURIST  Nail polish NAVY BLUE - Greenspells<\/title>\n<meta name=\"description\" content=\"GREEN Nail polish: Vegan &amp; Plant-based up to 84%\ud83c\udf1f Air-dries, no lamp needed\ud83d\udc85 Long-wear for +7 days. Made in France, MANUCURIST.\" \/>\n<meta name=\"robots\" content=\"index, follow, max-snippet:-1, max-image-preview:large, max-video-preview:-1\" \/>\n<link rel=\"canonical\" href=\"https:\/\/greenspells.com\/lt\/produktas\/manucurist-nail-polish-navy-blue\/\" \/>\n<meta property=\"og:locale\" content=\"lt_LT\" \/>\n<meta property=\"og:type\" content=\"article\" \/>\n<meta property=\"og:title\" content=\"MANUCURIST  Nail polish NAVY BLUE - Greenspells\" \/>\n<meta property=\"og:description\" content=\"GREEN Nail polish: Vegan &amp; Plant-based up to 84%\ud83c\udf1f Air-dries, no lamp needed\ud83d\udc85 Long-wear for +7 days. Made in France, MANUCURIST.\" \/>\n<meta property=\"og:url\" content=\"https:\/\/greenspells.com\/lt\/produktas\/manucurist-nail-polish-navy-blue\/\" \/>\n<meta property=\"og:site_name\" content=\"Greenspells\" \/>\n<meta property=\"article:publisher\" content=\"https:\/\/www.facebook.com\/Greenspells\" \/>\n<meta property=\"article:modified_time\" content=\"2025-12-05T10:31:27+00:00\" \/>\n<meta property=\"og:image\" content=\"https:\/\/greenspells.com\/wp-content\/uploads\/2025\/09\/Navy-blue-main.jpg\" \/>\n\t<meta property=\"og:image:width\" content=\"1800\" \/>\n\t<meta property=\"og:image:height\" content=\"1800\" \/>\n\t<meta property=\"og:image:type\" content=\"image\/jpeg\" \/>\n<meta name=\"twitter:card\" content=\"summary_large_image\" \/>\n<meta name=\"twitter:label1\" content=\"Est. reading time\" \/>\n\t<meta name=\"twitter:data1\" content=\"2 minut\u0117s\" \/>\n<script type=\"application\/ld+json\" class=\"yoast-schema-graph\">{\"@context\":\"https:\\\/\\\/schema.org\",\"@graph\":[{\"@type\":\"WebPage\",\"@id\":\"https:\\\/\\\/greenspells.com\\\/product\\\/manucurist-nail-polish-navy-blue\\\/\",\"url\":\"https:\\\/\\\/greenspells.com\\\/product\\\/manucurist-nail-polish-navy-blue\\\/\",\"name\":\"MANUCURIST Nail polish NAVY BLUE - Greenspells\",\"isPartOf\":{\"@id\":\"https:\\\/\\\/greenspells.com\\\/#website\"},\"primaryImageOfPage\":{\"@id\":\"https:\\\/\\\/greenspells.com\\\/product\\\/manucurist-nail-polish-navy-blue\\\/#primaryimage\"},\"image\":{\"@id\":\"https:\\\/\\\/greenspells.com\\\/product\\\/manucurist-nail-polish-navy-blue\\\/#primaryimage\"},\"thumbnailUrl\":\"https:\\\/\\\/i0.wp.com\\\/greenspells.com\\\/wp-content\\\/uploads\\\/2025\\\/09\\\/Navy-blue-main.jpg?fit=1800%2C1800&ssl=1\",\"datePublished\":\"2025-09-22T08:14:10+00:00\",\"dateModified\":\"2025-12-05T10:31:27+00:00\",\"description\":\"GREEN Nail polish: Vegan & Plant-based up to 84%\ud83c\udf1f Air-dries, no lamp needed\ud83d\udc85 Long-wear for +7 days. Made in France, MANUCURIST.\",\"breadcrumb\":{\"@id\":\"https:\\\/\\\/greenspells.com\\\/product\\\/manucurist-nail-polish-navy-blue\\\/#breadcrumb\"},\"inLanguage\":\"lt-LT\",\"potentialAction\":[{\"@type\":\"ReadAction\",\"target\":[\"https:\\\/\\\/greenspells.com\\\/product\\\/manucurist-nail-polish-navy-blue\\\/\"]}]},{\"@type\":\"ImageObject\",\"inLanguage\":\"lt-LT\",\"@id\":\"https:\\\/\\\/greenspells.com\\\/product\\\/manucurist-nail-polish-navy-blue\\\/#primaryimage\",\"url\":\"https:\\\/\\\/i0.wp.com\\\/greenspells.com\\\/wp-content\\\/uploads\\\/2025\\\/09\\\/Navy-blue-main.jpg?fit=1800%2C1800&ssl=1\",\"contentUrl\":\"https:\\\/\\\/i0.wp.com\\\/greenspells.com\\\/wp-content\\\/uploads\\\/2025\\\/09\\\/Navy-blue-main.jpg?fit=1800%2C1800&ssl=1\",\"width\":1800,\"height\":1800,\"caption\":\"Manucurist GREEN nail polish Navy blue\"},{\"@type\":\"BreadcrumbList\",\"@id\":\"https:\\\/\\\/greenspells.com\\\/product\\\/manucurist-nail-polish-navy-blue\\\/#breadcrumb\",\"itemListElement\":[{\"@type\":\"ListItem\",\"position\":1,\"name\":\"Home\",\"item\":\"https:\\\/\\\/greenspells.com\\\/\"},{\"@type\":\"ListItem\",\"position\":2,\"name\":\"Shop\",\"item\":\"https:\\\/\\\/greenspells.com\\\/shop\\\/\"},{\"@type\":\"ListItem\",\"position\":3,\"name\":\"MANUCURIST Nail polish NAVY BLUE\"}]},{\"@type\":\"WebSite\",\"@id\":\"https:\\\/\\\/greenspells.com\\\/#website\",\"url\":\"https:\\\/\\\/greenspells.com\\\/\",\"name\":\"Greenspells\",\"description\":\"Nat\u016brali ir ekologi\u0161ka kosmetika\",\"publisher\":{\"@id\":\"https:\\\/\\\/greenspells.com\\\/#organization\"},\"potentialAction\":[{\"@type\":\"SearchAction\",\"target\":{\"@type\":\"EntryPoint\",\"urlTemplate\":\"https:\\\/\\\/greenspells.com\\\/?s={search_term_string}\"},\"query-input\":{\"@type\":\"PropertyValueSpecification\",\"valueRequired\":true,\"valueName\":\"search_term_string\"}}],\"inLanguage\":\"lt-LT\"},{\"@type\":\"Organization\",\"@id\":\"https:\\\/\\\/greenspells.com\\\/#organization\",\"name\":\"Greenspells\",\"url\":\"https:\\\/\\\/greenspells.com\\\/\",\"logo\":{\"@type\":\"ImageObject\",\"inLanguage\":\"lt-LT\",\"@id\":\"https:\\\/\\\/greenspells.com\\\/#\\\/schema\\\/logo\\\/image\\\/\",\"url\":\"https:\\\/\\\/i0.wp.com\\\/greenspells.com\\\/wp-content\\\/uploads\\\/2020\\\/09\\\/20200722_153424_0000.png?fit=1500%2C1500&ssl=1\",\"contentUrl\":\"https:\\\/\\\/i0.wp.com\\\/greenspells.com\\\/wp-content\\\/uploads\\\/2020\\\/09\\\/20200722_153424_0000.png?fit=1500%2C1500&ssl=1\",\"width\":1500,\"height\":1500,\"caption\":\"Greenspells\"},\"image\":{\"@id\":\"https:\\\/\\\/greenspells.com\\\/#\\\/schema\\\/logo\\\/image\\\/\"},\"sameAs\":[\"https:\\\/\\\/www.facebook.com\\\/Greenspells\",\"https:\\\/\\\/www.instagram.com\\\/greenspells_store\\\/\"]}]}<\/script>\n<!-- \/ Yoast SEO plugin. -->","yoast_head_json":{"title":"MANUCURIST  Nail polish NAVY BLUE - Greenspells","description":"GREEN Nail polish: Vegan & Plant-based up to 84%\ud83c\udf1f Air-dries, no lamp needed\ud83d\udc85 Long-wear for +7 days. Made in France, MANUCURIST.","robots":{"index":"index","follow":"follow","max-snippet":"max-snippet:-1","max-image-preview":"max-image-preview:large","max-video-preview":"max-video-preview:-1"},"canonical":"https:\/\/greenspells.com\/lt\/produktas\/manucurist-nail-polish-navy-blue\/","og_locale":"lt_LT","og_type":"article","og_title":"MANUCURIST  Nail polish NAVY BLUE - Greenspells","og_description":"GREEN Nail polish: Vegan & Plant-based up to 84%\ud83c\udf1f Air-dries, no lamp needed\ud83d\udc85 Long-wear for +7 days. Made in France, MANUCURIST.","og_url":"https:\/\/greenspells.com\/lt\/produktas\/manucurist-nail-polish-navy-blue\/","og_site_name":"Greenspells","article_publisher":"https:\/\/www.facebook.com\/Greenspells","article_modified_time":"2025-12-05T10:31:27+00:00","og_image":[{"width":1800,"height":1800,"url":"https:\/\/greenspells.com\/wp-content\/uploads\/2025\/09\/Navy-blue-main.jpg","type":"image\/jpeg"}],"twitter_card":"summary_large_image","twitter_misc":{"Est. reading time":"2 minut\u0117s"},"schema":{"@context":"https:\/\/schema.org","@graph":[{"@type":"WebPage","@id":"https:\/\/greenspells.com\/product\/manucurist-nail-polish-navy-blue\/","url":"https:\/\/greenspells.com\/product\/manucurist-nail-polish-navy-blue\/","name":"MANUCURIST Nail polish NAVY BLUE - Greenspells","isPartOf":{"@id":"https:\/\/greenspells.com\/#website"},"primaryImageOfPage":{"@id":"https:\/\/greenspells.com\/product\/manucurist-nail-polish-navy-blue\/#primaryimage"},"image":{"@id":"https:\/\/greenspells.com\/product\/manucurist-nail-polish-navy-blue\/#primaryimage"},"thumbnailUrl":"https:\/\/i0.wp.com\/greenspells.com\/wp-content\/uploads\/2025\/09\/Navy-blue-main.jpg?fit=1800%2C1800&ssl=1","datePublished":"2025-09-22T08:14:10+00:00","dateModified":"2025-12-05T10:31:27+00:00","description":"GREEN Nail polish: Vegan & Plant-based up to 84%\ud83c\udf1f Air-dries, no lamp needed\ud83d\udc85 Long-wear for +7 days. Made in France, MANUCURIST.","breadcrumb":{"@id":"https:\/\/greenspells.com\/product\/manucurist-nail-polish-navy-blue\/#breadcrumb"},"inLanguage":"lt-LT","potentialAction":[{"@type":"ReadAction","target":["https:\/\/greenspells.com\/product\/manucurist-nail-polish-navy-blue\/"]}]},{"@type":"ImageObject","inLanguage":"lt-LT","@id":"https:\/\/greenspells.com\/product\/manucurist-nail-polish-navy-blue\/#primaryimage","url":"https:\/\/i0.wp.com\/greenspells.com\/wp-content\/uploads\/2025\/09\/Navy-blue-main.jpg?fit=1800%2C1800&ssl=1","contentUrl":"https:\/\/i0.wp.com\/greenspells.com\/wp-content\/uploads\/2025\/09\/Navy-blue-main.jpg?fit=1800%2C1800&ssl=1","width":1800,"height":1800,"caption":"Manucurist GREEN nail polish Navy blue"},{"@type":"BreadcrumbList","@id":"https:\/\/greenspells.com\/product\/manucurist-nail-polish-navy-blue\/#breadcrumb","itemListElement":[{"@type":"ListItem","position":1,"name":"Home","item":"https:\/\/greenspells.com\/"},{"@type":"ListItem","position":2,"name":"Shop","item":"https:\/\/greenspells.com\/shop\/"},{"@type":"ListItem","position":3,"name":"MANUCURIST Nail polish NAVY BLUE"}]},{"@type":"WebSite","@id":"https:\/\/greenspells.com\/#website","url":"https:\/\/greenspells.com\/","name":"Greenspells","description":"Nat\u016brali ir ekologi\u0161ka kosmetika","publisher":{"@id":"https:\/\/greenspells.com\/#organization"},"potentialAction":[{"@type":"SearchAction","target":{"@type":"EntryPoint","urlTemplate":"https:\/\/greenspells.com\/?s={search_term_string}"},"query-input":{"@type":"PropertyValueSpecification","valueRequired":true,"valueName":"search_term_string"}}],"inLanguage":"lt-LT"},{"@type":"Organization","@id":"https:\/\/greenspells.com\/#organization","name":"Greenspells","url":"https:\/\/greenspells.com\/","logo":{"@type":"ImageObject","inLanguage":"lt-LT","@id":"https:\/\/greenspells.com\/#\/schema\/logo\/image\/","url":"https:\/\/i0.wp.com\/greenspells.com\/wp-content\/uploads\/2020\/09\/20200722_153424_0000.png?fit=1500%2C1500&ssl=1","contentUrl":"https:\/\/i0.wp.com\/greenspells.com\/wp-content\/uploads\/2020\/09\/20200722_153424_0000.png?fit=1500%2C1500&ssl=1","width":1500,"height":1500,"caption":"Greenspells"},"image":{"@id":"https:\/\/greenspells.com\/#\/schema\/logo\/image\/"},"sameAs":["https:\/\/www.facebook.com\/Greenspells","https:\/\/www.instagram.com\/greenspells_store\/"]}]}},"jetpack_likes_enabled":true,"jetpack_sharing_enabled":true,"_links":{"self":[{"href":"https:\/\/greenspells.com\/lt\/wp-json\/wp\/v2\/product\/1675748","targetHints":{"allow":["GET"]}}],"collection":[{"href":"https:\/\/greenspells.com\/lt\/wp-json\/wp\/v2\/product"}],"about":[{"href":"https:\/\/greenspells.com\/lt\/wp-json\/wp\/v2\/types\/product"}],"replies":[{"embeddable":true,"href":"https:\/\/greenspells.com\/lt\/wp-json\/wp\/v2\/comments?post=1675748"}],"wp:featuredmedia":[{"embeddable":true,"href":"https:\/\/greenspells.com\/lt\/wp-json\/wp\/v2\/media\/1675753"}],"wp:attachment":[{"href":"https:\/\/greenspells.com\/lt\/wp-json\/wp\/v2\/media?parent=1675748"}],"wp:term":[{"taxonomy":"product_brand","embeddable":true,"href":"https:\/\/greenspells.com\/lt\/wp-json\/wp\/v2\/product_brand?post=1675748"},{"taxonomy":"product_cat","embeddable":true,"href":"https:\/\/greenspells.com\/lt\/wp-json\/wp\/v2\/product_cat?post=1675748"},{"taxonomy":"product_tag","embeddable":true,"href":"https:\/\/greenspells.com\/lt\/wp-json\/wp\/v2\/product_tag?post=1675748"}],"curies":[{"name":"wp","href":"https:\/\/api.w.org\/{rel}","templated":true}]}}