{"id":1675704,"date":"2025-09-19T09:31:16","date_gmt":"2025-09-19T07:31:16","guid":{"rendered":"https:\/\/greenspells.com\/?post_type=product&#038;p=1675704"},"modified":"2026-03-04T08:37:26","modified_gmt":"2026-03-04T06:37:26","slug":"endro-natural-deodorant-monoi","status":"publish","type":"product","link":"https:\/\/greenspells.com\/lt\/produktas\/endro-natural-deodorant-monoi\/","title":{"rendered":"ENDRO <br> Nat\u016bralus dezodorantas <br> MONOI jautriai odai be sodos"},"content":{"rendered":"<p>\u0160velnumas ir efektyvumas! Formul\u0117 i\u0161 100\u202f% nat\u016bralios kilm\u0117s ingredient\u0173, be sodos ir eterini\u0173 aliej\u0173, idealiai tinka jautriai odai. 48 valand\u0173 apsauga \u2013 komfortas visai dienai!<\/p>\n<p>I\u0161band\u0117te kelis nat\u016bralius dezodorantus, bet pa\u017eastys tapo pernelyg sudirgusios? Tai gali b\u016bti d\u0117l sud\u0117tyje esan\u010dios sodos ir\/arba eterini\u0173 aliej\u0173. Labai jautri oda kartais sunkiau toleruoja \u0161iuos ingredientus. Tod\u0117l ENDRO suk\u016br\u0117 nat\u016bral\u0173 dezodorant\u0105 jautriai odai. Magnio hidroksidas reguliuoja odos pH, neutralizuoja r\u016bg\u0161tingum\u0105 ir neleid\u017eia daugintis bakterijoms, sukelian\u010dioms kvap\u0105. Cinko ricinoleatas papildo formul\u0119 ir nat\u016braliai sugeria prakaito kvap\u0105.<\/p>\n<p>&nbsp;<\/p>\n<p>Dezodorantas labai malonios tekst\u016bros - tir\u0161tas indelyje, ta\u010diau vos prisilietus \u012ftirpsta \u012f od\u0105, nepalikdamas nemaloni\u0173 p\u0117dsak\u0173.<\/p>\n<p><strong>KOKOS\u0172 ALIEJUS<\/strong> - pasi\u017eymi valomosiomis, prie\u0161u\u017edegimin\u0117mis ir antibakterin\u0117mis savyb\u0117mis bei maitina od\u0105.<\/p>\n<p><strong>MAGNIO HIDROKSIDAS<\/strong> - reguliuoja pH, neutralizuoja r\u016bg\u0161tingum\u0105, kvap\u0105 sukelian\u010dias bakterijas.<\/p>\n<p><b>CINKO RICINOLEATAS<\/b>- papildo magnio hidroksid\u0105 ir nat\u016braliai sugeria prakaito kvap\u0105.<\/p>\n<p><em>50ml, sukurta ir pagaminta Pranc\u016bzijoje.<\/em><\/p>\n<p>&nbsp;<\/p>\n<p><em><strong>Kaip naudoti?<\/strong><\/em><\/p>\n<p>- Pasmkite labai nedidel\u012f kiek\u012f dezodoranto pir\u0161tais, arba medine mentele. Nepadauginkite.<\/p>\n<p>- Nubraukite visk\u0105 nuo mentel\u0117s pir\u0161tais<\/p>\n<p>- Tepkite pa\u017eastis lengvai \u012fmasa\u017euojant, kol pilnai susigers.<\/p>\n<p><em><strong>Sud\u0117tis:<\/strong><\/em><\/p>\n<p>COCOS NUCIFERA (COCONUT) OIL*, ZEA MAYS (CORN) STARCH*, MAGNESIUM HYDROXIDE, BEHENYL ALCOHOL, COPERNICIA CERIFERA (CARNAUBA) WAX*, ZINC RICINOLEATE, PARFUM (FRAGRANCE), MAGNESIUM CARBONATE HYDROXIDE, TOCOPHEROL, HELIANTHUS ANNUUS (SUNFLOWER) SEED OIL.<\/p>\n<p>*Ingredients from Organic Farming<\/p>\n<p><strong>75% of the total ingredients are from Organic Farming<\/strong><\/p>","protected":false},"excerpt":{"rendered":"<p>Discover\u00a0 formula made from 100% ingredients of natural origin, very gentle, without bicarbonate and without essential oils for sensitive skin. 48-hour effectiveness! Have you tried several natural deodorants and have irritated armpits? This can come from sodium bicarbonate or essential oils. The most sensitive skin sometimes has difficulty tolerating these ingredients&#8230; That&#8217;s why ENDRO developed [&hellip;]<\/p>\n","protected":false},"featured_media":1675707,"comment_status":"open","ping_status":"closed","template":"","meta":{"content-type":"","_monsterinsights_skip_tracking":false,"_monsterinsights_sitenote_active":false,"_monsterinsights_sitenote_note":"","_monsterinsights_sitenote_category":0,"_uf_show_specific_survey":0,"_uf_disable_surveys":false},"product_brand":[2032],"product_cat":[137,139,15],"product_tag":[1058,2045,2057,1829,2056,494,605,2046,628,87,461,2054,155,2055],"class_list":{"0":"post-1675704","1":"product","2":"type-product","3":"status-publish","4":"has-post-thumbnail","6":"product_brand-endro","7":"product_cat-bath-and-body","8":"product_cat-deodorants","9":"product_cat-all-products","10":"product_tag-be-aliuminio","11":"product_tag-deodorant-balm","12":"product_tag-dezodorantas-be-eteriniu-alieju","13":"product_tag-dezodorantas-be-sodos","14":"product_tag-essential-oil-free","15":"product_tag-greenspells","16":"product_tag-hurraw","17":"product_tag-kreminis-dezodorantas","18":"product_tag-naturalus-dezodorantas","19":"product_tag-natural-deodorant","20":"product_tag-naturali-kosmetika","21":"product_tag-palmarosa","22":"product_tag-sensitive","23":"product_tag-soda-free","25":"first","26":"instock","27":"taxable","28":"shipping-taxable","29":"purchasable","30":"product-type-simple"},"bundled_by":[],"bundle_stock_status":"instock","bundle_stock_quantity":null,"bundle_virtual":false,"bundle_layout":"","bundle_add_to_cart_form_location":"","bundle_editable_in_cart":false,"bundle_sold_individually_context":"","bundle_item_grouping":"","bundle_min_size":"","bundle_max_size":"","bundle_price":[],"bundled_items":[],"bundle_sell_ids":[],"group_of_quantity":0,"min_quantity":0,"max_quantity":"","exclude_order_quantity_value_rules":"no","exclude_category_quantity_rules":"no","combine_variations":"no","exclude_global_add_ons":[],"addons":[],"yoast_head":"<!-- This site is optimized with the Yoast SEO plugin v27.4 - https:\/\/yoast.com\/product\/yoast-seo-wordpress\/ -->\n<title>ENDRO  Natural deodorant  MONOI sensitive, soda - free - Greenspells<\/title>\n<meta name=\"description\" content=\"100% natural! Prevents the development of bacteria, regulates perspiration without blocking it, ensuring the proper natural functioning of the body.\" \/>\n<meta name=\"robots\" content=\"index, follow, max-snippet:-1, max-image-preview:large, max-video-preview:-1\" \/>\n<link rel=\"canonical\" href=\"https:\/\/greenspells.com\/lt\/produktas\/endro-natural-deodorant-monoi\/\" \/>\n<meta property=\"og:locale\" content=\"lt_LT\" \/>\n<meta property=\"og:type\" content=\"article\" \/>\n<meta property=\"og:title\" content=\"ENDRO  Natural deodorant  MONOI sensitive, soda - free - Greenspells\" \/>\n<meta property=\"og:description\" content=\"100% natural! Prevents the development of bacteria, regulates perspiration without blocking it, ensuring the proper natural functioning of the body.\" \/>\n<meta property=\"og:url\" content=\"https:\/\/greenspells.com\/lt\/produktas\/endro-natural-deodorant-monoi\/\" \/>\n<meta property=\"og:site_name\" content=\"Greenspells\" \/>\n<meta property=\"article:publisher\" content=\"https:\/\/www.facebook.com\/Greenspells\" \/>\n<meta property=\"article:modified_time\" content=\"2026-03-04T06:37:26+00:00\" \/>\n<meta property=\"og:image\" content=\"https:\/\/greenspells.com\/wp-content\/uploads\/2025\/09\/monoi-deodorant-5.webp\" \/>\n\t<meta property=\"og:image:width\" content=\"2500\" \/>\n\t<meta property=\"og:image:height\" content=\"2500\" \/>\n\t<meta property=\"og:image:type\" content=\"image\/webp\" \/>\n<meta name=\"twitter:card\" content=\"summary_large_image\" \/>\n<meta name=\"twitter:label1\" content=\"Est. reading time\" \/>\n\t<meta name=\"twitter:data1\" content=\"2 minut\u0117s\" \/>\n<script type=\"application\/ld+json\" class=\"yoast-schema-graph\">{\"@context\":\"https:\\\/\\\/schema.org\",\"@graph\":[{\"@type\":\"WebPage\",\"@id\":\"https:\\\/\\\/greenspells.com\\\/product\\\/endro-natural-deodorant-monoi\\\/\",\"url\":\"https:\\\/\\\/greenspells.com\\\/product\\\/endro-natural-deodorant-monoi\\\/\",\"name\":\"ENDRO Natural deodorant MONOI sensitive, soda - free - Greenspells\",\"isPartOf\":{\"@id\":\"https:\\\/\\\/greenspells.com\\\/#website\"},\"primaryImageOfPage\":{\"@id\":\"https:\\\/\\\/greenspells.com\\\/product\\\/endro-natural-deodorant-monoi\\\/#primaryimage\"},\"image\":{\"@id\":\"https:\\\/\\\/greenspells.com\\\/product\\\/endro-natural-deodorant-monoi\\\/#primaryimage\"},\"thumbnailUrl\":\"https:\\\/\\\/i0.wp.com\\\/greenspells.com\\\/wp-content\\\/uploads\\\/2025\\\/09\\\/monoi-deodorant-5.webp?fit=2500%2C2500&ssl=1\",\"datePublished\":\"2025-09-19T07:31:16+00:00\",\"dateModified\":\"2026-03-04T06:37:26+00:00\",\"description\":\"100% natural! Prevents the development of bacteria, regulates perspiration without blocking it, ensuring the proper natural functioning of the body.\",\"breadcrumb\":{\"@id\":\"https:\\\/\\\/greenspells.com\\\/product\\\/endro-natural-deodorant-monoi\\\/#breadcrumb\"},\"inLanguage\":\"lt-LT\",\"potentialAction\":[{\"@type\":\"ReadAction\",\"target\":[\"https:\\\/\\\/greenspells.com\\\/product\\\/endro-natural-deodorant-monoi\\\/\"]}]},{\"@type\":\"ImageObject\",\"inLanguage\":\"lt-LT\",\"@id\":\"https:\\\/\\\/greenspells.com\\\/product\\\/endro-natural-deodorant-monoi\\\/#primaryimage\",\"url\":\"https:\\\/\\\/i0.wp.com\\\/greenspells.com\\\/wp-content\\\/uploads\\\/2025\\\/09\\\/monoi-deodorant-5.webp?fit=2500%2C2500&ssl=1\",\"contentUrl\":\"https:\\\/\\\/i0.wp.com\\\/greenspells.com\\\/wp-content\\\/uploads\\\/2025\\\/09\\\/monoi-deodorant-5.webp?fit=2500%2C2500&ssl=1\",\"width\":2500,\"height\":2500,\"caption\":\"Endro cosmetiques natural deodorant monoi sensitive\"},{\"@type\":\"BreadcrumbList\",\"@id\":\"https:\\\/\\\/greenspells.com\\\/product\\\/endro-natural-deodorant-monoi\\\/#breadcrumb\",\"itemListElement\":[{\"@type\":\"ListItem\",\"position\":1,\"name\":\"Home\",\"item\":\"https:\\\/\\\/greenspells.com\\\/\"},{\"@type\":\"ListItem\",\"position\":2,\"name\":\"Shop\",\"item\":\"https:\\\/\\\/greenspells.com\\\/shop\\\/\"},{\"@type\":\"ListItem\",\"position\":3,\"name\":\"ENDRO Natural deodorant MONOI sensitive, soda &#8211; free\"}]},{\"@type\":\"WebSite\",\"@id\":\"https:\\\/\\\/greenspells.com\\\/#website\",\"url\":\"https:\\\/\\\/greenspells.com\\\/\",\"name\":\"Greenspells\",\"description\":\"Nat\u016brali ir ekologi\u0161ka kosmetika\",\"publisher\":{\"@id\":\"https:\\\/\\\/greenspells.com\\\/#organization\"},\"potentialAction\":[{\"@type\":\"SearchAction\",\"target\":{\"@type\":\"EntryPoint\",\"urlTemplate\":\"https:\\\/\\\/greenspells.com\\\/?s={search_term_string}\"},\"query-input\":{\"@type\":\"PropertyValueSpecification\",\"valueRequired\":true,\"valueName\":\"search_term_string\"}}],\"inLanguage\":\"lt-LT\"},{\"@type\":\"Organization\",\"@id\":\"https:\\\/\\\/greenspells.com\\\/#organization\",\"name\":\"Greenspells\",\"url\":\"https:\\\/\\\/greenspells.com\\\/\",\"logo\":{\"@type\":\"ImageObject\",\"inLanguage\":\"lt-LT\",\"@id\":\"https:\\\/\\\/greenspells.com\\\/#\\\/schema\\\/logo\\\/image\\\/\",\"url\":\"https:\\\/\\\/i0.wp.com\\\/greenspells.com\\\/wp-content\\\/uploads\\\/2020\\\/09\\\/20200722_153424_0000.png?fit=1500%2C1500&ssl=1\",\"contentUrl\":\"https:\\\/\\\/i0.wp.com\\\/greenspells.com\\\/wp-content\\\/uploads\\\/2020\\\/09\\\/20200722_153424_0000.png?fit=1500%2C1500&ssl=1\",\"width\":1500,\"height\":1500,\"caption\":\"Greenspells\"},\"image\":{\"@id\":\"https:\\\/\\\/greenspells.com\\\/#\\\/schema\\\/logo\\\/image\\\/\"},\"sameAs\":[\"https:\\\/\\\/www.facebook.com\\\/Greenspells\",\"https:\\\/\\\/www.instagram.com\\\/greenspells_store\\\/\"]}]}<\/script>\n<!-- \/ Yoast SEO plugin. -->","yoast_head_json":{"title":"ENDRO  Natural deodorant  MONOI sensitive, soda - free - Greenspells","description":"100% natural! Prevents the development of bacteria, regulates perspiration without blocking it, ensuring the proper natural functioning of the body.","robots":{"index":"index","follow":"follow","max-snippet":"max-snippet:-1","max-image-preview":"max-image-preview:large","max-video-preview":"max-video-preview:-1"},"canonical":"https:\/\/greenspells.com\/lt\/produktas\/endro-natural-deodorant-monoi\/","og_locale":"lt_LT","og_type":"article","og_title":"ENDRO  Natural deodorant  MONOI sensitive, soda - free - Greenspells","og_description":"100% natural! Prevents the development of bacteria, regulates perspiration without blocking it, ensuring the proper natural functioning of the body.","og_url":"https:\/\/greenspells.com\/lt\/produktas\/endro-natural-deodorant-monoi\/","og_site_name":"Greenspells","article_publisher":"https:\/\/www.facebook.com\/Greenspells","article_modified_time":"2026-03-04T06:37:26+00:00","og_image":[{"width":2500,"height":2500,"url":"https:\/\/greenspells.com\/wp-content\/uploads\/2025\/09\/monoi-deodorant-5.webp","type":"image\/webp"}],"twitter_card":"summary_large_image","twitter_misc":{"Est. reading time":"2 minut\u0117s"},"schema":{"@context":"https:\/\/schema.org","@graph":[{"@type":"WebPage","@id":"https:\/\/greenspells.com\/product\/endro-natural-deodorant-monoi\/","url":"https:\/\/greenspells.com\/product\/endro-natural-deodorant-monoi\/","name":"ENDRO Natural deodorant MONOI sensitive, soda - free - Greenspells","isPartOf":{"@id":"https:\/\/greenspells.com\/#website"},"primaryImageOfPage":{"@id":"https:\/\/greenspells.com\/product\/endro-natural-deodorant-monoi\/#primaryimage"},"image":{"@id":"https:\/\/greenspells.com\/product\/endro-natural-deodorant-monoi\/#primaryimage"},"thumbnailUrl":"https:\/\/i0.wp.com\/greenspells.com\/wp-content\/uploads\/2025\/09\/monoi-deodorant-5.webp?fit=2500%2C2500&ssl=1","datePublished":"2025-09-19T07:31:16+00:00","dateModified":"2026-03-04T06:37:26+00:00","description":"100% natural! Prevents the development of bacteria, regulates perspiration without blocking it, ensuring the proper natural functioning of the body.","breadcrumb":{"@id":"https:\/\/greenspells.com\/product\/endro-natural-deodorant-monoi\/#breadcrumb"},"inLanguage":"lt-LT","potentialAction":[{"@type":"ReadAction","target":["https:\/\/greenspells.com\/product\/endro-natural-deodorant-monoi\/"]}]},{"@type":"ImageObject","inLanguage":"lt-LT","@id":"https:\/\/greenspells.com\/product\/endro-natural-deodorant-monoi\/#primaryimage","url":"https:\/\/i0.wp.com\/greenspells.com\/wp-content\/uploads\/2025\/09\/monoi-deodorant-5.webp?fit=2500%2C2500&ssl=1","contentUrl":"https:\/\/i0.wp.com\/greenspells.com\/wp-content\/uploads\/2025\/09\/monoi-deodorant-5.webp?fit=2500%2C2500&ssl=1","width":2500,"height":2500,"caption":"Endro cosmetiques natural deodorant monoi sensitive"},{"@type":"BreadcrumbList","@id":"https:\/\/greenspells.com\/product\/endro-natural-deodorant-monoi\/#breadcrumb","itemListElement":[{"@type":"ListItem","position":1,"name":"Home","item":"https:\/\/greenspells.com\/"},{"@type":"ListItem","position":2,"name":"Shop","item":"https:\/\/greenspells.com\/shop\/"},{"@type":"ListItem","position":3,"name":"ENDRO Natural deodorant MONOI sensitive, soda &#8211; free"}]},{"@type":"WebSite","@id":"https:\/\/greenspells.com\/#website","url":"https:\/\/greenspells.com\/","name":"Greenspells","description":"Nat\u016brali ir ekologi\u0161ka kosmetika","publisher":{"@id":"https:\/\/greenspells.com\/#organization"},"potentialAction":[{"@type":"SearchAction","target":{"@type":"EntryPoint","urlTemplate":"https:\/\/greenspells.com\/?s={search_term_string}"},"query-input":{"@type":"PropertyValueSpecification","valueRequired":true,"valueName":"search_term_string"}}],"inLanguage":"lt-LT"},{"@type":"Organization","@id":"https:\/\/greenspells.com\/#organization","name":"Greenspells","url":"https:\/\/greenspells.com\/","logo":{"@type":"ImageObject","inLanguage":"lt-LT","@id":"https:\/\/greenspells.com\/#\/schema\/logo\/image\/","url":"https:\/\/i0.wp.com\/greenspells.com\/wp-content\/uploads\/2020\/09\/20200722_153424_0000.png?fit=1500%2C1500&ssl=1","contentUrl":"https:\/\/i0.wp.com\/greenspells.com\/wp-content\/uploads\/2020\/09\/20200722_153424_0000.png?fit=1500%2C1500&ssl=1","width":1500,"height":1500,"caption":"Greenspells"},"image":{"@id":"https:\/\/greenspells.com\/#\/schema\/logo\/image\/"},"sameAs":["https:\/\/www.facebook.com\/Greenspells","https:\/\/www.instagram.com\/greenspells_store\/"]}]}},"jetpack_likes_enabled":true,"jetpack_sharing_enabled":true,"_links":{"self":[{"href":"https:\/\/greenspells.com\/lt\/wp-json\/wp\/v2\/product\/1675704","targetHints":{"allow":["GET"]}}],"collection":[{"href":"https:\/\/greenspells.com\/lt\/wp-json\/wp\/v2\/product"}],"about":[{"href":"https:\/\/greenspells.com\/lt\/wp-json\/wp\/v2\/types\/product"}],"replies":[{"embeddable":true,"href":"https:\/\/greenspells.com\/lt\/wp-json\/wp\/v2\/comments?post=1675704"}],"wp:featuredmedia":[{"embeddable":true,"href":"https:\/\/greenspells.com\/lt\/wp-json\/wp\/v2\/media\/1675707"}],"wp:attachment":[{"href":"https:\/\/greenspells.com\/lt\/wp-json\/wp\/v2\/media?parent=1675704"}],"wp:term":[{"taxonomy":"product_brand","embeddable":true,"href":"https:\/\/greenspells.com\/lt\/wp-json\/wp\/v2\/product_brand?post=1675704"},{"taxonomy":"product_cat","embeddable":true,"href":"https:\/\/greenspells.com\/lt\/wp-json\/wp\/v2\/product_cat?post=1675704"},{"taxonomy":"product_tag","embeddable":true,"href":"https:\/\/greenspells.com\/lt\/wp-json\/wp\/v2\/product_tag?post=1675704"}],"curies":[{"name":"wp","href":"https:\/\/api.w.org\/{rel}","templated":true}]}}