{"id":1675692,"date":"2025-09-19T08:52:37","date_gmt":"2025-09-19T06:52:37","guid":{"rendered":"https:\/\/greenspells.com\/?post_type=product&#038;p=1675692"},"modified":"2026-03-04T08:36:42","modified_gmt":"2026-03-04T06:36:42","slug":"endro-natural-deodorant-coco","status":"publish","type":"product","link":"https:\/\/greenspells.com\/lt\/produktas\/endro-natural-deodorant-coco\/","title":{"rendered":"ENDRO <br> Nat\u016bralus dezodorantas <br> COCO"},"content":{"rendered":"<p>Atrraskite\u00a0 <strong>nat\u016bral\u0173 dezodorant\u0105 i\u0161 ENDRO be eterini\u0173 aliej\u0173,\u00a0<\/strong>nat\u016braliai kvepiant\u012f kokosais. Malonios balzamo tekst\u016bros, <strong>neutralizuoja bakterijas, sukelian\u010dias nemalon\u0173 kvap\u0105, neu\u017eblokuodamas nat\u016brali\u0173 k\u016bno funkcij\u0173.<\/strong>Jame n\u0117ra eterini\u0173 aliej\u0173, tod\u0117l saugus ir idealus naudoti<strong>\u00a0n\u0117\u0161\u010diosioms bei \u017eindan\u010dioms moterims. 48h efektyvumas!<\/strong><\/p>\n<p>Be aliuminio drusk\u0173, alkoholio ar konservant\u0173 \u2013 tik \u0161var\u016bs, saug\u016bs ingredientai! Tai ideali, nat\u016brali alternatyva \u012fprastiems dezodorantams.<\/p>\n<p>Dezodorantas labai malonios tekst\u016bros - tir\u0161tas indelyje, ta\u010diau vos prisilietus \u012ftirpsta \u012f od\u0105, nepalikdamas nemaloni\u0173 p\u0117dsak\u0173.<\/p>\n<p>Dezodorantas be eterini\u0173 aliej\u0173 tinka \u012fvairiems naudotojams: vaikams, n\u0117\u0161\u010diosioms ir jautri\u0105 od\u0105 turintiems \u017emon\u0117ms. Ta\u010diau jo veiksmingumas i\u0161lieka nepriekai\u0161tingas. M\u016bs\u0173 kokos\u0173 dezodorantas praturtintas ekologi\u0161ku kokos\u0173 aliejumi ir natrio bikarbonatu (soda), pasi\u017eymin\u010diais valomosiomis bei antibakterin\u0117mis savyb\u0117mis. Tai nat\u016bralus dezodorantas, kuris neu\u017eblokuoja prakaitavimo, bet neleid\u017eia daugintis blog\u0105 kvap\u0105 sukelian\u010dioms bakterijoms. Papildomas privalumas \u2013 kukur\u016bz\u0173 krakmolas, nat\u016braliai sugeriantis dr\u0117gm\u0119, kad pa\u017eastys i\u0161likt\u0173 sausos.<\/p>\n<p><strong>KOKOS\u0172 ALIEJUS<\/strong> - pasi\u017eymi valomosiomis, prie\u0161u\u017edegimin\u0117mis ir antibakterin\u0117mis savyb\u0117mis bei maitina od\u0105.<\/p>\n<p><strong>SODA<\/strong> - nat\u016bralios kilm\u0117s ingredientas, pasi\u017eymintis stipriu antibakteriniu poveikiu.<\/p>\n<p><strong>KUKUR\u016aZ\u0172 KRAKMOLAS <\/strong>Itin lengvas, veikia lyg augalin\u0117 talko pudra ir ramina od\u0105. Sugeria dr\u0117gm\u0119, suteikia malon\u0173, nerieb\u0173 poj\u016bt\u012f pasitepus.<\/p>\n<p><em>50ml, sukurta ir pagaminta Pranc\u016bzijoje.<\/em><\/p>\n<p>&nbsp;<\/p>\n<p><em><strong>Kaip naudoti?<\/strong><\/em><\/p>\n<p>- Pasmkite labai nedidel\u012f kiek\u012f dezodoranto pir\u0161tais, arba medine mentele. Nepadauginkite.<\/p>\n<p>- Nubraukite visk\u0105 nuo mentel\u0117s pir\u0161tais<\/p>\n<p>- Tepkite pa\u017eastis lengvai \u012fmasa\u017euojant, kol pilnai susigers.<\/p>\n<p><em><strong>Sud\u0117tis:<\/strong><\/em><\/p>\n<p>COCOS NUCIFERA OIL*, ZEA MAYS STARCH*, SODIUM BICARBONATE, COPERNICIA CERIFERA WAX*<\/p>\n<p>*Ingredients from Organic Farming<\/p>\n<p><strong>80% of the total ingredients are from Organic Farming<\/strong><\/p>\n<p>&nbsp;<\/p>","protected":false},"excerpt":{"rendered":"<p>Discover\u00a0 essential oil-free\u00a0deodorant from ENDRO, with the natural scent of Coconut. Its melting balm-like texture will neutralize the bacteria responsible for bad odors without blocking the perspiration process. Since it does not have an essential oil, it is perfectly\u00a0suitable for pregnant women and young mothers. 48-hour effectiveness! Free of aluminium salts, alcohol, preservatives, it contains [&hellip;]<\/p>\n","protected":false},"featured_media":1675696,"comment_status":"open","ping_status":"closed","template":"","meta":{"content-type":"","_monsterinsights_skip_tracking":false,"_monsterinsights_sitenote_active":false,"_monsterinsights_sitenote_note":"","_monsterinsights_sitenote_category":0,"_uf_show_specific_survey":0,"_uf_disable_surveys":false},"product_brand":[2032],"product_cat":[137,139,15],"product_tag":[2049,1058,2047,2044,2045,2053,494,605,2050,2051,2052,2046,2048,628,87,461],"class_list":{"0":"post-1675692","1":"product","2":"type-product","3":"status-publish","4":"has-post-thumbnail","6":"product_brand-endro","7":"product_cat-bath-and-body","8":"product_cat-deodorants","9":"product_cat-all-products","10":"product_tag-zindancioms","11":"product_tag-be-aliuminio","12":"product_tag-be-eteriniu-alieju","13":"product_tag-bergamot-deodorant","14":"product_tag-deodorant-balm","15":"product_tag-dezodorantas-nesciosioms","16":"product_tag-greenspells","17":"product_tag-hurraw","18":"product_tag-kosmetika-zindancioms","19":"product_tag-kosmetika-maitinancioms","20":"product_tag-kosmetika-nesciosioms","21":"product_tag-kreminis-dezodorantas","22":"product_tag-nesciosioms","23":"product_tag-naturalus-dezodorantas","24":"product_tag-natural-deodorant","25":"product_tag-naturali-kosmetika","27":"first","28":"instock","29":"taxable","30":"shipping-taxable","31":"purchasable","32":"product-type-simple"},"bundled_by":[],"bundle_stock_status":"instock","bundle_stock_quantity":null,"bundle_virtual":false,"bundle_layout":"","bundle_add_to_cart_form_location":"","bundle_editable_in_cart":false,"bundle_sold_individually_context":"","bundle_item_grouping":"","bundle_min_size":"","bundle_max_size":"","bundle_price":[],"bundled_items":[],"bundle_sell_ids":[],"group_of_quantity":0,"min_quantity":0,"max_quantity":"","exclude_order_quantity_value_rules":"no","exclude_category_quantity_rules":"no","combine_variations":"no","exclude_global_add_ons":[],"addons":[],"yoast_head":"<!-- This site is optimized with the Yoast SEO plugin v27.4 - https:\/\/yoast.com\/product\/yoast-seo-wordpress\/ -->\n<title>ENDRO  Natural deodorant  COCO - Greenspells<\/title>\n<meta name=\"description\" content=\"100% natural! Prevents the development of bacteria, regulates perspiration without blocking it, ensuring the proper natural functioning of the body.\" \/>\n<meta name=\"robots\" content=\"index, follow, max-snippet:-1, max-image-preview:large, max-video-preview:-1\" \/>\n<link rel=\"canonical\" href=\"https:\/\/greenspells.com\/lt\/produktas\/endro-natural-deodorant-coco\/\" \/>\n<meta property=\"og:locale\" content=\"lt_LT\" \/>\n<meta property=\"og:type\" content=\"article\" \/>\n<meta property=\"og:title\" content=\"ENDRO  Natural deodorant  COCO - Greenspells\" \/>\n<meta property=\"og:description\" content=\"100% natural! Prevents the development of bacteria, regulates perspiration without blocking it, ensuring the proper natural functioning of the body.\" \/>\n<meta property=\"og:url\" content=\"https:\/\/greenspells.com\/lt\/produktas\/endro-natural-deodorant-coco\/\" \/>\n<meta property=\"og:site_name\" content=\"Greenspells\" \/>\n<meta property=\"article:publisher\" content=\"https:\/\/www.facebook.com\/Greenspells\" \/>\n<meta property=\"article:modified_time\" content=\"2026-03-04T06:36:42+00:00\" \/>\n<meta property=\"og:image\" content=\"https:\/\/greenspells.com\/wp-content\/uploads\/2025\/09\/coco-deodorant-5.webp\" \/>\n\t<meta property=\"og:image:width\" content=\"719\" \/>\n\t<meta property=\"og:image:height\" content=\"719\" \/>\n\t<meta property=\"og:image:type\" content=\"image\/webp\" \/>\n<meta name=\"twitter:card\" content=\"summary_large_image\" \/>\n<meta name=\"twitter:label1\" content=\"Est. reading time\" \/>\n\t<meta name=\"twitter:data1\" content=\"2 minut\u0117s\" \/>\n<script type=\"application\/ld+json\" class=\"yoast-schema-graph\">{\"@context\":\"https:\\\/\\\/schema.org\",\"@graph\":[{\"@type\":\"WebPage\",\"@id\":\"https:\\\/\\\/greenspells.com\\\/product\\\/endro-natural-deodorant-coco\\\/\",\"url\":\"https:\\\/\\\/greenspells.com\\\/product\\\/endro-natural-deodorant-coco\\\/\",\"name\":\"ENDRO Natural deodorant COCO - Greenspells\",\"isPartOf\":{\"@id\":\"https:\\\/\\\/greenspells.com\\\/#website\"},\"primaryImageOfPage\":{\"@id\":\"https:\\\/\\\/greenspells.com\\\/product\\\/endro-natural-deodorant-coco\\\/#primaryimage\"},\"image\":{\"@id\":\"https:\\\/\\\/greenspells.com\\\/product\\\/endro-natural-deodorant-coco\\\/#primaryimage\"},\"thumbnailUrl\":\"https:\\\/\\\/i0.wp.com\\\/greenspells.com\\\/wp-content\\\/uploads\\\/2025\\\/09\\\/coco-deodorant-5.webp?fit=719%2C719&ssl=1\",\"datePublished\":\"2025-09-19T06:52:37+00:00\",\"dateModified\":\"2026-03-04T06:36:42+00:00\",\"description\":\"100% natural! Prevents the development of bacteria, regulates perspiration without blocking it, ensuring the proper natural functioning of the body.\",\"breadcrumb\":{\"@id\":\"https:\\\/\\\/greenspells.com\\\/product\\\/endro-natural-deodorant-coco\\\/#breadcrumb\"},\"inLanguage\":\"lt-LT\",\"potentialAction\":[{\"@type\":\"ReadAction\",\"target\":[\"https:\\\/\\\/greenspells.com\\\/product\\\/endro-natural-deodorant-coco\\\/\"]}]},{\"@type\":\"ImageObject\",\"inLanguage\":\"lt-LT\",\"@id\":\"https:\\\/\\\/greenspells.com\\\/product\\\/endro-natural-deodorant-coco\\\/#primaryimage\",\"url\":\"https:\\\/\\\/i0.wp.com\\\/greenspells.com\\\/wp-content\\\/uploads\\\/2025\\\/09\\\/coco-deodorant-5.webp?fit=719%2C719&ssl=1\",\"contentUrl\":\"https:\\\/\\\/i0.wp.com\\\/greenspells.com\\\/wp-content\\\/uploads\\\/2025\\\/09\\\/coco-deodorant-5.webp?fit=719%2C719&ssl=1\",\"width\":719,\"height\":719,\"caption\":\"Endro cosmetiques natural deodorant coco\"},{\"@type\":\"BreadcrumbList\",\"@id\":\"https:\\\/\\\/greenspells.com\\\/product\\\/endro-natural-deodorant-coco\\\/#breadcrumb\",\"itemListElement\":[{\"@type\":\"ListItem\",\"position\":1,\"name\":\"Home\",\"item\":\"https:\\\/\\\/greenspells.com\\\/\"},{\"@type\":\"ListItem\",\"position\":2,\"name\":\"Shop\",\"item\":\"https:\\\/\\\/greenspells.com\\\/shop\\\/\"},{\"@type\":\"ListItem\",\"position\":3,\"name\":\"ENDRO Natural deodorant COCO\"}]},{\"@type\":\"WebSite\",\"@id\":\"https:\\\/\\\/greenspells.com\\\/#website\",\"url\":\"https:\\\/\\\/greenspells.com\\\/\",\"name\":\"Greenspells\",\"description\":\"Nat\u016brali ir ekologi\u0161ka kosmetika\",\"publisher\":{\"@id\":\"https:\\\/\\\/greenspells.com\\\/#organization\"},\"potentialAction\":[{\"@type\":\"SearchAction\",\"target\":{\"@type\":\"EntryPoint\",\"urlTemplate\":\"https:\\\/\\\/greenspells.com\\\/?s={search_term_string}\"},\"query-input\":{\"@type\":\"PropertyValueSpecification\",\"valueRequired\":true,\"valueName\":\"search_term_string\"}}],\"inLanguage\":\"lt-LT\"},{\"@type\":\"Organization\",\"@id\":\"https:\\\/\\\/greenspells.com\\\/#organization\",\"name\":\"Greenspells\",\"url\":\"https:\\\/\\\/greenspells.com\\\/\",\"logo\":{\"@type\":\"ImageObject\",\"inLanguage\":\"lt-LT\",\"@id\":\"https:\\\/\\\/greenspells.com\\\/#\\\/schema\\\/logo\\\/image\\\/\",\"url\":\"https:\\\/\\\/i0.wp.com\\\/greenspells.com\\\/wp-content\\\/uploads\\\/2020\\\/09\\\/20200722_153424_0000.png?fit=1500%2C1500&ssl=1\",\"contentUrl\":\"https:\\\/\\\/i0.wp.com\\\/greenspells.com\\\/wp-content\\\/uploads\\\/2020\\\/09\\\/20200722_153424_0000.png?fit=1500%2C1500&ssl=1\",\"width\":1500,\"height\":1500,\"caption\":\"Greenspells\"},\"image\":{\"@id\":\"https:\\\/\\\/greenspells.com\\\/#\\\/schema\\\/logo\\\/image\\\/\"},\"sameAs\":[\"https:\\\/\\\/www.facebook.com\\\/Greenspells\",\"https:\\\/\\\/www.instagram.com\\\/greenspells_store\\\/\"]}]}<\/script>\n<!-- \/ Yoast SEO plugin. -->","yoast_head_json":{"title":"ENDRO  Natural deodorant  COCO - Greenspells","description":"100% natural! Prevents the development of bacteria, regulates perspiration without blocking it, ensuring the proper natural functioning of the body.","robots":{"index":"index","follow":"follow","max-snippet":"max-snippet:-1","max-image-preview":"max-image-preview:large","max-video-preview":"max-video-preview:-1"},"canonical":"https:\/\/greenspells.com\/lt\/produktas\/endro-natural-deodorant-coco\/","og_locale":"lt_LT","og_type":"article","og_title":"ENDRO  Natural deodorant  COCO - Greenspells","og_description":"100% natural! Prevents the development of bacteria, regulates perspiration without blocking it, ensuring the proper natural functioning of the body.","og_url":"https:\/\/greenspells.com\/lt\/produktas\/endro-natural-deodorant-coco\/","og_site_name":"Greenspells","article_publisher":"https:\/\/www.facebook.com\/Greenspells","article_modified_time":"2026-03-04T06:36:42+00:00","og_image":[{"width":719,"height":719,"url":"https:\/\/greenspells.com\/wp-content\/uploads\/2025\/09\/coco-deodorant-5.webp","type":"image\/webp"}],"twitter_card":"summary_large_image","twitter_misc":{"Est. reading time":"2 minut\u0117s"},"schema":{"@context":"https:\/\/schema.org","@graph":[{"@type":"WebPage","@id":"https:\/\/greenspells.com\/product\/endro-natural-deodorant-coco\/","url":"https:\/\/greenspells.com\/product\/endro-natural-deodorant-coco\/","name":"ENDRO Natural deodorant COCO - Greenspells","isPartOf":{"@id":"https:\/\/greenspells.com\/#website"},"primaryImageOfPage":{"@id":"https:\/\/greenspells.com\/product\/endro-natural-deodorant-coco\/#primaryimage"},"image":{"@id":"https:\/\/greenspells.com\/product\/endro-natural-deodorant-coco\/#primaryimage"},"thumbnailUrl":"https:\/\/i0.wp.com\/greenspells.com\/wp-content\/uploads\/2025\/09\/coco-deodorant-5.webp?fit=719%2C719&ssl=1","datePublished":"2025-09-19T06:52:37+00:00","dateModified":"2026-03-04T06:36:42+00:00","description":"100% natural! Prevents the development of bacteria, regulates perspiration without blocking it, ensuring the proper natural functioning of the body.","breadcrumb":{"@id":"https:\/\/greenspells.com\/product\/endro-natural-deodorant-coco\/#breadcrumb"},"inLanguage":"lt-LT","potentialAction":[{"@type":"ReadAction","target":["https:\/\/greenspells.com\/product\/endro-natural-deodorant-coco\/"]}]},{"@type":"ImageObject","inLanguage":"lt-LT","@id":"https:\/\/greenspells.com\/product\/endro-natural-deodorant-coco\/#primaryimage","url":"https:\/\/i0.wp.com\/greenspells.com\/wp-content\/uploads\/2025\/09\/coco-deodorant-5.webp?fit=719%2C719&ssl=1","contentUrl":"https:\/\/i0.wp.com\/greenspells.com\/wp-content\/uploads\/2025\/09\/coco-deodorant-5.webp?fit=719%2C719&ssl=1","width":719,"height":719,"caption":"Endro cosmetiques natural deodorant coco"},{"@type":"BreadcrumbList","@id":"https:\/\/greenspells.com\/product\/endro-natural-deodorant-coco\/#breadcrumb","itemListElement":[{"@type":"ListItem","position":1,"name":"Home","item":"https:\/\/greenspells.com\/"},{"@type":"ListItem","position":2,"name":"Shop","item":"https:\/\/greenspells.com\/shop\/"},{"@type":"ListItem","position":3,"name":"ENDRO Natural deodorant COCO"}]},{"@type":"WebSite","@id":"https:\/\/greenspells.com\/#website","url":"https:\/\/greenspells.com\/","name":"Greenspells","description":"Nat\u016brali ir ekologi\u0161ka kosmetika","publisher":{"@id":"https:\/\/greenspells.com\/#organization"},"potentialAction":[{"@type":"SearchAction","target":{"@type":"EntryPoint","urlTemplate":"https:\/\/greenspells.com\/?s={search_term_string}"},"query-input":{"@type":"PropertyValueSpecification","valueRequired":true,"valueName":"search_term_string"}}],"inLanguage":"lt-LT"},{"@type":"Organization","@id":"https:\/\/greenspells.com\/#organization","name":"Greenspells","url":"https:\/\/greenspells.com\/","logo":{"@type":"ImageObject","inLanguage":"lt-LT","@id":"https:\/\/greenspells.com\/#\/schema\/logo\/image\/","url":"https:\/\/i0.wp.com\/greenspells.com\/wp-content\/uploads\/2020\/09\/20200722_153424_0000.png?fit=1500%2C1500&ssl=1","contentUrl":"https:\/\/i0.wp.com\/greenspells.com\/wp-content\/uploads\/2020\/09\/20200722_153424_0000.png?fit=1500%2C1500&ssl=1","width":1500,"height":1500,"caption":"Greenspells"},"image":{"@id":"https:\/\/greenspells.com\/#\/schema\/logo\/image\/"},"sameAs":["https:\/\/www.facebook.com\/Greenspells","https:\/\/www.instagram.com\/greenspells_store\/"]}]}},"jetpack_likes_enabled":true,"jetpack_sharing_enabled":true,"_links":{"self":[{"href":"https:\/\/greenspells.com\/lt\/wp-json\/wp\/v2\/product\/1675692","targetHints":{"allow":["GET"]}}],"collection":[{"href":"https:\/\/greenspells.com\/lt\/wp-json\/wp\/v2\/product"}],"about":[{"href":"https:\/\/greenspells.com\/lt\/wp-json\/wp\/v2\/types\/product"}],"replies":[{"embeddable":true,"href":"https:\/\/greenspells.com\/lt\/wp-json\/wp\/v2\/comments?post=1675692"}],"wp:featuredmedia":[{"embeddable":true,"href":"https:\/\/greenspells.com\/lt\/wp-json\/wp\/v2\/media\/1675696"}],"wp:attachment":[{"href":"https:\/\/greenspells.com\/lt\/wp-json\/wp\/v2\/media?parent=1675692"}],"wp:term":[{"taxonomy":"product_brand","embeddable":true,"href":"https:\/\/greenspells.com\/lt\/wp-json\/wp\/v2\/product_brand?post=1675692"},{"taxonomy":"product_cat","embeddable":true,"href":"https:\/\/greenspells.com\/lt\/wp-json\/wp\/v2\/product_cat?post=1675692"},{"taxonomy":"product_tag","embeddable":true,"href":"https:\/\/greenspells.com\/lt\/wp-json\/wp\/v2\/product_tag?post=1675692"}],"curies":[{"name":"wp","href":"https:\/\/api.w.org\/{rel}","templated":true}]}}