{"id":1675641,"date":"2025-09-17T08:29:44","date_gmt":"2025-09-17T06:29:44","guid":{"rendered":"https:\/\/greenspells.com\/?post_type=product&#038;p=1675641"},"modified":"2026-03-04T08:21:26","modified_gmt":"2026-03-04T06:21:26","slug":"endro-toothpaste-mint","status":"publish","type":"product","link":"https:\/\/greenspells.com\/lt\/produktas\/endro-toothpaste-mint\/","title":{"rendered":"ENDRO <br> Dant\u0173 pasta <br> Mint"},"content":{"rendered":"<p><strong data-start=\"287\" data-end=\"320\">Nat\u016brali dant\u0173 pasta su m\u0117tomis<\/strong> i\u0161 ENDRO Cosmetiques (Pranc\u016bzija) - tai tvari ir ekologi\u0161ka dant\u0173 pasta, suteikianti ypating\u0105 gaivos ir \u0161varos jausm\u0105 su m\u0117t\u0173 eteriniu aliejumi ir mentolio kristalais. Tai \u0161velni ir nat\u016brali dant\u0173 pasta be fluorido. \u0160variai \u0161ypsenai su pagarba gamtai.<\/p>\n<p>Kart\u0105 paband\u0119, kitos pastos galit ir nebenor\u0117ti! Jos nuostabi, \u0161velni tekst\u016bra, ypa\u010d malonus m\u0117tinis skonis ir tas nepakartojamas \u0161varos ir gaivos jausmas burnoje abejing\u0173 tiesiog nepalieka.<\/p>\n<p>&nbsp;<\/p>\n<ul data-start=\"622\" data-end=\"1412\">\n<li data-start=\"622\" data-end=\"767\">\n<p data-start=\"624\" data-end=\"767\"><strong data-start=\"624\" data-end=\"660\">100% nat\u016brali, sertifikuota ekologi\u0161ka<\/strong> formul\u0117 sukurta tik i\u0161 nat\u016bralios kilm\u0117s ingredient\u0173, sertifikuot\u0173 ekologi\u0161k\u0173.<\/p>\n<\/li>\n<li data-start=\"768\" data-end=\"885\">\n<p data-start=\"770\" data-end=\"885\"><strong data-start=\"770\" data-end=\"794\">Tvari pakuot\u0117 be plastiko<\/strong> - stiklo indelis, kur\u012f galima naudoti pakartotinai. Kartu pridedamas medinis samtelis pastai pasisemti.<\/p>\n<\/li>\n<li data-start=\"886\" data-end=\"1023\">\n<p data-start=\"888\" data-end=\"1023\"><strong data-start=\"888\" data-end=\"907\">M\u0117tin\u0117 gaiva<\/strong> - pipirm\u0117\u010di\u0173 eterinis aliejus ir mentolio kristalai suteikia ilgai i\u0161liekan\u010di\u0105 gaiv\u0105.<\/p>\n<\/li>\n<li data-start=\"1024\" data-end=\"1174\">\n<p data-start=\"1026\" data-end=\"1174\"><strong data-start=\"1026\" data-end=\"1059\">\u0160velnus, ta\u010diau efektyvus valymas<\/strong> - kalcio karbonatas \u0161velniai nuvalo, augalin\u0117s kilm\u0117s putojantis ingredientas suteikia \u0161veln\u0173 putojim\u0105.<\/p>\n<\/li>\n<li data-start=\"1175\" data-end=\"1291\">\n<p data-start=\"1177\" data-end=\"1291\"><strong data-start=\"1177\" data-end=\"1219\">Be fluoro ir agresyvi\u0173 pried\u0173<\/strong> - paprasta ir \u0161vari formul\u0117.<\/p>\n<\/li>\n<li data-start=\"1292\" data-end=\"1412\">\n<p data-start=\"1294\" data-end=\"1412\"><strong data-start=\"1294\" data-end=\"1318\">Vegani\u0161ka ir nebandyta su gyv\u016bnais<\/strong> - joki\u0173 gyv\u016bnin\u0117s kilm\u0117s ingredient\u0173, nebandyta su gyv\u016bnais.<\/p>\n<\/li>\n<\/ul>\n<p>185 g . Average duration of use: 2 to 3 months.<\/p>\n<p>Tinka ir vaikams nuo 3 met\u0173.<\/p>\n<p>Pagaminta Pranc\u016bzijoje.<\/p>\n<p>&nbsp;<\/p>\n<p><em><strong>Kaip naudoti?<\/strong><\/em><\/p>\n<ul>\n<li data-start=\"2493\" data-end=\"2602\">\n<p data-start=\"2496\" data-end=\"2602\">Mediniu samteliu  (prid\u0117ta) paimkite nedidel\u012f kiek\u012f pastos.<\/p>\n<\/li>\n<li data-start=\"2603\" data-end=\"2760\">\n<p data-start=\"2606\" data-end=\"2760\">U\u017etepkite ant <strong data-start=\"2617\" data-end=\"2635\">sauso dant\u0173 \u0161epet\u0117lio<\/strong>. <strong data-start=\"2640\" data-end=\"2647\">Neleiskite<\/strong> vandeniui patekti \u012f indel\u012f, kad nesugadint\u0173 pastos (pastoje n\u0117ra konservant\u0173!).<\/p>\n<\/li>\n<li data-start=\"2761\" data-end=\"2839\">\n<p data-start=\"2764\" data-end=\"2839\">Valykite dantis 2 minutes, dukart per dien\u0105.<\/p>\n<\/li>\n<li data-start=\"2840\" data-end=\"2971\">\n<p data-start=\"2843\" data-end=\"2971\">Gerai i\u0161skalaukite. Po naudojimo i\u0161kart sandariai u\u017edarykite dangtel\u012f. Laikykite sausoje, v\u0117sioje vietoje, apsaugotoje nuo tiesiogini\u0173 saul\u0117s spinduli\u0173.<\/p>\n<\/li>\n<\/ul>\n<p>&nbsp;<\/p>\n<p><em><strong>Sud\u0117tis: <\/strong><\/em>CALCIUM CARBONATE, GLYCERIN**, AQUA (WATER), DISODIUM COCOYL GLUTAMATE, MENTHOL*, MENTHA PIPERITA (PEPPERMINT) OIL*, CARRAGEENAN.<br data-start=\"3165\" data-end=\"3168\" \/>* Ingredients from organic farming<br data-start=\"3203\" data-end=\"3206\" \/>** Transformed from organic ingredients<br data-start=\"3247\" data-end=\"3250\" \/>(Approximately 33.5% of all ingredients are certified organic.)<\/p>","protected":false},"excerpt":{"rendered":"<p>Mint Natural Toothpaste Paste by Endro Cosm\u00e9tiques is a zero-waste, organic toothpaste in paste form. It offers real minty freshness thanks to peppermint essential oil and menthol crystals, while being gentle and natural. No fluoride, no controversial ingredients\u2014just a clean smile and respect for nature. Once you&#8217;ve tried this toothpaste, you don&#8217;t want any more [&hellip;]<\/p>\n","protected":false},"featured_media":1675646,"comment_status":"open","ping_status":"closed","template":"","meta":{"content-type":"","_monsterinsights_skip_tracking":false,"_monsterinsights_sitenote_active":false,"_monsterinsights_sitenote_note":"","_monsterinsights_sitenote_category":0,"_uf_show_specific_survey":0,"_uf_disable_surveys":false},"product_brand":[2032],"product_cat":[43,134,15],"product_tag":[423,2035,2033,2034,366,2036,80,978,980,365],"class_list":{"0":"post-1675641","1":"product","2":"type-product","3":"status-publish","4":"has-post-thumbnail","6":"product_brand-endro","7":"product_cat-oral-care","8":"product_cat-toothpaste","9":"product_cat-all-products","10":"product_tag-be-fluorido","11":"product_tag-be-fluoro","12":"product_tag-endro","13":"product_tag-endro-cosmetiques","14":"product_tag-fluoride-free","15":"product_tag-made-in-france","16":"product_tag-mint","17":"product_tag-natural-toothpaste","18":"product_tag-naturali-dantu-pasta","19":"product_tag-organic-toothpaste","21":"first","22":"instock","23":"taxable","24":"shipping-taxable","25":"purchasable","26":"product-type-simple"},"bundled_by":[],"bundle_stock_status":"instock","bundle_stock_quantity":5,"bundle_virtual":false,"bundle_layout":"","bundle_add_to_cart_form_location":"","bundle_editable_in_cart":false,"bundle_sold_individually_context":"","bundle_item_grouping":"","bundle_min_size":"","bundle_max_size":"","bundle_price":[],"bundled_items":[],"bundle_sell_ids":[],"group_of_quantity":0,"min_quantity":0,"max_quantity":"","exclude_order_quantity_value_rules":"no","exclude_category_quantity_rules":"no","combine_variations":"no","exclude_global_add_ons":[],"addons":[],"yoast_head":"<!-- This site is optimized with the Yoast SEO plugin v27.4 - https:\/\/yoast.com\/product\/yoast-seo-wordpress\/ -->\n<title>ENDRO  Toothpaste  Mint - Greenspells<\/title>\n<meta name=\"description\" content=\"Once you&#039;ve tried this toothpaste, you don&#039;t want any more - a natural mint taste that leaves a real feeling of cleanliness and freshness in the mouth.\" \/>\n<meta name=\"robots\" content=\"index, follow, max-snippet:-1, max-image-preview:large, max-video-preview:-1\" \/>\n<link rel=\"canonical\" href=\"https:\/\/greenspells.com\/lt\/produktas\/endro-toothpaste-mint\/\" \/>\n<meta property=\"og:locale\" content=\"lt_LT\" \/>\n<meta property=\"og:type\" content=\"article\" \/>\n<meta property=\"og:title\" content=\"ENDRO  Toothpaste  Mint - Greenspells\" \/>\n<meta property=\"og:description\" content=\"Once you&#039;ve tried this toothpaste, you don&#039;t want any more - a natural mint taste that leaves a real feeling of cleanliness and freshness in the mouth.\" \/>\n<meta property=\"og:url\" content=\"https:\/\/greenspells.com\/lt\/produktas\/endro-toothpaste-mint\/\" \/>\n<meta property=\"og:site_name\" content=\"Greenspells\" \/>\n<meta property=\"article:publisher\" content=\"https:\/\/www.facebook.com\/Greenspells\" \/>\n<meta property=\"article:modified_time\" content=\"2026-03-04T06:21:26+00:00\" \/>\n<meta property=\"og:image\" content=\"https:\/\/greenspells.com\/wp-content\/uploads\/2025\/09\/dentifrice-menthe-en-pate-endro-cosmetiques-dentifrice-607879.webp\" \/>\n\t<meta property=\"og:image:width\" content=\"952\" \/>\n\t<meta property=\"og:image:height\" content=\"952\" \/>\n\t<meta property=\"og:image:type\" content=\"image\/webp\" \/>\n<meta name=\"twitter:card\" content=\"summary_large_image\" \/>\n<meta name=\"twitter:label1\" content=\"Est. reading time\" \/>\n\t<meta name=\"twitter:data1\" content=\"2 minut\u0117s\" \/>\n<script type=\"application\/ld+json\" class=\"yoast-schema-graph\">{\"@context\":\"https:\\\/\\\/schema.org\",\"@graph\":[{\"@type\":\"WebPage\",\"@id\":\"https:\\\/\\\/greenspells.com\\\/product\\\/endro-toothpaste-mint\\\/\",\"url\":\"https:\\\/\\\/greenspells.com\\\/product\\\/endro-toothpaste-mint\\\/\",\"name\":\"ENDRO Toothpaste Mint - Greenspells\",\"isPartOf\":{\"@id\":\"https:\\\/\\\/greenspells.com\\\/#website\"},\"primaryImageOfPage\":{\"@id\":\"https:\\\/\\\/greenspells.com\\\/product\\\/endro-toothpaste-mint\\\/#primaryimage\"},\"image\":{\"@id\":\"https:\\\/\\\/greenspells.com\\\/product\\\/endro-toothpaste-mint\\\/#primaryimage\"},\"thumbnailUrl\":\"https:\\\/\\\/i0.wp.com\\\/greenspells.com\\\/wp-content\\\/uploads\\\/2025\\\/09\\\/dentifrice-menthe-en-pate-endro-cosmetiques-dentifrice-607879.webp?fit=952%2C952&ssl=1\",\"datePublished\":\"2025-09-17T06:29:44+00:00\",\"dateModified\":\"2026-03-04T06:21:26+00:00\",\"description\":\"Once you've tried this toothpaste, you don't want any more - a natural mint taste that leaves a real feeling of cleanliness and freshness in the mouth.\",\"breadcrumb\":{\"@id\":\"https:\\\/\\\/greenspells.com\\\/product\\\/endro-toothpaste-mint\\\/#breadcrumb\"},\"inLanguage\":\"lt-LT\",\"potentialAction\":[{\"@type\":\"ReadAction\",\"target\":[\"https:\\\/\\\/greenspells.com\\\/product\\\/endro-toothpaste-mint\\\/\"]}]},{\"@type\":\"ImageObject\",\"inLanguage\":\"lt-LT\",\"@id\":\"https:\\\/\\\/greenspells.com\\\/product\\\/endro-toothpaste-mint\\\/#primaryimage\",\"url\":\"https:\\\/\\\/i0.wp.com\\\/greenspells.com\\\/wp-content\\\/uploads\\\/2025\\\/09\\\/dentifrice-menthe-en-pate-endro-cosmetiques-dentifrice-607879.webp?fit=952%2C952&ssl=1\",\"contentUrl\":\"https:\\\/\\\/i0.wp.com\\\/greenspells.com\\\/wp-content\\\/uploads\\\/2025\\\/09\\\/dentifrice-menthe-en-pate-endro-cosmetiques-dentifrice-607879.webp?fit=952%2C952&ssl=1\",\"width\":952,\"height\":952,\"caption\":\"Endro cosmetiques Mint toothpaste\"},{\"@type\":\"BreadcrumbList\",\"@id\":\"https:\\\/\\\/greenspells.com\\\/product\\\/endro-toothpaste-mint\\\/#breadcrumb\",\"itemListElement\":[{\"@type\":\"ListItem\",\"position\":1,\"name\":\"Home\",\"item\":\"https:\\\/\\\/greenspells.com\\\/\"},{\"@type\":\"ListItem\",\"position\":2,\"name\":\"Shop\",\"item\":\"https:\\\/\\\/greenspells.com\\\/shop\\\/\"},{\"@type\":\"ListItem\",\"position\":3,\"name\":\"ENDRO Toothpaste Mint\"}]},{\"@type\":\"WebSite\",\"@id\":\"https:\\\/\\\/greenspells.com\\\/#website\",\"url\":\"https:\\\/\\\/greenspells.com\\\/\",\"name\":\"Greenspells\",\"description\":\"Nat\u016brali ir ekologi\u0161ka kosmetika\",\"publisher\":{\"@id\":\"https:\\\/\\\/greenspells.com\\\/#organization\"},\"potentialAction\":[{\"@type\":\"SearchAction\",\"target\":{\"@type\":\"EntryPoint\",\"urlTemplate\":\"https:\\\/\\\/greenspells.com\\\/?s={search_term_string}\"},\"query-input\":{\"@type\":\"PropertyValueSpecification\",\"valueRequired\":true,\"valueName\":\"search_term_string\"}}],\"inLanguage\":\"lt-LT\"},{\"@type\":\"Organization\",\"@id\":\"https:\\\/\\\/greenspells.com\\\/#organization\",\"name\":\"Greenspells\",\"url\":\"https:\\\/\\\/greenspells.com\\\/\",\"logo\":{\"@type\":\"ImageObject\",\"inLanguage\":\"lt-LT\",\"@id\":\"https:\\\/\\\/greenspells.com\\\/#\\\/schema\\\/logo\\\/image\\\/\",\"url\":\"https:\\\/\\\/i0.wp.com\\\/greenspells.com\\\/wp-content\\\/uploads\\\/2020\\\/09\\\/20200722_153424_0000.png?fit=1500%2C1500&ssl=1\",\"contentUrl\":\"https:\\\/\\\/i0.wp.com\\\/greenspells.com\\\/wp-content\\\/uploads\\\/2020\\\/09\\\/20200722_153424_0000.png?fit=1500%2C1500&ssl=1\",\"width\":1500,\"height\":1500,\"caption\":\"Greenspells\"},\"image\":{\"@id\":\"https:\\\/\\\/greenspells.com\\\/#\\\/schema\\\/logo\\\/image\\\/\"},\"sameAs\":[\"https:\\\/\\\/www.facebook.com\\\/Greenspells\",\"https:\\\/\\\/www.instagram.com\\\/greenspells_store\\\/\"]}]}<\/script>\n<!-- \/ Yoast SEO plugin. -->","yoast_head_json":{"title":"ENDRO  Toothpaste  Mint - Greenspells","description":"Once you've tried this toothpaste, you don't want any more - a natural mint taste that leaves a real feeling of cleanliness and freshness in the mouth.","robots":{"index":"index","follow":"follow","max-snippet":"max-snippet:-1","max-image-preview":"max-image-preview:large","max-video-preview":"max-video-preview:-1"},"canonical":"https:\/\/greenspells.com\/lt\/produktas\/endro-toothpaste-mint\/","og_locale":"lt_LT","og_type":"article","og_title":"ENDRO  Toothpaste  Mint - Greenspells","og_description":"Once you've tried this toothpaste, you don't want any more - a natural mint taste that leaves a real feeling of cleanliness and freshness in the mouth.","og_url":"https:\/\/greenspells.com\/lt\/produktas\/endro-toothpaste-mint\/","og_site_name":"Greenspells","article_publisher":"https:\/\/www.facebook.com\/Greenspells","article_modified_time":"2026-03-04T06:21:26+00:00","og_image":[{"width":952,"height":952,"url":"https:\/\/greenspells.com\/wp-content\/uploads\/2025\/09\/dentifrice-menthe-en-pate-endro-cosmetiques-dentifrice-607879.webp","type":"image\/webp"}],"twitter_card":"summary_large_image","twitter_misc":{"Est. reading time":"2 minut\u0117s"},"schema":{"@context":"https:\/\/schema.org","@graph":[{"@type":"WebPage","@id":"https:\/\/greenspells.com\/product\/endro-toothpaste-mint\/","url":"https:\/\/greenspells.com\/product\/endro-toothpaste-mint\/","name":"ENDRO Toothpaste Mint - Greenspells","isPartOf":{"@id":"https:\/\/greenspells.com\/#website"},"primaryImageOfPage":{"@id":"https:\/\/greenspells.com\/product\/endro-toothpaste-mint\/#primaryimage"},"image":{"@id":"https:\/\/greenspells.com\/product\/endro-toothpaste-mint\/#primaryimage"},"thumbnailUrl":"https:\/\/i0.wp.com\/greenspells.com\/wp-content\/uploads\/2025\/09\/dentifrice-menthe-en-pate-endro-cosmetiques-dentifrice-607879.webp?fit=952%2C952&ssl=1","datePublished":"2025-09-17T06:29:44+00:00","dateModified":"2026-03-04T06:21:26+00:00","description":"Once you've tried this toothpaste, you don't want any more - a natural mint taste that leaves a real feeling of cleanliness and freshness in the mouth.","breadcrumb":{"@id":"https:\/\/greenspells.com\/product\/endro-toothpaste-mint\/#breadcrumb"},"inLanguage":"lt-LT","potentialAction":[{"@type":"ReadAction","target":["https:\/\/greenspells.com\/product\/endro-toothpaste-mint\/"]}]},{"@type":"ImageObject","inLanguage":"lt-LT","@id":"https:\/\/greenspells.com\/product\/endro-toothpaste-mint\/#primaryimage","url":"https:\/\/i0.wp.com\/greenspells.com\/wp-content\/uploads\/2025\/09\/dentifrice-menthe-en-pate-endro-cosmetiques-dentifrice-607879.webp?fit=952%2C952&ssl=1","contentUrl":"https:\/\/i0.wp.com\/greenspells.com\/wp-content\/uploads\/2025\/09\/dentifrice-menthe-en-pate-endro-cosmetiques-dentifrice-607879.webp?fit=952%2C952&ssl=1","width":952,"height":952,"caption":"Endro cosmetiques Mint toothpaste"},{"@type":"BreadcrumbList","@id":"https:\/\/greenspells.com\/product\/endro-toothpaste-mint\/#breadcrumb","itemListElement":[{"@type":"ListItem","position":1,"name":"Home","item":"https:\/\/greenspells.com\/"},{"@type":"ListItem","position":2,"name":"Shop","item":"https:\/\/greenspells.com\/shop\/"},{"@type":"ListItem","position":3,"name":"ENDRO Toothpaste Mint"}]},{"@type":"WebSite","@id":"https:\/\/greenspells.com\/#website","url":"https:\/\/greenspells.com\/","name":"Greenspells","description":"Nat\u016brali ir ekologi\u0161ka kosmetika","publisher":{"@id":"https:\/\/greenspells.com\/#organization"},"potentialAction":[{"@type":"SearchAction","target":{"@type":"EntryPoint","urlTemplate":"https:\/\/greenspells.com\/?s={search_term_string}"},"query-input":{"@type":"PropertyValueSpecification","valueRequired":true,"valueName":"search_term_string"}}],"inLanguage":"lt-LT"},{"@type":"Organization","@id":"https:\/\/greenspells.com\/#organization","name":"Greenspells","url":"https:\/\/greenspells.com\/","logo":{"@type":"ImageObject","inLanguage":"lt-LT","@id":"https:\/\/greenspells.com\/#\/schema\/logo\/image\/","url":"https:\/\/i0.wp.com\/greenspells.com\/wp-content\/uploads\/2020\/09\/20200722_153424_0000.png?fit=1500%2C1500&ssl=1","contentUrl":"https:\/\/i0.wp.com\/greenspells.com\/wp-content\/uploads\/2020\/09\/20200722_153424_0000.png?fit=1500%2C1500&ssl=1","width":1500,"height":1500,"caption":"Greenspells"},"image":{"@id":"https:\/\/greenspells.com\/#\/schema\/logo\/image\/"},"sameAs":["https:\/\/www.facebook.com\/Greenspells","https:\/\/www.instagram.com\/greenspells_store\/"]}]}},"jetpack_likes_enabled":true,"jetpack_sharing_enabled":true,"_links":{"self":[{"href":"https:\/\/greenspells.com\/lt\/wp-json\/wp\/v2\/product\/1675641","targetHints":{"allow":["GET"]}}],"collection":[{"href":"https:\/\/greenspells.com\/lt\/wp-json\/wp\/v2\/product"}],"about":[{"href":"https:\/\/greenspells.com\/lt\/wp-json\/wp\/v2\/types\/product"}],"replies":[{"embeddable":true,"href":"https:\/\/greenspells.com\/lt\/wp-json\/wp\/v2\/comments?post=1675641"}],"wp:featuredmedia":[{"embeddable":true,"href":"https:\/\/greenspells.com\/lt\/wp-json\/wp\/v2\/media\/1675646"}],"wp:attachment":[{"href":"https:\/\/greenspells.com\/lt\/wp-json\/wp\/v2\/media?parent=1675641"}],"wp:term":[{"taxonomy":"product_brand","embeddable":true,"href":"https:\/\/greenspells.com\/lt\/wp-json\/wp\/v2\/product_brand?post=1675641"},{"taxonomy":"product_cat","embeddable":true,"href":"https:\/\/greenspells.com\/lt\/wp-json\/wp\/v2\/product_cat?post=1675641"},{"taxonomy":"product_tag","embeddable":true,"href":"https:\/\/greenspells.com\/lt\/wp-json\/wp\/v2\/product_tag?post=1675641"}],"curies":[{"name":"wp","href":"https:\/\/api.w.org\/{rel}","templated":true}]}}