{"id":1675484,"date":"2025-08-25T09:45:57","date_gmt":"2025-08-25T07:45:57","guid":{"rendered":"https:\/\/greenspells.com\/?post_type=product&#038;p=1675484"},"modified":"2026-03-04T08:21:44","modified_gmt":"2026-03-04T06:21:44","slug":"truthpaste-toothpaste-hydroxyapatite-100ml","status":"publish","type":"product","link":"https:\/\/greenspells.com\/lt\/produktas\/truthpaste-toothpaste-hydroxyapatite-100ml\/","title":{"rendered":"TRUTHPASTE <br> Dant\u0173 pasta su hidroksiapatitu <br> Su pirpirm\u0117t\u0117mis 100ml"},"content":{"rendered":"<div>Remineralise your teeth with hydroxyapatite to strengthen your enamel and protect against decay and tooth sensitivity.<br \/>\nPowered with organic botanicals for the maximum impact on your oral health.<\/div>\n<div><\/div>\n<p>\u2705 Fight cavities<\/p>\n<p>\u2705 Fight sensitivity<\/p>\n<p>\u2705 Care for your gums<\/p>\n<div class=\"\n        product-block\n        product-block--text\n\n      \"><\/p>\n<div class=\"product-text\">\n<p><strong>Packed with 5% micro hydroxyapatite \u2014 the most effective form for restoring and protecting your enamel, naturally<\/strong><\/p>\n<\/div>\n<\/div>\n<div class=\"\n        product-block\n        product-block--text\n\n      \"><\/p>\n<div class=\"product-text\">\n<ul>\n<li><strong>5% hydroxyapatite to to boost mineral deposits onto your teeth<\/strong><\/li>\n<li><strong>Anti-inflammatory botanicals to care for your gums<\/strong><\/li>\n<li><strong>Free from fluoride, SLS, artificial sweeteners and flavours.<\/strong><\/li>\n<\/ul>\n<\/div>\n<\/div>\n<p>Most toothpastes are filled with cheap artificial additives that dont benefit your health. Brush with antibacterial and anti-inflammatory botanicals that prevent early signs of gum disease and leave you feeling clean and fresh all day.<\/p>\n<p><strong>ALOE VERA<\/strong> &#8211; Reduces plaque, can help prevent caries and gum disease.<\/p>\n<p><strong>PEPPERMINT<\/strong> &#8211; Prevent plaque and keep your breath fresh..<\/p>\n<p><strong>LEMON<\/strong> &#8211; Pain relief properties, fights bad breath.<\/p>\n<p><strong>EUCALYPTUS<\/strong> &#8211; Pain relief properties, fights plaque.<\/p>\n<p><strong>CLOVE<\/strong> &#8211; Pain relief properties, fights bacteria responsible for decay and gum disease.<\/p>\n<p><strong>CINNAMON<\/strong> &#8211; Fights bacteria responsible for decay and gum disease.<\/p>\n<p>Suitable for sensitive teeth!<\/p>\n<p><strong>FREE FROM: <em>Fluoride, Titanium dioxide, saccharine, SLS and sulphates, Polyethylene Glycol, Palm oil, Aroma \/ Artificial flavour.<\/em><\/strong><\/p>\n<p><em><strong>How to use it?<\/strong><\/em><\/p>\n<p>Brush twice daily to remove and prevent plaque, keep your breath fresh, and nourish gum health.<\/p>\n<p>Avoid brushing straight after meals or drinks (except water) when your enamel may be weakened from an acidic environment.<\/p>\n<p>Use our <a href=\"https:\/\/greenspells.com\/lt\/produktas\/truthpaste-stainless-steel-spatula\/\">stainless steel spatula<\/a> to scoop a pea-sized amount onto your toothbrush. Brush for 2 minutes, brushing each surface of every tooth, and around your gum line.<\/p>\n<p>Always replace the lid firmly after use to prevent your toothpaste from drying out. Keep out of direct sunlight and avoid water getting in the jar to keep your paste fresh.<\/p>\n<p><b>Each 100ml jar lasts approximately 3 months with one person using twice a day.<\/b><\/p>\n<p><em><strong>Ingredients:<\/strong><\/em>*Aloe Barbadensis Leaf Juice, *Glycerin, Bentonite, Calcium Carbonate, Hydroxyapatite, *Mentha Piperita (Peppermint) Oil, Tocopherol (Vitamin E), *Citrus Limon (Lemon) Peel Oil, *Eucalyptus Globulus Leaf Oil, Eugenia Caryophyllus (Clove) Bud Oil, Cinnamomum Zeylanicum Bark Oil, ^Helianthus Annuus (Sunflower) Seed Oil, [\u00baLimonene], [\u00baEugenol], [\u00baLinalol], [\u00baBenzyl Benzoate].\u00a0<b><\/b><\/p>\n<p dir=\"ltr\">*Certified Organic Ingredient, ^Trace Ingredient &lt;0.1% from Tocopherol (Vitamin E)<\/p>\n<p dir=\"ltr\">[\u00baNaturally Occurring in Essential Oils].<\/p>\n","protected":false},"excerpt":{"rendered":"<p>Remineralise your teeth with hydroxyapatite to strengthen your enamel and protect against decay and tooth sensitivity. Powered with organic botanicals for the maximum impact on your oral health. \u2705 Fight cavities \u2705 Fight sensitivity \u2705 Care for your gums Packed with 5% micro hydroxyapatite \u2014 the most effective form for restoring and protecting your enamel, [&hellip;]<\/p>\n","protected":false},"featured_media":1675487,"comment_status":"open","ping_status":"closed","template":"","meta":{"content-type":"","_monsterinsights_skip_tracking":false,"_monsterinsights_sitenote_active":false,"_monsterinsights_sitenote_note":"","_monsterinsights_sitenote_category":0,"_uf_show_specific_survey":0,"_uf_disable_surveys":false},"product_brand":[2016],"product_cat":[43,134,15],"product_tag":[2027,2026,2028,494,2030,2029,978,980,1063,2031,2017,2025],"class_list":{"0":"post-1675484","1":"product","2":"type-product","3":"status-publish","4":"has-post-thumbnail","6":"product_brand-truthpaste","7":"product_cat-oral-care","8":"product_cat-toothpaste","9":"product_cat-all-products","10":"product_tag-apsaugo-nuo-apnasu","11":"product_tag-gaiviam-burnos-kvapui","12":"product_tag-gaivinanti-dantu-pasta","13":"product_tag-greenspells","14":"product_tag-hidroksiapatitai","15":"product_tag-hydroxyapatite","16":"product_tag-natural-toothpaste","17":"product_tag-naturali-dantu-pasta","18":"product_tag-pasta-be-fluorido","19":"product_tag-remineralizuojanti-dantu-pasta","20":"product_tag-truthpaste","21":"product_tag-zero-waste-pasta","23":"first","24":"instock","25":"taxable","26":"shipping-taxable","27":"purchasable","28":"product-type-simple"},"bundled_by":[],"bundle_stock_status":"instock","bundle_stock_quantity":null,"bundle_virtual":false,"bundle_layout":"","bundle_add_to_cart_form_location":"","bundle_editable_in_cart":false,"bundle_sold_individually_context":"","bundle_item_grouping":"","bundle_min_size":"","bundle_max_size":"","bundle_price":[],"bundled_items":[],"bundle_sell_ids":[],"group_of_quantity":0,"min_quantity":0,"max_quantity":"","exclude_order_quantity_value_rules":"no","exclude_category_quantity_rules":"no","combine_variations":"no","exclude_global_add_ons":[],"addons":[],"yoast_head":"<!-- This site is optimized with the Yoast SEO plugin v27.4 - https:\/\/yoast.com\/product\/yoast-seo-wordpress\/ -->\n<title>TRUTHPASTE  Hydroxyapatite Toothpaste  Peppermint 100ml - Greenspells<\/title>\n<meta name=\"description\" content=\"Remineralise your teeth with hydroxyapatite to strengthen your enamel and protect against decay and tooth sensitivity.Powered with organic botanicals.\" \/>\n<meta name=\"robots\" content=\"index, follow, max-snippet:-1, max-image-preview:large, max-video-preview:-1\" \/>\n<link rel=\"canonical\" href=\"https:\/\/greenspells.com\/lt\/produktas\/truthpaste-toothpaste-hydroxyapatite-100ml\/\" \/>\n<meta property=\"og:locale\" content=\"lt_LT\" \/>\n<meta property=\"og:type\" content=\"article\" \/>\n<meta property=\"og:title\" content=\"TRUTHPASTE  Hydroxyapatite Toothpaste  Peppermint 100ml - Greenspells\" \/>\n<meta property=\"og:description\" content=\"Remineralise your teeth with hydroxyapatite to strengthen your enamel and protect against decay and tooth sensitivity.Powered with organic botanicals.\" \/>\n<meta property=\"og:url\" content=\"https:\/\/greenspells.com\/lt\/produktas\/truthpaste-toothpaste-hydroxyapatite-100ml\/\" \/>\n<meta property=\"og:site_name\" content=\"Greenspells\" \/>\n<meta property=\"article:publisher\" content=\"https:\/\/www.facebook.com\/Greenspells\" \/>\n<meta property=\"article:modified_time\" content=\"2026-03-04T06:21:44+00:00\" \/>\n<meta property=\"og:image\" content=\"https:\/\/greenspells.com\/wp-content\/uploads\/2025\/08\/hydroxyapatite-peppermint-100ml-732252_864x864.webp\" \/>\n\t<meta property=\"og:image:width\" content=\"864\" \/>\n\t<meta property=\"og:image:height\" content=\"864\" \/>\n\t<meta property=\"og:image:type\" content=\"image\/webp\" \/>\n<meta name=\"twitter:card\" content=\"summary_large_image\" \/>\n<meta name=\"twitter:label1\" content=\"Est. reading time\" \/>\n\t<meta name=\"twitter:data1\" content=\"2 minut\u0117s\" \/>\n<script type=\"application\/ld+json\" class=\"yoast-schema-graph\">{\"@context\":\"https:\\\/\\\/schema.org\",\"@graph\":[{\"@type\":\"WebPage\",\"@id\":\"https:\\\/\\\/greenspells.com\\\/product\\\/truthpaste-toothpaste-hydroxyapatite-100ml\\\/\",\"url\":\"https:\\\/\\\/greenspells.com\\\/product\\\/truthpaste-toothpaste-hydroxyapatite-100ml\\\/\",\"name\":\"TRUTHPASTE Hydroxyapatite Toothpaste Peppermint 100ml - Greenspells\",\"isPartOf\":{\"@id\":\"https:\\\/\\\/greenspells.com\\\/#website\"},\"primaryImageOfPage\":{\"@id\":\"https:\\\/\\\/greenspells.com\\\/product\\\/truthpaste-toothpaste-hydroxyapatite-100ml\\\/#primaryimage\"},\"image\":{\"@id\":\"https:\\\/\\\/greenspells.com\\\/product\\\/truthpaste-toothpaste-hydroxyapatite-100ml\\\/#primaryimage\"},\"thumbnailUrl\":\"https:\\\/\\\/i0.wp.com\\\/greenspells.com\\\/wp-content\\\/uploads\\\/2025\\\/08\\\/hydroxyapatite-peppermint-100ml-732252_864x864.webp?fit=864%2C864&ssl=1\",\"datePublished\":\"2025-08-25T07:45:57+00:00\",\"dateModified\":\"2026-03-04T06:21:44+00:00\",\"description\":\"Remineralise your teeth with hydroxyapatite to strengthen your enamel and protect against decay and tooth sensitivity.Powered with organic botanicals.\",\"breadcrumb\":{\"@id\":\"https:\\\/\\\/greenspells.com\\\/product\\\/truthpaste-toothpaste-hydroxyapatite-100ml\\\/#breadcrumb\"},\"inLanguage\":\"lt-LT\",\"potentialAction\":[{\"@type\":\"ReadAction\",\"target\":[\"https:\\\/\\\/greenspells.com\\\/product\\\/truthpaste-toothpaste-hydroxyapatite-100ml\\\/\"]}]},{\"@type\":\"ImageObject\",\"inLanguage\":\"lt-LT\",\"@id\":\"https:\\\/\\\/greenspells.com\\\/product\\\/truthpaste-toothpaste-hydroxyapatite-100ml\\\/#primaryimage\",\"url\":\"https:\\\/\\\/i0.wp.com\\\/greenspells.com\\\/wp-content\\\/uploads\\\/2025\\\/08\\\/hydroxyapatite-peppermint-100ml-732252_864x864.webp?fit=864%2C864&ssl=1\",\"contentUrl\":\"https:\\\/\\\/i0.wp.com\\\/greenspells.com\\\/wp-content\\\/uploads\\\/2025\\\/08\\\/hydroxyapatite-peppermint-100ml-732252_864x864.webp?fit=864%2C864&ssl=1\",\"width\":864,\"height\":864,\"caption\":\"hydroxyapatite toothpaste truthpaste\"},{\"@type\":\"BreadcrumbList\",\"@id\":\"https:\\\/\\\/greenspells.com\\\/product\\\/truthpaste-toothpaste-hydroxyapatite-100ml\\\/#breadcrumb\",\"itemListElement\":[{\"@type\":\"ListItem\",\"position\":1,\"name\":\"Home\",\"item\":\"https:\\\/\\\/greenspells.com\\\/\"},{\"@type\":\"ListItem\",\"position\":2,\"name\":\"Shop\",\"item\":\"https:\\\/\\\/greenspells.com\\\/shop\\\/\"},{\"@type\":\"ListItem\",\"position\":3,\"name\":\"TRUTHPASTE Hydroxyapatite Toothpaste Peppermint 100ml\"}]},{\"@type\":\"WebSite\",\"@id\":\"https:\\\/\\\/greenspells.com\\\/#website\",\"url\":\"https:\\\/\\\/greenspells.com\\\/\",\"name\":\"Greenspells\",\"description\":\"Nat\u016brali ir ekologi\u0161ka kosmetika\",\"publisher\":{\"@id\":\"https:\\\/\\\/greenspells.com\\\/#organization\"},\"potentialAction\":[{\"@type\":\"SearchAction\",\"target\":{\"@type\":\"EntryPoint\",\"urlTemplate\":\"https:\\\/\\\/greenspells.com\\\/?s={search_term_string}\"},\"query-input\":{\"@type\":\"PropertyValueSpecification\",\"valueRequired\":true,\"valueName\":\"search_term_string\"}}],\"inLanguage\":\"lt-LT\"},{\"@type\":\"Organization\",\"@id\":\"https:\\\/\\\/greenspells.com\\\/#organization\",\"name\":\"Greenspells\",\"url\":\"https:\\\/\\\/greenspells.com\\\/\",\"logo\":{\"@type\":\"ImageObject\",\"inLanguage\":\"lt-LT\",\"@id\":\"https:\\\/\\\/greenspells.com\\\/#\\\/schema\\\/logo\\\/image\\\/\",\"url\":\"https:\\\/\\\/i0.wp.com\\\/greenspells.com\\\/wp-content\\\/uploads\\\/2020\\\/09\\\/20200722_153424_0000.png?fit=1500%2C1500&ssl=1\",\"contentUrl\":\"https:\\\/\\\/i0.wp.com\\\/greenspells.com\\\/wp-content\\\/uploads\\\/2020\\\/09\\\/20200722_153424_0000.png?fit=1500%2C1500&ssl=1\",\"width\":1500,\"height\":1500,\"caption\":\"Greenspells\"},\"image\":{\"@id\":\"https:\\\/\\\/greenspells.com\\\/#\\\/schema\\\/logo\\\/image\\\/\"},\"sameAs\":[\"https:\\\/\\\/www.facebook.com\\\/Greenspells\",\"https:\\\/\\\/www.instagram.com\\\/greenspells_store\\\/\"]}]}<\/script>\n<!-- \/ Yoast SEO plugin. -->","yoast_head_json":{"title":"TRUTHPASTE  Hydroxyapatite Toothpaste  Peppermint 100ml - Greenspells","description":"Remineralise your teeth with hydroxyapatite to strengthen your enamel and protect against decay and tooth sensitivity.Powered with organic botanicals.","robots":{"index":"index","follow":"follow","max-snippet":"max-snippet:-1","max-image-preview":"max-image-preview:large","max-video-preview":"max-video-preview:-1"},"canonical":"https:\/\/greenspells.com\/lt\/produktas\/truthpaste-toothpaste-hydroxyapatite-100ml\/","og_locale":"lt_LT","og_type":"article","og_title":"TRUTHPASTE  Hydroxyapatite Toothpaste  Peppermint 100ml - Greenspells","og_description":"Remineralise your teeth with hydroxyapatite to strengthen your enamel and protect against decay and tooth sensitivity.Powered with organic botanicals.","og_url":"https:\/\/greenspells.com\/lt\/produktas\/truthpaste-toothpaste-hydroxyapatite-100ml\/","og_site_name":"Greenspells","article_publisher":"https:\/\/www.facebook.com\/Greenspells","article_modified_time":"2026-03-04T06:21:44+00:00","og_image":[{"width":864,"height":864,"url":"https:\/\/greenspells.com\/wp-content\/uploads\/2025\/08\/hydroxyapatite-peppermint-100ml-732252_864x864.webp","type":"image\/webp"}],"twitter_card":"summary_large_image","twitter_misc":{"Est. reading time":"2 minut\u0117s"},"schema":{"@context":"https:\/\/schema.org","@graph":[{"@type":"WebPage","@id":"https:\/\/greenspells.com\/product\/truthpaste-toothpaste-hydroxyapatite-100ml\/","url":"https:\/\/greenspells.com\/product\/truthpaste-toothpaste-hydroxyapatite-100ml\/","name":"TRUTHPASTE Hydroxyapatite Toothpaste Peppermint 100ml - Greenspells","isPartOf":{"@id":"https:\/\/greenspells.com\/#website"},"primaryImageOfPage":{"@id":"https:\/\/greenspells.com\/product\/truthpaste-toothpaste-hydroxyapatite-100ml\/#primaryimage"},"image":{"@id":"https:\/\/greenspells.com\/product\/truthpaste-toothpaste-hydroxyapatite-100ml\/#primaryimage"},"thumbnailUrl":"https:\/\/i0.wp.com\/greenspells.com\/wp-content\/uploads\/2025\/08\/hydroxyapatite-peppermint-100ml-732252_864x864.webp?fit=864%2C864&ssl=1","datePublished":"2025-08-25T07:45:57+00:00","dateModified":"2026-03-04T06:21:44+00:00","description":"Remineralise your teeth with hydroxyapatite to strengthen your enamel and protect against decay and tooth sensitivity.Powered with organic botanicals.","breadcrumb":{"@id":"https:\/\/greenspells.com\/product\/truthpaste-toothpaste-hydroxyapatite-100ml\/#breadcrumb"},"inLanguage":"lt-LT","potentialAction":[{"@type":"ReadAction","target":["https:\/\/greenspells.com\/product\/truthpaste-toothpaste-hydroxyapatite-100ml\/"]}]},{"@type":"ImageObject","inLanguage":"lt-LT","@id":"https:\/\/greenspells.com\/product\/truthpaste-toothpaste-hydroxyapatite-100ml\/#primaryimage","url":"https:\/\/i0.wp.com\/greenspells.com\/wp-content\/uploads\/2025\/08\/hydroxyapatite-peppermint-100ml-732252_864x864.webp?fit=864%2C864&ssl=1","contentUrl":"https:\/\/i0.wp.com\/greenspells.com\/wp-content\/uploads\/2025\/08\/hydroxyapatite-peppermint-100ml-732252_864x864.webp?fit=864%2C864&ssl=1","width":864,"height":864,"caption":"hydroxyapatite toothpaste truthpaste"},{"@type":"BreadcrumbList","@id":"https:\/\/greenspells.com\/product\/truthpaste-toothpaste-hydroxyapatite-100ml\/#breadcrumb","itemListElement":[{"@type":"ListItem","position":1,"name":"Home","item":"https:\/\/greenspells.com\/"},{"@type":"ListItem","position":2,"name":"Shop","item":"https:\/\/greenspells.com\/shop\/"},{"@type":"ListItem","position":3,"name":"TRUTHPASTE Hydroxyapatite Toothpaste Peppermint 100ml"}]},{"@type":"WebSite","@id":"https:\/\/greenspells.com\/#website","url":"https:\/\/greenspells.com\/","name":"Greenspells","description":"Nat\u016brali ir ekologi\u0161ka kosmetika","publisher":{"@id":"https:\/\/greenspells.com\/#organization"},"potentialAction":[{"@type":"SearchAction","target":{"@type":"EntryPoint","urlTemplate":"https:\/\/greenspells.com\/?s={search_term_string}"},"query-input":{"@type":"PropertyValueSpecification","valueRequired":true,"valueName":"search_term_string"}}],"inLanguage":"lt-LT"},{"@type":"Organization","@id":"https:\/\/greenspells.com\/#organization","name":"Greenspells","url":"https:\/\/greenspells.com\/","logo":{"@type":"ImageObject","inLanguage":"lt-LT","@id":"https:\/\/greenspells.com\/#\/schema\/logo\/image\/","url":"https:\/\/i0.wp.com\/greenspells.com\/wp-content\/uploads\/2020\/09\/20200722_153424_0000.png?fit=1500%2C1500&ssl=1","contentUrl":"https:\/\/i0.wp.com\/greenspells.com\/wp-content\/uploads\/2020\/09\/20200722_153424_0000.png?fit=1500%2C1500&ssl=1","width":1500,"height":1500,"caption":"Greenspells"},"image":{"@id":"https:\/\/greenspells.com\/#\/schema\/logo\/image\/"},"sameAs":["https:\/\/www.facebook.com\/Greenspells","https:\/\/www.instagram.com\/greenspells_store\/"]}]}},"jetpack_likes_enabled":true,"jetpack_sharing_enabled":true,"_links":{"self":[{"href":"https:\/\/greenspells.com\/lt\/wp-json\/wp\/v2\/product\/1675484","targetHints":{"allow":["GET"]}}],"collection":[{"href":"https:\/\/greenspells.com\/lt\/wp-json\/wp\/v2\/product"}],"about":[{"href":"https:\/\/greenspells.com\/lt\/wp-json\/wp\/v2\/types\/product"}],"replies":[{"embeddable":true,"href":"https:\/\/greenspells.com\/lt\/wp-json\/wp\/v2\/comments?post=1675484"}],"wp:featuredmedia":[{"embeddable":true,"href":"https:\/\/greenspells.com\/lt\/wp-json\/wp\/v2\/media\/1675487"}],"wp:attachment":[{"href":"https:\/\/greenspells.com\/lt\/wp-json\/wp\/v2\/media?parent=1675484"}],"wp:term":[{"taxonomy":"product_brand","embeddable":true,"href":"https:\/\/greenspells.com\/lt\/wp-json\/wp\/v2\/product_brand?post=1675484"},{"taxonomy":"product_cat","embeddable":true,"href":"https:\/\/greenspells.com\/lt\/wp-json\/wp\/v2\/product_cat?post=1675484"},{"taxonomy":"product_tag","embeddable":true,"href":"https:\/\/greenspells.com\/lt\/wp-json\/wp\/v2\/product_tag?post=1675484"}],"curies":[{"name":"wp","href":"https:\/\/api.w.org\/{rel}","templated":true}]}}