{"id":1675449,"date":"2025-08-21T09:22:48","date_gmt":"2025-08-21T07:22:48","guid":{"rendered":"https:\/\/greenspells.com\/?post_type=product&#038;p=1675449"},"modified":"2026-03-04T08:22:33","modified_gmt":"2026-03-04T06:22:33","slug":"truthpaste-stainless-steel-spatula","status":"publish","type":"product","link":"https:\/\/greenspells.com\/lt\/produktas\/truthpaste-stainless-steel-spatula\/","title":{"rendered":"TRUTHPASTE <br> Plieninis samtelis dant\u0173 pastai"},"content":{"rendered":"<p>Patogus, greitas ir higieni\u0161kas b\u016bdas semti dant\u0173 past\u0105 i\u0161 stiklini\u0173 indeli\u0173. \nPagaminta i\u0161 ner\u016bdijan\u010dio plieno, lengvai plaunama.<\/p>\n<p>&nbsp;<\/p>","protected":false},"excerpt":{"rendered":"<p>Patogus, greitas ir higieni\u0161kas b\u016bdas semti dant\u0173 past\u0105 i\u0161 stiklini\u0173 indeli\u0173. \nPagaminta i\u0161 ner\u016bdijan\u010dio plieno, lengvai plaunama. &nbsp;<\/p>","protected":false},"featured_media":1675451,"comment_status":"open","ping_status":"closed","template":"","meta":{"content-type":"","_monsterinsights_skip_tracking":false,"_monsterinsights_sitenote_active":false,"_monsterinsights_sitenote_note":"","_monsterinsights_sitenote_category":0,"_uf_show_specific_survey":0,"_uf_disable_surveys":false},"product_brand":[2016],"product_cat":[142,43,135,134,15],"product_tag":[423,1093,420,2023,2022,494,1172,2024,2020,980,2019,2018,2021,2017,251],"class_list":{"0":"post-1675449","1":"product","2":"type-product","3":"status-publish","4":"has-post-thumbnail","6":"product_brand-truthpaste","7":"product_cat-mouthwash","8":"product_cat-oral-care","9":"product_cat-toothbrush","10":"product_cat-toothpaste","11":"product_cat-all-products","12":"product_tag-be-fluorido","13":"product_tag-be-plastiko","14":"product_tag-dantu-pasta","15":"product_tag-draugiska-aplinkai","16":"product_tag-fluoride-free-toothpaste","17":"product_tag-greenspells","18":"product_tag-kosmetika-be-plastiko","19":"product_tag-naturali-pasta","20":"product_tag-natural-tuuthpaste","21":"product_tag-naturali-dantu-pasta","22":"product_tag-spatula","23":"product_tag-stainless-steel-spatula","24":"product_tag-toothpaste-in-a-jar","25":"product_tag-truthpaste","26":"product_tag-zero-waste","28":"first","29":"instock","30":"taxable","31":"shipping-taxable","32":"purchasable","33":"product-type-simple"},"bundled_by":[],"bundle_stock_status":"instock","bundle_stock_quantity":null,"bundle_virtual":false,"bundle_layout":"","bundle_add_to_cart_form_location":"","bundle_editable_in_cart":false,"bundle_sold_individually_context":"","bundle_item_grouping":"","bundle_min_size":"","bundle_max_size":"","bundle_price":[],"bundled_items":[],"bundle_sell_ids":[],"group_of_quantity":0,"min_quantity":0,"max_quantity":"","exclude_order_quantity_value_rules":"no","exclude_category_quantity_rules":"no","combine_variations":"no","exclude_global_add_ons":[],"addons":[],"yoast_head":"<!-- This site is optimized with the Yoast SEO plugin v27.3 - https:\/\/yoast.com\/product\/yoast-seo-wordpress\/ -->\n<title>TRUTHPASTE  Stainless Steel Spatula - Greenspells<\/title>\n<meta name=\"description\" content=\"A small and nifty way to avoid drips from your jar. Stainless steel, reusable spatula is ideal for sharing your jar of Truthpaste hygienically, waste-free!\" \/>\n<meta name=\"robots\" content=\"index, follow, max-snippet:-1, max-image-preview:large, max-video-preview:-1\" \/>\n<link rel=\"canonical\" href=\"https:\/\/greenspells.com\/lt\/produktas\/truthpaste-stainless-steel-spatula\/\" \/>\n<meta property=\"og:locale\" content=\"lt_LT\" \/>\n<meta property=\"og:type\" content=\"article\" \/>\n<meta property=\"og:title\" content=\"TRUTHPASTE  Stainless Steel Spatula - Greenspells\" \/>\n<meta property=\"og:description\" content=\"A small and nifty way to avoid drips from your jar. Stainless steel, reusable spatula is ideal for sharing your jar of Truthpaste hygienically, waste-free!\" \/>\n<meta property=\"og:url\" content=\"https:\/\/greenspells.com\/lt\/produktas\/truthpaste-stainless-steel-spatula\/\" \/>\n<meta property=\"og:site_name\" content=\"Greenspells\" \/>\n<meta property=\"article:publisher\" content=\"https:\/\/www.facebook.com\/Greenspells\" \/>\n<meta property=\"article:modified_time\" content=\"2026-03-04T06:22:33+00:00\" \/>\n<meta property=\"og:image\" content=\"https:\/\/greenspells.com\/wp-content\/uploads\/2025\/08\/stainless-steel-spatula-498502_864x864.webp\" \/>\n\t<meta property=\"og:image:width\" content=\"864\" \/>\n\t<meta property=\"og:image:height\" content=\"864\" \/>\n\t<meta property=\"og:image:type\" content=\"image\/webp\" \/>\n<meta name=\"twitter:card\" content=\"summary_large_image\" \/>\n<meta name=\"twitter:label1\" content=\"Est. reading time\" \/>\n\t<meta name=\"twitter:data1\" content=\"1 minut\u0117\" \/>\n<script type=\"application\/ld+json\" class=\"yoast-schema-graph\">{\"@context\":\"https:\\\/\\\/schema.org\",\"@graph\":[{\"@type\":\"WebPage\",\"@id\":\"https:\\\/\\\/greenspells.com\\\/product\\\/truthpaste-stainless-steel-spatula\\\/\",\"url\":\"https:\\\/\\\/greenspells.com\\\/product\\\/truthpaste-stainless-steel-spatula\\\/\",\"name\":\"TRUTHPASTE Stainless Steel Spatula - Greenspells\",\"isPartOf\":{\"@id\":\"https:\\\/\\\/greenspells.com\\\/#website\"},\"primaryImageOfPage\":{\"@id\":\"https:\\\/\\\/greenspells.com\\\/product\\\/truthpaste-stainless-steel-spatula\\\/#primaryimage\"},\"image\":{\"@id\":\"https:\\\/\\\/greenspells.com\\\/product\\\/truthpaste-stainless-steel-spatula\\\/#primaryimage\"},\"thumbnailUrl\":\"https:\\\/\\\/i0.wp.com\\\/greenspells.com\\\/wp-content\\\/uploads\\\/2025\\\/08\\\/stainless-steel-spatula-498502_864x864.webp?fit=864%2C864&ssl=1\",\"datePublished\":\"2025-08-21T07:22:48+00:00\",\"dateModified\":\"2026-03-04T06:22:33+00:00\",\"description\":\"A small and nifty way to avoid drips from your jar. Stainless steel, reusable spatula is ideal for sharing your jar of Truthpaste hygienically, waste-free!\",\"breadcrumb\":{\"@id\":\"https:\\\/\\\/greenspells.com\\\/product\\\/truthpaste-stainless-steel-spatula\\\/#breadcrumb\"},\"inLanguage\":\"lt-LT\",\"potentialAction\":[{\"@type\":\"ReadAction\",\"target\":[\"https:\\\/\\\/greenspells.com\\\/product\\\/truthpaste-stainless-steel-spatula\\\/\"]}]},{\"@type\":\"ImageObject\",\"inLanguage\":\"lt-LT\",\"@id\":\"https:\\\/\\\/greenspells.com\\\/product\\\/truthpaste-stainless-steel-spatula\\\/#primaryimage\",\"url\":\"https:\\\/\\\/i0.wp.com\\\/greenspells.com\\\/wp-content\\\/uploads\\\/2025\\\/08\\\/stainless-steel-spatula-498502_864x864.webp?fit=864%2C864&ssl=1\",\"contentUrl\":\"https:\\\/\\\/i0.wp.com\\\/greenspells.com\\\/wp-content\\\/uploads\\\/2025\\\/08\\\/stainless-steel-spatula-498502_864x864.webp?fit=864%2C864&ssl=1\",\"width\":864,\"height\":864,\"caption\":\"Truthpaste stasinless steel spatula\"},{\"@type\":\"BreadcrumbList\",\"@id\":\"https:\\\/\\\/greenspells.com\\\/product\\\/truthpaste-stainless-steel-spatula\\\/#breadcrumb\",\"itemListElement\":[{\"@type\":\"ListItem\",\"position\":1,\"name\":\"Home\",\"item\":\"https:\\\/\\\/greenspells.com\\\/\"},{\"@type\":\"ListItem\",\"position\":2,\"name\":\"Shop\",\"item\":\"https:\\\/\\\/greenspells.com\\\/shop\\\/\"},{\"@type\":\"ListItem\",\"position\":3,\"name\":\"TRUTHPASTE Stainless Steel Spatula\"}]},{\"@type\":\"WebSite\",\"@id\":\"https:\\\/\\\/greenspells.com\\\/#website\",\"url\":\"https:\\\/\\\/greenspells.com\\\/\",\"name\":\"Greenspells\",\"description\":\"Nat\u016brali ir ekologi\u0161ka kosmetika\",\"publisher\":{\"@id\":\"https:\\\/\\\/greenspells.com\\\/#organization\"},\"potentialAction\":[{\"@type\":\"SearchAction\",\"target\":{\"@type\":\"EntryPoint\",\"urlTemplate\":\"https:\\\/\\\/greenspells.com\\\/?s={search_term_string}\"},\"query-input\":{\"@type\":\"PropertyValueSpecification\",\"valueRequired\":true,\"valueName\":\"search_term_string\"}}],\"inLanguage\":\"lt-LT\"},{\"@type\":\"Organization\",\"@id\":\"https:\\\/\\\/greenspells.com\\\/#organization\",\"name\":\"Greenspells\",\"url\":\"https:\\\/\\\/greenspells.com\\\/\",\"logo\":{\"@type\":\"ImageObject\",\"inLanguage\":\"lt-LT\",\"@id\":\"https:\\\/\\\/greenspells.com\\\/#\\\/schema\\\/logo\\\/image\\\/\",\"url\":\"https:\\\/\\\/i0.wp.com\\\/greenspells.com\\\/wp-content\\\/uploads\\\/2020\\\/09\\\/20200722_153424_0000.png?fit=1500%2C1500&ssl=1\",\"contentUrl\":\"https:\\\/\\\/i0.wp.com\\\/greenspells.com\\\/wp-content\\\/uploads\\\/2020\\\/09\\\/20200722_153424_0000.png?fit=1500%2C1500&ssl=1\",\"width\":1500,\"height\":1500,\"caption\":\"Greenspells\"},\"image\":{\"@id\":\"https:\\\/\\\/greenspells.com\\\/#\\\/schema\\\/logo\\\/image\\\/\"},\"sameAs\":[\"https:\\\/\\\/www.facebook.com\\\/Greenspells\",\"https:\\\/\\\/www.instagram.com\\\/greenspells_store\\\/\"]}]}<\/script>\n<!-- \/ Yoast SEO plugin. -->","yoast_head_json":{"title":"TRUTHPASTE  Stainless Steel Spatula - Greenspells","description":"A small and nifty way to avoid drips from your jar. Stainless steel, reusable spatula is ideal for sharing your jar of Truthpaste hygienically, waste-free!","robots":{"index":"index","follow":"follow","max-snippet":"max-snippet:-1","max-image-preview":"max-image-preview:large","max-video-preview":"max-video-preview:-1"},"canonical":"https:\/\/greenspells.com\/lt\/produktas\/truthpaste-stainless-steel-spatula\/","og_locale":"lt_LT","og_type":"article","og_title":"TRUTHPASTE  Stainless Steel Spatula - Greenspells","og_description":"A small and nifty way to avoid drips from your jar. Stainless steel, reusable spatula is ideal for sharing your jar of Truthpaste hygienically, waste-free!","og_url":"https:\/\/greenspells.com\/lt\/produktas\/truthpaste-stainless-steel-spatula\/","og_site_name":"Greenspells","article_publisher":"https:\/\/www.facebook.com\/Greenspells","article_modified_time":"2026-03-04T06:22:33+00:00","og_image":[{"width":864,"height":864,"url":"https:\/\/greenspells.com\/wp-content\/uploads\/2025\/08\/stainless-steel-spatula-498502_864x864.webp","type":"image\/webp"}],"twitter_card":"summary_large_image","twitter_misc":{"Est. reading time":"1 minut\u0117"},"schema":{"@context":"https:\/\/schema.org","@graph":[{"@type":"WebPage","@id":"https:\/\/greenspells.com\/product\/truthpaste-stainless-steel-spatula\/","url":"https:\/\/greenspells.com\/product\/truthpaste-stainless-steel-spatula\/","name":"TRUTHPASTE Stainless Steel Spatula - Greenspells","isPartOf":{"@id":"https:\/\/greenspells.com\/#website"},"primaryImageOfPage":{"@id":"https:\/\/greenspells.com\/product\/truthpaste-stainless-steel-spatula\/#primaryimage"},"image":{"@id":"https:\/\/greenspells.com\/product\/truthpaste-stainless-steel-spatula\/#primaryimage"},"thumbnailUrl":"https:\/\/i0.wp.com\/greenspells.com\/wp-content\/uploads\/2025\/08\/stainless-steel-spatula-498502_864x864.webp?fit=864%2C864&ssl=1","datePublished":"2025-08-21T07:22:48+00:00","dateModified":"2026-03-04T06:22:33+00:00","description":"A small and nifty way to avoid drips from your jar. Stainless steel, reusable spatula is ideal for sharing your jar of Truthpaste hygienically, waste-free!","breadcrumb":{"@id":"https:\/\/greenspells.com\/product\/truthpaste-stainless-steel-spatula\/#breadcrumb"},"inLanguage":"lt-LT","potentialAction":[{"@type":"ReadAction","target":["https:\/\/greenspells.com\/product\/truthpaste-stainless-steel-spatula\/"]}]},{"@type":"ImageObject","inLanguage":"lt-LT","@id":"https:\/\/greenspells.com\/product\/truthpaste-stainless-steel-spatula\/#primaryimage","url":"https:\/\/i0.wp.com\/greenspells.com\/wp-content\/uploads\/2025\/08\/stainless-steel-spatula-498502_864x864.webp?fit=864%2C864&ssl=1","contentUrl":"https:\/\/i0.wp.com\/greenspells.com\/wp-content\/uploads\/2025\/08\/stainless-steel-spatula-498502_864x864.webp?fit=864%2C864&ssl=1","width":864,"height":864,"caption":"Truthpaste stasinless steel spatula"},{"@type":"BreadcrumbList","@id":"https:\/\/greenspells.com\/product\/truthpaste-stainless-steel-spatula\/#breadcrumb","itemListElement":[{"@type":"ListItem","position":1,"name":"Home","item":"https:\/\/greenspells.com\/"},{"@type":"ListItem","position":2,"name":"Shop","item":"https:\/\/greenspells.com\/shop\/"},{"@type":"ListItem","position":3,"name":"TRUTHPASTE Stainless Steel Spatula"}]},{"@type":"WebSite","@id":"https:\/\/greenspells.com\/#website","url":"https:\/\/greenspells.com\/","name":"Greenspells","description":"Nat\u016brali ir ekologi\u0161ka kosmetika","publisher":{"@id":"https:\/\/greenspells.com\/#organization"},"potentialAction":[{"@type":"SearchAction","target":{"@type":"EntryPoint","urlTemplate":"https:\/\/greenspells.com\/?s={search_term_string}"},"query-input":{"@type":"PropertyValueSpecification","valueRequired":true,"valueName":"search_term_string"}}],"inLanguage":"lt-LT"},{"@type":"Organization","@id":"https:\/\/greenspells.com\/#organization","name":"Greenspells","url":"https:\/\/greenspells.com\/","logo":{"@type":"ImageObject","inLanguage":"lt-LT","@id":"https:\/\/greenspells.com\/#\/schema\/logo\/image\/","url":"https:\/\/i0.wp.com\/greenspells.com\/wp-content\/uploads\/2020\/09\/20200722_153424_0000.png?fit=1500%2C1500&ssl=1","contentUrl":"https:\/\/i0.wp.com\/greenspells.com\/wp-content\/uploads\/2020\/09\/20200722_153424_0000.png?fit=1500%2C1500&ssl=1","width":1500,"height":1500,"caption":"Greenspells"},"image":{"@id":"https:\/\/greenspells.com\/#\/schema\/logo\/image\/"},"sameAs":["https:\/\/www.facebook.com\/Greenspells","https:\/\/www.instagram.com\/greenspells_store\/"]}]}},"jetpack_likes_enabled":true,"jetpack_sharing_enabled":true,"_links":{"self":[{"href":"https:\/\/greenspells.com\/lt\/wp-json\/wp\/v2\/product\/1675449","targetHints":{"allow":["GET"]}}],"collection":[{"href":"https:\/\/greenspells.com\/lt\/wp-json\/wp\/v2\/product"}],"about":[{"href":"https:\/\/greenspells.com\/lt\/wp-json\/wp\/v2\/types\/product"}],"replies":[{"embeddable":true,"href":"https:\/\/greenspells.com\/lt\/wp-json\/wp\/v2\/comments?post=1675449"}],"wp:featuredmedia":[{"embeddable":true,"href":"https:\/\/greenspells.com\/lt\/wp-json\/wp\/v2\/media\/1675451"}],"wp:attachment":[{"href":"https:\/\/greenspells.com\/lt\/wp-json\/wp\/v2\/media?parent=1675449"}],"wp:term":[{"taxonomy":"product_brand","embeddable":true,"href":"https:\/\/greenspells.com\/lt\/wp-json\/wp\/v2\/product_brand?post=1675449"},{"taxonomy":"product_cat","embeddable":true,"href":"https:\/\/greenspells.com\/lt\/wp-json\/wp\/v2\/product_cat?post=1675449"},{"taxonomy":"product_tag","embeddable":true,"href":"https:\/\/greenspells.com\/lt\/wp-json\/wp\/v2\/product_tag?post=1675449"}],"curies":[{"name":"wp","href":"https:\/\/api.w.org\/{rel}","templated":true}]}}