{"id":1675376,"date":"2025-08-13T12:09:34","date_gmt":"2025-08-13T10:09:34","guid":{"rendered":"https:\/\/greenspells.com\/?post_type=product&#038;p=1675376"},"modified":"2026-03-04T08:23:08","modified_gmt":"2026-03-04T06:23:08","slug":"boho-eyebrow-pencil","status":"publish","type":"product","link":"https:\/\/greenspells.com\/lt\/produktas\/boho-eyebrow-pencil\/","title":{"rendered":"BOHO <br> Nat\u016bralus antaki\u0173 pie\u0161tukas"},"content":{"rendered":"<p>Vidutinio mink\u0161tumo pie\u0161tuku itin lengva nubr\u0117\u017eti norimo storio linij\u0105. \n\nBoHo pie\u0161tukas praturtintas veikliomis jaunina\u010diomis med\u017eiagomis, itin ilgai i\u0161lieka. Prie pie\u0161tuko pritvirtintas \u0161epet\u0117lis paskirsto spalv\u0105 ir sukuria nat\u016bralumo efekt\u0105. \n\n\u0160is pie\u0161tukas suteikia \u017evilgsniui i\u0161rai\u0161kingumo, pary\u0161kina antakius, jie vizualiai atrodo tankesni. 100% nat\u016bralaus pie\u0161tuko sud\u0117tyje esantys ekologi\u0161ki bi\u010di\u0173 va\u0161kas ir sviestmed\u017eio aliejus pamaitina od\u0105.\n\n\nGaliojimas nuo atidarymo: 18 m\u0117nesi\u0173 (vis\u0173 spalv\u0173)\n\nSud\u0117tis:\n\n\u201eCosmos Organic\u201c sertifikuota\n\nVegani\u0161ka\n\n100% nat\u016brali\u0173 ingredient\u0173, 26,70% ekologi\u0161k\u0173 ingredient\u0173\n\nKiekis: 1,04 g<\/p>\n<p><em><strong>Kaip naudoti?<\/strong><\/em><\/p>\n<ul>\n<li>Pasirinkite atspalv\u012f, artimiausi\u0105 nat\u016braliai antaki\u0173 spalvai<\/li>\n<li>Pa\u0161ukuokite, paformuokite antakius \u0161epet\u0117liu prie\u0161 da\u017eant<\/li>\n<li>Pasida\u017eius pasklaidykite pie\u0161tuko linijas \u0161epet\u0117liu v\u0117l.<\/li>\n<\/ul>\n<p><em><strong>Sud\u0117tis:<\/strong><\/em><\/p>\n<p><em><strong>\u0160viesiaplauk\u0117 (Blond) 01<\/strong><\/em><\/p>\n<p>CI 77891 (TITANIUM DIOXIDE), COCOS NUCIFERA (COCONUT) OIL*, C10-18 TRIGLYCERIDES, COPERNICIA CERIFERA (CARNAUBA) WAX*, CI 77499 (IRON OXIDES), SILICA, HYDROGENATED VEGETABLE OIL, OCTYLDODECYL STEAROYL STEARATE, CI 77492 (IRON OXIDES), POLYGLYCERYL-3 DIISOSTEARATE, CI 77491 (IRON OXIDES), ORYZANOL, GLYCERYL UNDECYLENATE, TOCOPHEROL.<\/p>\n<p><em><strong>\u0160aten\u0117 (Chatain) CRS02<\/strong><\/em><\/p>\n<p>CI 77891 (TITANIUM DIOXIDE), COCOS NUCIFERA (COCONUT) OIL*, C10-18 TRIGLYCERIDES, COPERNICIA CERIFERA (CARNAUBA) WAX*, SILICA, HYDROGENATED VEGETABLE OIL, OCTYLDODECYL STEAROYL STEARATE, CI 77499 (IRON OXIDES), CI 77491 (IRON OXIDES), CI 77492 (IRON OXIDES), CI 77742 (MANGANESE VIOLET), POLYGLYCERYL-3 DIISOSTEARATE, ORYZANOL, GLYCERYL UNDECYLENATE, TOCOPHEROL, KAOLIN.<\/p>\n<p><em><strong>Rudaplauk\u0117 (Brun) CRS03<\/strong><\/em><\/p>\n<p>CI 77499 (IRON OXIDES), COCOS NUCIFERA (COCONUT) OIL*, C10-18 TRIGLYCERIDES, COPERNICIA CERIFERA (CARNAUBA) WAX*, CI 77491 (IRON OXIDES), SILICA, HYDROGENATED VEGETABLE OIL, OCTYLDODECYL STEAROYL STEARATE, CI 77492 (IRON OXIDES), CI 77891 (TITANIUM DIOXIDE), POLYGLYCERYL-3 DIISOSTEARATE, ORYZANOL, GLYCERYL UNDECYLENATE, TOCOPHEROL.<\/p>\n<p><strong><em>Juodaplauk\u0117 (Antracite)\u00a0CRS04<\/em><\/strong><\/p>\n<p>CI 77499 (IRON OXIDES), COCOS NUCIFERA (COCONUT) OIL*, C10-18 TRIGLYCERIDES, COPERNICIA CERIFERA (CARNAUBA) WAX*, SILICA, HYDROGENATED VEGETABLE OIL, OCTYLDODECYL STEAROYL STEARATE, POLYGLYCERYL-3 DIISOSTEARATE, CI 77491 (IRON OXIDES), CI 77492 (IRON OXIDES), ORYZANOL, GLYCERYL UNDECYLENATE, TOCOPHEROL.<\/p>","protected":false},"excerpt":{"rendered":"<p>The Eyebrow Pencil by boho green make-up shapes, thickens and underlines the brows whilst being very easy to apply thanks to its powdery texture. The formula is rich in organic coconut oil and carnauba wax and ensures a particularly natural finish. How to use it? Choose the shade that is closest to the colour of [&hellip;]<\/p>\n","protected":false},"featured_media":1675387,"comment_status":"open","ping_status":"closed","template":"","meta":{"content-type":"","_monsterinsights_skip_tracking":false,"_monsterinsights_sitenote_active":false,"_monsterinsights_sitenote_note":"","_monsterinsights_sitenote_category":0,"_uf_show_specific_survey":0,"_uf_disable_surveys":false},"product_brand":[1997],"product_cat":[131,42,15],"product_tag":[2012,2000,2005,2013,581,2010,2009,2011],"class_list":{"0":"post-1675376","1":"product","2":"type-product","3":"status-publish","4":"has-post-thumbnail","6":"product_brand-boho","7":"product_cat-eyes","8":"product_cat-make-up","9":"product_cat-all-products","10":"product_tag-antakiu-piestukas","11":"product_tag-boho","12":"product_tag-boho-cosmetics","13":"product_tag-naturali-dekoratyvine-kosmetika","14":"product_tag-naturalus-makiazas","15":"product_tag-naturalus-piestukas","16":"product_tag-natural-eyebrow-pencil","17":"product_tag-piestukas-antakiams","19":"first","20":"instock","21":"taxable","22":"shipping-taxable","23":"purchasable","24":"product-type-variable"},"bundled_by":[],"bundle_stock_status":"instock","bundle_stock_quantity":null,"bundle_virtual":false,"bundle_layout":"","bundle_add_to_cart_form_location":"","bundle_editable_in_cart":false,"bundle_sold_individually_context":"","bundle_item_grouping":"","bundle_min_size":"","bundle_max_size":"","bundle_price":[],"bundled_items":[],"bundle_sell_ids":[],"group_of_quantity":0,"min_quantity":0,"max_quantity":"","exclude_order_quantity_value_rules":"no","exclude_category_quantity_rules":"no","combine_variations":"no","exclude_global_add_ons":[],"addons":[],"yoast_head":"<!-- This site is optimized with the Yoast SEO plugin v27.5 - https:\/\/yoast.com\/product\/yoast-seo-wordpress\/ -->\n<title>BOHO  Eyebrow Pencil - Greenspells<\/title>\n<meta name=\"description\" content=\"Natural BOHO eyebrow pencil shapes, thickens and underlines the brows whilst being very easy to apply thanks to its powdery texture.\" \/>\n<meta name=\"robots\" content=\"index, follow, max-snippet:-1, max-image-preview:large, max-video-preview:-1\" \/>\n<link rel=\"canonical\" href=\"https:\/\/greenspells.com\/lt\/produktas\/boho-eyebrow-pencil\/\" \/>\n<meta property=\"og:locale\" content=\"lt_LT\" \/>\n<meta property=\"og:type\" content=\"article\" \/>\n<meta property=\"og:title\" content=\"BOHO  Eyebrow Pencil - Greenspells\" \/>\n<meta property=\"og:description\" content=\"Natural BOHO eyebrow pencil shapes, thickens and underlines the brows whilst being very easy to apply thanks to its powdery texture.\" \/>\n<meta property=\"og:url\" content=\"https:\/\/greenspells.com\/lt\/produktas\/boho-eyebrow-pencil\/\" \/>\n<meta property=\"og:site_name\" content=\"Greenspells\" \/>\n<meta property=\"article:publisher\" content=\"https:\/\/www.facebook.com\/Greenspells\" \/>\n<meta property=\"article:modified_time\" content=\"2026-03-04T06:23:08+00:00\" \/>\n<meta property=\"og:image\" content=\"https:\/\/greenspells.com\/wp-content\/uploads\/2025\/08\/antaki-piestukai.jpg\" \/>\n\t<meta property=\"og:image:width\" content=\"605\" \/>\n\t<meta property=\"og:image:height\" content=\"605\" \/>\n\t<meta property=\"og:image:type\" content=\"image\/jpeg\" \/>\n<meta name=\"twitter:card\" content=\"summary_large_image\" \/>\n<meta name=\"twitter:label1\" content=\"Est. reading time\" \/>\n\t<meta name=\"twitter:data1\" content=\"2 minut\u0117s\" \/>\n<script type=\"application\/ld+json\" class=\"yoast-schema-graph\">{\"@context\":\"https:\\\/\\\/schema.org\",\"@graph\":[{\"@type\":\"WebPage\",\"@id\":\"https:\\\/\\\/greenspells.com\\\/product\\\/boho-eyebrow-pencil\\\/\",\"url\":\"https:\\\/\\\/greenspells.com\\\/product\\\/boho-eyebrow-pencil\\\/\",\"name\":\"BOHO Eyebrow Pencil - Greenspells\",\"isPartOf\":{\"@id\":\"https:\\\/\\\/greenspells.com\\\/#website\"},\"primaryImageOfPage\":{\"@id\":\"https:\\\/\\\/greenspells.com\\\/product\\\/boho-eyebrow-pencil\\\/#primaryimage\"},\"image\":{\"@id\":\"https:\\\/\\\/greenspells.com\\\/product\\\/boho-eyebrow-pencil\\\/#primaryimage\"},\"thumbnailUrl\":\"https:\\\/\\\/i0.wp.com\\\/greenspells.com\\\/wp-content\\\/uploads\\\/2025\\\/08\\\/antaki-piestukai.jpg?fit=605%2C605&ssl=1\",\"datePublished\":\"2025-08-13T10:09:34+00:00\",\"dateModified\":\"2026-03-04T06:23:08+00:00\",\"description\":\"Natural BOHO eyebrow pencil shapes, thickens and underlines the brows whilst being very easy to apply thanks to its powdery texture.\",\"breadcrumb\":{\"@id\":\"https:\\\/\\\/greenspells.com\\\/product\\\/boho-eyebrow-pencil\\\/#breadcrumb\"},\"inLanguage\":\"lt-LT\",\"potentialAction\":[{\"@type\":\"ReadAction\",\"target\":[\"https:\\\/\\\/greenspells.com\\\/product\\\/boho-eyebrow-pencil\\\/\"]}]},{\"@type\":\"ImageObject\",\"inLanguage\":\"lt-LT\",\"@id\":\"https:\\\/\\\/greenspells.com\\\/product\\\/boho-eyebrow-pencil\\\/#primaryimage\",\"url\":\"https:\\\/\\\/i0.wp.com\\\/greenspells.com\\\/wp-content\\\/uploads\\\/2025\\\/08\\\/antaki-piestukai.jpg?fit=605%2C605&ssl=1\",\"contentUrl\":\"https:\\\/\\\/i0.wp.com\\\/greenspells.com\\\/wp-content\\\/uploads\\\/2025\\\/08\\\/antaki-piestukai.jpg?fit=605%2C605&ssl=1\",\"width\":605,\"height\":605},{\"@type\":\"BreadcrumbList\",\"@id\":\"https:\\\/\\\/greenspells.com\\\/product\\\/boho-eyebrow-pencil\\\/#breadcrumb\",\"itemListElement\":[{\"@type\":\"ListItem\",\"position\":1,\"name\":\"Home\",\"item\":\"https:\\\/\\\/greenspells.com\\\/\"},{\"@type\":\"ListItem\",\"position\":2,\"name\":\"Shop\",\"item\":\"https:\\\/\\\/greenspells.com\\\/shop\\\/\"},{\"@type\":\"ListItem\",\"position\":3,\"name\":\"BOHO Eyebrow Pencil\"}]},{\"@type\":\"WebSite\",\"@id\":\"https:\\\/\\\/greenspells.com\\\/#website\",\"url\":\"https:\\\/\\\/greenspells.com\\\/\",\"name\":\"Greenspells\",\"description\":\"Nat\u016brali ir ekologi\u0161ka kosmetika\",\"publisher\":{\"@id\":\"https:\\\/\\\/greenspells.com\\\/#organization\"},\"potentialAction\":[{\"@type\":\"SearchAction\",\"target\":{\"@type\":\"EntryPoint\",\"urlTemplate\":\"https:\\\/\\\/greenspells.com\\\/?s={search_term_string}\"},\"query-input\":{\"@type\":\"PropertyValueSpecification\",\"valueRequired\":true,\"valueName\":\"search_term_string\"}}],\"inLanguage\":\"lt-LT\"},{\"@type\":\"Organization\",\"@id\":\"https:\\\/\\\/greenspells.com\\\/#organization\",\"name\":\"Greenspells\",\"url\":\"https:\\\/\\\/greenspells.com\\\/\",\"logo\":{\"@type\":\"ImageObject\",\"inLanguage\":\"lt-LT\",\"@id\":\"https:\\\/\\\/greenspells.com\\\/#\\\/schema\\\/logo\\\/image\\\/\",\"url\":\"https:\\\/\\\/i0.wp.com\\\/greenspells.com\\\/wp-content\\\/uploads\\\/2020\\\/09\\\/20200722_153424_0000.png?fit=1500%2C1500&ssl=1\",\"contentUrl\":\"https:\\\/\\\/i0.wp.com\\\/greenspells.com\\\/wp-content\\\/uploads\\\/2020\\\/09\\\/20200722_153424_0000.png?fit=1500%2C1500&ssl=1\",\"width\":1500,\"height\":1500,\"caption\":\"Greenspells\"},\"image\":{\"@id\":\"https:\\\/\\\/greenspells.com\\\/#\\\/schema\\\/logo\\\/image\\\/\"},\"sameAs\":[\"https:\\\/\\\/www.facebook.com\\\/Greenspells\",\"https:\\\/\\\/www.instagram.com\\\/greenspells_store\\\/\"]}]}<\/script>\n<!-- \/ Yoast SEO plugin. -->","yoast_head_json":{"title":"BOHO  Eyebrow Pencil - Greenspells","description":"Natural BOHO eyebrow pencil shapes, thickens and underlines the brows whilst being very easy to apply thanks to its powdery texture.","robots":{"index":"index","follow":"follow","max-snippet":"max-snippet:-1","max-image-preview":"max-image-preview:large","max-video-preview":"max-video-preview:-1"},"canonical":"https:\/\/greenspells.com\/lt\/produktas\/boho-eyebrow-pencil\/","og_locale":"lt_LT","og_type":"article","og_title":"BOHO  Eyebrow Pencil - Greenspells","og_description":"Natural BOHO eyebrow pencil shapes, thickens and underlines the brows whilst being very easy to apply thanks to its powdery texture.","og_url":"https:\/\/greenspells.com\/lt\/produktas\/boho-eyebrow-pencil\/","og_site_name":"Greenspells","article_publisher":"https:\/\/www.facebook.com\/Greenspells","article_modified_time":"2026-03-04T06:23:08+00:00","og_image":[{"width":605,"height":605,"url":"https:\/\/greenspells.com\/wp-content\/uploads\/2025\/08\/antaki-piestukai.jpg","type":"image\/jpeg"}],"twitter_card":"summary_large_image","twitter_misc":{"Est. reading time":"2 minut\u0117s"},"schema":{"@context":"https:\/\/schema.org","@graph":[{"@type":"WebPage","@id":"https:\/\/greenspells.com\/product\/boho-eyebrow-pencil\/","url":"https:\/\/greenspells.com\/product\/boho-eyebrow-pencil\/","name":"BOHO Eyebrow Pencil - Greenspells","isPartOf":{"@id":"https:\/\/greenspells.com\/#website"},"primaryImageOfPage":{"@id":"https:\/\/greenspells.com\/product\/boho-eyebrow-pencil\/#primaryimage"},"image":{"@id":"https:\/\/greenspells.com\/product\/boho-eyebrow-pencil\/#primaryimage"},"thumbnailUrl":"https:\/\/i0.wp.com\/greenspells.com\/wp-content\/uploads\/2025\/08\/antaki-piestukai.jpg?fit=605%2C605&ssl=1","datePublished":"2025-08-13T10:09:34+00:00","dateModified":"2026-03-04T06:23:08+00:00","description":"Natural BOHO eyebrow pencil shapes, thickens and underlines the brows whilst being very easy to apply thanks to its powdery texture.","breadcrumb":{"@id":"https:\/\/greenspells.com\/product\/boho-eyebrow-pencil\/#breadcrumb"},"inLanguage":"lt-LT","potentialAction":[{"@type":"ReadAction","target":["https:\/\/greenspells.com\/product\/boho-eyebrow-pencil\/"]}]},{"@type":"ImageObject","inLanguage":"lt-LT","@id":"https:\/\/greenspells.com\/product\/boho-eyebrow-pencil\/#primaryimage","url":"https:\/\/i0.wp.com\/greenspells.com\/wp-content\/uploads\/2025\/08\/antaki-piestukai.jpg?fit=605%2C605&ssl=1","contentUrl":"https:\/\/i0.wp.com\/greenspells.com\/wp-content\/uploads\/2025\/08\/antaki-piestukai.jpg?fit=605%2C605&ssl=1","width":605,"height":605},{"@type":"BreadcrumbList","@id":"https:\/\/greenspells.com\/product\/boho-eyebrow-pencil\/#breadcrumb","itemListElement":[{"@type":"ListItem","position":1,"name":"Home","item":"https:\/\/greenspells.com\/"},{"@type":"ListItem","position":2,"name":"Shop","item":"https:\/\/greenspells.com\/shop\/"},{"@type":"ListItem","position":3,"name":"BOHO Eyebrow Pencil"}]},{"@type":"WebSite","@id":"https:\/\/greenspells.com\/#website","url":"https:\/\/greenspells.com\/","name":"Greenspells","description":"Nat\u016brali ir ekologi\u0161ka kosmetika","publisher":{"@id":"https:\/\/greenspells.com\/#organization"},"potentialAction":[{"@type":"SearchAction","target":{"@type":"EntryPoint","urlTemplate":"https:\/\/greenspells.com\/?s={search_term_string}"},"query-input":{"@type":"PropertyValueSpecification","valueRequired":true,"valueName":"search_term_string"}}],"inLanguage":"lt-LT"},{"@type":"Organization","@id":"https:\/\/greenspells.com\/#organization","name":"Greenspells","url":"https:\/\/greenspells.com\/","logo":{"@type":"ImageObject","inLanguage":"lt-LT","@id":"https:\/\/greenspells.com\/#\/schema\/logo\/image\/","url":"https:\/\/i0.wp.com\/greenspells.com\/wp-content\/uploads\/2020\/09\/20200722_153424_0000.png?fit=1500%2C1500&ssl=1","contentUrl":"https:\/\/i0.wp.com\/greenspells.com\/wp-content\/uploads\/2020\/09\/20200722_153424_0000.png?fit=1500%2C1500&ssl=1","width":1500,"height":1500,"caption":"Greenspells"},"image":{"@id":"https:\/\/greenspells.com\/#\/schema\/logo\/image\/"},"sameAs":["https:\/\/www.facebook.com\/Greenspells","https:\/\/www.instagram.com\/greenspells_store\/"]}]}},"jetpack_likes_enabled":true,"jetpack_sharing_enabled":true,"_links":{"self":[{"href":"https:\/\/greenspells.com\/lt\/wp-json\/wp\/v2\/product\/1675376","targetHints":{"allow":["GET"]}}],"collection":[{"href":"https:\/\/greenspells.com\/lt\/wp-json\/wp\/v2\/product"}],"about":[{"href":"https:\/\/greenspells.com\/lt\/wp-json\/wp\/v2\/types\/product"}],"replies":[{"embeddable":true,"href":"https:\/\/greenspells.com\/lt\/wp-json\/wp\/v2\/comments?post=1675376"}],"wp:featuredmedia":[{"embeddable":true,"href":"https:\/\/greenspells.com\/lt\/wp-json\/wp\/v2\/media\/1675387"}],"wp:attachment":[{"href":"https:\/\/greenspells.com\/lt\/wp-json\/wp\/v2\/media?parent=1675376"}],"wp:term":[{"taxonomy":"product_brand","embeddable":true,"href":"https:\/\/greenspells.com\/lt\/wp-json\/wp\/v2\/product_brand?post=1675376"},{"taxonomy":"product_cat","embeddable":true,"href":"https:\/\/greenspells.com\/lt\/wp-json\/wp\/v2\/product_cat?post=1675376"},{"taxonomy":"product_tag","embeddable":true,"href":"https:\/\/greenspells.com\/lt\/wp-json\/wp\/v2\/product_tag?post=1675376"}],"curies":[{"name":"wp","href":"https:\/\/api.w.org\/{rel}","templated":true}]}}