{"id":1675356,"date":"2025-08-13T11:45:31","date_gmt":"2025-08-13T09:45:31","guid":{"rendered":"https:\/\/greenspells.com\/?post_type=product&#038;p=1675356"},"modified":"2026-03-04T08:23:26","modified_gmt":"2026-03-04T06:23:26","slug":"boho-liquid-eyeliner","status":"publish","type":"product","link":"https:\/\/greenspells.com\/lt\/produktas\/boho-liquid-eyeliner\/","title":{"rendered":"BOHO <br> Nat\u016bralus skystas aki\u0173 pravedimas"},"content":{"rendered":"<p>BoHo skystas aki\u0173 pravedimas suteiks \u017eavesio J\u016bs\u0173 \u012fvaizd\u017eiui. 100% nat\u016bralios sud\u0117ties aki\u0173 kont\u016bras ilgai i\u0161lieka, nesub\u0117ga ir tiksliai br\u0117\u017eia.\n\nJo formul\u0117 praturtinta odai raminant\u012f ir maitinant\u012f poveik\u012f turin\u010diais akacij\u0173 sakais bei kvapi\u0173j\u0173 \u0161alavij\u0173 ekstraktu. \n\nBoHo aki\u0173 pravedimas turi stand\u0173 ir tiksl\u0173 ra\u0161iklin\u012f aplikatori\u0173, kuris lengvai slysta ir tolygiai dengia.\n\nKiekis 3 ml<\/p>\n<p><em><strong>Kaip naudoti?<\/strong><\/em><\/p>\n<ul>\n<li>Pie\u0161kite  nuo i\u0161orinio akies kampu\u010dio link vir\u0161aus<\/li>\n<li>Prijunkite antr\u0105 linij\u0105, nuo centro link pirmosios linijos.<\/li>\n<li>Galiausiai pie\u0161kite linij\u0105 nuo vidinio kampu\u010dio j\u0105 prijungdami prie vidurio.<\/li>\n<li>Pakoreguokite, palygkinkite, kur reikia, toliau naudokite blakstien\u0173 tu\u0161\u0105.<\/li>\n<\/ul>\n<p><strong>Patarimas:<\/strong>Da\u017eantis alk\u016bn\u0119 atremkite \u012f kiet\u0105 pavir\u0161i\u0173, kad ranka neslankiot\u0173 ir br\u0117\u017etum\u0117te tikslesnes linijas.<\/p>\n<p><em><strong>Sud\u0117tis:<\/strong><\/em><\/p>\n<p>AQUA (WATER), SALVIA SCLAREA (CLARY) FLOWER\/LEAF\/STEM WATER*, CI 77499 (IRON OXIDES), GLYCERIN**, ACACIA SENEGAL GUM, SUCROSE PALMITATE, TOCOPHEROL, BENZYL ALCOHOL, MICROCRYSTALLINE CELLULOSE, CELLULOSE GUM, DEHYDROACETIC ACID, HELIANTHUS ANNUUS (SUNFLOWER) SEED OIL.<\/p>\n<p>* I\u0160 ORGANINIO \u017dEM\u0116S \u016aKIO \/ ** I\u0160 BIOLOGINI\u0172 SUDEDAM\u0172J\u0172 DALI\u0172<\/p>\n<p>&nbsp;<\/p>","protected":false},"excerpt":{"rendered":"<p>The Liquid Eyeliner has a pigmented formula that achieves precision lines. It is based on water that protects the lashes and is allows for a smooth glide. How to use it? Draw a line from the outer corner of the eye upwards. Connect the second line from the centre of the lash line towards the [&hellip;]<\/p>\n","protected":false},"featured_media":1675369,"comment_status":"open","ping_status":"closed","template":"","meta":{"content-type":"","_monsterinsights_skip_tracking":false,"_monsterinsights_sitenote_active":false,"_monsterinsights_sitenote_note":"","_monsterinsights_sitenote_category":0,"_uf_show_specific_survey":0,"_uf_disable_surveys":false},"product_brand":[1997],"product_cat":[131,42,15],"product_tag":[2000,2005,494,2004,2007,2008,2006,763,461],"class_list":{"0":"post-1675356","1":"product","2":"type-product","3":"status-publish","4":"has-post-thumbnail","6":"product_brand-boho","7":"product_cat-eyes","8":"product_cat-make-up","9":"product_cat-all-products","10":"product_tag-boho","11":"product_tag-boho-cosmetics","12":"product_tag-greenspells","13":"product_tag-liquid-eyeliner","14":"product_tag-naturalus-akiu-pravedimas","15":"product_tag-naturalus-pravedimas-akims","16":"product_tag-natural-eyeliner","17":"product_tag-natural-make-up","18":"product_tag-naturali-kosmetika","20":"first","21":"instock","22":"taxable","23":"shipping-taxable","24":"purchasable","25":"product-type-variable"},"bundled_by":[],"bundle_stock_status":"instock","bundle_stock_quantity":null,"bundle_virtual":false,"bundle_layout":"","bundle_add_to_cart_form_location":"","bundle_editable_in_cart":false,"bundle_sold_individually_context":"","bundle_item_grouping":"","bundle_min_size":"","bundle_max_size":"","bundle_price":[],"bundled_items":[],"bundle_sell_ids":[],"group_of_quantity":0,"min_quantity":0,"max_quantity":"","exclude_order_quantity_value_rules":"no","exclude_category_quantity_rules":"no","combine_variations":"no","exclude_global_add_ons":[],"addons":[],"yoast_head":"<!-- This site is optimized with the Yoast SEO plugin v27.6 - https:\/\/yoast.com\/product\/yoast-seo-wordpress\/ -->\n<title>BOHO  Liquid Eyeliner - Greenspells<\/title>\n<meta name=\"description\" content=\"This natural, liquid Eyeliner has a pigmented formula that achieves precision lines. It is based on water that protects the lashes and is allows for a smooth glide.\" \/>\n<meta name=\"robots\" content=\"index, follow, max-snippet:-1, max-image-preview:large, max-video-preview:-1\" \/>\n<link rel=\"canonical\" href=\"https:\/\/greenspells.com\/lt\/produktas\/boho-liquid-eyeliner\/\" \/>\n<meta property=\"og:locale\" content=\"lt_LT\" \/>\n<meta property=\"og:type\" content=\"article\" \/>\n<meta property=\"og:title\" content=\"BOHO  Liquid Eyeliner - Greenspells\" \/>\n<meta property=\"og:description\" content=\"This natural, liquid Eyeliner has a pigmented formula that achieves precision lines. It is based on water that protects the lashes and is allows for a smooth glide.\" \/>\n<meta property=\"og:url\" content=\"https:\/\/greenspells.com\/lt\/produktas\/boho-liquid-eyeliner\/\" \/>\n<meta property=\"og:site_name\" content=\"Greenspells\" \/>\n<meta property=\"article:publisher\" content=\"https:\/\/www.facebook.com\/Greenspells\" \/>\n<meta property=\"article:modified_time\" content=\"2026-03-04T06:23:26+00:00\" \/>\n<meta property=\"og:image\" content=\"https:\/\/greenspells.com\/wp-content\/uploads\/2025\/08\/boho-skystas-akiu-pravedimas.jpg\" \/>\n\t<meta property=\"og:image:width\" content=\"600\" \/>\n\t<meta property=\"og:image:height\" content=\"600\" \/>\n\t<meta property=\"og:image:type\" content=\"image\/jpeg\" \/>\n<meta name=\"twitter:card\" content=\"summary_large_image\" \/>\n<meta name=\"twitter:label1\" content=\"Est. reading time\" \/>\n\t<meta name=\"twitter:data1\" content=\"1 minut\u0117\" \/>\n<script type=\"application\/ld+json\" class=\"yoast-schema-graph\">{\"@context\":\"https:\\\/\\\/schema.org\",\"@graph\":[{\"@type\":\"WebPage\",\"@id\":\"https:\\\/\\\/greenspells.com\\\/product\\\/boho-liquid-eyeliner\\\/\",\"url\":\"https:\\\/\\\/greenspells.com\\\/product\\\/boho-liquid-eyeliner\\\/\",\"name\":\"BOHO Liquid Eyeliner - Greenspells\",\"isPartOf\":{\"@id\":\"https:\\\/\\\/greenspells.com\\\/#website\"},\"primaryImageOfPage\":{\"@id\":\"https:\\\/\\\/greenspells.com\\\/product\\\/boho-liquid-eyeliner\\\/#primaryimage\"},\"image\":{\"@id\":\"https:\\\/\\\/greenspells.com\\\/product\\\/boho-liquid-eyeliner\\\/#primaryimage\"},\"thumbnailUrl\":\"https:\\\/\\\/i0.wp.com\\\/greenspells.com\\\/wp-content\\\/uploads\\\/2025\\\/08\\\/boho-skystas-akiu-pravedimas.jpg?fit=600%2C600&ssl=1\",\"datePublished\":\"2025-08-13T09:45:31+00:00\",\"dateModified\":\"2026-03-04T06:23:26+00:00\",\"description\":\"This natural, liquid Eyeliner has a pigmented formula that achieves precision lines. It is based on water that protects the lashes and is allows for a smooth glide.\",\"breadcrumb\":{\"@id\":\"https:\\\/\\\/greenspells.com\\\/product\\\/boho-liquid-eyeliner\\\/#breadcrumb\"},\"inLanguage\":\"lt-LT\",\"potentialAction\":[{\"@type\":\"ReadAction\",\"target\":[\"https:\\\/\\\/greenspells.com\\\/product\\\/boho-liquid-eyeliner\\\/\"]}]},{\"@type\":\"ImageObject\",\"inLanguage\":\"lt-LT\",\"@id\":\"https:\\\/\\\/greenspells.com\\\/product\\\/boho-liquid-eyeliner\\\/#primaryimage\",\"url\":\"https:\\\/\\\/i0.wp.com\\\/greenspells.com\\\/wp-content\\\/uploads\\\/2025\\\/08\\\/boho-skystas-akiu-pravedimas.jpg?fit=600%2C600&ssl=1\",\"contentUrl\":\"https:\\\/\\\/i0.wp.com\\\/greenspells.com\\\/wp-content\\\/uploads\\\/2025\\\/08\\\/boho-skystas-akiu-pravedimas.jpg?fit=600%2C600&ssl=1\",\"width\":600,\"height\":600},{\"@type\":\"BreadcrumbList\",\"@id\":\"https:\\\/\\\/greenspells.com\\\/product\\\/boho-liquid-eyeliner\\\/#breadcrumb\",\"itemListElement\":[{\"@type\":\"ListItem\",\"position\":1,\"name\":\"Home\",\"item\":\"https:\\\/\\\/greenspells.com\\\/\"},{\"@type\":\"ListItem\",\"position\":2,\"name\":\"Shop\",\"item\":\"https:\\\/\\\/greenspells.com\\\/shop\\\/\"},{\"@type\":\"ListItem\",\"position\":3,\"name\":\"BOHO Liquid Eyeliner\"}]},{\"@type\":\"WebSite\",\"@id\":\"https:\\\/\\\/greenspells.com\\\/#website\",\"url\":\"https:\\\/\\\/greenspells.com\\\/\",\"name\":\"Greenspells\",\"description\":\"Nat\u016brali ir ekologi\u0161ka kosmetika\",\"publisher\":{\"@id\":\"https:\\\/\\\/greenspells.com\\\/#organization\"},\"potentialAction\":[{\"@type\":\"SearchAction\",\"target\":{\"@type\":\"EntryPoint\",\"urlTemplate\":\"https:\\\/\\\/greenspells.com\\\/?s={search_term_string}\"},\"query-input\":{\"@type\":\"PropertyValueSpecification\",\"valueRequired\":true,\"valueName\":\"search_term_string\"}}],\"inLanguage\":\"lt-LT\"},{\"@type\":\"Organization\",\"@id\":\"https:\\\/\\\/greenspells.com\\\/#organization\",\"name\":\"Greenspells\",\"url\":\"https:\\\/\\\/greenspells.com\\\/\",\"logo\":{\"@type\":\"ImageObject\",\"inLanguage\":\"lt-LT\",\"@id\":\"https:\\\/\\\/greenspells.com\\\/#\\\/schema\\\/logo\\\/image\\\/\",\"url\":\"https:\\\/\\\/i0.wp.com\\\/greenspells.com\\\/wp-content\\\/uploads\\\/2020\\\/09\\\/20200722_153424_0000.png?fit=1500%2C1500&ssl=1\",\"contentUrl\":\"https:\\\/\\\/i0.wp.com\\\/greenspells.com\\\/wp-content\\\/uploads\\\/2020\\\/09\\\/20200722_153424_0000.png?fit=1500%2C1500&ssl=1\",\"width\":1500,\"height\":1500,\"caption\":\"Greenspells\"},\"image\":{\"@id\":\"https:\\\/\\\/greenspells.com\\\/#\\\/schema\\\/logo\\\/image\\\/\"},\"sameAs\":[\"https:\\\/\\\/www.facebook.com\\\/Greenspells\",\"https:\\\/\\\/www.instagram.com\\\/greenspells_store\\\/\"]}]}<\/script>\n<!-- \/ Yoast SEO plugin. -->","yoast_head_json":{"title":"BOHO  Liquid Eyeliner - Greenspells","description":"This natural, liquid Eyeliner has a pigmented formula that achieves precision lines. It is based on water that protects the lashes and is allows for a smooth glide.","robots":{"index":"index","follow":"follow","max-snippet":"max-snippet:-1","max-image-preview":"max-image-preview:large","max-video-preview":"max-video-preview:-1"},"canonical":"https:\/\/greenspells.com\/lt\/produktas\/boho-liquid-eyeliner\/","og_locale":"lt_LT","og_type":"article","og_title":"BOHO  Liquid Eyeliner - Greenspells","og_description":"This natural, liquid Eyeliner has a pigmented formula that achieves precision lines. It is based on water that protects the lashes and is allows for a smooth glide.","og_url":"https:\/\/greenspells.com\/lt\/produktas\/boho-liquid-eyeliner\/","og_site_name":"Greenspells","article_publisher":"https:\/\/www.facebook.com\/Greenspells","article_modified_time":"2026-03-04T06:23:26+00:00","og_image":[{"width":600,"height":600,"url":"https:\/\/greenspells.com\/wp-content\/uploads\/2025\/08\/boho-skystas-akiu-pravedimas.jpg","type":"image\/jpeg"}],"twitter_card":"summary_large_image","twitter_misc":{"Est. reading time":"1 minut\u0117"},"schema":{"@context":"https:\/\/schema.org","@graph":[{"@type":"WebPage","@id":"https:\/\/greenspells.com\/product\/boho-liquid-eyeliner\/","url":"https:\/\/greenspells.com\/product\/boho-liquid-eyeliner\/","name":"BOHO Liquid Eyeliner - Greenspells","isPartOf":{"@id":"https:\/\/greenspells.com\/#website"},"primaryImageOfPage":{"@id":"https:\/\/greenspells.com\/product\/boho-liquid-eyeliner\/#primaryimage"},"image":{"@id":"https:\/\/greenspells.com\/product\/boho-liquid-eyeliner\/#primaryimage"},"thumbnailUrl":"https:\/\/i0.wp.com\/greenspells.com\/wp-content\/uploads\/2025\/08\/boho-skystas-akiu-pravedimas.jpg?fit=600%2C600&ssl=1","datePublished":"2025-08-13T09:45:31+00:00","dateModified":"2026-03-04T06:23:26+00:00","description":"This natural, liquid Eyeliner has a pigmented formula that achieves precision lines. It is based on water that protects the lashes and is allows for a smooth glide.","breadcrumb":{"@id":"https:\/\/greenspells.com\/product\/boho-liquid-eyeliner\/#breadcrumb"},"inLanguage":"lt-LT","potentialAction":[{"@type":"ReadAction","target":["https:\/\/greenspells.com\/product\/boho-liquid-eyeliner\/"]}]},{"@type":"ImageObject","inLanguage":"lt-LT","@id":"https:\/\/greenspells.com\/product\/boho-liquid-eyeliner\/#primaryimage","url":"https:\/\/i0.wp.com\/greenspells.com\/wp-content\/uploads\/2025\/08\/boho-skystas-akiu-pravedimas.jpg?fit=600%2C600&ssl=1","contentUrl":"https:\/\/i0.wp.com\/greenspells.com\/wp-content\/uploads\/2025\/08\/boho-skystas-akiu-pravedimas.jpg?fit=600%2C600&ssl=1","width":600,"height":600},{"@type":"BreadcrumbList","@id":"https:\/\/greenspells.com\/product\/boho-liquid-eyeliner\/#breadcrumb","itemListElement":[{"@type":"ListItem","position":1,"name":"Home","item":"https:\/\/greenspells.com\/"},{"@type":"ListItem","position":2,"name":"Shop","item":"https:\/\/greenspells.com\/shop\/"},{"@type":"ListItem","position":3,"name":"BOHO Liquid Eyeliner"}]},{"@type":"WebSite","@id":"https:\/\/greenspells.com\/#website","url":"https:\/\/greenspells.com\/","name":"Greenspells","description":"Nat\u016brali ir ekologi\u0161ka kosmetika","publisher":{"@id":"https:\/\/greenspells.com\/#organization"},"potentialAction":[{"@type":"SearchAction","target":{"@type":"EntryPoint","urlTemplate":"https:\/\/greenspells.com\/?s={search_term_string}"},"query-input":{"@type":"PropertyValueSpecification","valueRequired":true,"valueName":"search_term_string"}}],"inLanguage":"lt-LT"},{"@type":"Organization","@id":"https:\/\/greenspells.com\/#organization","name":"Greenspells","url":"https:\/\/greenspells.com\/","logo":{"@type":"ImageObject","inLanguage":"lt-LT","@id":"https:\/\/greenspells.com\/#\/schema\/logo\/image\/","url":"https:\/\/i0.wp.com\/greenspells.com\/wp-content\/uploads\/2020\/09\/20200722_153424_0000.png?fit=1500%2C1500&ssl=1","contentUrl":"https:\/\/i0.wp.com\/greenspells.com\/wp-content\/uploads\/2020\/09\/20200722_153424_0000.png?fit=1500%2C1500&ssl=1","width":1500,"height":1500,"caption":"Greenspells"},"image":{"@id":"https:\/\/greenspells.com\/#\/schema\/logo\/image\/"},"sameAs":["https:\/\/www.facebook.com\/Greenspells","https:\/\/www.instagram.com\/greenspells_store\/"]}]}},"jetpack_likes_enabled":true,"jetpack_sharing_enabled":true,"_links":{"self":[{"href":"https:\/\/greenspells.com\/lt\/wp-json\/wp\/v2\/product\/1675356","targetHints":{"allow":["GET"]}}],"collection":[{"href":"https:\/\/greenspells.com\/lt\/wp-json\/wp\/v2\/product"}],"about":[{"href":"https:\/\/greenspells.com\/lt\/wp-json\/wp\/v2\/types\/product"}],"replies":[{"embeddable":true,"href":"https:\/\/greenspells.com\/lt\/wp-json\/wp\/v2\/comments?post=1675356"}],"wp:featuredmedia":[{"embeddable":true,"href":"https:\/\/greenspells.com\/lt\/wp-json\/wp\/v2\/media\/1675369"}],"wp:attachment":[{"href":"https:\/\/greenspells.com\/lt\/wp-json\/wp\/v2\/media?parent=1675356"}],"wp:term":[{"taxonomy":"product_brand","embeddable":true,"href":"https:\/\/greenspells.com\/lt\/wp-json\/wp\/v2\/product_brand?post=1675356"},{"taxonomy":"product_cat","embeddable":true,"href":"https:\/\/greenspells.com\/lt\/wp-json\/wp\/v2\/product_cat?post=1675356"},{"taxonomy":"product_tag","embeddable":true,"href":"https:\/\/greenspells.com\/lt\/wp-json\/wp\/v2\/product_tag?post=1675356"}],"curies":[{"name":"wp","href":"https:\/\/api.w.org\/{rel}","templated":true}]}}