{"id":1675092,"date":"2025-07-16T09:22:35","date_gmt":"2025-07-16T07:22:35","guid":{"rendered":"https:\/\/greenspells.com\/?post_type=product&#038;p=1675092"},"modified":"2025-08-20T14:19:01","modified_gmt":"2025-08-20T12:19:01","slug":"manucurist-actives-trio-mini","status":"publish","type":"product","link":"https:\/\/greenspells.com\/lt\/produktas\/manucurist-actives-trio-mini\/","title":{"rendered":"MANUCURIST <br> ACTIVES Trio Mini"},"content":{"rendered":"<p>Trys mini dyd\u017eio ACTIVE serijos stiprikliai rinkinyje, giliai pamaitintiems, \u0161vytintiems nagams. Tobulas rinkinys, kai norisi i\u0161bandyti kelis produktus!<\/p>\n<p>Visi trys produktai turi skirtingas savybes: spindintis efektas, putlinantis efektas, skaistinantis efektas - visa tai su ACTIVE GLOW Raspberry, Plump ir Bright lakais - stiprikliais.<\/p>\n<p><strong>ACTIVE\u2122 Trio<\/strong><br \/>\nAtkuria nat\u016bral\u0173 nag\u0173 \u0161vyt\u0117jim\u0105, giliai prisotina. Praturtinti augaliniais ekstraktais, pagaminti Pranc\u016bzijoje, patogiose 8ml mini pakuot\u0117se.<\/p>\n<p><strong>Galima sluoksniuoti tarpysavyje ir susikurti skirtingus efektus<\/strong><br \/>\nPerliniai nagai: Active Bright + Active Plump\n\u0160varos nagai: Active Glow\u2122 Raspberry + Active Plump \nStiklo nagai: Active Glow\u2122 Raspberry + Active Bright \nI\u0161bandykite skirtingas kombinacijas, naudodami 1 - 2 sluoksnius produkto.<\/p>\n<p><em><strong>Active Glow Raspberry<\/strong><\/em><br \/>\nRo\u017einio persiko atspalvis su ypatingu spindesiu, suteikia blizg\u0173, permatom\u0105 u\u017ebaigim\u0105. Praturtintas nat\u016braliais avie\u010di\u0173 ekstraktais, sald\u017ei\u0173j\u0173 migdol\u0173 aliejumi. Atgaivina, pamaitina nagus, suteikia \u017evilges\u012f.<\/p>\n<p><em><strong>Active Plump<\/strong><\/em><br \/>\nPutlinantis efektas su \u0161velniu ro\u017einiu atspalviu, pusiau permatomas, praturtintas augaliniu kolagenu, persik\u0173 ekstraktais. Dr\u0117kina ir giliai maitina nagus.<\/p>\n<p><em><strong>Active Bright<\/strong><\/em><br \/>\nSkaistinantis, \u0161viesinantis, pusiau skaidrus su lengvu spindesiu ir \u0161vyt\u0117jimu. Praturtintas nat\u016braliais citrin\u0173 ekstraktais, \u0161viesina ir giliai stiprina nagus.<\/p>\n<p><em><strong>Kaip naudoti?<\/strong><\/em><\/p>\n<p>Visi ACTIVE serijos produktai naudojami TIESIAI ANT \u0160VARI\u0172, nelakuot\u0173 nag\u0173!\nNEREIKIA naudoti nei baz\u0117s, nei topo (base coat, top coat). Leiskite i\u0161d\u017ei\u016bti nat\u016braliai.<\/p>\n<p>Norimam efektui susikurti:<br \/>\n1 sluoksnis - subitlus, \u0161velnus, beveik skaidrus ir blizgus efektas, atrodo lyg nat\u016bralus nagas, bet gra\u017eiau<br \/>\n- 2 sluoksniai labiau i\u0161reik\u0161tam efektui.<br \/>\n- Galite naudoti skirtingas kombinacijas, lakuojant vien\u0105 ACTIVE produkt\u0105 ant kito.<\/p>\n<p>Active\u2122 serijos produktai nusivalo nag\u0173 lako valikliu, rekomenduojame beaceton\u012f: <a href=\"https:\/\/greenspells.com\/lt\/produktas\/manucurist-nail-polish-removing-oil-green\/\">Green Remover.<\/a><\/p>\n<p><strong>Ingredientai<\/strong>:<\/p>\n<p>Active Glow Raspberry<\/p>\n<p>INGREDIENTS : ETHYL ACETATE, BUTYL ACETATE, NITROCELLULOSE, ADIPIC ACID\/NEOPENTYL GLYCOL\/TRIMELLITIC ANHYDRIDE COPOLYMER, ACETYL TRIBUTYL CITRATE, ALCOHOL, GLYCOLIC ACID, CAPRYLIC\/CAPRIC TRIGLYCERIDE, ETOCRYLENE, PRUNUS AMYGDALUS DULCIS (SWEET ALMOND) OIL, CI 15850 (RED 6 LAKE), ISOPROPYL ALCOHOL, LACTOBACILLUS FERMENT, RUBUS IDAEUS (RASPBERRY) LEAF EXTRACT, TOCOPHEROL<\/p>\n<p>Bio-sourc\u00e9 \u00e0 85,50%<\/p>\n<p>Active Plump<\/p>\n<p>INGREDIENTS : BUTYL ACETATE, ETHYL ACETATE, NITROCELLULOSE, ACETYL TRIBUTYL CITRATE,<br \/>\nADIPIC ACID\/NEOPENTYL GLYCOL\/TRIMELLITIC ANHYDRIDE COPOLYMER, ISOPROPYL ALCOHOL, SILICA, ACRYLATES COPOLYMER, GLYCOLIC ACID, ETOCRYLENE, AQUA (WATER), MALIC ACID, HEXANAL, LACTIC ACID, MICA, CI 77891 (TITANIUM DIOXIDE), GLYCERIN, TIN OXIDE, MAGNESIUM ASCORBYL PHOSPHATE, PRUNUS PERSICA (PEACH) FRUIT EXTRACT, CI 15850 (RED 6 LAKE), CITRIC ACID, CI 19140 (YELLOW 5 LAKE), SODIUM BENZOATE, POTASSIUM SORBATE, TOCOPHEROL, HYDROLYZED VEGETABLE PROTEIN, LEUCONOSTOC\/RADISH ROOT FERMENT FILTRATE<\/p>\n<p>Bio-sourc\u00e9 \u00e0 74,5%<\/p>\n<p>Active Bright<\/p>\n<p>INGREDIENTS: BUTYL ACETATE, ETHYL ACETATE, NITROCELLULOSE, ACETYL TRIBUTYL CITRATE, ADIPIC ACID\/NEOPENTYL GLYCOL\/TRIMELLITIC ANHYDRIDE COPOLYMER, ISOPROPYL ALCOHOL, SILICA, ACRYLATES COPOLYMER, ETOCRYLENE, CI 77891 (TITANIUM DIOXIDE), TOCOPHERYL ACETATE, HEXANAL, MICA, PROPYLENE GLYCOL, AQUA (WATER), CITRIC ACID, CITRUS LIMON (LEMON) FRUIT EXTRACT, ALUMINUM HYDROXIDE, TIN OXIDE, TRIETHOXYCAPRYLYLSILANE, TILIA PLATYPHYLLOS EXTRACT, TOCOPHEROL<\/p>\n<p>Bio-sourc\u00e9 \u00e0 75%<\/p>","protected":false},"excerpt":{"rendered":"<p>Three mini-sized Active\u2122 care polishes in a discovery set for naturally radiant and deeply nourished nails\u2014perfect to try, mix, and fall in love with! Enjoy the three must-have make-up effects: glossy effect, plumping effect, and brightening effect with Active Glow\u2122 Raspberry, Active Plump, and Active Bright. Trio of Active\u2122 Best-Sellers Boosts natural radiance and deeply [&hellip;]<\/p>\n","protected":false},"featured_media":1675096,"comment_status":"open","ping_status":"closed","template":"","meta":{"content-type":"","_monsterinsights_skip_tracking":false,"_monsterinsights_sitenote_active":false,"_monsterinsights_sitenote_note":"","_monsterinsights_sitenote_category":0,"_uf_show_specific_survey":0,"_uf_disable_surveys":false},"product_brand":[1907],"product_cat":[1906,1905,1887],"product_tag":[494,1912,1913,1937,1995,1994,461,1993],"class_list":{"0":"post-1675092","1":"product","2":"type-product","3":"status-publish","4":"has-post-thumbnail","6":"product_brand-manucurist","7":"product_cat-nail-kits","8":"product_cat-nail-care","9":"product_cat-greenspells-nails","10":"product_tag-greenspells","11":"product_tag-manucurist","12":"product_tag-nagu-prieziura","13":"product_tag-nail-care","14":"product_tag-naturalus-lakas","15":"product_tag-naturalus-nagu-stipriklis","16":"product_tag-naturali-kosmetika","17":"product_tag-rinkinys-nagams","19":"first","20":"outofstock","21":"taxable","22":"shipping-taxable","23":"purchasable","24":"product-type-simple"},"bundled_by":[],"bundle_stock_status":"outofstock","bundle_stock_quantity":null,"bundle_virtual":false,"bundle_layout":"","bundle_add_to_cart_form_location":"","bundle_editable_in_cart":false,"bundle_sold_individually_context":"","bundle_item_grouping":"","bundle_min_size":"","bundle_max_size":"","bundle_price":[],"bundled_items":[],"bundle_sell_ids":[],"group_of_quantity":0,"min_quantity":0,"max_quantity":"","exclude_order_quantity_value_rules":"no","exclude_category_quantity_rules":"no","combine_variations":"no","exclude_global_add_ons":[],"addons":[],"yoast_head":"<!-- This site is optimized with the Yoast SEO plugin v27.4 - https:\/\/yoast.com\/product\/yoast-seo-wordpress\/ -->\n<title>MANUCURIST  ACTIVES Trio Mini - Greenspells<\/title>\n<meta name=\"description\" content=\"Three mini-sized Active\u2122 care polishes in a discovery set for naturally radiant and deeply nourished nails\u2014perfect to try, mix, and fall in love with!\" \/>\n<meta name=\"robots\" content=\"index, follow, max-snippet:-1, max-image-preview:large, max-video-preview:-1\" \/>\n<link rel=\"canonical\" href=\"https:\/\/greenspells.com\/lt\/produktas\/manucurist-actives-trio-mini\/\" \/>\n<meta property=\"og:locale\" content=\"lt_LT\" \/>\n<meta property=\"og:type\" content=\"article\" \/>\n<meta property=\"og:title\" content=\"MANUCURIST  ACTIVES Trio Mini - Greenspells\" \/>\n<meta property=\"og:description\" content=\"Three mini-sized Active\u2122 care polishes in a discovery set for naturally radiant and deeply nourished nails\u2014perfect to try, mix, and fall in love with!\" \/>\n<meta property=\"og:url\" content=\"https:\/\/greenspells.com\/lt\/produktas\/manucurist-actives-trio-mini\/\" \/>\n<meta property=\"og:site_name\" content=\"Greenspells\" \/>\n<meta property=\"article:publisher\" content=\"https:\/\/www.facebook.com\/Greenspells\" \/>\n<meta property=\"article:modified_time\" content=\"2025-08-20T12:19:01+00:00\" \/>\n<meta property=\"og:image\" content=\"https:\/\/greenspells.com\/wp-content\/uploads\/2025\/07\/TRIOSMOOTHIEACTIVE1.jpg\" \/>\n\t<meta property=\"og:image:width\" content=\"713\" \/>\n\t<meta property=\"og:image:height\" content=\"715\" \/>\n\t<meta property=\"og:image:type\" content=\"image\/jpeg\" \/>\n<meta name=\"twitter:card\" content=\"summary_large_image\" \/>\n<meta name=\"twitter:label1\" content=\"Est. reading time\" \/>\n\t<meta name=\"twitter:data1\" content=\"3 minut\u0117s\" \/>\n<script type=\"application\/ld+json\" class=\"yoast-schema-graph\">{\"@context\":\"https:\\\/\\\/schema.org\",\"@graph\":[{\"@type\":\"WebPage\",\"@id\":\"https:\\\/\\\/greenspells.com\\\/product\\\/manucurist-actives-trio-mini\\\/\",\"url\":\"https:\\\/\\\/greenspells.com\\\/product\\\/manucurist-actives-trio-mini\\\/\",\"name\":\"MANUCURIST ACTIVES Trio Mini - Greenspells\",\"isPartOf\":{\"@id\":\"https:\\\/\\\/greenspells.com\\\/#website\"},\"primaryImageOfPage\":{\"@id\":\"https:\\\/\\\/greenspells.com\\\/product\\\/manucurist-actives-trio-mini\\\/#primaryimage\"},\"image\":{\"@id\":\"https:\\\/\\\/greenspells.com\\\/product\\\/manucurist-actives-trio-mini\\\/#primaryimage\"},\"thumbnailUrl\":\"https:\\\/\\\/i0.wp.com\\\/greenspells.com\\\/wp-content\\\/uploads\\\/2025\\\/07\\\/TRIOSMOOTHIEACTIVE1.jpg?fit=713%2C715&ssl=1\",\"datePublished\":\"2025-07-16T07:22:35+00:00\",\"dateModified\":\"2025-08-20T12:19:01+00:00\",\"description\":\"Three mini-sized Active\u2122 care polishes in a discovery set for naturally radiant and deeply nourished nails\u2014perfect to try, mix, and fall in love with!\",\"breadcrumb\":{\"@id\":\"https:\\\/\\\/greenspells.com\\\/product\\\/manucurist-actives-trio-mini\\\/#breadcrumb\"},\"inLanguage\":\"lt-LT\",\"potentialAction\":[{\"@type\":\"ReadAction\",\"target\":[\"https:\\\/\\\/greenspells.com\\\/product\\\/manucurist-actives-trio-mini\\\/\"]}]},{\"@type\":\"ImageObject\",\"inLanguage\":\"lt-LT\",\"@id\":\"https:\\\/\\\/greenspells.com\\\/product\\\/manucurist-actives-trio-mini\\\/#primaryimage\",\"url\":\"https:\\\/\\\/i0.wp.com\\\/greenspells.com\\\/wp-content\\\/uploads\\\/2025\\\/07\\\/TRIOSMOOTHIEACTIVE1.jpg?fit=713%2C715&ssl=1\",\"contentUrl\":\"https:\\\/\\\/i0.wp.com\\\/greenspells.com\\\/wp-content\\\/uploads\\\/2025\\\/07\\\/TRIOSMOOTHIEACTIVE1.jpg?fit=713%2C715&ssl=1\",\"width\":713,\"height\":715},{\"@type\":\"BreadcrumbList\",\"@id\":\"https:\\\/\\\/greenspells.com\\\/product\\\/manucurist-actives-trio-mini\\\/#breadcrumb\",\"itemListElement\":[{\"@type\":\"ListItem\",\"position\":1,\"name\":\"Home\",\"item\":\"https:\\\/\\\/greenspells.com\\\/\"},{\"@type\":\"ListItem\",\"position\":2,\"name\":\"Shop\",\"item\":\"https:\\\/\\\/greenspells.com\\\/shop\\\/\"},{\"@type\":\"ListItem\",\"position\":3,\"name\":\"MANUCURIST ACTIVES Trio Mini\"}]},{\"@type\":\"WebSite\",\"@id\":\"https:\\\/\\\/greenspells.com\\\/#website\",\"url\":\"https:\\\/\\\/greenspells.com\\\/\",\"name\":\"Greenspells\",\"description\":\"Nat\u016brali ir ekologi\u0161ka kosmetika\",\"publisher\":{\"@id\":\"https:\\\/\\\/greenspells.com\\\/#organization\"},\"potentialAction\":[{\"@type\":\"SearchAction\",\"target\":{\"@type\":\"EntryPoint\",\"urlTemplate\":\"https:\\\/\\\/greenspells.com\\\/?s={search_term_string}\"},\"query-input\":{\"@type\":\"PropertyValueSpecification\",\"valueRequired\":true,\"valueName\":\"search_term_string\"}}],\"inLanguage\":\"lt-LT\"},{\"@type\":\"Organization\",\"@id\":\"https:\\\/\\\/greenspells.com\\\/#organization\",\"name\":\"Greenspells\",\"url\":\"https:\\\/\\\/greenspells.com\\\/\",\"logo\":{\"@type\":\"ImageObject\",\"inLanguage\":\"lt-LT\",\"@id\":\"https:\\\/\\\/greenspells.com\\\/#\\\/schema\\\/logo\\\/image\\\/\",\"url\":\"https:\\\/\\\/i0.wp.com\\\/greenspells.com\\\/wp-content\\\/uploads\\\/2020\\\/09\\\/20200722_153424_0000.png?fit=1500%2C1500&ssl=1\",\"contentUrl\":\"https:\\\/\\\/i0.wp.com\\\/greenspells.com\\\/wp-content\\\/uploads\\\/2020\\\/09\\\/20200722_153424_0000.png?fit=1500%2C1500&ssl=1\",\"width\":1500,\"height\":1500,\"caption\":\"Greenspells\"},\"image\":{\"@id\":\"https:\\\/\\\/greenspells.com\\\/#\\\/schema\\\/logo\\\/image\\\/\"},\"sameAs\":[\"https:\\\/\\\/www.facebook.com\\\/Greenspells\",\"https:\\\/\\\/www.instagram.com\\\/greenspells_store\\\/\"]}]}<\/script>\n<!-- \/ Yoast SEO plugin. -->","yoast_head_json":{"title":"MANUCURIST  ACTIVES Trio Mini - Greenspells","description":"Trys mini dyd\u017eio ACTIVE serijos stiprikliai rinkinyje, giliai pamaitintiems, \u0161vytintiems nagams. Tobulas rinkinys, kai norisi i\u0161bandyti kelis produktus!","robots":{"index":"index","follow":"follow","max-snippet":"max-snippet:-1","max-image-preview":"max-image-preview:large","max-video-preview":"max-video-preview:-1"},"canonical":"https:\/\/greenspells.com\/lt\/produktas\/manucurist-actives-trio-mini\/","og_locale":"lt_LT","og_type":"article","og_title":"MANUCURIST  ACTIVES Trio Mini - Greenspells","og_description":"Three mini-sized Active\u2122 care polishes in a discovery set for naturally radiant and deeply nourished nails\u2014perfect to try, mix, and fall in love with!","og_url":"https:\/\/greenspells.com\/lt\/produktas\/manucurist-actives-trio-mini\/","og_site_name":"Greenspells","article_publisher":"https:\/\/www.facebook.com\/Greenspells","article_modified_time":"2025-08-20T12:19:01+00:00","og_image":[{"width":713,"height":715,"url":"https:\/\/greenspells.com\/wp-content\/uploads\/2025\/07\/TRIOSMOOTHIEACTIVE1.jpg","type":"image\/jpeg"}],"twitter_card":"summary_large_image","twitter_misc":{"Est. reading time":"3 minut\u0117s"},"schema":{"@context":"https:\/\/schema.org","@graph":[{"@type":"WebPage","@id":"https:\/\/greenspells.com\/product\/manucurist-actives-trio-mini\/","url":"https:\/\/greenspells.com\/product\/manucurist-actives-trio-mini\/","name":"MANUCURIST ACTIVES Trio Mini - Greenspells","isPartOf":{"@id":"https:\/\/greenspells.com\/#website"},"primaryImageOfPage":{"@id":"https:\/\/greenspells.com\/product\/manucurist-actives-trio-mini\/#primaryimage"},"image":{"@id":"https:\/\/greenspells.com\/product\/manucurist-actives-trio-mini\/#primaryimage"},"thumbnailUrl":"https:\/\/i0.wp.com\/greenspells.com\/wp-content\/uploads\/2025\/07\/TRIOSMOOTHIEACTIVE1.jpg?fit=713%2C715&ssl=1","datePublished":"2025-07-16T07:22:35+00:00","dateModified":"2025-08-20T12:19:01+00:00","description":"Trys mini dyd\u017eio ACTIVE serijos stiprikliai rinkinyje, giliai pamaitintiems, \u0161vytintiems nagams. Tobulas rinkinys, kai norisi i\u0161bandyti kelis produktus!","breadcrumb":{"@id":"https:\/\/greenspells.com\/product\/manucurist-actives-trio-mini\/#breadcrumb"},"inLanguage":"lt-LT","potentialAction":[{"@type":"ReadAction","target":["https:\/\/greenspells.com\/product\/manucurist-actives-trio-mini\/"]}]},{"@type":"ImageObject","inLanguage":"lt-LT","@id":"https:\/\/greenspells.com\/product\/manucurist-actives-trio-mini\/#primaryimage","url":"https:\/\/i0.wp.com\/greenspells.com\/wp-content\/uploads\/2025\/07\/TRIOSMOOTHIEACTIVE1.jpg?fit=713%2C715&ssl=1","contentUrl":"https:\/\/i0.wp.com\/greenspells.com\/wp-content\/uploads\/2025\/07\/TRIOSMOOTHIEACTIVE1.jpg?fit=713%2C715&ssl=1","width":713,"height":715},{"@type":"BreadcrumbList","@id":"https:\/\/greenspells.com\/product\/manucurist-actives-trio-mini\/#breadcrumb","itemListElement":[{"@type":"ListItem","position":1,"name":"Home","item":"https:\/\/greenspells.com\/"},{"@type":"ListItem","position":2,"name":"Shop","item":"https:\/\/greenspells.com\/shop\/"},{"@type":"ListItem","position":3,"name":"MANUCURIST ACTIVES Trio Mini"}]},{"@type":"WebSite","@id":"https:\/\/greenspells.com\/#website","url":"https:\/\/greenspells.com\/","name":"Greenspells","description":"Nat\u016brali ir ekologi\u0161ka kosmetika","publisher":{"@id":"https:\/\/greenspells.com\/#organization"},"potentialAction":[{"@type":"SearchAction","target":{"@type":"EntryPoint","urlTemplate":"https:\/\/greenspells.com\/?s={search_term_string}"},"query-input":{"@type":"PropertyValueSpecification","valueRequired":true,"valueName":"search_term_string"}}],"inLanguage":"lt-LT"},{"@type":"Organization","@id":"https:\/\/greenspells.com\/#organization","name":"Greenspells","url":"https:\/\/greenspells.com\/","logo":{"@type":"ImageObject","inLanguage":"lt-LT","@id":"https:\/\/greenspells.com\/#\/schema\/logo\/image\/","url":"https:\/\/i0.wp.com\/greenspells.com\/wp-content\/uploads\/2020\/09\/20200722_153424_0000.png?fit=1500%2C1500&ssl=1","contentUrl":"https:\/\/i0.wp.com\/greenspells.com\/wp-content\/uploads\/2020\/09\/20200722_153424_0000.png?fit=1500%2C1500&ssl=1","width":1500,"height":1500,"caption":"Greenspells"},"image":{"@id":"https:\/\/greenspells.com\/#\/schema\/logo\/image\/"},"sameAs":["https:\/\/www.facebook.com\/Greenspells","https:\/\/www.instagram.com\/greenspells_store\/"]}]}},"jetpack_likes_enabled":true,"jetpack_sharing_enabled":true,"_links":{"self":[{"href":"https:\/\/greenspells.com\/lt\/wp-json\/wp\/v2\/product\/1675092","targetHints":{"allow":["GET"]}}],"collection":[{"href":"https:\/\/greenspells.com\/lt\/wp-json\/wp\/v2\/product"}],"about":[{"href":"https:\/\/greenspells.com\/lt\/wp-json\/wp\/v2\/types\/product"}],"replies":[{"embeddable":true,"href":"https:\/\/greenspells.com\/lt\/wp-json\/wp\/v2\/comments?post=1675092"}],"wp:featuredmedia":[{"embeddable":true,"href":"https:\/\/greenspells.com\/lt\/wp-json\/wp\/v2\/media\/1675096"}],"wp:attachment":[{"href":"https:\/\/greenspells.com\/lt\/wp-json\/wp\/v2\/media?parent=1675092"}],"wp:term":[{"taxonomy":"product_brand","embeddable":true,"href":"https:\/\/greenspells.com\/lt\/wp-json\/wp\/v2\/product_brand?post=1675092"},{"taxonomy":"product_cat","embeddable":true,"href":"https:\/\/greenspells.com\/lt\/wp-json\/wp\/v2\/product_cat?post=1675092"},{"taxonomy":"product_tag","embeddable":true,"href":"https:\/\/greenspells.com\/lt\/wp-json\/wp\/v2\/product_tag?post=1675092"}],"curies":[{"name":"wp","href":"https:\/\/api.w.org\/{rel}","templated":true}]}}