{"id":1674949,"date":"2025-07-01T21:07:21","date_gmt":"2025-07-01T19:07:21","guid":{"rendered":"https:\/\/greenspells.com\/?post_type=product&#038;p=1674949"},"modified":"2025-12-05T12:33:20","modified_gmt":"2025-12-05T10:33:20","slug":"manucurist-nail-strengthener-s-o-s","status":"publish","type":"product","link":"https:\/\/greenspells.com\/lt\/produktas\/manucurist-nail-strengthener-s-o-s\/","title":{"rendered":"MANUCURIST <br> Nag\u0173 stipriklis S.O.S"},"content":{"rendered":"<p>Atgaivinkite ir sustiprinkite pa\u017eeistus, \u0161iurk\u0161\u010dius, silpnus nagus su stiprikliu S.O.S baziniu sluoksniu. Jis stiprina, atstato ir atnaujina nagus. Stipriai koncentruota formul\u0117 praturtinta AHA r\u016bg\u0161timis, Vit C, Vit B5, heksanalu - veikia kaip apsauginis skydas, sustiprinantis nago plok\u0161tel\u0119, atgaivinantis nagus, nusilpusius d\u0117l i\u0161orinio aplinkos poveikio ar ilgalaikio gelinio lakavimo.<\/p>\n<p>\u0160velniai eksfolijuoja, stimuliuoja l\u0105steli\u0173 atsinaujinim\u0105, stiprina keratino pluo\u0161t\u0105, didina nag\u0173 atsparum\u0105, nagai tampa pastebimai stipresni, sveikesni, glotnesni.<\/p>\n<p>Klini\u0161kai patvirtinti rezultatai: vos per 3 savaites nagai tampa pastebimai stipresni, tvirtesni ir giliai atsistat\u0119, sveikai \u017evilgantys ir gyvybingi.<\/p>\n<p>78% augalin\u0117s kilm\u0117s ingredient\u0173, vegani\u0161kas. Praturtintas AHA r\u016bg\u0161timis, Vit C, Vit B5, heksanalu. Dr\u0117kina, stiprina, atstato nagus jau nuo pirmo panaudojimo. \nPuikiai tinka naudoti tarpuose tarp gelini\u0173 lakavim\u0173, padeda sustiprinti ir atstatyti nagus jau per savait\u0119.<\/p>\n<ul>\n<li>Atstato ir stiprina<\/li>\n<li>Multivitamin\u0173 kompleksas optimaliai nago sveikatai<\/li>\n<li>AHA praturtinta formul\u0117, skatinanti atsinaujinim\u0105<\/li>\n<li>Kartu yra ir apsauginis bazinis sluoksnis<\/li>\n<li>Perdirbamo stiklo pakuot\u0117j\u0119.<\/li>\n<\/ul>\n<p><em><strong>Kaip naudoti?<\/strong><\/em><\/p>\n<p>Naudokite vien\u0105 ant \u0161vari\u0173 nag\u0173, arba kaip GREEN serijos nag\u0173 lako pagrind\u0105. Intensyviam stiprinimui naudokite 2 kartus per savait\u0119.<\/p>\n<p><em><strong>Sud\u0117tis:<\/strong><\/em><\/p>\n<p>ETHYL ACETATE, BUTYL ACETATE, NITROCELLULOSE, ADIPIC ACID\/NEOPENTYL GLYCOL\/TRIMELLITIC ANHYDRIDE COPOLYMER, ACETYL TRIBUTYL CITRATE, ALCOHOL, SUCROSE ACETATE ISOBUTYRATE, HEA IPDI ISOCYANURATE TRIMER\/POLYCAPROLACTONE DIOL COPOLYMER, GLYCOLIC ACID, TRIS-HEA ISOCYANURATE TRIMER, N-BUTYL ALCOHOL, ISOPROPYL ALCOHOL, ETOCRYLENE, MALIC ACID, LACTIC ACID, HEXANAL, TRIMETHYLPENTANEDIYL DIBENZOATE, AQUA (WATER), PANTHENOL, MAGNESIUM ASCORBYL PHOSPHATE, CI 60725 (VIOLET 2), TOCOPHEROL<\/p>\n<p>78% plant-based<\/p>","protected":false},"excerpt":{"rendered":"<p>Rescue and revive fragile, brittle, or severely damaged nails with the S.O.S. Base, a powerhouse treatment designed to repair, strengthen, and restore. Its highly concentrated formula, enriched with AHAs, vitamin C, vitamin B5, and hexanal, works like a protective shield, reinforcing the nail plate and revitalizing nails weakened by gel polish or external stressors. By [&hellip;]<\/p>\n","protected":false},"featured_media":1674954,"comment_status":"open","ping_status":"closed","template":"","meta":{"content-type":"","_monsterinsights_skip_tracking":false,"_monsterinsights_sitenote_active":false,"_monsterinsights_sitenote_note":"","_monsterinsights_sitenote_category":0,"_uf_show_specific_survey":0,"_uf_disable_surveys":false},"product_brand":[1907],"product_cat":[1905,1887,15],"product_tag":[494,1912,1977,1934,1917,1952,1951],"class_list":{"0":"post-1674949","1":"product","2":"type-product","3":"status-publish","4":"has-post-thumbnail","6":"product_brand-manucurist","7":"product_cat-nail-care","8":"product_cat-greenspells-nails","9":"product_cat-all-products","10":"product_tag-greenspells","11":"product_tag-manucurist","12":"product_tag-nagu-stiprintojas","13":"product_tag-nagu-stipriklis","14":"product_tag-naturali-nagu-prieziura","15":"product_tag-stiprus-nagai","16":"product_tag-sveiki-nagai","18":"first","19":"instock","20":"taxable","21":"shipping-taxable","22":"purchasable","23":"product-type-simple"},"bundled_by":[],"bundle_stock_status":"instock","bundle_stock_quantity":null,"bundle_virtual":false,"bundle_layout":"","bundle_add_to_cart_form_location":"","bundle_editable_in_cart":false,"bundle_sold_individually_context":"","bundle_item_grouping":"","bundle_min_size":"","bundle_max_size":"","bundle_price":[],"bundled_items":[],"bundle_sell_ids":[],"group_of_quantity":0,"min_quantity":0,"max_quantity":"","exclude_order_quantity_value_rules":"no","exclude_category_quantity_rules":"no","combine_variations":"no","exclude_global_add_ons":[],"addons":[],"yoast_head":"<!-- This site is optimized with the Yoast SEO plugin v27.4 - https:\/\/yoast.com\/product\/yoast-seo-wordpress\/ -->\n<title>MANUCURIST  Nail Strengthener S.O.S - Greenspells<\/title>\n<meta name=\"description\" content=\"Rescue and revive fragile, brittle, or severely damaged nails with the S.O.S. Base, a powerhouse treatment designed to repair, strengthen, and restore.\" \/>\n<meta name=\"robots\" content=\"index, follow, max-snippet:-1, max-image-preview:large, max-video-preview:-1\" \/>\n<link rel=\"canonical\" href=\"https:\/\/greenspells.com\/lt\/produktas\/manucurist-nail-strengthener-s-o-s\/\" \/>\n<meta property=\"og:locale\" content=\"lt_LT\" \/>\n<meta property=\"og:type\" content=\"article\" \/>\n<meta property=\"og:title\" content=\"MANUCURIST  Nail Strengthener S.O.S - Greenspells\" \/>\n<meta property=\"og:description\" content=\"Rescue and revive fragile, brittle, or severely damaged nails with the S.O.S. Base, a powerhouse treatment designed to repair, strengthen, and restore.\" \/>\n<meta property=\"og:url\" content=\"https:\/\/greenspells.com\/lt\/produktas\/manucurist-nail-strengthener-s-o-s\/\" \/>\n<meta property=\"og:site_name\" content=\"Greenspells\" \/>\n<meta property=\"article:publisher\" content=\"https:\/\/www.facebook.com\/Greenspells\" \/>\n<meta property=\"article:modified_time\" content=\"2025-12-05T10:33:20+00:00\" \/>\n<meta property=\"og:image\" content=\"https:\/\/greenspells.com\/wp-content\/uploads\/2025\/07\/s.o.s.-base.webp\" \/>\n\t<meta property=\"og:image:width\" content=\"1100\" \/>\n\t<meta property=\"og:image:height\" content=\"1100\" \/>\n\t<meta property=\"og:image:type\" content=\"image\/webp\" \/>\n<meta name=\"twitter:card\" content=\"summary_large_image\" \/>\n<meta name=\"twitter:label1\" content=\"Est. reading time\" \/>\n\t<meta name=\"twitter:data1\" content=\"2 minut\u0117s\" \/>\n<script type=\"application\/ld+json\" class=\"yoast-schema-graph\">{\"@context\":\"https:\\\/\\\/schema.org\",\"@graph\":[{\"@type\":\"WebPage\",\"@id\":\"https:\\\/\\\/greenspells.com\\\/product\\\/manucurist-nail-strengthener-s-o-s\\\/\",\"url\":\"https:\\\/\\\/greenspells.com\\\/product\\\/manucurist-nail-strengthener-s-o-s\\\/\",\"name\":\"MANUCURIST Nail Strengthener S.O.S - Greenspells\",\"isPartOf\":{\"@id\":\"https:\\\/\\\/greenspells.com\\\/#website\"},\"primaryImageOfPage\":{\"@id\":\"https:\\\/\\\/greenspells.com\\\/product\\\/manucurist-nail-strengthener-s-o-s\\\/#primaryimage\"},\"image\":{\"@id\":\"https:\\\/\\\/greenspells.com\\\/product\\\/manucurist-nail-strengthener-s-o-s\\\/#primaryimage\"},\"thumbnailUrl\":\"https:\\\/\\\/i0.wp.com\\\/greenspells.com\\\/wp-content\\\/uploads\\\/2025\\\/07\\\/s.o.s.-base.webp?fit=1100%2C1100&ssl=1\",\"datePublished\":\"2025-07-01T19:07:21+00:00\",\"dateModified\":\"2025-12-05T10:33:20+00:00\",\"description\":\"Rescue and revive fragile, brittle, or severely damaged nails with the S.O.S. Base, a powerhouse treatment designed to repair, strengthen, and restore.\",\"breadcrumb\":{\"@id\":\"https:\\\/\\\/greenspells.com\\\/product\\\/manucurist-nail-strengthener-s-o-s\\\/#breadcrumb\"},\"inLanguage\":\"lt-LT\",\"potentialAction\":[{\"@type\":\"ReadAction\",\"target\":[\"https:\\\/\\\/greenspells.com\\\/product\\\/manucurist-nail-strengthener-s-o-s\\\/\"]}]},{\"@type\":\"ImageObject\",\"inLanguage\":\"lt-LT\",\"@id\":\"https:\\\/\\\/greenspells.com\\\/product\\\/manucurist-nail-strengthener-s-o-s\\\/#primaryimage\",\"url\":\"https:\\\/\\\/i0.wp.com\\\/greenspells.com\\\/wp-content\\\/uploads\\\/2025\\\/07\\\/s.o.s.-base.webp?fit=1100%2C1100&ssl=1\",\"contentUrl\":\"https:\\\/\\\/i0.wp.com\\\/greenspells.com\\\/wp-content\\\/uploads\\\/2025\\\/07\\\/s.o.s.-base.webp?fit=1100%2C1100&ssl=1\",\"width\":1100,\"height\":1100},{\"@type\":\"BreadcrumbList\",\"@id\":\"https:\\\/\\\/greenspells.com\\\/product\\\/manucurist-nail-strengthener-s-o-s\\\/#breadcrumb\",\"itemListElement\":[{\"@type\":\"ListItem\",\"position\":1,\"name\":\"Home\",\"item\":\"https:\\\/\\\/greenspells.com\\\/\"},{\"@type\":\"ListItem\",\"position\":2,\"name\":\"Shop\",\"item\":\"https:\\\/\\\/greenspells.com\\\/shop\\\/\"},{\"@type\":\"ListItem\",\"position\":3,\"name\":\"MANUCURIST Nail Strengthener S.O.S\"}]},{\"@type\":\"WebSite\",\"@id\":\"https:\\\/\\\/greenspells.com\\\/#website\",\"url\":\"https:\\\/\\\/greenspells.com\\\/\",\"name\":\"Greenspells\",\"description\":\"Nat\u016brali ir ekologi\u0161ka kosmetika\",\"publisher\":{\"@id\":\"https:\\\/\\\/greenspells.com\\\/#organization\"},\"potentialAction\":[{\"@type\":\"SearchAction\",\"target\":{\"@type\":\"EntryPoint\",\"urlTemplate\":\"https:\\\/\\\/greenspells.com\\\/?s={search_term_string}\"},\"query-input\":{\"@type\":\"PropertyValueSpecification\",\"valueRequired\":true,\"valueName\":\"search_term_string\"}}],\"inLanguage\":\"lt-LT\"},{\"@type\":\"Organization\",\"@id\":\"https:\\\/\\\/greenspells.com\\\/#organization\",\"name\":\"Greenspells\",\"url\":\"https:\\\/\\\/greenspells.com\\\/\",\"logo\":{\"@type\":\"ImageObject\",\"inLanguage\":\"lt-LT\",\"@id\":\"https:\\\/\\\/greenspells.com\\\/#\\\/schema\\\/logo\\\/image\\\/\",\"url\":\"https:\\\/\\\/i0.wp.com\\\/greenspells.com\\\/wp-content\\\/uploads\\\/2020\\\/09\\\/20200722_153424_0000.png?fit=1500%2C1500&ssl=1\",\"contentUrl\":\"https:\\\/\\\/i0.wp.com\\\/greenspells.com\\\/wp-content\\\/uploads\\\/2020\\\/09\\\/20200722_153424_0000.png?fit=1500%2C1500&ssl=1\",\"width\":1500,\"height\":1500,\"caption\":\"Greenspells\"},\"image\":{\"@id\":\"https:\\\/\\\/greenspells.com\\\/#\\\/schema\\\/logo\\\/image\\\/\"},\"sameAs\":[\"https:\\\/\\\/www.facebook.com\\\/Greenspells\",\"https:\\\/\\\/www.instagram.com\\\/greenspells_store\\\/\"]}]}<\/script>\n<!-- \/ Yoast SEO plugin. -->","yoast_head_json":{"title":"MANUCURIST  Nail Strengthener S.O.S - Greenspells","description":"Rescue and revive fragile, brittle, or severely damaged nails with the S.O.S. Base, a powerhouse treatment designed to repair, strengthen, and restore.","robots":{"index":"index","follow":"follow","max-snippet":"max-snippet:-1","max-image-preview":"max-image-preview:large","max-video-preview":"max-video-preview:-1"},"canonical":"https:\/\/greenspells.com\/lt\/produktas\/manucurist-nail-strengthener-s-o-s\/","og_locale":"lt_LT","og_type":"article","og_title":"MANUCURIST  Nail Strengthener S.O.S - Greenspells","og_description":"Rescue and revive fragile, brittle, or severely damaged nails with the S.O.S. Base, a powerhouse treatment designed to repair, strengthen, and restore.","og_url":"https:\/\/greenspells.com\/lt\/produktas\/manucurist-nail-strengthener-s-o-s\/","og_site_name":"Greenspells","article_publisher":"https:\/\/www.facebook.com\/Greenspells","article_modified_time":"2025-12-05T10:33:20+00:00","og_image":[{"width":1100,"height":1100,"url":"https:\/\/greenspells.com\/wp-content\/uploads\/2025\/07\/s.o.s.-base.webp","type":"image\/webp"}],"twitter_card":"summary_large_image","twitter_misc":{"Est. reading time":"2 minut\u0117s"},"schema":{"@context":"https:\/\/schema.org","@graph":[{"@type":"WebPage","@id":"https:\/\/greenspells.com\/product\/manucurist-nail-strengthener-s-o-s\/","url":"https:\/\/greenspells.com\/product\/manucurist-nail-strengthener-s-o-s\/","name":"MANUCURIST Nail Strengthener S.O.S - Greenspells","isPartOf":{"@id":"https:\/\/greenspells.com\/#website"},"primaryImageOfPage":{"@id":"https:\/\/greenspells.com\/product\/manucurist-nail-strengthener-s-o-s\/#primaryimage"},"image":{"@id":"https:\/\/greenspells.com\/product\/manucurist-nail-strengthener-s-o-s\/#primaryimage"},"thumbnailUrl":"https:\/\/i0.wp.com\/greenspells.com\/wp-content\/uploads\/2025\/07\/s.o.s.-base.webp?fit=1100%2C1100&ssl=1","datePublished":"2025-07-01T19:07:21+00:00","dateModified":"2025-12-05T10:33:20+00:00","description":"Rescue and revive fragile, brittle, or severely damaged nails with the S.O.S. Base, a powerhouse treatment designed to repair, strengthen, and restore.","breadcrumb":{"@id":"https:\/\/greenspells.com\/product\/manucurist-nail-strengthener-s-o-s\/#breadcrumb"},"inLanguage":"lt-LT","potentialAction":[{"@type":"ReadAction","target":["https:\/\/greenspells.com\/product\/manucurist-nail-strengthener-s-o-s\/"]}]},{"@type":"ImageObject","inLanguage":"lt-LT","@id":"https:\/\/greenspells.com\/product\/manucurist-nail-strengthener-s-o-s\/#primaryimage","url":"https:\/\/i0.wp.com\/greenspells.com\/wp-content\/uploads\/2025\/07\/s.o.s.-base.webp?fit=1100%2C1100&ssl=1","contentUrl":"https:\/\/i0.wp.com\/greenspells.com\/wp-content\/uploads\/2025\/07\/s.o.s.-base.webp?fit=1100%2C1100&ssl=1","width":1100,"height":1100},{"@type":"BreadcrumbList","@id":"https:\/\/greenspells.com\/product\/manucurist-nail-strengthener-s-o-s\/#breadcrumb","itemListElement":[{"@type":"ListItem","position":1,"name":"Home","item":"https:\/\/greenspells.com\/"},{"@type":"ListItem","position":2,"name":"Shop","item":"https:\/\/greenspells.com\/shop\/"},{"@type":"ListItem","position":3,"name":"MANUCURIST Nail Strengthener S.O.S"}]},{"@type":"WebSite","@id":"https:\/\/greenspells.com\/#website","url":"https:\/\/greenspells.com\/","name":"Greenspells","description":"Nat\u016brali ir ekologi\u0161ka kosmetika","publisher":{"@id":"https:\/\/greenspells.com\/#organization"},"potentialAction":[{"@type":"SearchAction","target":{"@type":"EntryPoint","urlTemplate":"https:\/\/greenspells.com\/?s={search_term_string}"},"query-input":{"@type":"PropertyValueSpecification","valueRequired":true,"valueName":"search_term_string"}}],"inLanguage":"lt-LT"},{"@type":"Organization","@id":"https:\/\/greenspells.com\/#organization","name":"Greenspells","url":"https:\/\/greenspells.com\/","logo":{"@type":"ImageObject","inLanguage":"lt-LT","@id":"https:\/\/greenspells.com\/#\/schema\/logo\/image\/","url":"https:\/\/i0.wp.com\/greenspells.com\/wp-content\/uploads\/2020\/09\/20200722_153424_0000.png?fit=1500%2C1500&ssl=1","contentUrl":"https:\/\/i0.wp.com\/greenspells.com\/wp-content\/uploads\/2020\/09\/20200722_153424_0000.png?fit=1500%2C1500&ssl=1","width":1500,"height":1500,"caption":"Greenspells"},"image":{"@id":"https:\/\/greenspells.com\/#\/schema\/logo\/image\/"},"sameAs":["https:\/\/www.facebook.com\/Greenspells","https:\/\/www.instagram.com\/greenspells_store\/"]}]}},"jetpack_likes_enabled":true,"jetpack_sharing_enabled":true,"_links":{"self":[{"href":"https:\/\/greenspells.com\/lt\/wp-json\/wp\/v2\/product\/1674949","targetHints":{"allow":["GET"]}}],"collection":[{"href":"https:\/\/greenspells.com\/lt\/wp-json\/wp\/v2\/product"}],"about":[{"href":"https:\/\/greenspells.com\/lt\/wp-json\/wp\/v2\/types\/product"}],"replies":[{"embeddable":true,"href":"https:\/\/greenspells.com\/lt\/wp-json\/wp\/v2\/comments?post=1674949"}],"wp:featuredmedia":[{"embeddable":true,"href":"https:\/\/greenspells.com\/lt\/wp-json\/wp\/v2\/media\/1674954"}],"wp:attachment":[{"href":"https:\/\/greenspells.com\/lt\/wp-json\/wp\/v2\/media?parent=1674949"}],"wp:term":[{"taxonomy":"product_brand","embeddable":true,"href":"https:\/\/greenspells.com\/lt\/wp-json\/wp\/v2\/product_brand?post=1674949"},{"taxonomy":"product_cat","embeddable":true,"href":"https:\/\/greenspells.com\/lt\/wp-json\/wp\/v2\/product_cat?post=1674949"},{"taxonomy":"product_tag","embeddable":true,"href":"https:\/\/greenspells.com\/lt\/wp-json\/wp\/v2\/product_tag?post=1674949"}],"curies":[{"name":"wp","href":"https:\/\/api.w.org\/{rel}","templated":true}]}}