{"id":1674899,"date":"2025-06-29T10:50:40","date_gmt":"2025-06-29T08:50:40","guid":{"rendered":"https:\/\/greenspells.com\/?post_type=product&#038;p=1674899"},"modified":"2025-12-05T12:33:53","modified_gmt":"2025-12-05T10:33:53","slug":"manucurist-hand-cream-fleur-dorange","status":"publish","type":"product","link":"https:\/\/greenspells.com\/lt\/produktas\/manucurist-hand-cream-fleur-dorange\/","title":{"rendered":"MANUCURIST <br> Kremas rankoms 60ml<br> Fleur d&#8217;Orange"},"content":{"rendered":"<p>Dr\u0117kinantis rank\u0173 kremas, lengvai susigeriantis, nepaliekantis riebumo ar lipnumo poj\u016b\u010dio.<\/p>\n<p>Cosmos Organic* sertifikuota formul\u0117 praturtinta kokos\u0173 aliejumi, raps\u0173 va\u0161ku ir alijo\u0161iumi, giliai drekina od\u0105, palikdamas \u0161veln\u0173 apelsin\u0173 \u017eied\u0173 aromat\u0105.<\/p>\n<p>Krem\u0105 sudaro iki\u00a0<strong>98.7% nat\u016bralios kilm\u0117s ingredient\u0173,<\/strong>\u00a0maksimaliam\u00a0<strong>dr\u0117kinimui.<\/strong>Rankos tampa \u0161velnesn\u0117s, apsaugotos ir pastebimai glotnesn\u0117s.<\/p>\n<p>Visi\u0161kai nat\u016bral\u016bs kvapai, sukurti prac\u016bzi\u0161k\u0173 nosi\u0173, specialiai MANUCURIST! \u0160velnus, jaukus kvapas, su vaisin\u0117mis apelsin\u0173 ir apelsin\u0173 \u017eied\u0173 u\u017euominomis, i\u0161skirtin\u0117mis medaus ir bergamo\u010di\u0173 natomis.<\/p>\n<p><em><strong>Kaip naudoti?<\/strong><\/em><\/p>\n<p>Kada tik jau\u010diate poreik\u012f - bet kada dienos metu, norint apsisaugoti nuo i\u0161saus\u0117jimo. Naudokite prie\u0161 ar po maniki\u016bro.<\/p>\n<p><em><strong>Sud\u0117tis:<\/strong><\/em><\/p>\n<p>Aqua (Water), Caprylic\/Capric Triglyceride, Glycerin, Cetearyl Alcohol, Helianthus Annuus (Sunflower) Seed Oil*, Jojoba Esters, Helianthus Annuus (Sunflower) Seed Wax, Glyceryl Stearate Citrate, Hydrogenated Rapeseed Oil, Parfum (Fragrance), Benzyl Alcohol, Sodium Stearoyl Lactylate, Xanthan Gum, Sodium Benzoate, Aloe Barbadensis Leaf Extract*, Acacia Decurrens Flower Wax, Polyglycerin-3, Dehydroacetic Acid, Linalool, Citric Acid, Biosaccharide Gum-1, Eugenol, Sodium Levulinate, Limonene, Glyceryl Caprylate, Lilium Candidum Flower Extract, Citronellol, Sodium Anisate, Geraniol, Citral<\/p>\n<p>Avec 98,7% d&#8217;ingr\u00e9dients d&#8217;origine naturelle<\/p>\n<p>*Ingr\u00e9dients issus de l\u2019agriculture biologique<\/p>","protected":false},"excerpt":{"rendered":"<p>Moisturising hand cream with an easily absorbed texture that leaves no oily or sticky residue. Its Cosmos Organic*-certified formula enriched with coconut oil, rapeseed wax and aloe vera deeply hydrates the skin while infusing it with a soft orange blossom scent. Its formula contains up to\u00a098.7% ingredients of natural origin\u00a0for maximum\u00a0hydration. Hands are soft, protected [&hellip;]<\/p>\n","protected":false},"featured_media":1674909,"comment_status":"open","ping_status":"closed","template":"","meta":{"content-type":"","_monsterinsights_skip_tracking":false,"_monsterinsights_sitenote_active":false,"_monsterinsights_sitenote_note":"","_monsterinsights_sitenote_category":0,"_uf_show_specific_survey":0,"_uf_disable_surveys":false},"product_brand":[1907],"product_cat":[137,141,1905,1887,15],"product_tag":[306,939,1912,1782,638,1973,1974,938],"class_list":{"0":"post-1674899","1":"product","2":"type-product","3":"status-publish","4":"has-post-thumbnail","6":"product_brand-manucurist","7":"product_cat-bath-and-body","8":"product_cat-hand-body-lotions","9":"product_cat-nail-care","10":"product_cat-greenspells-nails","11":"product_cat-all-products","12":"product_tag-hand-cream","13":"product_tag-kremas-rankoms","14":"product_tag-manucurist","15":"product_tag-naturalus-ranku-kremas","16":"product_tag-naturalus-kremas","17":"product_tag-naturl-hand-cream","18":"product_tag-ranku-prieziura","19":"product_tag-ranku-kremas","21":"first","22":"instock","23":"taxable","24":"shipping-taxable","25":"purchasable","26":"product-type-simple"},"bundled_by":[],"bundle_stock_status":"instock","bundle_stock_quantity":null,"bundle_virtual":false,"bundle_layout":"","bundle_add_to_cart_form_location":"","bundle_editable_in_cart":false,"bundle_sold_individually_context":"","bundle_item_grouping":"","bundle_min_size":"","bundle_max_size":"","bundle_price":[],"bundled_items":[],"bundle_sell_ids":[],"group_of_quantity":0,"min_quantity":0,"max_quantity":"","exclude_order_quantity_value_rules":"no","exclude_category_quantity_rules":"no","combine_variations":"no","exclude_global_add_ons":[],"addons":[],"yoast_head":"<!-- This site is optimized with the Yoast SEO plugin v27.5 - https:\/\/yoast.com\/product\/yoast-seo-wordpress\/ -->\n<title>MANUCURIST  Hand cream 60ml Fleur d&#039;Orange - Greenspells<\/title>\n<meta name=\"description\" content=\"Moisturising hand cream, easily absorbed, leaves no oily or sticky residue. Deeply hydrates the skin while infusing it with a soft orange blossom scent.\" \/>\n<meta name=\"robots\" content=\"index, follow, max-snippet:-1, max-image-preview:large, max-video-preview:-1\" \/>\n<link rel=\"canonical\" href=\"https:\/\/greenspells.com\/lt\/produktas\/manucurist-hand-cream-fleur-dorange\/\" \/>\n<meta property=\"og:locale\" content=\"lt_LT\" \/>\n<meta property=\"og:type\" content=\"article\" \/>\n<meta property=\"og:title\" content=\"MANUCURIST  Hand cream 60ml Fleur d&#039;Orange - Greenspells\" \/>\n<meta property=\"og:description\" content=\"Moisturising hand cream, easily absorbed, leaves no oily or sticky residue. Deeply hydrates the skin while infusing it with a soft orange blossom scent.\" \/>\n<meta property=\"og:url\" content=\"https:\/\/greenspells.com\/lt\/produktas\/manucurist-hand-cream-fleur-dorange\/\" \/>\n<meta property=\"og:site_name\" content=\"Greenspells\" \/>\n<meta property=\"article:publisher\" content=\"https:\/\/www.facebook.com\/Greenspells\" \/>\n<meta property=\"article:modified_time\" content=\"2025-12-05T10:33:53+00:00\" \/>\n<meta property=\"og:image\" content=\"https:\/\/greenspells.com\/wp-content\/uploads\/2025\/06\/Ranku-kremas-Orange.jpg\" \/>\n\t<meta property=\"og:image:width\" content=\"1200\" \/>\n\t<meta property=\"og:image:height\" content=\"1200\" \/>\n\t<meta property=\"og:image:type\" content=\"image\/jpeg\" \/>\n<meta name=\"twitter:card\" content=\"summary_large_image\" \/>\n<meta name=\"twitter:label1\" content=\"Est. reading time\" \/>\n\t<meta name=\"twitter:data1\" content=\"2 minut\u0117s\" \/>\n<script type=\"application\/ld+json\" class=\"yoast-schema-graph\">{\"@context\":\"https:\\\/\\\/schema.org\",\"@graph\":[{\"@type\":\"WebPage\",\"@id\":\"https:\\\/\\\/greenspells.com\\\/product\\\/manucurist-hand-cream-fleur-dorange\\\/\",\"url\":\"https:\\\/\\\/greenspells.com\\\/product\\\/manucurist-hand-cream-fleur-dorange\\\/\",\"name\":\"MANUCURIST Hand cream 60ml Fleur d'Orange - Greenspells\",\"isPartOf\":{\"@id\":\"https:\\\/\\\/greenspells.com\\\/#website\"},\"primaryImageOfPage\":{\"@id\":\"https:\\\/\\\/greenspells.com\\\/product\\\/manucurist-hand-cream-fleur-dorange\\\/#primaryimage\"},\"image\":{\"@id\":\"https:\\\/\\\/greenspells.com\\\/product\\\/manucurist-hand-cream-fleur-dorange\\\/#primaryimage\"},\"thumbnailUrl\":\"https:\\\/\\\/i0.wp.com\\\/greenspells.com\\\/wp-content\\\/uploads\\\/2025\\\/06\\\/Ranku-kremas-Orange.jpg?fit=1200%2C1200&ssl=1\",\"datePublished\":\"2025-06-29T08:50:40+00:00\",\"dateModified\":\"2025-12-05T10:33:53+00:00\",\"description\":\"Moisturising hand cream, easily absorbed, leaves no oily or sticky residue. Deeply hydrates the skin while infusing it with a soft orange blossom scent.\",\"breadcrumb\":{\"@id\":\"https:\\\/\\\/greenspells.com\\\/product\\\/manucurist-hand-cream-fleur-dorange\\\/#breadcrumb\"},\"inLanguage\":\"lt-LT\",\"potentialAction\":[{\"@type\":\"ReadAction\",\"target\":[\"https:\\\/\\\/greenspells.com\\\/product\\\/manucurist-hand-cream-fleur-dorange\\\/\"]}]},{\"@type\":\"ImageObject\",\"inLanguage\":\"lt-LT\",\"@id\":\"https:\\\/\\\/greenspells.com\\\/product\\\/manucurist-hand-cream-fleur-dorange\\\/#primaryimage\",\"url\":\"https:\\\/\\\/i0.wp.com\\\/greenspells.com\\\/wp-content\\\/uploads\\\/2025\\\/06\\\/Ranku-kremas-Orange.jpg?fit=1200%2C1200&ssl=1\",\"contentUrl\":\"https:\\\/\\\/i0.wp.com\\\/greenspells.com\\\/wp-content\\\/uploads\\\/2025\\\/06\\\/Ranku-kremas-Orange.jpg?fit=1200%2C1200&ssl=1\",\"width\":1200,\"height\":1200,\"caption\":\"MANUCURIST hand cream orange\"},{\"@type\":\"BreadcrumbList\",\"@id\":\"https:\\\/\\\/greenspells.com\\\/product\\\/manucurist-hand-cream-fleur-dorange\\\/#breadcrumb\",\"itemListElement\":[{\"@type\":\"ListItem\",\"position\":1,\"name\":\"Home\",\"item\":\"https:\\\/\\\/greenspells.com\\\/\"},{\"@type\":\"ListItem\",\"position\":2,\"name\":\"Shop\",\"item\":\"https:\\\/\\\/greenspells.com\\\/shop\\\/\"},{\"@type\":\"ListItem\",\"position\":3,\"name\":\"MANUCURIST Hand cream 60ml Fleur d&#8217;Orange\"}]},{\"@type\":\"WebSite\",\"@id\":\"https:\\\/\\\/greenspells.com\\\/#website\",\"url\":\"https:\\\/\\\/greenspells.com\\\/\",\"name\":\"Greenspells\",\"description\":\"Nat\u016brali ir ekologi\u0161ka kosmetika\",\"publisher\":{\"@id\":\"https:\\\/\\\/greenspells.com\\\/#organization\"},\"potentialAction\":[{\"@type\":\"SearchAction\",\"target\":{\"@type\":\"EntryPoint\",\"urlTemplate\":\"https:\\\/\\\/greenspells.com\\\/?s={search_term_string}\"},\"query-input\":{\"@type\":\"PropertyValueSpecification\",\"valueRequired\":true,\"valueName\":\"search_term_string\"}}],\"inLanguage\":\"lt-LT\"},{\"@type\":\"Organization\",\"@id\":\"https:\\\/\\\/greenspells.com\\\/#organization\",\"name\":\"Greenspells\",\"url\":\"https:\\\/\\\/greenspells.com\\\/\",\"logo\":{\"@type\":\"ImageObject\",\"inLanguage\":\"lt-LT\",\"@id\":\"https:\\\/\\\/greenspells.com\\\/#\\\/schema\\\/logo\\\/image\\\/\",\"url\":\"https:\\\/\\\/i0.wp.com\\\/greenspells.com\\\/wp-content\\\/uploads\\\/2020\\\/09\\\/20200722_153424_0000.png?fit=1500%2C1500&ssl=1\",\"contentUrl\":\"https:\\\/\\\/i0.wp.com\\\/greenspells.com\\\/wp-content\\\/uploads\\\/2020\\\/09\\\/20200722_153424_0000.png?fit=1500%2C1500&ssl=1\",\"width\":1500,\"height\":1500,\"caption\":\"Greenspells\"},\"image\":{\"@id\":\"https:\\\/\\\/greenspells.com\\\/#\\\/schema\\\/logo\\\/image\\\/\"},\"sameAs\":[\"https:\\\/\\\/www.facebook.com\\\/Greenspells\",\"https:\\\/\\\/www.instagram.com\\\/greenspells_store\\\/\"]}]}<\/script>\n<!-- \/ Yoast SEO plugin. -->","yoast_head_json":{"title":"MANUCURIST  Hand cream 60ml Fleur d'Orange - Greenspells","description":"Moisturising hand cream, easily absorbed, leaves no oily or sticky residue. Deeply hydrates the skin while infusing it with a soft orange blossom scent.","robots":{"index":"index","follow":"follow","max-snippet":"max-snippet:-1","max-image-preview":"max-image-preview:large","max-video-preview":"max-video-preview:-1"},"canonical":"https:\/\/greenspells.com\/lt\/produktas\/manucurist-hand-cream-fleur-dorange\/","og_locale":"lt_LT","og_type":"article","og_title":"MANUCURIST  Hand cream 60ml Fleur d'Orange - Greenspells","og_description":"Moisturising hand cream, easily absorbed, leaves no oily or sticky residue. Deeply hydrates the skin while infusing it with a soft orange blossom scent.","og_url":"https:\/\/greenspells.com\/lt\/produktas\/manucurist-hand-cream-fleur-dorange\/","og_site_name":"Greenspells","article_publisher":"https:\/\/www.facebook.com\/Greenspells","article_modified_time":"2025-12-05T10:33:53+00:00","og_image":[{"width":1200,"height":1200,"url":"https:\/\/greenspells.com\/wp-content\/uploads\/2025\/06\/Ranku-kremas-Orange.jpg","type":"image\/jpeg"}],"twitter_card":"summary_large_image","twitter_misc":{"Est. reading time":"2 minut\u0117s"},"schema":{"@context":"https:\/\/schema.org","@graph":[{"@type":"WebPage","@id":"https:\/\/greenspells.com\/product\/manucurist-hand-cream-fleur-dorange\/","url":"https:\/\/greenspells.com\/product\/manucurist-hand-cream-fleur-dorange\/","name":"MANUCURIST Hand cream 60ml Fleur d'Orange - Greenspells","isPartOf":{"@id":"https:\/\/greenspells.com\/#website"},"primaryImageOfPage":{"@id":"https:\/\/greenspells.com\/product\/manucurist-hand-cream-fleur-dorange\/#primaryimage"},"image":{"@id":"https:\/\/greenspells.com\/product\/manucurist-hand-cream-fleur-dorange\/#primaryimage"},"thumbnailUrl":"https:\/\/i0.wp.com\/greenspells.com\/wp-content\/uploads\/2025\/06\/Ranku-kremas-Orange.jpg?fit=1200%2C1200&ssl=1","datePublished":"2025-06-29T08:50:40+00:00","dateModified":"2025-12-05T10:33:53+00:00","description":"Moisturising hand cream, easily absorbed, leaves no oily or sticky residue. Deeply hydrates the skin while infusing it with a soft orange blossom scent.","breadcrumb":{"@id":"https:\/\/greenspells.com\/product\/manucurist-hand-cream-fleur-dorange\/#breadcrumb"},"inLanguage":"lt-LT","potentialAction":[{"@type":"ReadAction","target":["https:\/\/greenspells.com\/product\/manucurist-hand-cream-fleur-dorange\/"]}]},{"@type":"ImageObject","inLanguage":"lt-LT","@id":"https:\/\/greenspells.com\/product\/manucurist-hand-cream-fleur-dorange\/#primaryimage","url":"https:\/\/i0.wp.com\/greenspells.com\/wp-content\/uploads\/2025\/06\/Ranku-kremas-Orange.jpg?fit=1200%2C1200&ssl=1","contentUrl":"https:\/\/i0.wp.com\/greenspells.com\/wp-content\/uploads\/2025\/06\/Ranku-kremas-Orange.jpg?fit=1200%2C1200&ssl=1","width":1200,"height":1200,"caption":"MANUCURIST hand cream orange"},{"@type":"BreadcrumbList","@id":"https:\/\/greenspells.com\/product\/manucurist-hand-cream-fleur-dorange\/#breadcrumb","itemListElement":[{"@type":"ListItem","position":1,"name":"Home","item":"https:\/\/greenspells.com\/"},{"@type":"ListItem","position":2,"name":"Shop","item":"https:\/\/greenspells.com\/shop\/"},{"@type":"ListItem","position":3,"name":"MANUCURIST Hand cream 60ml Fleur d&#8217;Orange"}]},{"@type":"WebSite","@id":"https:\/\/greenspells.com\/#website","url":"https:\/\/greenspells.com\/","name":"Greenspells","description":"Nat\u016brali ir ekologi\u0161ka kosmetika","publisher":{"@id":"https:\/\/greenspells.com\/#organization"},"potentialAction":[{"@type":"SearchAction","target":{"@type":"EntryPoint","urlTemplate":"https:\/\/greenspells.com\/?s={search_term_string}"},"query-input":{"@type":"PropertyValueSpecification","valueRequired":true,"valueName":"search_term_string"}}],"inLanguage":"lt-LT"},{"@type":"Organization","@id":"https:\/\/greenspells.com\/#organization","name":"Greenspells","url":"https:\/\/greenspells.com\/","logo":{"@type":"ImageObject","inLanguage":"lt-LT","@id":"https:\/\/greenspells.com\/#\/schema\/logo\/image\/","url":"https:\/\/i0.wp.com\/greenspells.com\/wp-content\/uploads\/2020\/09\/20200722_153424_0000.png?fit=1500%2C1500&ssl=1","contentUrl":"https:\/\/i0.wp.com\/greenspells.com\/wp-content\/uploads\/2020\/09\/20200722_153424_0000.png?fit=1500%2C1500&ssl=1","width":1500,"height":1500,"caption":"Greenspells"},"image":{"@id":"https:\/\/greenspells.com\/#\/schema\/logo\/image\/"},"sameAs":["https:\/\/www.facebook.com\/Greenspells","https:\/\/www.instagram.com\/greenspells_store\/"]}]}},"jetpack_likes_enabled":true,"jetpack_sharing_enabled":true,"_links":{"self":[{"href":"https:\/\/greenspells.com\/lt\/wp-json\/wp\/v2\/product\/1674899","targetHints":{"allow":["GET"]}}],"collection":[{"href":"https:\/\/greenspells.com\/lt\/wp-json\/wp\/v2\/product"}],"about":[{"href":"https:\/\/greenspells.com\/lt\/wp-json\/wp\/v2\/types\/product"}],"replies":[{"embeddable":true,"href":"https:\/\/greenspells.com\/lt\/wp-json\/wp\/v2\/comments?post=1674899"}],"wp:featuredmedia":[{"embeddable":true,"href":"https:\/\/greenspells.com\/lt\/wp-json\/wp\/v2\/media\/1674909"}],"wp:attachment":[{"href":"https:\/\/greenspells.com\/lt\/wp-json\/wp\/v2\/media?parent=1674899"}],"wp:term":[{"taxonomy":"product_brand","embeddable":true,"href":"https:\/\/greenspells.com\/lt\/wp-json\/wp\/v2\/product_brand?post=1674899"},{"taxonomy":"product_cat","embeddable":true,"href":"https:\/\/greenspells.com\/lt\/wp-json\/wp\/v2\/product_cat?post=1674899"},{"taxonomy":"product_tag","embeddable":true,"href":"https:\/\/greenspells.com\/lt\/wp-json\/wp\/v2\/product_tag?post=1674899"}],"curies":[{"name":"wp","href":"https:\/\/api.w.org\/{rel}","templated":true}]}}