{"id":1674628,"date":"2025-05-23T09:55:17","date_gmt":"2025-05-23T07:55:17","guid":{"rendered":"https:\/\/greenspells.com\/?post_type=product&#038;p=1674628"},"modified":"2026-01-17T08:57:16","modified_gmt":"2026-01-17T06:57:16","slug":"manucurist-cuticle-softener","status":"publish","type":"product","link":"https:\/\/greenspells.com\/lt\/produktas\/manucurist-cuticle-softener\/","title":{"rendered":"MANUCURIST <br> Odeli\u0173 mink\u0161tintojas"},"content":{"rendered":"<p>Odeli\u0173 mink\u0161tintojas \u0161velniai, bet efektyviai sumink\u0161tina odeles, palengvina j\u0173 prie\u017ei\u016br\u0105 bei \u0161alinim\u0105.<\/p>\n<p>Tai svarbus \u017eingsnis, atliekant maniki\u016br\u0105, padedantis i\u0161laikyti \u0161vari\u0105 ir tvarking\u0105 i\u0161vaizd\u0105.<\/p>\n<p>Gelin\u0117s tekst\u016bros odeli\u0173 mink\u0161tintojas su augalinio pagrindo glicerinu, efektyviai sumink\u0161tina odeles aplink nagus, palengvindamas negyvos odos pa\u0161alinim\u0105.<\/p>\n<p>Naudokite prie\u0161 nag\u0173 lakavim\u0105.<\/p>\n<p>97% augalinio pagrindo formul\u0117.<\/p>\n<p><em><strong>Kaip naudoti?<\/strong><\/em><\/p>\n<p>Geriausiems rezultatams pasiekti:<\/p>\n<ul>\n<li>Tepkite odeli\u0173 mink\u0161tintoj\u0105 and odos, supan\u010dios nagus, kutikuli\u0173,<\/li>\n<li>Palikite 2 minut\u0117ms, tada \u0161velniai atstumkite odeles, naudodamiesi \u012franiu odel\u0117ms atstumti.<\/li>\n<li>Pa\u0161alinkite produkto liku\u010dius prie\u0161 lakuojantis nagus, naudodamiesi MANUCURIST nuriebalintoju,.<\/li>\n<\/ul>\n<p><em><strong>Sud\u0117tis:<\/strong><\/em><\/p>\n<p>AQUA (WATER), GLYCERIN, POTASSIUM HYDROXIDE, CARBOMER<\/p>\n<p>97% bio-sourced<\/p>","protected":false},"excerpt":{"rendered":"<p>The Effective Cuticle Softener gently softens cuticles and allows for easy removal. An essential step before every manicure to achieve a clean nail plate and ensure better colour adhesion. Thanks to its gel texture enriched with plant-based glycerine, the Effective Cuticle Softener hydrates and softens the nail&#8217;s surrounding cuticles, making it easier to remove dead [&hellip;]<\/p>\n","protected":false},"featured_media":1674633,"comment_status":"open","ping_status":"closed","template":"","meta":{"content-type":"","_monsterinsights_skip_tracking":false,"_monsterinsights_sitenote_active":false,"_monsterinsights_sitenote_note":"","_monsterinsights_sitenote_category":0,"_uf_show_specific_survey":0,"_uf_disable_surveys":false},"product_brand":[1907],"product_cat":[1905,1887,15],"product_tag":[1965,1964,1885,1966,1912,1913,1961,1937,1962,1967],"class_list":{"0":"post-1674628","1":"product","2":"type-product","3":"status-publish","4":"has-post-thumbnail","6":"product_brand-manucurist","7":"product_cat-nail-care","8":"product_cat-greenspells-nails","9":"product_cat-all-products","10":"product_tag-cuticle-care","11":"product_tag-cuticle-softener","12":"product_tag-manikiuras","13":"product_tag-manikiuras-namuose","14":"product_tag-manucurist","15":"product_tag-nagu-prieziura","16":"product_tag-nagu-odeles","17":"product_tag-nail-care","18":"product_tag-odeliu-aliejus","19":"product_tag-odeliu-minkstiklis","21":"first","22":"instock","23":"taxable","24":"shipping-taxable","25":"purchasable","26":"product-type-simple"},"bundled_by":[],"bundle_stock_status":"instock","bundle_stock_quantity":null,"bundle_virtual":false,"bundle_layout":"","bundle_add_to_cart_form_location":"","bundle_editable_in_cart":false,"bundle_sold_individually_context":"","bundle_item_grouping":"","bundle_min_size":"","bundle_max_size":"","bundle_price":[],"bundled_items":[],"bundle_sell_ids":[],"group_of_quantity":0,"min_quantity":0,"max_quantity":"","exclude_order_quantity_value_rules":"no","exclude_category_quantity_rules":"no","combine_variations":"no","exclude_global_add_ons":[],"addons":[],"yoast_head":"<!-- This site is optimized with the Yoast SEO plugin v27.4 - https:\/\/yoast.com\/product\/yoast-seo-wordpress\/ -->\n<title>MANUCURIST  Cuticle Softener - Greenspells<\/title>\n<meta name=\"description\" content=\"Gently push back softened cuticles using a Cuticle Pusher for clean cuticles \u2014an essential step before applying nail polish for a flawless manicure.\" \/>\n<meta name=\"robots\" content=\"index, follow, max-snippet:-1, max-image-preview:large, max-video-preview:-1\" \/>\n<link rel=\"canonical\" href=\"https:\/\/greenspells.com\/lt\/produktas\/manucurist-cuticle-softener\/\" \/>\n<meta property=\"og:locale\" content=\"lt_LT\" \/>\n<meta property=\"og:type\" content=\"article\" \/>\n<meta property=\"og:title\" content=\"MANUCURIST  Cuticle Softener - Greenspells\" \/>\n<meta property=\"og:description\" content=\"Gently push back softened cuticles using a Cuticle Pusher for clean cuticles \u2014an essential step before applying nail polish for a flawless manicure.\" \/>\n<meta property=\"og:url\" content=\"https:\/\/greenspells.com\/lt\/produktas\/manucurist-cuticle-softener\/\" \/>\n<meta property=\"og:site_name\" content=\"Greenspells\" \/>\n<meta property=\"article:publisher\" content=\"https:\/\/www.facebook.com\/Greenspells\" \/>\n<meta property=\"article:modified_time\" content=\"2026-01-17T06:57:16+00:00\" \/>\n<meta property=\"og:image\" content=\"https:\/\/greenspells.com\/wp-content\/uploads\/2025\/05\/emollient_efficace.webp\" \/>\n\t<meta property=\"og:image:width\" content=\"1100\" \/>\n\t<meta property=\"og:image:height\" content=\"1100\" \/>\n\t<meta property=\"og:image:type\" content=\"image\/webp\" \/>\n<meta name=\"twitter:card\" content=\"summary_large_image\" \/>\n<meta name=\"twitter:label1\" content=\"Est. reading time\" \/>\n\t<meta name=\"twitter:data1\" content=\"1 minut\u0117\" \/>\n<script type=\"application\/ld+json\" class=\"yoast-schema-graph\">{\"@context\":\"https:\\\/\\\/schema.org\",\"@graph\":[{\"@type\":\"WebPage\",\"@id\":\"https:\\\/\\\/greenspells.com\\\/product\\\/manucurist-cuticle-softener\\\/\",\"url\":\"https:\\\/\\\/greenspells.com\\\/product\\\/manucurist-cuticle-softener\\\/\",\"name\":\"MANUCURIST Cuticle Softener - Greenspells\",\"isPartOf\":{\"@id\":\"https:\\\/\\\/greenspells.com\\\/#website\"},\"primaryImageOfPage\":{\"@id\":\"https:\\\/\\\/greenspells.com\\\/product\\\/manucurist-cuticle-softener\\\/#primaryimage\"},\"image\":{\"@id\":\"https:\\\/\\\/greenspells.com\\\/product\\\/manucurist-cuticle-softener\\\/#primaryimage\"},\"thumbnailUrl\":\"https:\\\/\\\/i0.wp.com\\\/greenspells.com\\\/wp-content\\\/uploads\\\/2025\\\/05\\\/emollient_efficace.webp?fit=1100%2C1100&ssl=1\",\"datePublished\":\"2025-05-23T07:55:17+00:00\",\"dateModified\":\"2026-01-17T06:57:16+00:00\",\"description\":\"Gently push back softened cuticles using a Cuticle Pusher for clean cuticles \u2014an essential step before applying nail polish for a flawless manicure.\",\"breadcrumb\":{\"@id\":\"https:\\\/\\\/greenspells.com\\\/product\\\/manucurist-cuticle-softener\\\/#breadcrumb\"},\"inLanguage\":\"lt-LT\",\"potentialAction\":[{\"@type\":\"ReadAction\",\"target\":[\"https:\\\/\\\/greenspells.com\\\/product\\\/manucurist-cuticle-softener\\\/\"]}]},{\"@type\":\"ImageObject\",\"inLanguage\":\"lt-LT\",\"@id\":\"https:\\\/\\\/greenspells.com\\\/product\\\/manucurist-cuticle-softener\\\/#primaryimage\",\"url\":\"https:\\\/\\\/i0.wp.com\\\/greenspells.com\\\/wp-content\\\/uploads\\\/2025\\\/05\\\/emollient_efficace.webp?fit=1100%2C1100&ssl=1\",\"contentUrl\":\"https:\\\/\\\/i0.wp.com\\\/greenspells.com\\\/wp-content\\\/uploads\\\/2025\\\/05\\\/emollient_efficace.webp?fit=1100%2C1100&ssl=1\",\"width\":1100,\"height\":1100,\"caption\":\"manucurist cuticle softener\"},{\"@type\":\"BreadcrumbList\",\"@id\":\"https:\\\/\\\/greenspells.com\\\/product\\\/manucurist-cuticle-softener\\\/#breadcrumb\",\"itemListElement\":[{\"@type\":\"ListItem\",\"position\":1,\"name\":\"Home\",\"item\":\"https:\\\/\\\/greenspells.com\\\/\"},{\"@type\":\"ListItem\",\"position\":2,\"name\":\"Shop\",\"item\":\"https:\\\/\\\/greenspells.com\\\/shop\\\/\"},{\"@type\":\"ListItem\",\"position\":3,\"name\":\"MANUCURIST Cuticle Softener\"}]},{\"@type\":\"WebSite\",\"@id\":\"https:\\\/\\\/greenspells.com\\\/#website\",\"url\":\"https:\\\/\\\/greenspells.com\\\/\",\"name\":\"Greenspells\",\"description\":\"Nat\u016brali ir ekologi\u0161ka kosmetika\",\"publisher\":{\"@id\":\"https:\\\/\\\/greenspells.com\\\/#organization\"},\"potentialAction\":[{\"@type\":\"SearchAction\",\"target\":{\"@type\":\"EntryPoint\",\"urlTemplate\":\"https:\\\/\\\/greenspells.com\\\/?s={search_term_string}\"},\"query-input\":{\"@type\":\"PropertyValueSpecification\",\"valueRequired\":true,\"valueName\":\"search_term_string\"}}],\"inLanguage\":\"lt-LT\"},{\"@type\":\"Organization\",\"@id\":\"https:\\\/\\\/greenspells.com\\\/#organization\",\"name\":\"Greenspells\",\"url\":\"https:\\\/\\\/greenspells.com\\\/\",\"logo\":{\"@type\":\"ImageObject\",\"inLanguage\":\"lt-LT\",\"@id\":\"https:\\\/\\\/greenspells.com\\\/#\\\/schema\\\/logo\\\/image\\\/\",\"url\":\"https:\\\/\\\/i0.wp.com\\\/greenspells.com\\\/wp-content\\\/uploads\\\/2020\\\/09\\\/20200722_153424_0000.png?fit=1500%2C1500&ssl=1\",\"contentUrl\":\"https:\\\/\\\/i0.wp.com\\\/greenspells.com\\\/wp-content\\\/uploads\\\/2020\\\/09\\\/20200722_153424_0000.png?fit=1500%2C1500&ssl=1\",\"width\":1500,\"height\":1500,\"caption\":\"Greenspells\"},\"image\":{\"@id\":\"https:\\\/\\\/greenspells.com\\\/#\\\/schema\\\/logo\\\/image\\\/\"},\"sameAs\":[\"https:\\\/\\\/www.facebook.com\\\/Greenspells\",\"https:\\\/\\\/www.instagram.com\\\/greenspells_store\\\/\"]}]}<\/script>\n<!-- \/ Yoast SEO plugin. -->","yoast_head_json":{"title":"MANUCURIST  Cuticle Softener - Greenspells","description":"Naudokite prie\u0161 nag\u0173 lakavim\u0105.","robots":{"index":"index","follow":"follow","max-snippet":"max-snippet:-1","max-image-preview":"max-image-preview:large","max-video-preview":"max-video-preview:-1"},"canonical":"https:\/\/greenspells.com\/lt\/produktas\/manucurist-cuticle-softener\/","og_locale":"lt_LT","og_type":"article","og_title":"MANUCURIST  Cuticle Softener - Greenspells","og_description":"Gently push back softened cuticles using a Cuticle Pusher for clean cuticles \u2014an essential step before applying nail polish for a flawless manicure.","og_url":"https:\/\/greenspells.com\/lt\/produktas\/manucurist-cuticle-softener\/","og_site_name":"Greenspells","article_publisher":"https:\/\/www.facebook.com\/Greenspells","article_modified_time":"2026-01-17T06:57:16+00:00","og_image":[{"width":1100,"height":1100,"url":"https:\/\/greenspells.com\/wp-content\/uploads\/2025\/05\/emollient_efficace.webp","type":"image\/webp"}],"twitter_card":"summary_large_image","twitter_misc":{"Est. reading time":"1 minut\u0117"},"schema":{"@context":"https:\/\/schema.org","@graph":[{"@type":"WebPage","@id":"https:\/\/greenspells.com\/product\/manucurist-cuticle-softener\/","url":"https:\/\/greenspells.com\/product\/manucurist-cuticle-softener\/","name":"MANUCURIST Cuticle Softener - Greenspells","isPartOf":{"@id":"https:\/\/greenspells.com\/#website"},"primaryImageOfPage":{"@id":"https:\/\/greenspells.com\/product\/manucurist-cuticle-softener\/#primaryimage"},"image":{"@id":"https:\/\/greenspells.com\/product\/manucurist-cuticle-softener\/#primaryimage"},"thumbnailUrl":"https:\/\/i0.wp.com\/greenspells.com\/wp-content\/uploads\/2025\/05\/emollient_efficace.webp?fit=1100%2C1100&ssl=1","datePublished":"2025-05-23T07:55:17+00:00","dateModified":"2026-01-17T06:57:16+00:00","description":"Naudokite prie\u0161 nag\u0173 lakavim\u0105.","breadcrumb":{"@id":"https:\/\/greenspells.com\/product\/manucurist-cuticle-softener\/#breadcrumb"},"inLanguage":"lt-LT","potentialAction":[{"@type":"ReadAction","target":["https:\/\/greenspells.com\/product\/manucurist-cuticle-softener\/"]}]},{"@type":"ImageObject","inLanguage":"lt-LT","@id":"https:\/\/greenspells.com\/product\/manucurist-cuticle-softener\/#primaryimage","url":"https:\/\/i0.wp.com\/greenspells.com\/wp-content\/uploads\/2025\/05\/emollient_efficace.webp?fit=1100%2C1100&ssl=1","contentUrl":"https:\/\/i0.wp.com\/greenspells.com\/wp-content\/uploads\/2025\/05\/emollient_efficace.webp?fit=1100%2C1100&ssl=1","width":1100,"height":1100,"caption":"manucurist cuticle softener"},{"@type":"BreadcrumbList","@id":"https:\/\/greenspells.com\/product\/manucurist-cuticle-softener\/#breadcrumb","itemListElement":[{"@type":"ListItem","position":1,"name":"Home","item":"https:\/\/greenspells.com\/"},{"@type":"ListItem","position":2,"name":"Shop","item":"https:\/\/greenspells.com\/shop\/"},{"@type":"ListItem","position":3,"name":"MANUCURIST Cuticle Softener"}]},{"@type":"WebSite","@id":"https:\/\/greenspells.com\/#website","url":"https:\/\/greenspells.com\/","name":"Greenspells","description":"Nat\u016brali ir ekologi\u0161ka kosmetika","publisher":{"@id":"https:\/\/greenspells.com\/#organization"},"potentialAction":[{"@type":"SearchAction","target":{"@type":"EntryPoint","urlTemplate":"https:\/\/greenspells.com\/?s={search_term_string}"},"query-input":{"@type":"PropertyValueSpecification","valueRequired":true,"valueName":"search_term_string"}}],"inLanguage":"lt-LT"},{"@type":"Organization","@id":"https:\/\/greenspells.com\/#organization","name":"Greenspells","url":"https:\/\/greenspells.com\/","logo":{"@type":"ImageObject","inLanguage":"lt-LT","@id":"https:\/\/greenspells.com\/#\/schema\/logo\/image\/","url":"https:\/\/i0.wp.com\/greenspells.com\/wp-content\/uploads\/2020\/09\/20200722_153424_0000.png?fit=1500%2C1500&ssl=1","contentUrl":"https:\/\/i0.wp.com\/greenspells.com\/wp-content\/uploads\/2020\/09\/20200722_153424_0000.png?fit=1500%2C1500&ssl=1","width":1500,"height":1500,"caption":"Greenspells"},"image":{"@id":"https:\/\/greenspells.com\/#\/schema\/logo\/image\/"},"sameAs":["https:\/\/www.facebook.com\/Greenspells","https:\/\/www.instagram.com\/greenspells_store\/"]}]}},"jetpack_likes_enabled":true,"jetpack_sharing_enabled":true,"_links":{"self":[{"href":"https:\/\/greenspells.com\/lt\/wp-json\/wp\/v2\/product\/1674628","targetHints":{"allow":["GET"]}}],"collection":[{"href":"https:\/\/greenspells.com\/lt\/wp-json\/wp\/v2\/product"}],"about":[{"href":"https:\/\/greenspells.com\/lt\/wp-json\/wp\/v2\/types\/product"}],"replies":[{"embeddable":true,"href":"https:\/\/greenspells.com\/lt\/wp-json\/wp\/v2\/comments?post=1674628"}],"wp:featuredmedia":[{"embeddable":true,"href":"https:\/\/greenspells.com\/lt\/wp-json\/wp\/v2\/media\/1674633"}],"wp:attachment":[{"href":"https:\/\/greenspells.com\/lt\/wp-json\/wp\/v2\/media?parent=1674628"}],"wp:term":[{"taxonomy":"product_brand","embeddable":true,"href":"https:\/\/greenspells.com\/lt\/wp-json\/wp\/v2\/product_brand?post=1674628"},{"taxonomy":"product_cat","embeddable":true,"href":"https:\/\/greenspells.com\/lt\/wp-json\/wp\/v2\/product_cat?post=1674628"},{"taxonomy":"product_tag","embeddable":true,"href":"https:\/\/greenspells.com\/lt\/wp-json\/wp\/v2\/product_tag?post=1674628"}],"curies":[{"name":"wp","href":"https:\/\/api.w.org\/{rel}","templated":true}]}}