{"id":1674587,"date":"2025-05-21T11:29:32","date_gmt":"2025-05-21T09:29:32","guid":{"rendered":"https:\/\/greenspells.com\/?post_type=product&#038;p=1674587"},"modified":"2025-12-05T12:35:10","modified_gmt":"2025-12-05T10:35:10","slug":"manucurist-s-o-s-nail-mask","status":"publish","type":"product","link":"https:\/\/greenspells.com\/lt\/produktas\/manucurist-s-o-s-nail-mask\/","title":{"rendered":"MANUCURIST <br> S.O.S. Kauk\u0117 nagams"},"content":{"rendered":"<p>Tai\u00a0<strong>intensyvaus poveikio naktin\u0117 kauk\u0117,<\/strong>\u00a0sukurta taip, kad\u00a0<strong>atstatyt\u0173<\/strong>\u00a0Ir\u00a0<strong>sustiprint\u0173<\/strong>\u00a0pa\u017eeistus nagus.<\/p>\n<p>Unikalios formul\u0117s kauk\u0117 sukuria apsaugin\u0119 pl\u0117vel\u0119 ant nago pavir\u0161iaus, skatina l\u0105steli\u0173 atsinaujinim\u0105, stiprina, kol miegat!<\/p>\n<p>Po 2 savai\u010di\u0173 nagai taps pastebimai stiprseni, tvirtesni, kietesni ir nestokos dr\u0117kinimo.<\/p>\n<p><em><strong>Kaip naudoti?<\/strong><\/em><\/p>\n<p>Tepkite dosniai S.O.S. kauk\u0117s ant \u0161vari\u0173 nag\u0173, lyg lakuotum\u0117t\u0117s laku. Leiskite prad\u017ei\u016bti ore. Kai i\u0161d\u017eius, palikite nak\u010diai, kad stiprint\u0173 nagus, kol miegosit.<br \/>\nRyte kauk\u0119 nulupkite, arba tiesiog nuplaukite muiluotu vadeniu.<br \/>\nKartokite 3 kartus per savait\u0119 intensyviam nag\u0173 atstatymui.<br \/>\n<strong>Pastaba:<\/strong> Kadangi kauk\u0117 pasi\u0161alina muiluotu vandeniu, rekomenduojama j\u0105 naudoti jau kai tikrai susiruo\u0161ite miegoti ir nebeplausite rank\u0173.<\/p>\n<p><em><strong>Sud\u0117tis:<\/strong><\/em><\/p>\n<p>AQUA (WATER), ALCOHOL DENAT., POLYVINYL ALCOHOL, PANTHENOL, PARFUM (FRAGRANCE), ALCOHOL, TRIS(TETRAMETHYLHYDROXYPIPERIDINOL) CITRATE, CI 14700 (RED 4)<\/p>\n<p>Formula made with 80.5% plant-based ingredients.<\/p>","protected":false},"excerpt":{"rendered":"<p>The\u00a0intensive overnight mask\u00a0designed to\u00a0repair\u00a0and\u00a0strengthen\u00a0severely damaged nails. Its unique formula, highly concentrated in emollients and fortifying agents,\u00a0forms a protective film\u00a0on the nail surface,\u00a0stimulating cell repair while you sleep. After two weeks, nails are harder, fully hydrated, and visibly stronger. How to use it? Apply a thick layer of the S.O.S Mask to clean nails, just like [&hellip;]<\/p>\n","protected":false},"featured_media":1674593,"comment_status":"open","ping_status":"closed","template":"","meta":{"content-type":"","_monsterinsights_skip_tracking":false,"_monsterinsights_sitenote_active":false,"_monsterinsights_sitenote_note":"","_monsterinsights_sitenote_category":0,"_uf_show_specific_survey":0,"_uf_disable_surveys":false},"product_brand":[1907],"product_cat":[1905,1887,15],"product_tag":[1953,1948,1912,1913,1949,1947,1917,1954,1950,1952,1951],"class_list":{"0":"post-1674587","1":"product","2":"type-product","3":"status-publish","4":"has-post-thumbnail","6":"product_brand-manucurist","7":"product_cat-nail-care","8":"product_cat-greenspells-nails","9":"product_cat-all-products","10":"product_tag-grazus-nagai","11":"product_tag-kauke-nagams","12":"product_tag-manucurist","13":"product_tag-nagu-prieziura","14":"product_tag-nagu-kauke","15":"product_tag-nail-mask","16":"product_tag-naturali-nagu-prieziura","17":"product_tag-naturalus-nagai","18":"product_tag-stipriems-nagams","19":"product_tag-stiprus-nagai","20":"product_tag-sveiki-nagai","22":"first","23":"instock","24":"taxable","25":"shipping-taxable","26":"purchasable","27":"product-type-simple"},"bundled_by":[],"bundle_stock_status":"instock","bundle_stock_quantity":null,"bundle_virtual":false,"bundle_layout":"","bundle_add_to_cart_form_location":"","bundle_editable_in_cart":false,"bundle_sold_individually_context":"","bundle_item_grouping":"","bundle_min_size":"","bundle_max_size":"","bundle_price":[],"bundled_items":[],"bundle_sell_ids":[],"group_of_quantity":0,"min_quantity":0,"max_quantity":"","exclude_order_quantity_value_rules":"no","exclude_category_quantity_rules":"no","combine_variations":"no","exclude_global_add_ons":[],"addons":[],"yoast_head":"<!-- This site is optimized with the Yoast SEO plugin v27.4 - https:\/\/yoast.com\/product\/yoast-seo-wordpress\/ -->\n<title>MANUCURIST  S.O.S. Nail mask - Greenspells<\/title>\n<meta name=\"description\" content=\"The\u00a0intensive overnight mask\u00a0designed to\u00a0repair\u00a0and\u00a0strengthen\u00a0damaged nails. After two weeks, nails are harder, fully hydrated, and visibly stronger!\" \/>\n<meta name=\"robots\" content=\"index, follow, max-snippet:-1, max-image-preview:large, max-video-preview:-1\" \/>\n<link rel=\"canonical\" href=\"https:\/\/greenspells.com\/lt\/produktas\/manucurist-s-o-s-nail-mask\/\" \/>\n<meta property=\"og:locale\" content=\"lt_LT\" \/>\n<meta property=\"og:type\" content=\"article\" \/>\n<meta property=\"og:title\" content=\"MANUCURIST  S.O.S. Nail mask - Greenspells\" \/>\n<meta property=\"og:description\" content=\"The\u00a0intensive overnight mask\u00a0designed to\u00a0repair\u00a0and\u00a0strengthen\u00a0damaged nails. After two weeks, nails are harder, fully hydrated, and visibly stronger!\" \/>\n<meta property=\"og:url\" content=\"https:\/\/greenspells.com\/lt\/produktas\/manucurist-s-o-s-nail-mask\/\" \/>\n<meta property=\"og:site_name\" content=\"Greenspells\" \/>\n<meta property=\"article:publisher\" content=\"https:\/\/www.facebook.com\/Greenspells\" \/>\n<meta property=\"article:modified_time\" content=\"2025-12-05T10:35:10+00:00\" \/>\n<meta property=\"og:image\" content=\"https:\/\/greenspells.com\/wp-content\/uploads\/2025\/05\/MASQUE-SOS.webp\" \/>\n\t<meta property=\"og:image:width\" content=\"1100\" \/>\n\t<meta property=\"og:image:height\" content=\"1100\" \/>\n\t<meta property=\"og:image:type\" content=\"image\/webp\" \/>\n<meta name=\"twitter:card\" content=\"summary_large_image\" \/>\n<meta name=\"twitter:label1\" content=\"Est. reading time\" \/>\n\t<meta name=\"twitter:data1\" content=\"1 minut\u0117\" \/>\n<script type=\"application\/ld+json\" class=\"yoast-schema-graph\">{\"@context\":\"https:\\\/\\\/schema.org\",\"@graph\":[{\"@type\":\"WebPage\",\"@id\":\"https:\\\/\\\/greenspells.com\\\/product\\\/manucurist-s-o-s-nail-mask\\\/\",\"url\":\"https:\\\/\\\/greenspells.com\\\/product\\\/manucurist-s-o-s-nail-mask\\\/\",\"name\":\"MANUCURIST S.O.S. Nail mask - Greenspells\",\"isPartOf\":{\"@id\":\"https:\\\/\\\/greenspells.com\\\/#website\"},\"primaryImageOfPage\":{\"@id\":\"https:\\\/\\\/greenspells.com\\\/product\\\/manucurist-s-o-s-nail-mask\\\/#primaryimage\"},\"image\":{\"@id\":\"https:\\\/\\\/greenspells.com\\\/product\\\/manucurist-s-o-s-nail-mask\\\/#primaryimage\"},\"thumbnailUrl\":\"https:\\\/\\\/i0.wp.com\\\/greenspells.com\\\/wp-content\\\/uploads\\\/2025\\\/05\\\/MASQUE-SOS.webp?fit=1100%2C1100&ssl=1\",\"datePublished\":\"2025-05-21T09:29:32+00:00\",\"dateModified\":\"2025-12-05T10:35:10+00:00\",\"description\":\"The\u00a0intensive overnight mask\u00a0designed to\u00a0repair\u00a0and\u00a0strengthen\u00a0damaged nails. After two weeks, nails are harder, fully hydrated, and visibly stronger!\",\"breadcrumb\":{\"@id\":\"https:\\\/\\\/greenspells.com\\\/product\\\/manucurist-s-o-s-nail-mask\\\/#breadcrumb\"},\"inLanguage\":\"lt-LT\",\"potentialAction\":[{\"@type\":\"ReadAction\",\"target\":[\"https:\\\/\\\/greenspells.com\\\/product\\\/manucurist-s-o-s-nail-mask\\\/\"]}]},{\"@type\":\"ImageObject\",\"inLanguage\":\"lt-LT\",\"@id\":\"https:\\\/\\\/greenspells.com\\\/product\\\/manucurist-s-o-s-nail-mask\\\/#primaryimage\",\"url\":\"https:\\\/\\\/i0.wp.com\\\/greenspells.com\\\/wp-content\\\/uploads\\\/2025\\\/05\\\/MASQUE-SOS.webp?fit=1100%2C1100&ssl=1\",\"contentUrl\":\"https:\\\/\\\/i0.wp.com\\\/greenspells.com\\\/wp-content\\\/uploads\\\/2025\\\/05\\\/MASQUE-SOS.webp?fit=1100%2C1100&ssl=1\",\"width\":1100,\"height\":1100,\"caption\":\"Manucurist nail mask\"},{\"@type\":\"BreadcrumbList\",\"@id\":\"https:\\\/\\\/greenspells.com\\\/product\\\/manucurist-s-o-s-nail-mask\\\/#breadcrumb\",\"itemListElement\":[{\"@type\":\"ListItem\",\"position\":1,\"name\":\"Home\",\"item\":\"https:\\\/\\\/greenspells.com\\\/\"},{\"@type\":\"ListItem\",\"position\":2,\"name\":\"Shop\",\"item\":\"https:\\\/\\\/greenspells.com\\\/shop\\\/\"},{\"@type\":\"ListItem\",\"position\":3,\"name\":\"MANUCURIST S.O.S. Nail mask\"}]},{\"@type\":\"WebSite\",\"@id\":\"https:\\\/\\\/greenspells.com\\\/#website\",\"url\":\"https:\\\/\\\/greenspells.com\\\/\",\"name\":\"Greenspells\",\"description\":\"Nat\u016brali ir ekologi\u0161ka kosmetika\",\"publisher\":{\"@id\":\"https:\\\/\\\/greenspells.com\\\/#organization\"},\"potentialAction\":[{\"@type\":\"SearchAction\",\"target\":{\"@type\":\"EntryPoint\",\"urlTemplate\":\"https:\\\/\\\/greenspells.com\\\/?s={search_term_string}\"},\"query-input\":{\"@type\":\"PropertyValueSpecification\",\"valueRequired\":true,\"valueName\":\"search_term_string\"}}],\"inLanguage\":\"lt-LT\"},{\"@type\":\"Organization\",\"@id\":\"https:\\\/\\\/greenspells.com\\\/#organization\",\"name\":\"Greenspells\",\"url\":\"https:\\\/\\\/greenspells.com\\\/\",\"logo\":{\"@type\":\"ImageObject\",\"inLanguage\":\"lt-LT\",\"@id\":\"https:\\\/\\\/greenspells.com\\\/#\\\/schema\\\/logo\\\/image\\\/\",\"url\":\"https:\\\/\\\/i0.wp.com\\\/greenspells.com\\\/wp-content\\\/uploads\\\/2020\\\/09\\\/20200722_153424_0000.png?fit=1500%2C1500&ssl=1\",\"contentUrl\":\"https:\\\/\\\/i0.wp.com\\\/greenspells.com\\\/wp-content\\\/uploads\\\/2020\\\/09\\\/20200722_153424_0000.png?fit=1500%2C1500&ssl=1\",\"width\":1500,\"height\":1500,\"caption\":\"Greenspells\"},\"image\":{\"@id\":\"https:\\\/\\\/greenspells.com\\\/#\\\/schema\\\/logo\\\/image\\\/\"},\"sameAs\":[\"https:\\\/\\\/www.facebook.com\\\/Greenspells\",\"https:\\\/\\\/www.instagram.com\\\/greenspells_store\\\/\"]}]}<\/script>\n<!-- \/ Yoast SEO plugin. -->","yoast_head_json":{"title":"MANUCURIST  S.O.S. Nail mask - Greenspells","description":"The\u00a0intensive overnight mask\u00a0designed to\u00a0repair\u00a0and\u00a0strengthen\u00a0damaged nails. After two weeks, nails are harder, fully hydrated, and visibly stronger!","robots":{"index":"index","follow":"follow","max-snippet":"max-snippet:-1","max-image-preview":"max-image-preview:large","max-video-preview":"max-video-preview:-1"},"canonical":"https:\/\/greenspells.com\/lt\/produktas\/manucurist-s-o-s-nail-mask\/","og_locale":"lt_LT","og_type":"article","og_title":"MANUCURIST  S.O.S. Nail mask - Greenspells","og_description":"The\u00a0intensive overnight mask\u00a0designed to\u00a0repair\u00a0and\u00a0strengthen\u00a0damaged nails. After two weeks, nails are harder, fully hydrated, and visibly stronger!","og_url":"https:\/\/greenspells.com\/lt\/produktas\/manucurist-s-o-s-nail-mask\/","og_site_name":"Greenspells","article_publisher":"https:\/\/www.facebook.com\/Greenspells","article_modified_time":"2025-12-05T10:35:10+00:00","og_image":[{"width":1100,"height":1100,"url":"https:\/\/greenspells.com\/wp-content\/uploads\/2025\/05\/MASQUE-SOS.webp","type":"image\/webp"}],"twitter_card":"summary_large_image","twitter_misc":{"Est. reading time":"1 minut\u0117"},"schema":{"@context":"https:\/\/schema.org","@graph":[{"@type":"WebPage","@id":"https:\/\/greenspells.com\/product\/manucurist-s-o-s-nail-mask\/","url":"https:\/\/greenspells.com\/product\/manucurist-s-o-s-nail-mask\/","name":"MANUCURIST S.O.S. Nail mask - Greenspells","isPartOf":{"@id":"https:\/\/greenspells.com\/#website"},"primaryImageOfPage":{"@id":"https:\/\/greenspells.com\/product\/manucurist-s-o-s-nail-mask\/#primaryimage"},"image":{"@id":"https:\/\/greenspells.com\/product\/manucurist-s-o-s-nail-mask\/#primaryimage"},"thumbnailUrl":"https:\/\/i0.wp.com\/greenspells.com\/wp-content\/uploads\/2025\/05\/MASQUE-SOS.webp?fit=1100%2C1100&ssl=1","datePublished":"2025-05-21T09:29:32+00:00","dateModified":"2025-12-05T10:35:10+00:00","description":"The\u00a0intensive overnight mask\u00a0designed to\u00a0repair\u00a0and\u00a0strengthen\u00a0damaged nails. After two weeks, nails are harder, fully hydrated, and visibly stronger!","breadcrumb":{"@id":"https:\/\/greenspells.com\/product\/manucurist-s-o-s-nail-mask\/#breadcrumb"},"inLanguage":"lt-LT","potentialAction":[{"@type":"ReadAction","target":["https:\/\/greenspells.com\/product\/manucurist-s-o-s-nail-mask\/"]}]},{"@type":"ImageObject","inLanguage":"lt-LT","@id":"https:\/\/greenspells.com\/product\/manucurist-s-o-s-nail-mask\/#primaryimage","url":"https:\/\/i0.wp.com\/greenspells.com\/wp-content\/uploads\/2025\/05\/MASQUE-SOS.webp?fit=1100%2C1100&ssl=1","contentUrl":"https:\/\/i0.wp.com\/greenspells.com\/wp-content\/uploads\/2025\/05\/MASQUE-SOS.webp?fit=1100%2C1100&ssl=1","width":1100,"height":1100,"caption":"Manucurist nail mask"},{"@type":"BreadcrumbList","@id":"https:\/\/greenspells.com\/product\/manucurist-s-o-s-nail-mask\/#breadcrumb","itemListElement":[{"@type":"ListItem","position":1,"name":"Home","item":"https:\/\/greenspells.com\/"},{"@type":"ListItem","position":2,"name":"Shop","item":"https:\/\/greenspells.com\/shop\/"},{"@type":"ListItem","position":3,"name":"MANUCURIST S.O.S. Nail mask"}]},{"@type":"WebSite","@id":"https:\/\/greenspells.com\/#website","url":"https:\/\/greenspells.com\/","name":"Greenspells","description":"Nat\u016brali ir ekologi\u0161ka kosmetika","publisher":{"@id":"https:\/\/greenspells.com\/#organization"},"potentialAction":[{"@type":"SearchAction","target":{"@type":"EntryPoint","urlTemplate":"https:\/\/greenspells.com\/?s={search_term_string}"},"query-input":{"@type":"PropertyValueSpecification","valueRequired":true,"valueName":"search_term_string"}}],"inLanguage":"lt-LT"},{"@type":"Organization","@id":"https:\/\/greenspells.com\/#organization","name":"Greenspells","url":"https:\/\/greenspells.com\/","logo":{"@type":"ImageObject","inLanguage":"lt-LT","@id":"https:\/\/greenspells.com\/#\/schema\/logo\/image\/","url":"https:\/\/i0.wp.com\/greenspells.com\/wp-content\/uploads\/2020\/09\/20200722_153424_0000.png?fit=1500%2C1500&ssl=1","contentUrl":"https:\/\/i0.wp.com\/greenspells.com\/wp-content\/uploads\/2020\/09\/20200722_153424_0000.png?fit=1500%2C1500&ssl=1","width":1500,"height":1500,"caption":"Greenspells"},"image":{"@id":"https:\/\/greenspells.com\/#\/schema\/logo\/image\/"},"sameAs":["https:\/\/www.facebook.com\/Greenspells","https:\/\/www.instagram.com\/greenspells_store\/"]}]}},"jetpack_likes_enabled":true,"jetpack_sharing_enabled":true,"_links":{"self":[{"href":"https:\/\/greenspells.com\/lt\/wp-json\/wp\/v2\/product\/1674587","targetHints":{"allow":["GET"]}}],"collection":[{"href":"https:\/\/greenspells.com\/lt\/wp-json\/wp\/v2\/product"}],"about":[{"href":"https:\/\/greenspells.com\/lt\/wp-json\/wp\/v2\/types\/product"}],"replies":[{"embeddable":true,"href":"https:\/\/greenspells.com\/lt\/wp-json\/wp\/v2\/comments?post=1674587"}],"wp:featuredmedia":[{"embeddable":true,"href":"https:\/\/greenspells.com\/lt\/wp-json\/wp\/v2\/media\/1674593"}],"wp:attachment":[{"href":"https:\/\/greenspells.com\/lt\/wp-json\/wp\/v2\/media?parent=1674587"}],"wp:term":[{"taxonomy":"product_brand","embeddable":true,"href":"https:\/\/greenspells.com\/lt\/wp-json\/wp\/v2\/product_brand?post=1674587"},{"taxonomy":"product_cat","embeddable":true,"href":"https:\/\/greenspells.com\/lt\/wp-json\/wp\/v2\/product_cat?post=1674587"},{"taxonomy":"product_tag","embeddable":true,"href":"https:\/\/greenspells.com\/lt\/wp-json\/wp\/v2\/product_tag?post=1674587"}],"curies":[{"name":"wp","href":"https:\/\/api.w.org\/{rel}","templated":true}]}}